{"id":90091,"date":"2026-02-14T14:35:04","date_gmt":"2026-02-14T13:35:04","guid":{"rendered":"https:\/\/animefigurer.se\/?post_type=product&#038;p=90091"},"modified":"2026-02-14T14:35:04","modified_gmt":"2026-02-14T13:35:04","slug":"amulet-heart-figure","status":"publish","type":"product","link":"https:\/\/animefigurer.se\/en\/figurer\/shugo-chara\/amulet-heart-figure\/","title":{"rendered":"Amulet Heart (Figure)"},"content":{"rendered":"<p>is a charming collectible figure inspired by the beloved anime series <em data-start=\"125\" data-end=\"139\">Shugo Chara!<\/em> and the character <strong data-start=\"155\" data-end=\"171\">Amulet Heart<\/strong> \u2014 an expression of protective will and hope. The figure is crafted in detailed PVC with a focus on the character&#039;s iconic look and the playful, magical style the series is known for. With its <strong data-start=\"357\" data-end=\"399\">vibrant pose and careful painting<\/strong> This figure captures Amulet Heart&#039;s energy and personality in a compact form that makes it perfect to place on a shelf, desk or in a display cabinet among your other anime favorites. A great addition for fans of <em data-start=\"614\" data-end=\"628\">Shugo Chara!<\/em> and collectors who appreciate expressive and decorative figures<\/p>","protected":false},"excerpt":{"rendered":"<p>\u00e4r en charmig samlarfigur inspirerad av den \u00e4lskade anime-serien Shugo Chara! och karakt\u00e4ren Amulet Heart \u2014 ett uttryck f\u00f6r skyddande vilja och hopp. Figuren \u00e4r utformad i detaljerad PVC med fokus p\u00e5 karakt\u00e4rens ikoniska look och den lekfulla, magiska stilen som serien \u00e4r k\u00e4nd f\u00f6r. Med sin livfulla pose och omsorgsfulla m\u00e5lning f\u00e5ngar denna figur [&hellip;]<\/p>\n","protected":false},"featured_media":90092,"comment_status":"open","ping_status":"closed","template":"","meta":{"_acf_changed":false,"_monsterinsights_skip_tracking":false,"_monsterinsights_sitenote_active":false,"_monsterinsights_sitenote_note":"","_monsterinsights_sitenote_category":0},"product_brand":[6892],"product_cat":[4886],"product_tag":[26],"giftcard-category":[],"class_list":{"0":"post-90091","1":"product","2":"type-product","3":"status-publish","4":"has-post-thumbnail","6":"product_brand-kotobukiya","7":"product_cat-shugo-chara","8":"product_tag-pre-order","9":"pa_franchise-shugo-chara","10":"pa_material-pvc","11":"pa_skala-41","12":"pa_storlek-24-cm","14":"first","15":"instock","16":"taxable","17":"shipping-taxable","18":"purchasable","19":"product-type-simple"},"acf":[],"yoast_head":"<!-- This site is optimized with the Yoast SEO Premium plugin v24.6 (Yoast SEO v27.3) - https:\/\/yoast.com\/product\/yoast-seo-premium-wordpress\/ -->\n<title>Amulet Heart (Figure) | Animefigurer.se<\/title>\n<meta name=\"robots\" content=\"index, follow, max-snippet:-1, max-image-preview:large, max-video-preview:-1\" \/>\n<link rel=\"canonical\" href=\"https:\/\/animefigurer.se\/en\/figurer\/shugo-chara\/amulet-heart-figure\/\" \/>\n<meta property=\"og:locale\" content=\"en_GB\" \/>\n<meta property=\"og:type\" content=\"article\" \/>\n<meta property=\"og:title\" content=\"Amulet Heart (Figure)\" \/>\n<meta property=\"og:description\" content=\"\u00e4r en charmig samlarfigur inspirerad av den \u00e4lskade anime-serien Shugo Chara! och karakt\u00e4ren Amulet Heart \u2014 ett uttryck f\u00f6r skyddande vilja och hopp. Figuren \u00e4r utformad i detaljerad PVC med fokus p\u00e5 karakt\u00e4rens ikoniska look och den lekfulla, magiska stilen som serien \u00e4r k\u00e4nd f\u00f6r. Med sin livfulla pose och omsorgsfulla m\u00e5lning f\u00e5ngar denna figur [&hellip;]\" \/>\n<meta property=\"og:url\" content=\"https:\/\/animefigurer.se\/en\/figurer\/shugo-chara\/amulet-heart-figure\/\" \/>\n<meta property=\"og:site_name\" content=\"Animefigurer.se\" \/>\n<meta property=\"article:publisher\" content=\"https:\/\/www.facebook.com\/profile.php?id=61581826539670\" \/>\n<meta property=\"og:image\" content=\"https:\/\/animefigurer.se\/wp-content\/uploads\/2026\/02\/11339821a.webp\" \/>\n\t<meta property=\"og:image:width\" content=\"667\" \/>\n\t<meta property=\"og:image:height\" content=\"1000\" \/>\n\t<meta property=\"og:image:type\" content=\"image\/webp\" \/>\n<meta name=\"twitter:card\" content=\"summary_large_image\" \/>\n<meta name=\"twitter:label1\" content=\"Estimated reading time\" \/>\n\t<meta name=\"twitter:data1\" content=\"1 minute\" \/>\n<script type=\"application\/ld+json\" class=\"yoast-schema-graph\">{\"@context\":\"https:\\\/\\\/schema.org\",\"@graph\":[{\"@type\":\"WebPage\",\"@id\":\"https:\\\/\\\/animefigurer.se\\\/figurer\\\/shugo-chara\\\/amulet-heart-figure\\\/\",\"url\":\"https:\\\/\\\/animefigurer.se\\\/figurer\\\/shugo-chara\\\/amulet-heart-figure\\\/\",\"name\":\"Amulet Heart (Figure) | Animefigurer.se\",\"isPartOf\":{\"@id\":\"https:\\\/\\\/animefigurer.se\\\/#website\"},\"primaryImageOfPage\":{\"@id\":\"https:\\\/\\\/animefigurer.se\\\/figurer\\\/shugo-chara\\\/amulet-heart-figure\\\/#primaryimage\"},\"image\":{\"@id\":\"https:\\\/\\\/animefigurer.se\\\/figurer\\\/shugo-chara\\\/amulet-heart-figure\\\/#primaryimage\"},\"thumbnailUrl\":\"https:\\\/\\\/animefigurer.se\\\/wp-content\\\/uploads\\\/2026\\\/02\\\/11339821a.webp\",\"datePublished\":\"2026-02-14T13:35:04+00:00\",\"breadcrumb\":{\"@id\":\"https:\\\/\\\/animefigurer.se\\\/figurer\\\/shugo-chara\\\/amulet-heart-figure\\\/#breadcrumb\"},\"inLanguage\":\"en-GB\",\"potentialAction\":[{\"@type\":\"ReadAction\",\"target\":[\"https:\\\/\\\/animefigurer.se\\\/figurer\\\/shugo-chara\\\/amulet-heart-figure\\\/\"]}]},{\"@type\":\"ImageObject\",\"inLanguage\":\"en-GB\",\"@id\":\"https:\\\/\\\/animefigurer.se\\\/figurer\\\/shugo-chara\\\/amulet-heart-figure\\\/#primaryimage\",\"url\":\"https:\\\/\\\/animefigurer.se\\\/wp-content\\\/uploads\\\/2026\\\/02\\\/11339821a.webp\",\"contentUrl\":\"https:\\\/\\\/animefigurer.se\\\/wp-content\\\/uploads\\\/2026\\\/02\\\/11339821a.webp\",\"width\":667,\"height\":1000,\"caption\":\"Amulet Heart (Figure)\"},{\"@type\":\"BreadcrumbList\",\"@id\":\"https:\\\/\\\/animefigurer.se\\\/figurer\\\/shugo-chara\\\/amulet-heart-figure\\\/#breadcrumb\",\"itemListElement\":[{\"@type\":\"ListItem\",\"position\":1,\"name\":\"Home\",\"item\":\"https:\\\/\\\/animefigurer.se\\\/\"},{\"@type\":\"ListItem\",\"position\":2,\"name\":\"Butik\",\"item\":\"https:\\\/\\\/animefigurer.se\\\/figurer\\\/\"},{\"@type\":\"ListItem\",\"position\":3,\"name\":\"Amulet Heart (Figure)\"}]},{\"@type\":\"WebSite\",\"@id\":\"https:\\\/\\\/animefigurer.se\\\/#website\",\"url\":\"https:\\\/\\\/animefigurer.se\\\/\",\"name\":\"Animefigurer.se\",\"description\":\"Anime figurer fr\u00e5n \u00f6ver 300 olika anime serier med \u00f6ver 9000 produkter | Anime Shop\",\"publisher\":{\"@id\":\"https:\\\/\\\/animefigurer.se\\\/#organization\"},\"potentialAction\":[{\"@type\":\"SearchAction\",\"target\":{\"@type\":\"EntryPoint\",\"urlTemplate\":\"https:\\\/\\\/animefigurer.se\\\/?s={search_term_string}\"},\"query-input\":{\"@type\":\"PropertyValueSpecification\",\"valueRequired\":true,\"valueName\":\"search_term_string\"}}],\"inLanguage\":\"en-GB\"},{\"@type\":\"Organization\",\"@id\":\"https:\\\/\\\/animefigurer.se\\\/#organization\",\"name\":\"Animefigurer.se\",\"alternateName\":\"Anime figurer | Anime shop\",\"url\":\"https:\\\/\\\/animefigurer.se\\\/\",\"logo\":{\"@type\":\"ImageObject\",\"inLanguage\":\"en-GB\",\"@id\":\"https:\\\/\\\/animefigurer.se\\\/#\\\/schema\\\/logo\\\/image\\\/\",\"url\":\"https:\\\/\\\/animefigurer.se\\\/wp-content\\\/uploads\\\/2025\\\/12\\\/Animefigurer_logowhite.png\",\"contentUrl\":\"https:\\\/\\\/animefigurer.se\\\/wp-content\\\/uploads\\\/2025\\\/12\\\/Animefigurer_logowhite.png\",\"width\":1890,\"height\":1417,\"caption\":\"Animefigurer.se\"},\"image\":{\"@id\":\"https:\\\/\\\/animefigurer.se\\\/#\\\/schema\\\/logo\\\/image\\\/\"},\"sameAs\":[\"https:\\\/\\\/www.facebook.com\\\/profile.php?id=61581826539670\",\"https:\\\/\\\/www.instagram.com\\\/animefigurer.se\\\/\"],\"email\":\"info@animefigurer.se\"}]}<\/script>\n<!-- \/ Yoast SEO Premium plugin. -->","yoast_head_json":{"title":"Amulet Heart (Figure) | Animefigurer.se","robots":{"index":"index","follow":"follow","max-snippet":"max-snippet:-1","max-image-preview":"max-image-preview:large","max-video-preview":"max-video-preview:-1"},"canonical":"https:\/\/animefigurer.se\/en\/figurer\/shugo-chara\/amulet-heart-figure\/","og_locale":"en_GB","og_type":"article","og_title":"Amulet Heart (Figure)","og_description":"\u00e4r en charmig samlarfigur inspirerad av den \u00e4lskade anime-serien Shugo Chara! och karakt\u00e4ren Amulet Heart \u2014 ett uttryck f\u00f6r skyddande vilja och hopp. Figuren \u00e4r utformad i detaljerad PVC med fokus p\u00e5 karakt\u00e4rens ikoniska look och den lekfulla, magiska stilen som serien \u00e4r k\u00e4nd f\u00f6r. Med sin livfulla pose och omsorgsfulla m\u00e5lning f\u00e5ngar denna figur [&hellip;]","og_url":"https:\/\/animefigurer.se\/en\/figurer\/shugo-chara\/amulet-heart-figure\/","og_site_name":"Animefigurer.se","article_publisher":"https:\/\/www.facebook.com\/profile.php?id=61581826539670","og_image":[{"width":667,"height":1000,"url":"https:\/\/animefigurer.se\/wp-content\/uploads\/2026\/02\/11339821a.webp","type":"image\/webp"}],"twitter_card":"summary_large_image","twitter_misc":{"Estimated reading time":"1 minute"},"schema":{"@context":"https:\/\/schema.org","@graph":[{"@type":"WebPage","@id":"https:\/\/animefigurer.se\/figurer\/shugo-chara\/amulet-heart-figure\/","url":"https:\/\/animefigurer.se\/figurer\/shugo-chara\/amulet-heart-figure\/","name":"Amulet Heart (Figure) | Animefigurer.se","isPartOf":{"@id":"https:\/\/animefigurer.se\/#website"},"primaryImageOfPage":{"@id":"https:\/\/animefigurer.se\/figurer\/shugo-chara\/amulet-heart-figure\/#primaryimage"},"image":{"@id":"https:\/\/animefigurer.se\/figurer\/shugo-chara\/amulet-heart-figure\/#primaryimage"},"thumbnailUrl":"https:\/\/animefigurer.se\/wp-content\/uploads\/2026\/02\/11339821a.webp","datePublished":"2026-02-14T13:35:04+00:00","breadcrumb":{"@id":"https:\/\/animefigurer.se\/figurer\/shugo-chara\/amulet-heart-figure\/#breadcrumb"},"inLanguage":"en-GB","potentialAction":[{"@type":"ReadAction","target":["https:\/\/animefigurer.se\/figurer\/shugo-chara\/amulet-heart-figure\/"]}]},{"@type":"ImageObject","inLanguage":"en-GB","@id":"https:\/\/animefigurer.se\/figurer\/shugo-chara\/amulet-heart-figure\/#primaryimage","url":"https:\/\/animefigurer.se\/wp-content\/uploads\/2026\/02\/11339821a.webp","contentUrl":"https:\/\/animefigurer.se\/wp-content\/uploads\/2026\/02\/11339821a.webp","width":667,"height":1000,"caption":"Amulet Heart (Figure)"},{"@type":"BreadcrumbList","@id":"https:\/\/animefigurer.se\/figurer\/shugo-chara\/amulet-heart-figure\/#breadcrumb","itemListElement":[{"@type":"ListItem","position":1,"name":"Home","item":"https:\/\/animefigurer.se\/"},{"@type":"ListItem","position":2,"name":"Butik","item":"https:\/\/animefigurer.se\/figurer\/"},{"@type":"ListItem","position":3,"name":"Amulet Heart (Figure)"}]},{"@type":"WebSite","@id":"https:\/\/animefigurer.se\/#website","url":"https:\/\/animefigurer.se\/","name":"Animefigurer.se","description":"Anime figures from over 300 different anime series with over 9000 products | Anime Shop","publisher":{"@id":"https:\/\/animefigurer.se\/#organization"},"potentialAction":[{"@type":"SearchAction","target":{"@type":"EntryPoint","urlTemplate":"https:\/\/animefigurer.se\/?s={search_term_string}"},"query-input":{"@type":"PropertyValueSpecification","valueRequired":true,"valueName":"search_term_string"}}],"inLanguage":"en-GB"},{"@type":"Organization","@id":"https:\/\/animefigurer.se\/#organization","name":"Animefigurer.se","alternateName":"Anime figurer | Anime shop","url":"https:\/\/animefigurer.se\/","logo":{"@type":"ImageObject","inLanguage":"en-GB","@id":"https:\/\/animefigurer.se\/#\/schema\/logo\/image\/","url":"https:\/\/animefigurer.se\/wp-content\/uploads\/2025\/12\/Animefigurer_logowhite.png","contentUrl":"https:\/\/animefigurer.se\/wp-content\/uploads\/2025\/12\/Animefigurer_logowhite.png","width":1890,"height":1417,"caption":"Animefigurer.se"},"image":{"@id":"https:\/\/animefigurer.se\/#\/schema\/logo\/image\/"},"sameAs":["https:\/\/www.facebook.com\/profile.php?id=61581826539670","https:\/\/www.instagram.com\/animefigurer.se\/"],"email":"info@animefigurer.se"}]}},"_links":{"self":[{"href":"https:\/\/animefigurer.se\/en\/wp-json\/wp\/v2\/product\/90091","targetHints":{"allow":["GET"]}}],"collection":[{"href":"https:\/\/animefigurer.se\/en\/wp-json\/wp\/v2\/product"}],"about":[{"href":"https:\/\/animefigurer.se\/en\/wp-json\/wp\/v2\/types\/product"}],"replies":[{"embeddable":true,"href":"https:\/\/animefigurer.se\/en\/wp-json\/wp\/v2\/comments?post=90091"}],"wp:featuredmedia":[{"embeddable":true,"href":"https:\/\/animefigurer.se\/en\/wp-json\/wp\/v2\/media\/90092"}],"wp:attachment":[{"href":"https:\/\/animefigurer.se\/en\/wp-json\/wp\/v2\/media?parent=90091"}],"wp:term":[{"taxonomy":"product_brand","embeddable":true,"href":"https:\/\/animefigurer.se\/en\/wp-json\/wp\/v2\/product_brand?post=90091"},{"taxonomy":"product_cat","embeddable":true,"href":"https:\/\/animefigurer.se\/en\/wp-json\/wp\/v2\/product_cat?post=90091"},{"taxonomy":"product_tag","embeddable":true,"href":"https:\/\/animefigurer.se\/en\/wp-json\/wp\/v2\/product_tag?post=90091"},{"taxonomy":"giftcard-category","embeddable":true,"href":"https:\/\/animefigurer.se\/en\/wp-json\/wp\/v2\/giftcard-category?post=90091"}],"curies":[{"name":"wp","href":"https:\/\/api.w.org\/{rel}","templated":true}]}}