{"id":89765,"date":"2026-02-12T16:21:36","date_gmt":"2026-02-12T15:21:36","guid":{"rendered":"https:\/\/animefigurer.se\/?post_type=product&#038;p=89765"},"modified":"2026-04-16T10:03:31","modified_gmt":"2026-04-16T08:03:31","slug":"lookup-naruto-shippuden-sasuke-uchiha-complete-figure","status":"publish","type":"product","link":"https:\/\/animefigurer.se\/en\/figurer\/naruto\/lookup-naruto-shippuden-sasuke-uchiha-complete-figure\/","title":{"rendered":"LookUp NARUTO Shippuden Sasuke Uchiha Complete Figure"},"content":{"rendered":"<p data-start=\"399\" data-end=\"718\">Add an icon from <em data-start=\"422\" data-end=\"440\">NARUTO Shippuden<\/em> in your collection with <strong data-start=\"459\" data-end=\"511\">LookUp Sasuke Uchiha Complete Figure (Pre-order)<\/strong> from <strong data-start=\"517\" data-end=\"530\">MegaHouse<\/strong>. This LookUp figure captures Sasuke in a cute, compact sitting pose with the characteristic \u201cLookUp\u201d style that makes it extra charming to place on a shelf, desk or in a display cabinet.<\/p>\n<p data-start=\"720\" data-end=\"924\">Perfect for fans who want to build a stylish <em data-start=\"763\" data-end=\"771\">Naruto<\/em>display or complete your collection with Sasuke in a more collector-friendly and decorative figure form.<\/p>","protected":false},"excerpt":{"rendered":"<p>L\u00e4gg till en ikon fr\u00e5n NARUTO Shippuden i din samling med LookUp Sasuke Uchiha Complete Figure (Pre-order) fr\u00e5n MegaHouse. Denna LookUp-figur f\u00e5ngar Sasuke i en s\u00f6t, kompakt sittande pose med den karakt\u00e4ristiska \u201cLookUp\u201d-stilen som g\u00f6r den extra charmig att st\u00e4lla p\u00e5 hyllan, skrivbordet eller i vitrinsk\u00e5pet. Perfekt f\u00f6r fans som vill bygga en stilren Naruto-display [&hellip;]<\/p>\n","protected":false},"featured_media":97340,"comment_status":"open","ping_status":"closed","template":"","meta":{"_acf_changed":false,"_monsterinsights_skip_tracking":false,"_monsterinsights_sitenote_active":false,"_monsterinsights_sitenote_note":"","_monsterinsights_sitenote_category":0},"product_brand":[7061],"product_cat":[17],"product_tag":[26],"giftcard-category":[],"class_list":{"0":"post-89765","1":"product","2":"type-product","3":"status-publish","4":"has-post-thumbnail","6":"product_brand-megahouse","7":"product_cat-naruto","8":"product_tag-pre-order","9":"pa_franchise-naruto-shippuden","10":"pa_karaktar-sasuke-uchiha","11":"pa_produktserie-look-up-series","12":"pa_storlek-11-cm","14":"first","15":"instock","16":"taxable","17":"shipping-taxable","18":"purchasable","19":"product-type-simple"},"acf":[],"yoast_head":"<!-- This site is optimized with the Yoast SEO Premium plugin v24.6 (Yoast SEO v27.4) - https:\/\/yoast.com\/product\/yoast-seo-premium-wordpress\/ -->\n<title>LookUp NARUTO Shippuden Sasuke Uchiha Complete Figure | Animefigurer.se<\/title>\n<meta name=\"robots\" content=\"index, follow, max-snippet:-1, max-image-preview:large, max-video-preview:-1\" \/>\n<link rel=\"canonical\" href=\"https:\/\/animefigurer.se\/en\/figurer\/naruto\/lookup-naruto-shippuden-sasuke-uchiha-complete-figure\/\" \/>\n<meta property=\"og:locale\" content=\"en_GB\" \/>\n<meta property=\"og:type\" content=\"article\" \/>\n<meta property=\"og:title\" content=\"LookUp NARUTO Shippuden Sasuke Uchiha Complete Figure\" \/>\n<meta property=\"og:description\" content=\"L\u00e4gg till en ikon fr\u00e5n NARUTO Shippuden i din samling med LookUp Sasuke Uchiha Complete Figure (Pre-order) fr\u00e5n MegaHouse. Denna LookUp-figur f\u00e5ngar Sasuke i en s\u00f6t, kompakt sittande pose med den karakt\u00e4ristiska \u201cLookUp\u201d-stilen som g\u00f6r den extra charmig att st\u00e4lla p\u00e5 hyllan, skrivbordet eller i vitrinsk\u00e5pet. Perfekt f\u00f6r fans som vill bygga en stilren Naruto-display [&hellip;]\" \/>\n<meta property=\"og:url\" content=\"https:\/\/animefigurer.se\/en\/figurer\/naruto\/lookup-naruto-shippuden-sasuke-uchiha-complete-figure\/\" \/>\n<meta property=\"og:site_name\" content=\"Animefigurer.se\" \/>\n<meta property=\"article:publisher\" content=\"https:\/\/www.facebook.com\/profile.php?id=61581826539670\" \/>\n<meta property=\"article:modified_time\" content=\"2026-04-16T08:03:31+00:00\" \/>\n<meta property=\"og:image\" content=\"https:\/\/animefigurer.se\/wp-content\/uploads\/2026\/02\/d_meho829871.jpg\" \/>\n\t<meta property=\"og:image:width\" content=\"360\" \/>\n\t<meta property=\"og:image:height\" content=\"540\" \/>\n\t<meta property=\"og:image:type\" content=\"image\/jpeg\" \/>\n<meta name=\"twitter:card\" content=\"summary_large_image\" \/>\n<meta name=\"twitter:label1\" content=\"Estimated reading time\" \/>\n\t<meta name=\"twitter:data1\" content=\"1 minute\" \/>\n<script type=\"application\/ld+json\" class=\"yoast-schema-graph\">{\"@context\":\"https:\\\/\\\/schema.org\",\"@graph\":[{\"@type\":\"WebPage\",\"@id\":\"https:\\\/\\\/animefigurer.se\\\/figurer\\\/naruto\\\/lookup-naruto-shippuden-sasuke-uchiha-complete-figure\\\/\",\"url\":\"https:\\\/\\\/animefigurer.se\\\/figurer\\\/naruto\\\/lookup-naruto-shippuden-sasuke-uchiha-complete-figure\\\/\",\"name\":\"LookUp NARUTO Shippuden Sasuke Uchiha Complete Figure | Animefigurer.se\",\"isPartOf\":{\"@id\":\"https:\\\/\\\/animefigurer.se\\\/#website\"},\"primaryImageOfPage\":{\"@id\":\"https:\\\/\\\/animefigurer.se\\\/figurer\\\/naruto\\\/lookup-naruto-shippuden-sasuke-uchiha-complete-figure\\\/#primaryimage\"},\"image\":{\"@id\":\"https:\\\/\\\/animefigurer.se\\\/figurer\\\/naruto\\\/lookup-naruto-shippuden-sasuke-uchiha-complete-figure\\\/#primaryimage\"},\"thumbnailUrl\":\"https:\\\/\\\/animefigurer.se\\\/wp-content\\\/uploads\\\/2026\\\/02\\\/d_meho829871.jpg\",\"datePublished\":\"2026-02-12T15:21:36+00:00\",\"dateModified\":\"2026-04-16T08:03:31+00:00\",\"breadcrumb\":{\"@id\":\"https:\\\/\\\/animefigurer.se\\\/figurer\\\/naruto\\\/lookup-naruto-shippuden-sasuke-uchiha-complete-figure\\\/#breadcrumb\"},\"inLanguage\":\"en-GB\",\"potentialAction\":[{\"@type\":\"ReadAction\",\"target\":[\"https:\\\/\\\/animefigurer.se\\\/figurer\\\/naruto\\\/lookup-naruto-shippuden-sasuke-uchiha-complete-figure\\\/\"]}]},{\"@type\":\"ImageObject\",\"inLanguage\":\"en-GB\",\"@id\":\"https:\\\/\\\/animefigurer.se\\\/figurer\\\/naruto\\\/lookup-naruto-shippuden-sasuke-uchiha-complete-figure\\\/#primaryimage\",\"url\":\"https:\\\/\\\/animefigurer.se\\\/wp-content\\\/uploads\\\/2026\\\/02\\\/d_meho829871.jpg\",\"contentUrl\":\"https:\\\/\\\/animefigurer.se\\\/wp-content\\\/uploads\\\/2026\\\/02\\\/d_meho829871.jpg\",\"width\":360,\"height\":540,\"caption\":\"LookUp NARUTO Shippuden Sasuke Uchiha Complete Figure\"},{\"@type\":\"BreadcrumbList\",\"@id\":\"https:\\\/\\\/animefigurer.se\\\/figurer\\\/naruto\\\/lookup-naruto-shippuden-sasuke-uchiha-complete-figure\\\/#breadcrumb\",\"itemListElement\":[{\"@type\":\"ListItem\",\"position\":1,\"name\":\"Home\",\"item\":\"https:\\\/\\\/animefigurer.se\\\/\"},{\"@type\":\"ListItem\",\"position\":2,\"name\":\"Butik\",\"item\":\"https:\\\/\\\/animefigurer.se\\\/figurer\\\/\"},{\"@type\":\"ListItem\",\"position\":3,\"name\":\"LookUp NARUTO Shippuden Sasuke Uchiha Complete Figure\"}]},{\"@type\":\"WebSite\",\"@id\":\"https:\\\/\\\/animefigurer.se\\\/#website\",\"url\":\"https:\\\/\\\/animefigurer.se\\\/\",\"name\":\"Animefigurer.se\",\"description\":\"Anime figurer fr\u00e5n \u00f6ver 300 olika anime serier med \u00f6ver 9000 produkter | Anime Shop\",\"publisher\":{\"@id\":\"https:\\\/\\\/animefigurer.se\\\/#organization\"},\"potentialAction\":[{\"@type\":\"SearchAction\",\"target\":{\"@type\":\"EntryPoint\",\"urlTemplate\":\"https:\\\/\\\/animefigurer.se\\\/?s={search_term_string}\"},\"query-input\":{\"@type\":\"PropertyValueSpecification\",\"valueRequired\":true,\"valueName\":\"search_term_string\"}}],\"inLanguage\":\"en-GB\"},{\"@type\":\"Organization\",\"@id\":\"https:\\\/\\\/animefigurer.se\\\/#organization\",\"name\":\"Animefigurer.se\",\"alternateName\":\"Anime figurer | Anime shop\",\"url\":\"https:\\\/\\\/animefigurer.se\\\/\",\"logo\":{\"@type\":\"ImageObject\",\"inLanguage\":\"en-GB\",\"@id\":\"https:\\\/\\\/animefigurer.se\\\/#\\\/schema\\\/logo\\\/image\\\/\",\"url\":\"https:\\\/\\\/animefigurer.se\\\/wp-content\\\/uploads\\\/2025\\\/12\\\/Animefigurer_logowhite.png\",\"contentUrl\":\"https:\\\/\\\/animefigurer.se\\\/wp-content\\\/uploads\\\/2025\\\/12\\\/Animefigurer_logowhite.png\",\"width\":1890,\"height\":1417,\"caption\":\"Animefigurer.se\"},\"image\":{\"@id\":\"https:\\\/\\\/animefigurer.se\\\/#\\\/schema\\\/logo\\\/image\\\/\"},\"sameAs\":[\"https:\\\/\\\/www.facebook.com\\\/profile.php?id=61581826539670\",\"https:\\\/\\\/www.instagram.com\\\/animefigurer.se\\\/\"],\"email\":\"info@animefigurer.se\"}]}<\/script>\n<!-- \/ Yoast SEO Premium plugin. -->","yoast_head_json":{"title":"LookUp NARUTO Shippuden Sasuke Uchiha Complete Figure | Animefigurer.se","robots":{"index":"index","follow":"follow","max-snippet":"max-snippet:-1","max-image-preview":"max-image-preview:large","max-video-preview":"max-video-preview:-1"},"canonical":"https:\/\/animefigurer.se\/en\/figurer\/naruto\/lookup-naruto-shippuden-sasuke-uchiha-complete-figure\/","og_locale":"en_GB","og_type":"article","og_title":"LookUp NARUTO Shippuden Sasuke Uchiha Complete Figure","og_description":"L\u00e4gg till en ikon fr\u00e5n NARUTO Shippuden i din samling med LookUp Sasuke Uchiha Complete Figure (Pre-order) fr\u00e5n MegaHouse. Denna LookUp-figur f\u00e5ngar Sasuke i en s\u00f6t, kompakt sittande pose med den karakt\u00e4ristiska \u201cLookUp\u201d-stilen som g\u00f6r den extra charmig att st\u00e4lla p\u00e5 hyllan, skrivbordet eller i vitrinsk\u00e5pet. Perfekt f\u00f6r fans som vill bygga en stilren Naruto-display [&hellip;]","og_url":"https:\/\/animefigurer.se\/en\/figurer\/naruto\/lookup-naruto-shippuden-sasuke-uchiha-complete-figure\/","og_site_name":"Animefigurer.se","article_publisher":"https:\/\/www.facebook.com\/profile.php?id=61581826539670","article_modified_time":"2026-04-16T08:03:31+00:00","og_image":[{"width":360,"height":540,"url":"https:\/\/animefigurer.se\/wp-content\/uploads\/2026\/02\/d_meho829871.jpg","type":"image\/jpeg"}],"twitter_card":"summary_large_image","twitter_misc":{"Estimated reading time":"1 minute"},"schema":{"@context":"https:\/\/schema.org","@graph":[{"@type":"WebPage","@id":"https:\/\/animefigurer.se\/figurer\/naruto\/lookup-naruto-shippuden-sasuke-uchiha-complete-figure\/","url":"https:\/\/animefigurer.se\/figurer\/naruto\/lookup-naruto-shippuden-sasuke-uchiha-complete-figure\/","name":"LookUp NARUTO Shippuden Sasuke Uchiha Complete Figure | Animefigurer.se","isPartOf":{"@id":"https:\/\/animefigurer.se\/#website"},"primaryImageOfPage":{"@id":"https:\/\/animefigurer.se\/figurer\/naruto\/lookup-naruto-shippuden-sasuke-uchiha-complete-figure\/#primaryimage"},"image":{"@id":"https:\/\/animefigurer.se\/figurer\/naruto\/lookup-naruto-shippuden-sasuke-uchiha-complete-figure\/#primaryimage"},"thumbnailUrl":"https:\/\/animefigurer.se\/wp-content\/uploads\/2026\/02\/d_meho829871.jpg","datePublished":"2026-02-12T15:21:36+00:00","dateModified":"2026-04-16T08:03:31+00:00","breadcrumb":{"@id":"https:\/\/animefigurer.se\/figurer\/naruto\/lookup-naruto-shippuden-sasuke-uchiha-complete-figure\/#breadcrumb"},"inLanguage":"en-GB","potentialAction":[{"@type":"ReadAction","target":["https:\/\/animefigurer.se\/figurer\/naruto\/lookup-naruto-shippuden-sasuke-uchiha-complete-figure\/"]}]},{"@type":"ImageObject","inLanguage":"en-GB","@id":"https:\/\/animefigurer.se\/figurer\/naruto\/lookup-naruto-shippuden-sasuke-uchiha-complete-figure\/#primaryimage","url":"https:\/\/animefigurer.se\/wp-content\/uploads\/2026\/02\/d_meho829871.jpg","contentUrl":"https:\/\/animefigurer.se\/wp-content\/uploads\/2026\/02\/d_meho829871.jpg","width":360,"height":540,"caption":"LookUp NARUTO Shippuden Sasuke Uchiha Complete Figure"},{"@type":"BreadcrumbList","@id":"https:\/\/animefigurer.se\/figurer\/naruto\/lookup-naruto-shippuden-sasuke-uchiha-complete-figure\/#breadcrumb","itemListElement":[{"@type":"ListItem","position":1,"name":"Home","item":"https:\/\/animefigurer.se\/"},{"@type":"ListItem","position":2,"name":"Butik","item":"https:\/\/animefigurer.se\/figurer\/"},{"@type":"ListItem","position":3,"name":"LookUp NARUTO Shippuden Sasuke Uchiha Complete Figure"}]},{"@type":"WebSite","@id":"https:\/\/animefigurer.se\/#website","url":"https:\/\/animefigurer.se\/","name":"Animefigurer.se","description":"Anime figures from over 300 different anime series with over 9000 products | Anime Shop","publisher":{"@id":"https:\/\/animefigurer.se\/#organization"},"potentialAction":[{"@type":"SearchAction","target":{"@type":"EntryPoint","urlTemplate":"https:\/\/animefigurer.se\/?s={search_term_string}"},"query-input":{"@type":"PropertyValueSpecification","valueRequired":true,"valueName":"search_term_string"}}],"inLanguage":"en-GB"},{"@type":"Organization","@id":"https:\/\/animefigurer.se\/#organization","name":"Animefigurer.se","alternateName":"Anime figurer | Anime shop","url":"https:\/\/animefigurer.se\/","logo":{"@type":"ImageObject","inLanguage":"en-GB","@id":"https:\/\/animefigurer.se\/#\/schema\/logo\/image\/","url":"https:\/\/animefigurer.se\/wp-content\/uploads\/2025\/12\/Animefigurer_logowhite.png","contentUrl":"https:\/\/animefigurer.se\/wp-content\/uploads\/2025\/12\/Animefigurer_logowhite.png","width":1890,"height":1417,"caption":"Animefigurer.se"},"image":{"@id":"https:\/\/animefigurer.se\/#\/schema\/logo\/image\/"},"sameAs":["https:\/\/www.facebook.com\/profile.php?id=61581826539670","https:\/\/www.instagram.com\/animefigurer.se\/"],"email":"info@animefigurer.se"}]}},"_links":{"self":[{"href":"https:\/\/animefigurer.se\/en\/wp-json\/wp\/v2\/product\/89765","targetHints":{"allow":["GET"]}}],"collection":[{"href":"https:\/\/animefigurer.se\/en\/wp-json\/wp\/v2\/product"}],"about":[{"href":"https:\/\/animefigurer.se\/en\/wp-json\/wp\/v2\/types\/product"}],"replies":[{"embeddable":true,"href":"https:\/\/animefigurer.se\/en\/wp-json\/wp\/v2\/comments?post=89765"}],"wp:featuredmedia":[{"embeddable":true,"href":"https:\/\/animefigurer.se\/en\/wp-json\/wp\/v2\/media\/97340"}],"wp:attachment":[{"href":"https:\/\/animefigurer.se\/en\/wp-json\/wp\/v2\/media?parent=89765"}],"wp:term":[{"taxonomy":"product_brand","embeddable":true,"href":"https:\/\/animefigurer.se\/en\/wp-json\/wp\/v2\/product_brand?post=89765"},{"taxonomy":"product_cat","embeddable":true,"href":"https:\/\/animefigurer.se\/en\/wp-json\/wp\/v2\/product_cat?post=89765"},{"taxonomy":"product_tag","embeddable":true,"href":"https:\/\/animefigurer.se\/en\/wp-json\/wp\/v2\/product_tag?post=89765"},{"taxonomy":"giftcard-category","embeddable":true,"href":"https:\/\/animefigurer.se\/en\/wp-json\/wp\/v2\/giftcard-category?post=89765"}],"curies":[{"name":"wp","href":"https:\/\/api.w.org\/{rel}","templated":true}]}}