{"id":89557,"date":"2026-02-07T17:45:11","date_gmt":"2026-02-07T16:45:11","guid":{"rendered":"https:\/\/animefigurer.se\/?post_type=product&#038;p=89557"},"modified":"2026-04-10T14:41:39","modified_gmt":"2026-04-10T12:41:39","slug":"hunter-x-hunter-grandista-kurapika-figure","status":"publish","type":"product","link":"https:\/\/animefigurer.se\/en\/figurer\/hunter-x-hunter\/hunter-x-hunter-grandista-kurapika-figure\/","title":{"rendered":"Hunter x Hunter Grandista Kurapika Figure"},"content":{"rendered":"<p data-start=\"51\" data-end=\"471\">Take your <em data-start=\"58\" data-end=\"75\">Hunter x Hunter<\/em>-collection to the next level with this <strong data-start=\"110\" data-end=\"141\">Grandista figure of Kurapika<\/strong> \u2013 ready for the next battle in iconic style! Kurapika stands tall <strong data-start=\"201\" data-end=\"223\">27 cm <\/strong>height and is detailed in an elegant design with its characteristic costume and the powerful chain wrapped around its hand - perfect for showcasing both strength and intensity of character in your display.<\/p>\n<p data-start=\"473\" data-end=\"752\">This <strong data-start=\"479\" data-end=\"505\">non-articulated plastic figure<\/strong> included in the popular <em data-start=\"527\" data-end=\"545\">Grandista series<\/em>, known for its large scale figures with clear presence and high level of detail \u2014 a must for fans of the series and collectors who want impressive central figures in their collection.<\/p>\n<p data-start=\"754\" data-end=\"946\">Figura looks great on the shelf, in the display cabinet or among your other anime favorites and will be an eye-catcher for everyone who loves <strong data-start=\"888\" data-end=\"907\">Hunter x Hunter<\/strong>.<\/p>","protected":false},"excerpt":{"rendered":"<p>Ta din Hunter x Hunter-samling till n\u00e4sta niv\u00e5 med denna Grandista-figur av Kurapika \u2013 redo f\u00f6r n\u00e4sta kamp i ikonisk stil! Kurapika st\u00e5r i \u00f6ver 27 cm h\u00f6jd och \u00e4r detaljerat \u00e5tergiven i ett elegant utf\u00f6rande med sin karakteristiska dr\u00e4kt och den m\u00e4ktiga kedjan lindad runt handen \u2013 perfekt f\u00f6r att visa upp b\u00e5de styrka [&hellip;]<\/p>\n","protected":false},"featured_media":89558,"comment_status":"open","ping_status":"closed","template":"","meta":{"_acf_changed":false,"_monsterinsights_skip_tracking":false,"_monsterinsights_sitenote_active":false,"_monsterinsights_sitenote_note":"","_monsterinsights_sitenote_category":0},"product_brand":[6924],"product_cat":[3081],"product_tag":[25],"giftcard-category":[],"class_list":{"0":"post-89557","1":"product","2":"type-product","3":"status-publish","4":"has-post-thumbnail","6":"product_brand-bandai","7":"product_cat-hunter-x-hunter","8":"product_tag-i-lager","9":"pa_franchise-hunter-x-hunter","10":"pa_karaktar-kurapika","11":"pa_material-plastic","12":"pa_produktserie-grandista","13":"pa_storlek-27-cm","15":"first","16":"instock","17":"sale","18":"taxable","19":"shipping-taxable","20":"purchasable","21":"product-type-simple"},"acf":[],"yoast_head":"<!-- This site is optimized with the Yoast SEO Premium plugin v24.6 (Yoast SEO v27.4) - https:\/\/yoast.com\/product\/yoast-seo-premium-wordpress\/ -->\n<title>Hunter x Hunter Grandista Kurapika Figure | Animefigurer.se<\/title>\n<meta name=\"robots\" content=\"index, follow, max-snippet:-1, max-image-preview:large, max-video-preview:-1\" \/>\n<link rel=\"canonical\" href=\"https:\/\/animefigurer.se\/en\/figurer\/hunter-x-hunter\/hunter-x-hunter-grandista-kurapika-figure\/\" \/>\n<meta property=\"og:locale\" content=\"en_GB\" \/>\n<meta property=\"og:type\" content=\"article\" \/>\n<meta property=\"og:title\" content=\"Hunter x Hunter Grandista Kurapika Figure\" \/>\n<meta property=\"og:description\" content=\"Ta din Hunter x Hunter-samling till n\u00e4sta niv\u00e5 med denna Grandista-figur av Kurapika \u2013 redo f\u00f6r n\u00e4sta kamp i ikonisk stil! Kurapika st\u00e5r i \u00f6ver 27 cm h\u00f6jd och \u00e4r detaljerat \u00e5tergiven i ett elegant utf\u00f6rande med sin karakteristiska dr\u00e4kt och den m\u00e4ktiga kedjan lindad runt handen \u2013 perfekt f\u00f6r att visa upp b\u00e5de styrka [&hellip;]\" \/>\n<meta property=\"og:url\" content=\"https:\/\/animefigurer.se\/en\/figurer\/hunter-x-hunter\/hunter-x-hunter-grandista-kurapika-figure\/\" \/>\n<meta property=\"og:site_name\" content=\"Animefigurer.se\" \/>\n<meta property=\"article:publisher\" content=\"https:\/\/www.facebook.com\/profile.php?id=61581826539670\" \/>\n<meta property=\"article:modified_time\" content=\"2026-04-10T12:41:39+00:00\" \/>\n<meta property=\"og:image\" content=\"https:\/\/animefigurer.se\/wp-content\/uploads\/2026\/02\/0b2c3963-183b-4b08-beae-40138bf2e3ce.webp\" \/>\n\t<meta property=\"og:image:width\" content=\"750\" \/>\n\t<meta property=\"og:image:height\" content=\"750\" \/>\n\t<meta property=\"og:image:type\" content=\"image\/webp\" \/>\n<meta name=\"twitter:card\" content=\"summary_large_image\" \/>\n<meta name=\"twitter:label1\" content=\"Estimated reading time\" \/>\n\t<meta name=\"twitter:data1\" content=\"1 minute\" \/>\n<script type=\"application\/ld+json\" class=\"yoast-schema-graph\">{\"@context\":\"https:\\\/\\\/schema.org\",\"@graph\":[{\"@type\":\"WebPage\",\"@id\":\"https:\\\/\\\/animefigurer.se\\\/figurer\\\/hunter-x-hunter\\\/hunter-x-hunter-grandista-kurapika-figure\\\/\",\"url\":\"https:\\\/\\\/animefigurer.se\\\/figurer\\\/hunter-x-hunter\\\/hunter-x-hunter-grandista-kurapika-figure\\\/\",\"name\":\"Hunter x Hunter Grandista Kurapika Figure | Animefigurer.se\",\"isPartOf\":{\"@id\":\"https:\\\/\\\/animefigurer.se\\\/#website\"},\"primaryImageOfPage\":{\"@id\":\"https:\\\/\\\/animefigurer.se\\\/figurer\\\/hunter-x-hunter\\\/hunter-x-hunter-grandista-kurapika-figure\\\/#primaryimage\"},\"image\":{\"@id\":\"https:\\\/\\\/animefigurer.se\\\/figurer\\\/hunter-x-hunter\\\/hunter-x-hunter-grandista-kurapika-figure\\\/#primaryimage\"},\"thumbnailUrl\":\"https:\\\/\\\/animefigurer.se\\\/wp-content\\\/uploads\\\/2026\\\/02\\\/0b2c3963-183b-4b08-beae-40138bf2e3ce.webp\",\"datePublished\":\"2026-02-07T16:45:11+00:00\",\"dateModified\":\"2026-04-10T12:41:39+00:00\",\"breadcrumb\":{\"@id\":\"https:\\\/\\\/animefigurer.se\\\/figurer\\\/hunter-x-hunter\\\/hunter-x-hunter-grandista-kurapika-figure\\\/#breadcrumb\"},\"inLanguage\":\"en-GB\",\"potentialAction\":[{\"@type\":\"ReadAction\",\"target\":[\"https:\\\/\\\/animefigurer.se\\\/figurer\\\/hunter-x-hunter\\\/hunter-x-hunter-grandista-kurapika-figure\\\/\"]}]},{\"@type\":\"ImageObject\",\"inLanguage\":\"en-GB\",\"@id\":\"https:\\\/\\\/animefigurer.se\\\/figurer\\\/hunter-x-hunter\\\/hunter-x-hunter-grandista-kurapika-figure\\\/#primaryimage\",\"url\":\"https:\\\/\\\/animefigurer.se\\\/wp-content\\\/uploads\\\/2026\\\/02\\\/0b2c3963-183b-4b08-beae-40138bf2e3ce.webp\",\"contentUrl\":\"https:\\\/\\\/animefigurer.se\\\/wp-content\\\/uploads\\\/2026\\\/02\\\/0b2c3963-183b-4b08-beae-40138bf2e3ce.webp\",\"width\":750,\"height\":750,\"caption\":\"Hunter \u00d7 Hunter Grandista \u2013 Kurapika\"},{\"@type\":\"BreadcrumbList\",\"@id\":\"https:\\\/\\\/animefigurer.se\\\/figurer\\\/hunter-x-hunter\\\/hunter-x-hunter-grandista-kurapika-figure\\\/#breadcrumb\",\"itemListElement\":[{\"@type\":\"ListItem\",\"position\":1,\"name\":\"Home\",\"item\":\"https:\\\/\\\/animefigurer.se\\\/\"},{\"@type\":\"ListItem\",\"position\":2,\"name\":\"Butik\",\"item\":\"https:\\\/\\\/animefigurer.se\\\/figurer\\\/\"},{\"@type\":\"ListItem\",\"position\":3,\"name\":\"Hunter x Hunter Grandista Kurapika Figure\"}]},{\"@type\":\"WebSite\",\"@id\":\"https:\\\/\\\/animefigurer.se\\\/#website\",\"url\":\"https:\\\/\\\/animefigurer.se\\\/\",\"name\":\"Animefigurer.se\",\"description\":\"Anime figurer fr\u00e5n \u00f6ver 300 olika anime serier med \u00f6ver 9000 produkter | Anime Shop\",\"publisher\":{\"@id\":\"https:\\\/\\\/animefigurer.se\\\/#organization\"},\"potentialAction\":[{\"@type\":\"SearchAction\",\"target\":{\"@type\":\"EntryPoint\",\"urlTemplate\":\"https:\\\/\\\/animefigurer.se\\\/?s={search_term_string}\"},\"query-input\":{\"@type\":\"PropertyValueSpecification\",\"valueRequired\":true,\"valueName\":\"search_term_string\"}}],\"inLanguage\":\"en-GB\"},{\"@type\":\"Organization\",\"@id\":\"https:\\\/\\\/animefigurer.se\\\/#organization\",\"name\":\"Animefigurer.se\",\"alternateName\":\"Anime figurer | Anime shop\",\"url\":\"https:\\\/\\\/animefigurer.se\\\/\",\"logo\":{\"@type\":\"ImageObject\",\"inLanguage\":\"en-GB\",\"@id\":\"https:\\\/\\\/animefigurer.se\\\/#\\\/schema\\\/logo\\\/image\\\/\",\"url\":\"https:\\\/\\\/animefigurer.se\\\/wp-content\\\/uploads\\\/2025\\\/12\\\/Animefigurer_logowhite.png\",\"contentUrl\":\"https:\\\/\\\/animefigurer.se\\\/wp-content\\\/uploads\\\/2025\\\/12\\\/Animefigurer_logowhite.png\",\"width\":1890,\"height\":1417,\"caption\":\"Animefigurer.se\"},\"image\":{\"@id\":\"https:\\\/\\\/animefigurer.se\\\/#\\\/schema\\\/logo\\\/image\\\/\"},\"sameAs\":[\"https:\\\/\\\/www.facebook.com\\\/profile.php?id=61581826539670\",\"https:\\\/\\\/www.instagram.com\\\/animefigurer.se\\\/\"],\"email\":\"info@animefigurer.se\"}]}<\/script>\n<!-- \/ Yoast SEO Premium plugin. -->","yoast_head_json":{"title":"Hunter x Hunter Grandista Kurapika Figure | Animefigurer.se","robots":{"index":"index","follow":"follow","max-snippet":"max-snippet:-1","max-image-preview":"max-image-preview:large","max-video-preview":"max-video-preview:-1"},"canonical":"https:\/\/animefigurer.se\/en\/figurer\/hunter-x-hunter\/hunter-x-hunter-grandista-kurapika-figure\/","og_locale":"en_GB","og_type":"article","og_title":"Hunter x Hunter Grandista Kurapika Figure","og_description":"Ta din Hunter x Hunter-samling till n\u00e4sta niv\u00e5 med denna Grandista-figur av Kurapika \u2013 redo f\u00f6r n\u00e4sta kamp i ikonisk stil! Kurapika st\u00e5r i \u00f6ver 27 cm h\u00f6jd och \u00e4r detaljerat \u00e5tergiven i ett elegant utf\u00f6rande med sin karakteristiska dr\u00e4kt och den m\u00e4ktiga kedjan lindad runt handen \u2013 perfekt f\u00f6r att visa upp b\u00e5de styrka [&hellip;]","og_url":"https:\/\/animefigurer.se\/en\/figurer\/hunter-x-hunter\/hunter-x-hunter-grandista-kurapika-figure\/","og_site_name":"Animefigurer.se","article_publisher":"https:\/\/www.facebook.com\/profile.php?id=61581826539670","article_modified_time":"2026-04-10T12:41:39+00:00","og_image":[{"width":750,"height":750,"url":"https:\/\/animefigurer.se\/wp-content\/uploads\/2026\/02\/0b2c3963-183b-4b08-beae-40138bf2e3ce.webp","type":"image\/webp"}],"twitter_card":"summary_large_image","twitter_misc":{"Estimated reading time":"1 minute"},"schema":{"@context":"https:\/\/schema.org","@graph":[{"@type":"WebPage","@id":"https:\/\/animefigurer.se\/figurer\/hunter-x-hunter\/hunter-x-hunter-grandista-kurapika-figure\/","url":"https:\/\/animefigurer.se\/figurer\/hunter-x-hunter\/hunter-x-hunter-grandista-kurapika-figure\/","name":"Hunter x Hunter Grandista Kurapika Figure | Animefigurer.se","isPartOf":{"@id":"https:\/\/animefigurer.se\/#website"},"primaryImageOfPage":{"@id":"https:\/\/animefigurer.se\/figurer\/hunter-x-hunter\/hunter-x-hunter-grandista-kurapika-figure\/#primaryimage"},"image":{"@id":"https:\/\/animefigurer.se\/figurer\/hunter-x-hunter\/hunter-x-hunter-grandista-kurapika-figure\/#primaryimage"},"thumbnailUrl":"https:\/\/animefigurer.se\/wp-content\/uploads\/2026\/02\/0b2c3963-183b-4b08-beae-40138bf2e3ce.webp","datePublished":"2026-02-07T16:45:11+00:00","dateModified":"2026-04-10T12:41:39+00:00","breadcrumb":{"@id":"https:\/\/animefigurer.se\/figurer\/hunter-x-hunter\/hunter-x-hunter-grandista-kurapika-figure\/#breadcrumb"},"inLanguage":"en-GB","potentialAction":[{"@type":"ReadAction","target":["https:\/\/animefigurer.se\/figurer\/hunter-x-hunter\/hunter-x-hunter-grandista-kurapika-figure\/"]}]},{"@type":"ImageObject","inLanguage":"en-GB","@id":"https:\/\/animefigurer.se\/figurer\/hunter-x-hunter\/hunter-x-hunter-grandista-kurapika-figure\/#primaryimage","url":"https:\/\/animefigurer.se\/wp-content\/uploads\/2026\/02\/0b2c3963-183b-4b08-beae-40138bf2e3ce.webp","contentUrl":"https:\/\/animefigurer.se\/wp-content\/uploads\/2026\/02\/0b2c3963-183b-4b08-beae-40138bf2e3ce.webp","width":750,"height":750,"caption":"Hunter \u00d7 Hunter Grandista \u2013 Kurapika"},{"@type":"BreadcrumbList","@id":"https:\/\/animefigurer.se\/figurer\/hunter-x-hunter\/hunter-x-hunter-grandista-kurapika-figure\/#breadcrumb","itemListElement":[{"@type":"ListItem","position":1,"name":"Home","item":"https:\/\/animefigurer.se\/"},{"@type":"ListItem","position":2,"name":"Butik","item":"https:\/\/animefigurer.se\/figurer\/"},{"@type":"ListItem","position":3,"name":"Hunter x Hunter Grandista Kurapika Figure"}]},{"@type":"WebSite","@id":"https:\/\/animefigurer.se\/#website","url":"https:\/\/animefigurer.se\/","name":"Animefigurer.se","description":"Anime figures from over 300 different anime series with over 9000 products | Anime Shop","publisher":{"@id":"https:\/\/animefigurer.se\/#organization"},"potentialAction":[{"@type":"SearchAction","target":{"@type":"EntryPoint","urlTemplate":"https:\/\/animefigurer.se\/?s={search_term_string}"},"query-input":{"@type":"PropertyValueSpecification","valueRequired":true,"valueName":"search_term_string"}}],"inLanguage":"en-GB"},{"@type":"Organization","@id":"https:\/\/animefigurer.se\/#organization","name":"Animefigurer.se","alternateName":"Anime figurer | Anime shop","url":"https:\/\/animefigurer.se\/","logo":{"@type":"ImageObject","inLanguage":"en-GB","@id":"https:\/\/animefigurer.se\/#\/schema\/logo\/image\/","url":"https:\/\/animefigurer.se\/wp-content\/uploads\/2025\/12\/Animefigurer_logowhite.png","contentUrl":"https:\/\/animefigurer.se\/wp-content\/uploads\/2025\/12\/Animefigurer_logowhite.png","width":1890,"height":1417,"caption":"Animefigurer.se"},"image":{"@id":"https:\/\/animefigurer.se\/#\/schema\/logo\/image\/"},"sameAs":["https:\/\/www.facebook.com\/profile.php?id=61581826539670","https:\/\/www.instagram.com\/animefigurer.se\/"],"email":"info@animefigurer.se"}]}},"_links":{"self":[{"href":"https:\/\/animefigurer.se\/en\/wp-json\/wp\/v2\/product\/89557","targetHints":{"allow":["GET"]}}],"collection":[{"href":"https:\/\/animefigurer.se\/en\/wp-json\/wp\/v2\/product"}],"about":[{"href":"https:\/\/animefigurer.se\/en\/wp-json\/wp\/v2\/types\/product"}],"replies":[{"embeddable":true,"href":"https:\/\/animefigurer.se\/en\/wp-json\/wp\/v2\/comments?post=89557"}],"wp:featuredmedia":[{"embeddable":true,"href":"https:\/\/animefigurer.se\/en\/wp-json\/wp\/v2\/media\/89558"}],"wp:attachment":[{"href":"https:\/\/animefigurer.se\/en\/wp-json\/wp\/v2\/media?parent=89557"}],"wp:term":[{"taxonomy":"product_brand","embeddable":true,"href":"https:\/\/animefigurer.se\/en\/wp-json\/wp\/v2\/product_brand?post=89557"},{"taxonomy":"product_cat","embeddable":true,"href":"https:\/\/animefigurer.se\/en\/wp-json\/wp\/v2\/product_cat?post=89557"},{"taxonomy":"product_tag","embeddable":true,"href":"https:\/\/animefigurer.se\/en\/wp-json\/wp\/v2\/product_tag?post=89557"},{"taxonomy":"giftcard-category","embeddable":true,"href":"https:\/\/animefigurer.se\/en\/wp-json\/wp\/v2\/giftcard-category?post=89557"}],"curies":[{"name":"wp","href":"https:\/\/api.w.org\/{rel}","templated":true}]}}