{"id":89505,"date":"2026-02-03T17:02:52","date_gmt":"2026-02-03T16:02:52","guid":{"rendered":"https:\/\/animefigurer.se\/?post_type=product&#038;p=89505"},"modified":"2026-02-03T17:02:52","modified_gmt":"2026-02-03T16:02:52","slug":"innocent-prayer-clarice-illustrated-by-aya-figure","status":"publish","type":"product","link":"https:\/\/animefigurer.se\/en\/figurer\/18\/innocent-prayer-clarice-illustrated-by-aya-figure\/","title":{"rendered":"Innocent Prayer \u2013 Clarice Illustrated by Aya (Figure)"},"content":{"rendered":"<p>Take your figure collection to the next level with this <strong data-start=\"82\" data-end=\"129\" data-is-only-node=\"\">1\/6 scale \u201cInnocent Prayer \u2013 Clarice\u201d figure<\/strong>, based on an original character drawn by popular illustrator Aya-sensei. The figure comes with a detailed <strong data-start=\"248\" data-end=\"272\">pedestal<\/strong> and extra <strong data-start=\"283\" data-end=\"317\">accessories in the form of book parts<\/strong>, giving you more ways to show off Clarice. With a total height of approx. <strong data-start=\"396\" data-end=\"406\">140mm<\/strong> This sculpture is both elegant and visually appealing \u2014 perfect for your shelf, desk, or in your display cabinet collection. The costume is also <strong data-start=\"550\" data-end=\"562\">removable<\/strong>, so you can vary the presentation to your liking. An obvious choice for those who appreciate original and expressive characters!<\/p>","protected":false},"excerpt":{"rendered":"<p>Ta din figuresamling till n\u00e4sta niv\u00e5 med denna 1\/6-skala \u201cInnocent Prayer \u2013 Clarice\u201d figur, baserad p\u00e5 en originalkarakt\u00e4r tecknad av den popul\u00e4ra illustrat\u00f6ren Aya-sensei. Figuren levereras med en detaljerad st\u00e4llning (pedestal) och extra accessoarer i form av bokdelar, vilket ger dig fler s\u00e4tt att visa upp Clarice p\u00e5. Med en total h\u00f6jd p\u00e5 cirka 140 [&hellip;]<\/p>\n","protected":false},"featured_media":89506,"comment_status":"open","ping_status":"closed","template":"","meta":{"_acf_changed":false,"_monsterinsights_skip_tracking":false,"_monsterinsights_sitenote_active":false,"_monsterinsights_sitenote_note":"","_monsterinsights_sitenote_category":0},"product_brand":[7113],"product_cat":[23],"product_tag":[26],"giftcard-category":[],"class_list":{"0":"post-89505","1":"product","2":"type-product","3":"status-publish","4":"has-post-thumbnail","6":"product_brand-pure","7":"product_cat-23","8":"product_tag-pre-order","9":"pa_karaktar-clarice","10":"pa_material-pvc-abs","11":"pa_skala-57","12":"pa_storlek-14-cm","14":"first","15":"instock","16":"taxable","17":"shipping-taxable","18":"purchasable","19":"product-type-simple"},"acf":[],"yoast_head":"<!-- This site is optimized with the Yoast SEO Premium plugin v24.6 (Yoast SEO v27.3) - https:\/\/yoast.com\/product\/yoast-seo-premium-wordpress\/ -->\n<title>Innocent Prayer - Clarice Illustrated by Aya (Figure) | Animefigurer.se<\/title>\n<meta name=\"robots\" content=\"index, follow, max-snippet:-1, max-image-preview:large, max-video-preview:-1\" \/>\n<link rel=\"canonical\" href=\"https:\/\/animefigurer.se\/en\/figurer\/18\/innocent-prayer-clarice-illustrated-by-aya-figure\/\" \/>\n<meta property=\"og:locale\" content=\"en_GB\" \/>\n<meta property=\"og:type\" content=\"article\" \/>\n<meta property=\"og:title\" content=\"Innocent Prayer - Clarice Illustrated by Aya (Figure)\" \/>\n<meta property=\"og:description\" content=\"Ta din figuresamling till n\u00e4sta niv\u00e5 med denna 1\/6-skala \u201cInnocent Prayer \u2013 Clarice\u201d figur, baserad p\u00e5 en originalkarakt\u00e4r tecknad av den popul\u00e4ra illustrat\u00f6ren Aya-sensei. Figuren levereras med en detaljerad st\u00e4llning (pedestal) och extra accessoarer i form av bokdelar, vilket ger dig fler s\u00e4tt att visa upp Clarice p\u00e5. Med en total h\u00f6jd p\u00e5 cirka 140 [&hellip;]\" \/>\n<meta property=\"og:url\" content=\"https:\/\/animefigurer.se\/en\/figurer\/18\/innocent-prayer-clarice-illustrated-by-aya-figure\/\" \/>\n<meta property=\"og:site_name\" content=\"Animefigurer.se\" \/>\n<meta property=\"article:publisher\" content=\"https:\/\/www.facebook.com\/profile.php?id=61581826539670\" \/>\n<meta property=\"og:image\" content=\"https:\/\/animefigurer.se\/wp-content\/uploads\/2026\/02\/original-character-innocent-prayer-clarice-16-cast-off-pure-.png\" \/>\n\t<meta property=\"og:image:width\" content=\"1200\" \/>\n\t<meta property=\"og:image:height\" content=\"1200\" \/>\n\t<meta property=\"og:image:type\" content=\"image\/png\" \/>\n<meta name=\"twitter:card\" content=\"summary_large_image\" \/>\n<meta name=\"twitter:label1\" content=\"Estimated reading time\" \/>\n\t<meta name=\"twitter:data1\" content=\"1 minute\" \/>\n<script type=\"application\/ld+json\" class=\"yoast-schema-graph\">{\"@context\":\"https:\\\/\\\/schema.org\",\"@graph\":[{\"@type\":\"WebPage\",\"@id\":\"https:\\\/\\\/animefigurer.se\\\/figurer\\\/18\\\/innocent-prayer-clarice-illustrated-by-aya-figure\\\/\",\"url\":\"https:\\\/\\\/animefigurer.se\\\/figurer\\\/18\\\/innocent-prayer-clarice-illustrated-by-aya-figure\\\/\",\"name\":\"Innocent Prayer - Clarice Illustrated by Aya (Figure) | Animefigurer.se\",\"isPartOf\":{\"@id\":\"https:\\\/\\\/animefigurer.se\\\/#website\"},\"primaryImageOfPage\":{\"@id\":\"https:\\\/\\\/animefigurer.se\\\/figurer\\\/18\\\/innocent-prayer-clarice-illustrated-by-aya-figure\\\/#primaryimage\"},\"image\":{\"@id\":\"https:\\\/\\\/animefigurer.se\\\/figurer\\\/18\\\/innocent-prayer-clarice-illustrated-by-aya-figure\\\/#primaryimage\"},\"thumbnailUrl\":\"https:\\\/\\\/animefigurer.se\\\/wp-content\\\/uploads\\\/2026\\\/02\\\/original-character-innocent-prayer-clarice-16-cast-off-pure-.png\",\"datePublished\":\"2026-02-03T16:02:52+00:00\",\"breadcrumb\":{\"@id\":\"https:\\\/\\\/animefigurer.se\\\/figurer\\\/18\\\/innocent-prayer-clarice-illustrated-by-aya-figure\\\/#breadcrumb\"},\"inLanguage\":\"en-GB\",\"potentialAction\":[{\"@type\":\"ReadAction\",\"target\":[\"https:\\\/\\\/animefigurer.se\\\/figurer\\\/18\\\/innocent-prayer-clarice-illustrated-by-aya-figure\\\/\"]}]},{\"@type\":\"ImageObject\",\"inLanguage\":\"en-GB\",\"@id\":\"https:\\\/\\\/animefigurer.se\\\/figurer\\\/18\\\/innocent-prayer-clarice-illustrated-by-aya-figure\\\/#primaryimage\",\"url\":\"https:\\\/\\\/animefigurer.se\\\/wp-content\\\/uploads\\\/2026\\\/02\\\/original-character-innocent-prayer-clarice-16-cast-off-pure-.png\",\"contentUrl\":\"https:\\\/\\\/animefigurer.se\\\/wp-content\\\/uploads\\\/2026\\\/02\\\/original-character-innocent-prayer-clarice-16-cast-off-pure-.png\",\"width\":1200,\"height\":1200,\"caption\":\"Innocent Prayer - Clarice Illustrated by Aya (Figure)\"},{\"@type\":\"BreadcrumbList\",\"@id\":\"https:\\\/\\\/animefigurer.se\\\/figurer\\\/18\\\/innocent-prayer-clarice-illustrated-by-aya-figure\\\/#breadcrumb\",\"itemListElement\":[{\"@type\":\"ListItem\",\"position\":1,\"name\":\"Home\",\"item\":\"https:\\\/\\\/animefigurer.se\\\/\"},{\"@type\":\"ListItem\",\"position\":2,\"name\":\"Butik\",\"item\":\"https:\\\/\\\/animefigurer.se\\\/figurer\\\/\"},{\"@type\":\"ListItem\",\"position\":3,\"name\":\"Innocent Prayer &#8211; Clarice Illustrated by Aya (Figure)\"}]},{\"@type\":\"WebSite\",\"@id\":\"https:\\\/\\\/animefigurer.se\\\/#website\",\"url\":\"https:\\\/\\\/animefigurer.se\\\/\",\"name\":\"Animefigurer.se\",\"description\":\"Anime figurer fr\u00e5n \u00f6ver 300 olika anime serier med \u00f6ver 9000 produkter | Anime Shop\",\"publisher\":{\"@id\":\"https:\\\/\\\/animefigurer.se\\\/#organization\"},\"potentialAction\":[{\"@type\":\"SearchAction\",\"target\":{\"@type\":\"EntryPoint\",\"urlTemplate\":\"https:\\\/\\\/animefigurer.se\\\/?s={search_term_string}\"},\"query-input\":{\"@type\":\"PropertyValueSpecification\",\"valueRequired\":true,\"valueName\":\"search_term_string\"}}],\"inLanguage\":\"en-GB\"},{\"@type\":\"Organization\",\"@id\":\"https:\\\/\\\/animefigurer.se\\\/#organization\",\"name\":\"Animefigurer.se\",\"alternateName\":\"Anime figurer | Anime shop\",\"url\":\"https:\\\/\\\/animefigurer.se\\\/\",\"logo\":{\"@type\":\"ImageObject\",\"inLanguage\":\"en-GB\",\"@id\":\"https:\\\/\\\/animefigurer.se\\\/#\\\/schema\\\/logo\\\/image\\\/\",\"url\":\"https:\\\/\\\/animefigurer.se\\\/wp-content\\\/uploads\\\/2025\\\/12\\\/Animefigurer_logowhite.png\",\"contentUrl\":\"https:\\\/\\\/animefigurer.se\\\/wp-content\\\/uploads\\\/2025\\\/12\\\/Animefigurer_logowhite.png\",\"width\":1890,\"height\":1417,\"caption\":\"Animefigurer.se\"},\"image\":{\"@id\":\"https:\\\/\\\/animefigurer.se\\\/#\\\/schema\\\/logo\\\/image\\\/\"},\"sameAs\":[\"https:\\\/\\\/www.facebook.com\\\/profile.php?id=61581826539670\",\"https:\\\/\\\/www.instagram.com\\\/animefigurer.se\\\/\"],\"email\":\"info@animefigurer.se\"}]}<\/script>\n<!-- \/ Yoast SEO Premium plugin. -->","yoast_head_json":{"title":"Innocent Prayer - Clarice Illustrated by Aya (Figure) | Animefigurer.se","robots":{"index":"index","follow":"follow","max-snippet":"max-snippet:-1","max-image-preview":"max-image-preview:large","max-video-preview":"max-video-preview:-1"},"canonical":"https:\/\/animefigurer.se\/en\/figurer\/18\/innocent-prayer-clarice-illustrated-by-aya-figure\/","og_locale":"en_GB","og_type":"article","og_title":"Innocent Prayer - Clarice Illustrated by Aya (Figure)","og_description":"Ta din figuresamling till n\u00e4sta niv\u00e5 med denna 1\/6-skala \u201cInnocent Prayer \u2013 Clarice\u201d figur, baserad p\u00e5 en originalkarakt\u00e4r tecknad av den popul\u00e4ra illustrat\u00f6ren Aya-sensei. Figuren levereras med en detaljerad st\u00e4llning (pedestal) och extra accessoarer i form av bokdelar, vilket ger dig fler s\u00e4tt att visa upp Clarice p\u00e5. Med en total h\u00f6jd p\u00e5 cirka 140 [&hellip;]","og_url":"https:\/\/animefigurer.se\/en\/figurer\/18\/innocent-prayer-clarice-illustrated-by-aya-figure\/","og_site_name":"Animefigurer.se","article_publisher":"https:\/\/www.facebook.com\/profile.php?id=61581826539670","og_image":[{"width":1200,"height":1200,"url":"https:\/\/animefigurer.se\/wp-content\/uploads\/2026\/02\/original-character-innocent-prayer-clarice-16-cast-off-pure-.png","type":"image\/png"}],"twitter_card":"summary_large_image","twitter_misc":{"Estimated reading time":"1 minute"},"schema":{"@context":"https:\/\/schema.org","@graph":[{"@type":"WebPage","@id":"https:\/\/animefigurer.se\/figurer\/18\/innocent-prayer-clarice-illustrated-by-aya-figure\/","url":"https:\/\/animefigurer.se\/figurer\/18\/innocent-prayer-clarice-illustrated-by-aya-figure\/","name":"Innocent Prayer - Clarice Illustrated by Aya (Figure) | Animefigurer.se","isPartOf":{"@id":"https:\/\/animefigurer.se\/#website"},"primaryImageOfPage":{"@id":"https:\/\/animefigurer.se\/figurer\/18\/innocent-prayer-clarice-illustrated-by-aya-figure\/#primaryimage"},"image":{"@id":"https:\/\/animefigurer.se\/figurer\/18\/innocent-prayer-clarice-illustrated-by-aya-figure\/#primaryimage"},"thumbnailUrl":"https:\/\/animefigurer.se\/wp-content\/uploads\/2026\/02\/original-character-innocent-prayer-clarice-16-cast-off-pure-.png","datePublished":"2026-02-03T16:02:52+00:00","breadcrumb":{"@id":"https:\/\/animefigurer.se\/figurer\/18\/innocent-prayer-clarice-illustrated-by-aya-figure\/#breadcrumb"},"inLanguage":"en-GB","potentialAction":[{"@type":"ReadAction","target":["https:\/\/animefigurer.se\/figurer\/18\/innocent-prayer-clarice-illustrated-by-aya-figure\/"]}]},{"@type":"ImageObject","inLanguage":"en-GB","@id":"https:\/\/animefigurer.se\/figurer\/18\/innocent-prayer-clarice-illustrated-by-aya-figure\/#primaryimage","url":"https:\/\/animefigurer.se\/wp-content\/uploads\/2026\/02\/original-character-innocent-prayer-clarice-16-cast-off-pure-.png","contentUrl":"https:\/\/animefigurer.se\/wp-content\/uploads\/2026\/02\/original-character-innocent-prayer-clarice-16-cast-off-pure-.png","width":1200,"height":1200,"caption":"Innocent Prayer - Clarice Illustrated by Aya (Figure)"},{"@type":"BreadcrumbList","@id":"https:\/\/animefigurer.se\/figurer\/18\/innocent-prayer-clarice-illustrated-by-aya-figure\/#breadcrumb","itemListElement":[{"@type":"ListItem","position":1,"name":"Home","item":"https:\/\/animefigurer.se\/"},{"@type":"ListItem","position":2,"name":"Butik","item":"https:\/\/animefigurer.se\/figurer\/"},{"@type":"ListItem","position":3,"name":"Innocent Prayer &#8211; Clarice Illustrated by Aya (Figure)"}]},{"@type":"WebSite","@id":"https:\/\/animefigurer.se\/#website","url":"https:\/\/animefigurer.se\/","name":"Animefigurer.se","description":"Anime figures from over 300 different anime series with over 9000 products | Anime Shop","publisher":{"@id":"https:\/\/animefigurer.se\/#organization"},"potentialAction":[{"@type":"SearchAction","target":{"@type":"EntryPoint","urlTemplate":"https:\/\/animefigurer.se\/?s={search_term_string}"},"query-input":{"@type":"PropertyValueSpecification","valueRequired":true,"valueName":"search_term_string"}}],"inLanguage":"en-GB"},{"@type":"Organization","@id":"https:\/\/animefigurer.se\/#organization","name":"Animefigurer.se","alternateName":"Anime figurer | Anime shop","url":"https:\/\/animefigurer.se\/","logo":{"@type":"ImageObject","inLanguage":"en-GB","@id":"https:\/\/animefigurer.se\/#\/schema\/logo\/image\/","url":"https:\/\/animefigurer.se\/wp-content\/uploads\/2025\/12\/Animefigurer_logowhite.png","contentUrl":"https:\/\/animefigurer.se\/wp-content\/uploads\/2025\/12\/Animefigurer_logowhite.png","width":1890,"height":1417,"caption":"Animefigurer.se"},"image":{"@id":"https:\/\/animefigurer.se\/#\/schema\/logo\/image\/"},"sameAs":["https:\/\/www.facebook.com\/profile.php?id=61581826539670","https:\/\/www.instagram.com\/animefigurer.se\/"],"email":"info@animefigurer.se"}]}},"_links":{"self":[{"href":"https:\/\/animefigurer.se\/en\/wp-json\/wp\/v2\/product\/89505","targetHints":{"allow":["GET"]}}],"collection":[{"href":"https:\/\/animefigurer.se\/en\/wp-json\/wp\/v2\/product"}],"about":[{"href":"https:\/\/animefigurer.se\/en\/wp-json\/wp\/v2\/types\/product"}],"replies":[{"embeddable":true,"href":"https:\/\/animefigurer.se\/en\/wp-json\/wp\/v2\/comments?post=89505"}],"wp:featuredmedia":[{"embeddable":true,"href":"https:\/\/animefigurer.se\/en\/wp-json\/wp\/v2\/media\/89506"}],"wp:attachment":[{"href":"https:\/\/animefigurer.se\/en\/wp-json\/wp\/v2\/media?parent=89505"}],"wp:term":[{"taxonomy":"product_brand","embeddable":true,"href":"https:\/\/animefigurer.se\/en\/wp-json\/wp\/v2\/product_brand?post=89505"},{"taxonomy":"product_cat","embeddable":true,"href":"https:\/\/animefigurer.se\/en\/wp-json\/wp\/v2\/product_cat?post=89505"},{"taxonomy":"product_tag","embeddable":true,"href":"https:\/\/animefigurer.se\/en\/wp-json\/wp\/v2\/product_tag?post=89505"},{"taxonomy":"giftcard-category","embeddable":true,"href":"https:\/\/animefigurer.se\/en\/wp-json\/wp\/v2\/giftcard-category?post=89505"}],"curies":[{"name":"wp","href":"https:\/\/api.w.org\/{rel}","templated":true}]}}