{"id":89368,"date":"2026-02-03T17:02:43","date_gmt":"2026-02-03T16:02:43","guid":{"rendered":"https:\/\/animefigurer.se\/?post_type=product&#038;p=89368"},"modified":"2026-02-03T17:02:43","modified_gmt":"2026-02-03T16:02:43","slug":"guilty-crown-inori-yuzuriha-youre-the-world-to-me-w-bonus","status":"publish","type":"product","link":"https:\/\/animefigurer.se\/en\/figurer\/guilty-crown\/guilty-crown-inori-yuzuriha-youre-the-world-to-me-w-bonus\/","title":{"rendered":"Guilty Crown Inori Yuzuriha -You&#039;re the world to me w\/ Bonus"},"content":{"rendered":"<p>Deepen your anime figure collection with this <strong data-start=\"278\" data-end=\"323\">Inori Yuzuriha \u2013 You&#039;re the world to me \u2013<\/strong> scale figure from <em data-start=\"340\" data-end=\"354\">Guilty Crown<\/em> in 1\/7 scale. The figure depicts Inori in a memorable scene with her arms outstretched and holding Cat&#039;s Cradle, her long, cherry blossom-colored hair flowing softly in the wind, enhancing her elegant and fragile appearance. The graceful outfit with a transition from red to orange creates vibrant shadows, while the light frills and the inspired design of the base give a sense of movement and depth even when the figure is standing still. The figure is delivered as a pre-painted PVC object with a stand, with a height of approx. <strong data-start=\"872\" data-end=\"882\">237mm<\/strong>, making it an impressive eye-catcher in the display cabinet, on the shelf or as a centerpiece in your collection. A must-have for fans of the series who want a stylish and expressive character model in their display space.<\/p>","protected":false},"excerpt":{"rendered":"<p>F\u00f6rdjupa din animefigurssamling med denna Inori Yuzuriha \u2013 You\u2019re the world to me \u2013 skalafigur fr\u00e5n Guilty Crown i 1\/7-format. Figuren skildrar Inori i en minnesv\u00e4rd scen med armarna utstr\u00e4ckta och h\u00e5llande Cat\u2019s Cradle, d\u00e4r hennes l\u00e5nga, k\u00f6rsb\u00e4rsblomsf\u00e4rgade h\u00e5r flyter mjukt i vinden och f\u00f6rst\u00e4rker hennes eleganta och sk\u00f6ra framtoning. Den graci\u00f6sa outfiten med \u00f6verg\u00e5ng [&hellip;]<\/p>\n","protected":false},"featured_media":89369,"comment_status":"open","ping_status":"closed","template":"","meta":{"_acf_changed":false,"_monsterinsights_skip_tracking":false,"_monsterinsights_sitenote_active":false,"_monsterinsights_sitenote_note":"","_monsterinsights_sitenote_category":0},"product_brand":[7141],"product_cat":[7459],"product_tag":[26],"giftcard-category":[],"class_list":{"0":"post-89368","1":"product","2":"type-product","3":"status-publish","4":"has-post-thumbnail","6":"product_brand-solarain","7":"product_cat-guilty-crown","8":"product_tag-pre-order","9":"pa_franchise-guilty-crown","10":"pa_karaktar-inori-yuzuriha","11":"pa_material-plastic","12":"pa_skala-41","13":"pa_storlek-23-7-cm","15":"first","16":"instock","17":"taxable","18":"shipping-taxable","19":"purchasable","20":"product-type-simple"},"acf":[],"yoast_head":"<!-- This site is optimized with the Yoast SEO Premium plugin v27.6 (Yoast SEO v27.6) - https:\/\/yoast.com\/product\/yoast-seo-premium-wordpress\/ -->\n<title>Guilty Crown Inori Yuzuriha -You&#039;re the world to me w\/ Bonus | Animefigurer.se<\/title>\n<meta name=\"robots\" content=\"index, follow, max-snippet:-1, max-image-preview:large, max-video-preview:-1\" \/>\n<link rel=\"canonical\" href=\"https:\/\/animefigurer.se\/en\/figurer\/guilty-crown\/guilty-crown-inori-yuzuriha-youre-the-world-to-me-w-bonus\/\" \/>\n<meta property=\"og:locale\" content=\"en_GB\" \/>\n<meta property=\"og:type\" content=\"article\" \/>\n<meta property=\"og:title\" content=\"Guilty Crown Inori Yuzuriha -You&#039;re the world to me w\/ Bonus\" \/>\n<meta property=\"og:description\" content=\"F\u00f6rdjupa din animefigurssamling med denna Inori Yuzuriha \u2013 You\u2019re the world to me \u2013 skalafigur fr\u00e5n Guilty Crown i 1\/7-format. Figuren skildrar Inori i en minnesv\u00e4rd scen med armarna utstr\u00e4ckta och h\u00e5llande Cat\u2019s Cradle, d\u00e4r hennes l\u00e5nga, k\u00f6rsb\u00e4rsblomsf\u00e4rgade h\u00e5r flyter mjukt i vinden och f\u00f6rst\u00e4rker hennes eleganta och sk\u00f6ra framtoning. Den graci\u00f6sa outfiten med \u00f6verg\u00e5ng [&hellip;]\" \/>\n<meta property=\"og:url\" content=\"https:\/\/animefigurer.se\/en\/figurer\/guilty-crown\/guilty-crown-inori-yuzuriha-youre-the-world-to-me-w-bonus\/\" \/>\n<meta property=\"og:site_name\" content=\"Animefigurer.se\" \/>\n<meta property=\"article:publisher\" content=\"https:\/\/www.facebook.com\/profile.php?id=61581826539670\" \/>\n<meta property=\"og:image\" content=\"https:\/\/animefigurer.se\/wp-content\/uploads\/2026\/02\/Zc2AfmBGgxFbu6aziEThSqQH4NwV1Mv5.webp\" \/>\n\t<meta property=\"og:image:width\" content=\"1124\" \/>\n\t<meta property=\"og:image:height\" content=\"750\" \/>\n\t<meta property=\"og:image:type\" content=\"image\/webp\" \/>\n<meta name=\"twitter:card\" content=\"summary_large_image\" \/>\n<meta name=\"twitter:label1\" content=\"Estimated reading time\" \/>\n\t<meta name=\"twitter:data1\" content=\"1 minute\" \/>\n<script type=\"application\/ld+json\" class=\"yoast-schema-graph\">{\"@context\":\"https:\\\/\\\/schema.org\",\"@graph\":[{\"@type\":\"WebPage\",\"@id\":\"https:\\\/\\\/animefigurer.se\\\/figurer\\\/guilty-crown\\\/guilty-crown-inori-yuzuriha-youre-the-world-to-me-w-bonus\\\/\",\"url\":\"https:\\\/\\\/animefigurer.se\\\/figurer\\\/guilty-crown\\\/guilty-crown-inori-yuzuriha-youre-the-world-to-me-w-bonus\\\/\",\"name\":\"Guilty Crown Inori Yuzuriha -You're the world to me w\\\/ Bonus | Animefigurer.se\",\"isPartOf\":{\"@id\":\"https:\\\/\\\/animefigurer.se\\\/#website\"},\"primaryImageOfPage\":{\"@id\":\"https:\\\/\\\/animefigurer.se\\\/figurer\\\/guilty-crown\\\/guilty-crown-inori-yuzuriha-youre-the-world-to-me-w-bonus\\\/#primaryimage\"},\"image\":{\"@id\":\"https:\\\/\\\/animefigurer.se\\\/figurer\\\/guilty-crown\\\/guilty-crown-inori-yuzuriha-youre-the-world-to-me-w-bonus\\\/#primaryimage\"},\"thumbnailUrl\":\"https:\\\/\\\/animefigurer.se\\\/wp-content\\\/uploads\\\/2026\\\/02\\\/Zc2AfmBGgxFbu6aziEThSqQH4NwV1Mv5.webp\",\"datePublished\":\"2026-02-03T16:02:43+00:00\",\"breadcrumb\":{\"@id\":\"https:\\\/\\\/animefigurer.se\\\/figurer\\\/guilty-crown\\\/guilty-crown-inori-yuzuriha-youre-the-world-to-me-w-bonus\\\/#breadcrumb\"},\"inLanguage\":\"en-GB\",\"potentialAction\":[{\"@type\":\"ReadAction\",\"target\":[\"https:\\\/\\\/animefigurer.se\\\/figurer\\\/guilty-crown\\\/guilty-crown-inori-yuzuriha-youre-the-world-to-me-w-bonus\\\/\"]}]},{\"@type\":\"ImageObject\",\"inLanguage\":\"en-GB\",\"@id\":\"https:\\\/\\\/animefigurer.se\\\/figurer\\\/guilty-crown\\\/guilty-crown-inori-yuzuriha-youre-the-world-to-me-w-bonus\\\/#primaryimage\",\"url\":\"https:\\\/\\\/animefigurer.se\\\/wp-content\\\/uploads\\\/2026\\\/02\\\/Zc2AfmBGgxFbu6aziEThSqQH4NwV1Mv5.webp\",\"contentUrl\":\"https:\\\/\\\/animefigurer.se\\\/wp-content\\\/uploads\\\/2026\\\/02\\\/Zc2AfmBGgxFbu6aziEThSqQH4NwV1Mv5.webp\",\"width\":1124,\"height\":750,\"caption\":\"Guilty Crown Inori Yuzuriha -You're the world to me w\\\/ Bonus\"},{\"@type\":\"BreadcrumbList\",\"@id\":\"https:\\\/\\\/animefigurer.se\\\/figurer\\\/guilty-crown\\\/guilty-crown-inori-yuzuriha-youre-the-world-to-me-w-bonus\\\/#breadcrumb\",\"itemListElement\":[{\"@type\":\"ListItem\",\"position\":1,\"name\":\"Home\",\"item\":\"https:\\\/\\\/animefigurer.se\\\/\"},{\"@type\":\"ListItem\",\"position\":2,\"name\":\"Butik\",\"item\":\"https:\\\/\\\/animefigurer.se\\\/figurer\\\/\"},{\"@type\":\"ListItem\",\"position\":3,\"name\":\"Guilty Crown Inori Yuzuriha -You&#8217;re the world to me w\\\/ Bonus\"}]},{\"@type\":\"WebSite\",\"@id\":\"https:\\\/\\\/animefigurer.se\\\/#website\",\"url\":\"https:\\\/\\\/animefigurer.se\\\/\",\"name\":\"Animefigurer.se\",\"description\":\"Anime figurer fr\u00e5n \u00f6ver 300 olika anime serier med \u00f6ver 9000 produkter | Anime Shop\",\"publisher\":{\"@id\":\"https:\\\/\\\/animefigurer.se\\\/#organization\"},\"potentialAction\":[{\"@type\":\"SearchAction\",\"target\":{\"@type\":\"EntryPoint\",\"urlTemplate\":\"https:\\\/\\\/animefigurer.se\\\/?s={search_term_string}\"},\"query-input\":{\"@type\":\"PropertyValueSpecification\",\"valueRequired\":true,\"valueName\":\"search_term_string\"}}],\"inLanguage\":\"en-GB\"},{\"@type\":\"Organization\",\"@id\":\"https:\\\/\\\/animefigurer.se\\\/#organization\",\"name\":\"Animefigurer.se\",\"alternateName\":\"Anime figurer | Anime shop\",\"url\":\"https:\\\/\\\/animefigurer.se\\\/\",\"logo\":{\"@type\":\"ImageObject\",\"inLanguage\":\"en-GB\",\"@id\":\"https:\\\/\\\/animefigurer.se\\\/#\\\/schema\\\/logo\\\/image\\\/\",\"url\":\"https:\\\/\\\/animefigurer.se\\\/wp-content\\\/uploads\\\/2025\\\/12\\\/Animefigurer_logowhite.png\",\"contentUrl\":\"https:\\\/\\\/animefigurer.se\\\/wp-content\\\/uploads\\\/2025\\\/12\\\/Animefigurer_logowhite.png\",\"width\":1890,\"height\":1417,\"caption\":\"Animefigurer.se\"},\"image\":{\"@id\":\"https:\\\/\\\/animefigurer.se\\\/#\\\/schema\\\/logo\\\/image\\\/\"},\"sameAs\":[\"https:\\\/\\\/www.facebook.com\\\/profile.php?id=61581826539670\",\"https:\\\/\\\/www.instagram.com\\\/animefigurer.se\\\/\"],\"email\":\"info@animefigurer.se\"}]}<\/script>\n<!-- \/ Yoast SEO Premium plugin. -->","yoast_head_json":{"title":"Guilty Crown Inori Yuzuriha -You&#039;re the world to me w\/ Bonus | Animefigurer.se","robots":{"index":"index","follow":"follow","max-snippet":"max-snippet:-1","max-image-preview":"max-image-preview:large","max-video-preview":"max-video-preview:-1"},"canonical":"https:\/\/animefigurer.se\/en\/figurer\/guilty-crown\/guilty-crown-inori-yuzuriha-youre-the-world-to-me-w-bonus\/","og_locale":"en_GB","og_type":"article","og_title":"Guilty Crown Inori Yuzuriha -You're the world to me w\/ Bonus","og_description":"F\u00f6rdjupa din animefigurssamling med denna Inori Yuzuriha \u2013 You\u2019re the world to me \u2013 skalafigur fr\u00e5n Guilty Crown i 1\/7-format. Figuren skildrar Inori i en minnesv\u00e4rd scen med armarna utstr\u00e4ckta och h\u00e5llande Cat\u2019s Cradle, d\u00e4r hennes l\u00e5nga, k\u00f6rsb\u00e4rsblomsf\u00e4rgade h\u00e5r flyter mjukt i vinden och f\u00f6rst\u00e4rker hennes eleganta och sk\u00f6ra framtoning. Den graci\u00f6sa outfiten med \u00f6verg\u00e5ng [&hellip;]","og_url":"https:\/\/animefigurer.se\/en\/figurer\/guilty-crown\/guilty-crown-inori-yuzuriha-youre-the-world-to-me-w-bonus\/","og_site_name":"Animefigurer.se","article_publisher":"https:\/\/www.facebook.com\/profile.php?id=61581826539670","og_image":[{"width":1124,"height":750,"url":"https:\/\/animefigurer.se\/wp-content\/uploads\/2026\/02\/Zc2AfmBGgxFbu6aziEThSqQH4NwV1Mv5.webp","type":"image\/webp"}],"twitter_card":"summary_large_image","twitter_misc":{"Estimated reading time":"1 minute"},"schema":{"@context":"https:\/\/schema.org","@graph":[{"@type":"WebPage","@id":"https:\/\/animefigurer.se\/figurer\/guilty-crown\/guilty-crown-inori-yuzuriha-youre-the-world-to-me-w-bonus\/","url":"https:\/\/animefigurer.se\/figurer\/guilty-crown\/guilty-crown-inori-yuzuriha-youre-the-world-to-me-w-bonus\/","name":"Guilty Crown Inori Yuzuriha -You&#039;re the world to me w\/ Bonus | Animefigurer.se","isPartOf":{"@id":"https:\/\/animefigurer.se\/#website"},"primaryImageOfPage":{"@id":"https:\/\/animefigurer.se\/figurer\/guilty-crown\/guilty-crown-inori-yuzuriha-youre-the-world-to-me-w-bonus\/#primaryimage"},"image":{"@id":"https:\/\/animefigurer.se\/figurer\/guilty-crown\/guilty-crown-inori-yuzuriha-youre-the-world-to-me-w-bonus\/#primaryimage"},"thumbnailUrl":"https:\/\/animefigurer.se\/wp-content\/uploads\/2026\/02\/Zc2AfmBGgxFbu6aziEThSqQH4NwV1Mv5.webp","datePublished":"2026-02-03T16:02:43+00:00","breadcrumb":{"@id":"https:\/\/animefigurer.se\/figurer\/guilty-crown\/guilty-crown-inori-yuzuriha-youre-the-world-to-me-w-bonus\/#breadcrumb"},"inLanguage":"en-GB","potentialAction":[{"@type":"ReadAction","target":["https:\/\/animefigurer.se\/figurer\/guilty-crown\/guilty-crown-inori-yuzuriha-youre-the-world-to-me-w-bonus\/"]}]},{"@type":"ImageObject","inLanguage":"en-GB","@id":"https:\/\/animefigurer.se\/figurer\/guilty-crown\/guilty-crown-inori-yuzuriha-youre-the-world-to-me-w-bonus\/#primaryimage","url":"https:\/\/animefigurer.se\/wp-content\/uploads\/2026\/02\/Zc2AfmBGgxFbu6aziEThSqQH4NwV1Mv5.webp","contentUrl":"https:\/\/animefigurer.se\/wp-content\/uploads\/2026\/02\/Zc2AfmBGgxFbu6aziEThSqQH4NwV1Mv5.webp","width":1124,"height":750,"caption":"Guilty Crown Inori Yuzuriha -You're the world to me w\/ Bonus"},{"@type":"BreadcrumbList","@id":"https:\/\/animefigurer.se\/figurer\/guilty-crown\/guilty-crown-inori-yuzuriha-youre-the-world-to-me-w-bonus\/#breadcrumb","itemListElement":[{"@type":"ListItem","position":1,"name":"Home","item":"https:\/\/animefigurer.se\/"},{"@type":"ListItem","position":2,"name":"Butik","item":"https:\/\/animefigurer.se\/figurer\/"},{"@type":"ListItem","position":3,"name":"Guilty Crown Inori Yuzuriha -You&#8217;re the world to me w\/ Bonus"}]},{"@type":"WebSite","@id":"https:\/\/animefigurer.se\/#website","url":"https:\/\/animefigurer.se\/","name":"Animefigurer.se","description":"Anime figures from over 300 different anime series with over 9000 products | Anime Shop","publisher":{"@id":"https:\/\/animefigurer.se\/#organization"},"potentialAction":[{"@type":"SearchAction","target":{"@type":"EntryPoint","urlTemplate":"https:\/\/animefigurer.se\/?s={search_term_string}"},"query-input":{"@type":"PropertyValueSpecification","valueRequired":true,"valueName":"search_term_string"}}],"inLanguage":"en-GB"},{"@type":"Organization","@id":"https:\/\/animefigurer.se\/#organization","name":"Animefigurer.se","alternateName":"Anime figurer | Anime shop","url":"https:\/\/animefigurer.se\/","logo":{"@type":"ImageObject","inLanguage":"en-GB","@id":"https:\/\/animefigurer.se\/#\/schema\/logo\/image\/","url":"https:\/\/animefigurer.se\/wp-content\/uploads\/2025\/12\/Animefigurer_logowhite.png","contentUrl":"https:\/\/animefigurer.se\/wp-content\/uploads\/2025\/12\/Animefigurer_logowhite.png","width":1890,"height":1417,"caption":"Animefigurer.se"},"image":{"@id":"https:\/\/animefigurer.se\/#\/schema\/logo\/image\/"},"sameAs":["https:\/\/www.facebook.com\/profile.php?id=61581826539670","https:\/\/www.instagram.com\/animefigurer.se\/"],"email":"info@animefigurer.se"}]}},"_links":{"self":[{"href":"https:\/\/animefigurer.se\/en\/wp-json\/wp\/v2\/product\/89368","targetHints":{"allow":["GET"]}}],"collection":[{"href":"https:\/\/animefigurer.se\/en\/wp-json\/wp\/v2\/product"}],"about":[{"href":"https:\/\/animefigurer.se\/en\/wp-json\/wp\/v2\/types\/product"}],"replies":[{"embeddable":true,"href":"https:\/\/animefigurer.se\/en\/wp-json\/wp\/v2\/comments?post=89368"}],"wp:featuredmedia":[{"embeddable":true,"href":"https:\/\/animefigurer.se\/en\/wp-json\/wp\/v2\/media\/89369"}],"wp:attachment":[{"href":"https:\/\/animefigurer.se\/en\/wp-json\/wp\/v2\/media?parent=89368"}],"wp:term":[{"taxonomy":"product_brand","embeddable":true,"href":"https:\/\/animefigurer.se\/en\/wp-json\/wp\/v2\/product_brand?post=89368"},{"taxonomy":"product_cat","embeddable":true,"href":"https:\/\/animefigurer.se\/en\/wp-json\/wp\/v2\/product_cat?post=89368"},{"taxonomy":"product_tag","embeddable":true,"href":"https:\/\/animefigurer.se\/en\/wp-json\/wp\/v2\/product_tag?post=89368"},{"taxonomy":"giftcard-category","embeddable":true,"href":"https:\/\/animefigurer.se\/en\/wp-json\/wp\/v2\/giftcard-category?post=89368"}],"curies":[{"name":"wp","href":"https:\/\/api.w.org\/{rel}","templated":true}]}}