{"id":89361,"date":"2026-02-03T17:02:32","date_gmt":"2026-02-03T16:02:32","guid":{"rendered":"https:\/\/animefigurer.se\/?post_type=product&#038;p=89361"},"modified":"2026-02-03T17:02:32","modified_gmt":"2026-02-03T16:02:32","slug":"needy-streamer-overload-omgkawaiiangel-switch-ver-w-bonus","status":"publish","type":"product","link":"https:\/\/animefigurer.se\/en\/figurer\/needy-streamer-overload\/needy-streamer-overload-omgkawaiiangel-switch-ver-w-bonus\/","title":{"rendered":"Needy Streamer Overload OMGkawaiiAngel: Switch Ver. w\/ Bonus"},"content":{"rendered":"<p>Show off your figurine collection with this <strong data-start=\"246\" data-end=\"277\">OMGkawaiiAngel: Switch Ver.<\/strong>-scale figure from <em data-start=\"294\" data-end=\"319\">NEEDY STREAMER OVERLOAD<\/em>, where the internet-loved angel is captured in a moment of excitement as she appears to leap straight out of the screen! The figure is meticulously sculpted with a dynamic pose and expressive gaze that reflects the character&#039;s charm and energy from the game. The outfit features an elegant pearlescent paint job that shifts in light depending on the lighting, and the translucent base with a stair design provides both stability and a seamless impression in your display. This pre-painted <strong data-start=\"776\" data-end=\"794\">1\/7 scale figure<\/strong>, including stand, is approximately <strong data-start=\"823\" data-end=\"837\">230mm high<\/strong> \u2014 a perfect eye-catcher for the shelf, display cabinet or collector&#039;s room. A fantastic addition for fans and collectors who want to give their collection a characterful and detailed centerpiece!<\/p>","protected":false},"excerpt":{"rendered":"<p>Lyft fram din figuresamling med denna OMGkawaiiAngel: Switch Ver.-skalafigur fr\u00e5n NEEDY STREAMER OVERLOAD, d\u00e4r den internet\u00e4lskade \u00e4ngeln f\u00e5ngas i ett \u00f6gonblick av liv och r\u00f6relse n\u00e4r hon tycks hoppa rakt ut fr\u00e5n sk\u00e4rmen! Figuren \u00e4r noggrant skulpterad med dynamisk pose och uttrycksfull blick som speglar karakt\u00e4rens charm och energi fr\u00e5n spelet. Outfiten har en elegant [&hellip;]<\/p>\n","protected":false},"featured_media":89362,"comment_status":"open","ping_status":"closed","template":"","meta":{"_acf_changed":false,"_monsterinsights_skip_tracking":false,"_monsterinsights_sitenote_active":false,"_monsterinsights_sitenote_note":"","_monsterinsights_sitenote_category":0},"product_brand":[6890],"product_cat":[6811],"product_tag":[26],"giftcard-category":[],"class_list":{"0":"post-89361","1":"product","2":"type-product","3":"status-publish","4":"has-post-thumbnail","6":"product_brand-good-smile-company","7":"product_cat-needy-streamer-overload","8":"product_tag-pre-order","9":"pa_franchise-needy-streamer-overload","10":"pa_karaktar-omgkawaiiangel","11":"pa_material-plastic","12":"pa_skala-41","13":"pa_storlek-23-cm","15":"first","16":"instock","17":"taxable","18":"shipping-taxable","19":"purchasable","20":"product-type-simple"},"acf":[],"yoast_head":"<!-- This site is optimized with the Yoast SEO Premium plugin v24.6 (Yoast SEO v27.3) - https:\/\/yoast.com\/product\/yoast-seo-premium-wordpress\/ -->\n<title>Needy Streamer Overload OMGkawaiiAngel: Switch Ver. w\/ Bonus | Animefigurer.se<\/title>\n<meta name=\"robots\" content=\"index, follow, max-snippet:-1, max-image-preview:large, max-video-preview:-1\" \/>\n<link rel=\"canonical\" href=\"https:\/\/animefigurer.se\/en\/figurer\/needy-streamer-overload\/needy-streamer-overload-omgkawaiiangel-switch-ver-w-bonus\/\" \/>\n<meta property=\"og:locale\" content=\"en_GB\" \/>\n<meta property=\"og:type\" content=\"article\" \/>\n<meta property=\"og:title\" content=\"Needy Streamer Overload OMGkawaiiAngel: Switch Ver. w\/ Bonus\" \/>\n<meta property=\"og:description\" content=\"Lyft fram din figuresamling med denna OMGkawaiiAngel: Switch Ver.-skalafigur fr\u00e5n NEEDY STREAMER OVERLOAD, d\u00e4r den internet\u00e4lskade \u00e4ngeln f\u00e5ngas i ett \u00f6gonblick av liv och r\u00f6relse n\u00e4r hon tycks hoppa rakt ut fr\u00e5n sk\u00e4rmen! Figuren \u00e4r noggrant skulpterad med dynamisk pose och uttrycksfull blick som speglar karakt\u00e4rens charm och energi fr\u00e5n spelet. Outfiten har en elegant [&hellip;]\" \/>\n<meta property=\"og:url\" content=\"https:\/\/animefigurer.se\/en\/figurer\/needy-streamer-overload\/needy-streamer-overload-omgkawaiiangel-switch-ver-w-bonus\/\" \/>\n<meta property=\"og:site_name\" content=\"Animefigurer.se\" \/>\n<meta property=\"article:publisher\" content=\"https:\/\/www.facebook.com\/profile.php?id=61581826539670\" \/>\n<meta property=\"og:image\" content=\"https:\/\/animefigurer.se\/wp-content\/uploads\/2026\/02\/j28avX7k4DJuTKtqNgm56CH3UiEpZYzn.webp\" \/>\n\t<meta property=\"og:image:width\" content=\"750\" \/>\n\t<meta property=\"og:image:height\" content=\"1125\" \/>\n\t<meta property=\"og:image:type\" content=\"image\/webp\" \/>\n<meta name=\"twitter:card\" content=\"summary_large_image\" \/>\n<meta name=\"twitter:label1\" content=\"Estimated reading time\" \/>\n\t<meta name=\"twitter:data1\" content=\"1 minute\" \/>\n<script type=\"application\/ld+json\" class=\"yoast-schema-graph\">{\"@context\":\"https:\\\/\\\/schema.org\",\"@graph\":[{\"@type\":\"WebPage\",\"@id\":\"https:\\\/\\\/animefigurer.se\\\/figurer\\\/needy-streamer-overload\\\/needy-streamer-overload-omgkawaiiangel-switch-ver-w-bonus\\\/\",\"url\":\"https:\\\/\\\/animefigurer.se\\\/figurer\\\/needy-streamer-overload\\\/needy-streamer-overload-omgkawaiiangel-switch-ver-w-bonus\\\/\",\"name\":\"Needy Streamer Overload OMGkawaiiAngel: Switch Ver. w\\\/ Bonus | Animefigurer.se\",\"isPartOf\":{\"@id\":\"https:\\\/\\\/animefigurer.se\\\/#website\"},\"primaryImageOfPage\":{\"@id\":\"https:\\\/\\\/animefigurer.se\\\/figurer\\\/needy-streamer-overload\\\/needy-streamer-overload-omgkawaiiangel-switch-ver-w-bonus\\\/#primaryimage\"},\"image\":{\"@id\":\"https:\\\/\\\/animefigurer.se\\\/figurer\\\/needy-streamer-overload\\\/needy-streamer-overload-omgkawaiiangel-switch-ver-w-bonus\\\/#primaryimage\"},\"thumbnailUrl\":\"https:\\\/\\\/animefigurer.se\\\/wp-content\\\/uploads\\\/2026\\\/02\\\/j28avX7k4DJuTKtqNgm56CH3UiEpZYzn.webp\",\"datePublished\":\"2026-02-03T16:02:32+00:00\",\"breadcrumb\":{\"@id\":\"https:\\\/\\\/animefigurer.se\\\/figurer\\\/needy-streamer-overload\\\/needy-streamer-overload-omgkawaiiangel-switch-ver-w-bonus\\\/#breadcrumb\"},\"inLanguage\":\"en-GB\",\"potentialAction\":[{\"@type\":\"ReadAction\",\"target\":[\"https:\\\/\\\/animefigurer.se\\\/figurer\\\/needy-streamer-overload\\\/needy-streamer-overload-omgkawaiiangel-switch-ver-w-bonus\\\/\"]}]},{\"@type\":\"ImageObject\",\"inLanguage\":\"en-GB\",\"@id\":\"https:\\\/\\\/animefigurer.se\\\/figurer\\\/needy-streamer-overload\\\/needy-streamer-overload-omgkawaiiangel-switch-ver-w-bonus\\\/#primaryimage\",\"url\":\"https:\\\/\\\/animefigurer.se\\\/wp-content\\\/uploads\\\/2026\\\/02\\\/j28avX7k4DJuTKtqNgm56CH3UiEpZYzn.webp\",\"contentUrl\":\"https:\\\/\\\/animefigurer.se\\\/wp-content\\\/uploads\\\/2026\\\/02\\\/j28avX7k4DJuTKtqNgm56CH3UiEpZYzn.webp\",\"width\":750,\"height\":1125,\"caption\":\"Needy Streamer Overload OMGkawaiiAngel: Switch Ver. w\\\/ Bonus\"},{\"@type\":\"BreadcrumbList\",\"@id\":\"https:\\\/\\\/animefigurer.se\\\/figurer\\\/needy-streamer-overload\\\/needy-streamer-overload-omgkawaiiangel-switch-ver-w-bonus\\\/#breadcrumb\",\"itemListElement\":[{\"@type\":\"ListItem\",\"position\":1,\"name\":\"Home\",\"item\":\"https:\\\/\\\/animefigurer.se\\\/\"},{\"@type\":\"ListItem\",\"position\":2,\"name\":\"Butik\",\"item\":\"https:\\\/\\\/animefigurer.se\\\/figurer\\\/\"},{\"@type\":\"ListItem\",\"position\":3,\"name\":\"Needy Streamer Overload OMGkawaiiAngel: Switch Ver. w\\\/ Bonus\"}]},{\"@type\":\"WebSite\",\"@id\":\"https:\\\/\\\/animefigurer.se\\\/#website\",\"url\":\"https:\\\/\\\/animefigurer.se\\\/\",\"name\":\"Animefigurer.se\",\"description\":\"Anime figurer fr\u00e5n \u00f6ver 300 olika anime serier med \u00f6ver 9000 produkter | Anime Shop\",\"publisher\":{\"@id\":\"https:\\\/\\\/animefigurer.se\\\/#organization\"},\"potentialAction\":[{\"@type\":\"SearchAction\",\"target\":{\"@type\":\"EntryPoint\",\"urlTemplate\":\"https:\\\/\\\/animefigurer.se\\\/?s={search_term_string}\"},\"query-input\":{\"@type\":\"PropertyValueSpecification\",\"valueRequired\":true,\"valueName\":\"search_term_string\"}}],\"inLanguage\":\"en-GB\"},{\"@type\":\"Organization\",\"@id\":\"https:\\\/\\\/animefigurer.se\\\/#organization\",\"name\":\"Animefigurer.se\",\"alternateName\":\"Anime figurer | Anime shop\",\"url\":\"https:\\\/\\\/animefigurer.se\\\/\",\"logo\":{\"@type\":\"ImageObject\",\"inLanguage\":\"en-GB\",\"@id\":\"https:\\\/\\\/animefigurer.se\\\/#\\\/schema\\\/logo\\\/image\\\/\",\"url\":\"https:\\\/\\\/animefigurer.se\\\/wp-content\\\/uploads\\\/2025\\\/12\\\/Animefigurer_logowhite.png\",\"contentUrl\":\"https:\\\/\\\/animefigurer.se\\\/wp-content\\\/uploads\\\/2025\\\/12\\\/Animefigurer_logowhite.png\",\"width\":1890,\"height\":1417,\"caption\":\"Animefigurer.se\"},\"image\":{\"@id\":\"https:\\\/\\\/animefigurer.se\\\/#\\\/schema\\\/logo\\\/image\\\/\"},\"sameAs\":[\"https:\\\/\\\/www.facebook.com\\\/profile.php?id=61581826539670\",\"https:\\\/\\\/www.instagram.com\\\/animefigurer.se\\\/\"],\"email\":\"info@animefigurer.se\"}]}<\/script>\n<!-- \/ Yoast SEO Premium plugin. -->","yoast_head_json":{"title":"Needy Streamer Overload OMGkawaiiAngel: Switch Ver. w\/ Bonus | Animefigurer.se","robots":{"index":"index","follow":"follow","max-snippet":"max-snippet:-1","max-image-preview":"max-image-preview:large","max-video-preview":"max-video-preview:-1"},"canonical":"https:\/\/animefigurer.se\/en\/figurer\/needy-streamer-overload\/needy-streamer-overload-omgkawaiiangel-switch-ver-w-bonus\/","og_locale":"en_GB","og_type":"article","og_title":"Needy Streamer Overload OMGkawaiiAngel: Switch Ver. w\/ Bonus","og_description":"Lyft fram din figuresamling med denna OMGkawaiiAngel: Switch Ver.-skalafigur fr\u00e5n NEEDY STREAMER OVERLOAD, d\u00e4r den internet\u00e4lskade \u00e4ngeln f\u00e5ngas i ett \u00f6gonblick av liv och r\u00f6relse n\u00e4r hon tycks hoppa rakt ut fr\u00e5n sk\u00e4rmen! Figuren \u00e4r noggrant skulpterad med dynamisk pose och uttrycksfull blick som speglar karakt\u00e4rens charm och energi fr\u00e5n spelet. Outfiten har en elegant [&hellip;]","og_url":"https:\/\/animefigurer.se\/en\/figurer\/needy-streamer-overload\/needy-streamer-overload-omgkawaiiangel-switch-ver-w-bonus\/","og_site_name":"Animefigurer.se","article_publisher":"https:\/\/www.facebook.com\/profile.php?id=61581826539670","og_image":[{"width":750,"height":1125,"url":"https:\/\/animefigurer.se\/wp-content\/uploads\/2026\/02\/j28avX7k4DJuTKtqNgm56CH3UiEpZYzn.webp","type":"image\/webp"}],"twitter_card":"summary_large_image","twitter_misc":{"Estimated reading time":"1 minute"},"schema":{"@context":"https:\/\/schema.org","@graph":[{"@type":"WebPage","@id":"https:\/\/animefigurer.se\/figurer\/needy-streamer-overload\/needy-streamer-overload-omgkawaiiangel-switch-ver-w-bonus\/","url":"https:\/\/animefigurer.se\/figurer\/needy-streamer-overload\/needy-streamer-overload-omgkawaiiangel-switch-ver-w-bonus\/","name":"Needy Streamer Overload OMGkawaiiAngel: Switch Ver. w\/ Bonus | Animefigurer.se","isPartOf":{"@id":"https:\/\/animefigurer.se\/#website"},"primaryImageOfPage":{"@id":"https:\/\/animefigurer.se\/figurer\/needy-streamer-overload\/needy-streamer-overload-omgkawaiiangel-switch-ver-w-bonus\/#primaryimage"},"image":{"@id":"https:\/\/animefigurer.se\/figurer\/needy-streamer-overload\/needy-streamer-overload-omgkawaiiangel-switch-ver-w-bonus\/#primaryimage"},"thumbnailUrl":"https:\/\/animefigurer.se\/wp-content\/uploads\/2026\/02\/j28avX7k4DJuTKtqNgm56CH3UiEpZYzn.webp","datePublished":"2026-02-03T16:02:32+00:00","breadcrumb":{"@id":"https:\/\/animefigurer.se\/figurer\/needy-streamer-overload\/needy-streamer-overload-omgkawaiiangel-switch-ver-w-bonus\/#breadcrumb"},"inLanguage":"en-GB","potentialAction":[{"@type":"ReadAction","target":["https:\/\/animefigurer.se\/figurer\/needy-streamer-overload\/needy-streamer-overload-omgkawaiiangel-switch-ver-w-bonus\/"]}]},{"@type":"ImageObject","inLanguage":"en-GB","@id":"https:\/\/animefigurer.se\/figurer\/needy-streamer-overload\/needy-streamer-overload-omgkawaiiangel-switch-ver-w-bonus\/#primaryimage","url":"https:\/\/animefigurer.se\/wp-content\/uploads\/2026\/02\/j28avX7k4DJuTKtqNgm56CH3UiEpZYzn.webp","contentUrl":"https:\/\/animefigurer.se\/wp-content\/uploads\/2026\/02\/j28avX7k4DJuTKtqNgm56CH3UiEpZYzn.webp","width":750,"height":1125,"caption":"Needy Streamer Overload OMGkawaiiAngel: Switch Ver. w\/ Bonus"},{"@type":"BreadcrumbList","@id":"https:\/\/animefigurer.se\/figurer\/needy-streamer-overload\/needy-streamer-overload-omgkawaiiangel-switch-ver-w-bonus\/#breadcrumb","itemListElement":[{"@type":"ListItem","position":1,"name":"Home","item":"https:\/\/animefigurer.se\/"},{"@type":"ListItem","position":2,"name":"Butik","item":"https:\/\/animefigurer.se\/figurer\/"},{"@type":"ListItem","position":3,"name":"Needy Streamer Overload OMGkawaiiAngel: Switch Ver. w\/ Bonus"}]},{"@type":"WebSite","@id":"https:\/\/animefigurer.se\/#website","url":"https:\/\/animefigurer.se\/","name":"Animefigurer.se","description":"Anime figures from over 300 different anime series with over 9000 products | Anime Shop","publisher":{"@id":"https:\/\/animefigurer.se\/#organization"},"potentialAction":[{"@type":"SearchAction","target":{"@type":"EntryPoint","urlTemplate":"https:\/\/animefigurer.se\/?s={search_term_string}"},"query-input":{"@type":"PropertyValueSpecification","valueRequired":true,"valueName":"search_term_string"}}],"inLanguage":"en-GB"},{"@type":"Organization","@id":"https:\/\/animefigurer.se\/#organization","name":"Animefigurer.se","alternateName":"Anime figurer | Anime shop","url":"https:\/\/animefigurer.se\/","logo":{"@type":"ImageObject","inLanguage":"en-GB","@id":"https:\/\/animefigurer.se\/#\/schema\/logo\/image\/","url":"https:\/\/animefigurer.se\/wp-content\/uploads\/2025\/12\/Animefigurer_logowhite.png","contentUrl":"https:\/\/animefigurer.se\/wp-content\/uploads\/2025\/12\/Animefigurer_logowhite.png","width":1890,"height":1417,"caption":"Animefigurer.se"},"image":{"@id":"https:\/\/animefigurer.se\/#\/schema\/logo\/image\/"},"sameAs":["https:\/\/www.facebook.com\/profile.php?id=61581826539670","https:\/\/www.instagram.com\/animefigurer.se\/"],"email":"info@animefigurer.se"}]}},"_links":{"self":[{"href":"https:\/\/animefigurer.se\/en\/wp-json\/wp\/v2\/product\/89361","targetHints":{"allow":["GET"]}}],"collection":[{"href":"https:\/\/animefigurer.se\/en\/wp-json\/wp\/v2\/product"}],"about":[{"href":"https:\/\/animefigurer.se\/en\/wp-json\/wp\/v2\/types\/product"}],"replies":[{"embeddable":true,"href":"https:\/\/animefigurer.se\/en\/wp-json\/wp\/v2\/comments?post=89361"}],"wp:featuredmedia":[{"embeddable":true,"href":"https:\/\/animefigurer.se\/en\/wp-json\/wp\/v2\/media\/89362"}],"wp:attachment":[{"href":"https:\/\/animefigurer.se\/en\/wp-json\/wp\/v2\/media?parent=89361"}],"wp:term":[{"taxonomy":"product_brand","embeddable":true,"href":"https:\/\/animefigurer.se\/en\/wp-json\/wp\/v2\/product_brand?post=89361"},{"taxonomy":"product_cat","embeddable":true,"href":"https:\/\/animefigurer.se\/en\/wp-json\/wp\/v2\/product_cat?post=89361"},{"taxonomy":"product_tag","embeddable":true,"href":"https:\/\/animefigurer.se\/en\/wp-json\/wp\/v2\/product_tag?post=89361"},{"taxonomy":"giftcard-category","embeddable":true,"href":"https:\/\/animefigurer.se\/en\/wp-json\/wp\/v2\/giftcard-category?post=89361"}],"curies":[{"name":"wp","href":"https:\/\/api.w.org\/{rel}","templated":true}]}}