{"id":89347,"date":"2026-02-01T12:12:00","date_gmt":"2026-02-01T11:12:00","guid":{"rendered":"https:\/\/animefigurer.se\/?post_type=product&#038;p=89347"},"modified":"2026-02-03T17:05:25","modified_gmt":"2026-02-03T16:05:25","slug":"jujutsu-kaisen-nendoroid-plus-yuji-itadori-rubber-mascot","status":"publish","type":"product","link":"https:\/\/animefigurer.se\/en\/figurer\/jujutsu-kaisen\/jujutsu-kaisen-nendoroid-plus-yuji-itadori-rubber-mascot\/","title":{"rendered":"Jujutsu Kaisen Nendoroid Plus: Yuji Itadori Rubber Mascot"},"content":{"rendered":"<p data-start=\"236\" data-end=\"994\">for you who love <em data-start=\"295\" data-end=\"311\">Jujutsu Kaisen<\/em> here comes a charming <strong data-start=\"334\" data-end=\"389\">Nendoroid Plus Tigerjudo Yuji Itadori Rubber Mascot<\/strong>figure from Good Smile Company. This cute rubber mascot captures the Nendoroid series&#039; signature chibi style in miniature form, offering an easy-to-place detail that fits in your collection, on your desk, or as a playful addition to your key ring or bag. Made of PVC with a height of approx. <strong data-start=\"693\" data-end=\"702\">80mm<\/strong>, this mascot combines the classic anime design with an affordable and collectible concept that makes it easy to enjoy in everyday life. A perfect choice for fans who want a cute and expressive representation of Yuji Itadori in their collectible series.<\/p>","protected":false},"excerpt":{"rendered":"<p>\u00f6r dig som \u00e4lskar Jujutsu Kaisen kommer h\u00e4r en charmig Nendoroid Plus Tigerjudo Yuji Itadori Rubber Mascot-figur fr\u00e5n Good Smile Company. Denna s\u00f6ta gummimaskot f\u00e5ngar Nendoroid-seriens karakt\u00e4ristiska chibi-stil i miniformat och erbjuder en l\u00e4ttplacerad detalj som passar b\u00e5de i samlingen, p\u00e5 skrivbordet eller som ett lekfullt tillskott till din nyckelring eller v\u00e4ska. Tillverkad i PVC [&hellip;]<\/p>\n","protected":false},"featured_media":89349,"comment_status":"open","ping_status":"closed","template":"","meta":{"_acf_changed":false,"_monsterinsights_skip_tracking":false,"_monsterinsights_sitenote_active":false,"_monsterinsights_sitenote_note":"","_monsterinsights_sitenote_category":0},"product_brand":[6890],"product_cat":[3210],"product_tag":[26],"giftcard-category":[],"class_list":{"0":"post-89347","1":"product","2":"type-product","3":"status-publish","4":"has-post-thumbnail","6":"product_brand-good-smile-company","7":"product_cat-jujutsu-kaisen","8":"product_tag-pre-order","9":"pa_franchise-jujutsu-kaisen","10":"pa_karaktar-yuji-itadori","11":"pa_material-pvc","12":"pa_produktserie-nendoroid-plus","13":"pa_storlek-8-cm","15":"first","16":"instock","17":"taxable","18":"shipping-taxable","19":"purchasable","20":"product-type-simple"},"acf":[],"yoast_head":"<!-- This site is optimized with the Yoast SEO Premium plugin v24.6 (Yoast SEO v27.4) - https:\/\/yoast.com\/product\/yoast-seo-premium-wordpress\/ -->\n<title>Jujutsu Kaisen Nendoroid Plus: Yuji Itadori Rubber Mascot | Animefigurer.se<\/title>\n<meta name=\"robots\" content=\"index, follow, max-snippet:-1, max-image-preview:large, max-video-preview:-1\" \/>\n<link rel=\"canonical\" href=\"https:\/\/animefigurer.se\/en\/figurer\/the-jujutsu-kaise\/jujutsu-kaisen-nendoroid-plus-yuji-itadori-rubber-mascot\/\" \/>\n<meta property=\"og:locale\" content=\"en_GB\" \/>\n<meta property=\"og:type\" content=\"article\" \/>\n<meta property=\"og:title\" content=\"Jujutsu Kaisen Nendoroid Plus: Yuji Itadori Rubber Mascot\" \/>\n<meta property=\"og:description\" content=\"\u00f6r dig som \u00e4lskar Jujutsu Kaisen kommer h\u00e4r en charmig Nendoroid Plus Tigerjudo Yuji Itadori Rubber Mascot-figur fr\u00e5n Good Smile Company. Denna s\u00f6ta gummimaskot f\u00e5ngar Nendoroid-seriens karakt\u00e4ristiska chibi-stil i miniformat och erbjuder en l\u00e4ttplacerad detalj som passar b\u00e5de i samlingen, p\u00e5 skrivbordet eller som ett lekfullt tillskott till din nyckelring eller v\u00e4ska. Tillverkad i PVC [&hellip;]\" \/>\n<meta property=\"og:url\" content=\"https:\/\/animefigurer.se\/en\/figurer\/the-jujutsu-kaise\/jujutsu-kaisen-nendoroid-plus-yuji-itadori-rubber-mascot\/\" \/>\n<meta property=\"og:site_name\" content=\"Animefigurer.se\" \/>\n<meta property=\"article:publisher\" content=\"https:\/\/www.facebook.com\/profile.php?id=61581826539670\" \/>\n<meta property=\"article:modified_time\" content=\"2026-02-03T16:05:25+00:00\" \/>\n<meta property=\"og:image\" content=\"https:\/\/animefigurer.se\/wp-content\/uploads\/2026\/02\/ZuMS3wT0PtWDR5Q1cGdgpEYeVizyNAU6.webp\" \/>\n\t<meta property=\"og:image:width\" content=\"1000\" \/>\n\t<meta property=\"og:image:height\" content=\"750\" \/>\n\t<meta property=\"og:image:type\" content=\"image\/webp\" \/>\n<meta name=\"twitter:card\" content=\"summary_large_image\" \/>\n<meta name=\"twitter:label1\" content=\"Estimated reading time\" \/>\n\t<meta name=\"twitter:data1\" content=\"1 minute\" \/>\n<script type=\"application\/ld+json\" class=\"yoast-schema-graph\">{\"@context\":\"https:\\\/\\\/schema.org\",\"@graph\":[{\"@type\":\"WebPage\",\"@id\":\"https:\\\/\\\/animefigurer.se\\\/figurer\\\/jujutsu-kaisen\\\/jujutsu-kaisen-nendoroid-plus-yuji-itadori-rubber-mascot\\\/\",\"url\":\"https:\\\/\\\/animefigurer.se\\\/figurer\\\/jujutsu-kaisen\\\/jujutsu-kaisen-nendoroid-plus-yuji-itadori-rubber-mascot\\\/\",\"name\":\"Jujutsu Kaisen Nendoroid Plus: Yuji Itadori Rubber Mascot | Animefigurer.se\",\"isPartOf\":{\"@id\":\"https:\\\/\\\/animefigurer.se\\\/#website\"},\"primaryImageOfPage\":{\"@id\":\"https:\\\/\\\/animefigurer.se\\\/figurer\\\/jujutsu-kaisen\\\/jujutsu-kaisen-nendoroid-plus-yuji-itadori-rubber-mascot\\\/#primaryimage\"},\"image\":{\"@id\":\"https:\\\/\\\/animefigurer.se\\\/figurer\\\/jujutsu-kaisen\\\/jujutsu-kaisen-nendoroid-plus-yuji-itadori-rubber-mascot\\\/#primaryimage\"},\"thumbnailUrl\":\"https:\\\/\\\/animefigurer.se\\\/wp-content\\\/uploads\\\/2026\\\/02\\\/ZuMS3wT0PtWDR5Q1cGdgpEYeVizyNAU6.webp\",\"datePublished\":\"2026-02-01T11:12:00+00:00\",\"dateModified\":\"2026-02-03T16:05:25+00:00\",\"breadcrumb\":{\"@id\":\"https:\\\/\\\/animefigurer.se\\\/figurer\\\/jujutsu-kaisen\\\/jujutsu-kaisen-nendoroid-plus-yuji-itadori-rubber-mascot\\\/#breadcrumb\"},\"inLanguage\":\"en-GB\",\"potentialAction\":[{\"@type\":\"ReadAction\",\"target\":[\"https:\\\/\\\/animefigurer.se\\\/figurer\\\/jujutsu-kaisen\\\/jujutsu-kaisen-nendoroid-plus-yuji-itadori-rubber-mascot\\\/\"]}]},{\"@type\":\"ImageObject\",\"inLanguage\":\"en-GB\",\"@id\":\"https:\\\/\\\/animefigurer.se\\\/figurer\\\/jujutsu-kaisen\\\/jujutsu-kaisen-nendoroid-plus-yuji-itadori-rubber-mascot\\\/#primaryimage\",\"url\":\"https:\\\/\\\/animefigurer.se\\\/wp-content\\\/uploads\\\/2026\\\/02\\\/ZuMS3wT0PtWDR5Q1cGdgpEYeVizyNAU6.webp\",\"contentUrl\":\"https:\\\/\\\/animefigurer.se\\\/wp-content\\\/uploads\\\/2026\\\/02\\\/ZuMS3wT0PtWDR5Q1cGdgpEYeVizyNAU6.webp\",\"width\":1000,\"height\":750,\"caption\":\"Jujutsu Kaisen Nendoroid Plus: Yuji Itadori Rubber Mascot\"},{\"@type\":\"BreadcrumbList\",\"@id\":\"https:\\\/\\\/animefigurer.se\\\/figurer\\\/jujutsu-kaisen\\\/jujutsu-kaisen-nendoroid-plus-yuji-itadori-rubber-mascot\\\/#breadcrumb\",\"itemListElement\":[{\"@type\":\"ListItem\",\"position\":1,\"name\":\"Home\",\"item\":\"https:\\\/\\\/animefigurer.se\\\/\"},{\"@type\":\"ListItem\",\"position\":2,\"name\":\"Butik\",\"item\":\"https:\\\/\\\/animefigurer.se\\\/figurer\\\/\"},{\"@type\":\"ListItem\",\"position\":3,\"name\":\"Jujutsu Kaisen Nendoroid Plus: Yuji Itadori Rubber Mascot\"}]},{\"@type\":\"WebSite\",\"@id\":\"https:\\\/\\\/animefigurer.se\\\/#website\",\"url\":\"https:\\\/\\\/animefigurer.se\\\/\",\"name\":\"Animefigurer.se\",\"description\":\"Anime figurer fr\u00e5n \u00f6ver 300 olika anime serier med \u00f6ver 9000 produkter | Anime Shop\",\"publisher\":{\"@id\":\"https:\\\/\\\/animefigurer.se\\\/#organization\"},\"potentialAction\":[{\"@type\":\"SearchAction\",\"target\":{\"@type\":\"EntryPoint\",\"urlTemplate\":\"https:\\\/\\\/animefigurer.se\\\/?s={search_term_string}\"},\"query-input\":{\"@type\":\"PropertyValueSpecification\",\"valueRequired\":true,\"valueName\":\"search_term_string\"}}],\"inLanguage\":\"en-GB\"},{\"@type\":\"Organization\",\"@id\":\"https:\\\/\\\/animefigurer.se\\\/#organization\",\"name\":\"Animefigurer.se\",\"alternateName\":\"Anime figurer | Anime shop\",\"url\":\"https:\\\/\\\/animefigurer.se\\\/\",\"logo\":{\"@type\":\"ImageObject\",\"inLanguage\":\"en-GB\",\"@id\":\"https:\\\/\\\/animefigurer.se\\\/#\\\/schema\\\/logo\\\/image\\\/\",\"url\":\"https:\\\/\\\/animefigurer.se\\\/wp-content\\\/uploads\\\/2025\\\/12\\\/Animefigurer_logowhite.png\",\"contentUrl\":\"https:\\\/\\\/animefigurer.se\\\/wp-content\\\/uploads\\\/2025\\\/12\\\/Animefigurer_logowhite.png\",\"width\":1890,\"height\":1417,\"caption\":\"Animefigurer.se\"},\"image\":{\"@id\":\"https:\\\/\\\/animefigurer.se\\\/#\\\/schema\\\/logo\\\/image\\\/\"},\"sameAs\":[\"https:\\\/\\\/www.facebook.com\\\/profile.php?id=61581826539670\",\"https:\\\/\\\/www.instagram.com\\\/animefigurer.se\\\/\"],\"email\":\"info@animefigurer.se\"}]}<\/script>\n<!-- \/ Yoast SEO Premium plugin. -->","yoast_head_json":{"title":"Jujutsu Kaisen Nendoroid Plus: Yuji Itadori Rubber Mascot | Animefigurer.se","robots":{"index":"index","follow":"follow","max-snippet":"max-snippet:-1","max-image-preview":"max-image-preview:large","max-video-preview":"max-video-preview:-1"},"canonical":"https:\/\/animefigurer.se\/en\/figurer\/the-jujutsu-kaise\/jujutsu-kaisen-nendoroid-plus-yuji-itadori-rubber-mascot\/","og_locale":"en_GB","og_type":"article","og_title":"Jujutsu Kaisen Nendoroid Plus: Yuji Itadori Rubber Mascot","og_description":"\u00f6r dig som \u00e4lskar Jujutsu Kaisen kommer h\u00e4r en charmig Nendoroid Plus Tigerjudo Yuji Itadori Rubber Mascot-figur fr\u00e5n Good Smile Company. Denna s\u00f6ta gummimaskot f\u00e5ngar Nendoroid-seriens karakt\u00e4ristiska chibi-stil i miniformat och erbjuder en l\u00e4ttplacerad detalj som passar b\u00e5de i samlingen, p\u00e5 skrivbordet eller som ett lekfullt tillskott till din nyckelring eller v\u00e4ska. Tillverkad i PVC [&hellip;]","og_url":"https:\/\/animefigurer.se\/en\/figurer\/the-jujutsu-kaise\/jujutsu-kaisen-nendoroid-plus-yuji-itadori-rubber-mascot\/","og_site_name":"Animefigurer.se","article_publisher":"https:\/\/www.facebook.com\/profile.php?id=61581826539670","article_modified_time":"2026-02-03T16:05:25+00:00","og_image":[{"width":1000,"height":750,"url":"https:\/\/animefigurer.se\/wp-content\/uploads\/2026\/02\/ZuMS3wT0PtWDR5Q1cGdgpEYeVizyNAU6.webp","type":"image\/webp"}],"twitter_card":"summary_large_image","twitter_misc":{"Estimated reading time":"1 minute"},"schema":{"@context":"https:\/\/schema.org","@graph":[{"@type":"WebPage","@id":"https:\/\/animefigurer.se\/figurer\/jujutsu-kaisen\/jujutsu-kaisen-nendoroid-plus-yuji-itadori-rubber-mascot\/","url":"https:\/\/animefigurer.se\/figurer\/jujutsu-kaisen\/jujutsu-kaisen-nendoroid-plus-yuji-itadori-rubber-mascot\/","name":"Jujutsu Kaisen Nendoroid Plus: Yuji Itadori Rubber Mascot | Animefigurer.se","isPartOf":{"@id":"https:\/\/animefigurer.se\/#website"},"primaryImageOfPage":{"@id":"https:\/\/animefigurer.se\/figurer\/jujutsu-kaisen\/jujutsu-kaisen-nendoroid-plus-yuji-itadori-rubber-mascot\/#primaryimage"},"image":{"@id":"https:\/\/animefigurer.se\/figurer\/jujutsu-kaisen\/jujutsu-kaisen-nendoroid-plus-yuji-itadori-rubber-mascot\/#primaryimage"},"thumbnailUrl":"https:\/\/animefigurer.se\/wp-content\/uploads\/2026\/02\/ZuMS3wT0PtWDR5Q1cGdgpEYeVizyNAU6.webp","datePublished":"2026-02-01T11:12:00+00:00","dateModified":"2026-02-03T16:05:25+00:00","breadcrumb":{"@id":"https:\/\/animefigurer.se\/figurer\/jujutsu-kaisen\/jujutsu-kaisen-nendoroid-plus-yuji-itadori-rubber-mascot\/#breadcrumb"},"inLanguage":"en-GB","potentialAction":[{"@type":"ReadAction","target":["https:\/\/animefigurer.se\/figurer\/jujutsu-kaisen\/jujutsu-kaisen-nendoroid-plus-yuji-itadori-rubber-mascot\/"]}]},{"@type":"ImageObject","inLanguage":"en-GB","@id":"https:\/\/animefigurer.se\/figurer\/jujutsu-kaisen\/jujutsu-kaisen-nendoroid-plus-yuji-itadori-rubber-mascot\/#primaryimage","url":"https:\/\/animefigurer.se\/wp-content\/uploads\/2026\/02\/ZuMS3wT0PtWDR5Q1cGdgpEYeVizyNAU6.webp","contentUrl":"https:\/\/animefigurer.se\/wp-content\/uploads\/2026\/02\/ZuMS3wT0PtWDR5Q1cGdgpEYeVizyNAU6.webp","width":1000,"height":750,"caption":"Jujutsu Kaisen Nendoroid Plus: Yuji Itadori Rubber Mascot"},{"@type":"BreadcrumbList","@id":"https:\/\/animefigurer.se\/figurer\/jujutsu-kaisen\/jujutsu-kaisen-nendoroid-plus-yuji-itadori-rubber-mascot\/#breadcrumb","itemListElement":[{"@type":"ListItem","position":1,"name":"Home","item":"https:\/\/animefigurer.se\/"},{"@type":"ListItem","position":2,"name":"Butik","item":"https:\/\/animefigurer.se\/figurer\/"},{"@type":"ListItem","position":3,"name":"Jujutsu Kaisen Nendoroid Plus: Yuji Itadori Rubber Mascot"}]},{"@type":"WebSite","@id":"https:\/\/animefigurer.se\/#website","url":"https:\/\/animefigurer.se\/","name":"Animefigurer.se","description":"Anime figures from over 300 different anime series with over 9000 products | Anime Shop","publisher":{"@id":"https:\/\/animefigurer.se\/#organization"},"potentialAction":[{"@type":"SearchAction","target":{"@type":"EntryPoint","urlTemplate":"https:\/\/animefigurer.se\/?s={search_term_string}"},"query-input":{"@type":"PropertyValueSpecification","valueRequired":true,"valueName":"search_term_string"}}],"inLanguage":"en-GB"},{"@type":"Organization","@id":"https:\/\/animefigurer.se\/#organization","name":"Animefigurer.se","alternateName":"Anime figurer | Anime shop","url":"https:\/\/animefigurer.se\/","logo":{"@type":"ImageObject","inLanguage":"en-GB","@id":"https:\/\/animefigurer.se\/#\/schema\/logo\/image\/","url":"https:\/\/animefigurer.se\/wp-content\/uploads\/2025\/12\/Animefigurer_logowhite.png","contentUrl":"https:\/\/animefigurer.se\/wp-content\/uploads\/2025\/12\/Animefigurer_logowhite.png","width":1890,"height":1417,"caption":"Animefigurer.se"},"image":{"@id":"https:\/\/animefigurer.se\/#\/schema\/logo\/image\/"},"sameAs":["https:\/\/www.facebook.com\/profile.php?id=61581826539670","https:\/\/www.instagram.com\/animefigurer.se\/"],"email":"info@animefigurer.se"}]}},"_links":{"self":[{"href":"https:\/\/animefigurer.se\/en\/wp-json\/wp\/v2\/product\/89347","targetHints":{"allow":["GET"]}}],"collection":[{"href":"https:\/\/animefigurer.se\/en\/wp-json\/wp\/v2\/product"}],"about":[{"href":"https:\/\/animefigurer.se\/en\/wp-json\/wp\/v2\/types\/product"}],"replies":[{"embeddable":true,"href":"https:\/\/animefigurer.se\/en\/wp-json\/wp\/v2\/comments?post=89347"}],"wp:featuredmedia":[{"embeddable":true,"href":"https:\/\/animefigurer.se\/en\/wp-json\/wp\/v2\/media\/89349"}],"wp:attachment":[{"href":"https:\/\/animefigurer.se\/en\/wp-json\/wp\/v2\/media?parent=89347"}],"wp:term":[{"taxonomy":"product_brand","embeddable":true,"href":"https:\/\/animefigurer.se\/en\/wp-json\/wp\/v2\/product_brand?post=89347"},{"taxonomy":"product_cat","embeddable":true,"href":"https:\/\/animefigurer.se\/en\/wp-json\/wp\/v2\/product_cat?post=89347"},{"taxonomy":"product_tag","embeddable":true,"href":"https:\/\/animefigurer.se\/en\/wp-json\/wp\/v2\/product_tag?post=89347"},{"taxonomy":"giftcard-category","embeddable":true,"href":"https:\/\/animefigurer.se\/en\/wp-json\/wp\/v2\/giftcard-category?post=89347"}],"curies":[{"name":"wp","href":"https:\/\/api.w.org\/{rel}","templated":true}]}}