{"id":89263,"date":"2026-02-01T12:10:00","date_gmt":"2026-02-01T11:10:00","guid":{"rendered":"https:\/\/animefigurer.se\/?post_type=product&#038;p=89263"},"modified":"2026-05-05T09:28:28","modified_gmt":"2026-05-05T07:28:28","slug":"figuarts-zero-boruto-uzumaki-boruto-kizuna-relation","status":"publish","type":"product","link":"https:\/\/animefigurer.se\/en\/figurer\/boruto\/figuarts-zero-boruto-uzumaki-boruto-kizuna-relation\/","title":{"rendered":"Figuarts Zero Boruto Uzumaki Boruto Kizuna Relation"},"content":{"rendered":"<p data-start=\"140\" data-end=\"752\">Deepen your <em data-start=\"193\" data-end=\"201\">Boruto<\/em>-collection with this <strong data-start=\"220\" data-end=\"277\">Figuarts Zero Boruto Uzumaki \u2013 Boruto Kizuna Relationship<\/strong>figure from Bandai. The figure is carefully crafted to depict Boruto in an expressive pose that captures his energy and character design from the series. The figure comes in original packaging with estimated dimensions of approx. <strong data-start=\"491\" data-end=\"510\">24 \u00d7 28 \u00d7 26 cm<\/strong> and a weight around <strong data-start=\"528\" data-end=\"538\">1040g<\/strong>, ready to be displayed in your glass display, on your shelf or as a centerpiece in your collection. A perfect addition for fans looking to complete their figure series with a detailed and iconic character model from <em data-start=\"743\" data-end=\"751\">Boruto<\/em>.<\/p>","protected":false},"excerpt":{"rendered":"<p>F\u00f6rdjupa din Boruto-samling med denna Figuarts Zero Boruto Uzumaki \u2013 Boruto Kizuna Relation-figur fr\u00e5n Bandai. Figuren \u00e4r noggrant utformad f\u00f6r att \u00e5terge Boruto i en uttrycksfull pose som f\u00e5ngar hans energi och karakt\u00e4rsdesign fr\u00e5n serien. Figuren levereras i originalf\u00f6rpackning med uppskattade m\u00e5tt ca 24 \u00d7 28 \u00d7 26 cm och en vikt runt 1040 g, [&hellip;]<\/p>\n","protected":false},"featured_media":89258,"comment_status":"open","ping_status":"closed","template":"","meta":{"_acf_changed":false,"_monsterinsights_skip_tracking":false,"_monsterinsights_sitenote_active":false,"_monsterinsights_sitenote_note":"","_monsterinsights_sitenote_category":0},"product_brand":[6924],"product_cat":[7454],"product_tag":[25],"giftcard-category":[],"class_list":{"0":"post-89263","1":"product","2":"type-product","3":"status-publish","4":"has-post-thumbnail","6":"product_brand-bandai","7":"product_cat-boruto","8":"product_tag-i-lager","9":"pa_franchise-naruto","10":"pa_karaktar-boruto-uzumaki","11":"pa_material-pvc-abs","12":"pa_produktserie-figuarts-zero","14":"first","15":"instock","16":"sale","17":"taxable","18":"shipping-taxable","19":"purchasable","20":"product-type-simple"},"acf":[],"yoast_head":"<!-- This site is optimized with the Yoast SEO Premium plugin v24.6 (Yoast SEO v27.4) - https:\/\/yoast.com\/product\/yoast-seo-premium-wordpress\/ -->\n<title>Figuarts Zero Boruto Uzumaki Boruto Kizuna Relation | Animefigurer.se<\/title>\n<meta name=\"robots\" content=\"index, follow, max-snippet:-1, max-image-preview:large, max-video-preview:-1\" \/>\n<link rel=\"canonical\" href=\"https:\/\/animefigurer.se\/en\/figurer\/boruto\/figuarts-zero-boruto-uzumaki-boruto-kizuna-relation\/\" \/>\n<meta property=\"og:locale\" content=\"en_GB\" \/>\n<meta property=\"og:type\" content=\"article\" \/>\n<meta property=\"og:title\" content=\"Figuarts Zero Boruto Uzumaki Boruto Kizuna Relation\" \/>\n<meta property=\"og:description\" content=\"F\u00f6rdjupa din Boruto-samling med denna Figuarts Zero Boruto Uzumaki \u2013 Boruto Kizuna Relation-figur fr\u00e5n Bandai. Figuren \u00e4r noggrant utformad f\u00f6r att \u00e5terge Boruto i en uttrycksfull pose som f\u00e5ngar hans energi och karakt\u00e4rsdesign fr\u00e5n serien. Figuren levereras i originalf\u00f6rpackning med uppskattade m\u00e5tt ca 24 \u00d7 28 \u00d7 26 cm och en vikt runt 1040 g, [&hellip;]\" \/>\n<meta property=\"og:url\" content=\"https:\/\/animefigurer.se\/en\/figurer\/boruto\/figuarts-zero-boruto-uzumaki-boruto-kizuna-relation\/\" \/>\n<meta property=\"og:site_name\" content=\"Animefigurer.se\" \/>\n<meta property=\"article:publisher\" content=\"https:\/\/www.facebook.com\/profile.php?id=61581826539670\" \/>\n<meta property=\"article:modified_time\" content=\"2026-05-05T07:28:28+00:00\" \/>\n<meta property=\"og:image\" content=\"https:\/\/animefigurer.se\/wp-content\/uploads\/2026\/01\/65056_1_360x.webp\" \/>\n\t<meta property=\"og:image:width\" content=\"360\" \/>\n\t<meta property=\"og:image:height\" content=\"450\" \/>\n\t<meta property=\"og:image:type\" content=\"image\/webp\" \/>\n<meta name=\"twitter:card\" content=\"summary_large_image\" \/>\n<meta name=\"twitter:label1\" content=\"Estimated reading time\" \/>\n\t<meta name=\"twitter:data1\" content=\"1 minute\" \/>\n<script type=\"application\/ld+json\" class=\"yoast-schema-graph\">{\"@context\":\"https:\\\/\\\/schema.org\",\"@graph\":[{\"@type\":\"WebPage\",\"@id\":\"https:\\\/\\\/animefigurer.se\\\/figurer\\\/boruto\\\/figuarts-zero-boruto-uzumaki-boruto-kizuna-relation\\\/\",\"url\":\"https:\\\/\\\/animefigurer.se\\\/figurer\\\/boruto\\\/figuarts-zero-boruto-uzumaki-boruto-kizuna-relation\\\/\",\"name\":\"Figuarts Zero Boruto Uzumaki Boruto Kizuna Relation | Animefigurer.se\",\"isPartOf\":{\"@id\":\"https:\\\/\\\/animefigurer.se\\\/#website\"},\"primaryImageOfPage\":{\"@id\":\"https:\\\/\\\/animefigurer.se\\\/figurer\\\/boruto\\\/figuarts-zero-boruto-uzumaki-boruto-kizuna-relation\\\/#primaryimage\"},\"image\":{\"@id\":\"https:\\\/\\\/animefigurer.se\\\/figurer\\\/boruto\\\/figuarts-zero-boruto-uzumaki-boruto-kizuna-relation\\\/#primaryimage\"},\"thumbnailUrl\":\"https:\\\/\\\/animefigurer.se\\\/wp-content\\\/uploads\\\/2026\\\/01\\\/65056_1_360x.webp\",\"datePublished\":\"2026-02-01T11:10:00+00:00\",\"dateModified\":\"2026-05-05T07:28:28+00:00\",\"breadcrumb\":{\"@id\":\"https:\\\/\\\/animefigurer.se\\\/figurer\\\/boruto\\\/figuarts-zero-boruto-uzumaki-boruto-kizuna-relation\\\/#breadcrumb\"},\"inLanguage\":\"en-GB\",\"potentialAction\":[{\"@type\":\"ReadAction\",\"target\":[\"https:\\\/\\\/animefigurer.se\\\/figurer\\\/boruto\\\/figuarts-zero-boruto-uzumaki-boruto-kizuna-relation\\\/\"]}]},{\"@type\":\"ImageObject\",\"inLanguage\":\"en-GB\",\"@id\":\"https:\\\/\\\/animefigurer.se\\\/figurer\\\/boruto\\\/figuarts-zero-boruto-uzumaki-boruto-kizuna-relation\\\/#primaryimage\",\"url\":\"https:\\\/\\\/animefigurer.se\\\/wp-content\\\/uploads\\\/2026\\\/01\\\/65056_1_360x.webp\",\"contentUrl\":\"https:\\\/\\\/animefigurer.se\\\/wp-content\\\/uploads\\\/2026\\\/01\\\/65056_1_360x.webp\",\"width\":360,\"height\":450,\"caption\":\"Figuarts Zero Boruto Uzumaki Boruto Kizuna Relation\"},{\"@type\":\"BreadcrumbList\",\"@id\":\"https:\\\/\\\/animefigurer.se\\\/figurer\\\/boruto\\\/figuarts-zero-boruto-uzumaki-boruto-kizuna-relation\\\/#breadcrumb\",\"itemListElement\":[{\"@type\":\"ListItem\",\"position\":1,\"name\":\"Home\",\"item\":\"https:\\\/\\\/animefigurer.se\\\/\"},{\"@type\":\"ListItem\",\"position\":2,\"name\":\"Butik\",\"item\":\"https:\\\/\\\/animefigurer.se\\\/figurer\\\/\"},{\"@type\":\"ListItem\",\"position\":3,\"name\":\"Figuarts Zero Boruto Uzumaki Boruto Kizuna Relation\"}]},{\"@type\":\"WebSite\",\"@id\":\"https:\\\/\\\/animefigurer.se\\\/#website\",\"url\":\"https:\\\/\\\/animefigurer.se\\\/\",\"name\":\"Animefigurer.se\",\"description\":\"Anime figurer fr\u00e5n \u00f6ver 300 olika anime serier med \u00f6ver 9000 produkter | Anime Shop\",\"publisher\":{\"@id\":\"https:\\\/\\\/animefigurer.se\\\/#organization\"},\"potentialAction\":[{\"@type\":\"SearchAction\",\"target\":{\"@type\":\"EntryPoint\",\"urlTemplate\":\"https:\\\/\\\/animefigurer.se\\\/?s={search_term_string}\"},\"query-input\":{\"@type\":\"PropertyValueSpecification\",\"valueRequired\":true,\"valueName\":\"search_term_string\"}}],\"inLanguage\":\"en-GB\"},{\"@type\":\"Organization\",\"@id\":\"https:\\\/\\\/animefigurer.se\\\/#organization\",\"name\":\"Animefigurer.se\",\"alternateName\":\"Anime figurer | Anime shop\",\"url\":\"https:\\\/\\\/animefigurer.se\\\/\",\"logo\":{\"@type\":\"ImageObject\",\"inLanguage\":\"en-GB\",\"@id\":\"https:\\\/\\\/animefigurer.se\\\/#\\\/schema\\\/logo\\\/image\\\/\",\"url\":\"https:\\\/\\\/animefigurer.se\\\/wp-content\\\/uploads\\\/2025\\\/12\\\/Animefigurer_logowhite.png\",\"contentUrl\":\"https:\\\/\\\/animefigurer.se\\\/wp-content\\\/uploads\\\/2025\\\/12\\\/Animefigurer_logowhite.png\",\"width\":1890,\"height\":1417,\"caption\":\"Animefigurer.se\"},\"image\":{\"@id\":\"https:\\\/\\\/animefigurer.se\\\/#\\\/schema\\\/logo\\\/image\\\/\"},\"sameAs\":[\"https:\\\/\\\/www.facebook.com\\\/profile.php?id=61581826539670\",\"https:\\\/\\\/www.instagram.com\\\/animefigurer.se\\\/\"],\"email\":\"info@animefigurer.se\"}]}<\/script>\n<!-- \/ Yoast SEO Premium plugin. -->","yoast_head_json":{"title":"Figuarts Zero Boruto Uzumaki Boruto Kizuna Relation | Animefigurer.se","robots":{"index":"index","follow":"follow","max-snippet":"max-snippet:-1","max-image-preview":"max-image-preview:large","max-video-preview":"max-video-preview:-1"},"canonical":"https:\/\/animefigurer.se\/en\/figurer\/boruto\/figuarts-zero-boruto-uzumaki-boruto-kizuna-relation\/","og_locale":"en_GB","og_type":"article","og_title":"Figuarts Zero Boruto Uzumaki Boruto Kizuna Relation","og_description":"F\u00f6rdjupa din Boruto-samling med denna Figuarts Zero Boruto Uzumaki \u2013 Boruto Kizuna Relation-figur fr\u00e5n Bandai. Figuren \u00e4r noggrant utformad f\u00f6r att \u00e5terge Boruto i en uttrycksfull pose som f\u00e5ngar hans energi och karakt\u00e4rsdesign fr\u00e5n serien. Figuren levereras i originalf\u00f6rpackning med uppskattade m\u00e5tt ca 24 \u00d7 28 \u00d7 26 cm och en vikt runt 1040 g, [&hellip;]","og_url":"https:\/\/animefigurer.se\/en\/figurer\/boruto\/figuarts-zero-boruto-uzumaki-boruto-kizuna-relation\/","og_site_name":"Animefigurer.se","article_publisher":"https:\/\/www.facebook.com\/profile.php?id=61581826539670","article_modified_time":"2026-05-05T07:28:28+00:00","og_image":[{"width":360,"height":450,"url":"https:\/\/animefigurer.se\/wp-content\/uploads\/2026\/01\/65056_1_360x.webp","type":"image\/webp"}],"twitter_card":"summary_large_image","twitter_misc":{"Estimated reading time":"1 minute"},"schema":{"@context":"https:\/\/schema.org","@graph":[{"@type":"WebPage","@id":"https:\/\/animefigurer.se\/figurer\/boruto\/figuarts-zero-boruto-uzumaki-boruto-kizuna-relation\/","url":"https:\/\/animefigurer.se\/figurer\/boruto\/figuarts-zero-boruto-uzumaki-boruto-kizuna-relation\/","name":"Figuarts Zero Boruto Uzumaki Boruto Kizuna Relation | Animefigurer.se","isPartOf":{"@id":"https:\/\/animefigurer.se\/#website"},"primaryImageOfPage":{"@id":"https:\/\/animefigurer.se\/figurer\/boruto\/figuarts-zero-boruto-uzumaki-boruto-kizuna-relation\/#primaryimage"},"image":{"@id":"https:\/\/animefigurer.se\/figurer\/boruto\/figuarts-zero-boruto-uzumaki-boruto-kizuna-relation\/#primaryimage"},"thumbnailUrl":"https:\/\/animefigurer.se\/wp-content\/uploads\/2026\/01\/65056_1_360x.webp","datePublished":"2026-02-01T11:10:00+00:00","dateModified":"2026-05-05T07:28:28+00:00","breadcrumb":{"@id":"https:\/\/animefigurer.se\/figurer\/boruto\/figuarts-zero-boruto-uzumaki-boruto-kizuna-relation\/#breadcrumb"},"inLanguage":"en-GB","potentialAction":[{"@type":"ReadAction","target":["https:\/\/animefigurer.se\/figurer\/boruto\/figuarts-zero-boruto-uzumaki-boruto-kizuna-relation\/"]}]},{"@type":"ImageObject","inLanguage":"en-GB","@id":"https:\/\/animefigurer.se\/figurer\/boruto\/figuarts-zero-boruto-uzumaki-boruto-kizuna-relation\/#primaryimage","url":"https:\/\/animefigurer.se\/wp-content\/uploads\/2026\/01\/65056_1_360x.webp","contentUrl":"https:\/\/animefigurer.se\/wp-content\/uploads\/2026\/01\/65056_1_360x.webp","width":360,"height":450,"caption":"Figuarts Zero Boruto Uzumaki Boruto Kizuna Relation"},{"@type":"BreadcrumbList","@id":"https:\/\/animefigurer.se\/figurer\/boruto\/figuarts-zero-boruto-uzumaki-boruto-kizuna-relation\/#breadcrumb","itemListElement":[{"@type":"ListItem","position":1,"name":"Home","item":"https:\/\/animefigurer.se\/"},{"@type":"ListItem","position":2,"name":"Butik","item":"https:\/\/animefigurer.se\/figurer\/"},{"@type":"ListItem","position":3,"name":"Figuarts Zero Boruto Uzumaki Boruto Kizuna Relation"}]},{"@type":"WebSite","@id":"https:\/\/animefigurer.se\/#website","url":"https:\/\/animefigurer.se\/","name":"Animefigurer.se","description":"Anime figures from over 300 different anime series with over 9000 products | Anime Shop","publisher":{"@id":"https:\/\/animefigurer.se\/#organization"},"potentialAction":[{"@type":"SearchAction","target":{"@type":"EntryPoint","urlTemplate":"https:\/\/animefigurer.se\/?s={search_term_string}"},"query-input":{"@type":"PropertyValueSpecification","valueRequired":true,"valueName":"search_term_string"}}],"inLanguage":"en-GB"},{"@type":"Organization","@id":"https:\/\/animefigurer.se\/#organization","name":"Animefigurer.se","alternateName":"Anime figurer | Anime shop","url":"https:\/\/animefigurer.se\/","logo":{"@type":"ImageObject","inLanguage":"en-GB","@id":"https:\/\/animefigurer.se\/#\/schema\/logo\/image\/","url":"https:\/\/animefigurer.se\/wp-content\/uploads\/2025\/12\/Animefigurer_logowhite.png","contentUrl":"https:\/\/animefigurer.se\/wp-content\/uploads\/2025\/12\/Animefigurer_logowhite.png","width":1890,"height":1417,"caption":"Animefigurer.se"},"image":{"@id":"https:\/\/animefigurer.se\/#\/schema\/logo\/image\/"},"sameAs":["https:\/\/www.facebook.com\/profile.php?id=61581826539670","https:\/\/www.instagram.com\/animefigurer.se\/"],"email":"info@animefigurer.se"}]}},"_links":{"self":[{"href":"https:\/\/animefigurer.se\/en\/wp-json\/wp\/v2\/product\/89263","targetHints":{"allow":["GET"]}}],"collection":[{"href":"https:\/\/animefigurer.se\/en\/wp-json\/wp\/v2\/product"}],"about":[{"href":"https:\/\/animefigurer.se\/en\/wp-json\/wp\/v2\/types\/product"}],"replies":[{"embeddable":true,"href":"https:\/\/animefigurer.se\/en\/wp-json\/wp\/v2\/comments?post=89263"}],"wp:featuredmedia":[{"embeddable":true,"href":"https:\/\/animefigurer.se\/en\/wp-json\/wp\/v2\/media\/89258"}],"wp:attachment":[{"href":"https:\/\/animefigurer.se\/en\/wp-json\/wp\/v2\/media?parent=89263"}],"wp:term":[{"taxonomy":"product_brand","embeddable":true,"href":"https:\/\/animefigurer.se\/en\/wp-json\/wp\/v2\/product_brand?post=89263"},{"taxonomy":"product_cat","embeddable":true,"href":"https:\/\/animefigurer.se\/en\/wp-json\/wp\/v2\/product_cat?post=89263"},{"taxonomy":"product_tag","embeddable":true,"href":"https:\/\/animefigurer.se\/en\/wp-json\/wp\/v2\/product_tag?post=89263"},{"taxonomy":"giftcard-category","embeddable":true,"href":"https:\/\/animefigurer.se\/en\/wp-json\/wp\/v2\/giftcard-category?post=89263"}],"curies":[{"name":"wp","href":"https:\/\/api.w.org\/{rel}","templated":true}]}}