{"id":89234,"date":"2026-02-01T12:10:00","date_gmt":"2026-02-01T11:10:00","guid":{"rendered":"https:\/\/animefigurer.se\/?post_type=product&#038;p=89234"},"modified":"2026-02-01T12:19:38","modified_gmt":"2026-02-01T11:19:38","slug":"saint-seiya-saint-cosmo-memoir-leo-aiolia","status":"publish","type":"product","link":"https:\/\/animefigurer.se\/en\/figurer\/saint-seiya\/saint-seiya-saint-cosmo-memoir-leo-aiolia\/","title":{"rendered":"Saint Seiya Saint Cosmo Memoir Leo Aiolia"},"content":{"rendered":"<p>Showcase your interest in classic anime with this <strong data-start=\"251\" data-end=\"296\">Saint Seiya Saint Cosmo Memoir Leo Aiolia<\/strong>figure, an elegant detail for all serious collectors. The figure comes in original packaging with estimated dimensions approx. <strong data-start=\"412\" data-end=\"434\">20 \u00d7 17.5 \u00d7 7.5 cm<\/strong> and a weight around <strong data-start=\"452\" data-end=\"461\">175g<\/strong>, making it easy to place in a display cabinet, on a shelf or in your collector&#039;s room. This model captures the character&#039;s powerful aura and iconic design in a stylish presentation \u2014 perfect to complement your <em data-start=\"675\" data-end=\"688\">Saint Seiya<\/em>collection with a classic motif.<\/p>","protected":false},"excerpt":{"rendered":"<p><br data-mce-bogus=\"1\"><\/p>","protected":false},"featured_media":89235,"comment_status":"open","ping_status":"closed","template":"","meta":{"_acf_changed":false,"_monsterinsights_skip_tracking":false,"_monsterinsights_sitenote_active":false,"_monsterinsights_sitenote_note":"","_monsterinsights_sitenote_category":0},"product_brand":[6928],"product_cat":[4754],"product_tag":[25],"giftcard-category":[],"class_list":{"0":"post-89234","1":"product","2":"type-product","3":"status-publish","4":"has-post-thumbnail","6":"product_brand-banpresto","7":"product_cat-saint-seiya","8":"product_tag-i-lager","9":"pa_franchise-saint-seiya","10":"pa_karaktar-leo-aiolia","12":"first","13":"instock","14":"taxable","15":"shipping-taxable","16":"purchasable","17":"product-type-simple"},"acf":[],"yoast_head":"<!-- This site is optimized with the Yoast SEO Premium plugin v24.6 (Yoast SEO v27.3) - https:\/\/yoast.com\/product\/yoast-seo-premium-wordpress\/ -->\n<title>Saint Seiya Saint Cosmo Memoir Leo Aiolia | Animefigurer.se<\/title>\n<meta name=\"robots\" content=\"index, follow, max-snippet:-1, max-image-preview:large, max-video-preview:-1\" \/>\n<link rel=\"canonical\" href=\"https:\/\/animefigurer.se\/en\/figurer\/saint-seiya\/saint-seiya-saint-cosmo-memoir-leo-aiolia\/\" \/>\n<meta property=\"og:locale\" content=\"en_GB\" \/>\n<meta property=\"og:type\" content=\"article\" \/>\n<meta property=\"og:title\" content=\"Saint Seiya Saint Cosmo Memoir Leo Aiolia\" \/>\n<meta property=\"og:url\" content=\"https:\/\/animefigurer.se\/en\/figurer\/saint-seiya\/saint-seiya-saint-cosmo-memoir-leo-aiolia\/\" \/>\n<meta property=\"og:site_name\" content=\"Animefigurer.se\" \/>\n<meta property=\"article:publisher\" content=\"https:\/\/www.facebook.com\/profile.php?id=61581826539670\" \/>\n<meta property=\"article:modified_time\" content=\"2026-02-01T11:19:38+00:00\" \/>\n<meta property=\"og:image\" content=\"https:\/\/animefigurer.se\/wp-content\/uploads\/2026\/01\/17750BPT_1_360x.webp\" \/>\n\t<meta property=\"og:image:width\" content=\"360\" \/>\n\t<meta property=\"og:image:height\" content=\"359\" \/>\n\t<meta property=\"og:image:type\" content=\"image\/webp\" \/>\n<meta name=\"twitter:card\" content=\"summary_large_image\" \/>\n<meta name=\"twitter:label1\" content=\"Estimated reading time\" \/>\n\t<meta name=\"twitter:data1\" content=\"1 minute\" \/>\n<script type=\"application\/ld+json\" class=\"yoast-schema-graph\">{\"@context\":\"https:\\\/\\\/schema.org\",\"@graph\":[{\"@type\":\"WebPage\",\"@id\":\"https:\\\/\\\/animefigurer.se\\\/figurer\\\/saint-seiya\\\/saint-seiya-saint-cosmo-memoir-leo-aiolia\\\/\",\"url\":\"https:\\\/\\\/animefigurer.se\\\/figurer\\\/saint-seiya\\\/saint-seiya-saint-cosmo-memoir-leo-aiolia\\\/\",\"name\":\"Saint Seiya Saint Cosmo Memoir Leo Aiolia | Animefigurer.se\",\"isPartOf\":{\"@id\":\"https:\\\/\\\/animefigurer.se\\\/#website\"},\"primaryImageOfPage\":{\"@id\":\"https:\\\/\\\/animefigurer.se\\\/figurer\\\/saint-seiya\\\/saint-seiya-saint-cosmo-memoir-leo-aiolia\\\/#primaryimage\"},\"image\":{\"@id\":\"https:\\\/\\\/animefigurer.se\\\/figurer\\\/saint-seiya\\\/saint-seiya-saint-cosmo-memoir-leo-aiolia\\\/#primaryimage\"},\"thumbnailUrl\":\"https:\\\/\\\/animefigurer.se\\\/wp-content\\\/uploads\\\/2026\\\/01\\\/17750BPT_1_360x.webp\",\"datePublished\":\"2026-02-01T11:10:00+00:00\",\"dateModified\":\"2026-02-01T11:19:38+00:00\",\"breadcrumb\":{\"@id\":\"https:\\\/\\\/animefigurer.se\\\/figurer\\\/saint-seiya\\\/saint-seiya-saint-cosmo-memoir-leo-aiolia\\\/#breadcrumb\"},\"inLanguage\":\"en-GB\",\"potentialAction\":[{\"@type\":\"ReadAction\",\"target\":[\"https:\\\/\\\/animefigurer.se\\\/figurer\\\/saint-seiya\\\/saint-seiya-saint-cosmo-memoir-leo-aiolia\\\/\"]}]},{\"@type\":\"ImageObject\",\"inLanguage\":\"en-GB\",\"@id\":\"https:\\\/\\\/animefigurer.se\\\/figurer\\\/saint-seiya\\\/saint-seiya-saint-cosmo-memoir-leo-aiolia\\\/#primaryimage\",\"url\":\"https:\\\/\\\/animefigurer.se\\\/wp-content\\\/uploads\\\/2026\\\/01\\\/17750BPT_1_360x.webp\",\"contentUrl\":\"https:\\\/\\\/animefigurer.se\\\/wp-content\\\/uploads\\\/2026\\\/01\\\/17750BPT_1_360x.webp\",\"width\":360,\"height\":359,\"caption\":\"Saint Seiya Saint Cosmo Memoir Leo Aiolia\"},{\"@type\":\"BreadcrumbList\",\"@id\":\"https:\\\/\\\/animefigurer.se\\\/figurer\\\/saint-seiya\\\/saint-seiya-saint-cosmo-memoir-leo-aiolia\\\/#breadcrumb\",\"itemListElement\":[{\"@type\":\"ListItem\",\"position\":1,\"name\":\"Home\",\"item\":\"https:\\\/\\\/animefigurer.se\\\/\"},{\"@type\":\"ListItem\",\"position\":2,\"name\":\"Butik\",\"item\":\"https:\\\/\\\/animefigurer.se\\\/figurer\\\/\"},{\"@type\":\"ListItem\",\"position\":3,\"name\":\"Saint Seiya Saint Cosmo Memoir Leo Aiolia\"}]},{\"@type\":\"WebSite\",\"@id\":\"https:\\\/\\\/animefigurer.se\\\/#website\",\"url\":\"https:\\\/\\\/animefigurer.se\\\/\",\"name\":\"Animefigurer.se\",\"description\":\"Anime figurer fr\u00e5n \u00f6ver 300 olika anime serier med \u00f6ver 9000 produkter | Anime Shop\",\"publisher\":{\"@id\":\"https:\\\/\\\/animefigurer.se\\\/#organization\"},\"potentialAction\":[{\"@type\":\"SearchAction\",\"target\":{\"@type\":\"EntryPoint\",\"urlTemplate\":\"https:\\\/\\\/animefigurer.se\\\/?s={search_term_string}\"},\"query-input\":{\"@type\":\"PropertyValueSpecification\",\"valueRequired\":true,\"valueName\":\"search_term_string\"}}],\"inLanguage\":\"en-GB\"},{\"@type\":\"Organization\",\"@id\":\"https:\\\/\\\/animefigurer.se\\\/#organization\",\"name\":\"Animefigurer.se\",\"alternateName\":\"Anime figurer | Anime shop\",\"url\":\"https:\\\/\\\/animefigurer.se\\\/\",\"logo\":{\"@type\":\"ImageObject\",\"inLanguage\":\"en-GB\",\"@id\":\"https:\\\/\\\/animefigurer.se\\\/#\\\/schema\\\/logo\\\/image\\\/\",\"url\":\"https:\\\/\\\/animefigurer.se\\\/wp-content\\\/uploads\\\/2025\\\/12\\\/Animefigurer_logowhite.png\",\"contentUrl\":\"https:\\\/\\\/animefigurer.se\\\/wp-content\\\/uploads\\\/2025\\\/12\\\/Animefigurer_logowhite.png\",\"width\":1890,\"height\":1417,\"caption\":\"Animefigurer.se\"},\"image\":{\"@id\":\"https:\\\/\\\/animefigurer.se\\\/#\\\/schema\\\/logo\\\/image\\\/\"},\"sameAs\":[\"https:\\\/\\\/www.facebook.com\\\/profile.php?id=61581826539670\",\"https:\\\/\\\/www.instagram.com\\\/animefigurer.se\\\/\"],\"email\":\"info@animefigurer.se\"}]}<\/script>\n<!-- \/ Yoast SEO Premium plugin. -->","yoast_head_json":{"title":"Saint Seiya Saint Cosmo Memoir Leo Aiolia | Animefigurer.se","robots":{"index":"index","follow":"follow","max-snippet":"max-snippet:-1","max-image-preview":"max-image-preview:large","max-video-preview":"max-video-preview:-1"},"canonical":"https:\/\/animefigurer.se\/en\/figurer\/saint-seiya\/saint-seiya-saint-cosmo-memoir-leo-aiolia\/","og_locale":"en_GB","og_type":"article","og_title":"Saint Seiya Saint Cosmo Memoir Leo Aiolia","og_url":"https:\/\/animefigurer.se\/en\/figurer\/saint-seiya\/saint-seiya-saint-cosmo-memoir-leo-aiolia\/","og_site_name":"Animefigurer.se","article_publisher":"https:\/\/www.facebook.com\/profile.php?id=61581826539670","article_modified_time":"2026-02-01T11:19:38+00:00","og_image":[{"width":360,"height":359,"url":"https:\/\/animefigurer.se\/wp-content\/uploads\/2026\/01\/17750BPT_1_360x.webp","type":"image\/webp"}],"twitter_card":"summary_large_image","twitter_misc":{"Estimated reading time":"1 minute"},"schema":{"@context":"https:\/\/schema.org","@graph":[{"@type":"WebPage","@id":"https:\/\/animefigurer.se\/figurer\/saint-seiya\/saint-seiya-saint-cosmo-memoir-leo-aiolia\/","url":"https:\/\/animefigurer.se\/figurer\/saint-seiya\/saint-seiya-saint-cosmo-memoir-leo-aiolia\/","name":"Saint Seiya Saint Cosmo Memoir Leo Aiolia | Animefigurer.se","isPartOf":{"@id":"https:\/\/animefigurer.se\/#website"},"primaryImageOfPage":{"@id":"https:\/\/animefigurer.se\/figurer\/saint-seiya\/saint-seiya-saint-cosmo-memoir-leo-aiolia\/#primaryimage"},"image":{"@id":"https:\/\/animefigurer.se\/figurer\/saint-seiya\/saint-seiya-saint-cosmo-memoir-leo-aiolia\/#primaryimage"},"thumbnailUrl":"https:\/\/animefigurer.se\/wp-content\/uploads\/2026\/01\/17750BPT_1_360x.webp","datePublished":"2026-02-01T11:10:00+00:00","dateModified":"2026-02-01T11:19:38+00:00","breadcrumb":{"@id":"https:\/\/animefigurer.se\/figurer\/saint-seiya\/saint-seiya-saint-cosmo-memoir-leo-aiolia\/#breadcrumb"},"inLanguage":"en-GB","potentialAction":[{"@type":"ReadAction","target":["https:\/\/animefigurer.se\/figurer\/saint-seiya\/saint-seiya-saint-cosmo-memoir-leo-aiolia\/"]}]},{"@type":"ImageObject","inLanguage":"en-GB","@id":"https:\/\/animefigurer.se\/figurer\/saint-seiya\/saint-seiya-saint-cosmo-memoir-leo-aiolia\/#primaryimage","url":"https:\/\/animefigurer.se\/wp-content\/uploads\/2026\/01\/17750BPT_1_360x.webp","contentUrl":"https:\/\/animefigurer.se\/wp-content\/uploads\/2026\/01\/17750BPT_1_360x.webp","width":360,"height":359,"caption":"Saint Seiya Saint Cosmo Memoir Leo Aiolia"},{"@type":"BreadcrumbList","@id":"https:\/\/animefigurer.se\/figurer\/saint-seiya\/saint-seiya-saint-cosmo-memoir-leo-aiolia\/#breadcrumb","itemListElement":[{"@type":"ListItem","position":1,"name":"Home","item":"https:\/\/animefigurer.se\/"},{"@type":"ListItem","position":2,"name":"Butik","item":"https:\/\/animefigurer.se\/figurer\/"},{"@type":"ListItem","position":3,"name":"Saint Seiya Saint Cosmo Memoir Leo Aiolia"}]},{"@type":"WebSite","@id":"https:\/\/animefigurer.se\/#website","url":"https:\/\/animefigurer.se\/","name":"Animefigurer.se","description":"Anime figures from over 300 different anime series with over 9000 products | Anime Shop","publisher":{"@id":"https:\/\/animefigurer.se\/#organization"},"potentialAction":[{"@type":"SearchAction","target":{"@type":"EntryPoint","urlTemplate":"https:\/\/animefigurer.se\/?s={search_term_string}"},"query-input":{"@type":"PropertyValueSpecification","valueRequired":true,"valueName":"search_term_string"}}],"inLanguage":"en-GB"},{"@type":"Organization","@id":"https:\/\/animefigurer.se\/#organization","name":"Animefigurer.se","alternateName":"Anime figurer | Anime shop","url":"https:\/\/animefigurer.se\/","logo":{"@type":"ImageObject","inLanguage":"en-GB","@id":"https:\/\/animefigurer.se\/#\/schema\/logo\/image\/","url":"https:\/\/animefigurer.se\/wp-content\/uploads\/2025\/12\/Animefigurer_logowhite.png","contentUrl":"https:\/\/animefigurer.se\/wp-content\/uploads\/2025\/12\/Animefigurer_logowhite.png","width":1890,"height":1417,"caption":"Animefigurer.se"},"image":{"@id":"https:\/\/animefigurer.se\/#\/schema\/logo\/image\/"},"sameAs":["https:\/\/www.facebook.com\/profile.php?id=61581826539670","https:\/\/www.instagram.com\/animefigurer.se\/"],"email":"info@animefigurer.se"}]}},"_links":{"self":[{"href":"https:\/\/animefigurer.se\/en\/wp-json\/wp\/v2\/product\/89234","targetHints":{"allow":["GET"]}}],"collection":[{"href":"https:\/\/animefigurer.se\/en\/wp-json\/wp\/v2\/product"}],"about":[{"href":"https:\/\/animefigurer.se\/en\/wp-json\/wp\/v2\/types\/product"}],"replies":[{"embeddable":true,"href":"https:\/\/animefigurer.se\/en\/wp-json\/wp\/v2\/comments?post=89234"}],"wp:featuredmedia":[{"embeddable":true,"href":"https:\/\/animefigurer.se\/en\/wp-json\/wp\/v2\/media\/89235"}],"wp:attachment":[{"href":"https:\/\/animefigurer.se\/en\/wp-json\/wp\/v2\/media?parent=89234"}],"wp:term":[{"taxonomy":"product_brand","embeddable":true,"href":"https:\/\/animefigurer.se\/en\/wp-json\/wp\/v2\/product_brand?post=89234"},{"taxonomy":"product_cat","embeddable":true,"href":"https:\/\/animefigurer.se\/en\/wp-json\/wp\/v2\/product_cat?post=89234"},{"taxonomy":"product_tag","embeddable":true,"href":"https:\/\/animefigurer.se\/en\/wp-json\/wp\/v2\/product_tag?post=89234"},{"taxonomy":"giftcard-category","embeddable":true,"href":"https:\/\/animefigurer.se\/en\/wp-json\/wp\/v2\/giftcard-category?post=89234"}],"curies":[{"name":"wp","href":"https:\/\/api.w.org\/{rel}","templated":true}]}}