{"id":89078,"date":"2026-01-27T11:37:19","date_gmt":"2026-01-27T10:37:19","guid":{"rendered":"https:\/\/animefigurer.se\/?post_type=product&#038;p=89078"},"modified":"2026-04-21T18:41:20","modified_gmt":"2026-04-21T16:41:20","slug":"rezero-starting-life-in-another-world-celestial-vivi-ram-maid-style-ver","status":"publish","type":"product","link":"https:\/\/animefigurer.se\/en\/figurer\/rezero\/rezero-starting-life-in-another-world-celestial-vivi-ram-maid-style-ver\/","title":{"rendered":"Re:Zero Starting Life In Another World Celestial Vivi Ram Maid Style Ver"},"content":{"rendered":"<p data-start=\"37\" data-end=\"619\">For fans of <strong data-start=\"49\" data-end=\"93\">Re:Zero \u2212 Starting Life In Another World<\/strong> here comes a charming figure sculpture of <strong data-start=\"133\" data-end=\"173\">Celestial Vivi Ram in Maid Style Ver.<\/strong> This figure captures the character&#039;s elegance and unique design with a delightful wealth of detail that makes it a perfect addition to your collection. The figure comes in original packaging with approximate packaging dimensions of 20 \u00d7 15.5 \u00d7 10 cm and weighs approximately 205 g \u2014 ready to display on a shelf, desk or in a display cabinet. A fantastic addition for both new and experienced collectors looking to elevate their Re:Zero display with a stylish and collector-friendly model.<\/p>","protected":false},"excerpt":{"rendered":"<p>F\u00f6r fans av Re:Zero \u2212 Starting Life In Another World kommer h\u00e4r en charmig figurskulptur av Celestial Vivi Ram i Maid Style Ver. Den h\u00e4r figuren f\u00e5ngar karakt\u00e4rens elegans och unika design med en f\u00f6rtjusande detaljrikdom som g\u00f6r den till en perfekt prydnad i din samling. Figuren kommer i originalf\u00f6rpackning med ungef\u00e4rliga f\u00f6rpackningsm\u00e5tt 20 \u00d7 [&hellip;]<\/p>\n","protected":false},"featured_media":89079,"comment_status":"open","ping_status":"closed","template":"","meta":{"_acf_changed":false,"_monsterinsights_skip_tracking":false,"_monsterinsights_sitenote_active":false,"_monsterinsights_sitenote_note":"","_monsterinsights_sitenote_category":0},"product_brand":[6928],"product_cat":[8030,4661],"product_tag":[25],"giftcard-category":[],"class_list":{"0":"post-89078","1":"product","2":"type-product","3":"status-publish","4":"has-post-thumbnail","6":"product_brand-banpresto","7":"product_cat-50rea","8":"product_cat-rezero","9":"product_tag-i-lager","10":"pa_franchise-rezero-starting-life-in-another-world","11":"pa_karaktar-ram","12":"pa_produktserie-celestial-vivi","14":"first","15":"instock","16":"sale","17":"taxable","18":"shipping-taxable","19":"purchasable","20":"product-type-simple"},"acf":[],"yoast_head":"<!-- This site is optimized with the Yoast SEO Premium plugin v24.6 (Yoast SEO v27.4) - https:\/\/yoast.com\/product\/yoast-seo-premium-wordpress\/ -->\n<title>Re:Zero Starting Life In Another World Celestial Vivi Ram Maid Style Ver | Animefigurer.se<\/title>\n<meta name=\"robots\" content=\"index, follow, max-snippet:-1, max-image-preview:large, max-video-preview:-1\" \/>\n<link rel=\"canonical\" href=\"https:\/\/animefigurer.se\/en\/figurer\/rezero\/rezero-starting-life-in-another-world-celestial-vivi-ram-maid-style-ver\/\" \/>\n<meta property=\"og:locale\" content=\"en_GB\" \/>\n<meta property=\"og:type\" content=\"article\" \/>\n<meta property=\"og:title\" content=\"Re:Zero Starting Life In Another World Celestial Vivi Ram Maid Style Ver\" \/>\n<meta property=\"og:description\" content=\"F\u00f6r fans av Re:Zero \u2212 Starting Life In Another World kommer h\u00e4r en charmig figurskulptur av Celestial Vivi Ram i Maid Style Ver. Den h\u00e4r figuren f\u00e5ngar karakt\u00e4rens elegans och unika design med en f\u00f6rtjusande detaljrikdom som g\u00f6r den till en perfekt prydnad i din samling. Figuren kommer i originalf\u00f6rpackning med ungef\u00e4rliga f\u00f6rpackningsm\u00e5tt 20 \u00d7 [&hellip;]\" \/>\n<meta property=\"og:url\" content=\"https:\/\/animefigurer.se\/en\/figurer\/rezero\/rezero-starting-life-in-another-world-celestial-vivi-ram-maid-style-ver\/\" \/>\n<meta property=\"og:site_name\" content=\"Animefigurer.se\" \/>\n<meta property=\"article:publisher\" content=\"https:\/\/www.facebook.com\/profile.php?id=61581826539670\" \/>\n<meta property=\"article:modified_time\" content=\"2026-04-21T16:41:20+00:00\" \/>\n<meta property=\"og:image\" content=\"https:\/\/animefigurer.se\/wp-content\/uploads\/2026\/01\/88240_1_360x.webp\" \/>\n\t<meta property=\"og:image:width\" content=\"360\" \/>\n\t<meta property=\"og:image:height\" content=\"359\" \/>\n\t<meta property=\"og:image:type\" content=\"image\/webp\" \/>\n<meta name=\"twitter:card\" content=\"summary_large_image\" \/>\n<meta name=\"twitter:label1\" content=\"Estimated reading time\" \/>\n\t<meta name=\"twitter:data1\" content=\"1 minute\" \/>\n<script type=\"application\/ld+json\" class=\"yoast-schema-graph\">{\"@context\":\"https:\\\/\\\/schema.org\",\"@graph\":[{\"@type\":\"WebPage\",\"@id\":\"https:\\\/\\\/animefigurer.se\\\/figurer\\\/rezero\\\/rezero-starting-life-in-another-world-celestial-vivi-ram-maid-style-ver\\\/\",\"url\":\"https:\\\/\\\/animefigurer.se\\\/figurer\\\/rezero\\\/rezero-starting-life-in-another-world-celestial-vivi-ram-maid-style-ver\\\/\",\"name\":\"Re:Zero Starting Life In Another World Celestial Vivi Ram Maid Style Ver | Animefigurer.se\",\"isPartOf\":{\"@id\":\"https:\\\/\\\/animefigurer.se\\\/#website\"},\"primaryImageOfPage\":{\"@id\":\"https:\\\/\\\/animefigurer.se\\\/figurer\\\/rezero\\\/rezero-starting-life-in-another-world-celestial-vivi-ram-maid-style-ver\\\/#primaryimage\"},\"image\":{\"@id\":\"https:\\\/\\\/animefigurer.se\\\/figurer\\\/rezero\\\/rezero-starting-life-in-another-world-celestial-vivi-ram-maid-style-ver\\\/#primaryimage\"},\"thumbnailUrl\":\"https:\\\/\\\/animefigurer.se\\\/wp-content\\\/uploads\\\/2026\\\/01\\\/88240_1_360x.webp\",\"datePublished\":\"2026-01-27T10:37:19+00:00\",\"dateModified\":\"2026-04-21T16:41:20+00:00\",\"breadcrumb\":{\"@id\":\"https:\\\/\\\/animefigurer.se\\\/figurer\\\/rezero\\\/rezero-starting-life-in-another-world-celestial-vivi-ram-maid-style-ver\\\/#breadcrumb\"},\"inLanguage\":\"en-GB\",\"potentialAction\":[{\"@type\":\"ReadAction\",\"target\":[\"https:\\\/\\\/animefigurer.se\\\/figurer\\\/rezero\\\/rezero-starting-life-in-another-world-celestial-vivi-ram-maid-style-ver\\\/\"]}]},{\"@type\":\"ImageObject\",\"inLanguage\":\"en-GB\",\"@id\":\"https:\\\/\\\/animefigurer.se\\\/figurer\\\/rezero\\\/rezero-starting-life-in-another-world-celestial-vivi-ram-maid-style-ver\\\/#primaryimage\",\"url\":\"https:\\\/\\\/animefigurer.se\\\/wp-content\\\/uploads\\\/2026\\\/01\\\/88240_1_360x.webp\",\"contentUrl\":\"https:\\\/\\\/animefigurer.se\\\/wp-content\\\/uploads\\\/2026\\\/01\\\/88240_1_360x.webp\",\"width\":360,\"height\":359,\"caption\":\"Re:Zero Starting Life In Another World Celestial Vivi Ram Maid Style Ver\"},{\"@type\":\"BreadcrumbList\",\"@id\":\"https:\\\/\\\/animefigurer.se\\\/figurer\\\/rezero\\\/rezero-starting-life-in-another-world-celestial-vivi-ram-maid-style-ver\\\/#breadcrumb\",\"itemListElement\":[{\"@type\":\"ListItem\",\"position\":1,\"name\":\"Home\",\"item\":\"https:\\\/\\\/animefigurer.se\\\/\"},{\"@type\":\"ListItem\",\"position\":2,\"name\":\"Butik\",\"item\":\"https:\\\/\\\/animefigurer.se\\\/figurer\\\/\"},{\"@type\":\"ListItem\",\"position\":3,\"name\":\"Re:Zero Starting Life In Another World Celestial Vivi Ram Maid Style Ver\"}]},{\"@type\":\"WebSite\",\"@id\":\"https:\\\/\\\/animefigurer.se\\\/#website\",\"url\":\"https:\\\/\\\/animefigurer.se\\\/\",\"name\":\"Animefigurer.se\",\"description\":\"Anime figurer fr\u00e5n \u00f6ver 300 olika anime serier med \u00f6ver 9000 produkter | Anime Shop\",\"publisher\":{\"@id\":\"https:\\\/\\\/animefigurer.se\\\/#organization\"},\"potentialAction\":[{\"@type\":\"SearchAction\",\"target\":{\"@type\":\"EntryPoint\",\"urlTemplate\":\"https:\\\/\\\/animefigurer.se\\\/?s={search_term_string}\"},\"query-input\":{\"@type\":\"PropertyValueSpecification\",\"valueRequired\":true,\"valueName\":\"search_term_string\"}}],\"inLanguage\":\"en-GB\"},{\"@type\":\"Organization\",\"@id\":\"https:\\\/\\\/animefigurer.se\\\/#organization\",\"name\":\"Animefigurer.se\",\"alternateName\":\"Anime figurer | Anime shop\",\"url\":\"https:\\\/\\\/animefigurer.se\\\/\",\"logo\":{\"@type\":\"ImageObject\",\"inLanguage\":\"en-GB\",\"@id\":\"https:\\\/\\\/animefigurer.se\\\/#\\\/schema\\\/logo\\\/image\\\/\",\"url\":\"https:\\\/\\\/animefigurer.se\\\/wp-content\\\/uploads\\\/2025\\\/12\\\/Animefigurer_logowhite.png\",\"contentUrl\":\"https:\\\/\\\/animefigurer.se\\\/wp-content\\\/uploads\\\/2025\\\/12\\\/Animefigurer_logowhite.png\",\"width\":1890,\"height\":1417,\"caption\":\"Animefigurer.se\"},\"image\":{\"@id\":\"https:\\\/\\\/animefigurer.se\\\/#\\\/schema\\\/logo\\\/image\\\/\"},\"sameAs\":[\"https:\\\/\\\/www.facebook.com\\\/profile.php?id=61581826539670\",\"https:\\\/\\\/www.instagram.com\\\/animefigurer.se\\\/\"],\"email\":\"info@animefigurer.se\"}]}<\/script>\n<!-- \/ Yoast SEO Premium plugin. -->","yoast_head_json":{"title":"Re:Zero Starting Life In Another World Celestial Vivi Ram Maid Style Ver | Animefigurer.se","robots":{"index":"index","follow":"follow","max-snippet":"max-snippet:-1","max-image-preview":"max-image-preview:large","max-video-preview":"max-video-preview:-1"},"canonical":"https:\/\/animefigurer.se\/en\/figurer\/rezero\/rezero-starting-life-in-another-world-celestial-vivi-ram-maid-style-ver\/","og_locale":"en_GB","og_type":"article","og_title":"Re:Zero Starting Life In Another World Celestial Vivi Ram Maid Style Ver","og_description":"F\u00f6r fans av Re:Zero \u2212 Starting Life In Another World kommer h\u00e4r en charmig figurskulptur av Celestial Vivi Ram i Maid Style Ver. Den h\u00e4r figuren f\u00e5ngar karakt\u00e4rens elegans och unika design med en f\u00f6rtjusande detaljrikdom som g\u00f6r den till en perfekt prydnad i din samling. Figuren kommer i originalf\u00f6rpackning med ungef\u00e4rliga f\u00f6rpackningsm\u00e5tt 20 \u00d7 [&hellip;]","og_url":"https:\/\/animefigurer.se\/en\/figurer\/rezero\/rezero-starting-life-in-another-world-celestial-vivi-ram-maid-style-ver\/","og_site_name":"Animefigurer.se","article_publisher":"https:\/\/www.facebook.com\/profile.php?id=61581826539670","article_modified_time":"2026-04-21T16:41:20+00:00","og_image":[{"width":360,"height":359,"url":"https:\/\/animefigurer.se\/wp-content\/uploads\/2026\/01\/88240_1_360x.webp","type":"image\/webp"}],"twitter_card":"summary_large_image","twitter_misc":{"Estimated reading time":"1 minute"},"schema":{"@context":"https:\/\/schema.org","@graph":[{"@type":"WebPage","@id":"https:\/\/animefigurer.se\/figurer\/rezero\/rezero-starting-life-in-another-world-celestial-vivi-ram-maid-style-ver\/","url":"https:\/\/animefigurer.se\/figurer\/rezero\/rezero-starting-life-in-another-world-celestial-vivi-ram-maid-style-ver\/","name":"Re:Zero Starting Life In Another World Celestial Vivi Ram Maid Style Ver | Animefigurer.se","isPartOf":{"@id":"https:\/\/animefigurer.se\/#website"},"primaryImageOfPage":{"@id":"https:\/\/animefigurer.se\/figurer\/rezero\/rezero-starting-life-in-another-world-celestial-vivi-ram-maid-style-ver\/#primaryimage"},"image":{"@id":"https:\/\/animefigurer.se\/figurer\/rezero\/rezero-starting-life-in-another-world-celestial-vivi-ram-maid-style-ver\/#primaryimage"},"thumbnailUrl":"https:\/\/animefigurer.se\/wp-content\/uploads\/2026\/01\/88240_1_360x.webp","datePublished":"2026-01-27T10:37:19+00:00","dateModified":"2026-04-21T16:41:20+00:00","breadcrumb":{"@id":"https:\/\/animefigurer.se\/figurer\/rezero\/rezero-starting-life-in-another-world-celestial-vivi-ram-maid-style-ver\/#breadcrumb"},"inLanguage":"en-GB","potentialAction":[{"@type":"ReadAction","target":["https:\/\/animefigurer.se\/figurer\/rezero\/rezero-starting-life-in-another-world-celestial-vivi-ram-maid-style-ver\/"]}]},{"@type":"ImageObject","inLanguage":"en-GB","@id":"https:\/\/animefigurer.se\/figurer\/rezero\/rezero-starting-life-in-another-world-celestial-vivi-ram-maid-style-ver\/#primaryimage","url":"https:\/\/animefigurer.se\/wp-content\/uploads\/2026\/01\/88240_1_360x.webp","contentUrl":"https:\/\/animefigurer.se\/wp-content\/uploads\/2026\/01\/88240_1_360x.webp","width":360,"height":359,"caption":"Re:Zero Starting Life In Another World Celestial Vivi Ram Maid Style Ver"},{"@type":"BreadcrumbList","@id":"https:\/\/animefigurer.se\/figurer\/rezero\/rezero-starting-life-in-another-world-celestial-vivi-ram-maid-style-ver\/#breadcrumb","itemListElement":[{"@type":"ListItem","position":1,"name":"Home","item":"https:\/\/animefigurer.se\/"},{"@type":"ListItem","position":2,"name":"Butik","item":"https:\/\/animefigurer.se\/figurer\/"},{"@type":"ListItem","position":3,"name":"Re:Zero Starting Life In Another World Celestial Vivi Ram Maid Style Ver"}]},{"@type":"WebSite","@id":"https:\/\/animefigurer.se\/#website","url":"https:\/\/animefigurer.se\/","name":"Animefigurer.se","description":"Anime figures from over 300 different anime series with over 9000 products | Anime Shop","publisher":{"@id":"https:\/\/animefigurer.se\/#organization"},"potentialAction":[{"@type":"SearchAction","target":{"@type":"EntryPoint","urlTemplate":"https:\/\/animefigurer.se\/?s={search_term_string}"},"query-input":{"@type":"PropertyValueSpecification","valueRequired":true,"valueName":"search_term_string"}}],"inLanguage":"en-GB"},{"@type":"Organization","@id":"https:\/\/animefigurer.se\/#organization","name":"Animefigurer.se","alternateName":"Anime figurer | Anime shop","url":"https:\/\/animefigurer.se\/","logo":{"@type":"ImageObject","inLanguage":"en-GB","@id":"https:\/\/animefigurer.se\/#\/schema\/logo\/image\/","url":"https:\/\/animefigurer.se\/wp-content\/uploads\/2025\/12\/Animefigurer_logowhite.png","contentUrl":"https:\/\/animefigurer.se\/wp-content\/uploads\/2025\/12\/Animefigurer_logowhite.png","width":1890,"height":1417,"caption":"Animefigurer.se"},"image":{"@id":"https:\/\/animefigurer.se\/#\/schema\/logo\/image\/"},"sameAs":["https:\/\/www.facebook.com\/profile.php?id=61581826539670","https:\/\/www.instagram.com\/animefigurer.se\/"],"email":"info@animefigurer.se"}]}},"_links":{"self":[{"href":"https:\/\/animefigurer.se\/en\/wp-json\/wp\/v2\/product\/89078","targetHints":{"allow":["GET"]}}],"collection":[{"href":"https:\/\/animefigurer.se\/en\/wp-json\/wp\/v2\/product"}],"about":[{"href":"https:\/\/animefigurer.se\/en\/wp-json\/wp\/v2\/types\/product"}],"replies":[{"embeddable":true,"href":"https:\/\/animefigurer.se\/en\/wp-json\/wp\/v2\/comments?post=89078"}],"wp:featuredmedia":[{"embeddable":true,"href":"https:\/\/animefigurer.se\/en\/wp-json\/wp\/v2\/media\/89079"}],"wp:attachment":[{"href":"https:\/\/animefigurer.se\/en\/wp-json\/wp\/v2\/media?parent=89078"}],"wp:term":[{"taxonomy":"product_brand","embeddable":true,"href":"https:\/\/animefigurer.se\/en\/wp-json\/wp\/v2\/product_brand?post=89078"},{"taxonomy":"product_cat","embeddable":true,"href":"https:\/\/animefigurer.se\/en\/wp-json\/wp\/v2\/product_cat?post=89078"},{"taxonomy":"product_tag","embeddable":true,"href":"https:\/\/animefigurer.se\/en\/wp-json\/wp\/v2\/product_tag?post=89078"},{"taxonomy":"giftcard-category","embeddable":true,"href":"https:\/\/animefigurer.se\/en\/wp-json\/wp\/v2\/giftcard-category?post=89078"}],"curies":[{"name":"wp","href":"https:\/\/api.w.org\/{rel}","templated":true}]}}