{"id":89046,"date":"2026-01-27T11:37:23","date_gmt":"2026-01-27T10:37:23","guid":{"rendered":"https:\/\/animefigurer.se\/?post_type=product&#038;p=89046"},"modified":"2026-01-27T11:37:23","modified_gmt":"2026-01-27T10:37:23","slug":"rezero-starting-life-in-another-world-banpresto-choronicle-exq-figure-rem-vol-4-maid-armour-ver","status":"publish","type":"product","link":"https:\/\/animefigurer.se\/en\/figurer\/rezero\/rezero-starting-life-in-another-world-banpresto-choronicle-exq-figure-rem-vol-4-maid-armour-ver\/","title":{"rendered":"Re:Zero Starting Life In Another World Banpresto Choronicle EXQ Figure Rem Vol.4 Maid Armor Ver"},"content":{"rendered":"<p>Take your <em data-start=\"47\" data-end=\"89\">Re:Zero \u2212 Starting Life in Another World<\/em>-collection to the next level with this <strong data-start=\"124\" data-end=\"186\">Banpresto Choronicle EXQ Figure Rem Vol.4 Maid Armor Ver.<\/strong>! The figure represents <strong data-start=\"204\" data-end=\"211\">Strap<\/strong> in its charming <strong data-start=\"227\" data-end=\"244\">maid armor<\/strong> in a detailed and pre-painted PVC design that captures her elegance and devotion \u2014 perfect for fans who want a collectible representation of this beloved character. The figure comes in a <strong data-start=\"440\" data-end=\"466\">window-box packaging<\/strong> with approximate <strong data-start=\"483\" data-end=\"528\">packaging dimensions approx. 20.5 \u00d7 15.5 \u00d7 10.5 cm<\/strong> and weighs about <strong data-start=\"547\" data-end=\"556\">320g<\/strong>, making it easy to place on a shelf, desk or in a display cabinet as an eye-catching feature in your anime display.<\/p>","protected":false},"excerpt":{"rendered":"<p>Ta din Re:Zero \u2212 Starting Life in Another World-samling till n\u00e4sta niv\u00e5 med denna Banpresto Choronicle EXQ Figure Rem Vol.4 Maid Armour Ver.! Figuren \u00e5terger Rem i sin charmiga maid-rustning i en detaljerad och f\u00e4rdigm\u00e5lad PVC-design som f\u00e5ngar hennes elegans och h\u00e4ngivenhet \u2014 perfekt f\u00f6r fans som vill ha en samlarpr\u00e4glad representation av denna \u00e4lskade [&hellip;]<\/p>\n","protected":false},"featured_media":89047,"comment_status":"open","ping_status":"closed","template":"","meta":{"_acf_changed":false,"_monsterinsights_skip_tracking":false,"_monsterinsights_sitenote_active":false,"_monsterinsights_sitenote_note":"","_monsterinsights_sitenote_category":0},"product_brand":[6928],"product_cat":[4661],"product_tag":[25],"giftcard-category":[],"class_list":{"0":"post-89046","1":"product","2":"type-product","3":"status-publish","4":"has-post-thumbnail","6":"product_brand-banpresto","7":"product_cat-rezero","8":"product_tag-i-lager","9":"pa_franchise-rezero-starting-life-in-another-world","10":"pa_karaktar-rem","11":"pa_produktserie-exq-figure","12":"pa_storlek-21-cm","14":"first","15":"instock","16":"taxable","17":"shipping-taxable","18":"purchasable","19":"product-type-simple"},"acf":[],"yoast_head":"<!-- This site is optimized with the Yoast SEO Premium plugin v24.6 (Yoast SEO v27.4) - https:\/\/yoast.com\/product\/yoast-seo-premium-wordpress\/ -->\n<title>Re:Zero Starting Life In Another World Banpresto Choronicle EXQ Figure Rem Vol.4 Maid Armour Ver | Animefigurer.se<\/title>\n<meta name=\"robots\" content=\"index, follow, max-snippet:-1, max-image-preview:large, max-video-preview:-1\" \/>\n<link rel=\"canonical\" href=\"https:\/\/animefigurer.se\/en\/figurer\/rezero\/rezero-starting-life-in-another-world-banpresto-choronicle-exq-figure-rem-vol-4-maid-armour-ver\/\" \/>\n<meta property=\"og:locale\" content=\"en_GB\" \/>\n<meta property=\"og:type\" content=\"article\" \/>\n<meta property=\"og:title\" content=\"Re:Zero Starting Life In Another World Banpresto Choronicle EXQ Figure Rem Vol.4 Maid Armour Ver\" \/>\n<meta property=\"og:description\" content=\"Ta din Re:Zero \u2212 Starting Life in Another World-samling till n\u00e4sta niv\u00e5 med denna Banpresto Choronicle EXQ Figure Rem Vol.4 Maid Armour Ver.! Figuren \u00e5terger Rem i sin charmiga maid-rustning i en detaljerad och f\u00e4rdigm\u00e5lad PVC-design som f\u00e5ngar hennes elegans och h\u00e4ngivenhet \u2014 perfekt f\u00f6r fans som vill ha en samlarpr\u00e4glad representation av denna \u00e4lskade [&hellip;]\" \/>\n<meta property=\"og:url\" content=\"https:\/\/animefigurer.se\/en\/figurer\/rezero\/rezero-starting-life-in-another-world-banpresto-choronicle-exq-figure-rem-vol-4-maid-armour-ver\/\" \/>\n<meta property=\"og:site_name\" content=\"Animefigurer.se\" \/>\n<meta property=\"article:publisher\" content=\"https:\/\/www.facebook.com\/profile.php?id=61581826539670\" \/>\n<meta property=\"og:image\" content=\"https:\/\/animefigurer.se\/wp-content\/uploads\/2026\/01\/19083_4_360x.webp\" \/>\n\t<meta property=\"og:image:width\" content=\"360\" \/>\n\t<meta property=\"og:image:height\" content=\"362\" \/>\n\t<meta property=\"og:image:type\" content=\"image\/webp\" \/>\n<meta name=\"twitter:card\" content=\"summary_large_image\" \/>\n<meta name=\"twitter:label1\" content=\"Estimated reading time\" \/>\n\t<meta name=\"twitter:data1\" content=\"1 minute\" \/>\n<script type=\"application\/ld+json\" class=\"yoast-schema-graph\">{\"@context\":\"https:\\\/\\\/schema.org\",\"@graph\":[{\"@type\":\"WebPage\",\"@id\":\"https:\\\/\\\/animefigurer.se\\\/figurer\\\/rezero\\\/rezero-starting-life-in-another-world-banpresto-choronicle-exq-figure-rem-vol-4-maid-armour-ver\\\/\",\"url\":\"https:\\\/\\\/animefigurer.se\\\/figurer\\\/rezero\\\/rezero-starting-life-in-another-world-banpresto-choronicle-exq-figure-rem-vol-4-maid-armour-ver\\\/\",\"name\":\"Re:Zero Starting Life In Another World Banpresto Choronicle EXQ Figure Rem Vol.4 Maid Armour Ver | Animefigurer.se\",\"isPartOf\":{\"@id\":\"https:\\\/\\\/animefigurer.se\\\/#website\"},\"primaryImageOfPage\":{\"@id\":\"https:\\\/\\\/animefigurer.se\\\/figurer\\\/rezero\\\/rezero-starting-life-in-another-world-banpresto-choronicle-exq-figure-rem-vol-4-maid-armour-ver\\\/#primaryimage\"},\"image\":{\"@id\":\"https:\\\/\\\/animefigurer.se\\\/figurer\\\/rezero\\\/rezero-starting-life-in-another-world-banpresto-choronicle-exq-figure-rem-vol-4-maid-armour-ver\\\/#primaryimage\"},\"thumbnailUrl\":\"https:\\\/\\\/animefigurer.se\\\/wp-content\\\/uploads\\\/2026\\\/01\\\/19083_4_360x.webp\",\"datePublished\":\"2026-01-27T10:37:23+00:00\",\"breadcrumb\":{\"@id\":\"https:\\\/\\\/animefigurer.se\\\/figurer\\\/rezero\\\/rezero-starting-life-in-another-world-banpresto-choronicle-exq-figure-rem-vol-4-maid-armour-ver\\\/#breadcrumb\"},\"inLanguage\":\"en-GB\",\"potentialAction\":[{\"@type\":\"ReadAction\",\"target\":[\"https:\\\/\\\/animefigurer.se\\\/figurer\\\/rezero\\\/rezero-starting-life-in-another-world-banpresto-choronicle-exq-figure-rem-vol-4-maid-armour-ver\\\/\"]}]},{\"@type\":\"ImageObject\",\"inLanguage\":\"en-GB\",\"@id\":\"https:\\\/\\\/animefigurer.se\\\/figurer\\\/rezero\\\/rezero-starting-life-in-another-world-banpresto-choronicle-exq-figure-rem-vol-4-maid-armour-ver\\\/#primaryimage\",\"url\":\"https:\\\/\\\/animefigurer.se\\\/wp-content\\\/uploads\\\/2026\\\/01\\\/19083_4_360x.webp\",\"contentUrl\":\"https:\\\/\\\/animefigurer.se\\\/wp-content\\\/uploads\\\/2026\\\/01\\\/19083_4_360x.webp\",\"width\":360,\"height\":362,\"caption\":\"Re:Zero Starting Life In Another World Banpresto Choronicle EXQ Figure Rem Vol.4 Maid Armour Ver\"},{\"@type\":\"BreadcrumbList\",\"@id\":\"https:\\\/\\\/animefigurer.se\\\/figurer\\\/rezero\\\/rezero-starting-life-in-another-world-banpresto-choronicle-exq-figure-rem-vol-4-maid-armour-ver\\\/#breadcrumb\",\"itemListElement\":[{\"@type\":\"ListItem\",\"position\":1,\"name\":\"Home\",\"item\":\"https:\\\/\\\/animefigurer.se\\\/\"},{\"@type\":\"ListItem\",\"position\":2,\"name\":\"Butik\",\"item\":\"https:\\\/\\\/animefigurer.se\\\/figurer\\\/\"},{\"@type\":\"ListItem\",\"position\":3,\"name\":\"Re:Zero Starting Life In Another World Banpresto Choronicle EXQ Figure Rem Vol.4 Maid Armour Ver\"}]},{\"@type\":\"WebSite\",\"@id\":\"https:\\\/\\\/animefigurer.se\\\/#website\",\"url\":\"https:\\\/\\\/animefigurer.se\\\/\",\"name\":\"Animefigurer.se\",\"description\":\"Anime figurer fr\u00e5n \u00f6ver 300 olika anime serier med \u00f6ver 9000 produkter | Anime Shop\",\"publisher\":{\"@id\":\"https:\\\/\\\/animefigurer.se\\\/#organization\"},\"potentialAction\":[{\"@type\":\"SearchAction\",\"target\":{\"@type\":\"EntryPoint\",\"urlTemplate\":\"https:\\\/\\\/animefigurer.se\\\/?s={search_term_string}\"},\"query-input\":{\"@type\":\"PropertyValueSpecification\",\"valueRequired\":true,\"valueName\":\"search_term_string\"}}],\"inLanguage\":\"en-GB\"},{\"@type\":\"Organization\",\"@id\":\"https:\\\/\\\/animefigurer.se\\\/#organization\",\"name\":\"Animefigurer.se\",\"alternateName\":\"Anime figurer | Anime shop\",\"url\":\"https:\\\/\\\/animefigurer.se\\\/\",\"logo\":{\"@type\":\"ImageObject\",\"inLanguage\":\"en-GB\",\"@id\":\"https:\\\/\\\/animefigurer.se\\\/#\\\/schema\\\/logo\\\/image\\\/\",\"url\":\"https:\\\/\\\/animefigurer.se\\\/wp-content\\\/uploads\\\/2025\\\/12\\\/Animefigurer_logowhite.png\",\"contentUrl\":\"https:\\\/\\\/animefigurer.se\\\/wp-content\\\/uploads\\\/2025\\\/12\\\/Animefigurer_logowhite.png\",\"width\":1890,\"height\":1417,\"caption\":\"Animefigurer.se\"},\"image\":{\"@id\":\"https:\\\/\\\/animefigurer.se\\\/#\\\/schema\\\/logo\\\/image\\\/\"},\"sameAs\":[\"https:\\\/\\\/www.facebook.com\\\/profile.php?id=61581826539670\",\"https:\\\/\\\/www.instagram.com\\\/animefigurer.se\\\/\"],\"email\":\"info@animefigurer.se\"}]}<\/script>\n<!-- \/ Yoast SEO Premium plugin. -->","yoast_head_json":{"title":"Re:Zero Starting Life In Another World Banpresto Choronicle EXQ Figure Rem Vol.4 Maid Armor Ver | Animefigurer.se","robots":{"index":"index","follow":"follow","max-snippet":"max-snippet:-1","max-image-preview":"max-image-preview:large","max-video-preview":"max-video-preview:-1"},"canonical":"https:\/\/animefigurer.se\/en\/figurer\/rezero\/rezero-starting-life-in-another-world-banpresto-choronicle-exq-figure-rem-vol-4-maid-armour-ver\/","og_locale":"en_GB","og_type":"article","og_title":"Re:Zero Starting Life In Another World Banpresto Choronicle EXQ Figure Rem Vol.4 Maid Armour Ver","og_description":"Ta din Re:Zero \u2212 Starting Life in Another World-samling till n\u00e4sta niv\u00e5 med denna Banpresto Choronicle EXQ Figure Rem Vol.4 Maid Armour Ver.! Figuren \u00e5terger Rem i sin charmiga maid-rustning i en detaljerad och f\u00e4rdigm\u00e5lad PVC-design som f\u00e5ngar hennes elegans och h\u00e4ngivenhet \u2014 perfekt f\u00f6r fans som vill ha en samlarpr\u00e4glad representation av denna \u00e4lskade [&hellip;]","og_url":"https:\/\/animefigurer.se\/en\/figurer\/rezero\/rezero-starting-life-in-another-world-banpresto-choronicle-exq-figure-rem-vol-4-maid-armour-ver\/","og_site_name":"Animefigurer.se","article_publisher":"https:\/\/www.facebook.com\/profile.php?id=61581826539670","og_image":[{"width":360,"height":362,"url":"https:\/\/animefigurer.se\/wp-content\/uploads\/2026\/01\/19083_4_360x.webp","type":"image\/webp"}],"twitter_card":"summary_large_image","twitter_misc":{"Estimated reading time":"1 minute"},"schema":{"@context":"https:\/\/schema.org","@graph":[{"@type":"WebPage","@id":"https:\/\/animefigurer.se\/figurer\/rezero\/rezero-starting-life-in-another-world-banpresto-choronicle-exq-figure-rem-vol-4-maid-armour-ver\/","url":"https:\/\/animefigurer.se\/figurer\/rezero\/rezero-starting-life-in-another-world-banpresto-choronicle-exq-figure-rem-vol-4-maid-armour-ver\/","name":"Re:Zero Starting Life In Another World Banpresto Choronicle EXQ Figure Rem Vol.4 Maid Armor Ver | Animefigurer.se","isPartOf":{"@id":"https:\/\/animefigurer.se\/#website"},"primaryImageOfPage":{"@id":"https:\/\/animefigurer.se\/figurer\/rezero\/rezero-starting-life-in-another-world-banpresto-choronicle-exq-figure-rem-vol-4-maid-armour-ver\/#primaryimage"},"image":{"@id":"https:\/\/animefigurer.se\/figurer\/rezero\/rezero-starting-life-in-another-world-banpresto-choronicle-exq-figure-rem-vol-4-maid-armour-ver\/#primaryimage"},"thumbnailUrl":"https:\/\/animefigurer.se\/wp-content\/uploads\/2026\/01\/19083_4_360x.webp","datePublished":"2026-01-27T10:37:23+00:00","breadcrumb":{"@id":"https:\/\/animefigurer.se\/figurer\/rezero\/rezero-starting-life-in-another-world-banpresto-choronicle-exq-figure-rem-vol-4-maid-armour-ver\/#breadcrumb"},"inLanguage":"en-GB","potentialAction":[{"@type":"ReadAction","target":["https:\/\/animefigurer.se\/figurer\/rezero\/rezero-starting-life-in-another-world-banpresto-choronicle-exq-figure-rem-vol-4-maid-armour-ver\/"]}]},{"@type":"ImageObject","inLanguage":"en-GB","@id":"https:\/\/animefigurer.se\/figurer\/rezero\/rezero-starting-life-in-another-world-banpresto-choronicle-exq-figure-rem-vol-4-maid-armour-ver\/#primaryimage","url":"https:\/\/animefigurer.se\/wp-content\/uploads\/2026\/01\/19083_4_360x.webp","contentUrl":"https:\/\/animefigurer.se\/wp-content\/uploads\/2026\/01\/19083_4_360x.webp","width":360,"height":362,"caption":"Re:Zero Starting Life In Another World Banpresto Choronicle EXQ Figure Rem Vol.4 Maid Armour Ver"},{"@type":"BreadcrumbList","@id":"https:\/\/animefigurer.se\/figurer\/rezero\/rezero-starting-life-in-another-world-banpresto-choronicle-exq-figure-rem-vol-4-maid-armour-ver\/#breadcrumb","itemListElement":[{"@type":"ListItem","position":1,"name":"Home","item":"https:\/\/animefigurer.se\/"},{"@type":"ListItem","position":2,"name":"Butik","item":"https:\/\/animefigurer.se\/figurer\/"},{"@type":"ListItem","position":3,"name":"Re:Zero Starting Life In Another World Banpresto Choronicle EXQ Figure Rem Vol.4 Maid Armour Ver"}]},{"@type":"WebSite","@id":"https:\/\/animefigurer.se\/#website","url":"https:\/\/animefigurer.se\/","name":"Animefigurer.se","description":"Anime figures from over 300 different anime series with over 9000 products | Anime Shop","publisher":{"@id":"https:\/\/animefigurer.se\/#organization"},"potentialAction":[{"@type":"SearchAction","target":{"@type":"EntryPoint","urlTemplate":"https:\/\/animefigurer.se\/?s={search_term_string}"},"query-input":{"@type":"PropertyValueSpecification","valueRequired":true,"valueName":"search_term_string"}}],"inLanguage":"en-GB"},{"@type":"Organization","@id":"https:\/\/animefigurer.se\/#organization","name":"Animefigurer.se","alternateName":"Anime figurer | Anime shop","url":"https:\/\/animefigurer.se\/","logo":{"@type":"ImageObject","inLanguage":"en-GB","@id":"https:\/\/animefigurer.se\/#\/schema\/logo\/image\/","url":"https:\/\/animefigurer.se\/wp-content\/uploads\/2025\/12\/Animefigurer_logowhite.png","contentUrl":"https:\/\/animefigurer.se\/wp-content\/uploads\/2025\/12\/Animefigurer_logowhite.png","width":1890,"height":1417,"caption":"Animefigurer.se"},"image":{"@id":"https:\/\/animefigurer.se\/#\/schema\/logo\/image\/"},"sameAs":["https:\/\/www.facebook.com\/profile.php?id=61581826539670","https:\/\/www.instagram.com\/animefigurer.se\/"],"email":"info@animefigurer.se"}]}},"_links":{"self":[{"href":"https:\/\/animefigurer.se\/en\/wp-json\/wp\/v2\/product\/89046","targetHints":{"allow":["GET"]}}],"collection":[{"href":"https:\/\/animefigurer.se\/en\/wp-json\/wp\/v2\/product"}],"about":[{"href":"https:\/\/animefigurer.se\/en\/wp-json\/wp\/v2\/types\/product"}],"replies":[{"embeddable":true,"href":"https:\/\/animefigurer.se\/en\/wp-json\/wp\/v2\/comments?post=89046"}],"wp:featuredmedia":[{"embeddable":true,"href":"https:\/\/animefigurer.se\/en\/wp-json\/wp\/v2\/media\/89047"}],"wp:attachment":[{"href":"https:\/\/animefigurer.se\/en\/wp-json\/wp\/v2\/media?parent=89046"}],"wp:term":[{"taxonomy":"product_brand","embeddable":true,"href":"https:\/\/animefigurer.se\/en\/wp-json\/wp\/v2\/product_brand?post=89046"},{"taxonomy":"product_cat","embeddable":true,"href":"https:\/\/animefigurer.se\/en\/wp-json\/wp\/v2\/product_cat?post=89046"},{"taxonomy":"product_tag","embeddable":true,"href":"https:\/\/animefigurer.se\/en\/wp-json\/wp\/v2\/product_tag?post=89046"},{"taxonomy":"giftcard-category","embeddable":true,"href":"https:\/\/animefigurer.se\/en\/wp-json\/wp\/v2\/giftcard-category?post=89046"}],"curies":[{"name":"wp","href":"https:\/\/api.w.org\/{rel}","templated":true}]}}