{"id":8843,"date":"2025-10-20T16:51:48","date_gmt":"2025-10-20T14:51:48","guid":{"rendered":"https:\/\/animefigurer.se\/produkt\/baldurs-gate-3-plush-figure-scratch\/"},"modified":"2025-12-21T19:25:13","modified_gmt":"2025-12-21T18:25:13","slug":"baldurs-gate-3-plush-figure-scratch","status":"publish","type":"product","link":"https:\/\/animefigurer.se\/en\/figurer\/baldurs-gate\/baldurs-gate-3-plush-figure-scratch\/","title":{"rendered":"Baldur&#039;s Gate 3 Plush Figure Scratch"},"content":{"rendered":"<p>Did you pet the dog? YES, DID YOU?! Scratch comes as a plush and sits about 9 inches tall with a pair of long, pointy ears. A gray smile adorns his delighted face and he&#039;s ready to play fetch with his favorite ball, which can be attached to his mouth with sewn-in magnets. A purple tag hangs from the bright red collar around his neck and his front paws support him while his back legs kick forward, showing off heart-shaped paw pads. A fluffy tail sticks out from behind. The plush is stuffed with 100% PP cotton and made from a combination of long-pile faux fur and soft minky material \u2014 perfect for cuddling or playing with!<\/p>","protected":false},"excerpt":{"rendered":"<p>Did you pet the dog? YES, DID YOU?! Scratch comes as a plush and sits about 9 inches tall with a pair of long, pointy ears. A gray smile adorns his delighted face and he&#039;s ready to play fetch with his favorite ball, which can be attached to his mouth with sewn-in magnets. A purple tag hangs<\/p>","protected":false},"featured_media":8844,"comment_status":"closed","ping_status":"open","template":"","meta":{"_acf_changed":false,"_monsterinsights_skip_tracking":false,"_monsterinsights_sitenote_active":false,"_monsterinsights_sitenote_note":"","_monsterinsights_sitenote_category":0},"product_brand":[7189],"product_cat":[815],"product_tag":[24],"giftcard-category":[],"class_list":{"0":"post-8843","1":"product","2":"type-product","3":"status-publish","4":"has-post-thumbnail","6":"product_brand-youtooz","7":"product_cat-baldurs-gate","8":"product_tag-2-3-weeks","9":"pa_franchise-baldurs-gate-3","10":"pa_karaktar-scratch","11":"pa_material-plush","12":"pa_storlek-22-cm","14":"first","15":"instock","16":"taxable","17":"shipping-taxable","18":"purchasable","19":"product-type-simple"},"acf":[],"yoast_head":"<!-- This site is optimized with the Yoast SEO Premium plugin v24.6 (Yoast SEO v27.3) - https:\/\/yoast.com\/product\/yoast-seo-premium-wordpress\/ -->\n<title>Baldur&#039;s Gate 3 Plush Figure Scratch | Animefigurer.se<\/title>\n<meta name=\"robots\" content=\"index, follow, max-snippet:-1, max-image-preview:large, max-video-preview:-1\" \/>\n<link rel=\"canonical\" href=\"https:\/\/animefigurer.se\/en\/figurer\/baldurs-gate\/baldurs-gate-3-plush-figure-scratch\/\" \/>\n<meta property=\"og:locale\" content=\"en_GB\" \/>\n<meta property=\"og:type\" content=\"article\" \/>\n<meta property=\"og:title\" content=\"Baldur&#039;s Gate 3 Plush Figure Scratch\" \/>\n<meta property=\"og:description\" content=\"Klappade du hunden? JA, GJORDE DU DET?! Scratch kommer som plysch och sitter cirka 9 inches l\u00e5ng med ett par l\u00e5nga, spetsiga \u00f6ron. Ett gr\u00e5tt leende pryder hans f\u00f6rtjusta ansikte och han \u00e4r redo att leka apport med sin favoritboll, som kan f\u00e4stas vid munnen med insydda magneter. En lila bricka h\u00e4nger\" \/>\n<meta property=\"og:url\" content=\"https:\/\/animefigurer.se\/en\/figurer\/baldurs-gate\/baldurs-gate-3-plush-figure-scratch\/\" \/>\n<meta property=\"og:site_name\" content=\"Animefigurer.se\" \/>\n<meta property=\"article:publisher\" content=\"https:\/\/www.facebook.com\/profile.php?id=61581826539670\" \/>\n<meta property=\"article:modified_time\" content=\"2025-12-21T18:25:13+00:00\" \/>\n<meta property=\"og:image\" content=\"https:\/\/animefigurer.se\/wp-content\/uploads\/2025\/12\/Animefigurer_logowhite.png\" \/>\n\t<meta property=\"og:image:width\" content=\"1890\" \/>\n\t<meta property=\"og:image:height\" content=\"1417\" \/>\n\t<meta property=\"og:image:type\" content=\"image\/png\" \/>\n<meta name=\"twitter:card\" content=\"summary_large_image\" \/>\n<meta name=\"twitter:label1\" content=\"Estimated reading time\" \/>\n\t<meta name=\"twitter:data1\" content=\"1 minute\" \/>\n<script type=\"application\/ld+json\" class=\"yoast-schema-graph\">{\"@context\":\"https:\\\/\\\/schema.org\",\"@graph\":[{\"@type\":\"WebPage\",\"@id\":\"https:\\\/\\\/animefigurer.se\\\/figurer\\\/baldurs-gate\\\/baldurs-gate-3-plush-figure-scratch\\\/\",\"url\":\"https:\\\/\\\/animefigurer.se\\\/figurer\\\/baldurs-gate\\\/baldurs-gate-3-plush-figure-scratch\\\/\",\"name\":\"Baldur's Gate 3 Plush Figure Scratch | Animefigurer.se\",\"isPartOf\":{\"@id\":\"https:\\\/\\\/animefigurer.se\\\/#website\"},\"primaryImageOfPage\":{\"@id\":\"https:\\\/\\\/animefigurer.se\\\/figurer\\\/baldurs-gate\\\/baldurs-gate-3-plush-figure-scratch\\\/#primaryimage\"},\"image\":{\"@id\":\"https:\\\/\\\/animefigurer.se\\\/figurer\\\/baldurs-gate\\\/baldurs-gate-3-plush-figure-scratch\\\/#primaryimage\"},\"thumbnailUrl\":\"https:\\\/\\\/animefigurer.se\\\/wp-content\\\/uploads\\\/2025\\\/10\\\/673fbc8f28dd7.jpeg\",\"datePublished\":\"2025-10-20T14:51:48+00:00\",\"dateModified\":\"2025-12-21T18:25:13+00:00\",\"breadcrumb\":{\"@id\":\"https:\\\/\\\/animefigurer.se\\\/figurer\\\/baldurs-gate\\\/baldurs-gate-3-plush-figure-scratch\\\/#breadcrumb\"},\"inLanguage\":\"en-GB\",\"potentialAction\":[{\"@type\":\"ReadAction\",\"target\":[\"https:\\\/\\\/animefigurer.se\\\/figurer\\\/baldurs-gate\\\/baldurs-gate-3-plush-figure-scratch\\\/\"]}]},{\"@type\":\"ImageObject\",\"inLanguage\":\"en-GB\",\"@id\":\"https:\\\/\\\/animefigurer.se\\\/figurer\\\/baldurs-gate\\\/baldurs-gate-3-plush-figure-scratch\\\/#primaryimage\",\"url\":\"https:\\\/\\\/animefigurer.se\\\/wp-content\\\/uploads\\\/2025\\\/10\\\/673fbc8f28dd7.jpeg\",\"contentUrl\":\"https:\\\/\\\/animefigurer.se\\\/wp-content\\\/uploads\\\/2025\\\/10\\\/673fbc8f28dd7.jpeg\",\"width\":1000,\"height\":1000},{\"@type\":\"BreadcrumbList\",\"@id\":\"https:\\\/\\\/animefigurer.se\\\/figurer\\\/baldurs-gate\\\/baldurs-gate-3-plush-figure-scratch\\\/#breadcrumb\",\"itemListElement\":[{\"@type\":\"ListItem\",\"position\":1,\"name\":\"Home\",\"item\":\"https:\\\/\\\/animefigurer.se\\\/\"},{\"@type\":\"ListItem\",\"position\":2,\"name\":\"Butik\",\"item\":\"https:\\\/\\\/animefigurer.se\\\/figurer\\\/\"},{\"@type\":\"ListItem\",\"position\":3,\"name\":\"Baldur&#8217;s Gate 3 Plush Figure Scratch\"}]},{\"@type\":\"WebSite\",\"@id\":\"https:\\\/\\\/animefigurer.se\\\/#website\",\"url\":\"https:\\\/\\\/animefigurer.se\\\/\",\"name\":\"Animefigurer.se\",\"description\":\"Anime figurer fr\u00e5n \u00f6ver 300 olika anime serier med \u00f6ver 9000 produkter | Anime Shop\",\"publisher\":{\"@id\":\"https:\\\/\\\/animefigurer.se\\\/#organization\"},\"potentialAction\":[{\"@type\":\"SearchAction\",\"target\":{\"@type\":\"EntryPoint\",\"urlTemplate\":\"https:\\\/\\\/animefigurer.se\\\/?s={search_term_string}\"},\"query-input\":{\"@type\":\"PropertyValueSpecification\",\"valueRequired\":true,\"valueName\":\"search_term_string\"}}],\"inLanguage\":\"en-GB\"},{\"@type\":\"Organization\",\"@id\":\"https:\\\/\\\/animefigurer.se\\\/#organization\",\"name\":\"Animefigurer.se\",\"alternateName\":\"Anime figurer | Anime shop\",\"url\":\"https:\\\/\\\/animefigurer.se\\\/\",\"logo\":{\"@type\":\"ImageObject\",\"inLanguage\":\"en-GB\",\"@id\":\"https:\\\/\\\/animefigurer.se\\\/#\\\/schema\\\/logo\\\/image\\\/\",\"url\":\"https:\\\/\\\/animefigurer.se\\\/wp-content\\\/uploads\\\/2025\\\/12\\\/Animefigurer_logowhite.png\",\"contentUrl\":\"https:\\\/\\\/animefigurer.se\\\/wp-content\\\/uploads\\\/2025\\\/12\\\/Animefigurer_logowhite.png\",\"width\":1890,\"height\":1417,\"caption\":\"Animefigurer.se\"},\"image\":{\"@id\":\"https:\\\/\\\/animefigurer.se\\\/#\\\/schema\\\/logo\\\/image\\\/\"},\"sameAs\":[\"https:\\\/\\\/www.facebook.com\\\/profile.php?id=61581826539670\",\"https:\\\/\\\/www.instagram.com\\\/animefigurer.se\\\/\"],\"email\":\"info@animefigurer.se\"}]}<\/script>\n<!-- \/ Yoast SEO Premium plugin. -->","yoast_head_json":{"title":"Baldur&#039;s Gate 3 Plush Figure Scratch | Animefigurer.se","robots":{"index":"index","follow":"follow","max-snippet":"max-snippet:-1","max-image-preview":"max-image-preview:large","max-video-preview":"max-video-preview:-1"},"canonical":"https:\/\/animefigurer.se\/en\/figurer\/baldurs-gate\/baldurs-gate-3-plush-figure-scratch\/","og_locale":"en_GB","og_type":"article","og_title":"Baldur's Gate 3 Plush Figure Scratch","og_description":"Klappade du hunden? JA, GJORDE DU DET?! Scratch kommer som plysch och sitter cirka 9 inches l\u00e5ng med ett par l\u00e5nga, spetsiga \u00f6ron. Ett gr\u00e5tt leende pryder hans f\u00f6rtjusta ansikte och han \u00e4r redo att leka apport med sin favoritboll, som kan f\u00e4stas vid munnen med insydda magneter. En lila bricka h\u00e4nger","og_url":"https:\/\/animefigurer.se\/en\/figurer\/baldurs-gate\/baldurs-gate-3-plush-figure-scratch\/","og_site_name":"Animefigurer.se","article_publisher":"https:\/\/www.facebook.com\/profile.php?id=61581826539670","article_modified_time":"2025-12-21T18:25:13+00:00","og_image":[{"width":1890,"height":1417,"url":"https:\/\/animefigurer.se\/wp-content\/uploads\/2025\/12\/Animefigurer_logowhite.png","type":"image\/png"}],"twitter_card":"summary_large_image","twitter_misc":{"Estimated reading time":"1 minute"},"schema":{"@context":"https:\/\/schema.org","@graph":[{"@type":"WebPage","@id":"https:\/\/animefigurer.se\/figurer\/baldurs-gate\/baldurs-gate-3-plush-figure-scratch\/","url":"https:\/\/animefigurer.se\/figurer\/baldurs-gate\/baldurs-gate-3-plush-figure-scratch\/","name":"Baldur&#039;s Gate 3 Plush Figure Scratch | Animefigurer.se","isPartOf":{"@id":"https:\/\/animefigurer.se\/#website"},"primaryImageOfPage":{"@id":"https:\/\/animefigurer.se\/figurer\/baldurs-gate\/baldurs-gate-3-plush-figure-scratch\/#primaryimage"},"image":{"@id":"https:\/\/animefigurer.se\/figurer\/baldurs-gate\/baldurs-gate-3-plush-figure-scratch\/#primaryimage"},"thumbnailUrl":"https:\/\/animefigurer.se\/wp-content\/uploads\/2025\/10\/673fbc8f28dd7.jpeg","datePublished":"2025-10-20T14:51:48+00:00","dateModified":"2025-12-21T18:25:13+00:00","breadcrumb":{"@id":"https:\/\/animefigurer.se\/figurer\/baldurs-gate\/baldurs-gate-3-plush-figure-scratch\/#breadcrumb"},"inLanguage":"en-GB","potentialAction":[{"@type":"ReadAction","target":["https:\/\/animefigurer.se\/figurer\/baldurs-gate\/baldurs-gate-3-plush-figure-scratch\/"]}]},{"@type":"ImageObject","inLanguage":"en-GB","@id":"https:\/\/animefigurer.se\/figurer\/baldurs-gate\/baldurs-gate-3-plush-figure-scratch\/#primaryimage","url":"https:\/\/animefigurer.se\/wp-content\/uploads\/2025\/10\/673fbc8f28dd7.jpeg","contentUrl":"https:\/\/animefigurer.se\/wp-content\/uploads\/2025\/10\/673fbc8f28dd7.jpeg","width":1000,"height":1000},{"@type":"BreadcrumbList","@id":"https:\/\/animefigurer.se\/figurer\/baldurs-gate\/baldurs-gate-3-plush-figure-scratch\/#breadcrumb","itemListElement":[{"@type":"ListItem","position":1,"name":"Home","item":"https:\/\/animefigurer.se\/"},{"@type":"ListItem","position":2,"name":"Butik","item":"https:\/\/animefigurer.se\/figurer\/"},{"@type":"ListItem","position":3,"name":"Baldur&#8217;s Gate 3 Plush Figure Scratch"}]},{"@type":"WebSite","@id":"https:\/\/animefigurer.se\/#website","url":"https:\/\/animefigurer.se\/","name":"Animefigurer.se","description":"Anime figures from over 300 different anime series with over 9000 products | Anime Shop","publisher":{"@id":"https:\/\/animefigurer.se\/#organization"},"potentialAction":[{"@type":"SearchAction","target":{"@type":"EntryPoint","urlTemplate":"https:\/\/animefigurer.se\/?s={search_term_string}"},"query-input":{"@type":"PropertyValueSpecification","valueRequired":true,"valueName":"search_term_string"}}],"inLanguage":"en-GB"},{"@type":"Organization","@id":"https:\/\/animefigurer.se\/#organization","name":"Animefigurer.se","alternateName":"Anime figurer | Anime shop","url":"https:\/\/animefigurer.se\/","logo":{"@type":"ImageObject","inLanguage":"en-GB","@id":"https:\/\/animefigurer.se\/#\/schema\/logo\/image\/","url":"https:\/\/animefigurer.se\/wp-content\/uploads\/2025\/12\/Animefigurer_logowhite.png","contentUrl":"https:\/\/animefigurer.se\/wp-content\/uploads\/2025\/12\/Animefigurer_logowhite.png","width":1890,"height":1417,"caption":"Animefigurer.se"},"image":{"@id":"https:\/\/animefigurer.se\/#\/schema\/logo\/image\/"},"sameAs":["https:\/\/www.facebook.com\/profile.php?id=61581826539670","https:\/\/www.instagram.com\/animefigurer.se\/"],"email":"info@animefigurer.se"}]}},"_links":{"self":[{"href":"https:\/\/animefigurer.se\/en\/wp-json\/wp\/v2\/product\/8843","targetHints":{"allow":["GET"]}}],"collection":[{"href":"https:\/\/animefigurer.se\/en\/wp-json\/wp\/v2\/product"}],"about":[{"href":"https:\/\/animefigurer.se\/en\/wp-json\/wp\/v2\/types\/product"}],"replies":[{"embeddable":true,"href":"https:\/\/animefigurer.se\/en\/wp-json\/wp\/v2\/comments?post=8843"}],"wp:featuredmedia":[{"embeddable":true,"href":"https:\/\/animefigurer.se\/en\/wp-json\/wp\/v2\/media\/8844"}],"wp:attachment":[{"href":"https:\/\/animefigurer.se\/en\/wp-json\/wp\/v2\/media?parent=8843"}],"wp:term":[{"taxonomy":"product_brand","embeddable":true,"href":"https:\/\/animefigurer.se\/en\/wp-json\/wp\/v2\/product_brand?post=8843"},{"taxonomy":"product_cat","embeddable":true,"href":"https:\/\/animefigurer.se\/en\/wp-json\/wp\/v2\/product_cat?post=8843"},{"taxonomy":"product_tag","embeddable":true,"href":"https:\/\/animefigurer.se\/en\/wp-json\/wp\/v2\/product_tag?post=8843"},{"taxonomy":"giftcard-category","embeddable":true,"href":"https:\/\/animefigurer.se\/en\/wp-json\/wp\/v2\/giftcard-category?post=8843"}],"curies":[{"name":"wp","href":"https:\/\/api.w.org\/{rel}","templated":true}]}}