{"id":88384,"date":"2026-01-24T11:17:18","date_gmt":"2026-01-24T10:17:18","guid":{"rendered":"https:\/\/animefigurer.se\/?post_type=product&#038;p=88384"},"modified":"2026-01-24T12:39:54","modified_gmt":"2026-01-24T11:39:54","slug":"bang-dream-ave-mujica-misumi-uika-palverse-palverse-pale-bushiroad-creative","status":"publish","type":"product","link":"https:\/\/animefigurer.se\/en\/figurer\/bang-dream-ave-mujica\/bang-dream-ave-mujica-misumi-uika-palverse-palverse-pale-bushiroad-creative\/","title":{"rendered":"Bang Dream! Ave Mujica \u2013 Misumi Uika \u2013 PalVerse \u2013 PalVerse Pale (Bushiroad Creative)"},"content":{"rendered":"<p>Take your <strong data-start=\"55\" data-end=\"89\">Bang Dream! Ave Mujica Collection<\/strong> to new heights with this charming <strong data-start=\"125\" data-end=\"173\">PalVerse Pal\u00e9 Figure by Misumi Uika \u201cDoloris\u201d<\/strong> from Bushiroad Creative. The figure depicts Uika in a playful, stylized design inspired by the unique aesthetic of the PalVerse series, providing an eye-catching and collectible look that stands out in the display. Made of PVC\/ABS and with a compact size, this figure fits perfectly on a shelf, desk or in your display cabinet collection. Officially licensed and based on the character from the popular <em data-start=\"573\" data-end=\"597\">BanG Dream! Ave Mujica<\/em>series, this is a must-have for fans and collectors looking to add a cute, detailed and expressive collectible figure to their collection \u2014 ideal as a gift or as a stylish addition to your BanG Dream! world.<\/p>","protected":false},"excerpt":{"rendered":"<p>Ta din BanG Dream! Ave Mujica-samling till nya h\u00f6jder med denna charmiga PalVerse Pal\u00e9-figur av Misumi Uika \u201cDoloris\u201d fr\u00e5n Bushiroad Creative. Figuren \u00e5terger Uika i en lekfull, stiliserad design inspirerad av PalVerse-seriens unika estetik, vilket ger en i\u00f6gonfallande och samlarv\u00e4nlig look som sticker ut i displayen. Tillverkad i PVC\/ABS och med en kompakt storlek passar [&hellip;]<\/p>\n","protected":false},"featured_media":88385,"comment_status":"open","ping_status":"closed","template":"","meta":{"_acf_changed":false,"_monsterinsights_skip_tracking":false,"_monsterinsights_sitenote_active":false,"_monsterinsights_sitenote_note":"","_monsterinsights_sitenote_category":0},"product_brand":[6941],"product_cat":[7387],"product_tag":[26],"giftcard-category":[],"class_list":{"0":"post-88384","1":"product","2":"type-product","3":"status-publish","4":"has-post-thumbnail","6":"product_brand-bushiroad","7":"product_cat-bang-dream-ave-mujica","8":"product_tag-pre-order","9":"pa_franchise-bang-dream-ave-mujica","10":"pa_karaktar-misumi-uika","12":"first","13":"instock","14":"taxable","15":"shipping-taxable","16":"purchasable","17":"product-type-simple"},"acf":[],"yoast_head":"<!-- This site is optimized with the Yoast SEO Premium plugin v24.6 (Yoast SEO v27.4) - https:\/\/yoast.com\/product\/yoast-seo-premium-wordpress\/ -->\n<title>BanG Dream! Ave Mujica - Misumi Uika - PalVerse - PalVerse Pale (Bushiroad Creative) | Animefigurer.se<\/title>\n<meta name=\"robots\" content=\"index, follow, max-snippet:-1, max-image-preview:large, max-video-preview:-1\" \/>\n<link rel=\"canonical\" href=\"https:\/\/animefigurer.se\/en\/figurer\/bang-dream-ave-mujica\/bang-dream-ave-mujica-misumi-uika-palverse-palverse-pale-bushiroad-creative\/\" \/>\n<meta property=\"og:locale\" content=\"en_GB\" \/>\n<meta property=\"og:type\" content=\"article\" \/>\n<meta property=\"og:title\" content=\"BanG Dream! Ave Mujica - Misumi Uika - PalVerse - PalVerse Pale (Bushiroad Creative)\" \/>\n<meta property=\"og:description\" content=\"Ta din BanG Dream! Ave Mujica-samling till nya h\u00f6jder med denna charmiga PalVerse Pal\u00e9-figur av Misumi Uika \u201cDoloris\u201d fr\u00e5n Bushiroad Creative. Figuren \u00e5terger Uika i en lekfull, stiliserad design inspirerad av PalVerse-seriens unika estetik, vilket ger en i\u00f6gonfallande och samlarv\u00e4nlig look som sticker ut i displayen. Tillverkad i PVC\/ABS och med en kompakt storlek passar [&hellip;]\" \/>\n<meta property=\"og:url\" content=\"https:\/\/animefigurer.se\/en\/figurer\/bang-dream-ave-mujica\/bang-dream-ave-mujica-misumi-uika-palverse-palverse-pale-bushiroad-creative\/\" \/>\n<meta property=\"og:site_name\" content=\"Animefigurer.se\" \/>\n<meta property=\"article:publisher\" content=\"https:\/\/www.facebook.com\/profile.php?id=61581826539670\" \/>\n<meta property=\"article:modified_time\" content=\"2026-01-24T11:39:54+00:00\" \/>\n<meta property=\"og:image\" content=\"https:\/\/animefigurer.se\/wp-content\/uploads\/2026\/01\/b3c11d52-61a2-430a-b0ab-7fdd0fbf14b5.webp\" \/>\n\t<meta property=\"og:image:width\" content=\"800\" \/>\n\t<meta property=\"og:image:height\" content=\"800\" \/>\n\t<meta property=\"og:image:type\" content=\"image\/webp\" \/>\n<meta name=\"twitter:card\" content=\"summary_large_image\" \/>\n<meta name=\"twitter:label1\" content=\"Estimated reading time\" \/>\n\t<meta name=\"twitter:data1\" content=\"1 minute\" \/>\n<script type=\"application\/ld+json\" class=\"yoast-schema-graph\">{\"@context\":\"https:\\\/\\\/schema.org\",\"@graph\":[{\"@type\":\"WebPage\",\"@id\":\"https:\\\/\\\/animefigurer.se\\\/figurer\\\/bang-dream-ave-mujica\\\/bang-dream-ave-mujica-misumi-uika-palverse-palverse-pale-bushiroad-creative\\\/\",\"url\":\"https:\\\/\\\/animefigurer.se\\\/figurer\\\/bang-dream-ave-mujica\\\/bang-dream-ave-mujica-misumi-uika-palverse-palverse-pale-bushiroad-creative\\\/\",\"name\":\"BanG Dream! Ave Mujica - Misumi Uika - PalVerse - PalVerse Pale (Bushiroad Creative) | Animefigurer.se\",\"isPartOf\":{\"@id\":\"https:\\\/\\\/animefigurer.se\\\/#website\"},\"primaryImageOfPage\":{\"@id\":\"https:\\\/\\\/animefigurer.se\\\/figurer\\\/bang-dream-ave-mujica\\\/bang-dream-ave-mujica-misumi-uika-palverse-palverse-pale-bushiroad-creative\\\/#primaryimage\"},\"image\":{\"@id\":\"https:\\\/\\\/animefigurer.se\\\/figurer\\\/bang-dream-ave-mujica\\\/bang-dream-ave-mujica-misumi-uika-palverse-palverse-pale-bushiroad-creative\\\/#primaryimage\"},\"thumbnailUrl\":\"https:\\\/\\\/animefigurer.se\\\/wp-content\\\/uploads\\\/2026\\\/01\\\/b3c11d52-61a2-430a-b0ab-7fdd0fbf14b5.webp\",\"datePublished\":\"2026-01-24T10:17:18+00:00\",\"dateModified\":\"2026-01-24T11:39:54+00:00\",\"breadcrumb\":{\"@id\":\"https:\\\/\\\/animefigurer.se\\\/figurer\\\/bang-dream-ave-mujica\\\/bang-dream-ave-mujica-misumi-uika-palverse-palverse-pale-bushiroad-creative\\\/#breadcrumb\"},\"inLanguage\":\"en-GB\",\"potentialAction\":[{\"@type\":\"ReadAction\",\"target\":[\"https:\\\/\\\/animefigurer.se\\\/figurer\\\/bang-dream-ave-mujica\\\/bang-dream-ave-mujica-misumi-uika-palverse-palverse-pale-bushiroad-creative\\\/\"]}]},{\"@type\":\"ImageObject\",\"inLanguage\":\"en-GB\",\"@id\":\"https:\\\/\\\/animefigurer.se\\\/figurer\\\/bang-dream-ave-mujica\\\/bang-dream-ave-mujica-misumi-uika-palverse-palverse-pale-bushiroad-creative\\\/#primaryimage\",\"url\":\"https:\\\/\\\/animefigurer.se\\\/wp-content\\\/uploads\\\/2026\\\/01\\\/b3c11d52-61a2-430a-b0ab-7fdd0fbf14b5.webp\",\"contentUrl\":\"https:\\\/\\\/animefigurer.se\\\/wp-content\\\/uploads\\\/2026\\\/01\\\/b3c11d52-61a2-430a-b0ab-7fdd0fbf14b5.webp\",\"width\":800,\"height\":800,\"caption\":\"BanG Dream! Ave Mujica - Misumi Uika - PalVerse - PalVerse Pale (Bushiroad Creative)\"},{\"@type\":\"BreadcrumbList\",\"@id\":\"https:\\\/\\\/animefigurer.se\\\/figurer\\\/bang-dream-ave-mujica\\\/bang-dream-ave-mujica-misumi-uika-palverse-palverse-pale-bushiroad-creative\\\/#breadcrumb\",\"itemListElement\":[{\"@type\":\"ListItem\",\"position\":1,\"name\":\"Home\",\"item\":\"https:\\\/\\\/animefigurer.se\\\/\"},{\"@type\":\"ListItem\",\"position\":2,\"name\":\"Butik\",\"item\":\"https:\\\/\\\/animefigurer.se\\\/figurer\\\/\"},{\"@type\":\"ListItem\",\"position\":3,\"name\":\"BanG Dream! Ave Mujica &#8211; Misumi Uika &#8211; PalVerse &#8211; PalVerse Pale (Bushiroad Creative)\"}]},{\"@type\":\"WebSite\",\"@id\":\"https:\\\/\\\/animefigurer.se\\\/#website\",\"url\":\"https:\\\/\\\/animefigurer.se\\\/\",\"name\":\"Animefigurer.se\",\"description\":\"Anime figurer fr\u00e5n \u00f6ver 300 olika anime serier med \u00f6ver 9000 produkter | Anime Shop\",\"publisher\":{\"@id\":\"https:\\\/\\\/animefigurer.se\\\/#organization\"},\"potentialAction\":[{\"@type\":\"SearchAction\",\"target\":{\"@type\":\"EntryPoint\",\"urlTemplate\":\"https:\\\/\\\/animefigurer.se\\\/?s={search_term_string}\"},\"query-input\":{\"@type\":\"PropertyValueSpecification\",\"valueRequired\":true,\"valueName\":\"search_term_string\"}}],\"inLanguage\":\"en-GB\"},{\"@type\":\"Organization\",\"@id\":\"https:\\\/\\\/animefigurer.se\\\/#organization\",\"name\":\"Animefigurer.se\",\"alternateName\":\"Anime figurer | Anime shop\",\"url\":\"https:\\\/\\\/animefigurer.se\\\/\",\"logo\":{\"@type\":\"ImageObject\",\"inLanguage\":\"en-GB\",\"@id\":\"https:\\\/\\\/animefigurer.se\\\/#\\\/schema\\\/logo\\\/image\\\/\",\"url\":\"https:\\\/\\\/animefigurer.se\\\/wp-content\\\/uploads\\\/2025\\\/12\\\/Animefigurer_logowhite.png\",\"contentUrl\":\"https:\\\/\\\/animefigurer.se\\\/wp-content\\\/uploads\\\/2025\\\/12\\\/Animefigurer_logowhite.png\",\"width\":1890,\"height\":1417,\"caption\":\"Animefigurer.se\"},\"image\":{\"@id\":\"https:\\\/\\\/animefigurer.se\\\/#\\\/schema\\\/logo\\\/image\\\/\"},\"sameAs\":[\"https:\\\/\\\/www.facebook.com\\\/profile.php?id=61581826539670\",\"https:\\\/\\\/www.instagram.com\\\/animefigurer.se\\\/\"],\"email\":\"info@animefigurer.se\"}]}<\/script>\n<!-- \/ Yoast SEO Premium plugin. -->","yoast_head_json":{"title":"Bang Dream! Ave Mujica - Misumi Uika - PalVerse - PalVerse Pale (Bushiroad Creative) | Animefigurer.se","robots":{"index":"index","follow":"follow","max-snippet":"max-snippet:-1","max-image-preview":"max-image-preview:large","max-video-preview":"max-video-preview:-1"},"canonical":"https:\/\/animefigurer.se\/en\/figurer\/bang-dream-ave-mujica\/bang-dream-ave-mujica-misumi-uika-palverse-palverse-pale-bushiroad-creative\/","og_locale":"en_GB","og_type":"article","og_title":"BanG Dream! Ave Mujica - Misumi Uika - PalVerse - PalVerse Pale (Bushiroad Creative)","og_description":"Ta din BanG Dream! Ave Mujica-samling till nya h\u00f6jder med denna charmiga PalVerse Pal\u00e9-figur av Misumi Uika \u201cDoloris\u201d fr\u00e5n Bushiroad Creative. Figuren \u00e5terger Uika i en lekfull, stiliserad design inspirerad av PalVerse-seriens unika estetik, vilket ger en i\u00f6gonfallande och samlarv\u00e4nlig look som sticker ut i displayen. Tillverkad i PVC\/ABS och med en kompakt storlek passar [&hellip;]","og_url":"https:\/\/animefigurer.se\/en\/figurer\/bang-dream-ave-mujica\/bang-dream-ave-mujica-misumi-uika-palverse-palverse-pale-bushiroad-creative\/","og_site_name":"Animefigurer.se","article_publisher":"https:\/\/www.facebook.com\/profile.php?id=61581826539670","article_modified_time":"2026-01-24T11:39:54+00:00","og_image":[{"width":800,"height":800,"url":"https:\/\/animefigurer.se\/wp-content\/uploads\/2026\/01\/b3c11d52-61a2-430a-b0ab-7fdd0fbf14b5.webp","type":"image\/webp"}],"twitter_card":"summary_large_image","twitter_misc":{"Estimated reading time":"1 minute"},"schema":{"@context":"https:\/\/schema.org","@graph":[{"@type":"WebPage","@id":"https:\/\/animefigurer.se\/figurer\/bang-dream-ave-mujica\/bang-dream-ave-mujica-misumi-uika-palverse-palverse-pale-bushiroad-creative\/","url":"https:\/\/animefigurer.se\/figurer\/bang-dream-ave-mujica\/bang-dream-ave-mujica-misumi-uika-palverse-palverse-pale-bushiroad-creative\/","name":"Bang Dream! Ave Mujica - Misumi Uika - PalVerse - PalVerse Pale (Bushiroad Creative) | Animefigurer.se","isPartOf":{"@id":"https:\/\/animefigurer.se\/#website"},"primaryImageOfPage":{"@id":"https:\/\/animefigurer.se\/figurer\/bang-dream-ave-mujica\/bang-dream-ave-mujica-misumi-uika-palverse-palverse-pale-bushiroad-creative\/#primaryimage"},"image":{"@id":"https:\/\/animefigurer.se\/figurer\/bang-dream-ave-mujica\/bang-dream-ave-mujica-misumi-uika-palverse-palverse-pale-bushiroad-creative\/#primaryimage"},"thumbnailUrl":"https:\/\/animefigurer.se\/wp-content\/uploads\/2026\/01\/b3c11d52-61a2-430a-b0ab-7fdd0fbf14b5.webp","datePublished":"2026-01-24T10:17:18+00:00","dateModified":"2026-01-24T11:39:54+00:00","breadcrumb":{"@id":"https:\/\/animefigurer.se\/figurer\/bang-dream-ave-mujica\/bang-dream-ave-mujica-misumi-uika-palverse-palverse-pale-bushiroad-creative\/#breadcrumb"},"inLanguage":"en-GB","potentialAction":[{"@type":"ReadAction","target":["https:\/\/animefigurer.se\/figurer\/bang-dream-ave-mujica\/bang-dream-ave-mujica-misumi-uika-palverse-palverse-pale-bushiroad-creative\/"]}]},{"@type":"ImageObject","inLanguage":"en-GB","@id":"https:\/\/animefigurer.se\/figurer\/bang-dream-ave-mujica\/bang-dream-ave-mujica-misumi-uika-palverse-palverse-pale-bushiroad-creative\/#primaryimage","url":"https:\/\/animefigurer.se\/wp-content\/uploads\/2026\/01\/b3c11d52-61a2-430a-b0ab-7fdd0fbf14b5.webp","contentUrl":"https:\/\/animefigurer.se\/wp-content\/uploads\/2026\/01\/b3c11d52-61a2-430a-b0ab-7fdd0fbf14b5.webp","width":800,"height":800,"caption":"BanG Dream! Ave Mujica - Misumi Uika - PalVerse - PalVerse Pale (Bushiroad Creative)"},{"@type":"BreadcrumbList","@id":"https:\/\/animefigurer.se\/figurer\/bang-dream-ave-mujica\/bang-dream-ave-mujica-misumi-uika-palverse-palverse-pale-bushiroad-creative\/#breadcrumb","itemListElement":[{"@type":"ListItem","position":1,"name":"Home","item":"https:\/\/animefigurer.se\/"},{"@type":"ListItem","position":2,"name":"Butik","item":"https:\/\/animefigurer.se\/figurer\/"},{"@type":"ListItem","position":3,"name":"BanG Dream! Ave Mujica &#8211; Misumi Uika &#8211; PalVerse &#8211; PalVerse Pale (Bushiroad Creative)"}]},{"@type":"WebSite","@id":"https:\/\/animefigurer.se\/#website","url":"https:\/\/animefigurer.se\/","name":"Animefigurer.se","description":"Anime figures from over 300 different anime series with over 9000 products | Anime Shop","publisher":{"@id":"https:\/\/animefigurer.se\/#organization"},"potentialAction":[{"@type":"SearchAction","target":{"@type":"EntryPoint","urlTemplate":"https:\/\/animefigurer.se\/?s={search_term_string}"},"query-input":{"@type":"PropertyValueSpecification","valueRequired":true,"valueName":"search_term_string"}}],"inLanguage":"en-GB"},{"@type":"Organization","@id":"https:\/\/animefigurer.se\/#organization","name":"Animefigurer.se","alternateName":"Anime figurer | Anime shop","url":"https:\/\/animefigurer.se\/","logo":{"@type":"ImageObject","inLanguage":"en-GB","@id":"https:\/\/animefigurer.se\/#\/schema\/logo\/image\/","url":"https:\/\/animefigurer.se\/wp-content\/uploads\/2025\/12\/Animefigurer_logowhite.png","contentUrl":"https:\/\/animefigurer.se\/wp-content\/uploads\/2025\/12\/Animefigurer_logowhite.png","width":1890,"height":1417,"caption":"Animefigurer.se"},"image":{"@id":"https:\/\/animefigurer.se\/#\/schema\/logo\/image\/"},"sameAs":["https:\/\/www.facebook.com\/profile.php?id=61581826539670","https:\/\/www.instagram.com\/animefigurer.se\/"],"email":"info@animefigurer.se"}]}},"_links":{"self":[{"href":"https:\/\/animefigurer.se\/en\/wp-json\/wp\/v2\/product\/88384","targetHints":{"allow":["GET"]}}],"collection":[{"href":"https:\/\/animefigurer.se\/en\/wp-json\/wp\/v2\/product"}],"about":[{"href":"https:\/\/animefigurer.se\/en\/wp-json\/wp\/v2\/types\/product"}],"replies":[{"embeddable":true,"href":"https:\/\/animefigurer.se\/en\/wp-json\/wp\/v2\/comments?post=88384"}],"wp:featuredmedia":[{"embeddable":true,"href":"https:\/\/animefigurer.se\/en\/wp-json\/wp\/v2\/media\/88385"}],"wp:attachment":[{"href":"https:\/\/animefigurer.se\/en\/wp-json\/wp\/v2\/media?parent=88384"}],"wp:term":[{"taxonomy":"product_brand","embeddable":true,"href":"https:\/\/animefigurer.se\/en\/wp-json\/wp\/v2\/product_brand?post=88384"},{"taxonomy":"product_cat","embeddable":true,"href":"https:\/\/animefigurer.se\/en\/wp-json\/wp\/v2\/product_cat?post=88384"},{"taxonomy":"product_tag","embeddable":true,"href":"https:\/\/animefigurer.se\/en\/wp-json\/wp\/v2\/product_tag?post=88384"},{"taxonomy":"giftcard-category","embeddable":true,"href":"https:\/\/animefigurer.se\/en\/wp-json\/wp\/v2\/giftcard-category?post=88384"}],"curies":[{"name":"wp","href":"https:\/\/api.w.org\/{rel}","templated":true}]}}