{"id":88266,"date":"2026-01-24T11:17:08","date_gmt":"2026-01-24T10:17:08","guid":{"rendered":"https:\/\/animefigurer.se\/?post_type=product&#038;p=88266"},"modified":"2026-01-26T07:03:40","modified_gmt":"2026-01-26T06:03:40","slug":"uma-musume-cinderella-gray-kuripan-plushie-oguri-cap-kasamatsu-tracen-academy-tracksuit","status":"publish","type":"product","link":"https:\/\/animefigurer.se\/en\/figurer\/umamusume-pretty-derby\/uma-musume-cinderella-gray-kuripan-plushie-oguri-cap-kasamatsu-tracen-academy-tracksuit\/","title":{"rendered":"Uma Musume: Cinderella Gray Kuripan Plushie Oguri Cap (Kasamatsu Tracen Academy Tracksuit)"},"content":{"rendered":"<p><strong data-start=\"48\" data-end=\"89\"><span class=\"entity-underline hover:entity-accent inline cursor-pointer align-baseline\"><span class=\"whitespace-normal\">Kuripan Plushie Uma Musume Cinderella Gray Oguri Cap (Kasamatsu Tracen Academy Tracksuit)<\/span><\/span><\/strong> is a super cute <strong data-start=\"108\" data-end=\"154\">plushie from <em data-start=\"123\" data-end=\"152\">Uma Musume: Cinderella Gray<\/em><\/strong> presented in the charming Kuripan style \u2014 with big round eyes and soft, sausage-like feet inspired by the illustrator&#039;s chibi art style. This soft plush is designed as <strong data-start=\"333\" data-end=\"387\">Oguri Cap in his Kasamatsu Tracen Academy tracksuit<\/strong>, giving a cute and collector-friendly twist on the character that fans of the series will instantly recognize. Made of soft polyester and with a height of approx. <strong data-start=\"533\" data-end=\"543\">170mm<\/strong>, this plushie is perfect for adorning your sofa, shelf or collector&#039;s corner with a playful touch. An ideal addition for both new collectors and established ones <em data-start=\"701\" data-end=\"713\">Uma Musume<\/em>-fans who want an expressive and huggable collectible in their collection.<\/p>","protected":false},"excerpt":{"rendered":"<p>Kuripan Plushie Uma Musume Cinderella Gray Oguri Cap (Kasamatsu Tracen Academy Tracksuit) \u00e4r en supergullig plushie fr\u00e5n Uma Musume: Cinderella Gray presenterad i den charmiga Kuripan-stilen \u2014 med stora runda \u00f6gon och mjuka, korvliknande f\u00f6tter inspirerade av illustrat\u00f6rens chibi-konststil. Denna mjuka plysch \u00e4r designad som Oguri Cap i sin Kasamatsu Tracen Academy-tracksuit, vilket ger en [&hellip;]<\/p>\n","protected":false},"featured_media":88267,"comment_status":"open","ping_status":"closed","template":"","meta":{"_acf_changed":false,"_monsterinsights_skip_tracking":false,"_monsterinsights_sitenote_active":false,"_monsterinsights_sitenote_note":"","_monsterinsights_sitenote_category":0},"product_brand":[6890],"product_cat":[5874],"product_tag":[26],"giftcard-category":[],"class_list":{"0":"post-88266","1":"product","2":"type-product","3":"status-publish","4":"has-post-thumbnail","6":"product_brand-good-smile-company","7":"product_cat-umamusume-pretty-derby","8":"product_tag-pre-order","9":"pa_franchise-umamusume-cinderella-gray","10":"pa_karaktar-oguri-cap","11":"pa_material-polyester","12":"pa_produktserie-plushie","13":"pa_storlek-17-cm","15":"first","16":"instock","17":"taxable","18":"shipping-taxable","19":"purchasable","20":"product-type-simple"},"acf":[],"yoast_head":"<!-- This site is optimized with the Yoast SEO Premium plugin v24.6 (Yoast SEO v27.3) - https:\/\/yoast.com\/product\/yoast-seo-premium-wordpress\/ -->\n<title>Uma Musume: Cinderella Gray Kuripan Plushie Oguri Cap (Kasamatsu Tracen Academy Tracksuit) | Animefigurer.se<\/title>\n<meta name=\"robots\" content=\"index, follow, max-snippet:-1, max-image-preview:large, max-video-preview:-1\" \/>\n<link rel=\"canonical\" href=\"https:\/\/animefigurer.se\/en\/figurer\/umamusume-pretty-derby\/uma-musume-cinderella-gray-kuripan-plushie-oguri-cap-kasamatsu-tracen-academy-tracksuit\/\" \/>\n<meta property=\"og:locale\" content=\"en_GB\" \/>\n<meta property=\"og:type\" content=\"article\" \/>\n<meta property=\"og:title\" content=\"Uma Musume: Cinderella Gray Kuripan Plushie Oguri Cap (Kasamatsu Tracen Academy Tracksuit)\" \/>\n<meta property=\"og:description\" content=\"Kuripan Plushie Uma Musume Cinderella Gray Oguri Cap (Kasamatsu Tracen Academy Tracksuit) \u00e4r en supergullig plushie fr\u00e5n Uma Musume: Cinderella Gray presenterad i den charmiga Kuripan-stilen \u2014 med stora runda \u00f6gon och mjuka, korvliknande f\u00f6tter inspirerade av illustrat\u00f6rens chibi-konststil. Denna mjuka plysch \u00e4r designad som Oguri Cap i sin Kasamatsu Tracen Academy-tracksuit, vilket ger en [&hellip;]\" \/>\n<meta property=\"og:url\" content=\"https:\/\/animefigurer.se\/en\/figurer\/umamusume-pretty-derby\/uma-musume-cinderella-gray-kuripan-plushie-oguri-cap-kasamatsu-tracen-academy-tracksuit\/\" \/>\n<meta property=\"og:site_name\" content=\"Animefigurer.se\" \/>\n<meta property=\"article:publisher\" content=\"https:\/\/www.facebook.com\/profile.php?id=61581826539670\" \/>\n<meta property=\"article:modified_time\" content=\"2026-01-26T06:03:40+00:00\" \/>\n<meta property=\"og:image\" content=\"https:\/\/animefigurer.se\/wp-content\/uploads\/2026\/01\/6cf1187a658b4de6bebf361a9ce55a41.jpg.webp\" \/>\n\t<meta property=\"og:image:width\" content=\"700\" \/>\n\t<meta property=\"og:image:height\" content=\"700\" \/>\n\t<meta property=\"og:image:type\" content=\"image\/webp\" \/>\n<meta name=\"twitter:card\" content=\"summary_large_image\" \/>\n<meta name=\"twitter:label1\" content=\"Estimated reading time\" \/>\n\t<meta name=\"twitter:data1\" content=\"1 minute\" \/>\n<script type=\"application\/ld+json\" class=\"yoast-schema-graph\">{\"@context\":\"https:\\\/\\\/schema.org\",\"@graph\":[{\"@type\":\"WebPage\",\"@id\":\"https:\\\/\\\/animefigurer.se\\\/figurer\\\/umamusume-pretty-derby\\\/uma-musume-cinderella-gray-kuripan-plushie-oguri-cap-kasamatsu-tracen-academy-tracksuit\\\/\",\"url\":\"https:\\\/\\\/animefigurer.se\\\/figurer\\\/umamusume-pretty-derby\\\/uma-musume-cinderella-gray-kuripan-plushie-oguri-cap-kasamatsu-tracen-academy-tracksuit\\\/\",\"name\":\"Uma Musume: Cinderella Gray Kuripan Plushie Oguri Cap (Kasamatsu Tracen Academy Tracksuit) | Animefigurer.se\",\"isPartOf\":{\"@id\":\"https:\\\/\\\/animefigurer.se\\\/#website\"},\"primaryImageOfPage\":{\"@id\":\"https:\\\/\\\/animefigurer.se\\\/figurer\\\/umamusume-pretty-derby\\\/uma-musume-cinderella-gray-kuripan-plushie-oguri-cap-kasamatsu-tracen-academy-tracksuit\\\/#primaryimage\"},\"image\":{\"@id\":\"https:\\\/\\\/animefigurer.se\\\/figurer\\\/umamusume-pretty-derby\\\/uma-musume-cinderella-gray-kuripan-plushie-oguri-cap-kasamatsu-tracen-academy-tracksuit\\\/#primaryimage\"},\"thumbnailUrl\":\"https:\\\/\\\/animefigurer.se\\\/wp-content\\\/uploads\\\/2026\\\/01\\\/6cf1187a658b4de6bebf361a9ce55a41.jpg.webp\",\"datePublished\":\"2026-01-24T10:17:08+00:00\",\"dateModified\":\"2026-01-26T06:03:40+00:00\",\"breadcrumb\":{\"@id\":\"https:\\\/\\\/animefigurer.se\\\/figurer\\\/umamusume-pretty-derby\\\/uma-musume-cinderella-gray-kuripan-plushie-oguri-cap-kasamatsu-tracen-academy-tracksuit\\\/#breadcrumb\"},\"inLanguage\":\"en-GB\",\"potentialAction\":[{\"@type\":\"ReadAction\",\"target\":[\"https:\\\/\\\/animefigurer.se\\\/figurer\\\/umamusume-pretty-derby\\\/uma-musume-cinderella-gray-kuripan-plushie-oguri-cap-kasamatsu-tracen-academy-tracksuit\\\/\"]}]},{\"@type\":\"ImageObject\",\"inLanguage\":\"en-GB\",\"@id\":\"https:\\\/\\\/animefigurer.se\\\/figurer\\\/umamusume-pretty-derby\\\/uma-musume-cinderella-gray-kuripan-plushie-oguri-cap-kasamatsu-tracen-academy-tracksuit\\\/#primaryimage\",\"url\":\"https:\\\/\\\/animefigurer.se\\\/wp-content\\\/uploads\\\/2026\\\/01\\\/6cf1187a658b4de6bebf361a9ce55a41.jpg.webp\",\"contentUrl\":\"https:\\\/\\\/animefigurer.se\\\/wp-content\\\/uploads\\\/2026\\\/01\\\/6cf1187a658b4de6bebf361a9ce55a41.jpg.webp\",\"width\":700,\"height\":700,\"caption\":\"Uma Musume: Cinderella Gray Kuripan Plushie Oguri Cap (Kasamatsu Tracen Academy Tracksuit)\"},{\"@type\":\"BreadcrumbList\",\"@id\":\"https:\\\/\\\/animefigurer.se\\\/figurer\\\/umamusume-pretty-derby\\\/uma-musume-cinderella-gray-kuripan-plushie-oguri-cap-kasamatsu-tracen-academy-tracksuit\\\/#breadcrumb\",\"itemListElement\":[{\"@type\":\"ListItem\",\"position\":1,\"name\":\"Home\",\"item\":\"https:\\\/\\\/animefigurer.se\\\/\"},{\"@type\":\"ListItem\",\"position\":2,\"name\":\"Butik\",\"item\":\"https:\\\/\\\/animefigurer.se\\\/figurer\\\/\"},{\"@type\":\"ListItem\",\"position\":3,\"name\":\"Uma Musume: Cinderella Gray Kuripan Plushie Oguri Cap (Kasamatsu Tracen Academy Tracksuit)\"}]},{\"@type\":\"WebSite\",\"@id\":\"https:\\\/\\\/animefigurer.se\\\/#website\",\"url\":\"https:\\\/\\\/animefigurer.se\\\/\",\"name\":\"Animefigurer.se\",\"description\":\"Anime figurer fr\u00e5n \u00f6ver 300 olika anime serier med \u00f6ver 9000 produkter | Anime Shop\",\"publisher\":{\"@id\":\"https:\\\/\\\/animefigurer.se\\\/#organization\"},\"potentialAction\":[{\"@type\":\"SearchAction\",\"target\":{\"@type\":\"EntryPoint\",\"urlTemplate\":\"https:\\\/\\\/animefigurer.se\\\/?s={search_term_string}\"},\"query-input\":{\"@type\":\"PropertyValueSpecification\",\"valueRequired\":true,\"valueName\":\"search_term_string\"}}],\"inLanguage\":\"en-GB\"},{\"@type\":\"Organization\",\"@id\":\"https:\\\/\\\/animefigurer.se\\\/#organization\",\"name\":\"Animefigurer.se\",\"alternateName\":\"Anime figurer | Anime shop\",\"url\":\"https:\\\/\\\/animefigurer.se\\\/\",\"logo\":{\"@type\":\"ImageObject\",\"inLanguage\":\"en-GB\",\"@id\":\"https:\\\/\\\/animefigurer.se\\\/#\\\/schema\\\/logo\\\/image\\\/\",\"url\":\"https:\\\/\\\/animefigurer.se\\\/wp-content\\\/uploads\\\/2025\\\/12\\\/Animefigurer_logowhite.png\",\"contentUrl\":\"https:\\\/\\\/animefigurer.se\\\/wp-content\\\/uploads\\\/2025\\\/12\\\/Animefigurer_logowhite.png\",\"width\":1890,\"height\":1417,\"caption\":\"Animefigurer.se\"},\"image\":{\"@id\":\"https:\\\/\\\/animefigurer.se\\\/#\\\/schema\\\/logo\\\/image\\\/\"},\"sameAs\":[\"https:\\\/\\\/www.facebook.com\\\/profile.php?id=61581826539670\",\"https:\\\/\\\/www.instagram.com\\\/animefigurer.se\\\/\"],\"email\":\"info@animefigurer.se\"}]}<\/script>\n<!-- \/ Yoast SEO Premium plugin. -->","yoast_head_json":{"title":"Uma Musume: Cinderella Gray Kuripan Plushie Oguri Cap (Kasamatsu Tracen Academy Tracksuit) | Animefigurer.se","robots":{"index":"index","follow":"follow","max-snippet":"max-snippet:-1","max-image-preview":"max-image-preview:large","max-video-preview":"max-video-preview:-1"},"canonical":"https:\/\/animefigurer.se\/en\/figurer\/umamusume-pretty-derby\/uma-musume-cinderella-gray-kuripan-plushie-oguri-cap-kasamatsu-tracen-academy-tracksuit\/","og_locale":"en_GB","og_type":"article","og_title":"Uma Musume: Cinderella Gray Kuripan Plushie Oguri Cap (Kasamatsu Tracen Academy Tracksuit)","og_description":"Kuripan Plushie Uma Musume Cinderella Gray Oguri Cap (Kasamatsu Tracen Academy Tracksuit) \u00e4r en supergullig plushie fr\u00e5n Uma Musume: Cinderella Gray presenterad i den charmiga Kuripan-stilen \u2014 med stora runda \u00f6gon och mjuka, korvliknande f\u00f6tter inspirerade av illustrat\u00f6rens chibi-konststil. Denna mjuka plysch \u00e4r designad som Oguri Cap i sin Kasamatsu Tracen Academy-tracksuit, vilket ger en [&hellip;]","og_url":"https:\/\/animefigurer.se\/en\/figurer\/umamusume-pretty-derby\/uma-musume-cinderella-gray-kuripan-plushie-oguri-cap-kasamatsu-tracen-academy-tracksuit\/","og_site_name":"Animefigurer.se","article_publisher":"https:\/\/www.facebook.com\/profile.php?id=61581826539670","article_modified_time":"2026-01-26T06:03:40+00:00","og_image":[{"width":700,"height":700,"url":"https:\/\/animefigurer.se\/wp-content\/uploads\/2026\/01\/6cf1187a658b4de6bebf361a9ce55a41.jpg.webp","type":"image\/webp"}],"twitter_card":"summary_large_image","twitter_misc":{"Estimated reading time":"1 minute"},"schema":{"@context":"https:\/\/schema.org","@graph":[{"@type":"WebPage","@id":"https:\/\/animefigurer.se\/figurer\/umamusume-pretty-derby\/uma-musume-cinderella-gray-kuripan-plushie-oguri-cap-kasamatsu-tracen-academy-tracksuit\/","url":"https:\/\/animefigurer.se\/figurer\/umamusume-pretty-derby\/uma-musume-cinderella-gray-kuripan-plushie-oguri-cap-kasamatsu-tracen-academy-tracksuit\/","name":"Uma Musume: Cinderella Gray Kuripan Plushie Oguri Cap (Kasamatsu Tracen Academy Tracksuit) | Animefigurer.se","isPartOf":{"@id":"https:\/\/animefigurer.se\/#website"},"primaryImageOfPage":{"@id":"https:\/\/animefigurer.se\/figurer\/umamusume-pretty-derby\/uma-musume-cinderella-gray-kuripan-plushie-oguri-cap-kasamatsu-tracen-academy-tracksuit\/#primaryimage"},"image":{"@id":"https:\/\/animefigurer.se\/figurer\/umamusume-pretty-derby\/uma-musume-cinderella-gray-kuripan-plushie-oguri-cap-kasamatsu-tracen-academy-tracksuit\/#primaryimage"},"thumbnailUrl":"https:\/\/animefigurer.se\/wp-content\/uploads\/2026\/01\/6cf1187a658b4de6bebf361a9ce55a41.jpg.webp","datePublished":"2026-01-24T10:17:08+00:00","dateModified":"2026-01-26T06:03:40+00:00","breadcrumb":{"@id":"https:\/\/animefigurer.se\/figurer\/umamusume-pretty-derby\/uma-musume-cinderella-gray-kuripan-plushie-oguri-cap-kasamatsu-tracen-academy-tracksuit\/#breadcrumb"},"inLanguage":"en-GB","potentialAction":[{"@type":"ReadAction","target":["https:\/\/animefigurer.se\/figurer\/umamusume-pretty-derby\/uma-musume-cinderella-gray-kuripan-plushie-oguri-cap-kasamatsu-tracen-academy-tracksuit\/"]}]},{"@type":"ImageObject","inLanguage":"en-GB","@id":"https:\/\/animefigurer.se\/figurer\/umamusume-pretty-derby\/uma-musume-cinderella-gray-kuripan-plushie-oguri-cap-kasamatsu-tracen-academy-tracksuit\/#primaryimage","url":"https:\/\/animefigurer.se\/wp-content\/uploads\/2026\/01\/6cf1187a658b4de6bebf361a9ce55a41.jpg.webp","contentUrl":"https:\/\/animefigurer.se\/wp-content\/uploads\/2026\/01\/6cf1187a658b4de6bebf361a9ce55a41.jpg.webp","width":700,"height":700,"caption":"Uma Musume: Cinderella Gray Kuripan Plushie Oguri Cap (Kasamatsu Tracen Academy Tracksuit)"},{"@type":"BreadcrumbList","@id":"https:\/\/animefigurer.se\/figurer\/umamusume-pretty-derby\/uma-musume-cinderella-gray-kuripan-plushie-oguri-cap-kasamatsu-tracen-academy-tracksuit\/#breadcrumb","itemListElement":[{"@type":"ListItem","position":1,"name":"Home","item":"https:\/\/animefigurer.se\/"},{"@type":"ListItem","position":2,"name":"Butik","item":"https:\/\/animefigurer.se\/figurer\/"},{"@type":"ListItem","position":3,"name":"Uma Musume: Cinderella Gray Kuripan Plushie Oguri Cap (Kasamatsu Tracen Academy Tracksuit)"}]},{"@type":"WebSite","@id":"https:\/\/animefigurer.se\/#website","url":"https:\/\/animefigurer.se\/","name":"Animefigurer.se","description":"Anime figures from over 300 different anime series with over 9000 products | Anime Shop","publisher":{"@id":"https:\/\/animefigurer.se\/#organization"},"potentialAction":[{"@type":"SearchAction","target":{"@type":"EntryPoint","urlTemplate":"https:\/\/animefigurer.se\/?s={search_term_string}"},"query-input":{"@type":"PropertyValueSpecification","valueRequired":true,"valueName":"search_term_string"}}],"inLanguage":"en-GB"},{"@type":"Organization","@id":"https:\/\/animefigurer.se\/#organization","name":"Animefigurer.se","alternateName":"Anime figurer | Anime shop","url":"https:\/\/animefigurer.se\/","logo":{"@type":"ImageObject","inLanguage":"en-GB","@id":"https:\/\/animefigurer.se\/#\/schema\/logo\/image\/","url":"https:\/\/animefigurer.se\/wp-content\/uploads\/2025\/12\/Animefigurer_logowhite.png","contentUrl":"https:\/\/animefigurer.se\/wp-content\/uploads\/2025\/12\/Animefigurer_logowhite.png","width":1890,"height":1417,"caption":"Animefigurer.se"},"image":{"@id":"https:\/\/animefigurer.se\/#\/schema\/logo\/image\/"},"sameAs":["https:\/\/www.facebook.com\/profile.php?id=61581826539670","https:\/\/www.instagram.com\/animefigurer.se\/"],"email":"info@animefigurer.se"}]}},"_links":{"self":[{"href":"https:\/\/animefigurer.se\/en\/wp-json\/wp\/v2\/product\/88266","targetHints":{"allow":["GET"]}}],"collection":[{"href":"https:\/\/animefigurer.se\/en\/wp-json\/wp\/v2\/product"}],"about":[{"href":"https:\/\/animefigurer.se\/en\/wp-json\/wp\/v2\/types\/product"}],"replies":[{"embeddable":true,"href":"https:\/\/animefigurer.se\/en\/wp-json\/wp\/v2\/comments?post=88266"}],"wp:featuredmedia":[{"embeddable":true,"href":"https:\/\/animefigurer.se\/en\/wp-json\/wp\/v2\/media\/88267"}],"wp:attachment":[{"href":"https:\/\/animefigurer.se\/en\/wp-json\/wp\/v2\/media?parent=88266"}],"wp:term":[{"taxonomy":"product_brand","embeddable":true,"href":"https:\/\/animefigurer.se\/en\/wp-json\/wp\/v2\/product_brand?post=88266"},{"taxonomy":"product_cat","embeddable":true,"href":"https:\/\/animefigurer.se\/en\/wp-json\/wp\/v2\/product_cat?post=88266"},{"taxonomy":"product_tag","embeddable":true,"href":"https:\/\/animefigurer.se\/en\/wp-json\/wp\/v2\/product_tag?post=88266"},{"taxonomy":"giftcard-category","embeddable":true,"href":"https:\/\/animefigurer.se\/en\/wp-json\/wp\/v2\/giftcard-category?post=88266"}],"curies":[{"name":"wp","href":"https:\/\/api.w.org\/{rel}","templated":true}]}}