{"id":88195,"date":"2026-01-24T11:09:42","date_gmt":"2026-01-24T10:09:42","guid":{"rendered":"https:\/\/animefigurer.se\/?post_type=product&#038;p=88195"},"modified":"2026-01-26T06:49:27","modified_gmt":"2026-01-26T05:49:27","slug":"hells-paradise-jigokuraku-figma-yamada-asaemon-sagiri","status":"publish","type":"product","link":"https:\/\/animefigurer.se\/en\/figurer\/hells-paradise-jigokuraku\/hells-paradise-jigokuraku-figma-yamada-asaemon-sagiri\/","title":{"rendered":"Hell&#039;s Paradise: Jigokuraku figma Yamada Asaemon Sagiri"},"content":{"rendered":"<p><strong data-start=\"48\" data-end=\"89\"><span class=\"entity-underline hover:entity-accent inline cursor-pointer align-baseline\"><span class=\"whitespace-normal\">figma Yamada Asaemon Sagiri<\/span><\/span><\/strong> is an officially licensed <strong data-start=\"119\" data-end=\"140\">figma action figure<\/strong> from the popular series <em data-start=\"166\" data-end=\"195\">Hell&#039;s Paradise: Jigokuraku<\/em>. This articulated collectible in fully painted PVC material comes with <strong data-start=\"267\" data-end=\"295\">interchangeable faceplates<\/strong> \u2013 including standard, battle and worried expressions \u2013 so you can vary Sagiri&#039;s emotions in your display. Figman comes with <strong data-start=\"419\" data-end=\"440\" data-is-only-node=\"\">included stand<\/strong> and more <strong data-start=\"451\" data-end=\"468\">optional parts<\/strong> such as sword and scabbard, making it easy to create dynamic poses that reflect her sharp fighting style. The figure stands at approx. <strong data-start=\"597\" data-end=\"614\">150mm in height<\/strong>, making it a stylish and expressive addition to a shelf or display cabinet for both established collectors and new fans who want to pay tribute to this disciplined swordsman in their collection.<\/p>","protected":false},"excerpt":{"rendered":"<p>figma Yamada Asaemon Sagiri \u00e4r en officiellt licensierad figma-actionfigur fr\u00e5n den popul\u00e4ra serien Hell\u2019s Paradise: Jigokuraku. Denna articulerade collectible i fullt m\u00e5lade PVC-material kommer med utbytbara ansiktsplattor \u2013 inklusive standard, strids- och bekymrat uttryck \u2013 s\u00e5 du kan variera Sagiris k\u00e4nslor i din display. Figman levereras med inkluderat stativ och flera valfria delar s\u00e5som sv\u00e4rd [&hellip;]<\/p>\n","protected":false},"featured_media":88196,"comment_status":"open","ping_status":"closed","template":"","meta":{"_acf_changed":false,"_monsterinsights_skip_tracking":false,"_monsterinsights_sitenote_active":false,"_monsterinsights_sitenote_note":"","_monsterinsights_sitenote_category":0},"product_brand":[6890],"product_cat":[2913],"product_tag":[26],"giftcard-category":[],"class_list":{"0":"post-88195","1":"product","2":"type-product","3":"status-publish","4":"has-post-thumbnail","6":"product_brand-good-smile-company","7":"product_cat-hells-paradise-jigokuraku","8":"product_tag-pre-order","9":"pa_franchise-hells-paradise-jigokuraku","10":"pa_karaktar-yamada-asaemon-sagiri","11":"pa_produktserie-figma","12":"pa_storlek-15-cm","14":"first","15":"instock","16":"taxable","17":"shipping-taxable","18":"purchasable","19":"product-type-simple"},"acf":[],"yoast_head":"<!-- This site is optimized with the Yoast SEO Premium plugin v24.6 (Yoast SEO v27.3) - https:\/\/yoast.com\/product\/yoast-seo-premium-wordpress\/ -->\n<title>Hell&#039;s Paradise: Jigokuraku figma Yamada Asaemon Sagiri | Animefigurer.se<\/title>\n<meta name=\"robots\" content=\"index, follow, max-snippet:-1, max-image-preview:large, max-video-preview:-1\" \/>\n<link rel=\"canonical\" href=\"https:\/\/animefigurer.se\/en\/figurer\/hells-paradise-jigokuraku\/hells-paradise-jigokuraku-figma-yamada-asaemon-sagiri\/\" \/>\n<meta property=\"og:locale\" content=\"en_GB\" \/>\n<meta property=\"og:type\" content=\"article\" \/>\n<meta property=\"og:title\" content=\"Hell&#039;s Paradise: Jigokuraku figma Yamada Asaemon Sagiri\" \/>\n<meta property=\"og:description\" content=\"figma Yamada Asaemon Sagiri \u00e4r en officiellt licensierad figma-actionfigur fr\u00e5n den popul\u00e4ra serien Hell\u2019s Paradise: Jigokuraku. Denna articulerade collectible i fullt m\u00e5lade PVC-material kommer med utbytbara ansiktsplattor \u2013 inklusive standard, strids- och bekymrat uttryck \u2013 s\u00e5 du kan variera Sagiris k\u00e4nslor i din display. Figman levereras med inkluderat stativ och flera valfria delar s\u00e5som sv\u00e4rd [&hellip;]\" \/>\n<meta property=\"og:url\" content=\"https:\/\/animefigurer.se\/en\/figurer\/hells-paradise-jigokuraku\/hells-paradise-jigokuraku-figma-yamada-asaemon-sagiri\/\" \/>\n<meta property=\"og:site_name\" content=\"Animefigurer.se\" \/>\n<meta property=\"article:publisher\" content=\"https:\/\/www.facebook.com\/profile.php?id=61581826539670\" \/>\n<meta property=\"article:modified_time\" content=\"2026-01-26T05:49:27+00:00\" \/>\n<meta property=\"og:image\" content=\"https:\/\/animefigurer.se\/wp-content\/uploads\/2026\/01\/PN8TzgXsHkrb2SLDWntEaC5chvx10y7i.webp\" \/>\n\t<meta property=\"og:image:width\" content=\"750\" \/>\n\t<meta property=\"og:image:height\" content=\"1000\" \/>\n\t<meta property=\"og:image:type\" content=\"image\/webp\" \/>\n<meta name=\"twitter:card\" content=\"summary_large_image\" \/>\n<meta name=\"twitter:label1\" content=\"Estimated reading time\" \/>\n\t<meta name=\"twitter:data1\" content=\"1 minute\" \/>\n<script type=\"application\/ld+json\" class=\"yoast-schema-graph\">{\"@context\":\"https:\\\/\\\/schema.org\",\"@graph\":[{\"@type\":\"WebPage\",\"@id\":\"https:\\\/\\\/animefigurer.se\\\/figurer\\\/hells-paradise-jigokuraku\\\/hells-paradise-jigokuraku-figma-yamada-asaemon-sagiri\\\/\",\"url\":\"https:\\\/\\\/animefigurer.se\\\/figurer\\\/hells-paradise-jigokuraku\\\/hells-paradise-jigokuraku-figma-yamada-asaemon-sagiri\\\/\",\"name\":\"Hell's Paradise: Jigokuraku figma Yamada Asaemon Sagiri | Animefigurer.se\",\"isPartOf\":{\"@id\":\"https:\\\/\\\/animefigurer.se\\\/#website\"},\"primaryImageOfPage\":{\"@id\":\"https:\\\/\\\/animefigurer.se\\\/figurer\\\/hells-paradise-jigokuraku\\\/hells-paradise-jigokuraku-figma-yamada-asaemon-sagiri\\\/#primaryimage\"},\"image\":{\"@id\":\"https:\\\/\\\/animefigurer.se\\\/figurer\\\/hells-paradise-jigokuraku\\\/hells-paradise-jigokuraku-figma-yamada-asaemon-sagiri\\\/#primaryimage\"},\"thumbnailUrl\":\"https:\\\/\\\/animefigurer.se\\\/wp-content\\\/uploads\\\/2026\\\/01\\\/PN8TzgXsHkrb2SLDWntEaC5chvx10y7i.webp\",\"datePublished\":\"2026-01-24T10:09:42+00:00\",\"dateModified\":\"2026-01-26T05:49:27+00:00\",\"breadcrumb\":{\"@id\":\"https:\\\/\\\/animefigurer.se\\\/figurer\\\/hells-paradise-jigokuraku\\\/hells-paradise-jigokuraku-figma-yamada-asaemon-sagiri\\\/#breadcrumb\"},\"inLanguage\":\"en-GB\",\"potentialAction\":[{\"@type\":\"ReadAction\",\"target\":[\"https:\\\/\\\/animefigurer.se\\\/figurer\\\/hells-paradise-jigokuraku\\\/hells-paradise-jigokuraku-figma-yamada-asaemon-sagiri\\\/\"]}]},{\"@type\":\"ImageObject\",\"inLanguage\":\"en-GB\",\"@id\":\"https:\\\/\\\/animefigurer.se\\\/figurer\\\/hells-paradise-jigokuraku\\\/hells-paradise-jigokuraku-figma-yamada-asaemon-sagiri\\\/#primaryimage\",\"url\":\"https:\\\/\\\/animefigurer.se\\\/wp-content\\\/uploads\\\/2026\\\/01\\\/PN8TzgXsHkrb2SLDWntEaC5chvx10y7i.webp\",\"contentUrl\":\"https:\\\/\\\/animefigurer.se\\\/wp-content\\\/uploads\\\/2026\\\/01\\\/PN8TzgXsHkrb2SLDWntEaC5chvx10y7i.webp\",\"width\":750,\"height\":1000,\"caption\":\"Hell's Paradise: Jigokuraku figma Yamada Asaemon Sagiri\"},{\"@type\":\"BreadcrumbList\",\"@id\":\"https:\\\/\\\/animefigurer.se\\\/figurer\\\/hells-paradise-jigokuraku\\\/hells-paradise-jigokuraku-figma-yamada-asaemon-sagiri\\\/#breadcrumb\",\"itemListElement\":[{\"@type\":\"ListItem\",\"position\":1,\"name\":\"Home\",\"item\":\"https:\\\/\\\/animefigurer.se\\\/\"},{\"@type\":\"ListItem\",\"position\":2,\"name\":\"Butik\",\"item\":\"https:\\\/\\\/animefigurer.se\\\/figurer\\\/\"},{\"@type\":\"ListItem\",\"position\":3,\"name\":\"Hell&#8217;s Paradise: Jigokuraku figma Yamada Asaemon Sagiri\"}]},{\"@type\":\"WebSite\",\"@id\":\"https:\\\/\\\/animefigurer.se\\\/#website\",\"url\":\"https:\\\/\\\/animefigurer.se\\\/\",\"name\":\"Animefigurer.se\",\"description\":\"Anime figurer fr\u00e5n \u00f6ver 300 olika anime serier med \u00f6ver 9000 produkter | Anime Shop\",\"publisher\":{\"@id\":\"https:\\\/\\\/animefigurer.se\\\/#organization\"},\"potentialAction\":[{\"@type\":\"SearchAction\",\"target\":{\"@type\":\"EntryPoint\",\"urlTemplate\":\"https:\\\/\\\/animefigurer.se\\\/?s={search_term_string}\"},\"query-input\":{\"@type\":\"PropertyValueSpecification\",\"valueRequired\":true,\"valueName\":\"search_term_string\"}}],\"inLanguage\":\"en-GB\"},{\"@type\":\"Organization\",\"@id\":\"https:\\\/\\\/animefigurer.se\\\/#organization\",\"name\":\"Animefigurer.se\",\"alternateName\":\"Anime figurer | Anime shop\",\"url\":\"https:\\\/\\\/animefigurer.se\\\/\",\"logo\":{\"@type\":\"ImageObject\",\"inLanguage\":\"en-GB\",\"@id\":\"https:\\\/\\\/animefigurer.se\\\/#\\\/schema\\\/logo\\\/image\\\/\",\"url\":\"https:\\\/\\\/animefigurer.se\\\/wp-content\\\/uploads\\\/2025\\\/12\\\/Animefigurer_logowhite.png\",\"contentUrl\":\"https:\\\/\\\/animefigurer.se\\\/wp-content\\\/uploads\\\/2025\\\/12\\\/Animefigurer_logowhite.png\",\"width\":1890,\"height\":1417,\"caption\":\"Animefigurer.se\"},\"image\":{\"@id\":\"https:\\\/\\\/animefigurer.se\\\/#\\\/schema\\\/logo\\\/image\\\/\"},\"sameAs\":[\"https:\\\/\\\/www.facebook.com\\\/profile.php?id=61581826539670\",\"https:\\\/\\\/www.instagram.com\\\/animefigurer.se\\\/\"],\"email\":\"info@animefigurer.se\"}]}<\/script>\n<!-- \/ Yoast SEO Premium plugin. -->","yoast_head_json":{"title":"Hell&#039;s Paradise: Jigokuraku figma Yamada Asaemon Sagiri | Animefigurer.se","robots":{"index":"index","follow":"follow","max-snippet":"max-snippet:-1","max-image-preview":"max-image-preview:large","max-video-preview":"max-video-preview:-1"},"canonical":"https:\/\/animefigurer.se\/en\/figurer\/hells-paradise-jigokuraku\/hells-paradise-jigokuraku-figma-yamada-asaemon-sagiri\/","og_locale":"en_GB","og_type":"article","og_title":"Hell's Paradise: Jigokuraku figma Yamada Asaemon Sagiri","og_description":"figma Yamada Asaemon Sagiri \u00e4r en officiellt licensierad figma-actionfigur fr\u00e5n den popul\u00e4ra serien Hell\u2019s Paradise: Jigokuraku. Denna articulerade collectible i fullt m\u00e5lade PVC-material kommer med utbytbara ansiktsplattor \u2013 inklusive standard, strids- och bekymrat uttryck \u2013 s\u00e5 du kan variera Sagiris k\u00e4nslor i din display. Figman levereras med inkluderat stativ och flera valfria delar s\u00e5som sv\u00e4rd [&hellip;]","og_url":"https:\/\/animefigurer.se\/en\/figurer\/hells-paradise-jigokuraku\/hells-paradise-jigokuraku-figma-yamada-asaemon-sagiri\/","og_site_name":"Animefigurer.se","article_publisher":"https:\/\/www.facebook.com\/profile.php?id=61581826539670","article_modified_time":"2026-01-26T05:49:27+00:00","og_image":[{"width":750,"height":1000,"url":"https:\/\/animefigurer.se\/wp-content\/uploads\/2026\/01\/PN8TzgXsHkrb2SLDWntEaC5chvx10y7i.webp","type":"image\/webp"}],"twitter_card":"summary_large_image","twitter_misc":{"Estimated reading time":"1 minute"},"schema":{"@context":"https:\/\/schema.org","@graph":[{"@type":"WebPage","@id":"https:\/\/animefigurer.se\/figurer\/hells-paradise-jigokuraku\/hells-paradise-jigokuraku-figma-yamada-asaemon-sagiri\/","url":"https:\/\/animefigurer.se\/figurer\/hells-paradise-jigokuraku\/hells-paradise-jigokuraku-figma-yamada-asaemon-sagiri\/","name":"Hell&#039;s Paradise: Jigokuraku figma Yamada Asaemon Sagiri | Animefigurer.se","isPartOf":{"@id":"https:\/\/animefigurer.se\/#website"},"primaryImageOfPage":{"@id":"https:\/\/animefigurer.se\/figurer\/hells-paradise-jigokuraku\/hells-paradise-jigokuraku-figma-yamada-asaemon-sagiri\/#primaryimage"},"image":{"@id":"https:\/\/animefigurer.se\/figurer\/hells-paradise-jigokuraku\/hells-paradise-jigokuraku-figma-yamada-asaemon-sagiri\/#primaryimage"},"thumbnailUrl":"https:\/\/animefigurer.se\/wp-content\/uploads\/2026\/01\/PN8TzgXsHkrb2SLDWntEaC5chvx10y7i.webp","datePublished":"2026-01-24T10:09:42+00:00","dateModified":"2026-01-26T05:49:27+00:00","breadcrumb":{"@id":"https:\/\/animefigurer.se\/figurer\/hells-paradise-jigokuraku\/hells-paradise-jigokuraku-figma-yamada-asaemon-sagiri\/#breadcrumb"},"inLanguage":"en-GB","potentialAction":[{"@type":"ReadAction","target":["https:\/\/animefigurer.se\/figurer\/hells-paradise-jigokuraku\/hells-paradise-jigokuraku-figma-yamada-asaemon-sagiri\/"]}]},{"@type":"ImageObject","inLanguage":"en-GB","@id":"https:\/\/animefigurer.se\/figurer\/hells-paradise-jigokuraku\/hells-paradise-jigokuraku-figma-yamada-asaemon-sagiri\/#primaryimage","url":"https:\/\/animefigurer.se\/wp-content\/uploads\/2026\/01\/PN8TzgXsHkrb2SLDWntEaC5chvx10y7i.webp","contentUrl":"https:\/\/animefigurer.se\/wp-content\/uploads\/2026\/01\/PN8TzgXsHkrb2SLDWntEaC5chvx10y7i.webp","width":750,"height":1000,"caption":"Hell's Paradise: Jigokuraku figma Yamada Asaemon Sagiri"},{"@type":"BreadcrumbList","@id":"https:\/\/animefigurer.se\/figurer\/hells-paradise-jigokuraku\/hells-paradise-jigokuraku-figma-yamada-asaemon-sagiri\/#breadcrumb","itemListElement":[{"@type":"ListItem","position":1,"name":"Home","item":"https:\/\/animefigurer.se\/"},{"@type":"ListItem","position":2,"name":"Butik","item":"https:\/\/animefigurer.se\/figurer\/"},{"@type":"ListItem","position":3,"name":"Hell&#8217;s Paradise: Jigokuraku figma Yamada Asaemon Sagiri"}]},{"@type":"WebSite","@id":"https:\/\/animefigurer.se\/#website","url":"https:\/\/animefigurer.se\/","name":"Animefigurer.se","description":"Anime figures from over 300 different anime series with over 9000 products | Anime Shop","publisher":{"@id":"https:\/\/animefigurer.se\/#organization"},"potentialAction":[{"@type":"SearchAction","target":{"@type":"EntryPoint","urlTemplate":"https:\/\/animefigurer.se\/?s={search_term_string}"},"query-input":{"@type":"PropertyValueSpecification","valueRequired":true,"valueName":"search_term_string"}}],"inLanguage":"en-GB"},{"@type":"Organization","@id":"https:\/\/animefigurer.se\/#organization","name":"Animefigurer.se","alternateName":"Anime figurer | Anime shop","url":"https:\/\/animefigurer.se\/","logo":{"@type":"ImageObject","inLanguage":"en-GB","@id":"https:\/\/animefigurer.se\/#\/schema\/logo\/image\/","url":"https:\/\/animefigurer.se\/wp-content\/uploads\/2025\/12\/Animefigurer_logowhite.png","contentUrl":"https:\/\/animefigurer.se\/wp-content\/uploads\/2025\/12\/Animefigurer_logowhite.png","width":1890,"height":1417,"caption":"Animefigurer.se"},"image":{"@id":"https:\/\/animefigurer.se\/#\/schema\/logo\/image\/"},"sameAs":["https:\/\/www.facebook.com\/profile.php?id=61581826539670","https:\/\/www.instagram.com\/animefigurer.se\/"],"email":"info@animefigurer.se"}]}},"_links":{"self":[{"href":"https:\/\/animefigurer.se\/en\/wp-json\/wp\/v2\/product\/88195","targetHints":{"allow":["GET"]}}],"collection":[{"href":"https:\/\/animefigurer.se\/en\/wp-json\/wp\/v2\/product"}],"about":[{"href":"https:\/\/animefigurer.se\/en\/wp-json\/wp\/v2\/types\/product"}],"replies":[{"embeddable":true,"href":"https:\/\/animefigurer.se\/en\/wp-json\/wp\/v2\/comments?post=88195"}],"wp:featuredmedia":[{"embeddable":true,"href":"https:\/\/animefigurer.se\/en\/wp-json\/wp\/v2\/media\/88196"}],"wp:attachment":[{"href":"https:\/\/animefigurer.se\/en\/wp-json\/wp\/v2\/media?parent=88195"}],"wp:term":[{"taxonomy":"product_brand","embeddable":true,"href":"https:\/\/animefigurer.se\/en\/wp-json\/wp\/v2\/product_brand?post=88195"},{"taxonomy":"product_cat","embeddable":true,"href":"https:\/\/animefigurer.se\/en\/wp-json\/wp\/v2\/product_cat?post=88195"},{"taxonomy":"product_tag","embeddable":true,"href":"https:\/\/animefigurer.se\/en\/wp-json\/wp\/v2\/product_tag?post=88195"},{"taxonomy":"giftcard-category","embeddable":true,"href":"https:\/\/animefigurer.se\/en\/wp-json\/wp\/v2\/giftcard-category?post=88195"}],"curies":[{"name":"wp","href":"https:\/\/api.w.org\/{rel}","templated":true}]}}