{"id":88183,"date":"2026-01-24T11:09:41","date_gmt":"2026-01-24T10:09:41","guid":{"rendered":"https:\/\/animefigurer.se\/?post_type=product&#038;p=88183"},"modified":"2026-01-26T06:48:18","modified_gmt":"2026-01-26T05:48:18","slug":"honkai-star-rail-diorama-robin-flowing-nightglow-ver-figure","status":"publish","type":"product","link":"https:\/\/animefigurer.se\/en\/figurer\/honkai-star-rail\/honkai-star-rail-diorama-robin-flowing-nightglow-ver-figure\/","title":{"rendered":"Honkai: Star Rail Diorama Robin: Flowing Nightglow Ver. Figure"},"content":{"rendered":"<p>Lift up your <em data-start=\"62\" data-end=\"81\">Honkai: Star Rail<\/em>-collection with this <strong data-start=\"100\" data-end=\"153\">\u201cFlowing Nightglow Ver.\u201d Robin figure from Myethos<\/strong> \u2014 an elegant complete collectible that captures the character&#039;s charm in an expressive pose. Designed with a focus on detailed aesthetics, the figure comes pre-measured in full color, ready to be displayed right in your display. With its balanced styling and character-accurate execution, this Robin figure is a stylish addition to the shelf, perfect for both established collectors and new fans looking to add a vibrant and eye-catching touch to their collection.<\/p>","protected":false},"excerpt":{"rendered":"<p>Lyft fram din Honkai: Star Rail-samling med denna \u201cFlowing Nightglow Ver.\u201d Robin-figur fr\u00e5n Myethos \u2014 en elegant komplett collectible som f\u00e5ngar karakt\u00e4rens charm i en uttrycksfull pose. Figuren \u00e4r designad med fokus p\u00e5 detaljrik estetik och levereras f\u00f6rm\u00e5tt i full f\u00e4rg, redo att visas upp direkt i din display. Med sin balanserade styling och karakt\u00e4rstroget [&hellip;]<\/p>\n","protected":false},"featured_media":88184,"comment_status":"open","ping_status":"closed","template":"","meta":{"_acf_changed":false,"_monsterinsights_skip_tracking":false,"_monsterinsights_sitenote_active":false,"_monsterinsights_sitenote_note":"","_monsterinsights_sitenote_category":0},"product_brand":[7074],"product_cat":[7383],"product_tag":[26],"giftcard-category":[],"class_list":{"0":"post-88183","1":"product","2":"type-product","3":"status-publish","4":"has-post-thumbnail","6":"product_brand-myethos","7":"product_cat-honkai-star-rail","8":"product_tag-pre-order","9":"pa_franchise-honkai-star-rail","10":"pa_karaktar-robin","11":"pa_material-metal","12":"pa_material-pvc-abs","13":"pa_storlek-h26-7cm-x-w17-5cm-x-d10-4cm","15":"first","16":"instock","17":"taxable","18":"shipping-taxable","19":"purchasable","20":"product-type-simple"},"acf":[],"yoast_head":"<!-- This site is optimized with the Yoast SEO Premium plugin v24.6 (Yoast SEO v27.3) - https:\/\/yoast.com\/product\/yoast-seo-premium-wordpress\/ -->\n<title>Honkai: Star Rail Diorama Robin: Flowing Nightglow Ver. Figure | Animefigurer.se<\/title>\n<meta name=\"robots\" content=\"index, follow, max-snippet:-1, max-image-preview:large, max-video-preview:-1\" \/>\n<link rel=\"canonical\" href=\"https:\/\/animefigurer.se\/en\/figurer\/honkai-star-rail\/honkai-star-rail-diorama-robin-flowing-nightglow-ver-figure\/\" \/>\n<meta property=\"og:locale\" content=\"en_GB\" \/>\n<meta property=\"og:type\" content=\"article\" \/>\n<meta property=\"og:title\" content=\"Honkai: Star Rail Diorama Robin: Flowing Nightglow Ver. Figure\" \/>\n<meta property=\"og:description\" content=\"Lyft fram din Honkai: Star Rail-samling med denna \u201cFlowing Nightglow Ver.\u201d Robin-figur fr\u00e5n Myethos \u2014 en elegant komplett collectible som f\u00e5ngar karakt\u00e4rens charm i en uttrycksfull pose. Figuren \u00e4r designad med fokus p\u00e5 detaljrik estetik och levereras f\u00f6rm\u00e5tt i full f\u00e4rg, redo att visas upp direkt i din display. Med sin balanserade styling och karakt\u00e4rstroget [&hellip;]\" \/>\n<meta property=\"og:url\" content=\"https:\/\/animefigurer.se\/en\/figurer\/honkai-star-rail\/honkai-star-rail-diorama-robin-flowing-nightglow-ver-figure\/\" \/>\n<meta property=\"og:site_name\" content=\"Animefigurer.se\" \/>\n<meta property=\"article:publisher\" content=\"https:\/\/www.facebook.com\/profile.php?id=61581826539670\" \/>\n<meta property=\"article:modified_time\" content=\"2026-01-26T05:48:18+00:00\" \/>\n<meta property=\"og:image\" content=\"https:\/\/animefigurer.se\/wp-content\/uploads\/2026\/01\/FIGURE-196705_01.jpg\" \/>\n\t<meta property=\"og:image:width\" content=\"800\" \/>\n\t<meta property=\"og:image:height\" content=\"800\" \/>\n\t<meta property=\"og:image:type\" content=\"image\/jpeg\" \/>\n<meta name=\"twitter:card\" content=\"summary_large_image\" \/>\n<meta name=\"twitter:label1\" content=\"Estimated reading time\" \/>\n\t<meta name=\"twitter:data1\" content=\"1 minute\" \/>\n<script type=\"application\/ld+json\" class=\"yoast-schema-graph\">{\"@context\":\"https:\\\/\\\/schema.org\",\"@graph\":[{\"@type\":\"WebPage\",\"@id\":\"https:\\\/\\\/animefigurer.se\\\/figurer\\\/honkai-star-rail\\\/honkai-star-rail-diorama-robin-flowing-nightglow-ver-figure\\\/\",\"url\":\"https:\\\/\\\/animefigurer.se\\\/figurer\\\/honkai-star-rail\\\/honkai-star-rail-diorama-robin-flowing-nightglow-ver-figure\\\/\",\"name\":\"Honkai: Star Rail Diorama Robin: Flowing Nightglow Ver. Figure | Animefigurer.se\",\"isPartOf\":{\"@id\":\"https:\\\/\\\/animefigurer.se\\\/#website\"},\"primaryImageOfPage\":{\"@id\":\"https:\\\/\\\/animefigurer.se\\\/figurer\\\/honkai-star-rail\\\/honkai-star-rail-diorama-robin-flowing-nightglow-ver-figure\\\/#primaryimage\"},\"image\":{\"@id\":\"https:\\\/\\\/animefigurer.se\\\/figurer\\\/honkai-star-rail\\\/honkai-star-rail-diorama-robin-flowing-nightglow-ver-figure\\\/#primaryimage\"},\"thumbnailUrl\":\"https:\\\/\\\/animefigurer.se\\\/wp-content\\\/uploads\\\/2026\\\/01\\\/FIGURE-196705_01.jpg\",\"datePublished\":\"2026-01-24T10:09:41+00:00\",\"dateModified\":\"2026-01-26T05:48:18+00:00\",\"breadcrumb\":{\"@id\":\"https:\\\/\\\/animefigurer.se\\\/figurer\\\/honkai-star-rail\\\/honkai-star-rail-diorama-robin-flowing-nightglow-ver-figure\\\/#breadcrumb\"},\"inLanguage\":\"en-GB\",\"potentialAction\":[{\"@type\":\"ReadAction\",\"target\":[\"https:\\\/\\\/animefigurer.se\\\/figurer\\\/honkai-star-rail\\\/honkai-star-rail-diorama-robin-flowing-nightglow-ver-figure\\\/\"]}]},{\"@type\":\"ImageObject\",\"inLanguage\":\"en-GB\",\"@id\":\"https:\\\/\\\/animefigurer.se\\\/figurer\\\/honkai-star-rail\\\/honkai-star-rail-diorama-robin-flowing-nightglow-ver-figure\\\/#primaryimage\",\"url\":\"https:\\\/\\\/animefigurer.se\\\/wp-content\\\/uploads\\\/2026\\\/01\\\/FIGURE-196705_01.jpg\",\"contentUrl\":\"https:\\\/\\\/animefigurer.se\\\/wp-content\\\/uploads\\\/2026\\\/01\\\/FIGURE-196705_01.jpg\",\"width\":800,\"height\":800,\"caption\":\"Honkai: Star Rail Diorama Robin: Flowing Nightglow Ver. Figure\"},{\"@type\":\"BreadcrumbList\",\"@id\":\"https:\\\/\\\/animefigurer.se\\\/figurer\\\/honkai-star-rail\\\/honkai-star-rail-diorama-robin-flowing-nightglow-ver-figure\\\/#breadcrumb\",\"itemListElement\":[{\"@type\":\"ListItem\",\"position\":1,\"name\":\"Home\",\"item\":\"https:\\\/\\\/animefigurer.se\\\/\"},{\"@type\":\"ListItem\",\"position\":2,\"name\":\"Butik\",\"item\":\"https:\\\/\\\/animefigurer.se\\\/figurer\\\/\"},{\"@type\":\"ListItem\",\"position\":3,\"name\":\"Honkai: Star Rail Diorama Robin: Flowing Nightglow Ver. Figure\"}]},{\"@type\":\"WebSite\",\"@id\":\"https:\\\/\\\/animefigurer.se\\\/#website\",\"url\":\"https:\\\/\\\/animefigurer.se\\\/\",\"name\":\"Animefigurer.se\",\"description\":\"Anime figurer fr\u00e5n \u00f6ver 300 olika anime serier med \u00f6ver 9000 produkter | Anime Shop\",\"publisher\":{\"@id\":\"https:\\\/\\\/animefigurer.se\\\/#organization\"},\"potentialAction\":[{\"@type\":\"SearchAction\",\"target\":{\"@type\":\"EntryPoint\",\"urlTemplate\":\"https:\\\/\\\/animefigurer.se\\\/?s={search_term_string}\"},\"query-input\":{\"@type\":\"PropertyValueSpecification\",\"valueRequired\":true,\"valueName\":\"search_term_string\"}}],\"inLanguage\":\"en-GB\"},{\"@type\":\"Organization\",\"@id\":\"https:\\\/\\\/animefigurer.se\\\/#organization\",\"name\":\"Animefigurer.se\",\"alternateName\":\"Anime figurer | Anime shop\",\"url\":\"https:\\\/\\\/animefigurer.se\\\/\",\"logo\":{\"@type\":\"ImageObject\",\"inLanguage\":\"en-GB\",\"@id\":\"https:\\\/\\\/animefigurer.se\\\/#\\\/schema\\\/logo\\\/image\\\/\",\"url\":\"https:\\\/\\\/animefigurer.se\\\/wp-content\\\/uploads\\\/2025\\\/12\\\/Animefigurer_logowhite.png\",\"contentUrl\":\"https:\\\/\\\/animefigurer.se\\\/wp-content\\\/uploads\\\/2025\\\/12\\\/Animefigurer_logowhite.png\",\"width\":1890,\"height\":1417,\"caption\":\"Animefigurer.se\"},\"image\":{\"@id\":\"https:\\\/\\\/animefigurer.se\\\/#\\\/schema\\\/logo\\\/image\\\/\"},\"sameAs\":[\"https:\\\/\\\/www.facebook.com\\\/profile.php?id=61581826539670\",\"https:\\\/\\\/www.instagram.com\\\/animefigurer.se\\\/\"],\"email\":\"info@animefigurer.se\"}]}<\/script>\n<!-- \/ Yoast SEO Premium plugin. -->","yoast_head_json":{"title":"Honkai: Star Rail Diorama Robin: Flowing Nightglow Ver. Figure | Animefigurer.se","robots":{"index":"index","follow":"follow","max-snippet":"max-snippet:-1","max-image-preview":"max-image-preview:large","max-video-preview":"max-video-preview:-1"},"canonical":"https:\/\/animefigurer.se\/en\/figurer\/honkai-star-rail\/honkai-star-rail-diorama-robin-flowing-nightglow-ver-figure\/","og_locale":"en_GB","og_type":"article","og_title":"Honkai: Star Rail Diorama Robin: Flowing Nightglow Ver. Figure","og_description":"Lyft fram din Honkai: Star Rail-samling med denna \u201cFlowing Nightglow Ver.\u201d Robin-figur fr\u00e5n Myethos \u2014 en elegant komplett collectible som f\u00e5ngar karakt\u00e4rens charm i en uttrycksfull pose. Figuren \u00e4r designad med fokus p\u00e5 detaljrik estetik och levereras f\u00f6rm\u00e5tt i full f\u00e4rg, redo att visas upp direkt i din display. Med sin balanserade styling och karakt\u00e4rstroget [&hellip;]","og_url":"https:\/\/animefigurer.se\/en\/figurer\/honkai-star-rail\/honkai-star-rail-diorama-robin-flowing-nightglow-ver-figure\/","og_site_name":"Animefigurer.se","article_publisher":"https:\/\/www.facebook.com\/profile.php?id=61581826539670","article_modified_time":"2026-01-26T05:48:18+00:00","og_image":[{"width":800,"height":800,"url":"https:\/\/animefigurer.se\/wp-content\/uploads\/2026\/01\/FIGURE-196705_01.jpg","type":"image\/jpeg"}],"twitter_card":"summary_large_image","twitter_misc":{"Estimated reading time":"1 minute"},"schema":{"@context":"https:\/\/schema.org","@graph":[{"@type":"WebPage","@id":"https:\/\/animefigurer.se\/figurer\/honkai-star-rail\/honkai-star-rail-diorama-robin-flowing-nightglow-ver-figure\/","url":"https:\/\/animefigurer.se\/figurer\/honkai-star-rail\/honkai-star-rail-diorama-robin-flowing-nightglow-ver-figure\/","name":"Honkai: Star Rail Diorama Robin: Flowing Nightglow Ver. Figure | Animefigurer.se","isPartOf":{"@id":"https:\/\/animefigurer.se\/#website"},"primaryImageOfPage":{"@id":"https:\/\/animefigurer.se\/figurer\/honkai-star-rail\/honkai-star-rail-diorama-robin-flowing-nightglow-ver-figure\/#primaryimage"},"image":{"@id":"https:\/\/animefigurer.se\/figurer\/honkai-star-rail\/honkai-star-rail-diorama-robin-flowing-nightglow-ver-figure\/#primaryimage"},"thumbnailUrl":"https:\/\/animefigurer.se\/wp-content\/uploads\/2026\/01\/FIGURE-196705_01.jpg","datePublished":"2026-01-24T10:09:41+00:00","dateModified":"2026-01-26T05:48:18+00:00","breadcrumb":{"@id":"https:\/\/animefigurer.se\/figurer\/honkai-star-rail\/honkai-star-rail-diorama-robin-flowing-nightglow-ver-figure\/#breadcrumb"},"inLanguage":"en-GB","potentialAction":[{"@type":"ReadAction","target":["https:\/\/animefigurer.se\/figurer\/honkai-star-rail\/honkai-star-rail-diorama-robin-flowing-nightglow-ver-figure\/"]}]},{"@type":"ImageObject","inLanguage":"en-GB","@id":"https:\/\/animefigurer.se\/figurer\/honkai-star-rail\/honkai-star-rail-diorama-robin-flowing-nightglow-ver-figure\/#primaryimage","url":"https:\/\/animefigurer.se\/wp-content\/uploads\/2026\/01\/FIGURE-196705_01.jpg","contentUrl":"https:\/\/animefigurer.se\/wp-content\/uploads\/2026\/01\/FIGURE-196705_01.jpg","width":800,"height":800,"caption":"Honkai: Star Rail Diorama Robin: Flowing Nightglow Ver. Figure"},{"@type":"BreadcrumbList","@id":"https:\/\/animefigurer.se\/figurer\/honkai-star-rail\/honkai-star-rail-diorama-robin-flowing-nightglow-ver-figure\/#breadcrumb","itemListElement":[{"@type":"ListItem","position":1,"name":"Home","item":"https:\/\/animefigurer.se\/"},{"@type":"ListItem","position":2,"name":"Butik","item":"https:\/\/animefigurer.se\/figurer\/"},{"@type":"ListItem","position":3,"name":"Honkai: Star Rail Diorama Robin: Flowing Nightglow Ver. Figure"}]},{"@type":"WebSite","@id":"https:\/\/animefigurer.se\/#website","url":"https:\/\/animefigurer.se\/","name":"Animefigurer.se","description":"Anime figures from over 300 different anime series with over 9000 products | Anime Shop","publisher":{"@id":"https:\/\/animefigurer.se\/#organization"},"potentialAction":[{"@type":"SearchAction","target":{"@type":"EntryPoint","urlTemplate":"https:\/\/animefigurer.se\/?s={search_term_string}"},"query-input":{"@type":"PropertyValueSpecification","valueRequired":true,"valueName":"search_term_string"}}],"inLanguage":"en-GB"},{"@type":"Organization","@id":"https:\/\/animefigurer.se\/#organization","name":"Animefigurer.se","alternateName":"Anime figurer | Anime shop","url":"https:\/\/animefigurer.se\/","logo":{"@type":"ImageObject","inLanguage":"en-GB","@id":"https:\/\/animefigurer.se\/#\/schema\/logo\/image\/","url":"https:\/\/animefigurer.se\/wp-content\/uploads\/2025\/12\/Animefigurer_logowhite.png","contentUrl":"https:\/\/animefigurer.se\/wp-content\/uploads\/2025\/12\/Animefigurer_logowhite.png","width":1890,"height":1417,"caption":"Animefigurer.se"},"image":{"@id":"https:\/\/animefigurer.se\/#\/schema\/logo\/image\/"},"sameAs":["https:\/\/www.facebook.com\/profile.php?id=61581826539670","https:\/\/www.instagram.com\/animefigurer.se\/"],"email":"info@animefigurer.se"}]}},"_links":{"self":[{"href":"https:\/\/animefigurer.se\/en\/wp-json\/wp\/v2\/product\/88183","targetHints":{"allow":["GET"]}}],"collection":[{"href":"https:\/\/animefigurer.se\/en\/wp-json\/wp\/v2\/product"}],"about":[{"href":"https:\/\/animefigurer.se\/en\/wp-json\/wp\/v2\/types\/product"}],"replies":[{"embeddable":true,"href":"https:\/\/animefigurer.se\/en\/wp-json\/wp\/v2\/comments?post=88183"}],"wp:featuredmedia":[{"embeddable":true,"href":"https:\/\/animefigurer.se\/en\/wp-json\/wp\/v2\/media\/88184"}],"wp:attachment":[{"href":"https:\/\/animefigurer.se\/en\/wp-json\/wp\/v2\/media?parent=88183"}],"wp:term":[{"taxonomy":"product_brand","embeddable":true,"href":"https:\/\/animefigurer.se\/en\/wp-json\/wp\/v2\/product_brand?post=88183"},{"taxonomy":"product_cat","embeddable":true,"href":"https:\/\/animefigurer.se\/en\/wp-json\/wp\/v2\/product_cat?post=88183"},{"taxonomy":"product_tag","embeddable":true,"href":"https:\/\/animefigurer.se\/en\/wp-json\/wp\/v2\/product_tag?post=88183"},{"taxonomy":"giftcard-category","embeddable":true,"href":"https:\/\/animefigurer.se\/en\/wp-json\/wp\/v2\/giftcard-category?post=88183"}],"curies":[{"name":"wp","href":"https:\/\/api.w.org\/{rel}","templated":true}]}}