{"id":88085,"date":"2026-01-24T11:09:38","date_gmt":"2026-01-24T10:09:38","guid":{"rendered":"https:\/\/animefigurer.se\/?post_type=product&#038;p=88085"},"modified":"2026-01-26T06:33:58","modified_gmt":"2026-01-26T05:33:58","slug":"shi-jie-zhi-wai-nendoroid-yi-yu","status":"publish","type":"product","link":"https:\/\/animefigurer.se\/en\/figurer\/shi-jie-zhi-wai\/shi-jie-zhi-wai-nendoroid-yi-yu\/","title":{"rendered":"Shi Jie Zhi Wai: Nendoroid Yi Yu"},"content":{"rendered":"<p>Take your collection to the next level with this official <strong data-start=\"100\" data-end=\"122\">Nendoroid of Yi Yu<\/strong> from the popular game <em data-start=\"148\" data-end=\"165\">Shi Jie Zhi Wai<\/em>. This charming, poseable chibi figure from Good Smile Arts Shanghai stands at approximately 100mm tall and comes with multiple interchangeable faceplates \u2014 including a smile, side glance and happy expression \u2014 to bring your favorite moments to life. The figure also comes with optional accessories like a book and gun, allowing you to create a variety of dynamic poses on display. Nendoroid figures are known for their high level of detail and cute designs, and this Yi Yu edition is no exception. Complete with a stand for stable display, this is a great addition for both new and experienced collectors looking to pay homage to the character in a compact, expressive form.<\/p>","protected":false},"excerpt":{"rendered":"<p>Ta din samling till n\u00e4sta niv\u00e5 med denna officiella Nendoroid av Yi Yu fr\u00e5n det popul\u00e4ra spelet Shi Jie Zhi Wai. Denna charmiga, posebara chibi-figur fr\u00e5n Good Smile Arts Shanghai st\u00e5r p\u00e5 ca 100 mm och levereras med flera utbytbara ansiktsplattor \u2014 inklusive leende, sidblick och glad uttryck \u2014 f\u00f6r att ge liv \u00e5t dina [&hellip;]<\/p>\n","protected":false},"featured_media":88086,"comment_status":"open","ping_status":"closed","template":"","meta":{"_acf_changed":false,"_monsterinsights_skip_tracking":false,"_monsterinsights_sitenote_active":false,"_monsterinsights_sitenote_note":"","_monsterinsights_sitenote_category":0},"product_brand":[6890],"product_cat":[7380],"product_tag":[26],"giftcard-category":[],"class_list":{"0":"post-88085","1":"product","2":"type-product","3":"status-publish","4":"has-post-thumbnail","6":"product_brand-good-smile-company","7":"product_cat-shi-jie-zhi-wai","8":"product_tag-pre-order","9":"pa_franchise-shi-jie-zhi-wai","10":"pa_karaktar-yi-yu","11":"pa_material-plastic","12":"pa_produktserie-nendoroid","13":"pa_storlek-10-cm","15":"first","16":"instock","17":"taxable","18":"shipping-taxable","19":"purchasable","20":"product-type-simple"},"acf":[],"yoast_head":"<!-- This site is optimized with the Yoast SEO Premium plugin v24.6 (Yoast SEO v27.3) - https:\/\/yoast.com\/product\/yoast-seo-premium-wordpress\/ -->\n<title>Shi Jie Zhi Wai: Nendoroid Yi Yu | Animefigurer.se<\/title>\n<meta name=\"robots\" content=\"index, follow, max-snippet:-1, max-image-preview:large, max-video-preview:-1\" \/>\n<link rel=\"canonical\" href=\"https:\/\/animefigurer.se\/en\/figurer\/shi-jie-zhi-wai\/shi-jie-zhi-wai-nendoroid-yi-yu\/\" \/>\n<meta property=\"og:locale\" content=\"en_GB\" \/>\n<meta property=\"og:type\" content=\"article\" \/>\n<meta property=\"og:title\" content=\"Shi Jie Zhi Wai: Nendoroid Yi Yu\" \/>\n<meta property=\"og:description\" content=\"Ta din samling till n\u00e4sta niv\u00e5 med denna officiella Nendoroid av Yi Yu fr\u00e5n det popul\u00e4ra spelet Shi Jie Zhi Wai. Denna charmiga, posebara chibi-figur fr\u00e5n Good Smile Arts Shanghai st\u00e5r p\u00e5 ca 100 mm och levereras med flera utbytbara ansiktsplattor \u2014 inklusive leende, sidblick och glad uttryck \u2014 f\u00f6r att ge liv \u00e5t dina [&hellip;]\" \/>\n<meta property=\"og:url\" content=\"https:\/\/animefigurer.se\/en\/figurer\/shi-jie-zhi-wai\/shi-jie-zhi-wai-nendoroid-yi-yu\/\" \/>\n<meta property=\"og:site_name\" content=\"Animefigurer.se\" \/>\n<meta property=\"article:publisher\" content=\"https:\/\/www.facebook.com\/profile.php?id=61581826539670\" \/>\n<meta property=\"article:modified_time\" content=\"2026-01-26T05:33:58+00:00\" \/>\n<meta property=\"og:image\" content=\"https:\/\/animefigurer.se\/wp-content\/uploads\/2026\/01\/aUJQhHNrXzc6Bu2vnEsxyfPWgG98YwLM.webp\" \/>\n\t<meta property=\"og:image:width\" content=\"750\" \/>\n\t<meta property=\"og:image:height\" content=\"1000\" \/>\n\t<meta property=\"og:image:type\" content=\"image\/webp\" \/>\n<meta name=\"twitter:card\" content=\"summary_large_image\" \/>\n<meta name=\"twitter:label1\" content=\"Estimated reading time\" \/>\n\t<meta name=\"twitter:data1\" content=\"1 minute\" \/>\n<script type=\"application\/ld+json\" class=\"yoast-schema-graph\">{\"@context\":\"https:\\\/\\\/schema.org\",\"@graph\":[{\"@type\":\"WebPage\",\"@id\":\"https:\\\/\\\/animefigurer.se\\\/figurer\\\/shi-jie-zhi-wai\\\/shi-jie-zhi-wai-nendoroid-yi-yu\\\/\",\"url\":\"https:\\\/\\\/animefigurer.se\\\/figurer\\\/shi-jie-zhi-wai\\\/shi-jie-zhi-wai-nendoroid-yi-yu\\\/\",\"name\":\"Shi Jie Zhi Wai: Nendoroid Yi Yu | Animefigurer.se\",\"isPartOf\":{\"@id\":\"https:\\\/\\\/animefigurer.se\\\/#website\"},\"primaryImageOfPage\":{\"@id\":\"https:\\\/\\\/animefigurer.se\\\/figurer\\\/shi-jie-zhi-wai\\\/shi-jie-zhi-wai-nendoroid-yi-yu\\\/#primaryimage\"},\"image\":{\"@id\":\"https:\\\/\\\/animefigurer.se\\\/figurer\\\/shi-jie-zhi-wai\\\/shi-jie-zhi-wai-nendoroid-yi-yu\\\/#primaryimage\"},\"thumbnailUrl\":\"https:\\\/\\\/animefigurer.se\\\/wp-content\\\/uploads\\\/2026\\\/01\\\/aUJQhHNrXzc6Bu2vnEsxyfPWgG98YwLM.webp\",\"datePublished\":\"2026-01-24T10:09:38+00:00\",\"dateModified\":\"2026-01-26T05:33:58+00:00\",\"breadcrumb\":{\"@id\":\"https:\\\/\\\/animefigurer.se\\\/figurer\\\/shi-jie-zhi-wai\\\/shi-jie-zhi-wai-nendoroid-yi-yu\\\/#breadcrumb\"},\"inLanguage\":\"en-GB\",\"potentialAction\":[{\"@type\":\"ReadAction\",\"target\":[\"https:\\\/\\\/animefigurer.se\\\/figurer\\\/shi-jie-zhi-wai\\\/shi-jie-zhi-wai-nendoroid-yi-yu\\\/\"]}]},{\"@type\":\"ImageObject\",\"inLanguage\":\"en-GB\",\"@id\":\"https:\\\/\\\/animefigurer.se\\\/figurer\\\/shi-jie-zhi-wai\\\/shi-jie-zhi-wai-nendoroid-yi-yu\\\/#primaryimage\",\"url\":\"https:\\\/\\\/animefigurer.se\\\/wp-content\\\/uploads\\\/2026\\\/01\\\/aUJQhHNrXzc6Bu2vnEsxyfPWgG98YwLM.webp\",\"contentUrl\":\"https:\\\/\\\/animefigurer.se\\\/wp-content\\\/uploads\\\/2026\\\/01\\\/aUJQhHNrXzc6Bu2vnEsxyfPWgG98YwLM.webp\",\"width\":750,\"height\":1000,\"caption\":\"Shi Jie Zhi Wai: Nendoroid Yi Yu\"},{\"@type\":\"BreadcrumbList\",\"@id\":\"https:\\\/\\\/animefigurer.se\\\/figurer\\\/shi-jie-zhi-wai\\\/shi-jie-zhi-wai-nendoroid-yi-yu\\\/#breadcrumb\",\"itemListElement\":[{\"@type\":\"ListItem\",\"position\":1,\"name\":\"Home\",\"item\":\"https:\\\/\\\/animefigurer.se\\\/\"},{\"@type\":\"ListItem\",\"position\":2,\"name\":\"Butik\",\"item\":\"https:\\\/\\\/animefigurer.se\\\/figurer\\\/\"},{\"@type\":\"ListItem\",\"position\":3,\"name\":\"Shi Jie Zhi Wai: Nendoroid Yi Yu\"}]},{\"@type\":\"WebSite\",\"@id\":\"https:\\\/\\\/animefigurer.se\\\/#website\",\"url\":\"https:\\\/\\\/animefigurer.se\\\/\",\"name\":\"Animefigurer.se\",\"description\":\"Anime figurer fr\u00e5n \u00f6ver 300 olika anime serier med \u00f6ver 9000 produkter | Anime Shop\",\"publisher\":{\"@id\":\"https:\\\/\\\/animefigurer.se\\\/#organization\"},\"potentialAction\":[{\"@type\":\"SearchAction\",\"target\":{\"@type\":\"EntryPoint\",\"urlTemplate\":\"https:\\\/\\\/animefigurer.se\\\/?s={search_term_string}\"},\"query-input\":{\"@type\":\"PropertyValueSpecification\",\"valueRequired\":true,\"valueName\":\"search_term_string\"}}],\"inLanguage\":\"en-GB\"},{\"@type\":\"Organization\",\"@id\":\"https:\\\/\\\/animefigurer.se\\\/#organization\",\"name\":\"Animefigurer.se\",\"alternateName\":\"Anime figurer | Anime shop\",\"url\":\"https:\\\/\\\/animefigurer.se\\\/\",\"logo\":{\"@type\":\"ImageObject\",\"inLanguage\":\"en-GB\",\"@id\":\"https:\\\/\\\/animefigurer.se\\\/#\\\/schema\\\/logo\\\/image\\\/\",\"url\":\"https:\\\/\\\/animefigurer.se\\\/wp-content\\\/uploads\\\/2025\\\/12\\\/Animefigurer_logowhite.png\",\"contentUrl\":\"https:\\\/\\\/animefigurer.se\\\/wp-content\\\/uploads\\\/2025\\\/12\\\/Animefigurer_logowhite.png\",\"width\":1890,\"height\":1417,\"caption\":\"Animefigurer.se\"},\"image\":{\"@id\":\"https:\\\/\\\/animefigurer.se\\\/#\\\/schema\\\/logo\\\/image\\\/\"},\"sameAs\":[\"https:\\\/\\\/www.facebook.com\\\/profile.php?id=61581826539670\",\"https:\\\/\\\/www.instagram.com\\\/animefigurer.se\\\/\"],\"email\":\"info@animefigurer.se\"}]}<\/script>\n<!-- \/ Yoast SEO Premium plugin. -->","yoast_head_json":{"title":"Shi Jie Zhi Wai: Nendoroid Yi Yu | Animefigurer.se","robots":{"index":"index","follow":"follow","max-snippet":"max-snippet:-1","max-image-preview":"max-image-preview:large","max-video-preview":"max-video-preview:-1"},"canonical":"https:\/\/animefigurer.se\/en\/figurer\/shi-jie-zhi-wai\/shi-jie-zhi-wai-nendoroid-yi-yu\/","og_locale":"en_GB","og_type":"article","og_title":"Shi Jie Zhi Wai: Nendoroid Yi Yu","og_description":"Ta din samling till n\u00e4sta niv\u00e5 med denna officiella Nendoroid av Yi Yu fr\u00e5n det popul\u00e4ra spelet Shi Jie Zhi Wai. Denna charmiga, posebara chibi-figur fr\u00e5n Good Smile Arts Shanghai st\u00e5r p\u00e5 ca 100 mm och levereras med flera utbytbara ansiktsplattor \u2014 inklusive leende, sidblick och glad uttryck \u2014 f\u00f6r att ge liv \u00e5t dina [&hellip;]","og_url":"https:\/\/animefigurer.se\/en\/figurer\/shi-jie-zhi-wai\/shi-jie-zhi-wai-nendoroid-yi-yu\/","og_site_name":"Animefigurer.se","article_publisher":"https:\/\/www.facebook.com\/profile.php?id=61581826539670","article_modified_time":"2026-01-26T05:33:58+00:00","og_image":[{"width":750,"height":1000,"url":"https:\/\/animefigurer.se\/wp-content\/uploads\/2026\/01\/aUJQhHNrXzc6Bu2vnEsxyfPWgG98YwLM.webp","type":"image\/webp"}],"twitter_card":"summary_large_image","twitter_misc":{"Estimated reading time":"1 minute"},"schema":{"@context":"https:\/\/schema.org","@graph":[{"@type":"WebPage","@id":"https:\/\/animefigurer.se\/figurer\/shi-jie-zhi-wai\/shi-jie-zhi-wai-nendoroid-yi-yu\/","url":"https:\/\/animefigurer.se\/figurer\/shi-jie-zhi-wai\/shi-jie-zhi-wai-nendoroid-yi-yu\/","name":"Shi Jie Zhi Wai: Nendoroid Yi Yu | Animefigurer.se","isPartOf":{"@id":"https:\/\/animefigurer.se\/#website"},"primaryImageOfPage":{"@id":"https:\/\/animefigurer.se\/figurer\/shi-jie-zhi-wai\/shi-jie-zhi-wai-nendoroid-yi-yu\/#primaryimage"},"image":{"@id":"https:\/\/animefigurer.se\/figurer\/shi-jie-zhi-wai\/shi-jie-zhi-wai-nendoroid-yi-yu\/#primaryimage"},"thumbnailUrl":"https:\/\/animefigurer.se\/wp-content\/uploads\/2026\/01\/aUJQhHNrXzc6Bu2vnEsxyfPWgG98YwLM.webp","datePublished":"2026-01-24T10:09:38+00:00","dateModified":"2026-01-26T05:33:58+00:00","breadcrumb":{"@id":"https:\/\/animefigurer.se\/figurer\/shi-jie-zhi-wai\/shi-jie-zhi-wai-nendoroid-yi-yu\/#breadcrumb"},"inLanguage":"en-GB","potentialAction":[{"@type":"ReadAction","target":["https:\/\/animefigurer.se\/figurer\/shi-jie-zhi-wai\/shi-jie-zhi-wai-nendoroid-yi-yu\/"]}]},{"@type":"ImageObject","inLanguage":"en-GB","@id":"https:\/\/animefigurer.se\/figurer\/shi-jie-zhi-wai\/shi-jie-zhi-wai-nendoroid-yi-yu\/#primaryimage","url":"https:\/\/animefigurer.se\/wp-content\/uploads\/2026\/01\/aUJQhHNrXzc6Bu2vnEsxyfPWgG98YwLM.webp","contentUrl":"https:\/\/animefigurer.se\/wp-content\/uploads\/2026\/01\/aUJQhHNrXzc6Bu2vnEsxyfPWgG98YwLM.webp","width":750,"height":1000,"caption":"Shi Jie Zhi Wai: Nendoroid Yi Yu"},{"@type":"BreadcrumbList","@id":"https:\/\/animefigurer.se\/figurer\/shi-jie-zhi-wai\/shi-jie-zhi-wai-nendoroid-yi-yu\/#breadcrumb","itemListElement":[{"@type":"ListItem","position":1,"name":"Home","item":"https:\/\/animefigurer.se\/"},{"@type":"ListItem","position":2,"name":"Butik","item":"https:\/\/animefigurer.se\/figurer\/"},{"@type":"ListItem","position":3,"name":"Shi Jie Zhi Wai: Nendoroid Yi Yu"}]},{"@type":"WebSite","@id":"https:\/\/animefigurer.se\/#website","url":"https:\/\/animefigurer.se\/","name":"Animefigurer.se","description":"Anime figures from over 300 different anime series with over 9000 products | Anime Shop","publisher":{"@id":"https:\/\/animefigurer.se\/#organization"},"potentialAction":[{"@type":"SearchAction","target":{"@type":"EntryPoint","urlTemplate":"https:\/\/animefigurer.se\/?s={search_term_string}"},"query-input":{"@type":"PropertyValueSpecification","valueRequired":true,"valueName":"search_term_string"}}],"inLanguage":"en-GB"},{"@type":"Organization","@id":"https:\/\/animefigurer.se\/#organization","name":"Animefigurer.se","alternateName":"Anime figurer | Anime shop","url":"https:\/\/animefigurer.se\/","logo":{"@type":"ImageObject","inLanguage":"en-GB","@id":"https:\/\/animefigurer.se\/#\/schema\/logo\/image\/","url":"https:\/\/animefigurer.se\/wp-content\/uploads\/2025\/12\/Animefigurer_logowhite.png","contentUrl":"https:\/\/animefigurer.se\/wp-content\/uploads\/2025\/12\/Animefigurer_logowhite.png","width":1890,"height":1417,"caption":"Animefigurer.se"},"image":{"@id":"https:\/\/animefigurer.se\/#\/schema\/logo\/image\/"},"sameAs":["https:\/\/www.facebook.com\/profile.php?id=61581826539670","https:\/\/www.instagram.com\/animefigurer.se\/"],"email":"info@animefigurer.se"}]}},"_links":{"self":[{"href":"https:\/\/animefigurer.se\/en\/wp-json\/wp\/v2\/product\/88085","targetHints":{"allow":["GET"]}}],"collection":[{"href":"https:\/\/animefigurer.se\/en\/wp-json\/wp\/v2\/product"}],"about":[{"href":"https:\/\/animefigurer.se\/en\/wp-json\/wp\/v2\/types\/product"}],"replies":[{"embeddable":true,"href":"https:\/\/animefigurer.se\/en\/wp-json\/wp\/v2\/comments?post=88085"}],"wp:featuredmedia":[{"embeddable":true,"href":"https:\/\/animefigurer.se\/en\/wp-json\/wp\/v2\/media\/88086"}],"wp:attachment":[{"href":"https:\/\/animefigurer.se\/en\/wp-json\/wp\/v2\/media?parent=88085"}],"wp:term":[{"taxonomy":"product_brand","embeddable":true,"href":"https:\/\/animefigurer.se\/en\/wp-json\/wp\/v2\/product_brand?post=88085"},{"taxonomy":"product_cat","embeddable":true,"href":"https:\/\/animefigurer.se\/en\/wp-json\/wp\/v2\/product_cat?post=88085"},{"taxonomy":"product_tag","embeddable":true,"href":"https:\/\/animefigurer.se\/en\/wp-json\/wp\/v2\/product_tag?post=88085"},{"taxonomy":"giftcard-category","embeddable":true,"href":"https:\/\/animefigurer.se\/en\/wp-json\/wp\/v2\/giftcard-category?post=88085"}],"curies":[{"name":"wp","href":"https:\/\/api.w.org\/{rel}","templated":true}]}}