{"id":87956,"date":"2026-01-23T16:35:29","date_gmt":"2026-01-23T15:35:29","guid":{"rendered":"https:\/\/animefigurer.se\/?post_type=product&#038;p=87956"},"modified":"2026-01-23T16:35:29","modified_gmt":"2026-01-23T15:35:29","slug":"dark-stalkers-b-b-hood-bishoujo-statue","status":"publish","type":"product","link":"https:\/\/animefigurer.se\/en\/figurer\/darkstalkers\/dark-stalkers-b-b-hood-bishoujo-statue\/","title":{"rendered":"DARK STALKER&#039;S BBHood BISHOUJO STATUE"},"content":{"rendered":"<p data-start=\"244\" data-end=\"734\">Expand your collection with this elegant <strong data-start=\"321\" data-end=\"361\">1\/7 scale figure of BBHood (Bulleta)<\/strong> from Kotobukiya&#039;s <em data-start=\"380\" data-end=\"410\">Darkstalkers BISHOUJO Series<\/em>! The figure stands approximately <strong data-start=\"431\" data-end=\"445\">208mm high<\/strong> completed and captures BBHood \u2014 an elite specialized Dark Hunter \u2014 in a confident pose where both her <strong data-start=\"553\" data-end=\"576\">red hood and apron<\/strong> are faithfully reproduced along with other fine details, including the distinctive weapon and decorative floral details.<\/p>\n<p data-start=\"736\" data-end=\"1124\">This is a pre-painted statue that combines the <strong data-start=\"783\" data-end=\"805\">sweet with the dark<\/strong> \u2014 a clear contrast that gives the character a unique expression within the BISHOUJO style. As a special bonus, a <strong data-start=\"915\" data-end=\"961\">alternative face part with evil grin<\/strong> to enhance her hidden madness, making this figure perfect for fans who want something with both charm and edge.<\/p>\n<p data-start=\"1126\" data-end=\"1320\">A fantastic addition for those of you who collect <strong data-start=\"1171\" data-end=\"1191\">BISHOUJO figures<\/strong> or love characters with both <strong data-start=\"1225\" data-end=\"1265\">dark charm and game-inspired design<\/strong> \u2014 perfect for displaying on a shelf or in a display cabinet!<\/p>","protected":false},"excerpt":{"rendered":"<p>Ut\u00f6ka din samling med denna eleganta 1\/7-skalafigur av B.B.Hood (Bulleta) fr\u00e5n Kotobukiya\u2019s Darkstalkers BISHOUJO Series! Figuren st\u00e5r cirka 208 mm h\u00f6g f\u00e4rdigst\u00e4lld och f\u00e5ngar B.B.Hood \u2014 en elitspecialiserad Dark Hunter \u2014 i en sj\u00e4lvs\u00e4ker pose d\u00e4r b\u00e5de hennes r\u00f6da huva och apron \u00e4r troget \u00e5tergivna tillsammans med andra fina detaljer, inklusive det s\u00e4regna vapnet och [&hellip;]<\/p>\n","protected":false},"featured_media":87957,"comment_status":"open","ping_status":"closed","template":"","meta":{"_acf_changed":false,"_monsterinsights_skip_tracking":false,"_monsterinsights_sitenote_active":false,"_monsterinsights_sitenote_note":"","_monsterinsights_sitenote_category":0},"product_brand":[6892],"product_cat":[7329,1488],"product_tag":[26],"giftcard-category":[],"class_list":{"0":"post-87956","1":"product","2":"type-product","3":"status-publish","4":"has-post-thumbnail","6":"product_brand-kotobukiya","7":"product_cat-bishoujo","8":"product_cat-darkstalkers","9":"product_tag-pre-order","10":"pa_franchise-darkstalkers","11":"pa_karaktar-b-b-hood","12":"pa_material-pvc-abs","13":"pa_produktserie-bishoujo","14":"pa_skala-41","15":"pa_storlek-20-8-cm","17":"first","18":"instock","19":"taxable","20":"shipping-taxable","21":"purchasable","22":"product-type-simple"},"acf":[],"yoast_head":"<!-- This site is optimized with the Yoast SEO Premium plugin v24.6 (Yoast SEO v27.3) - https:\/\/yoast.com\/product\/yoast-seo-premium-wordpress\/ -->\n<title>DARK STALKERS B.B.Hood BISHOUJO STATUE | Animefigurer.se<\/title>\n<meta name=\"robots\" content=\"index, follow, max-snippet:-1, max-image-preview:large, max-video-preview:-1\" \/>\n<link rel=\"canonical\" href=\"https:\/\/animefigurer.se\/en\/figurer\/darkstalkers\/dark-stalkers-b-b-hood-bishoujo-statue\/\" \/>\n<meta property=\"og:locale\" content=\"en_GB\" \/>\n<meta property=\"og:type\" content=\"article\" \/>\n<meta property=\"og:title\" content=\"DARK STALKERS B.B.Hood BISHOUJO STATUE\" \/>\n<meta property=\"og:description\" content=\"Ut\u00f6ka din samling med denna eleganta 1\/7-skalafigur av B.B.Hood (Bulleta) fr\u00e5n Kotobukiya\u2019s Darkstalkers BISHOUJO Series! Figuren st\u00e5r cirka 208 mm h\u00f6g f\u00e4rdigst\u00e4lld och f\u00e5ngar B.B.Hood \u2014 en elitspecialiserad Dark Hunter \u2014 i en sj\u00e4lvs\u00e4ker pose d\u00e4r b\u00e5de hennes r\u00f6da huva och apron \u00e4r troget \u00e5tergivna tillsammans med andra fina detaljer, inklusive det s\u00e4regna vapnet och [&hellip;]\" \/>\n<meta property=\"og:url\" content=\"https:\/\/animefigurer.se\/en\/figurer\/darkstalkers\/dark-stalkers-b-b-hood-bishoujo-statue\/\" \/>\n<meta property=\"og:site_name\" content=\"Animefigurer.se\" \/>\n<meta property=\"article:publisher\" content=\"https:\/\/www.facebook.com\/profile.php?id=61581826539670\" \/>\n<meta property=\"og:image\" content=\"https:\/\/animefigurer.se\/wp-content\/uploads\/2026\/01\/SV386_DARKSTALKERS_BBHood_01.webp\" \/>\n\t<meta property=\"og:image:width\" content=\"675\" \/>\n\t<meta property=\"og:image:height\" content=\"1000\" \/>\n\t<meta property=\"og:image:type\" content=\"image\/webp\" \/>\n<meta name=\"twitter:card\" content=\"summary_large_image\" \/>\n<meta name=\"twitter:label1\" content=\"Estimated reading time\" \/>\n\t<meta name=\"twitter:data1\" content=\"1 minute\" \/>\n<script type=\"application\/ld+json\" class=\"yoast-schema-graph\">{\"@context\":\"https:\\\/\\\/schema.org\",\"@graph\":[{\"@type\":\"WebPage\",\"@id\":\"https:\\\/\\\/animefigurer.se\\\/figurer\\\/darkstalkers\\\/dark-stalkers-b-b-hood-bishoujo-statue\\\/\",\"url\":\"https:\\\/\\\/animefigurer.se\\\/figurer\\\/darkstalkers\\\/dark-stalkers-b-b-hood-bishoujo-statue\\\/\",\"name\":\"DARK STALKERS B.B.Hood BISHOUJO STATUE | Animefigurer.se\",\"isPartOf\":{\"@id\":\"https:\\\/\\\/animefigurer.se\\\/#website\"},\"primaryImageOfPage\":{\"@id\":\"https:\\\/\\\/animefigurer.se\\\/figurer\\\/darkstalkers\\\/dark-stalkers-b-b-hood-bishoujo-statue\\\/#primaryimage\"},\"image\":{\"@id\":\"https:\\\/\\\/animefigurer.se\\\/figurer\\\/darkstalkers\\\/dark-stalkers-b-b-hood-bishoujo-statue\\\/#primaryimage\"},\"thumbnailUrl\":\"https:\\\/\\\/animefigurer.se\\\/wp-content\\\/uploads\\\/2026\\\/01\\\/SV386_DARKSTALKERS_BBHood_01.webp\",\"datePublished\":\"2026-01-23T15:35:29+00:00\",\"breadcrumb\":{\"@id\":\"https:\\\/\\\/animefigurer.se\\\/figurer\\\/darkstalkers\\\/dark-stalkers-b-b-hood-bishoujo-statue\\\/#breadcrumb\"},\"inLanguage\":\"en-GB\",\"potentialAction\":[{\"@type\":\"ReadAction\",\"target\":[\"https:\\\/\\\/animefigurer.se\\\/figurer\\\/darkstalkers\\\/dark-stalkers-b-b-hood-bishoujo-statue\\\/\"]}]},{\"@type\":\"ImageObject\",\"inLanguage\":\"en-GB\",\"@id\":\"https:\\\/\\\/animefigurer.se\\\/figurer\\\/darkstalkers\\\/dark-stalkers-b-b-hood-bishoujo-statue\\\/#primaryimage\",\"url\":\"https:\\\/\\\/animefigurer.se\\\/wp-content\\\/uploads\\\/2026\\\/01\\\/SV386_DARKSTALKERS_BBHood_01.webp\",\"contentUrl\":\"https:\\\/\\\/animefigurer.se\\\/wp-content\\\/uploads\\\/2026\\\/01\\\/SV386_DARKSTALKERS_BBHood_01.webp\",\"width\":675,\"height\":1000,\"caption\":\"Dark Stalkers B.B.Hood Bishoujo Statue\"},{\"@type\":\"BreadcrumbList\",\"@id\":\"https:\\\/\\\/animefigurer.se\\\/figurer\\\/darkstalkers\\\/dark-stalkers-b-b-hood-bishoujo-statue\\\/#breadcrumb\",\"itemListElement\":[{\"@type\":\"ListItem\",\"position\":1,\"name\":\"Home\",\"item\":\"https:\\\/\\\/animefigurer.se\\\/\"},{\"@type\":\"ListItem\",\"position\":2,\"name\":\"Butik\",\"item\":\"https:\\\/\\\/animefigurer.se\\\/figurer\\\/\"},{\"@type\":\"ListItem\",\"position\":3,\"name\":\"DARK STALKERS B.B.Hood BISHOUJO STATUE\"}]},{\"@type\":\"WebSite\",\"@id\":\"https:\\\/\\\/animefigurer.se\\\/#website\",\"url\":\"https:\\\/\\\/animefigurer.se\\\/\",\"name\":\"Animefigurer.se\",\"description\":\"Anime figurer fr\u00e5n \u00f6ver 300 olika anime serier med \u00f6ver 9000 produkter | Anime Shop\",\"publisher\":{\"@id\":\"https:\\\/\\\/animefigurer.se\\\/#organization\"},\"potentialAction\":[{\"@type\":\"SearchAction\",\"target\":{\"@type\":\"EntryPoint\",\"urlTemplate\":\"https:\\\/\\\/animefigurer.se\\\/?s={search_term_string}\"},\"query-input\":{\"@type\":\"PropertyValueSpecification\",\"valueRequired\":true,\"valueName\":\"search_term_string\"}}],\"inLanguage\":\"en-GB\"},{\"@type\":\"Organization\",\"@id\":\"https:\\\/\\\/animefigurer.se\\\/#organization\",\"name\":\"Animefigurer.se\",\"alternateName\":\"Anime figurer | Anime shop\",\"url\":\"https:\\\/\\\/animefigurer.se\\\/\",\"logo\":{\"@type\":\"ImageObject\",\"inLanguage\":\"en-GB\",\"@id\":\"https:\\\/\\\/animefigurer.se\\\/#\\\/schema\\\/logo\\\/image\\\/\",\"url\":\"https:\\\/\\\/animefigurer.se\\\/wp-content\\\/uploads\\\/2025\\\/12\\\/Animefigurer_logowhite.png\",\"contentUrl\":\"https:\\\/\\\/animefigurer.se\\\/wp-content\\\/uploads\\\/2025\\\/12\\\/Animefigurer_logowhite.png\",\"width\":1890,\"height\":1417,\"caption\":\"Animefigurer.se\"},\"image\":{\"@id\":\"https:\\\/\\\/animefigurer.se\\\/#\\\/schema\\\/logo\\\/image\\\/\"},\"sameAs\":[\"https:\\\/\\\/www.facebook.com\\\/profile.php?id=61581826539670\",\"https:\\\/\\\/www.instagram.com\\\/animefigurer.se\\\/\"],\"email\":\"info@animefigurer.se\"}]}<\/script>\n<!-- \/ Yoast SEO Premium plugin. -->","yoast_head_json":{"title":"DARK STALKERS BBHood BISHOUJO STATUE | Animefigurer.se","robots":{"index":"index","follow":"follow","max-snippet":"max-snippet:-1","max-image-preview":"max-image-preview:large","max-video-preview":"max-video-preview:-1"},"canonical":"https:\/\/animefigurer.se\/en\/figurer\/darkstalkers\/dark-stalkers-b-b-hood-bishoujo-statue\/","og_locale":"en_GB","og_type":"article","og_title":"DARK STALKERS B.B.Hood BISHOUJO STATUE","og_description":"Ut\u00f6ka din samling med denna eleganta 1\/7-skalafigur av B.B.Hood (Bulleta) fr\u00e5n Kotobukiya\u2019s Darkstalkers BISHOUJO Series! Figuren st\u00e5r cirka 208 mm h\u00f6g f\u00e4rdigst\u00e4lld och f\u00e5ngar B.B.Hood \u2014 en elitspecialiserad Dark Hunter \u2014 i en sj\u00e4lvs\u00e4ker pose d\u00e4r b\u00e5de hennes r\u00f6da huva och apron \u00e4r troget \u00e5tergivna tillsammans med andra fina detaljer, inklusive det s\u00e4regna vapnet och [&hellip;]","og_url":"https:\/\/animefigurer.se\/en\/figurer\/darkstalkers\/dark-stalkers-b-b-hood-bishoujo-statue\/","og_site_name":"Animefigurer.se","article_publisher":"https:\/\/www.facebook.com\/profile.php?id=61581826539670","og_image":[{"width":675,"height":1000,"url":"https:\/\/animefigurer.se\/wp-content\/uploads\/2026\/01\/SV386_DARKSTALKERS_BBHood_01.webp","type":"image\/webp"}],"twitter_card":"summary_large_image","twitter_misc":{"Estimated reading time":"1 minute"},"schema":{"@context":"https:\/\/schema.org","@graph":[{"@type":"WebPage","@id":"https:\/\/animefigurer.se\/figurer\/darkstalkers\/dark-stalkers-b-b-hood-bishoujo-statue\/","url":"https:\/\/animefigurer.se\/figurer\/darkstalkers\/dark-stalkers-b-b-hood-bishoujo-statue\/","name":"DARK STALKERS BBHood BISHOUJO STATUE | Animefigurer.se","isPartOf":{"@id":"https:\/\/animefigurer.se\/#website"},"primaryImageOfPage":{"@id":"https:\/\/animefigurer.se\/figurer\/darkstalkers\/dark-stalkers-b-b-hood-bishoujo-statue\/#primaryimage"},"image":{"@id":"https:\/\/animefigurer.se\/figurer\/darkstalkers\/dark-stalkers-b-b-hood-bishoujo-statue\/#primaryimage"},"thumbnailUrl":"https:\/\/animefigurer.se\/wp-content\/uploads\/2026\/01\/SV386_DARKSTALKERS_BBHood_01.webp","datePublished":"2026-01-23T15:35:29+00:00","breadcrumb":{"@id":"https:\/\/animefigurer.se\/figurer\/darkstalkers\/dark-stalkers-b-b-hood-bishoujo-statue\/#breadcrumb"},"inLanguage":"en-GB","potentialAction":[{"@type":"ReadAction","target":["https:\/\/animefigurer.se\/figurer\/darkstalkers\/dark-stalkers-b-b-hood-bishoujo-statue\/"]}]},{"@type":"ImageObject","inLanguage":"en-GB","@id":"https:\/\/animefigurer.se\/figurer\/darkstalkers\/dark-stalkers-b-b-hood-bishoujo-statue\/#primaryimage","url":"https:\/\/animefigurer.se\/wp-content\/uploads\/2026\/01\/SV386_DARKSTALKERS_BBHood_01.webp","contentUrl":"https:\/\/animefigurer.se\/wp-content\/uploads\/2026\/01\/SV386_DARKSTALKERS_BBHood_01.webp","width":675,"height":1000,"caption":"Dark Stalkers B.B.Hood Bishoujo Statue"},{"@type":"BreadcrumbList","@id":"https:\/\/animefigurer.se\/figurer\/darkstalkers\/dark-stalkers-b-b-hood-bishoujo-statue\/#breadcrumb","itemListElement":[{"@type":"ListItem","position":1,"name":"Home","item":"https:\/\/animefigurer.se\/"},{"@type":"ListItem","position":2,"name":"Butik","item":"https:\/\/animefigurer.se\/figurer\/"},{"@type":"ListItem","position":3,"name":"DARK STALKERS B.B.Hood BISHOUJO STATUE"}]},{"@type":"WebSite","@id":"https:\/\/animefigurer.se\/#website","url":"https:\/\/animefigurer.se\/","name":"Animefigurer.se","description":"Anime figures from over 300 different anime series with over 9000 products | Anime Shop","publisher":{"@id":"https:\/\/animefigurer.se\/#organization"},"potentialAction":[{"@type":"SearchAction","target":{"@type":"EntryPoint","urlTemplate":"https:\/\/animefigurer.se\/?s={search_term_string}"},"query-input":{"@type":"PropertyValueSpecification","valueRequired":true,"valueName":"search_term_string"}}],"inLanguage":"en-GB"},{"@type":"Organization","@id":"https:\/\/animefigurer.se\/#organization","name":"Animefigurer.se","alternateName":"Anime figurer | Anime shop","url":"https:\/\/animefigurer.se\/","logo":{"@type":"ImageObject","inLanguage":"en-GB","@id":"https:\/\/animefigurer.se\/#\/schema\/logo\/image\/","url":"https:\/\/animefigurer.se\/wp-content\/uploads\/2025\/12\/Animefigurer_logowhite.png","contentUrl":"https:\/\/animefigurer.se\/wp-content\/uploads\/2025\/12\/Animefigurer_logowhite.png","width":1890,"height":1417,"caption":"Animefigurer.se"},"image":{"@id":"https:\/\/animefigurer.se\/#\/schema\/logo\/image\/"},"sameAs":["https:\/\/www.facebook.com\/profile.php?id=61581826539670","https:\/\/www.instagram.com\/animefigurer.se\/"],"email":"info@animefigurer.se"}]}},"_links":{"self":[{"href":"https:\/\/animefigurer.se\/en\/wp-json\/wp\/v2\/product\/87956","targetHints":{"allow":["GET"]}}],"collection":[{"href":"https:\/\/animefigurer.se\/en\/wp-json\/wp\/v2\/product"}],"about":[{"href":"https:\/\/animefigurer.se\/en\/wp-json\/wp\/v2\/types\/product"}],"replies":[{"embeddable":true,"href":"https:\/\/animefigurer.se\/en\/wp-json\/wp\/v2\/comments?post=87956"}],"wp:featuredmedia":[{"embeddable":true,"href":"https:\/\/animefigurer.se\/en\/wp-json\/wp\/v2\/media\/87957"}],"wp:attachment":[{"href":"https:\/\/animefigurer.se\/en\/wp-json\/wp\/v2\/media?parent=87956"}],"wp:term":[{"taxonomy":"product_brand","embeddable":true,"href":"https:\/\/animefigurer.se\/en\/wp-json\/wp\/v2\/product_brand?post=87956"},{"taxonomy":"product_cat","embeddable":true,"href":"https:\/\/animefigurer.se\/en\/wp-json\/wp\/v2\/product_cat?post=87956"},{"taxonomy":"product_tag","embeddable":true,"href":"https:\/\/animefigurer.se\/en\/wp-json\/wp\/v2\/product_tag?post=87956"},{"taxonomy":"giftcard-category","embeddable":true,"href":"https:\/\/animefigurer.se\/en\/wp-json\/wp\/v2\/giftcard-category?post=87956"}],"curies":[{"name":"wp","href":"https:\/\/api.w.org\/{rel}","templated":true}]}}