{"id":87919,"date":"2026-01-22T14:43:53","date_gmt":"2026-01-22T13:43:53","guid":{"rendered":"https:\/\/animefigurer.se\/?post_type=product&#038;p=87919"},"modified":"2026-01-22T14:43:53","modified_gmt":"2026-01-22T13:43:53","slug":"food-for-the-soul-mako-kawai-1-7-figure","status":"publish","type":"product","link":"https:\/\/animefigurer.se\/en\/figurer\/food-for-the-soul\/food-for-the-soul-mako-kawai-1-7-figure\/","title":{"rendered":"Food for the Soul: Mako Kawai 1\/7 Figure"},"content":{"rendered":"<p data-start=\"202\" data-end=\"671\">Capture the everyday warmth of your collection with this beautifully detailed <strong data-start=\"306\" data-end=\"334\">scale figure by Mako Kawai<\/strong> from <em data-start=\"340\" data-end=\"359\">Food for the Soul<\/em>! The figure stands approximately <strong data-start=\"380\" data-end=\"394\">237mm high<\/strong> and captures Mako&#039;s charming expression with an elegant pose where she holds a <strong data-start=\"467\" data-end=\"488\">detailed dish<\/strong> in the hands \u2014 a fine scenic detail that brings the display to life. The meticulously crafted sculpture showcases every part with meticulous precision, from facial expressions to folds of clothing.<\/p>\n<p data-start=\"673\" data-end=\"1013\">Made in <strong data-start=\"686\" data-end=\"708\">PVC, ABS and acrylic<\/strong> with a stable <strong data-start=\"725\" data-end=\"739\">metal support<\/strong> Designed for both experienced collectors and those looking to start building a thematic display, Mako will be an elegant eye-catcher on your shelf, desk or in your display cabinet, enhancing the style of any collection with his vibrant presence and detailed design.<\/p>","protected":false},"excerpt":{"rendered":"<p>F\u00e5nga vardagsv\u00e4rmen i din samling med denna vackert detaljerade skalafigur av Mako Kawai fr\u00e5n Food for the Soul! Figuren st\u00e5r cirka 237 mm h\u00f6g och f\u00e5ngar Makos charmiga uttryck med en elegant pose d\u00e4r hon h\u00e5ller en detaljrik matr\u00e4tt i h\u00e4nderna \u2014 en fin scenlig detalj som ger liv \u00e5t displayen. Den omsorgsfullt utf\u00f6rda skulpturen [&hellip;]<\/p>\n","protected":false},"featured_media":87920,"comment_status":"open","ping_status":"closed","template":"","meta":{"_acf_changed":false,"_monsterinsights_skip_tracking":false,"_monsterinsights_sitenote_active":false,"_monsterinsights_sitenote_note":"","_monsterinsights_sitenote_category":0},"product_brand":[6892],"product_cat":[7366],"product_tag":[26],"giftcard-category":[],"class_list":{"0":"post-87919","1":"product","2":"type-product","3":"status-publish","4":"has-post-thumbnail","6":"product_brand-kotobukiya","7":"product_cat-food-for-the-soul","8":"product_tag-pre-order","9":"pa_franchise-food-for-the-soul","10":"pa_karaktar-mako-kawai","11":"pa_material-pvc-abs","12":"pa_skala-41","13":"pa_storlek-23-7-cm","15":"first","16":"instock","17":"taxable","18":"shipping-taxable","19":"purchasable","20":"product-type-simple"},"acf":[],"yoast_head":"<!-- This site is optimized with the Yoast SEO Premium plugin v27.6 (Yoast SEO v27.6) - https:\/\/yoast.com\/product\/yoast-seo-premium-wordpress\/ -->\n<title>Food for the Soul: Mako Kawai 1\/7 Figure | Animefigurer.se<\/title>\n<meta name=\"robots\" content=\"index, follow, max-snippet:-1, max-image-preview:large, max-video-preview:-1\" \/>\n<link rel=\"canonical\" href=\"https:\/\/animefigurer.se\/en\/figurer\/food-for-the-soul\/food-for-the-soul-mako-kawai-1-7-figure\/\" \/>\n<meta property=\"og:locale\" content=\"en_GB\" \/>\n<meta property=\"og:type\" content=\"article\" \/>\n<meta property=\"og:title\" content=\"Food for the Soul: Mako Kawai 1\/7 Figure\" \/>\n<meta property=\"og:description\" content=\"F\u00e5nga vardagsv\u00e4rmen i din samling med denna vackert detaljerade skalafigur av Mako Kawai fr\u00e5n Food for the Soul! Figuren st\u00e5r cirka 237 mm h\u00f6g och f\u00e5ngar Makos charmiga uttryck med en elegant pose d\u00e4r hon h\u00e5ller en detaljrik matr\u00e4tt i h\u00e4nderna \u2014 en fin scenlig detalj som ger liv \u00e5t displayen. Den omsorgsfullt utf\u00f6rda skulpturen [&hellip;]\" \/>\n<meta property=\"og:url\" content=\"https:\/\/animefigurer.se\/en\/figurer\/food-for-the-soul\/food-for-the-soul-mako-kawai-1-7-figure\/\" \/>\n<meta property=\"og:site_name\" content=\"Animefigurer.se\" \/>\n<meta property=\"article:publisher\" content=\"https:\/\/www.facebook.com\/profile.php?id=61581826539670\" \/>\n<meta property=\"og:image\" content=\"https:\/\/animefigurer.se\/wp-content\/uploads\/2026\/01\/PV336_MakoKawai_01.webp\" \/>\n\t<meta property=\"og:image:width\" content=\"675\" \/>\n\t<meta property=\"og:image:height\" content=\"1000\" \/>\n\t<meta property=\"og:image:type\" content=\"image\/webp\" \/>\n<meta name=\"twitter:card\" content=\"summary_large_image\" \/>\n<meta name=\"twitter:label1\" content=\"Estimated reading time\" \/>\n\t<meta name=\"twitter:data1\" content=\"1 minute\" \/>\n<script type=\"application\/ld+json\" class=\"yoast-schema-graph\">{\"@context\":\"https:\\\/\\\/schema.org\",\"@graph\":[{\"@type\":\"WebPage\",\"@id\":\"https:\\\/\\\/animefigurer.se\\\/figurer\\\/food-for-the-soul\\\/food-for-the-soul-mako-kawai-1-7-figure\\\/\",\"url\":\"https:\\\/\\\/animefigurer.se\\\/figurer\\\/food-for-the-soul\\\/food-for-the-soul-mako-kawai-1-7-figure\\\/\",\"name\":\"Food for the Soul: Mako Kawai 1\\\/7 Figure | Animefigurer.se\",\"isPartOf\":{\"@id\":\"https:\\\/\\\/animefigurer.se\\\/#website\"},\"primaryImageOfPage\":{\"@id\":\"https:\\\/\\\/animefigurer.se\\\/figurer\\\/food-for-the-soul\\\/food-for-the-soul-mako-kawai-1-7-figure\\\/#primaryimage\"},\"image\":{\"@id\":\"https:\\\/\\\/animefigurer.se\\\/figurer\\\/food-for-the-soul\\\/food-for-the-soul-mako-kawai-1-7-figure\\\/#primaryimage\"},\"thumbnailUrl\":\"https:\\\/\\\/animefigurer.se\\\/wp-content\\\/uploads\\\/2026\\\/01\\\/PV336_MakoKawai_01.webp\",\"datePublished\":\"2026-01-22T13:43:53+00:00\",\"breadcrumb\":{\"@id\":\"https:\\\/\\\/animefigurer.se\\\/figurer\\\/food-for-the-soul\\\/food-for-the-soul-mako-kawai-1-7-figure\\\/#breadcrumb\"},\"inLanguage\":\"en-GB\",\"potentialAction\":[{\"@type\":\"ReadAction\",\"target\":[\"https:\\\/\\\/animefigurer.se\\\/figurer\\\/food-for-the-soul\\\/food-for-the-soul-mako-kawai-1-7-figure\\\/\"]}]},{\"@type\":\"ImageObject\",\"inLanguage\":\"en-GB\",\"@id\":\"https:\\\/\\\/animefigurer.se\\\/figurer\\\/food-for-the-soul\\\/food-for-the-soul-mako-kawai-1-7-figure\\\/#primaryimage\",\"url\":\"https:\\\/\\\/animefigurer.se\\\/wp-content\\\/uploads\\\/2026\\\/01\\\/PV336_MakoKawai_01.webp\",\"contentUrl\":\"https:\\\/\\\/animefigurer.se\\\/wp-content\\\/uploads\\\/2026\\\/01\\\/PV336_MakoKawai_01.webp\",\"width\":675,\"height\":1000,\"caption\":\"Food for the Soul: Mako Kawai 1\\\/7 Figure\"},{\"@type\":\"BreadcrumbList\",\"@id\":\"https:\\\/\\\/animefigurer.se\\\/figurer\\\/food-for-the-soul\\\/food-for-the-soul-mako-kawai-1-7-figure\\\/#breadcrumb\",\"itemListElement\":[{\"@type\":\"ListItem\",\"position\":1,\"name\":\"Home\",\"item\":\"https:\\\/\\\/animefigurer.se\\\/\"},{\"@type\":\"ListItem\",\"position\":2,\"name\":\"Butik\",\"item\":\"https:\\\/\\\/animefigurer.se\\\/figurer\\\/\"},{\"@type\":\"ListItem\",\"position\":3,\"name\":\"Food for the Soul: Mako Kawai 1\\\/7 Figure\"}]},{\"@type\":\"WebSite\",\"@id\":\"https:\\\/\\\/animefigurer.se\\\/#website\",\"url\":\"https:\\\/\\\/animefigurer.se\\\/\",\"name\":\"Animefigurer.se\",\"description\":\"Anime figurer fr\u00e5n \u00f6ver 300 olika anime serier med \u00f6ver 9000 produkter | Anime Shop\",\"publisher\":{\"@id\":\"https:\\\/\\\/animefigurer.se\\\/#organization\"},\"potentialAction\":[{\"@type\":\"SearchAction\",\"target\":{\"@type\":\"EntryPoint\",\"urlTemplate\":\"https:\\\/\\\/animefigurer.se\\\/?s={search_term_string}\"},\"query-input\":{\"@type\":\"PropertyValueSpecification\",\"valueRequired\":true,\"valueName\":\"search_term_string\"}}],\"inLanguage\":\"en-GB\"},{\"@type\":\"Organization\",\"@id\":\"https:\\\/\\\/animefigurer.se\\\/#organization\",\"name\":\"Animefigurer.se\",\"alternateName\":\"Anime figurer | Anime shop\",\"url\":\"https:\\\/\\\/animefigurer.se\\\/\",\"logo\":{\"@type\":\"ImageObject\",\"inLanguage\":\"en-GB\",\"@id\":\"https:\\\/\\\/animefigurer.se\\\/#\\\/schema\\\/logo\\\/image\\\/\",\"url\":\"https:\\\/\\\/animefigurer.se\\\/wp-content\\\/uploads\\\/2025\\\/12\\\/Animefigurer_logowhite.png\",\"contentUrl\":\"https:\\\/\\\/animefigurer.se\\\/wp-content\\\/uploads\\\/2025\\\/12\\\/Animefigurer_logowhite.png\",\"width\":1890,\"height\":1417,\"caption\":\"Animefigurer.se\"},\"image\":{\"@id\":\"https:\\\/\\\/animefigurer.se\\\/#\\\/schema\\\/logo\\\/image\\\/\"},\"sameAs\":[\"https:\\\/\\\/www.facebook.com\\\/profile.php?id=61581826539670\",\"https:\\\/\\\/www.instagram.com\\\/animefigurer.se\\\/\"],\"email\":\"info@animefigurer.se\"}]}<\/script>\n<!-- \/ Yoast SEO Premium plugin. -->","yoast_head_json":{"title":"Food for the Soul: Mako Kawai 1\/7 Figure | Animefigurer.se","robots":{"index":"index","follow":"follow","max-snippet":"max-snippet:-1","max-image-preview":"max-image-preview:large","max-video-preview":"max-video-preview:-1"},"canonical":"https:\/\/animefigurer.se\/en\/figurer\/food-for-the-soul\/food-for-the-soul-mako-kawai-1-7-figure\/","og_locale":"en_GB","og_type":"article","og_title":"Food for the Soul: Mako Kawai 1\/7 Figure","og_description":"F\u00e5nga vardagsv\u00e4rmen i din samling med denna vackert detaljerade skalafigur av Mako Kawai fr\u00e5n Food for the Soul! Figuren st\u00e5r cirka 237 mm h\u00f6g och f\u00e5ngar Makos charmiga uttryck med en elegant pose d\u00e4r hon h\u00e5ller en detaljrik matr\u00e4tt i h\u00e4nderna \u2014 en fin scenlig detalj som ger liv \u00e5t displayen. Den omsorgsfullt utf\u00f6rda skulpturen [&hellip;]","og_url":"https:\/\/animefigurer.se\/en\/figurer\/food-for-the-soul\/food-for-the-soul-mako-kawai-1-7-figure\/","og_site_name":"Animefigurer.se","article_publisher":"https:\/\/www.facebook.com\/profile.php?id=61581826539670","og_image":[{"width":675,"height":1000,"url":"https:\/\/animefigurer.se\/wp-content\/uploads\/2026\/01\/PV336_MakoKawai_01.webp","type":"image\/webp"}],"twitter_card":"summary_large_image","twitter_misc":{"Estimated reading time":"1 minute"},"schema":{"@context":"https:\/\/schema.org","@graph":[{"@type":"WebPage","@id":"https:\/\/animefigurer.se\/figurer\/food-for-the-soul\/food-for-the-soul-mako-kawai-1-7-figure\/","url":"https:\/\/animefigurer.se\/figurer\/food-for-the-soul\/food-for-the-soul-mako-kawai-1-7-figure\/","name":"Food for the Soul: Mako Kawai 1\/7 Figure | Animefigurer.se","isPartOf":{"@id":"https:\/\/animefigurer.se\/#website"},"primaryImageOfPage":{"@id":"https:\/\/animefigurer.se\/figurer\/food-for-the-soul\/food-for-the-soul-mako-kawai-1-7-figure\/#primaryimage"},"image":{"@id":"https:\/\/animefigurer.se\/figurer\/food-for-the-soul\/food-for-the-soul-mako-kawai-1-7-figure\/#primaryimage"},"thumbnailUrl":"https:\/\/animefigurer.se\/wp-content\/uploads\/2026\/01\/PV336_MakoKawai_01.webp","datePublished":"2026-01-22T13:43:53+00:00","breadcrumb":{"@id":"https:\/\/animefigurer.se\/figurer\/food-for-the-soul\/food-for-the-soul-mako-kawai-1-7-figure\/#breadcrumb"},"inLanguage":"en-GB","potentialAction":[{"@type":"ReadAction","target":["https:\/\/animefigurer.se\/figurer\/food-for-the-soul\/food-for-the-soul-mako-kawai-1-7-figure\/"]}]},{"@type":"ImageObject","inLanguage":"en-GB","@id":"https:\/\/animefigurer.se\/figurer\/food-for-the-soul\/food-for-the-soul-mako-kawai-1-7-figure\/#primaryimage","url":"https:\/\/animefigurer.se\/wp-content\/uploads\/2026\/01\/PV336_MakoKawai_01.webp","contentUrl":"https:\/\/animefigurer.se\/wp-content\/uploads\/2026\/01\/PV336_MakoKawai_01.webp","width":675,"height":1000,"caption":"Food for the Soul: Mako Kawai 1\/7 Figure"},{"@type":"BreadcrumbList","@id":"https:\/\/animefigurer.se\/figurer\/food-for-the-soul\/food-for-the-soul-mako-kawai-1-7-figure\/#breadcrumb","itemListElement":[{"@type":"ListItem","position":1,"name":"Home","item":"https:\/\/animefigurer.se\/"},{"@type":"ListItem","position":2,"name":"Butik","item":"https:\/\/animefigurer.se\/figurer\/"},{"@type":"ListItem","position":3,"name":"Food for the Soul: Mako Kawai 1\/7 Figure"}]},{"@type":"WebSite","@id":"https:\/\/animefigurer.se\/#website","url":"https:\/\/animefigurer.se\/","name":"Animefigurer.se","description":"Anime figures from over 300 different anime series with over 9000 products | Anime Shop","publisher":{"@id":"https:\/\/animefigurer.se\/#organization"},"potentialAction":[{"@type":"SearchAction","target":{"@type":"EntryPoint","urlTemplate":"https:\/\/animefigurer.se\/?s={search_term_string}"},"query-input":{"@type":"PropertyValueSpecification","valueRequired":true,"valueName":"search_term_string"}}],"inLanguage":"en-GB"},{"@type":"Organization","@id":"https:\/\/animefigurer.se\/#organization","name":"Animefigurer.se","alternateName":"Anime figurer | Anime shop","url":"https:\/\/animefigurer.se\/","logo":{"@type":"ImageObject","inLanguage":"en-GB","@id":"https:\/\/animefigurer.se\/#\/schema\/logo\/image\/","url":"https:\/\/animefigurer.se\/wp-content\/uploads\/2025\/12\/Animefigurer_logowhite.png","contentUrl":"https:\/\/animefigurer.se\/wp-content\/uploads\/2025\/12\/Animefigurer_logowhite.png","width":1890,"height":1417,"caption":"Animefigurer.se"},"image":{"@id":"https:\/\/animefigurer.se\/#\/schema\/logo\/image\/"},"sameAs":["https:\/\/www.facebook.com\/profile.php?id=61581826539670","https:\/\/www.instagram.com\/animefigurer.se\/"],"email":"info@animefigurer.se"}]}},"_links":{"self":[{"href":"https:\/\/animefigurer.se\/en\/wp-json\/wp\/v2\/product\/87919","targetHints":{"allow":["GET"]}}],"collection":[{"href":"https:\/\/animefigurer.se\/en\/wp-json\/wp\/v2\/product"}],"about":[{"href":"https:\/\/animefigurer.se\/en\/wp-json\/wp\/v2\/types\/product"}],"replies":[{"embeddable":true,"href":"https:\/\/animefigurer.se\/en\/wp-json\/wp\/v2\/comments?post=87919"}],"wp:featuredmedia":[{"embeddable":true,"href":"https:\/\/animefigurer.se\/en\/wp-json\/wp\/v2\/media\/87920"}],"wp:attachment":[{"href":"https:\/\/animefigurer.se\/en\/wp-json\/wp\/v2\/media?parent=87919"}],"wp:term":[{"taxonomy":"product_brand","embeddable":true,"href":"https:\/\/animefigurer.se\/en\/wp-json\/wp\/v2\/product_brand?post=87919"},{"taxonomy":"product_cat","embeddable":true,"href":"https:\/\/animefigurer.se\/en\/wp-json\/wp\/v2\/product_cat?post=87919"},{"taxonomy":"product_tag","embeddable":true,"href":"https:\/\/animefigurer.se\/en\/wp-json\/wp\/v2\/product_tag?post=87919"},{"taxonomy":"giftcard-category","embeddable":true,"href":"https:\/\/animefigurer.se\/en\/wp-json\/wp\/v2\/giftcard-category?post=87919"}],"curies":[{"name":"wp","href":"https:\/\/api.w.org\/{rel}","templated":true}]}}