{"id":87765,"date":"2026-01-13T15:50:32","date_gmt":"2026-01-13T14:50:32","guid":{"rendered":"https:\/\/animefigurer.se\/?post_type=product&#038;p=87765"},"modified":"2026-03-27T19:12:42","modified_gmt":"2026-03-27T18:12:42","slug":"haikyu-nendoroid-tobio-kageyama-karasuno-high-school-volleyball-clubs-jersey-ver","status":"publish","type":"product","link":"https:\/\/animefigurer.se\/en\/figurer\/haikyu\/haikyu-nendoroid-tobio-kageyama-karasuno-high-school-volleyball-clubs-jersey-ver\/","title":{"rendered":"Haikyu!! Nendoroid Tobio Kageyama: Karasuno High School Volleyball Club&#039;s Jersey Ver."},"content":{"rendered":"<p data-start=\"288\" data-end=\"686\">Celebrate the power and precision of Karasuno High School&#039;s star setter with this <strong data-start=\"407\" data-end=\"491\">Nendoroid of Tobio Kageyama \u2013 Karasuno High School Volleyball Club&#039;s Jersey Ver.<\/strong> from <em data-start=\"497\" data-end=\"507\">Haikyuu!!<\/em>! The figure stands approximately <strong data-start=\"528\" data-end=\"542\">100mm high<\/strong> and captures Kageyama&#039;s confidence with a smiling expression that exudes his energy and determination.<\/p>\n<p data-start=\"688\" data-end=\"954\">Hansev\u00e4rd is his characteristic way of wearing the match shirt \u2014 faithfully reproduced in the detailed design \u2014 together with optional parts such as <strong data-start=\"829\" data-end=\"870\">GunGun milk and his volleyball bag<\/strong> to create dynamic and personal poses.<\/p>\n<p data-start=\"956\" data-end=\"1230\">With the included display base, this Nendoroid is perfect for displaying on a shelf, in a collection display, or next to other characters from <em data-start=\"1100\" data-end=\"1110\">Haikyuu!!<\/em>series \u2014 especially if you pair him with Nendoroid Shoyo Hinata (sold separately).<\/p>\n<p data-start=\"1232\" data-end=\"1371\">A great little figure for fans and collectors who want to add this confident and driven setter icon to their anime figure collection!<\/p>","protected":false},"excerpt":{"rendered":"<p>Fira kraften och precisionen hos Karasuno High Schools stj\u00e4rn-setter med denna Nendoroid av Tobio Kageyama \u2013 Karasuno High School Volleyball Club\u2019s Jersey Ver. fr\u00e5n Haikyu!!! Figuren st\u00e5r cirka 100 mm h\u00f6g och f\u00e5ngar Kageyamas sj\u00e4lvf\u00f6rtroende med ett leende uttryck som sprudlar av hans energi och beslutsamhet. Hansev\u00e4rd \u00e4r hans karakt\u00e4ristiska s\u00e4tt att b\u00e4ra matchtr\u00f6jan \u2014 [&hellip;]<\/p>\n","protected":false},"featured_media":87766,"comment_status":"open","ping_status":"closed","template":"","meta":{"_acf_changed":false,"_monsterinsights_skip_tracking":false,"_monsterinsights_sitenote_active":false,"_monsterinsights_sitenote_note":"","_monsterinsights_sitenote_category":0},"product_brand":[7084],"product_cat":[2759],"product_tag":[24],"giftcard-category":[],"class_list":{"0":"post-87765","1":"product","2":"type-product","3":"status-publish","4":"has-post-thumbnail","6":"product_brand-orange-rouge","7":"product_cat-haikyu","8":"product_tag-2-3-weeks","9":"pa_franchise-haikyu","10":"pa_karaktar-tobio-kageyama","11":"pa_material-pvc-abs","12":"pa_produktserie-nendoroid","13":"pa_storlek-10-cm","15":"first","16":"instock","17":"taxable","18":"shipping-taxable","19":"purchasable","20":"product-type-simple"},"acf":[],"yoast_head":"<!-- This site is optimized with the Yoast SEO Premium plugin v24.6 (Yoast SEO v27.4) - https:\/\/yoast.com\/product\/yoast-seo-premium-wordpress\/ -->\n<title>Haikyu!! Nendoroid Tobio Kageyama: Karasuno High School Volleyball Club&#039;s Jersey Ver. | Animefigurer.se<\/title>\n<meta name=\"robots\" content=\"index, follow, max-snippet:-1, max-image-preview:large, max-video-preview:-1\" \/>\n<link rel=\"canonical\" href=\"https:\/\/animefigurer.se\/en\/figurer\/haikyuu\/haikyu-nendoroid-tobio-kageyama-karasuno-high-school-volleyball-clubs-jersey-ver\/\" \/>\n<meta property=\"og:locale\" content=\"en_GB\" \/>\n<meta property=\"og:type\" content=\"article\" \/>\n<meta property=\"og:title\" content=\"Haikyu!! Nendoroid Tobio Kageyama: Karasuno High School Volleyball Club&#039;s Jersey Ver.\" \/>\n<meta property=\"og:description\" content=\"Fira kraften och precisionen hos Karasuno High Schools stj\u00e4rn-setter med denna Nendoroid av Tobio Kageyama \u2013 Karasuno High School Volleyball Club\u2019s Jersey Ver. fr\u00e5n Haikyu!!! Figuren st\u00e5r cirka 100 mm h\u00f6g och f\u00e5ngar Kageyamas sj\u00e4lvf\u00f6rtroende med ett leende uttryck som sprudlar av hans energi och beslutsamhet. Hansev\u00e4rd \u00e4r hans karakt\u00e4ristiska s\u00e4tt att b\u00e4ra matchtr\u00f6jan \u2014 [&hellip;]\" \/>\n<meta property=\"og:url\" content=\"https:\/\/animefigurer.se\/en\/figurer\/haikyuu\/haikyu-nendoroid-tobio-kageyama-karasuno-high-school-volleyball-clubs-jersey-ver\/\" \/>\n<meta property=\"og:site_name\" content=\"Animefigurer.se\" \/>\n<meta property=\"article:publisher\" content=\"https:\/\/www.facebook.com\/profile.php?id=61581826539670\" \/>\n<meta property=\"article:modified_time\" content=\"2026-03-27T18:12:42+00:00\" \/>\n<meta property=\"og:image\" content=\"https:\/\/animefigurer.se\/wp-content\/uploads\/2026\/01\/yJu31EA8mwTUNkfpF5zY40hqjPcgZt7x.webp\" \/>\n\t<meta property=\"og:image:width\" content=\"750\" \/>\n\t<meta property=\"og:image:height\" content=\"1000\" \/>\n\t<meta property=\"og:image:type\" content=\"image\/webp\" \/>\n<meta name=\"twitter:card\" content=\"summary_large_image\" \/>\n<meta name=\"twitter:label1\" content=\"Estimated reading time\" \/>\n\t<meta name=\"twitter:data1\" content=\"1 minute\" \/>\n<script type=\"application\/ld+json\" class=\"yoast-schema-graph\">{\"@context\":\"https:\\\/\\\/schema.org\",\"@graph\":[{\"@type\":\"WebPage\",\"@id\":\"https:\\\/\\\/animefigurer.se\\\/figurer\\\/haikyu\\\/haikyu-nendoroid-tobio-kageyama-karasuno-high-school-volleyball-clubs-jersey-ver\\\/\",\"url\":\"https:\\\/\\\/animefigurer.se\\\/figurer\\\/haikyu\\\/haikyu-nendoroid-tobio-kageyama-karasuno-high-school-volleyball-clubs-jersey-ver\\\/\",\"name\":\"Haikyu!! Nendoroid Tobio Kageyama: Karasuno High School Volleyball Club's Jersey Ver. | Animefigurer.se\",\"isPartOf\":{\"@id\":\"https:\\\/\\\/animefigurer.se\\\/#website\"},\"primaryImageOfPage\":{\"@id\":\"https:\\\/\\\/animefigurer.se\\\/figurer\\\/haikyu\\\/haikyu-nendoroid-tobio-kageyama-karasuno-high-school-volleyball-clubs-jersey-ver\\\/#primaryimage\"},\"image\":{\"@id\":\"https:\\\/\\\/animefigurer.se\\\/figurer\\\/haikyu\\\/haikyu-nendoroid-tobio-kageyama-karasuno-high-school-volleyball-clubs-jersey-ver\\\/#primaryimage\"},\"thumbnailUrl\":\"https:\\\/\\\/animefigurer.se\\\/wp-content\\\/uploads\\\/2026\\\/01\\\/yJu31EA8mwTUNkfpF5zY40hqjPcgZt7x.webp\",\"datePublished\":\"2026-01-13T14:50:32+00:00\",\"dateModified\":\"2026-03-27T18:12:42+00:00\",\"breadcrumb\":{\"@id\":\"https:\\\/\\\/animefigurer.se\\\/figurer\\\/haikyu\\\/haikyu-nendoroid-tobio-kageyama-karasuno-high-school-volleyball-clubs-jersey-ver\\\/#breadcrumb\"},\"inLanguage\":\"en-GB\",\"potentialAction\":[{\"@type\":\"ReadAction\",\"target\":[\"https:\\\/\\\/animefigurer.se\\\/figurer\\\/haikyu\\\/haikyu-nendoroid-tobio-kageyama-karasuno-high-school-volleyball-clubs-jersey-ver\\\/\"]}]},{\"@type\":\"ImageObject\",\"inLanguage\":\"en-GB\",\"@id\":\"https:\\\/\\\/animefigurer.se\\\/figurer\\\/haikyu\\\/haikyu-nendoroid-tobio-kageyama-karasuno-high-school-volleyball-clubs-jersey-ver\\\/#primaryimage\",\"url\":\"https:\\\/\\\/animefigurer.se\\\/wp-content\\\/uploads\\\/2026\\\/01\\\/yJu31EA8mwTUNkfpF5zY40hqjPcgZt7x.webp\",\"contentUrl\":\"https:\\\/\\\/animefigurer.se\\\/wp-content\\\/uploads\\\/2026\\\/01\\\/yJu31EA8mwTUNkfpF5zY40hqjPcgZt7x.webp\",\"width\":750,\"height\":1000,\"caption\":\"Nendoroid Tobio Kageyama: Karasuno High School Volleyball Club's Jersey Ver.\"},{\"@type\":\"BreadcrumbList\",\"@id\":\"https:\\\/\\\/animefigurer.se\\\/figurer\\\/haikyu\\\/haikyu-nendoroid-tobio-kageyama-karasuno-high-school-volleyball-clubs-jersey-ver\\\/#breadcrumb\",\"itemListElement\":[{\"@type\":\"ListItem\",\"position\":1,\"name\":\"Home\",\"item\":\"https:\\\/\\\/animefigurer.se\\\/\"},{\"@type\":\"ListItem\",\"position\":2,\"name\":\"Butik\",\"item\":\"https:\\\/\\\/animefigurer.se\\\/figurer\\\/\"},{\"@type\":\"ListItem\",\"position\":3,\"name\":\"Haikyu!! Nendoroid Tobio Kageyama: Karasuno High School Volleyball Club&#8217;s Jersey Ver.\"}]},{\"@type\":\"WebSite\",\"@id\":\"https:\\\/\\\/animefigurer.se\\\/#website\",\"url\":\"https:\\\/\\\/animefigurer.se\\\/\",\"name\":\"Animefigurer.se\",\"description\":\"Anime figurer fr\u00e5n \u00f6ver 300 olika anime serier med \u00f6ver 9000 produkter | Anime Shop\",\"publisher\":{\"@id\":\"https:\\\/\\\/animefigurer.se\\\/#organization\"},\"potentialAction\":[{\"@type\":\"SearchAction\",\"target\":{\"@type\":\"EntryPoint\",\"urlTemplate\":\"https:\\\/\\\/animefigurer.se\\\/?s={search_term_string}\"},\"query-input\":{\"@type\":\"PropertyValueSpecification\",\"valueRequired\":true,\"valueName\":\"search_term_string\"}}],\"inLanguage\":\"en-GB\"},{\"@type\":\"Organization\",\"@id\":\"https:\\\/\\\/animefigurer.se\\\/#organization\",\"name\":\"Animefigurer.se\",\"alternateName\":\"Anime figurer | Anime shop\",\"url\":\"https:\\\/\\\/animefigurer.se\\\/\",\"logo\":{\"@type\":\"ImageObject\",\"inLanguage\":\"en-GB\",\"@id\":\"https:\\\/\\\/animefigurer.se\\\/#\\\/schema\\\/logo\\\/image\\\/\",\"url\":\"https:\\\/\\\/animefigurer.se\\\/wp-content\\\/uploads\\\/2025\\\/12\\\/Animefigurer_logowhite.png\",\"contentUrl\":\"https:\\\/\\\/animefigurer.se\\\/wp-content\\\/uploads\\\/2025\\\/12\\\/Animefigurer_logowhite.png\",\"width\":1890,\"height\":1417,\"caption\":\"Animefigurer.se\"},\"image\":{\"@id\":\"https:\\\/\\\/animefigurer.se\\\/#\\\/schema\\\/logo\\\/image\\\/\"},\"sameAs\":[\"https:\\\/\\\/www.facebook.com\\\/profile.php?id=61581826539670\",\"https:\\\/\\\/www.instagram.com\\\/animefigurer.se\\\/\"],\"email\":\"info@animefigurer.se\"}]}<\/script>\n<!-- \/ Yoast SEO Premium plugin. -->","yoast_head_json":{"title":"Haikyu!! Nendoroid Tobio Kageyama: Karasuno High School Volleyball Club&#039;s Jersey Ver. | Animefigurer.se","robots":{"index":"index","follow":"follow","max-snippet":"max-snippet:-1","max-image-preview":"max-image-preview:large","max-video-preview":"max-video-preview:-1"},"canonical":"https:\/\/animefigurer.se\/en\/figurer\/haikyuu\/haikyu-nendoroid-tobio-kageyama-karasuno-high-school-volleyball-clubs-jersey-ver\/","og_locale":"en_GB","og_type":"article","og_title":"Haikyu!! Nendoroid Tobio Kageyama: Karasuno High School Volleyball Club's Jersey Ver.","og_description":"Fira kraften och precisionen hos Karasuno High Schools stj\u00e4rn-setter med denna Nendoroid av Tobio Kageyama \u2013 Karasuno High School Volleyball Club\u2019s Jersey Ver. fr\u00e5n Haikyu!!! Figuren st\u00e5r cirka 100 mm h\u00f6g och f\u00e5ngar Kageyamas sj\u00e4lvf\u00f6rtroende med ett leende uttryck som sprudlar av hans energi och beslutsamhet. Hansev\u00e4rd \u00e4r hans karakt\u00e4ristiska s\u00e4tt att b\u00e4ra matchtr\u00f6jan \u2014 [&hellip;]","og_url":"https:\/\/animefigurer.se\/en\/figurer\/haikyuu\/haikyu-nendoroid-tobio-kageyama-karasuno-high-school-volleyball-clubs-jersey-ver\/","og_site_name":"Animefigurer.se","article_publisher":"https:\/\/www.facebook.com\/profile.php?id=61581826539670","article_modified_time":"2026-03-27T18:12:42+00:00","og_image":[{"width":750,"height":1000,"url":"https:\/\/animefigurer.se\/wp-content\/uploads\/2026\/01\/yJu31EA8mwTUNkfpF5zY40hqjPcgZt7x.webp","type":"image\/webp"}],"twitter_card":"summary_large_image","twitter_misc":{"Estimated reading time":"1 minute"},"schema":{"@context":"https:\/\/schema.org","@graph":[{"@type":"WebPage","@id":"https:\/\/animefigurer.se\/figurer\/haikyu\/haikyu-nendoroid-tobio-kageyama-karasuno-high-school-volleyball-clubs-jersey-ver\/","url":"https:\/\/animefigurer.se\/figurer\/haikyu\/haikyu-nendoroid-tobio-kageyama-karasuno-high-school-volleyball-clubs-jersey-ver\/","name":"Haikyu!! Nendoroid Tobio Kageyama: Karasuno High School Volleyball Club&#039;s Jersey Ver. | Animefigurer.se","isPartOf":{"@id":"https:\/\/animefigurer.se\/#website"},"primaryImageOfPage":{"@id":"https:\/\/animefigurer.se\/figurer\/haikyu\/haikyu-nendoroid-tobio-kageyama-karasuno-high-school-volleyball-clubs-jersey-ver\/#primaryimage"},"image":{"@id":"https:\/\/animefigurer.se\/figurer\/haikyu\/haikyu-nendoroid-tobio-kageyama-karasuno-high-school-volleyball-clubs-jersey-ver\/#primaryimage"},"thumbnailUrl":"https:\/\/animefigurer.se\/wp-content\/uploads\/2026\/01\/yJu31EA8mwTUNkfpF5zY40hqjPcgZt7x.webp","datePublished":"2026-01-13T14:50:32+00:00","dateModified":"2026-03-27T18:12:42+00:00","breadcrumb":{"@id":"https:\/\/animefigurer.se\/figurer\/haikyu\/haikyu-nendoroid-tobio-kageyama-karasuno-high-school-volleyball-clubs-jersey-ver\/#breadcrumb"},"inLanguage":"en-GB","potentialAction":[{"@type":"ReadAction","target":["https:\/\/animefigurer.se\/figurer\/haikyu\/haikyu-nendoroid-tobio-kageyama-karasuno-high-school-volleyball-clubs-jersey-ver\/"]}]},{"@type":"ImageObject","inLanguage":"en-GB","@id":"https:\/\/animefigurer.se\/figurer\/haikyu\/haikyu-nendoroid-tobio-kageyama-karasuno-high-school-volleyball-clubs-jersey-ver\/#primaryimage","url":"https:\/\/animefigurer.se\/wp-content\/uploads\/2026\/01\/yJu31EA8mwTUNkfpF5zY40hqjPcgZt7x.webp","contentUrl":"https:\/\/animefigurer.se\/wp-content\/uploads\/2026\/01\/yJu31EA8mwTUNkfpF5zY40hqjPcgZt7x.webp","width":750,"height":1000,"caption":"Nendoroid Tobio Kageyama: Karasuno High School Volleyball Club's Jersey Ver."},{"@type":"BreadcrumbList","@id":"https:\/\/animefigurer.se\/figurer\/haikyu\/haikyu-nendoroid-tobio-kageyama-karasuno-high-school-volleyball-clubs-jersey-ver\/#breadcrumb","itemListElement":[{"@type":"ListItem","position":1,"name":"Home","item":"https:\/\/animefigurer.se\/"},{"@type":"ListItem","position":2,"name":"Butik","item":"https:\/\/animefigurer.se\/figurer\/"},{"@type":"ListItem","position":3,"name":"Haikyu!! Nendoroid Tobio Kageyama: Karasuno High School Volleyball Club&#8217;s Jersey Ver."}]},{"@type":"WebSite","@id":"https:\/\/animefigurer.se\/#website","url":"https:\/\/animefigurer.se\/","name":"Animefigurer.se","description":"Anime figures from over 300 different anime series with over 9000 products | Anime Shop","publisher":{"@id":"https:\/\/animefigurer.se\/#organization"},"potentialAction":[{"@type":"SearchAction","target":{"@type":"EntryPoint","urlTemplate":"https:\/\/animefigurer.se\/?s={search_term_string}"},"query-input":{"@type":"PropertyValueSpecification","valueRequired":true,"valueName":"search_term_string"}}],"inLanguage":"en-GB"},{"@type":"Organization","@id":"https:\/\/animefigurer.se\/#organization","name":"Animefigurer.se","alternateName":"Anime figurer | Anime shop","url":"https:\/\/animefigurer.se\/","logo":{"@type":"ImageObject","inLanguage":"en-GB","@id":"https:\/\/animefigurer.se\/#\/schema\/logo\/image\/","url":"https:\/\/animefigurer.se\/wp-content\/uploads\/2025\/12\/Animefigurer_logowhite.png","contentUrl":"https:\/\/animefigurer.se\/wp-content\/uploads\/2025\/12\/Animefigurer_logowhite.png","width":1890,"height":1417,"caption":"Animefigurer.se"},"image":{"@id":"https:\/\/animefigurer.se\/#\/schema\/logo\/image\/"},"sameAs":["https:\/\/www.facebook.com\/profile.php?id=61581826539670","https:\/\/www.instagram.com\/animefigurer.se\/"],"email":"info@animefigurer.se"}]}},"_links":{"self":[{"href":"https:\/\/animefigurer.se\/en\/wp-json\/wp\/v2\/product\/87765","targetHints":{"allow":["GET"]}}],"collection":[{"href":"https:\/\/animefigurer.se\/en\/wp-json\/wp\/v2\/product"}],"about":[{"href":"https:\/\/animefigurer.se\/en\/wp-json\/wp\/v2\/types\/product"}],"replies":[{"embeddable":true,"href":"https:\/\/animefigurer.se\/en\/wp-json\/wp\/v2\/comments?post=87765"}],"wp:featuredmedia":[{"embeddable":true,"href":"https:\/\/animefigurer.se\/en\/wp-json\/wp\/v2\/media\/87766"}],"wp:attachment":[{"href":"https:\/\/animefigurer.se\/en\/wp-json\/wp\/v2\/media?parent=87765"}],"wp:term":[{"taxonomy":"product_brand","embeddable":true,"href":"https:\/\/animefigurer.se\/en\/wp-json\/wp\/v2\/product_brand?post=87765"},{"taxonomy":"product_cat","embeddable":true,"href":"https:\/\/animefigurer.se\/en\/wp-json\/wp\/v2\/product_cat?post=87765"},{"taxonomy":"product_tag","embeddable":true,"href":"https:\/\/animefigurer.se\/en\/wp-json\/wp\/v2\/product_tag?post=87765"},{"taxonomy":"giftcard-category","embeddable":true,"href":"https:\/\/animefigurer.se\/en\/wp-json\/wp\/v2\/giftcard-category?post=87765"}],"curies":[{"name":"wp","href":"https:\/\/api.w.org\/{rel}","templated":true}]}}