{"id":87757,"date":"2026-01-13T15:50:15","date_gmt":"2026-01-13T14:50:15","guid":{"rendered":"https:\/\/animefigurer.se\/?post_type=product&#038;p=87757"},"modified":"2026-01-13T15:50:26","modified_gmt":"2026-01-13T14:50:26","slug":"haikyu-nendoroid-shoyo-hinata-karasuno-high-school-volleyball-clubs-jersey-ver","status":"publish","type":"product","link":"https:\/\/animefigurer.se\/en\/figurer\/haikyu\/haikyu-nendoroid-shoyo-hinata-karasuno-high-school-volleyball-clubs-jersey-ver\/","title":{"rendered":"Haikyu!! Nendoroid Shoyo Hinata: Karasuno High School Volleyball Club&#039;s Jersey Ver."},"content":{"rendered":"<p data-start=\"196\" data-end=\"709\">Take in the energetic passion from <em data-start=\"271\" data-end=\"281\">Haikyuu!!<\/em> to your collection with this charming <strong data-start=\"318\" data-end=\"400\">Nendoroid of Shoyo Hinata \u2013 Karasuno High School Volleyball Club&#039;s Jersey Ver.<\/strong>! The figure is approximately <strong data-start=\"419\" data-end=\"433\">100mm high<\/strong> and features Hinata in his signature volleyball jersey with unique, faithful detailing of how he wears his jacket and equipment. His expressive smile captures his enthusiasm in a way that is perfect for fans of the popular series.<\/p>\n<p data-start=\"711\" data-end=\"1077\">With companions like <strong data-start=\"732\" data-end=\"771\">meatballs and his volleyball bag<\/strong> as optional parts you can create personalized poses and scenes that reflect his everyday life as a volleyball player. A stable base is included, making it easy to set him up on your shelf, on your desk or in a thematic display with others <em data-start=\"1020\" data-end=\"1030\">Haikyuu!!<\/em>-figures.<\/p>\n<p data-start=\"1079\" data-end=\"1314\">This Nendoroid is ideal for collectors and fans alike who want to celebrate Hinata&#039;s tireless energy and love of sports in a cute and dynamic form \u2014 a perfect addition to your anime figure collection!<\/p>","protected":false},"excerpt":{"rendered":"<p>Ta in den energiska passionen fr\u00e5n Haikyu!! till din samling med denna charmiga Nendoroid av Shoyo Hinata \u2013 Karasuno High School Volleyball Club\u2019s Jersey Ver.! Figuren \u00e4r cirka 100 mm h\u00f6g och \u00e5terger Hinata i sin karakt\u00e4ristiska volleybolltr\u00f6ja med en unik, trogen detaljering av hur han b\u00e4r sin jacka och utrustning. Hans uttrycksfulla leende f\u00e5ngar [&hellip;]<\/p>\n","protected":false},"featured_media":87758,"comment_status":"open","ping_status":"closed","template":"","meta":{"_acf_changed":false,"_monsterinsights_skip_tracking":false,"_monsterinsights_sitenote_active":false,"_monsterinsights_sitenote_note":"","_monsterinsights_sitenote_category":0},"product_brand":[7084],"product_cat":[2759],"product_tag":[24],"giftcard-category":[],"class_list":{"0":"post-87757","1":"product","2":"type-product","3":"status-publish","4":"has-post-thumbnail","6":"product_brand-orange-rouge","7":"product_cat-haikyu","8":"product_tag-2-3-weeks","9":"pa_franchise-haikyu","10":"pa_karaktar-shoyo-hinata","11":"pa_material-pvc-abs","12":"pa_produktserie-nendoroid","13":"pa_storlek-10-cm","15":"first","16":"instock","17":"taxable","18":"shipping-taxable","19":"purchasable","20":"product-type-simple"},"acf":[],"yoast_head":"<!-- This site is optimized with the Yoast SEO Premium plugin v24.6 (Yoast SEO v27.4) - https:\/\/yoast.com\/product\/yoast-seo-premium-wordpress\/ -->\n<title>Haikyu!! Nendoroid Shoyo Hinata: Karasuno High School Volleyball Club&#039;s Jersey Ver. | Animefigurer.se<\/title>\n<meta name=\"robots\" content=\"index, follow, max-snippet:-1, max-image-preview:large, max-video-preview:-1\" \/>\n<link rel=\"canonical\" href=\"https:\/\/animefigurer.se\/en\/figurer\/haikyuu\/haikyu-nendoroid-shoyo-hinata-karasuno-high-school-volleyball-clubs-jersey-ver\/\" \/>\n<meta property=\"og:locale\" content=\"en_GB\" \/>\n<meta property=\"og:type\" content=\"article\" \/>\n<meta property=\"og:title\" content=\"Haikyu!! Nendoroid Shoyo Hinata: Karasuno High School Volleyball Club&#039;s Jersey Ver.\" \/>\n<meta property=\"og:description\" content=\"Ta in den energiska passionen fr\u00e5n Haikyu!! till din samling med denna charmiga Nendoroid av Shoyo Hinata \u2013 Karasuno High School Volleyball Club\u2019s Jersey Ver.! Figuren \u00e4r cirka 100 mm h\u00f6g och \u00e5terger Hinata i sin karakt\u00e4ristiska volleybolltr\u00f6ja med en unik, trogen detaljering av hur han b\u00e4r sin jacka och utrustning. Hans uttrycksfulla leende f\u00e5ngar [&hellip;]\" \/>\n<meta property=\"og:url\" content=\"https:\/\/animefigurer.se\/en\/figurer\/haikyuu\/haikyu-nendoroid-shoyo-hinata-karasuno-high-school-volleyball-clubs-jersey-ver\/\" \/>\n<meta property=\"og:site_name\" content=\"Animefigurer.se\" \/>\n<meta property=\"article:publisher\" content=\"https:\/\/www.facebook.com\/profile.php?id=61581826539670\" \/>\n<meta property=\"article:modified_time\" content=\"2026-01-13T14:50:26+00:00\" \/>\n<meta property=\"og:image\" content=\"https:\/\/animefigurer.se\/wp-content\/uploads\/2026\/01\/Vu4MfbXJD3Rgk2AY6m8e9sHqyCwiaQKT.webp\" \/>\n\t<meta property=\"og:image:width\" content=\"750\" \/>\n\t<meta property=\"og:image:height\" content=\"1000\" \/>\n\t<meta property=\"og:image:type\" content=\"image\/webp\" \/>\n<meta name=\"twitter:card\" content=\"summary_large_image\" \/>\n<meta name=\"twitter:label1\" content=\"Estimated reading time\" \/>\n\t<meta name=\"twitter:data1\" content=\"1 minute\" \/>\n<script type=\"application\/ld+json\" class=\"yoast-schema-graph\">{\"@context\":\"https:\\\/\\\/schema.org\",\"@graph\":[{\"@type\":\"WebPage\",\"@id\":\"https:\\\/\\\/animefigurer.se\\\/figurer\\\/haikyu\\\/haikyu-nendoroid-shoyo-hinata-karasuno-high-school-volleyball-clubs-jersey-ver\\\/\",\"url\":\"https:\\\/\\\/animefigurer.se\\\/figurer\\\/haikyu\\\/haikyu-nendoroid-shoyo-hinata-karasuno-high-school-volleyball-clubs-jersey-ver\\\/\",\"name\":\"Haikyu!! Nendoroid Shoyo Hinata: Karasuno High School Volleyball Club's Jersey Ver. | Animefigurer.se\",\"isPartOf\":{\"@id\":\"https:\\\/\\\/animefigurer.se\\\/#website\"},\"primaryImageOfPage\":{\"@id\":\"https:\\\/\\\/animefigurer.se\\\/figurer\\\/haikyu\\\/haikyu-nendoroid-shoyo-hinata-karasuno-high-school-volleyball-clubs-jersey-ver\\\/#primaryimage\"},\"image\":{\"@id\":\"https:\\\/\\\/animefigurer.se\\\/figurer\\\/haikyu\\\/haikyu-nendoroid-shoyo-hinata-karasuno-high-school-volleyball-clubs-jersey-ver\\\/#primaryimage\"},\"thumbnailUrl\":\"https:\\\/\\\/animefigurer.se\\\/wp-content\\\/uploads\\\/2026\\\/01\\\/Vu4MfbXJD3Rgk2AY6m8e9sHqyCwiaQKT.webp\",\"datePublished\":\"2026-01-13T14:50:15+00:00\",\"dateModified\":\"2026-01-13T14:50:26+00:00\",\"breadcrumb\":{\"@id\":\"https:\\\/\\\/animefigurer.se\\\/figurer\\\/haikyu\\\/haikyu-nendoroid-shoyo-hinata-karasuno-high-school-volleyball-clubs-jersey-ver\\\/#breadcrumb\"},\"inLanguage\":\"en-GB\",\"potentialAction\":[{\"@type\":\"ReadAction\",\"target\":[\"https:\\\/\\\/animefigurer.se\\\/figurer\\\/haikyu\\\/haikyu-nendoroid-shoyo-hinata-karasuno-high-school-volleyball-clubs-jersey-ver\\\/\"]}]},{\"@type\":\"ImageObject\",\"inLanguage\":\"en-GB\",\"@id\":\"https:\\\/\\\/animefigurer.se\\\/figurer\\\/haikyu\\\/haikyu-nendoroid-shoyo-hinata-karasuno-high-school-volleyball-clubs-jersey-ver\\\/#primaryimage\",\"url\":\"https:\\\/\\\/animefigurer.se\\\/wp-content\\\/uploads\\\/2026\\\/01\\\/Vu4MfbXJD3Rgk2AY6m8e9sHqyCwiaQKT.webp\",\"contentUrl\":\"https:\\\/\\\/animefigurer.se\\\/wp-content\\\/uploads\\\/2026\\\/01\\\/Vu4MfbXJD3Rgk2AY6m8e9sHqyCwiaQKT.webp\",\"width\":750,\"height\":1000,\"caption\":\"Nendoroid Shoyo Hinata: Karasuno High School Volleyball Club's Jersey Ver.\"},{\"@type\":\"BreadcrumbList\",\"@id\":\"https:\\\/\\\/animefigurer.se\\\/figurer\\\/haikyu\\\/haikyu-nendoroid-shoyo-hinata-karasuno-high-school-volleyball-clubs-jersey-ver\\\/#breadcrumb\",\"itemListElement\":[{\"@type\":\"ListItem\",\"position\":1,\"name\":\"Home\",\"item\":\"https:\\\/\\\/animefigurer.se\\\/\"},{\"@type\":\"ListItem\",\"position\":2,\"name\":\"Butik\",\"item\":\"https:\\\/\\\/animefigurer.se\\\/figurer\\\/\"},{\"@type\":\"ListItem\",\"position\":3,\"name\":\"Haikyu!! Nendoroid Shoyo Hinata: Karasuno High School Volleyball Club&#8217;s Jersey Ver.\"}]},{\"@type\":\"WebSite\",\"@id\":\"https:\\\/\\\/animefigurer.se\\\/#website\",\"url\":\"https:\\\/\\\/animefigurer.se\\\/\",\"name\":\"Animefigurer.se\",\"description\":\"Anime figurer fr\u00e5n \u00f6ver 300 olika anime serier med \u00f6ver 9000 produkter | Anime Shop\",\"publisher\":{\"@id\":\"https:\\\/\\\/animefigurer.se\\\/#organization\"},\"potentialAction\":[{\"@type\":\"SearchAction\",\"target\":{\"@type\":\"EntryPoint\",\"urlTemplate\":\"https:\\\/\\\/animefigurer.se\\\/?s={search_term_string}\"},\"query-input\":{\"@type\":\"PropertyValueSpecification\",\"valueRequired\":true,\"valueName\":\"search_term_string\"}}],\"inLanguage\":\"en-GB\"},{\"@type\":\"Organization\",\"@id\":\"https:\\\/\\\/animefigurer.se\\\/#organization\",\"name\":\"Animefigurer.se\",\"alternateName\":\"Anime figurer | Anime shop\",\"url\":\"https:\\\/\\\/animefigurer.se\\\/\",\"logo\":{\"@type\":\"ImageObject\",\"inLanguage\":\"en-GB\",\"@id\":\"https:\\\/\\\/animefigurer.se\\\/#\\\/schema\\\/logo\\\/image\\\/\",\"url\":\"https:\\\/\\\/animefigurer.se\\\/wp-content\\\/uploads\\\/2025\\\/12\\\/Animefigurer_logowhite.png\",\"contentUrl\":\"https:\\\/\\\/animefigurer.se\\\/wp-content\\\/uploads\\\/2025\\\/12\\\/Animefigurer_logowhite.png\",\"width\":1890,\"height\":1417,\"caption\":\"Animefigurer.se\"},\"image\":{\"@id\":\"https:\\\/\\\/animefigurer.se\\\/#\\\/schema\\\/logo\\\/image\\\/\"},\"sameAs\":[\"https:\\\/\\\/www.facebook.com\\\/profile.php?id=61581826539670\",\"https:\\\/\\\/www.instagram.com\\\/animefigurer.se\\\/\"],\"email\":\"info@animefigurer.se\"}]}<\/script>\n<!-- \/ Yoast SEO Premium plugin. -->","yoast_head_json":{"title":"Haikyu!! Nendoroid Shoyo Hinata: Karasuno High School Volleyball Club&#039;s Jersey Ver. | Animefigurer.se","robots":{"index":"index","follow":"follow","max-snippet":"max-snippet:-1","max-image-preview":"max-image-preview:large","max-video-preview":"max-video-preview:-1"},"canonical":"https:\/\/animefigurer.se\/en\/figurer\/haikyuu\/haikyu-nendoroid-shoyo-hinata-karasuno-high-school-volleyball-clubs-jersey-ver\/","og_locale":"en_GB","og_type":"article","og_title":"Haikyu!! Nendoroid Shoyo Hinata: Karasuno High School Volleyball Club's Jersey Ver.","og_description":"Ta in den energiska passionen fr\u00e5n Haikyu!! till din samling med denna charmiga Nendoroid av Shoyo Hinata \u2013 Karasuno High School Volleyball Club\u2019s Jersey Ver.! Figuren \u00e4r cirka 100 mm h\u00f6g och \u00e5terger Hinata i sin karakt\u00e4ristiska volleybolltr\u00f6ja med en unik, trogen detaljering av hur han b\u00e4r sin jacka och utrustning. Hans uttrycksfulla leende f\u00e5ngar [&hellip;]","og_url":"https:\/\/animefigurer.se\/en\/figurer\/haikyuu\/haikyu-nendoroid-shoyo-hinata-karasuno-high-school-volleyball-clubs-jersey-ver\/","og_site_name":"Animefigurer.se","article_publisher":"https:\/\/www.facebook.com\/profile.php?id=61581826539670","article_modified_time":"2026-01-13T14:50:26+00:00","og_image":[{"width":750,"height":1000,"url":"https:\/\/animefigurer.se\/wp-content\/uploads\/2026\/01\/Vu4MfbXJD3Rgk2AY6m8e9sHqyCwiaQKT.webp","type":"image\/webp"}],"twitter_card":"summary_large_image","twitter_misc":{"Estimated reading time":"1 minute"},"schema":{"@context":"https:\/\/schema.org","@graph":[{"@type":"WebPage","@id":"https:\/\/animefigurer.se\/figurer\/haikyu\/haikyu-nendoroid-shoyo-hinata-karasuno-high-school-volleyball-clubs-jersey-ver\/","url":"https:\/\/animefigurer.se\/figurer\/haikyu\/haikyu-nendoroid-shoyo-hinata-karasuno-high-school-volleyball-clubs-jersey-ver\/","name":"Haikyu!! Nendoroid Shoyo Hinata: Karasuno High School Volleyball Club&#039;s Jersey Ver. | Animefigurer.se","isPartOf":{"@id":"https:\/\/animefigurer.se\/#website"},"primaryImageOfPage":{"@id":"https:\/\/animefigurer.se\/figurer\/haikyu\/haikyu-nendoroid-shoyo-hinata-karasuno-high-school-volleyball-clubs-jersey-ver\/#primaryimage"},"image":{"@id":"https:\/\/animefigurer.se\/figurer\/haikyu\/haikyu-nendoroid-shoyo-hinata-karasuno-high-school-volleyball-clubs-jersey-ver\/#primaryimage"},"thumbnailUrl":"https:\/\/animefigurer.se\/wp-content\/uploads\/2026\/01\/Vu4MfbXJD3Rgk2AY6m8e9sHqyCwiaQKT.webp","datePublished":"2026-01-13T14:50:15+00:00","dateModified":"2026-01-13T14:50:26+00:00","breadcrumb":{"@id":"https:\/\/animefigurer.se\/figurer\/haikyu\/haikyu-nendoroid-shoyo-hinata-karasuno-high-school-volleyball-clubs-jersey-ver\/#breadcrumb"},"inLanguage":"en-GB","potentialAction":[{"@type":"ReadAction","target":["https:\/\/animefigurer.se\/figurer\/haikyu\/haikyu-nendoroid-shoyo-hinata-karasuno-high-school-volleyball-clubs-jersey-ver\/"]}]},{"@type":"ImageObject","inLanguage":"en-GB","@id":"https:\/\/animefigurer.se\/figurer\/haikyu\/haikyu-nendoroid-shoyo-hinata-karasuno-high-school-volleyball-clubs-jersey-ver\/#primaryimage","url":"https:\/\/animefigurer.se\/wp-content\/uploads\/2026\/01\/Vu4MfbXJD3Rgk2AY6m8e9sHqyCwiaQKT.webp","contentUrl":"https:\/\/animefigurer.se\/wp-content\/uploads\/2026\/01\/Vu4MfbXJD3Rgk2AY6m8e9sHqyCwiaQKT.webp","width":750,"height":1000,"caption":"Nendoroid Shoyo Hinata: Karasuno High School Volleyball Club's Jersey Ver."},{"@type":"BreadcrumbList","@id":"https:\/\/animefigurer.se\/figurer\/haikyu\/haikyu-nendoroid-shoyo-hinata-karasuno-high-school-volleyball-clubs-jersey-ver\/#breadcrumb","itemListElement":[{"@type":"ListItem","position":1,"name":"Home","item":"https:\/\/animefigurer.se\/"},{"@type":"ListItem","position":2,"name":"Butik","item":"https:\/\/animefigurer.se\/figurer\/"},{"@type":"ListItem","position":3,"name":"Haikyu!! Nendoroid Shoyo Hinata: Karasuno High School Volleyball Club&#8217;s Jersey Ver."}]},{"@type":"WebSite","@id":"https:\/\/animefigurer.se\/#website","url":"https:\/\/animefigurer.se\/","name":"Animefigurer.se","description":"Anime figures from over 300 different anime series with over 9000 products | Anime Shop","publisher":{"@id":"https:\/\/animefigurer.se\/#organization"},"potentialAction":[{"@type":"SearchAction","target":{"@type":"EntryPoint","urlTemplate":"https:\/\/animefigurer.se\/?s={search_term_string}"},"query-input":{"@type":"PropertyValueSpecification","valueRequired":true,"valueName":"search_term_string"}}],"inLanguage":"en-GB"},{"@type":"Organization","@id":"https:\/\/animefigurer.se\/#organization","name":"Animefigurer.se","alternateName":"Anime figurer | Anime shop","url":"https:\/\/animefigurer.se\/","logo":{"@type":"ImageObject","inLanguage":"en-GB","@id":"https:\/\/animefigurer.se\/#\/schema\/logo\/image\/","url":"https:\/\/animefigurer.se\/wp-content\/uploads\/2025\/12\/Animefigurer_logowhite.png","contentUrl":"https:\/\/animefigurer.se\/wp-content\/uploads\/2025\/12\/Animefigurer_logowhite.png","width":1890,"height":1417,"caption":"Animefigurer.se"},"image":{"@id":"https:\/\/animefigurer.se\/#\/schema\/logo\/image\/"},"sameAs":["https:\/\/www.facebook.com\/profile.php?id=61581826539670","https:\/\/www.instagram.com\/animefigurer.se\/"],"email":"info@animefigurer.se"}]}},"_links":{"self":[{"href":"https:\/\/animefigurer.se\/en\/wp-json\/wp\/v2\/product\/87757","targetHints":{"allow":["GET"]}}],"collection":[{"href":"https:\/\/animefigurer.se\/en\/wp-json\/wp\/v2\/product"}],"about":[{"href":"https:\/\/animefigurer.se\/en\/wp-json\/wp\/v2\/types\/product"}],"replies":[{"embeddable":true,"href":"https:\/\/animefigurer.se\/en\/wp-json\/wp\/v2\/comments?post=87757"}],"wp:featuredmedia":[{"embeddable":true,"href":"https:\/\/animefigurer.se\/en\/wp-json\/wp\/v2\/media\/87758"}],"wp:attachment":[{"href":"https:\/\/animefigurer.se\/en\/wp-json\/wp\/v2\/media?parent=87757"}],"wp:term":[{"taxonomy":"product_brand","embeddable":true,"href":"https:\/\/animefigurer.se\/en\/wp-json\/wp\/v2\/product_brand?post=87757"},{"taxonomy":"product_cat","embeddable":true,"href":"https:\/\/animefigurer.se\/en\/wp-json\/wp\/v2\/product_cat?post=87757"},{"taxonomy":"product_tag","embeddable":true,"href":"https:\/\/animefigurer.se\/en\/wp-json\/wp\/v2\/product_tag?post=87757"},{"taxonomy":"giftcard-category","embeddable":true,"href":"https:\/\/animefigurer.se\/en\/wp-json\/wp\/v2\/giftcard-category?post=87757"}],"curies":[{"name":"wp","href":"https:\/\/api.w.org\/{rel}","templated":true}]}}