{"id":87625,"date":"2026-01-09T13:24:30","date_gmt":"2026-01-09T12:24:30","guid":{"rendered":"https:\/\/animefigurer.se\/?post_type=product&#038;p=87625"},"modified":"2026-01-09T13:24:30","modified_gmt":"2026-01-09T12:24:30","slug":"super-sonico-cheerleader-ver-sun-kissed-1-6-scale-figure-re-run","status":"publish","type":"product","link":"https:\/\/animefigurer.se\/en\/figurer\/super-sonico\/super-sonico-cheerleader-ver-sun-kissed-1-6-scale-figure-re-run\/","title":{"rendered":"Super Sonico: Cheerleader Ver. Sun Kissed 1\/6 Scale Figure (Re-run)"},"content":{"rendered":"<p data-start=\"286\" data-end=\"706\">Give your collection a sun-kissed touch with this <strong data-start=\"329\" data-end=\"401\">Super Sonico: Cheerleader Ver. \u2013 Sun Kissed 1\/6 scale figure (Re-run)<\/strong>! Super Sonico is shown here in a bright and energetic cheerleader pose, dressed in a stylish outfit that highlights both the dynamism and iconic charm of the character. Her long hair and expressive gaze capture the moment perfectly, while the detailed uniform and accessories add a sense of life and movement.<\/p>\n<p data-start=\"708\" data-end=\"1024\">The figure is carefully crafted in <strong data-start=\"741\" data-end=\"761\">pre-painted PVC\/ABS<\/strong>, with careful sculpting and painting quality that makes each part clear and distinct. With a <strong data-start=\"858\" data-end=\"879\">height of approx. 240 mm<\/strong> This is an impressive 1\/6th scale model that works just as well as a centerpiece on your collector&#039;s shelf as it does alongside other Super Sonico figures.<\/p>\n<p data-start=\"1026\" data-end=\"1173\">A perfect choice for fans of Super Sonico, cheerleader aesthetics, and collectors looking to add a vibrant and eye-catching model to their display!<\/p>","protected":false},"excerpt":{"rendered":"<p>Ge din samling en solkysst touch med denna Super Sonico: Cheerleader Ver. \u2013 Sun Kissed 1\/6-skala figur (Re-run)! Super Sonico visas h\u00e4r i en ljus och energifylld cheerleader-pose, kl\u00e4dd i en stilfull outfit som framh\u00e4ver b\u00e5de dynamik och karakt\u00e4rens ikoniska charm. Hennes l\u00e5nga h\u00e5r och uttrycksfulla blick f\u00e5ngar \u00f6gonblicket perfekt, medan den detaljerade uniformen och [&hellip;]<\/p>\n","protected":false},"featured_media":87626,"comment_status":"open","ping_status":"closed","template":"","meta":{"_acf_changed":false,"_monsterinsights_skip_tracking":false,"_monsterinsights_sitenote_active":false,"_monsterinsights_sitenote_note":"","_monsterinsights_sitenote_category":0},"product_brand":[6896],"product_cat":[5268],"product_tag":[26],"giftcard-category":[],"class_list":{"0":"post-87625","1":"product","2":"type-product","3":"status-publish","4":"has-post-thumbnail","6":"product_brand-orchid-seed","7":"product_cat-super-sonico","8":"product_tag-pre-order","9":"pa_franchise-super-sonico","10":"pa_karaktar-super-sonico","11":"pa_material-pvc","12":"pa_skala-57","13":"pa_storlek-30-5-cm","15":"first","16":"instock","17":"taxable","18":"shipping-taxable","19":"purchasable","20":"product-type-simple"},"acf":[],"yoast_head":"<!-- This site is optimized with the Yoast SEO Premium plugin v24.6 (Yoast SEO v27.4) - https:\/\/yoast.com\/product\/yoast-seo-premium-wordpress\/ -->\n<title>Super Sonico: Cheerleader Ver. Sun Kissed 1\/6 Scale Figure (Re-run) | Animefigurer.se<\/title>\n<meta name=\"robots\" content=\"index, follow, max-snippet:-1, max-image-preview:large, max-video-preview:-1\" \/>\n<link rel=\"canonical\" href=\"https:\/\/animefigurer.se\/en\/figurer\/super-sonico\/super-sonico-cheerleader-ver-sun-kissed-1-6-scale-figure-re-run\/\" \/>\n<meta property=\"og:locale\" content=\"en_GB\" \/>\n<meta property=\"og:type\" content=\"article\" \/>\n<meta property=\"og:title\" content=\"Super Sonico: Cheerleader Ver. Sun Kissed 1\/6 Scale Figure (Re-run)\" \/>\n<meta property=\"og:description\" content=\"Ge din samling en solkysst touch med denna Super Sonico: Cheerleader Ver. \u2013 Sun Kissed 1\/6-skala figur (Re-run)! Super Sonico visas h\u00e4r i en ljus och energifylld cheerleader-pose, kl\u00e4dd i en stilfull outfit som framh\u00e4ver b\u00e5de dynamik och karakt\u00e4rens ikoniska charm. Hennes l\u00e5nga h\u00e5r och uttrycksfulla blick f\u00e5ngar \u00f6gonblicket perfekt, medan den detaljerade uniformen och [&hellip;]\" \/>\n<meta property=\"og:url\" content=\"https:\/\/animefigurer.se\/en\/figurer\/super-sonico\/super-sonico-cheerleader-ver-sun-kissed-1-6-scale-figure-re-run\/\" \/>\n<meta property=\"og:site_name\" content=\"Animefigurer.se\" \/>\n<meta property=\"article:publisher\" content=\"https:\/\/www.facebook.com\/profile.php?id=61581826539670\" \/>\n<meta property=\"og:image\" content=\"https:\/\/animefigurer.se\/wp-content\/uploads\/2026\/01\/36ebccc9f727426f9e6ef19c9a1ad055.jpg.webp\" \/>\n\t<meta property=\"og:image:width\" content=\"600\" \/>\n\t<meta property=\"og:image:height\" content=\"900\" \/>\n\t<meta property=\"og:image:type\" content=\"image\/webp\" \/>\n<meta name=\"twitter:card\" content=\"summary_large_image\" \/>\n<meta name=\"twitter:label1\" content=\"Estimated reading time\" \/>\n\t<meta name=\"twitter:data1\" content=\"1 minute\" \/>\n<script type=\"application\/ld+json\" class=\"yoast-schema-graph\">{\"@context\":\"https:\\\/\\\/schema.org\",\"@graph\":[{\"@type\":\"WebPage\",\"@id\":\"https:\\\/\\\/animefigurer.se\\\/figurer\\\/super-sonico\\\/super-sonico-cheerleader-ver-sun-kissed-1-6-scale-figure-re-run\\\/\",\"url\":\"https:\\\/\\\/animefigurer.se\\\/figurer\\\/super-sonico\\\/super-sonico-cheerleader-ver-sun-kissed-1-6-scale-figure-re-run\\\/\",\"name\":\"Super Sonico: Cheerleader Ver. Sun Kissed 1\\\/6 Scale Figure (Re-run) | Animefigurer.se\",\"isPartOf\":{\"@id\":\"https:\\\/\\\/animefigurer.se\\\/#website\"},\"primaryImageOfPage\":{\"@id\":\"https:\\\/\\\/animefigurer.se\\\/figurer\\\/super-sonico\\\/super-sonico-cheerleader-ver-sun-kissed-1-6-scale-figure-re-run\\\/#primaryimage\"},\"image\":{\"@id\":\"https:\\\/\\\/animefigurer.se\\\/figurer\\\/super-sonico\\\/super-sonico-cheerleader-ver-sun-kissed-1-6-scale-figure-re-run\\\/#primaryimage\"},\"thumbnailUrl\":\"https:\\\/\\\/animefigurer.se\\\/wp-content\\\/uploads\\\/2026\\\/01\\\/36ebccc9f727426f9e6ef19c9a1ad055.jpg.webp\",\"datePublished\":\"2026-01-09T12:24:30+00:00\",\"breadcrumb\":{\"@id\":\"https:\\\/\\\/animefigurer.se\\\/figurer\\\/super-sonico\\\/super-sonico-cheerleader-ver-sun-kissed-1-6-scale-figure-re-run\\\/#breadcrumb\"},\"inLanguage\":\"en-GB\",\"potentialAction\":[{\"@type\":\"ReadAction\",\"target\":[\"https:\\\/\\\/animefigurer.se\\\/figurer\\\/super-sonico\\\/super-sonico-cheerleader-ver-sun-kissed-1-6-scale-figure-re-run\\\/\"]}]},{\"@type\":\"ImageObject\",\"inLanguage\":\"en-GB\",\"@id\":\"https:\\\/\\\/animefigurer.se\\\/figurer\\\/super-sonico\\\/super-sonico-cheerleader-ver-sun-kissed-1-6-scale-figure-re-run\\\/#primaryimage\",\"url\":\"https:\\\/\\\/animefigurer.se\\\/wp-content\\\/uploads\\\/2026\\\/01\\\/36ebccc9f727426f9e6ef19c9a1ad055.jpg.webp\",\"contentUrl\":\"https:\\\/\\\/animefigurer.se\\\/wp-content\\\/uploads\\\/2026\\\/01\\\/36ebccc9f727426f9e6ef19c9a1ad055.jpg.webp\",\"width\":600,\"height\":900,\"caption\":\"Dragon Ball Figuarts ZERO PVC Statue Son Goku (mini) & Supreme Kai (mini) Welcome to the great Adventure!\"},{\"@type\":\"BreadcrumbList\",\"@id\":\"https:\\\/\\\/animefigurer.se\\\/figurer\\\/super-sonico\\\/super-sonico-cheerleader-ver-sun-kissed-1-6-scale-figure-re-run\\\/#breadcrumb\",\"itemListElement\":[{\"@type\":\"ListItem\",\"position\":1,\"name\":\"Home\",\"item\":\"https:\\\/\\\/animefigurer.se\\\/\"},{\"@type\":\"ListItem\",\"position\":2,\"name\":\"Butik\",\"item\":\"https:\\\/\\\/animefigurer.se\\\/figurer\\\/\"},{\"@type\":\"ListItem\",\"position\":3,\"name\":\"Super Sonico: Cheerleader Ver. Sun Kissed 1\\\/6 Scale Figure (Re-run)\"}]},{\"@type\":\"WebSite\",\"@id\":\"https:\\\/\\\/animefigurer.se\\\/#website\",\"url\":\"https:\\\/\\\/animefigurer.se\\\/\",\"name\":\"Animefigurer.se\",\"description\":\"Anime figurer fr\u00e5n \u00f6ver 300 olika anime serier med \u00f6ver 9000 produkter | Anime Shop\",\"publisher\":{\"@id\":\"https:\\\/\\\/animefigurer.se\\\/#organization\"},\"potentialAction\":[{\"@type\":\"SearchAction\",\"target\":{\"@type\":\"EntryPoint\",\"urlTemplate\":\"https:\\\/\\\/animefigurer.se\\\/?s={search_term_string}\"},\"query-input\":{\"@type\":\"PropertyValueSpecification\",\"valueRequired\":true,\"valueName\":\"search_term_string\"}}],\"inLanguage\":\"en-GB\"},{\"@type\":\"Organization\",\"@id\":\"https:\\\/\\\/animefigurer.se\\\/#organization\",\"name\":\"Animefigurer.se\",\"alternateName\":\"Anime figurer | Anime shop\",\"url\":\"https:\\\/\\\/animefigurer.se\\\/\",\"logo\":{\"@type\":\"ImageObject\",\"inLanguage\":\"en-GB\",\"@id\":\"https:\\\/\\\/animefigurer.se\\\/#\\\/schema\\\/logo\\\/image\\\/\",\"url\":\"https:\\\/\\\/animefigurer.se\\\/wp-content\\\/uploads\\\/2025\\\/12\\\/Animefigurer_logowhite.png\",\"contentUrl\":\"https:\\\/\\\/animefigurer.se\\\/wp-content\\\/uploads\\\/2025\\\/12\\\/Animefigurer_logowhite.png\",\"width\":1890,\"height\":1417,\"caption\":\"Animefigurer.se\"},\"image\":{\"@id\":\"https:\\\/\\\/animefigurer.se\\\/#\\\/schema\\\/logo\\\/image\\\/\"},\"sameAs\":[\"https:\\\/\\\/www.facebook.com\\\/profile.php?id=61581826539670\",\"https:\\\/\\\/www.instagram.com\\\/animefigurer.se\\\/\"],\"email\":\"info@animefigurer.se\"}]}<\/script>\n<!-- \/ Yoast SEO Premium plugin. -->","yoast_head_json":{"title":"Super Sonico: Cheerleader Ver. Sun Kissed 1\/6 Scale Figure (Re-run) | Animefigurer.se","robots":{"index":"index","follow":"follow","max-snippet":"max-snippet:-1","max-image-preview":"max-image-preview:large","max-video-preview":"max-video-preview:-1"},"canonical":"https:\/\/animefigurer.se\/en\/figurer\/super-sonico\/super-sonico-cheerleader-ver-sun-kissed-1-6-scale-figure-re-run\/","og_locale":"en_GB","og_type":"article","og_title":"Super Sonico: Cheerleader Ver. Sun Kissed 1\/6 Scale Figure (Re-run)","og_description":"Ge din samling en solkysst touch med denna Super Sonico: Cheerleader Ver. \u2013 Sun Kissed 1\/6-skala figur (Re-run)! Super Sonico visas h\u00e4r i en ljus och energifylld cheerleader-pose, kl\u00e4dd i en stilfull outfit som framh\u00e4ver b\u00e5de dynamik och karakt\u00e4rens ikoniska charm. Hennes l\u00e5nga h\u00e5r och uttrycksfulla blick f\u00e5ngar \u00f6gonblicket perfekt, medan den detaljerade uniformen och [&hellip;]","og_url":"https:\/\/animefigurer.se\/en\/figurer\/super-sonico\/super-sonico-cheerleader-ver-sun-kissed-1-6-scale-figure-re-run\/","og_site_name":"Animefigurer.se","article_publisher":"https:\/\/www.facebook.com\/profile.php?id=61581826539670","og_image":[{"width":600,"height":900,"url":"https:\/\/animefigurer.se\/wp-content\/uploads\/2026\/01\/36ebccc9f727426f9e6ef19c9a1ad055.jpg.webp","type":"image\/webp"}],"twitter_card":"summary_large_image","twitter_misc":{"Estimated reading time":"1 minute"},"schema":{"@context":"https:\/\/schema.org","@graph":[{"@type":"WebPage","@id":"https:\/\/animefigurer.se\/figurer\/super-sonico\/super-sonico-cheerleader-ver-sun-kissed-1-6-scale-figure-re-run\/","url":"https:\/\/animefigurer.se\/figurer\/super-sonico\/super-sonico-cheerleader-ver-sun-kissed-1-6-scale-figure-re-run\/","name":"Super Sonico: Cheerleader Ver. Sun Kissed 1\/6 Scale Figure (Re-run) | Animefigurer.se","isPartOf":{"@id":"https:\/\/animefigurer.se\/#website"},"primaryImageOfPage":{"@id":"https:\/\/animefigurer.se\/figurer\/super-sonico\/super-sonico-cheerleader-ver-sun-kissed-1-6-scale-figure-re-run\/#primaryimage"},"image":{"@id":"https:\/\/animefigurer.se\/figurer\/super-sonico\/super-sonico-cheerleader-ver-sun-kissed-1-6-scale-figure-re-run\/#primaryimage"},"thumbnailUrl":"https:\/\/animefigurer.se\/wp-content\/uploads\/2026\/01\/36ebccc9f727426f9e6ef19c9a1ad055.jpg.webp","datePublished":"2026-01-09T12:24:30+00:00","breadcrumb":{"@id":"https:\/\/animefigurer.se\/figurer\/super-sonico\/super-sonico-cheerleader-ver-sun-kissed-1-6-scale-figure-re-run\/#breadcrumb"},"inLanguage":"en-GB","potentialAction":[{"@type":"ReadAction","target":["https:\/\/animefigurer.se\/figurer\/super-sonico\/super-sonico-cheerleader-ver-sun-kissed-1-6-scale-figure-re-run\/"]}]},{"@type":"ImageObject","inLanguage":"en-GB","@id":"https:\/\/animefigurer.se\/figurer\/super-sonico\/super-sonico-cheerleader-ver-sun-kissed-1-6-scale-figure-re-run\/#primaryimage","url":"https:\/\/animefigurer.se\/wp-content\/uploads\/2026\/01\/36ebccc9f727426f9e6ef19c9a1ad055.jpg.webp","contentUrl":"https:\/\/animefigurer.se\/wp-content\/uploads\/2026\/01\/36ebccc9f727426f9e6ef19c9a1ad055.jpg.webp","width":600,"height":900,"caption":"Dragon Ball Figuarts ZERO PVC Statue Son Goku (mini) & Supreme Kai (mini) Welcome to the great Adventure!"},{"@type":"BreadcrumbList","@id":"https:\/\/animefigurer.se\/figurer\/super-sonico\/super-sonico-cheerleader-ver-sun-kissed-1-6-scale-figure-re-run\/#breadcrumb","itemListElement":[{"@type":"ListItem","position":1,"name":"Home","item":"https:\/\/animefigurer.se\/"},{"@type":"ListItem","position":2,"name":"Butik","item":"https:\/\/animefigurer.se\/figurer\/"},{"@type":"ListItem","position":3,"name":"Super Sonico: Cheerleader Ver. Sun Kissed 1\/6 Scale Figure (Re-run)"}]},{"@type":"WebSite","@id":"https:\/\/animefigurer.se\/#website","url":"https:\/\/animefigurer.se\/","name":"Animefigurer.se","description":"Anime figures from over 300 different anime series with over 9000 products | Anime Shop","publisher":{"@id":"https:\/\/animefigurer.se\/#organization"},"potentialAction":[{"@type":"SearchAction","target":{"@type":"EntryPoint","urlTemplate":"https:\/\/animefigurer.se\/?s={search_term_string}"},"query-input":{"@type":"PropertyValueSpecification","valueRequired":true,"valueName":"search_term_string"}}],"inLanguage":"en-GB"},{"@type":"Organization","@id":"https:\/\/animefigurer.se\/#organization","name":"Animefigurer.se","alternateName":"Anime figurer | Anime shop","url":"https:\/\/animefigurer.se\/","logo":{"@type":"ImageObject","inLanguage":"en-GB","@id":"https:\/\/animefigurer.se\/#\/schema\/logo\/image\/","url":"https:\/\/animefigurer.se\/wp-content\/uploads\/2025\/12\/Animefigurer_logowhite.png","contentUrl":"https:\/\/animefigurer.se\/wp-content\/uploads\/2025\/12\/Animefigurer_logowhite.png","width":1890,"height":1417,"caption":"Animefigurer.se"},"image":{"@id":"https:\/\/animefigurer.se\/#\/schema\/logo\/image\/"},"sameAs":["https:\/\/www.facebook.com\/profile.php?id=61581826539670","https:\/\/www.instagram.com\/animefigurer.se\/"],"email":"info@animefigurer.se"}]}},"_links":{"self":[{"href":"https:\/\/animefigurer.se\/en\/wp-json\/wp\/v2\/product\/87625","targetHints":{"allow":["GET"]}}],"collection":[{"href":"https:\/\/animefigurer.se\/en\/wp-json\/wp\/v2\/product"}],"about":[{"href":"https:\/\/animefigurer.se\/en\/wp-json\/wp\/v2\/types\/product"}],"replies":[{"embeddable":true,"href":"https:\/\/animefigurer.se\/en\/wp-json\/wp\/v2\/comments?post=87625"}],"wp:featuredmedia":[{"embeddable":true,"href":"https:\/\/animefigurer.se\/en\/wp-json\/wp\/v2\/media\/87626"}],"wp:attachment":[{"href":"https:\/\/animefigurer.se\/en\/wp-json\/wp\/v2\/media?parent=87625"}],"wp:term":[{"taxonomy":"product_brand","embeddable":true,"href":"https:\/\/animefigurer.se\/en\/wp-json\/wp\/v2\/product_brand?post=87625"},{"taxonomy":"product_cat","embeddable":true,"href":"https:\/\/animefigurer.se\/en\/wp-json\/wp\/v2\/product_cat?post=87625"},{"taxonomy":"product_tag","embeddable":true,"href":"https:\/\/animefigurer.se\/en\/wp-json\/wp\/v2\/product_tag?post=87625"},{"taxonomy":"giftcard-category","embeddable":true,"href":"https:\/\/animefigurer.se\/en\/wp-json\/wp\/v2\/giftcard-category?post=87625"}],"curies":[{"name":"wp","href":"https:\/\/api.w.org\/{rel}","templated":true}]}}