{"id":87349,"date":"2026-01-05T18:03:37","date_gmt":"2026-01-05T17:03:37","guid":{"rendered":"https:\/\/animefigurer.se\/?post_type=product&#038;p=87349"},"modified":"2026-01-05T18:03:38","modified_gmt":"2026-01-05T17:03:38","slug":"nijisanji-yang-nari","status":"publish","type":"product","link":"https:\/\/animefigurer.se\/en\/figurer\/nijisanji\/nijisanji-yang-nari\/","title":{"rendered":"NIJISANJI Yang Nari"},"content":{"rendered":"<p data-start=\"280\" data-end=\"591\">Expand your collection with style and character with <strong data-start=\"324\" data-end=\"347\">NIJISANJI Yang Nari<\/strong> \u2014 a charming and detailed Nendoroid figure that captures the popular VTuber&#039;s personality in classic chibi form. The figure is approx. <strong data-start=\"480\" data-end=\"490\">100mm<\/strong> high and comes with <strong data-start=\"513\" data-end=\"526\">position<\/strong>, ready to be displayed on the shelf, desk or in the display cabinet.<\/p>\n<p data-start=\"593\" data-end=\"908\">Yang Nari is coming along. <strong data-start=\"614\" data-end=\"642\">interchangeable faceplates<\/strong> that offers several different expressions \u2014 from a confident smile to more playful expressions \u2014 so you can vary how she is presented in your display. The figure also includes <strong data-start=\"804\" data-end=\"837\">extra handpieces and accessories<\/strong> which provides more posing options and vivid scenarios in your collection.<\/p>\n<p data-start=\"910\" data-end=\"1108\">A perfect choice for NIJISANJI fans and Nendoroid collectors who want a cute, expressive, and versatile character in their lineup \u2014 a decorative addition that will add extra personality to your figure collection.<\/p>","protected":false},"excerpt":{"rendered":"<p>Ut\u00f6ka din samling med stil och karakt\u00e4r med NIJISANJI Yang Nari \u2014 en charmfull och detaljerad Nendoroid-figur som f\u00e5ngar den popul\u00e4ra VTuberns personlighet i klassisk chibi-form. Figuren \u00e4r cirka 100 mm h\u00f6g och levereras med st\u00e4llning, redo att visas upp p\u00e5 hyllan, skrivbordet eller i vitrinsk\u00e5pet. Yang Nari kommer med utbytbara ansiktsplattor som ger flera [&hellip;]<\/p>\n","protected":false},"featured_media":87350,"comment_status":"open","ping_status":"closed","template":"","meta":{"_acf_changed":false,"_monsterinsights_skip_tracking":false,"_monsterinsights_sitenote_active":false,"_monsterinsights_sitenote_note":"","_monsterinsights_sitenote_category":0},"product_brand":[6964],"product_cat":[6836],"product_tag":[26],"giftcard-category":[],"class_list":{"0":"post-87349","1":"product","2":"type-product","3":"status-publish","4":"has-post-thumbnail","6":"product_brand-dmm-factory","7":"product_cat-nijisanji","8":"product_tag-pre-order","9":"pa_franchise-nijisanji","10":"pa_karaktar-yang-nari","11":"pa_material-plastic","12":"pa_skala-41","13":"pa_storlek-24-cm","15":"first","16":"instock","17":"taxable","18":"shipping-taxable","19":"purchasable","20":"product-type-simple"},"acf":[],"yoast_head":"<!-- This site is optimized with the Yoast SEO Premium plugin v24.6 (Yoast SEO v27.3) - https:\/\/yoast.com\/product\/yoast-seo-premium-wordpress\/ -->\n<title>NIJISANJI Yang Nari | Animefigurer.se<\/title>\n<meta name=\"robots\" content=\"index, follow, max-snippet:-1, max-image-preview:large, max-video-preview:-1\" \/>\n<link rel=\"canonical\" href=\"https:\/\/animefigurer.se\/en\/figurer\/nijisanji\/nijisanji-yang-nari\/\" \/>\n<meta property=\"og:locale\" content=\"en_GB\" \/>\n<meta property=\"og:type\" content=\"article\" \/>\n<meta property=\"og:title\" content=\"NIJISANJI Yang Nari\" \/>\n<meta property=\"og:description\" content=\"Ut\u00f6ka din samling med stil och karakt\u00e4r med NIJISANJI Yang Nari \u2014 en charmfull och detaljerad Nendoroid-figur som f\u00e5ngar den popul\u00e4ra VTuberns personlighet i klassisk chibi-form. Figuren \u00e4r cirka 100 mm h\u00f6g och levereras med st\u00e4llning, redo att visas upp p\u00e5 hyllan, skrivbordet eller i vitrinsk\u00e5pet. Yang Nari kommer med utbytbara ansiktsplattor som ger flera [&hellip;]\" \/>\n<meta property=\"og:url\" content=\"https:\/\/animefigurer.se\/en\/figurer\/nijisanji\/nijisanji-yang-nari\/\" \/>\n<meta property=\"og:site_name\" content=\"Animefigurer.se\" \/>\n<meta property=\"article:publisher\" content=\"https:\/\/www.facebook.com\/profile.php?id=61581826539670\" \/>\n<meta property=\"article:modified_time\" content=\"2026-01-05T17:03:38+00:00\" \/>\n<meta property=\"og:image\" content=\"https:\/\/animefigurer.se\/wp-content\/uploads\/2026\/01\/S9qu8vAEWD57UamMdyP3YsgkjXwr2BzG.webp\" \/>\n\t<meta property=\"og:image:width\" content=\"750\" \/>\n\t<meta property=\"og:image:height\" content=\"1050\" \/>\n\t<meta property=\"og:image:type\" content=\"image\/webp\" \/>\n<meta name=\"twitter:card\" content=\"summary_large_image\" \/>\n<meta name=\"twitter:label1\" content=\"Estimated reading time\" \/>\n\t<meta name=\"twitter:data1\" content=\"1 minute\" \/>\n<script type=\"application\/ld+json\" class=\"yoast-schema-graph\">{\"@context\":\"https:\\\/\\\/schema.org\",\"@graph\":[{\"@type\":\"WebPage\",\"@id\":\"https:\\\/\\\/animefigurer.se\\\/figurer\\\/nijisanji\\\/nijisanji-yang-nari\\\/\",\"url\":\"https:\\\/\\\/animefigurer.se\\\/figurer\\\/nijisanji\\\/nijisanji-yang-nari\\\/\",\"name\":\"NIJISANJI Yang Nari | Animefigurer.se\",\"isPartOf\":{\"@id\":\"https:\\\/\\\/animefigurer.se\\\/#website\"},\"primaryImageOfPage\":{\"@id\":\"https:\\\/\\\/animefigurer.se\\\/figurer\\\/nijisanji\\\/nijisanji-yang-nari\\\/#primaryimage\"},\"image\":{\"@id\":\"https:\\\/\\\/animefigurer.se\\\/figurer\\\/nijisanji\\\/nijisanji-yang-nari\\\/#primaryimage\"},\"thumbnailUrl\":\"https:\\\/\\\/animefigurer.se\\\/wp-content\\\/uploads\\\/2026\\\/01\\\/S9qu8vAEWD57UamMdyP3YsgkjXwr2BzG.webp\",\"datePublished\":\"2026-01-05T17:03:37+00:00\",\"dateModified\":\"2026-01-05T17:03:38+00:00\",\"breadcrumb\":{\"@id\":\"https:\\\/\\\/animefigurer.se\\\/figurer\\\/nijisanji\\\/nijisanji-yang-nari\\\/#breadcrumb\"},\"inLanguage\":\"en-GB\",\"potentialAction\":[{\"@type\":\"ReadAction\",\"target\":[\"https:\\\/\\\/animefigurer.se\\\/figurer\\\/nijisanji\\\/nijisanji-yang-nari\\\/\"]}]},{\"@type\":\"ImageObject\",\"inLanguage\":\"en-GB\",\"@id\":\"https:\\\/\\\/animefigurer.se\\\/figurer\\\/nijisanji\\\/nijisanji-yang-nari\\\/#primaryimage\",\"url\":\"https:\\\/\\\/animefigurer.se\\\/wp-content\\\/uploads\\\/2026\\\/01\\\/S9qu8vAEWD57UamMdyP3YsgkjXwr2BzG.webp\",\"contentUrl\":\"https:\\\/\\\/animefigurer.se\\\/wp-content\\\/uploads\\\/2026\\\/01\\\/S9qu8vAEWD57UamMdyP3YsgkjXwr2BzG.webp\",\"width\":750,\"height\":1050,\"caption\":\"NIJISANJI Yang Nari\"},{\"@type\":\"BreadcrumbList\",\"@id\":\"https:\\\/\\\/animefigurer.se\\\/figurer\\\/nijisanji\\\/nijisanji-yang-nari\\\/#breadcrumb\",\"itemListElement\":[{\"@type\":\"ListItem\",\"position\":1,\"name\":\"Home\",\"item\":\"https:\\\/\\\/animefigurer.se\\\/\"},{\"@type\":\"ListItem\",\"position\":2,\"name\":\"Butik\",\"item\":\"https:\\\/\\\/animefigurer.se\\\/figurer\\\/\"},{\"@type\":\"ListItem\",\"position\":3,\"name\":\"NIJISANJI Yang Nari\"}]},{\"@type\":\"WebSite\",\"@id\":\"https:\\\/\\\/animefigurer.se\\\/#website\",\"url\":\"https:\\\/\\\/animefigurer.se\\\/\",\"name\":\"Animefigurer.se\",\"description\":\"Anime figurer fr\u00e5n \u00f6ver 300 olika anime serier med \u00f6ver 9000 produkter | Anime Shop\",\"publisher\":{\"@id\":\"https:\\\/\\\/animefigurer.se\\\/#organization\"},\"potentialAction\":[{\"@type\":\"SearchAction\",\"target\":{\"@type\":\"EntryPoint\",\"urlTemplate\":\"https:\\\/\\\/animefigurer.se\\\/?s={search_term_string}\"},\"query-input\":{\"@type\":\"PropertyValueSpecification\",\"valueRequired\":true,\"valueName\":\"search_term_string\"}}],\"inLanguage\":\"en-GB\"},{\"@type\":\"Organization\",\"@id\":\"https:\\\/\\\/animefigurer.se\\\/#organization\",\"name\":\"Animefigurer.se\",\"alternateName\":\"Anime figurer | Anime shop\",\"url\":\"https:\\\/\\\/animefigurer.se\\\/\",\"logo\":{\"@type\":\"ImageObject\",\"inLanguage\":\"en-GB\",\"@id\":\"https:\\\/\\\/animefigurer.se\\\/#\\\/schema\\\/logo\\\/image\\\/\",\"url\":\"https:\\\/\\\/animefigurer.se\\\/wp-content\\\/uploads\\\/2025\\\/12\\\/Animefigurer_logowhite.png\",\"contentUrl\":\"https:\\\/\\\/animefigurer.se\\\/wp-content\\\/uploads\\\/2025\\\/12\\\/Animefigurer_logowhite.png\",\"width\":1890,\"height\":1417,\"caption\":\"Animefigurer.se\"},\"image\":{\"@id\":\"https:\\\/\\\/animefigurer.se\\\/#\\\/schema\\\/logo\\\/image\\\/\"},\"sameAs\":[\"https:\\\/\\\/www.facebook.com\\\/profile.php?id=61581826539670\",\"https:\\\/\\\/www.instagram.com\\\/animefigurer.se\\\/\"],\"email\":\"info@animefigurer.se\"}]}<\/script>\n<!-- \/ Yoast SEO Premium plugin. -->","yoast_head_json":{"title":"NIJISANJI Yang Nari | Animefigurer.se","robots":{"index":"index","follow":"follow","max-snippet":"max-snippet:-1","max-image-preview":"max-image-preview:large","max-video-preview":"max-video-preview:-1"},"canonical":"https:\/\/animefigurer.se\/en\/figurer\/nijisanji\/nijisanji-yang-nari\/","og_locale":"en_GB","og_type":"article","og_title":"NIJISANJI Yang Nari","og_description":"Ut\u00f6ka din samling med stil och karakt\u00e4r med NIJISANJI Yang Nari \u2014 en charmfull och detaljerad Nendoroid-figur som f\u00e5ngar den popul\u00e4ra VTuberns personlighet i klassisk chibi-form. Figuren \u00e4r cirka 100 mm h\u00f6g och levereras med st\u00e4llning, redo att visas upp p\u00e5 hyllan, skrivbordet eller i vitrinsk\u00e5pet. Yang Nari kommer med utbytbara ansiktsplattor som ger flera [&hellip;]","og_url":"https:\/\/animefigurer.se\/en\/figurer\/nijisanji\/nijisanji-yang-nari\/","og_site_name":"Animefigurer.se","article_publisher":"https:\/\/www.facebook.com\/profile.php?id=61581826539670","article_modified_time":"2026-01-05T17:03:38+00:00","og_image":[{"width":750,"height":1050,"url":"https:\/\/animefigurer.se\/wp-content\/uploads\/2026\/01\/S9qu8vAEWD57UamMdyP3YsgkjXwr2BzG.webp","type":"image\/webp"}],"twitter_card":"summary_large_image","twitter_misc":{"Estimated reading time":"1 minute"},"schema":{"@context":"https:\/\/schema.org","@graph":[{"@type":"WebPage","@id":"https:\/\/animefigurer.se\/figurer\/nijisanji\/nijisanji-yang-nari\/","url":"https:\/\/animefigurer.se\/figurer\/nijisanji\/nijisanji-yang-nari\/","name":"NIJISANJI Yang Nari | Animefigurer.se","isPartOf":{"@id":"https:\/\/animefigurer.se\/#website"},"primaryImageOfPage":{"@id":"https:\/\/animefigurer.se\/figurer\/nijisanji\/nijisanji-yang-nari\/#primaryimage"},"image":{"@id":"https:\/\/animefigurer.se\/figurer\/nijisanji\/nijisanji-yang-nari\/#primaryimage"},"thumbnailUrl":"https:\/\/animefigurer.se\/wp-content\/uploads\/2026\/01\/S9qu8vAEWD57UamMdyP3YsgkjXwr2BzG.webp","datePublished":"2026-01-05T17:03:37+00:00","dateModified":"2026-01-05T17:03:38+00:00","breadcrumb":{"@id":"https:\/\/animefigurer.se\/figurer\/nijisanji\/nijisanji-yang-nari\/#breadcrumb"},"inLanguage":"en-GB","potentialAction":[{"@type":"ReadAction","target":["https:\/\/animefigurer.se\/figurer\/nijisanji\/nijisanji-yang-nari\/"]}]},{"@type":"ImageObject","inLanguage":"en-GB","@id":"https:\/\/animefigurer.se\/figurer\/nijisanji\/nijisanji-yang-nari\/#primaryimage","url":"https:\/\/animefigurer.se\/wp-content\/uploads\/2026\/01\/S9qu8vAEWD57UamMdyP3YsgkjXwr2BzG.webp","contentUrl":"https:\/\/animefigurer.se\/wp-content\/uploads\/2026\/01\/S9qu8vAEWD57UamMdyP3YsgkjXwr2BzG.webp","width":750,"height":1050,"caption":"NIJISANJI Yang Nari"},{"@type":"BreadcrumbList","@id":"https:\/\/animefigurer.se\/figurer\/nijisanji\/nijisanji-yang-nari\/#breadcrumb","itemListElement":[{"@type":"ListItem","position":1,"name":"Home","item":"https:\/\/animefigurer.se\/"},{"@type":"ListItem","position":2,"name":"Butik","item":"https:\/\/animefigurer.se\/figurer\/"},{"@type":"ListItem","position":3,"name":"NIJISANJI Yang Nari"}]},{"@type":"WebSite","@id":"https:\/\/animefigurer.se\/#website","url":"https:\/\/animefigurer.se\/","name":"Animefigurer.se","description":"Anime figures from over 300 different anime series with over 9000 products | Anime Shop","publisher":{"@id":"https:\/\/animefigurer.se\/#organization"},"potentialAction":[{"@type":"SearchAction","target":{"@type":"EntryPoint","urlTemplate":"https:\/\/animefigurer.se\/?s={search_term_string}"},"query-input":{"@type":"PropertyValueSpecification","valueRequired":true,"valueName":"search_term_string"}}],"inLanguage":"en-GB"},{"@type":"Organization","@id":"https:\/\/animefigurer.se\/#organization","name":"Animefigurer.se","alternateName":"Anime figurer | Anime shop","url":"https:\/\/animefigurer.se\/","logo":{"@type":"ImageObject","inLanguage":"en-GB","@id":"https:\/\/animefigurer.se\/#\/schema\/logo\/image\/","url":"https:\/\/animefigurer.se\/wp-content\/uploads\/2025\/12\/Animefigurer_logowhite.png","contentUrl":"https:\/\/animefigurer.se\/wp-content\/uploads\/2025\/12\/Animefigurer_logowhite.png","width":1890,"height":1417,"caption":"Animefigurer.se"},"image":{"@id":"https:\/\/animefigurer.se\/#\/schema\/logo\/image\/"},"sameAs":["https:\/\/www.facebook.com\/profile.php?id=61581826539670","https:\/\/www.instagram.com\/animefigurer.se\/"],"email":"info@animefigurer.se"}]}},"_links":{"self":[{"href":"https:\/\/animefigurer.se\/en\/wp-json\/wp\/v2\/product\/87349","targetHints":{"allow":["GET"]}}],"collection":[{"href":"https:\/\/animefigurer.se\/en\/wp-json\/wp\/v2\/product"}],"about":[{"href":"https:\/\/animefigurer.se\/en\/wp-json\/wp\/v2\/types\/product"}],"replies":[{"embeddable":true,"href":"https:\/\/animefigurer.se\/en\/wp-json\/wp\/v2\/comments?post=87349"}],"wp:featuredmedia":[{"embeddable":true,"href":"https:\/\/animefigurer.se\/en\/wp-json\/wp\/v2\/media\/87350"}],"wp:attachment":[{"href":"https:\/\/animefigurer.se\/en\/wp-json\/wp\/v2\/media?parent=87349"}],"wp:term":[{"taxonomy":"product_brand","embeddable":true,"href":"https:\/\/animefigurer.se\/en\/wp-json\/wp\/v2\/product_brand?post=87349"},{"taxonomy":"product_cat","embeddable":true,"href":"https:\/\/animefigurer.se\/en\/wp-json\/wp\/v2\/product_cat?post=87349"},{"taxonomy":"product_tag","embeddable":true,"href":"https:\/\/animefigurer.se\/en\/wp-json\/wp\/v2\/product_tag?post=87349"},{"taxonomy":"giftcard-category","embeddable":true,"href":"https:\/\/animefigurer.se\/en\/wp-json\/wp\/v2\/giftcard-category?post=87349"}],"curies":[{"name":"wp","href":"https:\/\/api.w.org\/{rel}","templated":true}]}}