{"id":87265,"date":"2026-01-05T18:01:46","date_gmt":"2026-01-05T17:01:46","guid":{"rendered":"https:\/\/animefigurer.se\/?post_type=product&#038;p=87265"},"modified":"2026-01-05T18:01:47","modified_gmt":"2026-01-05T17:01:47","slug":"my-dress-up-darling-plushie-black-lobelia","status":"publish","type":"product","link":"https:\/\/animefigurer.se\/en\/figurer\/my-dress-up-darling\/my-dress-up-darling-plushie-black-lobelia\/","title":{"rendered":"My Dress-Up Darling Plushie Black Lobelia"},"content":{"rendered":"<p data-start=\"43\" data-end=\"345\">Add a cute and cuddly detail to your collection with <strong data-start=\"96\" data-end=\"143\">My Dress-Up Darling Plushie \u2013 Black Lobelia<\/strong>. This fluffy plushie is designed to capture the charm of Black Lobelia in a soft, stylish form that is perfect as a collector&#039;s item, decoration or cozy companion on your desk, shelf or bed.<\/p>\n<p data-start=\"347\" data-end=\"657\">Made in <strong data-start=\"360\" data-end=\"397\">soft and high-quality material<\/strong> The plushie feels comfortable to hold and has a <strong data-start=\"445\" data-end=\"477\">playful, expressive design<\/strong> that brings the character to life. The compact size makes it easy to place with other favorites in your figure collection or use as a unique accessory in the living room.<\/p>\n<p data-start=\"659\" data-end=\"830\">A perfect choice for fans of <em data-start=\"687\" data-end=\"708\">My Dress-Up Darling<\/em>, collectors of anime plushies or those who want a cute, character-based plushie that gives your display extra personality.<\/p>","protected":false},"excerpt":{"rendered":"<p>L\u00e4gg till en s\u00f6t och kramgo detalj i din samling med My Dress-Up Darling Plushie \u2013 Black Lobelia. Denna fluffiga plushie \u00e4r designad f\u00f6r att f\u00e5nga Black Lobelias charm i en mjuk, stilren form som passar perfekt som samlarobjekt, dekoration eller mysigt s\u00e4llskap p\u00e5 skrivbordet, hyllan eller s\u00e4ngen. Tillverkad i mjukt och h\u00f6gkvalitativt material k\u00e4nns [&hellip;]<\/p>\n","protected":false},"featured_media":87266,"comment_status":"open","ping_status":"closed","template":"","meta":{"_acf_changed":false,"_monsterinsights_skip_tracking":false,"_monsterinsights_sitenote_active":false,"_monsterinsights_sitenote_note":"","_monsterinsights_sitenote_category":0},"product_brand":[6890],"product_cat":[3892,7324],"product_tag":[24],"giftcard-category":[],"class_list":{"0":"post-87265","1":"product","2":"type-product","3":"status-publish","4":"has-post-thumbnail","6":"product_brand-good-smile-company","7":"product_cat-my-dress-up-darling","8":"product_cat-plushie","9":"product_tag-2-3-weeks","10":"pa_franchise-my-dress-up-darling","11":"pa_karaktar-marin-kitagawa","12":"pa_material-cotton","13":"pa_material-polyester","14":"pa_produktserie-plushie","15":"pa_storlek-17-cm","17":"first","18":"instock","19":"taxable","20":"shipping-taxable","21":"purchasable","22":"product-type-simple"},"acf":[],"yoast_head":"<!-- This site is optimized with the Yoast SEO Premium plugin v24.6 (Yoast SEO v27.3) - https:\/\/yoast.com\/product\/yoast-seo-premium-wordpress\/ -->\n<title>My Dress-Up Darling Plushie Black Lobelia | Animefigurer.se<\/title>\n<meta name=\"robots\" content=\"index, follow, max-snippet:-1, max-image-preview:large, max-video-preview:-1\" \/>\n<link rel=\"canonical\" href=\"https:\/\/animefigurer.se\/en\/figurer\/my-dress-up-darling\/my-dress-up-darling-plushie-black-lobelia\/\" \/>\n<meta property=\"og:locale\" content=\"en_GB\" \/>\n<meta property=\"og:type\" content=\"article\" \/>\n<meta property=\"og:title\" content=\"My Dress-Up Darling Plushie Black Lobelia\" \/>\n<meta property=\"og:description\" content=\"L\u00e4gg till en s\u00f6t och kramgo detalj i din samling med My Dress-Up Darling Plushie \u2013 Black Lobelia. Denna fluffiga plushie \u00e4r designad f\u00f6r att f\u00e5nga Black Lobelias charm i en mjuk, stilren form som passar perfekt som samlarobjekt, dekoration eller mysigt s\u00e4llskap p\u00e5 skrivbordet, hyllan eller s\u00e4ngen. Tillverkad i mjukt och h\u00f6gkvalitativt material k\u00e4nns [&hellip;]\" \/>\n<meta property=\"og:url\" content=\"https:\/\/animefigurer.se\/en\/figurer\/my-dress-up-darling\/my-dress-up-darling-plushie-black-lobelia\/\" \/>\n<meta property=\"og:site_name\" content=\"Animefigurer.se\" \/>\n<meta property=\"article:publisher\" content=\"https:\/\/www.facebook.com\/profile.php?id=61581826539670\" \/>\n<meta property=\"article:modified_time\" content=\"2026-01-05T17:01:47+00:00\" \/>\n<meta property=\"og:image\" content=\"https:\/\/animefigurer.se\/wp-content\/uploads\/2026\/01\/5398df7be76c41ac9690a06094efc850.jpg.webp\" \/>\n\t<meta property=\"og:image:width\" content=\"700\" \/>\n\t<meta property=\"og:image:height\" content=\"700\" \/>\n\t<meta property=\"og:image:type\" content=\"image\/webp\" \/>\n<meta name=\"twitter:card\" content=\"summary_large_image\" \/>\n<meta name=\"twitter:label1\" content=\"Estimated reading time\" \/>\n\t<meta name=\"twitter:data1\" content=\"1 minute\" \/>\n<script type=\"application\/ld+json\" class=\"yoast-schema-graph\">{\"@context\":\"https:\\\/\\\/schema.org\",\"@graph\":[{\"@type\":\"WebPage\",\"@id\":\"https:\\\/\\\/animefigurer.se\\\/figurer\\\/my-dress-up-darling\\\/my-dress-up-darling-plushie-black-lobelia\\\/\",\"url\":\"https:\\\/\\\/animefigurer.se\\\/figurer\\\/my-dress-up-darling\\\/my-dress-up-darling-plushie-black-lobelia\\\/\",\"name\":\"My Dress-Up Darling Plushie Black Lobelia | Animefigurer.se\",\"isPartOf\":{\"@id\":\"https:\\\/\\\/animefigurer.se\\\/#website\"},\"primaryImageOfPage\":{\"@id\":\"https:\\\/\\\/animefigurer.se\\\/figurer\\\/my-dress-up-darling\\\/my-dress-up-darling-plushie-black-lobelia\\\/#primaryimage\"},\"image\":{\"@id\":\"https:\\\/\\\/animefigurer.se\\\/figurer\\\/my-dress-up-darling\\\/my-dress-up-darling-plushie-black-lobelia\\\/#primaryimage\"},\"thumbnailUrl\":\"https:\\\/\\\/animefigurer.se\\\/wp-content\\\/uploads\\\/2026\\\/01\\\/5398df7be76c41ac9690a06094efc850.jpg.webp\",\"datePublished\":\"2026-01-05T17:01:46+00:00\",\"dateModified\":\"2026-01-05T17:01:47+00:00\",\"breadcrumb\":{\"@id\":\"https:\\\/\\\/animefigurer.se\\\/figurer\\\/my-dress-up-darling\\\/my-dress-up-darling-plushie-black-lobelia\\\/#breadcrumb\"},\"inLanguage\":\"en-GB\",\"potentialAction\":[{\"@type\":\"ReadAction\",\"target\":[\"https:\\\/\\\/animefigurer.se\\\/figurer\\\/my-dress-up-darling\\\/my-dress-up-darling-plushie-black-lobelia\\\/\"]}]},{\"@type\":\"ImageObject\",\"inLanguage\":\"en-GB\",\"@id\":\"https:\\\/\\\/animefigurer.se\\\/figurer\\\/my-dress-up-darling\\\/my-dress-up-darling-plushie-black-lobelia\\\/#primaryimage\",\"url\":\"https:\\\/\\\/animefigurer.se\\\/wp-content\\\/uploads\\\/2026\\\/01\\\/5398df7be76c41ac9690a06094efc850.jpg.webp\",\"contentUrl\":\"https:\\\/\\\/animefigurer.se\\\/wp-content\\\/uploads\\\/2026\\\/01\\\/5398df7be76c41ac9690a06094efc850.jpg.webp\",\"width\":700,\"height\":700,\"caption\":\"My Dress-Up Darling Plushie Black Lobelia\"},{\"@type\":\"BreadcrumbList\",\"@id\":\"https:\\\/\\\/animefigurer.se\\\/figurer\\\/my-dress-up-darling\\\/my-dress-up-darling-plushie-black-lobelia\\\/#breadcrumb\",\"itemListElement\":[{\"@type\":\"ListItem\",\"position\":1,\"name\":\"Home\",\"item\":\"https:\\\/\\\/animefigurer.se\\\/\"},{\"@type\":\"ListItem\",\"position\":2,\"name\":\"Butik\",\"item\":\"https:\\\/\\\/animefigurer.se\\\/figurer\\\/\"},{\"@type\":\"ListItem\",\"position\":3,\"name\":\"My Dress-Up Darling Plushie Black Lobelia\"}]},{\"@type\":\"WebSite\",\"@id\":\"https:\\\/\\\/animefigurer.se\\\/#website\",\"url\":\"https:\\\/\\\/animefigurer.se\\\/\",\"name\":\"Animefigurer.se\",\"description\":\"Anime figurer fr\u00e5n \u00f6ver 300 olika anime serier med \u00f6ver 9000 produkter | Anime Shop\",\"publisher\":{\"@id\":\"https:\\\/\\\/animefigurer.se\\\/#organization\"},\"potentialAction\":[{\"@type\":\"SearchAction\",\"target\":{\"@type\":\"EntryPoint\",\"urlTemplate\":\"https:\\\/\\\/animefigurer.se\\\/?s={search_term_string}\"},\"query-input\":{\"@type\":\"PropertyValueSpecification\",\"valueRequired\":true,\"valueName\":\"search_term_string\"}}],\"inLanguage\":\"en-GB\"},{\"@type\":\"Organization\",\"@id\":\"https:\\\/\\\/animefigurer.se\\\/#organization\",\"name\":\"Animefigurer.se\",\"alternateName\":\"Anime figurer | Anime shop\",\"url\":\"https:\\\/\\\/animefigurer.se\\\/\",\"logo\":{\"@type\":\"ImageObject\",\"inLanguage\":\"en-GB\",\"@id\":\"https:\\\/\\\/animefigurer.se\\\/#\\\/schema\\\/logo\\\/image\\\/\",\"url\":\"https:\\\/\\\/animefigurer.se\\\/wp-content\\\/uploads\\\/2025\\\/12\\\/Animefigurer_logowhite.png\",\"contentUrl\":\"https:\\\/\\\/animefigurer.se\\\/wp-content\\\/uploads\\\/2025\\\/12\\\/Animefigurer_logowhite.png\",\"width\":1890,\"height\":1417,\"caption\":\"Animefigurer.se\"},\"image\":{\"@id\":\"https:\\\/\\\/animefigurer.se\\\/#\\\/schema\\\/logo\\\/image\\\/\"},\"sameAs\":[\"https:\\\/\\\/www.facebook.com\\\/profile.php?id=61581826539670\",\"https:\\\/\\\/www.instagram.com\\\/animefigurer.se\\\/\"],\"email\":\"info@animefigurer.se\"}]}<\/script>\n<!-- \/ Yoast SEO Premium plugin. -->","yoast_head_json":{"title":"My Dress-Up Darling Plushie Black Lobelia | Animefigurer.se","robots":{"index":"index","follow":"follow","max-snippet":"max-snippet:-1","max-image-preview":"max-image-preview:large","max-video-preview":"max-video-preview:-1"},"canonical":"https:\/\/animefigurer.se\/en\/figurer\/my-dress-up-darling\/my-dress-up-darling-plushie-black-lobelia\/","og_locale":"en_GB","og_type":"article","og_title":"My Dress-Up Darling Plushie Black Lobelia","og_description":"L\u00e4gg till en s\u00f6t och kramgo detalj i din samling med My Dress-Up Darling Plushie \u2013 Black Lobelia. Denna fluffiga plushie \u00e4r designad f\u00f6r att f\u00e5nga Black Lobelias charm i en mjuk, stilren form som passar perfekt som samlarobjekt, dekoration eller mysigt s\u00e4llskap p\u00e5 skrivbordet, hyllan eller s\u00e4ngen. Tillverkad i mjukt och h\u00f6gkvalitativt material k\u00e4nns [&hellip;]","og_url":"https:\/\/animefigurer.se\/en\/figurer\/my-dress-up-darling\/my-dress-up-darling-plushie-black-lobelia\/","og_site_name":"Animefigurer.se","article_publisher":"https:\/\/www.facebook.com\/profile.php?id=61581826539670","article_modified_time":"2026-01-05T17:01:47+00:00","og_image":[{"width":700,"height":700,"url":"https:\/\/animefigurer.se\/wp-content\/uploads\/2026\/01\/5398df7be76c41ac9690a06094efc850.jpg.webp","type":"image\/webp"}],"twitter_card":"summary_large_image","twitter_misc":{"Estimated reading time":"1 minute"},"schema":{"@context":"https:\/\/schema.org","@graph":[{"@type":"WebPage","@id":"https:\/\/animefigurer.se\/figurer\/my-dress-up-darling\/my-dress-up-darling-plushie-black-lobelia\/","url":"https:\/\/animefigurer.se\/figurer\/my-dress-up-darling\/my-dress-up-darling-plushie-black-lobelia\/","name":"My Dress-Up Darling Plushie Black Lobelia | Animefigurer.se","isPartOf":{"@id":"https:\/\/animefigurer.se\/#website"},"primaryImageOfPage":{"@id":"https:\/\/animefigurer.se\/figurer\/my-dress-up-darling\/my-dress-up-darling-plushie-black-lobelia\/#primaryimage"},"image":{"@id":"https:\/\/animefigurer.se\/figurer\/my-dress-up-darling\/my-dress-up-darling-plushie-black-lobelia\/#primaryimage"},"thumbnailUrl":"https:\/\/animefigurer.se\/wp-content\/uploads\/2026\/01\/5398df7be76c41ac9690a06094efc850.jpg.webp","datePublished":"2026-01-05T17:01:46+00:00","dateModified":"2026-01-05T17:01:47+00:00","breadcrumb":{"@id":"https:\/\/animefigurer.se\/figurer\/my-dress-up-darling\/my-dress-up-darling-plushie-black-lobelia\/#breadcrumb"},"inLanguage":"en-GB","potentialAction":[{"@type":"ReadAction","target":["https:\/\/animefigurer.se\/figurer\/my-dress-up-darling\/my-dress-up-darling-plushie-black-lobelia\/"]}]},{"@type":"ImageObject","inLanguage":"en-GB","@id":"https:\/\/animefigurer.se\/figurer\/my-dress-up-darling\/my-dress-up-darling-plushie-black-lobelia\/#primaryimage","url":"https:\/\/animefigurer.se\/wp-content\/uploads\/2026\/01\/5398df7be76c41ac9690a06094efc850.jpg.webp","contentUrl":"https:\/\/animefigurer.se\/wp-content\/uploads\/2026\/01\/5398df7be76c41ac9690a06094efc850.jpg.webp","width":700,"height":700,"caption":"My Dress-Up Darling Plushie Black Lobelia"},{"@type":"BreadcrumbList","@id":"https:\/\/animefigurer.se\/figurer\/my-dress-up-darling\/my-dress-up-darling-plushie-black-lobelia\/#breadcrumb","itemListElement":[{"@type":"ListItem","position":1,"name":"Home","item":"https:\/\/animefigurer.se\/"},{"@type":"ListItem","position":2,"name":"Butik","item":"https:\/\/animefigurer.se\/figurer\/"},{"@type":"ListItem","position":3,"name":"My Dress-Up Darling Plushie Black Lobelia"}]},{"@type":"WebSite","@id":"https:\/\/animefigurer.se\/#website","url":"https:\/\/animefigurer.se\/","name":"Animefigurer.se","description":"Anime figures from over 300 different anime series with over 9000 products | Anime Shop","publisher":{"@id":"https:\/\/animefigurer.se\/#organization"},"potentialAction":[{"@type":"SearchAction","target":{"@type":"EntryPoint","urlTemplate":"https:\/\/animefigurer.se\/?s={search_term_string}"},"query-input":{"@type":"PropertyValueSpecification","valueRequired":true,"valueName":"search_term_string"}}],"inLanguage":"en-GB"},{"@type":"Organization","@id":"https:\/\/animefigurer.se\/#organization","name":"Animefigurer.se","alternateName":"Anime figurer | Anime shop","url":"https:\/\/animefigurer.se\/","logo":{"@type":"ImageObject","inLanguage":"en-GB","@id":"https:\/\/animefigurer.se\/#\/schema\/logo\/image\/","url":"https:\/\/animefigurer.se\/wp-content\/uploads\/2025\/12\/Animefigurer_logowhite.png","contentUrl":"https:\/\/animefigurer.se\/wp-content\/uploads\/2025\/12\/Animefigurer_logowhite.png","width":1890,"height":1417,"caption":"Animefigurer.se"},"image":{"@id":"https:\/\/animefigurer.se\/#\/schema\/logo\/image\/"},"sameAs":["https:\/\/www.facebook.com\/profile.php?id=61581826539670","https:\/\/www.instagram.com\/animefigurer.se\/"],"email":"info@animefigurer.se"}]}},"_links":{"self":[{"href":"https:\/\/animefigurer.se\/en\/wp-json\/wp\/v2\/product\/87265","targetHints":{"allow":["GET"]}}],"collection":[{"href":"https:\/\/animefigurer.se\/en\/wp-json\/wp\/v2\/product"}],"about":[{"href":"https:\/\/animefigurer.se\/en\/wp-json\/wp\/v2\/types\/product"}],"replies":[{"embeddable":true,"href":"https:\/\/animefigurer.se\/en\/wp-json\/wp\/v2\/comments?post=87265"}],"wp:featuredmedia":[{"embeddable":true,"href":"https:\/\/animefigurer.se\/en\/wp-json\/wp\/v2\/media\/87266"}],"wp:attachment":[{"href":"https:\/\/animefigurer.se\/en\/wp-json\/wp\/v2\/media?parent=87265"}],"wp:term":[{"taxonomy":"product_brand","embeddable":true,"href":"https:\/\/animefigurer.se\/en\/wp-json\/wp\/v2\/product_brand?post=87265"},{"taxonomy":"product_cat","embeddable":true,"href":"https:\/\/animefigurer.se\/en\/wp-json\/wp\/v2\/product_cat?post=87265"},{"taxonomy":"product_tag","embeddable":true,"href":"https:\/\/animefigurer.se\/en\/wp-json\/wp\/v2\/product_tag?post=87265"},{"taxonomy":"giftcard-category","embeddable":true,"href":"https:\/\/animefigurer.se\/en\/wp-json\/wp\/v2\/giftcard-category?post=87265"}],"curies":[{"name":"wp","href":"https:\/\/api.w.org\/{rel}","templated":true}]}}