{"id":86449,"date":"2025-12-24T10:10:32","date_gmt":"2025-12-24T09:10:32","guid":{"rendered":"https:\/\/animefigurer.se\/?post_type=product&#038;p=86449"},"modified":"2025-12-24T10:10:32","modified_gmt":"2025-12-24T09:10:32","slug":"nendoroid-goddess-of-victory-nikke-soda","status":"publish","type":"product","link":"https:\/\/animefigurer.se\/en\/figurer\/goddess-of-victory-nikke\/nendoroid-goddess-of-victory-nikke-soda\/","title":{"rendered":"Nendoroid Goddess of Victory: Nikke Soda"},"content":{"rendered":"<p data-start=\"359\" data-end=\"634\">Add a cute and collectible favorite to your display with <strong data-start=\"419\" data-end=\"437\">Nendoroid Soda<\/strong> from <em data-start=\"443\" data-end=\"470\">GODDESS OF VICTORY: NIKKE<\/em>. The figure is approximately <strong data-start=\"489\" data-end=\"499\">100mm<\/strong> tall and comes in classic Nendoroid style with <strong data-start=\"545\" data-end=\"562\">movable joints<\/strong> and <strong data-start=\"567\" data-end=\"580\">position<\/strong>, making it perfect for both shelf and desk.<\/p>\n<p data-start=\"636\" data-end=\"895\">Soda comes with <strong data-start=\"655\" data-end=\"687\">three interchangeable faceplates<\/strong> (smiling, happy and motivated), so you can easily vary her expressions. Accessories also include her weapon <strong data-start=\"805\" data-end=\"827\">MG: Bright Cleaner<\/strong> as well as a <strong data-start=\"836\" data-end=\"860\">replaceable lower body<\/strong> for more poses and setups.<\/p>\n<p data-start=\"897\" data-end=\"1023\">A must-have for NIKKE fans and Nendoroid collectors who want a compact figure with lots of personality and variation possibilities.<\/p>","protected":false},"excerpt":{"rendered":"<p>L\u00e4gg till en s\u00f6t och samlarv\u00e4nlig favorit i din display med Nendoroid Soda fr\u00e5n GODDESS OF VICTORY: NIKKE. Figuren \u00e4r cirka 100 mm h\u00f6g och kommer i klassisk Nendoroid-stil med r\u00f6rliga leder och st\u00e4llning, vilket g\u00f6r den perfekt f\u00f6r b\u00e5de hylla och skrivbord. Soda levereras med tre utbytbara ansiktsplattor (leende, glad och motiverad), s\u00e5 att [&hellip;]<\/p>\n","protected":false},"featured_media":86450,"comment_status":"open","ping_status":"closed","template":"","meta":{"_acf_changed":false,"_monsterinsights_skip_tracking":false,"_monsterinsights_sitenote_active":false,"_monsterinsights_sitenote_note":"","_monsterinsights_sitenote_category":0},"product_brand":[6890],"product_cat":[2551],"product_tag":[26],"giftcard-category":[],"class_list":{"0":"post-86449","1":"product","2":"type-product","3":"status-publish","4":"has-post-thumbnail","6":"product_brand-good-smile-company","7":"product_cat-goddess-of-victory-nikke","8":"product_tag-pre-order","9":"pa_franchise-goddess-of-victory-nikke","10":"pa_karaktar-soda","11":"pa_material-plastic","12":"pa_storlek-10-cm","14":"first","15":"instock","16":"taxable","17":"shipping-taxable","18":"purchasable","19":"product-type-simple"},"acf":[],"yoast_head":"<!-- This site is optimized with the Yoast SEO Premium plugin v24.6 (Yoast SEO v27.3) - https:\/\/yoast.com\/product\/yoast-seo-premium-wordpress\/ -->\n<title>Nendoroid Goddess of Victory: Nikke Soda | Animefigurer.se<\/title>\n<meta name=\"robots\" content=\"index, follow, max-snippet:-1, max-image-preview:large, max-video-preview:-1\" \/>\n<link rel=\"canonical\" href=\"https:\/\/animefigurer.se\/en\/figurer\/goddess-of-victory-nikke\/nendoroid-goddess-of-victory-nikke-soda\/\" \/>\n<meta property=\"og:locale\" content=\"en_GB\" \/>\n<meta property=\"og:type\" content=\"article\" \/>\n<meta property=\"og:title\" content=\"Nendoroid Goddess of Victory: Nikke Soda\" \/>\n<meta property=\"og:description\" content=\"L\u00e4gg till en s\u00f6t och samlarv\u00e4nlig favorit i din display med Nendoroid Soda fr\u00e5n GODDESS OF VICTORY: NIKKE. Figuren \u00e4r cirka 100 mm h\u00f6g och kommer i klassisk Nendoroid-stil med r\u00f6rliga leder och st\u00e4llning, vilket g\u00f6r den perfekt f\u00f6r b\u00e5de hylla och skrivbord. Soda levereras med tre utbytbara ansiktsplattor (leende, glad och motiverad), s\u00e5 att [&hellip;]\" \/>\n<meta property=\"og:url\" content=\"https:\/\/animefigurer.se\/en\/figurer\/goddess-of-victory-nikke\/nendoroid-goddess-of-victory-nikke-soda\/\" \/>\n<meta property=\"og:site_name\" content=\"Animefigurer.se\" \/>\n<meta property=\"article:publisher\" content=\"https:\/\/www.facebook.com\/profile.php?id=61581826539670\" \/>\n<meta property=\"og:image\" content=\"https:\/\/animefigurer.se\/wp-content\/uploads\/2025\/12\/18927ed4508d4c42ae958809b1ae0097.jpg.webp\" \/>\n\t<meta property=\"og:image:width\" content=\"700\" \/>\n\t<meta property=\"og:image:height\" content=\"700\" \/>\n\t<meta property=\"og:image:type\" content=\"image\/webp\" \/>\n<meta name=\"twitter:card\" content=\"summary_large_image\" \/>\n<meta name=\"twitter:label1\" content=\"Estimated reading time\" \/>\n\t<meta name=\"twitter:data1\" content=\"1 minute\" \/>\n<script type=\"application\/ld+json\" class=\"yoast-schema-graph\">{\"@context\":\"https:\\\/\\\/schema.org\",\"@graph\":[{\"@type\":\"WebPage\",\"@id\":\"https:\\\/\\\/animefigurer.se\\\/figurer\\\/goddess-of-victory-nikke\\\/nendoroid-goddess-of-victory-nikke-soda\\\/\",\"url\":\"https:\\\/\\\/animefigurer.se\\\/figurer\\\/goddess-of-victory-nikke\\\/nendoroid-goddess-of-victory-nikke-soda\\\/\",\"name\":\"Nendoroid Goddess of Victory: Nikke Soda | Animefigurer.se\",\"isPartOf\":{\"@id\":\"https:\\\/\\\/animefigurer.se\\\/#website\"},\"primaryImageOfPage\":{\"@id\":\"https:\\\/\\\/animefigurer.se\\\/figurer\\\/goddess-of-victory-nikke\\\/nendoroid-goddess-of-victory-nikke-soda\\\/#primaryimage\"},\"image\":{\"@id\":\"https:\\\/\\\/animefigurer.se\\\/figurer\\\/goddess-of-victory-nikke\\\/nendoroid-goddess-of-victory-nikke-soda\\\/#primaryimage\"},\"thumbnailUrl\":\"https:\\\/\\\/animefigurer.se\\\/wp-content\\\/uploads\\\/2025\\\/12\\\/18927ed4508d4c42ae958809b1ae0097.jpg.webp\",\"datePublished\":\"2025-12-24T09:10:32+00:00\",\"breadcrumb\":{\"@id\":\"https:\\\/\\\/animefigurer.se\\\/figurer\\\/goddess-of-victory-nikke\\\/nendoroid-goddess-of-victory-nikke-soda\\\/#breadcrumb\"},\"inLanguage\":\"en-GB\",\"potentialAction\":[{\"@type\":\"ReadAction\",\"target\":[\"https:\\\/\\\/animefigurer.se\\\/figurer\\\/goddess-of-victory-nikke\\\/nendoroid-goddess-of-victory-nikke-soda\\\/\"]}]},{\"@type\":\"ImageObject\",\"inLanguage\":\"en-GB\",\"@id\":\"https:\\\/\\\/animefigurer.se\\\/figurer\\\/goddess-of-victory-nikke\\\/nendoroid-goddess-of-victory-nikke-soda\\\/#primaryimage\",\"url\":\"https:\\\/\\\/animefigurer.se\\\/wp-content\\\/uploads\\\/2025\\\/12\\\/18927ed4508d4c42ae958809b1ae0097.jpg.webp\",\"contentUrl\":\"https:\\\/\\\/animefigurer.se\\\/wp-content\\\/uploads\\\/2025\\\/12\\\/18927ed4508d4c42ae958809b1ae0097.jpg.webp\",\"width\":700,\"height\":700,\"caption\":\"Nendoroid Goddess of Victory: Nikke Soda\"},{\"@type\":\"BreadcrumbList\",\"@id\":\"https:\\\/\\\/animefigurer.se\\\/figurer\\\/goddess-of-victory-nikke\\\/nendoroid-goddess-of-victory-nikke-soda\\\/#breadcrumb\",\"itemListElement\":[{\"@type\":\"ListItem\",\"position\":1,\"name\":\"Home\",\"item\":\"https:\\\/\\\/animefigurer.se\\\/\"},{\"@type\":\"ListItem\",\"position\":2,\"name\":\"Butik\",\"item\":\"https:\\\/\\\/animefigurer.se\\\/figurer\\\/\"},{\"@type\":\"ListItem\",\"position\":3,\"name\":\"Nendoroid Goddess of Victory: Nikke Soda\"}]},{\"@type\":\"WebSite\",\"@id\":\"https:\\\/\\\/animefigurer.se\\\/#website\",\"url\":\"https:\\\/\\\/animefigurer.se\\\/\",\"name\":\"Animefigurer.se\",\"description\":\"Anime figurer fr\u00e5n \u00f6ver 300 olika anime serier med \u00f6ver 9000 produkter | Anime Shop\",\"publisher\":{\"@id\":\"https:\\\/\\\/animefigurer.se\\\/#organization\"},\"potentialAction\":[{\"@type\":\"SearchAction\",\"target\":{\"@type\":\"EntryPoint\",\"urlTemplate\":\"https:\\\/\\\/animefigurer.se\\\/?s={search_term_string}\"},\"query-input\":{\"@type\":\"PropertyValueSpecification\",\"valueRequired\":true,\"valueName\":\"search_term_string\"}}],\"inLanguage\":\"en-GB\"},{\"@type\":\"Organization\",\"@id\":\"https:\\\/\\\/animefigurer.se\\\/#organization\",\"name\":\"Animefigurer.se\",\"alternateName\":\"Anime figurer | Anime shop\",\"url\":\"https:\\\/\\\/animefigurer.se\\\/\",\"logo\":{\"@type\":\"ImageObject\",\"inLanguage\":\"en-GB\",\"@id\":\"https:\\\/\\\/animefigurer.se\\\/#\\\/schema\\\/logo\\\/image\\\/\",\"url\":\"https:\\\/\\\/animefigurer.se\\\/wp-content\\\/uploads\\\/2025\\\/12\\\/Animefigurer_logowhite.png\",\"contentUrl\":\"https:\\\/\\\/animefigurer.se\\\/wp-content\\\/uploads\\\/2025\\\/12\\\/Animefigurer_logowhite.png\",\"width\":1890,\"height\":1417,\"caption\":\"Animefigurer.se\"},\"image\":{\"@id\":\"https:\\\/\\\/animefigurer.se\\\/#\\\/schema\\\/logo\\\/image\\\/\"},\"sameAs\":[\"https:\\\/\\\/www.facebook.com\\\/profile.php?id=61581826539670\",\"https:\\\/\\\/www.instagram.com\\\/animefigurer.se\\\/\"],\"email\":\"info@animefigurer.se\"}]}<\/script>\n<!-- \/ Yoast SEO Premium plugin. -->","yoast_head_json":{"title":"Nendoroid Goddess of Victory: Nikke Soda | Animefigurer.se","robots":{"index":"index","follow":"follow","max-snippet":"max-snippet:-1","max-image-preview":"max-image-preview:large","max-video-preview":"max-video-preview:-1"},"canonical":"https:\/\/animefigurer.se\/en\/figurer\/goddess-of-victory-nikke\/nendoroid-goddess-of-victory-nikke-soda\/","og_locale":"en_GB","og_type":"article","og_title":"Nendoroid Goddess of Victory: Nikke Soda","og_description":"L\u00e4gg till en s\u00f6t och samlarv\u00e4nlig favorit i din display med Nendoroid Soda fr\u00e5n GODDESS OF VICTORY: NIKKE. Figuren \u00e4r cirka 100 mm h\u00f6g och kommer i klassisk Nendoroid-stil med r\u00f6rliga leder och st\u00e4llning, vilket g\u00f6r den perfekt f\u00f6r b\u00e5de hylla och skrivbord. Soda levereras med tre utbytbara ansiktsplattor (leende, glad och motiverad), s\u00e5 att [&hellip;]","og_url":"https:\/\/animefigurer.se\/en\/figurer\/goddess-of-victory-nikke\/nendoroid-goddess-of-victory-nikke-soda\/","og_site_name":"Animefigurer.se","article_publisher":"https:\/\/www.facebook.com\/profile.php?id=61581826539670","og_image":[{"width":700,"height":700,"url":"https:\/\/animefigurer.se\/wp-content\/uploads\/2025\/12\/18927ed4508d4c42ae958809b1ae0097.jpg.webp","type":"image\/webp"}],"twitter_card":"summary_large_image","twitter_misc":{"Estimated reading time":"1 minute"},"schema":{"@context":"https:\/\/schema.org","@graph":[{"@type":"WebPage","@id":"https:\/\/animefigurer.se\/figurer\/goddess-of-victory-nikke\/nendoroid-goddess-of-victory-nikke-soda\/","url":"https:\/\/animefigurer.se\/figurer\/goddess-of-victory-nikke\/nendoroid-goddess-of-victory-nikke-soda\/","name":"Nendoroid Goddess of Victory: Nikke Soda | Animefigurer.se","isPartOf":{"@id":"https:\/\/animefigurer.se\/#website"},"primaryImageOfPage":{"@id":"https:\/\/animefigurer.se\/figurer\/goddess-of-victory-nikke\/nendoroid-goddess-of-victory-nikke-soda\/#primaryimage"},"image":{"@id":"https:\/\/animefigurer.se\/figurer\/goddess-of-victory-nikke\/nendoroid-goddess-of-victory-nikke-soda\/#primaryimage"},"thumbnailUrl":"https:\/\/animefigurer.se\/wp-content\/uploads\/2025\/12\/18927ed4508d4c42ae958809b1ae0097.jpg.webp","datePublished":"2025-12-24T09:10:32+00:00","breadcrumb":{"@id":"https:\/\/animefigurer.se\/figurer\/goddess-of-victory-nikke\/nendoroid-goddess-of-victory-nikke-soda\/#breadcrumb"},"inLanguage":"en-GB","potentialAction":[{"@type":"ReadAction","target":["https:\/\/animefigurer.se\/figurer\/goddess-of-victory-nikke\/nendoroid-goddess-of-victory-nikke-soda\/"]}]},{"@type":"ImageObject","inLanguage":"en-GB","@id":"https:\/\/animefigurer.se\/figurer\/goddess-of-victory-nikke\/nendoroid-goddess-of-victory-nikke-soda\/#primaryimage","url":"https:\/\/animefigurer.se\/wp-content\/uploads\/2025\/12\/18927ed4508d4c42ae958809b1ae0097.jpg.webp","contentUrl":"https:\/\/animefigurer.se\/wp-content\/uploads\/2025\/12\/18927ed4508d4c42ae958809b1ae0097.jpg.webp","width":700,"height":700,"caption":"Nendoroid Goddess of Victory: Nikke Soda"},{"@type":"BreadcrumbList","@id":"https:\/\/animefigurer.se\/figurer\/goddess-of-victory-nikke\/nendoroid-goddess-of-victory-nikke-soda\/#breadcrumb","itemListElement":[{"@type":"ListItem","position":1,"name":"Home","item":"https:\/\/animefigurer.se\/"},{"@type":"ListItem","position":2,"name":"Butik","item":"https:\/\/animefigurer.se\/figurer\/"},{"@type":"ListItem","position":3,"name":"Nendoroid Goddess of Victory: Nikke Soda"}]},{"@type":"WebSite","@id":"https:\/\/animefigurer.se\/#website","url":"https:\/\/animefigurer.se\/","name":"Animefigurer.se","description":"Anime figures from over 300 different anime series with over 9000 products | Anime Shop","publisher":{"@id":"https:\/\/animefigurer.se\/#organization"},"potentialAction":[{"@type":"SearchAction","target":{"@type":"EntryPoint","urlTemplate":"https:\/\/animefigurer.se\/?s={search_term_string}"},"query-input":{"@type":"PropertyValueSpecification","valueRequired":true,"valueName":"search_term_string"}}],"inLanguage":"en-GB"},{"@type":"Organization","@id":"https:\/\/animefigurer.se\/#organization","name":"Animefigurer.se","alternateName":"Anime figurer | Anime shop","url":"https:\/\/animefigurer.se\/","logo":{"@type":"ImageObject","inLanguage":"en-GB","@id":"https:\/\/animefigurer.se\/#\/schema\/logo\/image\/","url":"https:\/\/animefigurer.se\/wp-content\/uploads\/2025\/12\/Animefigurer_logowhite.png","contentUrl":"https:\/\/animefigurer.se\/wp-content\/uploads\/2025\/12\/Animefigurer_logowhite.png","width":1890,"height":1417,"caption":"Animefigurer.se"},"image":{"@id":"https:\/\/animefigurer.se\/#\/schema\/logo\/image\/"},"sameAs":["https:\/\/www.facebook.com\/profile.php?id=61581826539670","https:\/\/www.instagram.com\/animefigurer.se\/"],"email":"info@animefigurer.se"}]}},"_links":{"self":[{"href":"https:\/\/animefigurer.se\/en\/wp-json\/wp\/v2\/product\/86449","targetHints":{"allow":["GET"]}}],"collection":[{"href":"https:\/\/animefigurer.se\/en\/wp-json\/wp\/v2\/product"}],"about":[{"href":"https:\/\/animefigurer.se\/en\/wp-json\/wp\/v2\/types\/product"}],"replies":[{"embeddable":true,"href":"https:\/\/animefigurer.se\/en\/wp-json\/wp\/v2\/comments?post=86449"}],"wp:featuredmedia":[{"embeddable":true,"href":"https:\/\/animefigurer.se\/en\/wp-json\/wp\/v2\/media\/86450"}],"wp:attachment":[{"href":"https:\/\/animefigurer.se\/en\/wp-json\/wp\/v2\/media?parent=86449"}],"wp:term":[{"taxonomy":"product_brand","embeddable":true,"href":"https:\/\/animefigurer.se\/en\/wp-json\/wp\/v2\/product_brand?post=86449"},{"taxonomy":"product_cat","embeddable":true,"href":"https:\/\/animefigurer.se\/en\/wp-json\/wp\/v2\/product_cat?post=86449"},{"taxonomy":"product_tag","embeddable":true,"href":"https:\/\/animefigurer.se\/en\/wp-json\/wp\/v2\/product_tag?post=86449"},{"taxonomy":"giftcard-category","embeddable":true,"href":"https:\/\/animefigurer.se\/en\/wp-json\/wp\/v2\/giftcard-category?post=86449"}],"curies":[{"name":"wp","href":"https:\/\/api.w.org\/{rel}","templated":true}]}}