{"id":85512,"date":"2025-12-07T14:48:27","date_gmt":"2025-12-07T13:48:27","guid":{"rendered":"https:\/\/animefigurer.se\/?post_type=product&#038;p=85512"},"modified":"2025-12-21T19:38:25","modified_gmt":"2025-12-21T18:38:25","slug":"anakin-vs-obi-wan-statue-revenge-of-the-sith-20th-years-anniversary-star-wars-art-scale-1-10-iron-studios","status":"publish","type":"product","link":"https:\/\/animefigurer.se\/en\/figurer\/star-wars\/anakin-vs-obi-wan-statue-revenge-of-the-sith-20th-years-anniversary-star-wars-art-scale-1-10-iron-studios\/","title":{"rendered":"Anakin vs Obi-Wan Statue (Revenge of the Sith 20th Years Anniversary) \u2013 Star Wars \u2013 Art Scale 1\/10 \u2013 Iron Studios"},"content":{"rendered":"<p data-start=\"236\" data-end=\"632\">Recreate one of the most iconic duels in Star Wars history with <strong data-start=\"305\" data-end=\"343\">Anakin vs Obi-Wan - Art Scale 1\/10<\/strong> from Iron Studios. This diorama statue captures the defining moment in <em data-start=\"418\" data-end=\"439\">Revenge of the Sith<\/em> as Anakin Skywalker and Obi-Wan Kenobi meet in an intense lightsaber battle. The sculpt is rich in movement and dynamics, with meticulously rendered details in costumes, poses and lightsabers.<\/p>\n<p data-start=\"634\" data-end=\"948\">Crafted from polystone, resin, PVC and select metal elements, the statue is hand-painted to deliver a realistic and collector-friendly finish. As a limited edition 1:10 scale figure, it will be a powerful centerpiece for any Star Wars display \u2014 perfect for display cases, shelves or dedicated collector corners.<\/p>","protected":false},"excerpt":{"rendered":"<p>\u00c5terskapa en av de mest ikoniska duellerna i Star Wars-historien med Anakin vs Obi-Wan \u2013 Art Scale 1\/10 fr\u00e5n Iron Studios. Denna diorama-staty f\u00e5ngar det avg\u00f6rande \u00f6gonblicket i Revenge of the Sith n\u00e4r Anakin Skywalker och Obi-Wan Kenobi m\u00f6ts i en intensitet fylld ljussabelstrid. Skulpteringen \u00e4r rik p\u00e5 r\u00f6relse och dynamik, med noggrant \u00e5tergivna detaljer [&hellip;]<\/p>\n","protected":false},"featured_media":85513,"comment_status":"open","ping_status":"closed","template":"","meta":{"_acf_changed":false,"_monsterinsights_skip_tracking":false,"_monsterinsights_sitenote_active":false,"_monsterinsights_sitenote_note":"","_monsterinsights_sitenote_category":0},"product_brand":[7035],"product_cat":[6879,7233,5098],"product_tag":[26],"giftcard-category":[],"class_list":{"0":"post-85512","1":"product","2":"type-product","3":"status-publish","4":"has-post-thumbnail","6":"product_brand-iron-studios","7":"product_cat-movie-room","8":"product_cat-pre-order","9":"product_cat-star-wars","10":"product_tag-pre-order","11":"pa_franchise-star-wars","12":"pa_karaktar-anakin-skywalker","13":"pa_karaktar-obi-wan-kenobi","14":"pa_skala-379","16":"first","17":"instock","18":"taxable","19":"shipping-taxable","20":"purchasable","21":"product-type-simple"},"acf":[],"yoast_head":"<!-- This site is optimized with the Yoast SEO Premium plugin v24.6 (Yoast SEO v27.4) - https:\/\/yoast.com\/product\/yoast-seo-premium-wordpress\/ -->\n<title>Anakin vs Obi-Wan Statue (Revenge of the Sith 20th Years Anniversary) \u2013 Star Wars \u2013 Art Scale 1\/10 \u2013 Iron Studios | Animefigurer.se<\/title>\n<meta name=\"robots\" content=\"index, follow, max-snippet:-1, max-image-preview:large, max-video-preview:-1\" \/>\n<link rel=\"canonical\" href=\"https:\/\/animefigurer.se\/en\/figurer\/star-wars\/anakin-vs-obi-wan-statue-revenge-of-the-sith-20th-years-anniversary-star-wars-art-scale-1-10-iron-studios\/\" \/>\n<meta property=\"og:locale\" content=\"en_GB\" \/>\n<meta property=\"og:type\" content=\"article\" \/>\n<meta property=\"og:title\" content=\"Anakin vs Obi-Wan Statue (Revenge of the Sith 20th Years Anniversary) \u2013 Star Wars \u2013 Art Scale 1\/10 \u2013 Iron Studios\" \/>\n<meta property=\"og:description\" content=\"\u00c5terskapa en av de mest ikoniska duellerna i Star Wars-historien med Anakin vs Obi-Wan \u2013 Art Scale 1\/10 fr\u00e5n Iron Studios. Denna diorama-staty f\u00e5ngar det avg\u00f6rande \u00f6gonblicket i Revenge of the Sith n\u00e4r Anakin Skywalker och Obi-Wan Kenobi m\u00f6ts i en intensitet fylld ljussabelstrid. Skulpteringen \u00e4r rik p\u00e5 r\u00f6relse och dynamik, med noggrant \u00e5tergivna detaljer [&hellip;]\" \/>\n<meta property=\"og:url\" content=\"https:\/\/animefigurer.se\/en\/figurer\/star-wars\/anakin-vs-obi-wan-statue-revenge-of-the-sith-20th-years-anniversary-star-wars-art-scale-1-10-iron-studios\/\" \/>\n<meta property=\"og:site_name\" content=\"Animefigurer.se\" \/>\n<meta property=\"article:publisher\" content=\"https:\/\/www.facebook.com\/profile.php?id=61581826539670\" \/>\n<meta property=\"article:modified_time\" content=\"2025-12-21T18:38:25+00:00\" \/>\n<meta property=\"og:image\" content=\"https:\/\/animefigurer.se\/wp-content\/uploads\/2025\/12\/White_E-Commerce_4eef2f2f-3714-4402-a0f4-3bbfac124269_1024x1024.webp\" \/>\n\t<meta property=\"og:image:width\" content=\"1000\" \/>\n\t<meta property=\"og:image:height\" content=\"1000\" \/>\n\t<meta property=\"og:image:type\" content=\"image\/webp\" \/>\n<meta name=\"twitter:card\" content=\"summary_large_image\" \/>\n<meta name=\"twitter:label1\" content=\"Estimated reading time\" \/>\n\t<meta name=\"twitter:data1\" content=\"1 minute\" \/>\n<script type=\"application\/ld+json\" class=\"yoast-schema-graph\">{\"@context\":\"https:\\\/\\\/schema.org\",\"@graph\":[{\"@type\":\"WebPage\",\"@id\":\"https:\\\/\\\/animefigurer.se\\\/figurer\\\/star-wars\\\/anakin-vs-obi-wan-statue-revenge-of-the-sith-20th-years-anniversary-star-wars-art-scale-1-10-iron-studios\\\/\",\"url\":\"https:\\\/\\\/animefigurer.se\\\/figurer\\\/star-wars\\\/anakin-vs-obi-wan-statue-revenge-of-the-sith-20th-years-anniversary-star-wars-art-scale-1-10-iron-studios\\\/\",\"name\":\"Anakin vs Obi-Wan Statue (Revenge of the Sith 20th Years Anniversary) \u2013 Star Wars \u2013 Art Scale 1\\\/10 \u2013 Iron Studios | Animefigurer.se\",\"isPartOf\":{\"@id\":\"https:\\\/\\\/animefigurer.se\\\/#website\"},\"primaryImageOfPage\":{\"@id\":\"https:\\\/\\\/animefigurer.se\\\/figurer\\\/star-wars\\\/anakin-vs-obi-wan-statue-revenge-of-the-sith-20th-years-anniversary-star-wars-art-scale-1-10-iron-studios\\\/#primaryimage\"},\"image\":{\"@id\":\"https:\\\/\\\/animefigurer.se\\\/figurer\\\/star-wars\\\/anakin-vs-obi-wan-statue-revenge-of-the-sith-20th-years-anniversary-star-wars-art-scale-1-10-iron-studios\\\/#primaryimage\"},\"thumbnailUrl\":\"https:\\\/\\\/animefigurer.se\\\/wp-content\\\/uploads\\\/2025\\\/12\\\/White_E-Commerce_4eef2f2f-3714-4402-a0f4-3bbfac124269_1024x1024.webp\",\"datePublished\":\"2025-12-07T13:48:27+00:00\",\"dateModified\":\"2025-12-21T18:38:25+00:00\",\"breadcrumb\":{\"@id\":\"https:\\\/\\\/animefigurer.se\\\/figurer\\\/star-wars\\\/anakin-vs-obi-wan-statue-revenge-of-the-sith-20th-years-anniversary-star-wars-art-scale-1-10-iron-studios\\\/#breadcrumb\"},\"inLanguage\":\"en-GB\",\"potentialAction\":[{\"@type\":\"ReadAction\",\"target\":[\"https:\\\/\\\/animefigurer.se\\\/figurer\\\/star-wars\\\/anakin-vs-obi-wan-statue-revenge-of-the-sith-20th-years-anniversary-star-wars-art-scale-1-10-iron-studios\\\/\"]}]},{\"@type\":\"ImageObject\",\"inLanguage\":\"en-GB\",\"@id\":\"https:\\\/\\\/animefigurer.se\\\/figurer\\\/star-wars\\\/anakin-vs-obi-wan-statue-revenge-of-the-sith-20th-years-anniversary-star-wars-art-scale-1-10-iron-studios\\\/#primaryimage\",\"url\":\"https:\\\/\\\/animefigurer.se\\\/wp-content\\\/uploads\\\/2025\\\/12\\\/White_E-Commerce_4eef2f2f-3714-4402-a0f4-3bbfac124269_1024x1024.webp\",\"contentUrl\":\"https:\\\/\\\/animefigurer.se\\\/wp-content\\\/uploads\\\/2025\\\/12\\\/White_E-Commerce_4eef2f2f-3714-4402-a0f4-3bbfac124269_1024x1024.webp\",\"width\":1000,\"height\":1000,\"caption\":\"Anakin vs Obi-Wan Statue (Revenge of the Sith 20th Years Anniversary) \u2013 Star Wars \u2013 Art Scale 1\\\/10 \u2013 Iron Studios\"},{\"@type\":\"BreadcrumbList\",\"@id\":\"https:\\\/\\\/animefigurer.se\\\/figurer\\\/star-wars\\\/anakin-vs-obi-wan-statue-revenge-of-the-sith-20th-years-anniversary-star-wars-art-scale-1-10-iron-studios\\\/#breadcrumb\",\"itemListElement\":[{\"@type\":\"ListItem\",\"position\":1,\"name\":\"Home\",\"item\":\"https:\\\/\\\/animefigurer.se\\\/\"},{\"@type\":\"ListItem\",\"position\":2,\"name\":\"Butik\",\"item\":\"https:\\\/\\\/animefigurer.se\\\/figurer\\\/\"},{\"@type\":\"ListItem\",\"position\":3,\"name\":\"Anakin vs Obi-Wan Statue (Revenge of the Sith 20th Years Anniversary) \u2013 Star Wars \u2013 Art Scale 1\\\/10 \u2013 Iron Studios\"}]},{\"@type\":\"WebSite\",\"@id\":\"https:\\\/\\\/animefigurer.se\\\/#website\",\"url\":\"https:\\\/\\\/animefigurer.se\\\/\",\"name\":\"Animefigurer.se\",\"description\":\"Anime figurer fr\u00e5n \u00f6ver 300 olika anime serier med \u00f6ver 9000 produkter | Anime Shop\",\"publisher\":{\"@id\":\"https:\\\/\\\/animefigurer.se\\\/#organization\"},\"potentialAction\":[{\"@type\":\"SearchAction\",\"target\":{\"@type\":\"EntryPoint\",\"urlTemplate\":\"https:\\\/\\\/animefigurer.se\\\/?s={search_term_string}\"},\"query-input\":{\"@type\":\"PropertyValueSpecification\",\"valueRequired\":true,\"valueName\":\"search_term_string\"}}],\"inLanguage\":\"en-GB\"},{\"@type\":\"Organization\",\"@id\":\"https:\\\/\\\/animefigurer.se\\\/#organization\",\"name\":\"Animefigurer.se\",\"alternateName\":\"Anime figurer | Anime shop\",\"url\":\"https:\\\/\\\/animefigurer.se\\\/\",\"logo\":{\"@type\":\"ImageObject\",\"inLanguage\":\"en-GB\",\"@id\":\"https:\\\/\\\/animefigurer.se\\\/#\\\/schema\\\/logo\\\/image\\\/\",\"url\":\"https:\\\/\\\/animefigurer.se\\\/wp-content\\\/uploads\\\/2025\\\/12\\\/Animefigurer_logowhite.png\",\"contentUrl\":\"https:\\\/\\\/animefigurer.se\\\/wp-content\\\/uploads\\\/2025\\\/12\\\/Animefigurer_logowhite.png\",\"width\":1890,\"height\":1417,\"caption\":\"Animefigurer.se\"},\"image\":{\"@id\":\"https:\\\/\\\/animefigurer.se\\\/#\\\/schema\\\/logo\\\/image\\\/\"},\"sameAs\":[\"https:\\\/\\\/www.facebook.com\\\/profile.php?id=61581826539670\",\"https:\\\/\\\/www.instagram.com\\\/animefigurer.se\\\/\"],\"email\":\"info@animefigurer.se\"}]}<\/script>\n<!-- \/ Yoast SEO Premium plugin. -->","yoast_head_json":{"title":"Anakin vs Obi-Wan Statue (Revenge of the Sith 20th Years Anniversary) \u2013 Star Wars \u2013 Art Scale 1\/10 \u2013 Iron Studios | Animefigurer.se","robots":{"index":"index","follow":"follow","max-snippet":"max-snippet:-1","max-image-preview":"max-image-preview:large","max-video-preview":"max-video-preview:-1"},"canonical":"https:\/\/animefigurer.se\/en\/figurer\/star-wars\/anakin-vs-obi-wan-statue-revenge-of-the-sith-20th-years-anniversary-star-wars-art-scale-1-10-iron-studios\/","og_locale":"en_GB","og_type":"article","og_title":"Anakin vs Obi-Wan Statue (Revenge of the Sith 20th Years Anniversary) \u2013 Star Wars \u2013 Art Scale 1\/10 \u2013 Iron Studios","og_description":"\u00c5terskapa en av de mest ikoniska duellerna i Star Wars-historien med Anakin vs Obi-Wan \u2013 Art Scale 1\/10 fr\u00e5n Iron Studios. Denna diorama-staty f\u00e5ngar det avg\u00f6rande \u00f6gonblicket i Revenge of the Sith n\u00e4r Anakin Skywalker och Obi-Wan Kenobi m\u00f6ts i en intensitet fylld ljussabelstrid. Skulpteringen \u00e4r rik p\u00e5 r\u00f6relse och dynamik, med noggrant \u00e5tergivna detaljer [&hellip;]","og_url":"https:\/\/animefigurer.se\/en\/figurer\/star-wars\/anakin-vs-obi-wan-statue-revenge-of-the-sith-20th-years-anniversary-star-wars-art-scale-1-10-iron-studios\/","og_site_name":"Animefigurer.se","article_publisher":"https:\/\/www.facebook.com\/profile.php?id=61581826539670","article_modified_time":"2025-12-21T18:38:25+00:00","og_image":[{"width":1000,"height":1000,"url":"https:\/\/animefigurer.se\/wp-content\/uploads\/2025\/12\/White_E-Commerce_4eef2f2f-3714-4402-a0f4-3bbfac124269_1024x1024.webp","type":"image\/webp"}],"twitter_card":"summary_large_image","twitter_misc":{"Estimated reading time":"1 minute"},"schema":{"@context":"https:\/\/schema.org","@graph":[{"@type":"WebPage","@id":"https:\/\/animefigurer.se\/figurer\/star-wars\/anakin-vs-obi-wan-statue-revenge-of-the-sith-20th-years-anniversary-star-wars-art-scale-1-10-iron-studios\/","url":"https:\/\/animefigurer.se\/figurer\/star-wars\/anakin-vs-obi-wan-statue-revenge-of-the-sith-20th-years-anniversary-star-wars-art-scale-1-10-iron-studios\/","name":"Anakin vs Obi-Wan Statue (Revenge of the Sith 20th Years Anniversary) \u2013 Star Wars \u2013 Art Scale 1\/10 \u2013 Iron Studios | Animefigurer.se","isPartOf":{"@id":"https:\/\/animefigurer.se\/#website"},"primaryImageOfPage":{"@id":"https:\/\/animefigurer.se\/figurer\/star-wars\/anakin-vs-obi-wan-statue-revenge-of-the-sith-20th-years-anniversary-star-wars-art-scale-1-10-iron-studios\/#primaryimage"},"image":{"@id":"https:\/\/animefigurer.se\/figurer\/star-wars\/anakin-vs-obi-wan-statue-revenge-of-the-sith-20th-years-anniversary-star-wars-art-scale-1-10-iron-studios\/#primaryimage"},"thumbnailUrl":"https:\/\/animefigurer.se\/wp-content\/uploads\/2025\/12\/White_E-Commerce_4eef2f2f-3714-4402-a0f4-3bbfac124269_1024x1024.webp","datePublished":"2025-12-07T13:48:27+00:00","dateModified":"2025-12-21T18:38:25+00:00","breadcrumb":{"@id":"https:\/\/animefigurer.se\/figurer\/star-wars\/anakin-vs-obi-wan-statue-revenge-of-the-sith-20th-years-anniversary-star-wars-art-scale-1-10-iron-studios\/#breadcrumb"},"inLanguage":"en-GB","potentialAction":[{"@type":"ReadAction","target":["https:\/\/animefigurer.se\/figurer\/star-wars\/anakin-vs-obi-wan-statue-revenge-of-the-sith-20th-years-anniversary-star-wars-art-scale-1-10-iron-studios\/"]}]},{"@type":"ImageObject","inLanguage":"en-GB","@id":"https:\/\/animefigurer.se\/figurer\/star-wars\/anakin-vs-obi-wan-statue-revenge-of-the-sith-20th-years-anniversary-star-wars-art-scale-1-10-iron-studios\/#primaryimage","url":"https:\/\/animefigurer.se\/wp-content\/uploads\/2025\/12\/White_E-Commerce_4eef2f2f-3714-4402-a0f4-3bbfac124269_1024x1024.webp","contentUrl":"https:\/\/animefigurer.se\/wp-content\/uploads\/2025\/12\/White_E-Commerce_4eef2f2f-3714-4402-a0f4-3bbfac124269_1024x1024.webp","width":1000,"height":1000,"caption":"Anakin vs Obi-Wan Statue (Revenge of the Sith 20th Years Anniversary) \u2013 Star Wars \u2013 Art Scale 1\/10 \u2013 Iron Studios"},{"@type":"BreadcrumbList","@id":"https:\/\/animefigurer.se\/figurer\/star-wars\/anakin-vs-obi-wan-statue-revenge-of-the-sith-20th-years-anniversary-star-wars-art-scale-1-10-iron-studios\/#breadcrumb","itemListElement":[{"@type":"ListItem","position":1,"name":"Home","item":"https:\/\/animefigurer.se\/"},{"@type":"ListItem","position":2,"name":"Butik","item":"https:\/\/animefigurer.se\/figurer\/"},{"@type":"ListItem","position":3,"name":"Anakin vs Obi-Wan Statue (Revenge of the Sith 20th Years Anniversary) \u2013 Star Wars \u2013 Art Scale 1\/10 \u2013 Iron Studios"}]},{"@type":"WebSite","@id":"https:\/\/animefigurer.se\/#website","url":"https:\/\/animefigurer.se\/","name":"Animefigurer.se","description":"Anime figures from over 300 different anime series with over 9000 products | Anime Shop","publisher":{"@id":"https:\/\/animefigurer.se\/#organization"},"potentialAction":[{"@type":"SearchAction","target":{"@type":"EntryPoint","urlTemplate":"https:\/\/animefigurer.se\/?s={search_term_string}"},"query-input":{"@type":"PropertyValueSpecification","valueRequired":true,"valueName":"search_term_string"}}],"inLanguage":"en-GB"},{"@type":"Organization","@id":"https:\/\/animefigurer.se\/#organization","name":"Animefigurer.se","alternateName":"Anime figurer | Anime shop","url":"https:\/\/animefigurer.se\/","logo":{"@type":"ImageObject","inLanguage":"en-GB","@id":"https:\/\/animefigurer.se\/#\/schema\/logo\/image\/","url":"https:\/\/animefigurer.se\/wp-content\/uploads\/2025\/12\/Animefigurer_logowhite.png","contentUrl":"https:\/\/animefigurer.se\/wp-content\/uploads\/2025\/12\/Animefigurer_logowhite.png","width":1890,"height":1417,"caption":"Animefigurer.se"},"image":{"@id":"https:\/\/animefigurer.se\/#\/schema\/logo\/image\/"},"sameAs":["https:\/\/www.facebook.com\/profile.php?id=61581826539670","https:\/\/www.instagram.com\/animefigurer.se\/"],"email":"info@animefigurer.se"}]}},"_links":{"self":[{"href":"https:\/\/animefigurer.se\/en\/wp-json\/wp\/v2\/product\/85512","targetHints":{"allow":["GET"]}}],"collection":[{"href":"https:\/\/animefigurer.se\/en\/wp-json\/wp\/v2\/product"}],"about":[{"href":"https:\/\/animefigurer.se\/en\/wp-json\/wp\/v2\/types\/product"}],"replies":[{"embeddable":true,"href":"https:\/\/animefigurer.se\/en\/wp-json\/wp\/v2\/comments?post=85512"}],"wp:featuredmedia":[{"embeddable":true,"href":"https:\/\/animefigurer.se\/en\/wp-json\/wp\/v2\/media\/85513"}],"wp:attachment":[{"href":"https:\/\/animefigurer.se\/en\/wp-json\/wp\/v2\/media?parent=85512"}],"wp:term":[{"taxonomy":"product_brand","embeddable":true,"href":"https:\/\/animefigurer.se\/en\/wp-json\/wp\/v2\/product_brand?post=85512"},{"taxonomy":"product_cat","embeddable":true,"href":"https:\/\/animefigurer.se\/en\/wp-json\/wp\/v2\/product_cat?post=85512"},{"taxonomy":"product_tag","embeddable":true,"href":"https:\/\/animefigurer.se\/en\/wp-json\/wp\/v2\/product_tag?post=85512"},{"taxonomy":"giftcard-category","embeddable":true,"href":"https:\/\/animefigurer.se\/en\/wp-json\/wp\/v2\/giftcard-category?post=85512"}],"curies":[{"name":"wp","href":"https:\/\/api.w.org\/{rel}","templated":true}]}}