{"id":85390,"date":"2025-12-06T18:35:51","date_gmt":"2025-12-06T17:35:51","guid":{"rendered":"https:\/\/animefigurer.se\/?post_type=product&#038;p=85390"},"modified":"2025-12-21T19:38:23","modified_gmt":"2025-12-21T18:38:23","slug":"re-zero-starting-life-in-another-world-relax-time-echidna","status":"publish","type":"product","link":"https:\/\/animefigurer.se\/en\/figurer\/rezero\/re-zero-starting-life-in-another-world-relax-time-echidna\/","title":{"rendered":"Re: Zero Starting Life In Another World Relax Time Echidna"},"content":{"rendered":"<p>Dream away to a peaceful moment with this collector&#039;s item: \u201cRelax Time Echidna\u201d from <em data-start=\"275\" data-end=\"317\">Re:Zero \u2013 Starting Life in Another World<\/em>. Echidna is shown in a relaxed, harmonious pose that captures her elegant yet gentle character \u2014 perfect for those looking to add a more subdued yet atmospheric figure to their collection. The figure comes in its original box (approx. 25.5 \u00d7 14.5 \u00d7 14.5 cm, weight approx. 440 g), ready to display straight away. An ideal addition for both new and experienced collectors looking for style, character and an extra touch of anime flair to their display.<\/p>","protected":false},"excerpt":{"rendered":"<p>Dr\u00f6m dig bort till en lugn stund med denna samlarp\u00e4rla: \u201cRelax Time Echidna\u201d fr\u00e5n Re:Zero \u2013 Starting Life in Another World. Echidna visas i en avslappnad, harmonisk pose som f\u00e5ngar hennes eleganta men \u00e4nd\u00e5 mjuka karakt\u00e4r \u2014 perfekt f\u00f6r dig som vill addera en mer nedtonad men \u00e4nd\u00e5 st\u00e4mningsfull figur till din samling. Figuren levereras [&hellip;]<\/p>\n","protected":false},"featured_media":85398,"comment_status":"open","ping_status":"closed","template":"","meta":{"_acf_changed":false,"_monsterinsights_skip_tracking":false,"_monsterinsights_sitenote_active":false,"_monsterinsights_sitenote_note":"","_monsterinsights_sitenote_category":0},"product_brand":[6924,6928],"product_cat":[4661],"product_tag":[25],"giftcard-category":[],"class_list":{"0":"post-85390","1":"product","2":"type-product","3":"status-publish","4":"has-post-thumbnail","6":"product_brand-bandai","7":"product_brand-banpresto","8":"product_cat-rezero","9":"product_tag-i-lager","10":"pa_franchise-rezero-starting-life-in-another-world","11":"pa_karaktar-echidna","12":"pa_produktserie-relax-time","14":"first","15":"instock","16":"taxable","17":"shipping-taxable","18":"purchasable","19":"product-type-simple"},"acf":[],"yoast_head":"<!-- This site is optimized with the Yoast SEO Premium plugin v24.6 (Yoast SEO v27.4) - https:\/\/yoast.com\/product\/yoast-seo-premium-wordpress\/ -->\n<title>Re: Zero Starting Life In Another World Relax Time Echidna | Animefigurer.se<\/title>\n<meta name=\"robots\" content=\"index, follow, max-snippet:-1, max-image-preview:large, max-video-preview:-1\" \/>\n<link rel=\"canonical\" href=\"https:\/\/animefigurer.se\/en\/figurer\/rezero\/re-zero-starting-life-in-another-world-relax-time-echidna\/\" \/>\n<meta property=\"og:locale\" content=\"en_GB\" \/>\n<meta property=\"og:type\" content=\"article\" \/>\n<meta property=\"og:title\" content=\"Re: Zero Starting Life In Another World Relax Time Echidna\" \/>\n<meta property=\"og:description\" content=\"Dr\u00f6m dig bort till en lugn stund med denna samlarp\u00e4rla: \u201cRelax Time Echidna\u201d fr\u00e5n Re:Zero \u2013 Starting Life in Another World. Echidna visas i en avslappnad, harmonisk pose som f\u00e5ngar hennes eleganta men \u00e4nd\u00e5 mjuka karakt\u00e4r \u2014 perfekt f\u00f6r dig som vill addera en mer nedtonad men \u00e4nd\u00e5 st\u00e4mningsfull figur till din samling. Figuren levereras [&hellip;]\" \/>\n<meta property=\"og:url\" content=\"https:\/\/animefigurer.se\/en\/figurer\/rezero\/re-zero-starting-life-in-another-world-relax-time-echidna\/\" \/>\n<meta property=\"og:site_name\" content=\"Animefigurer.se\" \/>\n<meta property=\"article:publisher\" content=\"https:\/\/www.facebook.com\/profile.php?id=61581826539670\" \/>\n<meta property=\"article:modified_time\" content=\"2025-12-21T18:38:23+00:00\" \/>\n<meta property=\"og:image\" content=\"https:\/\/animefigurer.se\/wp-content\/uploads\/2025\/12\/18072_4_1800x1800.webp\" \/>\n\t<meta property=\"og:image:width\" content=\"695\" \/>\n\t<meta property=\"og:image:height\" content=\"689\" \/>\n\t<meta property=\"og:image:type\" content=\"image\/webp\" \/>\n<meta name=\"twitter:card\" content=\"summary_large_image\" \/>\n<meta name=\"twitter:label1\" content=\"Estimated reading time\" \/>\n\t<meta name=\"twitter:data1\" content=\"1 minute\" \/>\n<script type=\"application\/ld+json\" class=\"yoast-schema-graph\">{\"@context\":\"https:\\\/\\\/schema.org\",\"@graph\":[{\"@type\":\"WebPage\",\"@id\":\"https:\\\/\\\/animefigurer.se\\\/figurer\\\/rezero\\\/re-zero-starting-life-in-another-world-relax-time-echidna\\\/\",\"url\":\"https:\\\/\\\/animefigurer.se\\\/figurer\\\/rezero\\\/re-zero-starting-life-in-another-world-relax-time-echidna\\\/\",\"name\":\"Re: Zero Starting Life In Another World Relax Time Echidna | Animefigurer.se\",\"isPartOf\":{\"@id\":\"https:\\\/\\\/animefigurer.se\\\/#website\"},\"primaryImageOfPage\":{\"@id\":\"https:\\\/\\\/animefigurer.se\\\/figurer\\\/rezero\\\/re-zero-starting-life-in-another-world-relax-time-echidna\\\/#primaryimage\"},\"image\":{\"@id\":\"https:\\\/\\\/animefigurer.se\\\/figurer\\\/rezero\\\/re-zero-starting-life-in-another-world-relax-time-echidna\\\/#primaryimage\"},\"thumbnailUrl\":\"https:\\\/\\\/animefigurer.se\\\/wp-content\\\/uploads\\\/2025\\\/12\\\/18072_4_1800x1800.webp\",\"datePublished\":\"2025-12-06T17:35:51+00:00\",\"dateModified\":\"2025-12-21T18:38:23+00:00\",\"breadcrumb\":{\"@id\":\"https:\\\/\\\/animefigurer.se\\\/figurer\\\/rezero\\\/re-zero-starting-life-in-another-world-relax-time-echidna\\\/#breadcrumb\"},\"inLanguage\":\"en-GB\",\"potentialAction\":[{\"@type\":\"ReadAction\",\"target\":[\"https:\\\/\\\/animefigurer.se\\\/figurer\\\/rezero\\\/re-zero-starting-life-in-another-world-relax-time-echidna\\\/\"]}]},{\"@type\":\"ImageObject\",\"inLanguage\":\"en-GB\",\"@id\":\"https:\\\/\\\/animefigurer.se\\\/figurer\\\/rezero\\\/re-zero-starting-life-in-another-world-relax-time-echidna\\\/#primaryimage\",\"url\":\"https:\\\/\\\/animefigurer.se\\\/wp-content\\\/uploads\\\/2025\\\/12\\\/18072_4_1800x1800.webp\",\"contentUrl\":\"https:\\\/\\\/animefigurer.se\\\/wp-content\\\/uploads\\\/2025\\\/12\\\/18072_4_1800x1800.webp\",\"width\":695,\"height\":689,\"caption\":\"Re: Zero Starting Life In Another World Relax Time Echidna\"},{\"@type\":\"BreadcrumbList\",\"@id\":\"https:\\\/\\\/animefigurer.se\\\/figurer\\\/rezero\\\/re-zero-starting-life-in-another-world-relax-time-echidna\\\/#breadcrumb\",\"itemListElement\":[{\"@type\":\"ListItem\",\"position\":1,\"name\":\"Home\",\"item\":\"https:\\\/\\\/animefigurer.se\\\/\"},{\"@type\":\"ListItem\",\"position\":2,\"name\":\"Butik\",\"item\":\"https:\\\/\\\/animefigurer.se\\\/figurer\\\/\"},{\"@type\":\"ListItem\",\"position\":3,\"name\":\"Re: Zero Starting Life In Another World Relax Time Echidna\"}]},{\"@type\":\"WebSite\",\"@id\":\"https:\\\/\\\/animefigurer.se\\\/#website\",\"url\":\"https:\\\/\\\/animefigurer.se\\\/\",\"name\":\"Animefigurer.se\",\"description\":\"Anime figurer fr\u00e5n \u00f6ver 300 olika anime serier med \u00f6ver 9000 produkter | Anime Shop\",\"publisher\":{\"@id\":\"https:\\\/\\\/animefigurer.se\\\/#organization\"},\"potentialAction\":[{\"@type\":\"SearchAction\",\"target\":{\"@type\":\"EntryPoint\",\"urlTemplate\":\"https:\\\/\\\/animefigurer.se\\\/?s={search_term_string}\"},\"query-input\":{\"@type\":\"PropertyValueSpecification\",\"valueRequired\":true,\"valueName\":\"search_term_string\"}}],\"inLanguage\":\"en-GB\"},{\"@type\":\"Organization\",\"@id\":\"https:\\\/\\\/animefigurer.se\\\/#organization\",\"name\":\"Animefigurer.se\",\"alternateName\":\"Anime figurer | Anime shop\",\"url\":\"https:\\\/\\\/animefigurer.se\\\/\",\"logo\":{\"@type\":\"ImageObject\",\"inLanguage\":\"en-GB\",\"@id\":\"https:\\\/\\\/animefigurer.se\\\/#\\\/schema\\\/logo\\\/image\\\/\",\"url\":\"https:\\\/\\\/animefigurer.se\\\/wp-content\\\/uploads\\\/2025\\\/12\\\/Animefigurer_logowhite.png\",\"contentUrl\":\"https:\\\/\\\/animefigurer.se\\\/wp-content\\\/uploads\\\/2025\\\/12\\\/Animefigurer_logowhite.png\",\"width\":1890,\"height\":1417,\"caption\":\"Animefigurer.se\"},\"image\":{\"@id\":\"https:\\\/\\\/animefigurer.se\\\/#\\\/schema\\\/logo\\\/image\\\/\"},\"sameAs\":[\"https:\\\/\\\/www.facebook.com\\\/profile.php?id=61581826539670\",\"https:\\\/\\\/www.instagram.com\\\/animefigurer.se\\\/\"],\"email\":\"info@animefigurer.se\"}]}<\/script>\n<!-- \/ Yoast SEO Premium plugin. -->","yoast_head_json":{"title":"Re: Zero Starting Life In Another World Relax Time Echidna | Animefigurer.se","robots":{"index":"index","follow":"follow","max-snippet":"max-snippet:-1","max-image-preview":"max-image-preview:large","max-video-preview":"max-video-preview:-1"},"canonical":"https:\/\/animefigurer.se\/en\/figurer\/rezero\/re-zero-starting-life-in-another-world-relax-time-echidna\/","og_locale":"en_GB","og_type":"article","og_title":"Re: Zero Starting Life In Another World Relax Time Echidna","og_description":"Dr\u00f6m dig bort till en lugn stund med denna samlarp\u00e4rla: \u201cRelax Time Echidna\u201d fr\u00e5n Re:Zero \u2013 Starting Life in Another World. Echidna visas i en avslappnad, harmonisk pose som f\u00e5ngar hennes eleganta men \u00e4nd\u00e5 mjuka karakt\u00e4r \u2014 perfekt f\u00f6r dig som vill addera en mer nedtonad men \u00e4nd\u00e5 st\u00e4mningsfull figur till din samling. Figuren levereras [&hellip;]","og_url":"https:\/\/animefigurer.se\/en\/figurer\/rezero\/re-zero-starting-life-in-another-world-relax-time-echidna\/","og_site_name":"Animefigurer.se","article_publisher":"https:\/\/www.facebook.com\/profile.php?id=61581826539670","article_modified_time":"2025-12-21T18:38:23+00:00","og_image":[{"width":695,"height":689,"url":"https:\/\/animefigurer.se\/wp-content\/uploads\/2025\/12\/18072_4_1800x1800.webp","type":"image\/webp"}],"twitter_card":"summary_large_image","twitter_misc":{"Estimated reading time":"1 minute"},"schema":{"@context":"https:\/\/schema.org","@graph":[{"@type":"WebPage","@id":"https:\/\/animefigurer.se\/figurer\/rezero\/re-zero-starting-life-in-another-world-relax-time-echidna\/","url":"https:\/\/animefigurer.se\/figurer\/rezero\/re-zero-starting-life-in-another-world-relax-time-echidna\/","name":"Re: Zero Starting Life In Another World Relax Time Echidna | Animefigurer.se","isPartOf":{"@id":"https:\/\/animefigurer.se\/#website"},"primaryImageOfPage":{"@id":"https:\/\/animefigurer.se\/figurer\/rezero\/re-zero-starting-life-in-another-world-relax-time-echidna\/#primaryimage"},"image":{"@id":"https:\/\/animefigurer.se\/figurer\/rezero\/re-zero-starting-life-in-another-world-relax-time-echidna\/#primaryimage"},"thumbnailUrl":"https:\/\/animefigurer.se\/wp-content\/uploads\/2025\/12\/18072_4_1800x1800.webp","datePublished":"2025-12-06T17:35:51+00:00","dateModified":"2025-12-21T18:38:23+00:00","breadcrumb":{"@id":"https:\/\/animefigurer.se\/figurer\/rezero\/re-zero-starting-life-in-another-world-relax-time-echidna\/#breadcrumb"},"inLanguage":"en-GB","potentialAction":[{"@type":"ReadAction","target":["https:\/\/animefigurer.se\/figurer\/rezero\/re-zero-starting-life-in-another-world-relax-time-echidna\/"]}]},{"@type":"ImageObject","inLanguage":"en-GB","@id":"https:\/\/animefigurer.se\/figurer\/rezero\/re-zero-starting-life-in-another-world-relax-time-echidna\/#primaryimage","url":"https:\/\/animefigurer.se\/wp-content\/uploads\/2025\/12\/18072_4_1800x1800.webp","contentUrl":"https:\/\/animefigurer.se\/wp-content\/uploads\/2025\/12\/18072_4_1800x1800.webp","width":695,"height":689,"caption":"Re: Zero Starting Life In Another World Relax Time Echidna"},{"@type":"BreadcrumbList","@id":"https:\/\/animefigurer.se\/figurer\/rezero\/re-zero-starting-life-in-another-world-relax-time-echidna\/#breadcrumb","itemListElement":[{"@type":"ListItem","position":1,"name":"Home","item":"https:\/\/animefigurer.se\/"},{"@type":"ListItem","position":2,"name":"Butik","item":"https:\/\/animefigurer.se\/figurer\/"},{"@type":"ListItem","position":3,"name":"Re: Zero Starting Life In Another World Relax Time Echidna"}]},{"@type":"WebSite","@id":"https:\/\/animefigurer.se\/#website","url":"https:\/\/animefigurer.se\/","name":"Animefigurer.se","description":"Anime figures from over 300 different anime series with over 9000 products | Anime Shop","publisher":{"@id":"https:\/\/animefigurer.se\/#organization"},"potentialAction":[{"@type":"SearchAction","target":{"@type":"EntryPoint","urlTemplate":"https:\/\/animefigurer.se\/?s={search_term_string}"},"query-input":{"@type":"PropertyValueSpecification","valueRequired":true,"valueName":"search_term_string"}}],"inLanguage":"en-GB"},{"@type":"Organization","@id":"https:\/\/animefigurer.se\/#organization","name":"Animefigurer.se","alternateName":"Anime figurer | Anime shop","url":"https:\/\/animefigurer.se\/","logo":{"@type":"ImageObject","inLanguage":"en-GB","@id":"https:\/\/animefigurer.se\/#\/schema\/logo\/image\/","url":"https:\/\/animefigurer.se\/wp-content\/uploads\/2025\/12\/Animefigurer_logowhite.png","contentUrl":"https:\/\/animefigurer.se\/wp-content\/uploads\/2025\/12\/Animefigurer_logowhite.png","width":1890,"height":1417,"caption":"Animefigurer.se"},"image":{"@id":"https:\/\/animefigurer.se\/#\/schema\/logo\/image\/"},"sameAs":["https:\/\/www.facebook.com\/profile.php?id=61581826539670","https:\/\/www.instagram.com\/animefigurer.se\/"],"email":"info@animefigurer.se"}]}},"_links":{"self":[{"href":"https:\/\/animefigurer.se\/en\/wp-json\/wp\/v2\/product\/85390","targetHints":{"allow":["GET"]}}],"collection":[{"href":"https:\/\/animefigurer.se\/en\/wp-json\/wp\/v2\/product"}],"about":[{"href":"https:\/\/animefigurer.se\/en\/wp-json\/wp\/v2\/types\/product"}],"replies":[{"embeddable":true,"href":"https:\/\/animefigurer.se\/en\/wp-json\/wp\/v2\/comments?post=85390"}],"wp:featuredmedia":[{"embeddable":true,"href":"https:\/\/animefigurer.se\/en\/wp-json\/wp\/v2\/media\/85398"}],"wp:attachment":[{"href":"https:\/\/animefigurer.se\/en\/wp-json\/wp\/v2\/media?parent=85390"}],"wp:term":[{"taxonomy":"product_brand","embeddable":true,"href":"https:\/\/animefigurer.se\/en\/wp-json\/wp\/v2\/product_brand?post=85390"},{"taxonomy":"product_cat","embeddable":true,"href":"https:\/\/animefigurer.se\/en\/wp-json\/wp\/v2\/product_cat?post=85390"},{"taxonomy":"product_tag","embeddable":true,"href":"https:\/\/animefigurer.se\/en\/wp-json\/wp\/v2\/product_tag?post=85390"},{"taxonomy":"giftcard-category","embeddable":true,"href":"https:\/\/animefigurer.se\/en\/wp-json\/wp\/v2\/giftcard-category?post=85390"}],"curies":[{"name":"wp","href":"https:\/\/api.w.org\/{rel}","templated":true}]}}