{"id":85154,"date":"2025-12-05T10:38:30","date_gmt":"2025-12-05T09:38:30","guid":{"rendered":"https:\/\/animefigurer.se\/?post_type=product&#038;p=85154"},"modified":"2025-12-21T19:38:21","modified_gmt":"2025-12-21T18:38:21","slug":"chainsaw-man-vibration-stars-power","status":"publish","type":"product","link":"https:\/\/animefigurer.se\/en\/figurer\/chainsaw-man\/chainsaw-man-vibration-stars-power\/","title":{"rendered":"Chainsaw Man Vibration Stars Power"},"content":{"rendered":"<p>Set the tone for your collection with this action-packed collectible figure: <strong data-start=\"61\" data-end=\"99\">Chainsaw Man Vibration Stars Power<\/strong>. The figure captures the energy of the series in a dramatic pose \u2014 perfect for fans of the raw and intense style. The figure comes in original cardboard (approx. 15.5 \u00d7 20 \u00d7 10 cm, weight approx. 280 g) and is ready to be put on the shelf immediately. An obvious addition for those who want to add a powerful and eye-catching piece to their collection \u2014 or for those who are building a complete \u201cVibration Stars\u201d series.<\/p>","protected":false},"excerpt":{"rendered":"<p>S\u00e4tt tonen i din samling med denna actionfyllda samlarfigur: Chainsaw Man Vibration Stars Power. Figuren f\u00e5ngar seriens energi i en dramatisk pose \u2014 perfekt f\u00f6r fans av den r\u00e5a och intensiva stilen. Figuren levereras i originalkartong (ca 15,5 \u00d7 20 \u00d7 10 cm, vikt ca 280 g) och \u00e4r redo att st\u00e4llas p\u00e5 hyllan direkt. [&hellip;]<\/p>\n","protected":false},"featured_media":85155,"comment_status":"open","ping_status":"closed","template":"","meta":{"_acf_changed":false,"_monsterinsights_skip_tracking":false,"_monsterinsights_sitenote_active":false,"_monsterinsights_sitenote_note":"","_monsterinsights_sitenote_category":0},"product_brand":[6926,6928],"product_cat":[1224],"product_tag":[25],"giftcard-category":[],"class_list":{"0":"post-85154","1":"product","2":"type-product","3":"status-publish","4":"has-post-thumbnail","6":"product_brand-bandai-namco","7":"product_brand-banpresto","8":"product_cat-chainsaw-man","9":"product_tag-i-lager","10":"pa_franchise-chainsaw-man","11":"pa_karaktar-power","12":"pa_produktserie-vibration-stars","13":"pa_storlek-12-cm","15":"first","16":"instock","17":"taxable","18":"shipping-taxable","19":"purchasable","20":"product-type-simple"},"acf":[],"yoast_head":"<!-- This site is optimized with the Yoast SEO Premium plugin v24.6 (Yoast SEO v27.3) - https:\/\/yoast.com\/product\/yoast-seo-premium-wordpress\/ -->\n<title>Chainsaw Man Vibration Stars Power | Animefigurer.se<\/title>\n<meta name=\"robots\" content=\"index, follow, max-snippet:-1, max-image-preview:large, max-video-preview:-1\" \/>\n<link rel=\"canonical\" href=\"https:\/\/animefigurer.se\/en\/figurer\/chainsaw-man\/chainsaw-man-vibration-stars-power\/\" \/>\n<meta property=\"og:locale\" content=\"en_GB\" \/>\n<meta property=\"og:type\" content=\"article\" \/>\n<meta property=\"og:title\" content=\"Chainsaw Man Vibration Stars Power\" \/>\n<meta property=\"og:description\" content=\"S\u00e4tt tonen i din samling med denna actionfyllda samlarfigur: Chainsaw Man Vibration Stars Power. Figuren f\u00e5ngar seriens energi i en dramatisk pose \u2014 perfekt f\u00f6r fans av den r\u00e5a och intensiva stilen. Figuren levereras i originalkartong (ca 15,5 \u00d7 20 \u00d7 10 cm, vikt ca 280 g) och \u00e4r redo att st\u00e4llas p\u00e5 hyllan direkt. [&hellip;]\" \/>\n<meta property=\"og:url\" content=\"https:\/\/animefigurer.se\/en\/figurer\/chainsaw-man\/chainsaw-man-vibration-stars-power\/\" \/>\n<meta property=\"og:site_name\" content=\"Animefigurer.se\" \/>\n<meta property=\"article:publisher\" content=\"https:\/\/www.facebook.com\/profile.php?id=61581826539670\" \/>\n<meta property=\"article:modified_time\" content=\"2025-12-21T18:38:21+00:00\" \/>\n<meta property=\"og:image\" content=\"https:\/\/animefigurer.se\/wp-content\/uploads\/2025\/12\/88144_1_1800x1800.webp\" \/>\n\t<meta property=\"og:image:width\" content=\"693\" \/>\n\t<meta property=\"og:image:height\" content=\"691\" \/>\n\t<meta property=\"og:image:type\" content=\"image\/webp\" \/>\n<meta name=\"twitter:card\" content=\"summary_large_image\" \/>\n<meta name=\"twitter:label1\" content=\"Estimated reading time\" \/>\n\t<meta name=\"twitter:data1\" content=\"1 minute\" \/>\n<script type=\"application\/ld+json\" class=\"yoast-schema-graph\">{\"@context\":\"https:\\\/\\\/schema.org\",\"@graph\":[{\"@type\":\"WebPage\",\"@id\":\"https:\\\/\\\/animefigurer.se\\\/figurer\\\/chainsaw-man\\\/chainsaw-man-vibration-stars-power\\\/\",\"url\":\"https:\\\/\\\/animefigurer.se\\\/figurer\\\/chainsaw-man\\\/chainsaw-man-vibration-stars-power\\\/\",\"name\":\"Chainsaw Man Vibration Stars Power | Animefigurer.se\",\"isPartOf\":{\"@id\":\"https:\\\/\\\/animefigurer.se\\\/#website\"},\"primaryImageOfPage\":{\"@id\":\"https:\\\/\\\/animefigurer.se\\\/figurer\\\/chainsaw-man\\\/chainsaw-man-vibration-stars-power\\\/#primaryimage\"},\"image\":{\"@id\":\"https:\\\/\\\/animefigurer.se\\\/figurer\\\/chainsaw-man\\\/chainsaw-man-vibration-stars-power\\\/#primaryimage\"},\"thumbnailUrl\":\"https:\\\/\\\/animefigurer.se\\\/wp-content\\\/uploads\\\/2025\\\/12\\\/88144_1_1800x1800.webp\",\"datePublished\":\"2025-12-05T09:38:30+00:00\",\"dateModified\":\"2025-12-21T18:38:21+00:00\",\"breadcrumb\":{\"@id\":\"https:\\\/\\\/animefigurer.se\\\/figurer\\\/chainsaw-man\\\/chainsaw-man-vibration-stars-power\\\/#breadcrumb\"},\"inLanguage\":\"en-GB\",\"potentialAction\":[{\"@type\":\"ReadAction\",\"target\":[\"https:\\\/\\\/animefigurer.se\\\/figurer\\\/chainsaw-man\\\/chainsaw-man-vibration-stars-power\\\/\"]}]},{\"@type\":\"ImageObject\",\"inLanguage\":\"en-GB\",\"@id\":\"https:\\\/\\\/animefigurer.se\\\/figurer\\\/chainsaw-man\\\/chainsaw-man-vibration-stars-power\\\/#primaryimage\",\"url\":\"https:\\\/\\\/animefigurer.se\\\/wp-content\\\/uploads\\\/2025\\\/12\\\/88144_1_1800x1800.webp\",\"contentUrl\":\"https:\\\/\\\/animefigurer.se\\\/wp-content\\\/uploads\\\/2025\\\/12\\\/88144_1_1800x1800.webp\",\"width\":693,\"height\":691,\"caption\":\"Chainsaw Man Vibration Stars Power\"},{\"@type\":\"BreadcrumbList\",\"@id\":\"https:\\\/\\\/animefigurer.se\\\/figurer\\\/chainsaw-man\\\/chainsaw-man-vibration-stars-power\\\/#breadcrumb\",\"itemListElement\":[{\"@type\":\"ListItem\",\"position\":1,\"name\":\"Home\",\"item\":\"https:\\\/\\\/animefigurer.se\\\/\"},{\"@type\":\"ListItem\",\"position\":2,\"name\":\"Butik\",\"item\":\"https:\\\/\\\/animefigurer.se\\\/figurer\\\/\"},{\"@type\":\"ListItem\",\"position\":3,\"name\":\"Chainsaw Man Vibration Stars Power\"}]},{\"@type\":\"WebSite\",\"@id\":\"https:\\\/\\\/animefigurer.se\\\/#website\",\"url\":\"https:\\\/\\\/animefigurer.se\\\/\",\"name\":\"Animefigurer.se\",\"description\":\"Anime figurer fr\u00e5n \u00f6ver 300 olika anime serier med \u00f6ver 9000 produkter | Anime Shop\",\"publisher\":{\"@id\":\"https:\\\/\\\/animefigurer.se\\\/#organization\"},\"potentialAction\":[{\"@type\":\"SearchAction\",\"target\":{\"@type\":\"EntryPoint\",\"urlTemplate\":\"https:\\\/\\\/animefigurer.se\\\/?s={search_term_string}\"},\"query-input\":{\"@type\":\"PropertyValueSpecification\",\"valueRequired\":true,\"valueName\":\"search_term_string\"}}],\"inLanguage\":\"en-GB\"},{\"@type\":\"Organization\",\"@id\":\"https:\\\/\\\/animefigurer.se\\\/#organization\",\"name\":\"Animefigurer.se\",\"alternateName\":\"Anime figurer | Anime shop\",\"url\":\"https:\\\/\\\/animefigurer.se\\\/\",\"logo\":{\"@type\":\"ImageObject\",\"inLanguage\":\"en-GB\",\"@id\":\"https:\\\/\\\/animefigurer.se\\\/#\\\/schema\\\/logo\\\/image\\\/\",\"url\":\"https:\\\/\\\/animefigurer.se\\\/wp-content\\\/uploads\\\/2025\\\/12\\\/Animefigurer_logowhite.png\",\"contentUrl\":\"https:\\\/\\\/animefigurer.se\\\/wp-content\\\/uploads\\\/2025\\\/12\\\/Animefigurer_logowhite.png\",\"width\":1890,\"height\":1417,\"caption\":\"Animefigurer.se\"},\"image\":{\"@id\":\"https:\\\/\\\/animefigurer.se\\\/#\\\/schema\\\/logo\\\/image\\\/\"},\"sameAs\":[\"https:\\\/\\\/www.facebook.com\\\/profile.php?id=61581826539670\",\"https:\\\/\\\/www.instagram.com\\\/animefigurer.se\\\/\"],\"email\":\"info@animefigurer.se\"}]}<\/script>\n<!-- \/ Yoast SEO Premium plugin. -->","yoast_head_json":{"title":"Chainsaw Man Vibration Stars Power | Animefigurer.se","robots":{"index":"index","follow":"follow","max-snippet":"max-snippet:-1","max-image-preview":"max-image-preview:large","max-video-preview":"max-video-preview:-1"},"canonical":"https:\/\/animefigurer.se\/en\/figurer\/chainsaw-man\/chainsaw-man-vibration-stars-power\/","og_locale":"en_GB","og_type":"article","og_title":"Chainsaw Man Vibration Stars Power","og_description":"S\u00e4tt tonen i din samling med denna actionfyllda samlarfigur: Chainsaw Man Vibration Stars Power. Figuren f\u00e5ngar seriens energi i en dramatisk pose \u2014 perfekt f\u00f6r fans av den r\u00e5a och intensiva stilen. Figuren levereras i originalkartong (ca 15,5 \u00d7 20 \u00d7 10 cm, vikt ca 280 g) och \u00e4r redo att st\u00e4llas p\u00e5 hyllan direkt. [&hellip;]","og_url":"https:\/\/animefigurer.se\/en\/figurer\/chainsaw-man\/chainsaw-man-vibration-stars-power\/","og_site_name":"Animefigurer.se","article_publisher":"https:\/\/www.facebook.com\/profile.php?id=61581826539670","article_modified_time":"2025-12-21T18:38:21+00:00","og_image":[{"width":693,"height":691,"url":"https:\/\/animefigurer.se\/wp-content\/uploads\/2025\/12\/88144_1_1800x1800.webp","type":"image\/webp"}],"twitter_card":"summary_large_image","twitter_misc":{"Estimated reading time":"1 minute"},"schema":{"@context":"https:\/\/schema.org","@graph":[{"@type":"WebPage","@id":"https:\/\/animefigurer.se\/figurer\/chainsaw-man\/chainsaw-man-vibration-stars-power\/","url":"https:\/\/animefigurer.se\/figurer\/chainsaw-man\/chainsaw-man-vibration-stars-power\/","name":"Chainsaw Man Vibration Stars Power | Animefigurer.se","isPartOf":{"@id":"https:\/\/animefigurer.se\/#website"},"primaryImageOfPage":{"@id":"https:\/\/animefigurer.se\/figurer\/chainsaw-man\/chainsaw-man-vibration-stars-power\/#primaryimage"},"image":{"@id":"https:\/\/animefigurer.se\/figurer\/chainsaw-man\/chainsaw-man-vibration-stars-power\/#primaryimage"},"thumbnailUrl":"https:\/\/animefigurer.se\/wp-content\/uploads\/2025\/12\/88144_1_1800x1800.webp","datePublished":"2025-12-05T09:38:30+00:00","dateModified":"2025-12-21T18:38:21+00:00","breadcrumb":{"@id":"https:\/\/animefigurer.se\/figurer\/chainsaw-man\/chainsaw-man-vibration-stars-power\/#breadcrumb"},"inLanguage":"en-GB","potentialAction":[{"@type":"ReadAction","target":["https:\/\/animefigurer.se\/figurer\/chainsaw-man\/chainsaw-man-vibration-stars-power\/"]}]},{"@type":"ImageObject","inLanguage":"en-GB","@id":"https:\/\/animefigurer.se\/figurer\/chainsaw-man\/chainsaw-man-vibration-stars-power\/#primaryimage","url":"https:\/\/animefigurer.se\/wp-content\/uploads\/2025\/12\/88144_1_1800x1800.webp","contentUrl":"https:\/\/animefigurer.se\/wp-content\/uploads\/2025\/12\/88144_1_1800x1800.webp","width":693,"height":691,"caption":"Chainsaw Man Vibration Stars Power"},{"@type":"BreadcrumbList","@id":"https:\/\/animefigurer.se\/figurer\/chainsaw-man\/chainsaw-man-vibration-stars-power\/#breadcrumb","itemListElement":[{"@type":"ListItem","position":1,"name":"Home","item":"https:\/\/animefigurer.se\/"},{"@type":"ListItem","position":2,"name":"Butik","item":"https:\/\/animefigurer.se\/figurer\/"},{"@type":"ListItem","position":3,"name":"Chainsaw Man Vibration Stars Power"}]},{"@type":"WebSite","@id":"https:\/\/animefigurer.se\/#website","url":"https:\/\/animefigurer.se\/","name":"Animefigurer.se","description":"Anime figures from over 300 different anime series with over 9000 products | Anime Shop","publisher":{"@id":"https:\/\/animefigurer.se\/#organization"},"potentialAction":[{"@type":"SearchAction","target":{"@type":"EntryPoint","urlTemplate":"https:\/\/animefigurer.se\/?s={search_term_string}"},"query-input":{"@type":"PropertyValueSpecification","valueRequired":true,"valueName":"search_term_string"}}],"inLanguage":"en-GB"},{"@type":"Organization","@id":"https:\/\/animefigurer.se\/#organization","name":"Animefigurer.se","alternateName":"Anime figurer | Anime shop","url":"https:\/\/animefigurer.se\/","logo":{"@type":"ImageObject","inLanguage":"en-GB","@id":"https:\/\/animefigurer.se\/#\/schema\/logo\/image\/","url":"https:\/\/animefigurer.se\/wp-content\/uploads\/2025\/12\/Animefigurer_logowhite.png","contentUrl":"https:\/\/animefigurer.se\/wp-content\/uploads\/2025\/12\/Animefigurer_logowhite.png","width":1890,"height":1417,"caption":"Animefigurer.se"},"image":{"@id":"https:\/\/animefigurer.se\/#\/schema\/logo\/image\/"},"sameAs":["https:\/\/www.facebook.com\/profile.php?id=61581826539670","https:\/\/www.instagram.com\/animefigurer.se\/"],"email":"info@animefigurer.se"}]}},"_links":{"self":[{"href":"https:\/\/animefigurer.se\/en\/wp-json\/wp\/v2\/product\/85154","targetHints":{"allow":["GET"]}}],"collection":[{"href":"https:\/\/animefigurer.se\/en\/wp-json\/wp\/v2\/product"}],"about":[{"href":"https:\/\/animefigurer.se\/en\/wp-json\/wp\/v2\/types\/product"}],"replies":[{"embeddable":true,"href":"https:\/\/animefigurer.se\/en\/wp-json\/wp\/v2\/comments?post=85154"}],"wp:featuredmedia":[{"embeddable":true,"href":"https:\/\/animefigurer.se\/en\/wp-json\/wp\/v2\/media\/85155"}],"wp:attachment":[{"href":"https:\/\/animefigurer.se\/en\/wp-json\/wp\/v2\/media?parent=85154"}],"wp:term":[{"taxonomy":"product_brand","embeddable":true,"href":"https:\/\/animefigurer.se\/en\/wp-json\/wp\/v2\/product_brand?post=85154"},{"taxonomy":"product_cat","embeddable":true,"href":"https:\/\/animefigurer.se\/en\/wp-json\/wp\/v2\/product_cat?post=85154"},{"taxonomy":"product_tag","embeddable":true,"href":"https:\/\/animefigurer.se\/en\/wp-json\/wp\/v2\/product_tag?post=85154"},{"taxonomy":"giftcard-category","embeddable":true,"href":"https:\/\/animefigurer.se\/en\/wp-json\/wp\/v2\/giftcard-category?post=85154"}],"curies":[{"name":"wp","href":"https:\/\/api.w.org\/{rel}","templated":true}]}}