{"id":84495,"date":"2025-12-01T11:47:15","date_gmt":"2025-12-01T10:47:15","guid":{"rendered":"https:\/\/animefigurer.se\/?post_type=product&#038;p=84495"},"modified":"2025-12-21T19:38:20","modified_gmt":"2025-12-21T18:38:20","slug":"deadpool-designer-collectible-bust","status":"publish","type":"product","link":"https:\/\/animefigurer.se\/en\/figurer\/marvel\/deadpool-designer-collectible-bust\/","title":{"rendered":"Deadpool Designer Collectible Bust"},"content":{"rendered":"<p data-start=\"0\" data-end=\"357\">Give your collection a unique, artistic touch with this special bust of <span class=\"hover:entity-accent entity-underline inline cursor-pointer align-baseline\"><span class=\"whitespace-normal\">Deadpool<\/span><\/span> \u2014 designed with strong inspiration from Mayan and Aztec art in a bold, urban expression. The detailed sculpting combines classic Deadpool attitude with golden accents and a stylish, cultural design language that stands out from the crowd.<\/p>\n<p data-start=\"359\" data-end=\"650\" data-is-last-node=\"\" data-is-only-node=\"\">This exclusive \u201cDesigner Collectible Bust\u201d is perfect for collectors looking for something more than just a regular figurine \u2014 a contemporary, visual work of art with attitude. Place it proudly on your shelf, gaming corner, or den for an eye-catcher that will truly stand out for Marvel fans with a sense of style.<\/p>","protected":false},"excerpt":{"rendered":"<p>Ge din samling ett unikt, konstn\u00e4rligt inslag med denna speciella buste av Deadpool \u2014 designad med stark inspiration fr\u00e5n maya- och aztek-konst i ett modigt, urbant uttryck. Den detaljrika skulpteringen kombinerar klassisk Deadpool-attityd med gyllene accenter och ett stilrent, kulturellt formspr\u00e5k som sticker ut fr\u00e5n m\u00e4ngden. Denna exklusiva \u201cDesigner Collectible Bust\u201d \u00e4r perfekt f\u00f6r samlare [&hellip;]<\/p>\n","protected":false},"featured_media":84496,"comment_status":"open","ping_status":"closed","template":"","meta":{"_acf_changed":false,"_monsterinsights_skip_tracking":false,"_monsterinsights_sitenote_active":false,"_monsterinsights_sitenote_note":"","_monsterinsights_sitenote_category":0},"product_brand":[7136],"product_cat":[3554,6879],"product_tag":[24],"giftcard-category":[],"class_list":{"0":"post-84495","1":"product","2":"type-product","3":"status-publish","4":"has-post-thumbnail","6":"product_brand-sideshow-collectibles","7":"product_cat-marvel","8":"product_cat-movie-room","9":"product_tag-2-3-weeks","10":"pa_franchise-marvel","11":"pa_karaktar-deadpool","12":"pa_material-vinyl","13":"pa_skala-379","15":"first","16":"instock","17":"taxable","18":"shipping-taxable","19":"purchasable","20":"product-type-simple"},"acf":[],"yoast_head":"<!-- This site is optimized with the Yoast SEO Premium plugin v24.6 (Yoast SEO v27.3) - https:\/\/yoast.com\/product\/yoast-seo-premium-wordpress\/ -->\n<title>Deadpool Designer Collectible Bust | Animefigurer.se<\/title>\n<meta name=\"robots\" content=\"index, follow, max-snippet:-1, max-image-preview:large, max-video-preview:-1\" \/>\n<link rel=\"canonical\" href=\"https:\/\/animefigurer.se\/en\/figurer\/marvel\/deadpool-designer-collectible-bust\/\" \/>\n<meta property=\"og:locale\" content=\"en_GB\" \/>\n<meta property=\"og:type\" content=\"article\" \/>\n<meta property=\"og:title\" content=\"Deadpool Designer Collectible Bust\" \/>\n<meta property=\"og:description\" content=\"Ge din samling ett unikt, konstn\u00e4rligt inslag med denna speciella buste av Deadpool \u2014 designad med stark inspiration fr\u00e5n maya- och aztek-konst i ett modigt, urbant uttryck. Den detaljrika skulpteringen kombinerar klassisk Deadpool-attityd med gyllene accenter och ett stilrent, kulturellt formspr\u00e5k som sticker ut fr\u00e5n m\u00e4ngden. Denna exklusiva \u201cDesigner Collectible Bust\u201d \u00e4r perfekt f\u00f6r samlare [&hellip;]\" \/>\n<meta property=\"og:url\" content=\"https:\/\/animefigurer.se\/en\/figurer\/marvel\/deadpool-designer-collectible-bust\/\" \/>\n<meta property=\"og:site_name\" content=\"Animefigurer.se\" \/>\n<meta property=\"article:publisher\" content=\"https:\/\/www.facebook.com\/profile.php?id=61581826539670\" \/>\n<meta property=\"article:modified_time\" content=\"2025-12-21T18:38:20+00:00\" \/>\n<meta property=\"og:image\" content=\"https:\/\/animefigurer.se\/wp-content\/uploads\/2025\/12\/deadpool_marvel_gallery_667e0d71.jpg\" \/>\n\t<meta property=\"og:image:width\" content=\"850\" \/>\n\t<meta property=\"og:image:height\" content=\"1275\" \/>\n\t<meta property=\"og:image:type\" content=\"image\/jpeg\" \/>\n<meta name=\"twitter:card\" content=\"summary_large_image\" \/>\n<meta name=\"twitter:label1\" content=\"Estimated reading time\" \/>\n\t<meta name=\"twitter:data1\" content=\"1 minute\" \/>\n<script type=\"application\/ld+json\" class=\"yoast-schema-graph\">{\"@context\":\"https:\\\/\\\/schema.org\",\"@graph\":[{\"@type\":\"WebPage\",\"@id\":\"https:\\\/\\\/animefigurer.se\\\/figurer\\\/marvel\\\/deadpool-designer-collectible-bust\\\/\",\"url\":\"https:\\\/\\\/animefigurer.se\\\/figurer\\\/marvel\\\/deadpool-designer-collectible-bust\\\/\",\"name\":\"Deadpool Designer Collectible Bust | Animefigurer.se\",\"isPartOf\":{\"@id\":\"https:\\\/\\\/animefigurer.se\\\/#website\"},\"primaryImageOfPage\":{\"@id\":\"https:\\\/\\\/animefigurer.se\\\/figurer\\\/marvel\\\/deadpool-designer-collectible-bust\\\/#primaryimage\"},\"image\":{\"@id\":\"https:\\\/\\\/animefigurer.se\\\/figurer\\\/marvel\\\/deadpool-designer-collectible-bust\\\/#primaryimage\"},\"thumbnailUrl\":\"https:\\\/\\\/animefigurer.se\\\/wp-content\\\/uploads\\\/2025\\\/12\\\/deadpool_marvel_gallery_667e0d71.jpg\",\"datePublished\":\"2025-12-01T10:47:15+00:00\",\"dateModified\":\"2025-12-21T18:38:20+00:00\",\"breadcrumb\":{\"@id\":\"https:\\\/\\\/animefigurer.se\\\/figurer\\\/marvel\\\/deadpool-designer-collectible-bust\\\/#breadcrumb\"},\"inLanguage\":\"en-GB\",\"potentialAction\":[{\"@type\":\"ReadAction\",\"target\":[\"https:\\\/\\\/animefigurer.se\\\/figurer\\\/marvel\\\/deadpool-designer-collectible-bust\\\/\"]}]},{\"@type\":\"ImageObject\",\"inLanguage\":\"en-GB\",\"@id\":\"https:\\\/\\\/animefigurer.se\\\/figurer\\\/marvel\\\/deadpool-designer-collectible-bust\\\/#primaryimage\",\"url\":\"https:\\\/\\\/animefigurer.se\\\/wp-content\\\/uploads\\\/2025\\\/12\\\/deadpool_marvel_gallery_667e0d71.jpg\",\"contentUrl\":\"https:\\\/\\\/animefigurer.se\\\/wp-content\\\/uploads\\\/2025\\\/12\\\/deadpool_marvel_gallery_667e0d71.jpg\",\"width\":850,\"height\":1275,\"caption\":\"Deadpool Designer Collectible Bust\"},{\"@type\":\"BreadcrumbList\",\"@id\":\"https:\\\/\\\/animefigurer.se\\\/figurer\\\/marvel\\\/deadpool-designer-collectible-bust\\\/#breadcrumb\",\"itemListElement\":[{\"@type\":\"ListItem\",\"position\":1,\"name\":\"Home\",\"item\":\"https:\\\/\\\/animefigurer.se\\\/\"},{\"@type\":\"ListItem\",\"position\":2,\"name\":\"Butik\",\"item\":\"https:\\\/\\\/animefigurer.se\\\/figurer\\\/\"},{\"@type\":\"ListItem\",\"position\":3,\"name\":\"Deadpool Designer Collectible Bust\"}]},{\"@type\":\"WebSite\",\"@id\":\"https:\\\/\\\/animefigurer.se\\\/#website\",\"url\":\"https:\\\/\\\/animefigurer.se\\\/\",\"name\":\"Animefigurer.se\",\"description\":\"Anime figurer fr\u00e5n \u00f6ver 300 olika anime serier med \u00f6ver 9000 produkter | Anime Shop\",\"publisher\":{\"@id\":\"https:\\\/\\\/animefigurer.se\\\/#organization\"},\"potentialAction\":[{\"@type\":\"SearchAction\",\"target\":{\"@type\":\"EntryPoint\",\"urlTemplate\":\"https:\\\/\\\/animefigurer.se\\\/?s={search_term_string}\"},\"query-input\":{\"@type\":\"PropertyValueSpecification\",\"valueRequired\":true,\"valueName\":\"search_term_string\"}}],\"inLanguage\":\"en-GB\"},{\"@type\":\"Organization\",\"@id\":\"https:\\\/\\\/animefigurer.se\\\/#organization\",\"name\":\"Animefigurer.se\",\"alternateName\":\"Anime figurer | Anime shop\",\"url\":\"https:\\\/\\\/animefigurer.se\\\/\",\"logo\":{\"@type\":\"ImageObject\",\"inLanguage\":\"en-GB\",\"@id\":\"https:\\\/\\\/animefigurer.se\\\/#\\\/schema\\\/logo\\\/image\\\/\",\"url\":\"https:\\\/\\\/animefigurer.se\\\/wp-content\\\/uploads\\\/2025\\\/12\\\/Animefigurer_logowhite.png\",\"contentUrl\":\"https:\\\/\\\/animefigurer.se\\\/wp-content\\\/uploads\\\/2025\\\/12\\\/Animefigurer_logowhite.png\",\"width\":1890,\"height\":1417,\"caption\":\"Animefigurer.se\"},\"image\":{\"@id\":\"https:\\\/\\\/animefigurer.se\\\/#\\\/schema\\\/logo\\\/image\\\/\"},\"sameAs\":[\"https:\\\/\\\/www.facebook.com\\\/profile.php?id=61581826539670\",\"https:\\\/\\\/www.instagram.com\\\/animefigurer.se\\\/\"],\"email\":\"info@animefigurer.se\"}]}<\/script>\n<!-- \/ Yoast SEO Premium plugin. -->","yoast_head_json":{"title":"Deadpool Designer Collectible Bust | Animefigurer.se","robots":{"index":"index","follow":"follow","max-snippet":"max-snippet:-1","max-image-preview":"max-image-preview:large","max-video-preview":"max-video-preview:-1"},"canonical":"https:\/\/animefigurer.se\/en\/figurer\/marvel\/deadpool-designer-collectible-bust\/","og_locale":"en_GB","og_type":"article","og_title":"Deadpool Designer Collectible Bust","og_description":"Ge din samling ett unikt, konstn\u00e4rligt inslag med denna speciella buste av Deadpool \u2014 designad med stark inspiration fr\u00e5n maya- och aztek-konst i ett modigt, urbant uttryck. Den detaljrika skulpteringen kombinerar klassisk Deadpool-attityd med gyllene accenter och ett stilrent, kulturellt formspr\u00e5k som sticker ut fr\u00e5n m\u00e4ngden. Denna exklusiva \u201cDesigner Collectible Bust\u201d \u00e4r perfekt f\u00f6r samlare [&hellip;]","og_url":"https:\/\/animefigurer.se\/en\/figurer\/marvel\/deadpool-designer-collectible-bust\/","og_site_name":"Animefigurer.se","article_publisher":"https:\/\/www.facebook.com\/profile.php?id=61581826539670","article_modified_time":"2025-12-21T18:38:20+00:00","og_image":[{"width":850,"height":1275,"url":"https:\/\/animefigurer.se\/wp-content\/uploads\/2025\/12\/deadpool_marvel_gallery_667e0d71.jpg","type":"image\/jpeg"}],"twitter_card":"summary_large_image","twitter_misc":{"Estimated reading time":"1 minute"},"schema":{"@context":"https:\/\/schema.org","@graph":[{"@type":"WebPage","@id":"https:\/\/animefigurer.se\/figurer\/marvel\/deadpool-designer-collectible-bust\/","url":"https:\/\/animefigurer.se\/figurer\/marvel\/deadpool-designer-collectible-bust\/","name":"Deadpool Designer Collectible Bust | Animefigurer.se","isPartOf":{"@id":"https:\/\/animefigurer.se\/#website"},"primaryImageOfPage":{"@id":"https:\/\/animefigurer.se\/figurer\/marvel\/deadpool-designer-collectible-bust\/#primaryimage"},"image":{"@id":"https:\/\/animefigurer.se\/figurer\/marvel\/deadpool-designer-collectible-bust\/#primaryimage"},"thumbnailUrl":"https:\/\/animefigurer.se\/wp-content\/uploads\/2025\/12\/deadpool_marvel_gallery_667e0d71.jpg","datePublished":"2025-12-01T10:47:15+00:00","dateModified":"2025-12-21T18:38:20+00:00","breadcrumb":{"@id":"https:\/\/animefigurer.se\/figurer\/marvel\/deadpool-designer-collectible-bust\/#breadcrumb"},"inLanguage":"en-GB","potentialAction":[{"@type":"ReadAction","target":["https:\/\/animefigurer.se\/figurer\/marvel\/deadpool-designer-collectible-bust\/"]}]},{"@type":"ImageObject","inLanguage":"en-GB","@id":"https:\/\/animefigurer.se\/figurer\/marvel\/deadpool-designer-collectible-bust\/#primaryimage","url":"https:\/\/animefigurer.se\/wp-content\/uploads\/2025\/12\/deadpool_marvel_gallery_667e0d71.jpg","contentUrl":"https:\/\/animefigurer.se\/wp-content\/uploads\/2025\/12\/deadpool_marvel_gallery_667e0d71.jpg","width":850,"height":1275,"caption":"Deadpool Designer Collectible Bust"},{"@type":"BreadcrumbList","@id":"https:\/\/animefigurer.se\/figurer\/marvel\/deadpool-designer-collectible-bust\/#breadcrumb","itemListElement":[{"@type":"ListItem","position":1,"name":"Home","item":"https:\/\/animefigurer.se\/"},{"@type":"ListItem","position":2,"name":"Butik","item":"https:\/\/animefigurer.se\/figurer\/"},{"@type":"ListItem","position":3,"name":"Deadpool Designer Collectible Bust"}]},{"@type":"WebSite","@id":"https:\/\/animefigurer.se\/#website","url":"https:\/\/animefigurer.se\/","name":"Animefigurer.se","description":"Anime figures from over 300 different anime series with over 9000 products | Anime Shop","publisher":{"@id":"https:\/\/animefigurer.se\/#organization"},"potentialAction":[{"@type":"SearchAction","target":{"@type":"EntryPoint","urlTemplate":"https:\/\/animefigurer.se\/?s={search_term_string}"},"query-input":{"@type":"PropertyValueSpecification","valueRequired":true,"valueName":"search_term_string"}}],"inLanguage":"en-GB"},{"@type":"Organization","@id":"https:\/\/animefigurer.se\/#organization","name":"Animefigurer.se","alternateName":"Anime figurer | Anime shop","url":"https:\/\/animefigurer.se\/","logo":{"@type":"ImageObject","inLanguage":"en-GB","@id":"https:\/\/animefigurer.se\/#\/schema\/logo\/image\/","url":"https:\/\/animefigurer.se\/wp-content\/uploads\/2025\/12\/Animefigurer_logowhite.png","contentUrl":"https:\/\/animefigurer.se\/wp-content\/uploads\/2025\/12\/Animefigurer_logowhite.png","width":1890,"height":1417,"caption":"Animefigurer.se"},"image":{"@id":"https:\/\/animefigurer.se\/#\/schema\/logo\/image\/"},"sameAs":["https:\/\/www.facebook.com\/profile.php?id=61581826539670","https:\/\/www.instagram.com\/animefigurer.se\/"],"email":"info@animefigurer.se"}]}},"_links":{"self":[{"href":"https:\/\/animefigurer.se\/en\/wp-json\/wp\/v2\/product\/84495","targetHints":{"allow":["GET"]}}],"collection":[{"href":"https:\/\/animefigurer.se\/en\/wp-json\/wp\/v2\/product"}],"about":[{"href":"https:\/\/animefigurer.se\/en\/wp-json\/wp\/v2\/types\/product"}],"replies":[{"embeddable":true,"href":"https:\/\/animefigurer.se\/en\/wp-json\/wp\/v2\/comments?post=84495"}],"wp:featuredmedia":[{"embeddable":true,"href":"https:\/\/animefigurer.se\/en\/wp-json\/wp\/v2\/media\/84496"}],"wp:attachment":[{"href":"https:\/\/animefigurer.se\/en\/wp-json\/wp\/v2\/media?parent=84495"}],"wp:term":[{"taxonomy":"product_brand","embeddable":true,"href":"https:\/\/animefigurer.se\/en\/wp-json\/wp\/v2\/product_brand?post=84495"},{"taxonomy":"product_cat","embeddable":true,"href":"https:\/\/animefigurer.se\/en\/wp-json\/wp\/v2\/product_cat?post=84495"},{"taxonomy":"product_tag","embeddable":true,"href":"https:\/\/animefigurer.se\/en\/wp-json\/wp\/v2\/product_tag?post=84495"},{"taxonomy":"giftcard-category","embeddable":true,"href":"https:\/\/animefigurer.se\/en\/wp-json\/wp\/v2\/giftcard-category?post=84495"}],"curies":[{"name":"wp","href":"https:\/\/api.w.org\/{rel}","templated":true}]}}