{"id":84468,"date":"2025-12-15T20:03:11","date_gmt":"2025-12-15T19:03:11","guid":{"rendered":"https:\/\/animefigurer.se\/?post_type=product&#038;p=84468"},"modified":"2026-01-01T18:19:22","modified_gmt":"2026-01-01T17:19:22","slug":"mystery-box-figur","status":"publish","type":"product","link":"https:\/\/animefigurer.se\/en\/figurer\/mystery-box\/mystery-box-figur\/","title":{"rendered":"Mystery Box \/ Figure \u2013 Small"},"content":{"rendered":"<p data-start=\"70\" data-end=\"455\">A <strong data-start=\"73\" data-end=\"105\">mystery box with anime characters<\/strong> is a fun and exciting way to build your collection without knowing exactly what you&#039;re getting. You order a box, open it, and discover what figures, themes, or characters are hiding inside. For many anime fans, it&#039;s the surprise that makes the experience extra fun - like getting a real-life &quot;loot drop,&quot; but with merch you actually want.<\/p>\n<p data-start=\"457\" data-end=\"657\">Whether you collect figures from sh\u014dnen, isekai, slice of life or classic series, a mystery box can give you new favorites and also help you find figures you wouldn&#039;t have otherwise chosen yourself.<br \/>\n<em><strong>The figures in the Mystery box Small are between 12-22CM<br \/>\nValue estimated between 400-600 SEK<\/strong><\/em><\/p>","protected":false},"excerpt":{"rendered":"<p>En mystery box med animefigurer \u00e4r ett roligt och sp\u00e4nnande s\u00e4tt att bygga din samling utan att veta exakt vad du f\u00e5r. Du best\u00e4ller en box, \u00f6ppnar den och uppt\u00e4cker vilka figurer, teman eller karakt\u00e4rer som g\u00f6mmer sig inuti. F\u00f6r m\u00e5nga animefans \u00e4r det just \u00f6verraskningen som g\u00f6r upplevelsen extra kul \u2013 som att f\u00e5 [&hellip;]<\/p>\n","protected":false},"featured_media":85679,"comment_status":"open","ping_status":"closed","template":"","meta":{"_acf_changed":false,"_monsterinsights_skip_tracking":false,"_monsterinsights_sitenote_active":false,"_monsterinsights_sitenote_note":"","_monsterinsights_sitenote_category":0},"product_brand":[],"product_cat":[7334],"product_tag":[],"giftcard-category":[],"class_list":{"0":"post-84468","1":"product","2":"type-product","3":"status-publish","4":"has-post-thumbnail","6":"product_cat-mystery-box","8":"first","9":"instock","10":"taxable","11":"shipping-taxable","12":"purchasable","13":"product-type-simple"},"acf":[],"yoast_head":"<!-- This site is optimized with the Yoast SEO Premium plugin v24.6 (Yoast SEO v27.3) - https:\/\/yoast.com\/product\/yoast-seo-premium-wordpress\/ -->\n<title>Mystery Box \/ Figure - Small | Animefigurer.se<\/title>\n<meta name=\"robots\" content=\"index, follow, max-snippet:-1, max-image-preview:large, max-video-preview:-1\" \/>\n<link rel=\"canonical\" href=\"https:\/\/animefigurer.se\/en\/figurer\/mystery-box\/mystery-box-figur\/\" \/>\n<meta property=\"og:locale\" content=\"en_GB\" \/>\n<meta property=\"og:type\" content=\"article\" \/>\n<meta property=\"og:title\" content=\"Mystery Box \/ Figure - Small\" \/>\n<meta property=\"og:description\" content=\"En mystery box med animefigurer \u00e4r ett roligt och sp\u00e4nnande s\u00e4tt att bygga din samling utan att veta exakt vad du f\u00e5r. Du best\u00e4ller en box, \u00f6ppnar den och uppt\u00e4cker vilka figurer, teman eller karakt\u00e4rer som g\u00f6mmer sig inuti. F\u00f6r m\u00e5nga animefans \u00e4r det just \u00f6verraskningen som g\u00f6r upplevelsen extra kul \u2013 som att f\u00e5 [&hellip;]\" \/>\n<meta property=\"og:url\" content=\"https:\/\/animefigurer.se\/en\/figurer\/mystery-box\/mystery-box-figur\/\" \/>\n<meta property=\"og:site_name\" content=\"Animefigurer.se\" \/>\n<meta property=\"article:publisher\" content=\"https:\/\/www.facebook.com\/profile.php?id=61581826539670\" \/>\n<meta property=\"article:modified_time\" content=\"2026-01-01T17:19:22+00:00\" \/>\n<meta property=\"og:image\" content=\"https:\/\/animefigurer.se\/wp-content\/uploads\/2025\/12\/gift-box-card-1-1024x901.png\" \/>\n\t<meta property=\"og:image:width\" content=\"1024\" \/>\n\t<meta property=\"og:image:height\" content=\"901\" \/>\n\t<meta property=\"og:image:type\" content=\"image\/png\" \/>\n<meta name=\"twitter:card\" content=\"summary_large_image\" \/>\n<meta name=\"twitter:label1\" content=\"Estimated reading time\" \/>\n\t<meta name=\"twitter:data1\" content=\"1 minute\" \/>\n<script type=\"application\/ld+json\" class=\"yoast-schema-graph\">{\"@context\":\"https:\\\/\\\/schema.org\",\"@graph\":[{\"@type\":\"WebPage\",\"@id\":\"https:\\\/\\\/animefigurer.se\\\/figurer\\\/mystery-box\\\/mystery-box-figur\\\/\",\"url\":\"https:\\\/\\\/animefigurer.se\\\/figurer\\\/mystery-box\\\/mystery-box-figur\\\/\",\"name\":\"Mystery Box \\\/ Figure - Small | Animefigurer.se\",\"isPartOf\":{\"@id\":\"https:\\\/\\\/animefigurer.se\\\/#website\"},\"primaryImageOfPage\":{\"@id\":\"https:\\\/\\\/animefigurer.se\\\/figurer\\\/mystery-box\\\/mystery-box-figur\\\/#primaryimage\"},\"image\":{\"@id\":\"https:\\\/\\\/animefigurer.se\\\/figurer\\\/mystery-box\\\/mystery-box-figur\\\/#primaryimage\"},\"thumbnailUrl\":\"https:\\\/\\\/animefigurer.se\\\/wp-content\\\/uploads\\\/2025\\\/12\\\/gift-box-card-1-scaled.png\",\"datePublished\":\"2025-12-15T19:03:11+00:00\",\"dateModified\":\"2026-01-01T17:19:22+00:00\",\"breadcrumb\":{\"@id\":\"https:\\\/\\\/animefigurer.se\\\/figurer\\\/mystery-box\\\/mystery-box-figur\\\/#breadcrumb\"},\"inLanguage\":\"en-GB\",\"potentialAction\":[{\"@type\":\"ReadAction\",\"target\":[\"https:\\\/\\\/animefigurer.se\\\/figurer\\\/mystery-box\\\/mystery-box-figur\\\/\"]}]},{\"@type\":\"ImageObject\",\"inLanguage\":\"en-GB\",\"@id\":\"https:\\\/\\\/animefigurer.se\\\/figurer\\\/mystery-box\\\/mystery-box-figur\\\/#primaryimage\",\"url\":\"https:\\\/\\\/animefigurer.se\\\/wp-content\\\/uploads\\\/2025\\\/12\\\/gift-box-card-1-scaled.png\",\"contentUrl\":\"https:\\\/\\\/animefigurer.se\\\/wp-content\\\/uploads\\\/2025\\\/12\\\/gift-box-card-1-scaled.png\",\"width\":2560,\"height\":2253},{\"@type\":\"BreadcrumbList\",\"@id\":\"https:\\\/\\\/animefigurer.se\\\/figurer\\\/mystery-box\\\/mystery-box-figur\\\/#breadcrumb\",\"itemListElement\":[{\"@type\":\"ListItem\",\"position\":1,\"name\":\"Home\",\"item\":\"https:\\\/\\\/animefigurer.se\\\/\"},{\"@type\":\"ListItem\",\"position\":2,\"name\":\"Butik\",\"item\":\"https:\\\/\\\/animefigurer.se\\\/figurer\\\/\"},{\"@type\":\"ListItem\",\"position\":3,\"name\":\"Mystery Box \\\/ Figure &#8211; Small\"}]},{\"@type\":\"WebSite\",\"@id\":\"https:\\\/\\\/animefigurer.se\\\/#website\",\"url\":\"https:\\\/\\\/animefigurer.se\\\/\",\"name\":\"Animefigurer.se\",\"description\":\"Anime figurer fr\u00e5n \u00f6ver 300 olika anime serier med \u00f6ver 9000 produkter | Anime Shop\",\"publisher\":{\"@id\":\"https:\\\/\\\/animefigurer.se\\\/#organization\"},\"potentialAction\":[{\"@type\":\"SearchAction\",\"target\":{\"@type\":\"EntryPoint\",\"urlTemplate\":\"https:\\\/\\\/animefigurer.se\\\/?s={search_term_string}\"},\"query-input\":{\"@type\":\"PropertyValueSpecification\",\"valueRequired\":true,\"valueName\":\"search_term_string\"}}],\"inLanguage\":\"en-GB\"},{\"@type\":\"Organization\",\"@id\":\"https:\\\/\\\/animefigurer.se\\\/#organization\",\"name\":\"Animefigurer.se\",\"alternateName\":\"Anime figurer | Anime shop\",\"url\":\"https:\\\/\\\/animefigurer.se\\\/\",\"logo\":{\"@type\":\"ImageObject\",\"inLanguage\":\"en-GB\",\"@id\":\"https:\\\/\\\/animefigurer.se\\\/#\\\/schema\\\/logo\\\/image\\\/\",\"url\":\"https:\\\/\\\/animefigurer.se\\\/wp-content\\\/uploads\\\/2025\\\/12\\\/Animefigurer_logowhite.png\",\"contentUrl\":\"https:\\\/\\\/animefigurer.se\\\/wp-content\\\/uploads\\\/2025\\\/12\\\/Animefigurer_logowhite.png\",\"width\":1890,\"height\":1417,\"caption\":\"Animefigurer.se\"},\"image\":{\"@id\":\"https:\\\/\\\/animefigurer.se\\\/#\\\/schema\\\/logo\\\/image\\\/\"},\"sameAs\":[\"https:\\\/\\\/www.facebook.com\\\/profile.php?id=61581826539670\",\"https:\\\/\\\/www.instagram.com\\\/animefigurer.se\\\/\"],\"email\":\"info@animefigurer.se\"}]}<\/script>\n<!-- \/ Yoast SEO Premium plugin. -->","yoast_head_json":{"title":"Mystery Box \/ Figure - Small | Animefigurer.se","robots":{"index":"index","follow":"follow","max-snippet":"max-snippet:-1","max-image-preview":"max-image-preview:large","max-video-preview":"max-video-preview:-1"},"canonical":"https:\/\/animefigurer.se\/en\/figurer\/mystery-box\/mystery-box-figur\/","og_locale":"en_GB","og_type":"article","og_title":"Mystery Box \/ Figure - Small","og_description":"En mystery box med animefigurer \u00e4r ett roligt och sp\u00e4nnande s\u00e4tt att bygga din samling utan att veta exakt vad du f\u00e5r. Du best\u00e4ller en box, \u00f6ppnar den och uppt\u00e4cker vilka figurer, teman eller karakt\u00e4rer som g\u00f6mmer sig inuti. F\u00f6r m\u00e5nga animefans \u00e4r det just \u00f6verraskningen som g\u00f6r upplevelsen extra kul \u2013 som att f\u00e5 [&hellip;]","og_url":"https:\/\/animefigurer.se\/en\/figurer\/mystery-box\/mystery-box-figur\/","og_site_name":"Animefigurer.se","article_publisher":"https:\/\/www.facebook.com\/profile.php?id=61581826539670","article_modified_time":"2026-01-01T17:19:22+00:00","og_image":[{"width":1024,"height":901,"url":"https:\/\/animefigurer.se\/wp-content\/uploads\/2025\/12\/gift-box-card-1-1024x901.png","type":"image\/png"}],"twitter_card":"summary_large_image","twitter_misc":{"Estimated reading time":"1 minute"},"schema":{"@context":"https:\/\/schema.org","@graph":[{"@type":"WebPage","@id":"https:\/\/animefigurer.se\/figurer\/mystery-box\/mystery-box-figur\/","url":"https:\/\/animefigurer.se\/figurer\/mystery-box\/mystery-box-figur\/","name":"Mystery Box \/ Figure - Small | Animefigurer.se","isPartOf":{"@id":"https:\/\/animefigurer.se\/#website"},"primaryImageOfPage":{"@id":"https:\/\/animefigurer.se\/figurer\/mystery-box\/mystery-box-figur\/#primaryimage"},"image":{"@id":"https:\/\/animefigurer.se\/figurer\/mystery-box\/mystery-box-figur\/#primaryimage"},"thumbnailUrl":"https:\/\/animefigurer.se\/wp-content\/uploads\/2025\/12\/gift-box-card-1-scaled.png","datePublished":"2025-12-15T19:03:11+00:00","dateModified":"2026-01-01T17:19:22+00:00","breadcrumb":{"@id":"https:\/\/animefigurer.se\/figurer\/mystery-box\/mystery-box-figur\/#breadcrumb"},"inLanguage":"en-GB","potentialAction":[{"@type":"ReadAction","target":["https:\/\/animefigurer.se\/figurer\/mystery-box\/mystery-box-figur\/"]}]},{"@type":"ImageObject","inLanguage":"en-GB","@id":"https:\/\/animefigurer.se\/figurer\/mystery-box\/mystery-box-figur\/#primaryimage","url":"https:\/\/animefigurer.se\/wp-content\/uploads\/2025\/12\/gift-box-card-1-scaled.png","contentUrl":"https:\/\/animefigurer.se\/wp-content\/uploads\/2025\/12\/gift-box-card-1-scaled.png","width":2560,"height":2253},{"@type":"BreadcrumbList","@id":"https:\/\/animefigurer.se\/figurer\/mystery-box\/mystery-box-figur\/#breadcrumb","itemListElement":[{"@type":"ListItem","position":1,"name":"Home","item":"https:\/\/animefigurer.se\/"},{"@type":"ListItem","position":2,"name":"Butik","item":"https:\/\/animefigurer.se\/figurer\/"},{"@type":"ListItem","position":3,"name":"Mystery Box \/ Figure &#8211; Small"}]},{"@type":"WebSite","@id":"https:\/\/animefigurer.se\/#website","url":"https:\/\/animefigurer.se\/","name":"Animefigurer.se","description":"Anime figures from over 300 different anime series with over 9000 products | Anime Shop","publisher":{"@id":"https:\/\/animefigurer.se\/#organization"},"potentialAction":[{"@type":"SearchAction","target":{"@type":"EntryPoint","urlTemplate":"https:\/\/animefigurer.se\/?s={search_term_string}"},"query-input":{"@type":"PropertyValueSpecification","valueRequired":true,"valueName":"search_term_string"}}],"inLanguage":"en-GB"},{"@type":"Organization","@id":"https:\/\/animefigurer.se\/#organization","name":"Animefigurer.se","alternateName":"Anime figurer | Anime shop","url":"https:\/\/animefigurer.se\/","logo":{"@type":"ImageObject","inLanguage":"en-GB","@id":"https:\/\/animefigurer.se\/#\/schema\/logo\/image\/","url":"https:\/\/animefigurer.se\/wp-content\/uploads\/2025\/12\/Animefigurer_logowhite.png","contentUrl":"https:\/\/animefigurer.se\/wp-content\/uploads\/2025\/12\/Animefigurer_logowhite.png","width":1890,"height":1417,"caption":"Animefigurer.se"},"image":{"@id":"https:\/\/animefigurer.se\/#\/schema\/logo\/image\/"},"sameAs":["https:\/\/www.facebook.com\/profile.php?id=61581826539670","https:\/\/www.instagram.com\/animefigurer.se\/"],"email":"info@animefigurer.se"}]}},"_links":{"self":[{"href":"https:\/\/animefigurer.se\/en\/wp-json\/wp\/v2\/product\/84468","targetHints":{"allow":["GET"]}}],"collection":[{"href":"https:\/\/animefigurer.se\/en\/wp-json\/wp\/v2\/product"}],"about":[{"href":"https:\/\/animefigurer.se\/en\/wp-json\/wp\/v2\/types\/product"}],"replies":[{"embeddable":true,"href":"https:\/\/animefigurer.se\/en\/wp-json\/wp\/v2\/comments?post=84468"}],"wp:featuredmedia":[{"embeddable":true,"href":"https:\/\/animefigurer.se\/en\/wp-json\/wp\/v2\/media\/85679"}],"wp:attachment":[{"href":"https:\/\/animefigurer.se\/en\/wp-json\/wp\/v2\/media?parent=84468"}],"wp:term":[{"taxonomy":"product_brand","embeddable":true,"href":"https:\/\/animefigurer.se\/en\/wp-json\/wp\/v2\/product_brand?post=84468"},{"taxonomy":"product_cat","embeddable":true,"href":"https:\/\/animefigurer.se\/en\/wp-json\/wp\/v2\/product_cat?post=84468"},{"taxonomy":"product_tag","embeddable":true,"href":"https:\/\/animefigurer.se\/en\/wp-json\/wp\/v2\/product_tag?post=84468"},{"taxonomy":"giftcard-category","embeddable":true,"href":"https:\/\/animefigurer.se\/en\/wp-json\/wp\/v2\/giftcard-category?post=84468"}],"curies":[{"name":"wp","href":"https:\/\/api.w.org\/{rel}","templated":true}]}}