{"id":84452,"date":"2025-11-29T14:01:22","date_gmt":"2025-11-29T13:01:22","guid":{"rendered":"https:\/\/animefigurer.se\/?post_type=product&#038;p=84452"},"modified":"2026-03-30T13:14:33","modified_gmt":"2026-03-30T11:14:33","slug":"rezero-starting-life-in-another-world-relax-time-elsa-granhiert","status":"publish","type":"product","link":"https:\/\/animefigurer.se\/en\/figurer\/rezero\/rezero-starting-life-in-another-world-relax-time-elsa-granhiert\/","title":{"rendered":"Re:Zero Starting Life In Another World Relax Time Elsa Granhiert"},"content":{"rendered":"<p>Set the mood in your collection with this vibrant figure: <strong data-start=\"130\" data-end=\"178\">One Piece DXF The Grandline Lady Vol.27 Nami<\/strong>. Nami appears with characteristic style \u2013 perfectly captured in an elegant pose with carefully rendered outfit and attitude. The figure is delivered in original cardboard (approx. 18.5 \u00d7 12.5 \u00d7 9.5 cm, weight approx. 200 g) and is ready to adorn your shelf straight away. A fantastic detail for serious fans or those building complete collector&#039;s series \u2013 a must for all collectors of One Piece figures.<\/p>","protected":false},"excerpt":{"rendered":"<p>S\u00e4tt st\u00e4mningen i din samling med denna livfulla figur: One Piece DXF The Grandline Lady Vol.27 Nami. Nami framtr\u00e4der med karakt\u00e4ristisk stil \u2013 perfekt f\u00e5ngad i en elegant pose med noggrant \u00e5tergiven outfit och attityd. Figuren levereras i originalkartong (ca 18,5 \u00d7 12,5 \u00d7 9,5 cm, vikt ca 200 g) och \u00e4r redo att pryda [&hellip;]<\/p>\n","protected":false},"featured_media":84453,"comment_status":"open","ping_status":"closed","template":"","meta":{"_acf_changed":false,"_monsterinsights_skip_tracking":false,"_monsterinsights_sitenote_active":false,"_monsterinsights_sitenote_note":"","_monsterinsights_sitenote_category":0},"product_brand":[6924,6928],"product_cat":[4661],"product_tag":[25],"giftcard-category":[],"class_list":{"0":"post-84452","1":"product","2":"type-product","3":"status-publish","4":"has-post-thumbnail","6":"product_brand-bandai","7":"product_brand-banpresto","8":"product_cat-rezero","9":"product_tag-i-lager","10":"pa_franchise-rezero","11":"pa_franchise-rezero-starting-life-in-another-world","12":"pa_karaktar-elsa-granhiert","13":"pa_produktserie-relax-time","15":"first","16":"instock","17":"taxable","18":"shipping-taxable","19":"purchasable","20":"product-type-simple"},"acf":[],"yoast_head":"<!-- This site is optimized with the Yoast SEO Premium plugin v24.6 (Yoast SEO v27.4) - https:\/\/yoast.com\/product\/yoast-seo-premium-wordpress\/ -->\n<title>Re:Zero Starting Life In Another World Relax Time Elsa Granhiert | Animefigurer.se<\/title>\n<meta name=\"robots\" content=\"index, follow, max-snippet:-1, max-image-preview:large, max-video-preview:-1\" \/>\n<link rel=\"canonical\" href=\"https:\/\/animefigurer.se\/en\/figurer\/rezero\/rezero-starting-life-in-another-world-relax-time-elsa-granhiert\/\" \/>\n<meta property=\"og:locale\" content=\"en_GB\" \/>\n<meta property=\"og:type\" content=\"article\" \/>\n<meta property=\"og:title\" content=\"Re:Zero Starting Life In Another World Relax Time Elsa Granhiert\" \/>\n<meta property=\"og:description\" content=\"S\u00e4tt st\u00e4mningen i din samling med denna livfulla figur: One Piece DXF The Grandline Lady Vol.27 Nami. Nami framtr\u00e4der med karakt\u00e4ristisk stil \u2013 perfekt f\u00e5ngad i en elegant pose med noggrant \u00e5tergiven outfit och attityd. Figuren levereras i originalkartong (ca 18,5 \u00d7 12,5 \u00d7 9,5 cm, vikt ca 200 g) och \u00e4r redo att pryda [&hellip;]\" \/>\n<meta property=\"og:url\" content=\"https:\/\/animefigurer.se\/en\/figurer\/rezero\/rezero-starting-life-in-another-world-relax-time-elsa-granhiert\/\" \/>\n<meta property=\"og:site_name\" content=\"Animefigurer.se\" \/>\n<meta property=\"article:publisher\" content=\"https:\/\/www.facebook.com\/profile.php?id=61581826539670\" \/>\n<meta property=\"article:modified_time\" content=\"2026-03-30T11:14:33+00:00\" \/>\n<meta property=\"og:image\" content=\"https:\/\/animefigurer.se\/wp-content\/uploads\/2025\/11\/19218_1_1800x1800.webp\" \/>\n\t<meta property=\"og:image:width\" content=\"693\" \/>\n\t<meta property=\"og:image:height\" content=\"691\" \/>\n\t<meta property=\"og:image:type\" content=\"image\/webp\" \/>\n<meta name=\"twitter:card\" content=\"summary_large_image\" \/>\n<meta name=\"twitter:label1\" content=\"Estimated reading time\" \/>\n\t<meta name=\"twitter:data1\" content=\"1 minute\" \/>\n<script type=\"application\/ld+json\" class=\"yoast-schema-graph\">{\"@context\":\"https:\\\/\\\/schema.org\",\"@graph\":[{\"@type\":\"WebPage\",\"@id\":\"https:\\\/\\\/animefigurer.se\\\/figurer\\\/rezero\\\/rezero-starting-life-in-another-world-relax-time-elsa-granhiert\\\/\",\"url\":\"https:\\\/\\\/animefigurer.se\\\/figurer\\\/rezero\\\/rezero-starting-life-in-another-world-relax-time-elsa-granhiert\\\/\",\"name\":\"Re:Zero Starting Life In Another World Relax Time Elsa Granhiert | Animefigurer.se\",\"isPartOf\":{\"@id\":\"https:\\\/\\\/animefigurer.se\\\/#website\"},\"primaryImageOfPage\":{\"@id\":\"https:\\\/\\\/animefigurer.se\\\/figurer\\\/rezero\\\/rezero-starting-life-in-another-world-relax-time-elsa-granhiert\\\/#primaryimage\"},\"image\":{\"@id\":\"https:\\\/\\\/animefigurer.se\\\/figurer\\\/rezero\\\/rezero-starting-life-in-another-world-relax-time-elsa-granhiert\\\/#primaryimage\"},\"thumbnailUrl\":\"https:\\\/\\\/animefigurer.se\\\/wp-content\\\/uploads\\\/2025\\\/11\\\/19218_1_1800x1800.webp\",\"datePublished\":\"2025-11-29T13:01:22+00:00\",\"dateModified\":\"2026-03-30T11:14:33+00:00\",\"breadcrumb\":{\"@id\":\"https:\\\/\\\/animefigurer.se\\\/figurer\\\/rezero\\\/rezero-starting-life-in-another-world-relax-time-elsa-granhiert\\\/#breadcrumb\"},\"inLanguage\":\"en-GB\",\"potentialAction\":[{\"@type\":\"ReadAction\",\"target\":[\"https:\\\/\\\/animefigurer.se\\\/figurer\\\/rezero\\\/rezero-starting-life-in-another-world-relax-time-elsa-granhiert\\\/\"]}]},{\"@type\":\"ImageObject\",\"inLanguage\":\"en-GB\",\"@id\":\"https:\\\/\\\/animefigurer.se\\\/figurer\\\/rezero\\\/rezero-starting-life-in-another-world-relax-time-elsa-granhiert\\\/#primaryimage\",\"url\":\"https:\\\/\\\/animefigurer.se\\\/wp-content\\\/uploads\\\/2025\\\/11\\\/19218_1_1800x1800.webp\",\"contentUrl\":\"https:\\\/\\\/animefigurer.se\\\/wp-content\\\/uploads\\\/2025\\\/11\\\/19218_1_1800x1800.webp\",\"width\":693,\"height\":691,\"caption\":\"Re:Zero Starting Life In Another World Relax Time Elsa Granhiert\"},{\"@type\":\"BreadcrumbList\",\"@id\":\"https:\\\/\\\/animefigurer.se\\\/figurer\\\/rezero\\\/rezero-starting-life-in-another-world-relax-time-elsa-granhiert\\\/#breadcrumb\",\"itemListElement\":[{\"@type\":\"ListItem\",\"position\":1,\"name\":\"Home\",\"item\":\"https:\\\/\\\/animefigurer.se\\\/\"},{\"@type\":\"ListItem\",\"position\":2,\"name\":\"Butik\",\"item\":\"https:\\\/\\\/animefigurer.se\\\/figurer\\\/\"},{\"@type\":\"ListItem\",\"position\":3,\"name\":\"Re:Zero Starting Life In Another World Relax Time Elsa Granhiert\"}]},{\"@type\":\"WebSite\",\"@id\":\"https:\\\/\\\/animefigurer.se\\\/#website\",\"url\":\"https:\\\/\\\/animefigurer.se\\\/\",\"name\":\"Animefigurer.se\",\"description\":\"Anime figurer fr\u00e5n \u00f6ver 300 olika anime serier med \u00f6ver 9000 produkter | Anime Shop\",\"publisher\":{\"@id\":\"https:\\\/\\\/animefigurer.se\\\/#organization\"},\"potentialAction\":[{\"@type\":\"SearchAction\",\"target\":{\"@type\":\"EntryPoint\",\"urlTemplate\":\"https:\\\/\\\/animefigurer.se\\\/?s={search_term_string}\"},\"query-input\":{\"@type\":\"PropertyValueSpecification\",\"valueRequired\":true,\"valueName\":\"search_term_string\"}}],\"inLanguage\":\"en-GB\"},{\"@type\":\"Organization\",\"@id\":\"https:\\\/\\\/animefigurer.se\\\/#organization\",\"name\":\"Animefigurer.se\",\"alternateName\":\"Anime figurer | Anime shop\",\"url\":\"https:\\\/\\\/animefigurer.se\\\/\",\"logo\":{\"@type\":\"ImageObject\",\"inLanguage\":\"en-GB\",\"@id\":\"https:\\\/\\\/animefigurer.se\\\/#\\\/schema\\\/logo\\\/image\\\/\",\"url\":\"https:\\\/\\\/animefigurer.se\\\/wp-content\\\/uploads\\\/2025\\\/12\\\/Animefigurer_logowhite.png\",\"contentUrl\":\"https:\\\/\\\/animefigurer.se\\\/wp-content\\\/uploads\\\/2025\\\/12\\\/Animefigurer_logowhite.png\",\"width\":1890,\"height\":1417,\"caption\":\"Animefigurer.se\"},\"image\":{\"@id\":\"https:\\\/\\\/animefigurer.se\\\/#\\\/schema\\\/logo\\\/image\\\/\"},\"sameAs\":[\"https:\\\/\\\/www.facebook.com\\\/profile.php?id=61581826539670\",\"https:\\\/\\\/www.instagram.com\\\/animefigurer.se\\\/\"],\"email\":\"info@animefigurer.se\"}]}<\/script>\n<!-- \/ Yoast SEO Premium plugin. -->","yoast_head_json":{"title":"Re:Zero Starting Life In Another World Relax Time Elsa Granhiert | Animefigurer.se","robots":{"index":"index","follow":"follow","max-snippet":"max-snippet:-1","max-image-preview":"max-image-preview:large","max-video-preview":"max-video-preview:-1"},"canonical":"https:\/\/animefigurer.se\/en\/figurer\/rezero\/rezero-starting-life-in-another-world-relax-time-elsa-granhiert\/","og_locale":"en_GB","og_type":"article","og_title":"Re:Zero Starting Life In Another World Relax Time Elsa Granhiert","og_description":"S\u00e4tt st\u00e4mningen i din samling med denna livfulla figur: One Piece DXF The Grandline Lady Vol.27 Nami. Nami framtr\u00e4der med karakt\u00e4ristisk stil \u2013 perfekt f\u00e5ngad i en elegant pose med noggrant \u00e5tergiven outfit och attityd. Figuren levereras i originalkartong (ca 18,5 \u00d7 12,5 \u00d7 9,5 cm, vikt ca 200 g) och \u00e4r redo att pryda [&hellip;]","og_url":"https:\/\/animefigurer.se\/en\/figurer\/rezero\/rezero-starting-life-in-another-world-relax-time-elsa-granhiert\/","og_site_name":"Animefigurer.se","article_publisher":"https:\/\/www.facebook.com\/profile.php?id=61581826539670","article_modified_time":"2026-03-30T11:14:33+00:00","og_image":[{"width":693,"height":691,"url":"https:\/\/animefigurer.se\/wp-content\/uploads\/2025\/11\/19218_1_1800x1800.webp","type":"image\/webp"}],"twitter_card":"summary_large_image","twitter_misc":{"Estimated reading time":"1 minute"},"schema":{"@context":"https:\/\/schema.org","@graph":[{"@type":"WebPage","@id":"https:\/\/animefigurer.se\/figurer\/rezero\/rezero-starting-life-in-another-world-relax-time-elsa-granhiert\/","url":"https:\/\/animefigurer.se\/figurer\/rezero\/rezero-starting-life-in-another-world-relax-time-elsa-granhiert\/","name":"Re:Zero Starting Life In Another World Relax Time Elsa Granhiert | Animefigurer.se","isPartOf":{"@id":"https:\/\/animefigurer.se\/#website"},"primaryImageOfPage":{"@id":"https:\/\/animefigurer.se\/figurer\/rezero\/rezero-starting-life-in-another-world-relax-time-elsa-granhiert\/#primaryimage"},"image":{"@id":"https:\/\/animefigurer.se\/figurer\/rezero\/rezero-starting-life-in-another-world-relax-time-elsa-granhiert\/#primaryimage"},"thumbnailUrl":"https:\/\/animefigurer.se\/wp-content\/uploads\/2025\/11\/19218_1_1800x1800.webp","datePublished":"2025-11-29T13:01:22+00:00","dateModified":"2026-03-30T11:14:33+00:00","breadcrumb":{"@id":"https:\/\/animefigurer.se\/figurer\/rezero\/rezero-starting-life-in-another-world-relax-time-elsa-granhiert\/#breadcrumb"},"inLanguage":"en-GB","potentialAction":[{"@type":"ReadAction","target":["https:\/\/animefigurer.se\/figurer\/rezero\/rezero-starting-life-in-another-world-relax-time-elsa-granhiert\/"]}]},{"@type":"ImageObject","inLanguage":"en-GB","@id":"https:\/\/animefigurer.se\/figurer\/rezero\/rezero-starting-life-in-another-world-relax-time-elsa-granhiert\/#primaryimage","url":"https:\/\/animefigurer.se\/wp-content\/uploads\/2025\/11\/19218_1_1800x1800.webp","contentUrl":"https:\/\/animefigurer.se\/wp-content\/uploads\/2025\/11\/19218_1_1800x1800.webp","width":693,"height":691,"caption":"Re:Zero Starting Life In Another World Relax Time Elsa Granhiert"},{"@type":"BreadcrumbList","@id":"https:\/\/animefigurer.se\/figurer\/rezero\/rezero-starting-life-in-another-world-relax-time-elsa-granhiert\/#breadcrumb","itemListElement":[{"@type":"ListItem","position":1,"name":"Home","item":"https:\/\/animefigurer.se\/"},{"@type":"ListItem","position":2,"name":"Butik","item":"https:\/\/animefigurer.se\/figurer\/"},{"@type":"ListItem","position":3,"name":"Re:Zero Starting Life In Another World Relax Time Elsa Granhiert"}]},{"@type":"WebSite","@id":"https:\/\/animefigurer.se\/#website","url":"https:\/\/animefigurer.se\/","name":"Animefigurer.se","description":"Anime figures from over 300 different anime series with over 9000 products | Anime Shop","publisher":{"@id":"https:\/\/animefigurer.se\/#organization"},"potentialAction":[{"@type":"SearchAction","target":{"@type":"EntryPoint","urlTemplate":"https:\/\/animefigurer.se\/?s={search_term_string}"},"query-input":{"@type":"PropertyValueSpecification","valueRequired":true,"valueName":"search_term_string"}}],"inLanguage":"en-GB"},{"@type":"Organization","@id":"https:\/\/animefigurer.se\/#organization","name":"Animefigurer.se","alternateName":"Anime figurer | Anime shop","url":"https:\/\/animefigurer.se\/","logo":{"@type":"ImageObject","inLanguage":"en-GB","@id":"https:\/\/animefigurer.se\/#\/schema\/logo\/image\/","url":"https:\/\/animefigurer.se\/wp-content\/uploads\/2025\/12\/Animefigurer_logowhite.png","contentUrl":"https:\/\/animefigurer.se\/wp-content\/uploads\/2025\/12\/Animefigurer_logowhite.png","width":1890,"height":1417,"caption":"Animefigurer.se"},"image":{"@id":"https:\/\/animefigurer.se\/#\/schema\/logo\/image\/"},"sameAs":["https:\/\/www.facebook.com\/profile.php?id=61581826539670","https:\/\/www.instagram.com\/animefigurer.se\/"],"email":"info@animefigurer.se"}]}},"_links":{"self":[{"href":"https:\/\/animefigurer.se\/en\/wp-json\/wp\/v2\/product\/84452","targetHints":{"allow":["GET"]}}],"collection":[{"href":"https:\/\/animefigurer.se\/en\/wp-json\/wp\/v2\/product"}],"about":[{"href":"https:\/\/animefigurer.se\/en\/wp-json\/wp\/v2\/types\/product"}],"replies":[{"embeddable":true,"href":"https:\/\/animefigurer.se\/en\/wp-json\/wp\/v2\/comments?post=84452"}],"wp:featuredmedia":[{"embeddable":true,"href":"https:\/\/animefigurer.se\/en\/wp-json\/wp\/v2\/media\/84453"}],"wp:attachment":[{"href":"https:\/\/animefigurer.se\/en\/wp-json\/wp\/v2\/media?parent=84452"}],"wp:term":[{"taxonomy":"product_brand","embeddable":true,"href":"https:\/\/animefigurer.se\/en\/wp-json\/wp\/v2\/product_brand?post=84452"},{"taxonomy":"product_cat","embeddable":true,"href":"https:\/\/animefigurer.se\/en\/wp-json\/wp\/v2\/product_cat?post=84452"},{"taxonomy":"product_tag","embeddable":true,"href":"https:\/\/animefigurer.se\/en\/wp-json\/wp\/v2\/product_tag?post=84452"},{"taxonomy":"giftcard-category","embeddable":true,"href":"https:\/\/animefigurer.se\/en\/wp-json\/wp\/v2\/giftcard-category?post=84452"}],"curies":[{"name":"wp","href":"https:\/\/api.w.org\/{rel}","templated":true}]}}