{"id":84006,"date":"2025-11-11T23:28:46","date_gmt":"2025-11-11T22:28:46","guid":{"rendered":"https:\/\/animefigurer.se\/produkt\/nijisanji-ibrahim-1-7-scale-figure\/"},"modified":"2025-12-21T19:38:16","modified_gmt":"2025-12-21T18:38:16","slug":"nijisanji-ibrahim-1-7-scale-figure","status":"publish","type":"product","link":"https:\/\/animefigurer.se\/en\/figurer\/nijisanji\/nijisanji-ibrahim-1-7-scale-figure\/","title":{"rendered":"Nijisanji Ibrahim 1\/7 Scale Figure"},"content":{"rendered":"<p>This 1\/7th scale figure of Ibrahim is based on his main visual illustration. The dynamic pose and detailed rendering of Ibrahim&#039;s costume create an impressive balance, with the sculpting and gaps created by limbs and clothing playing well together. A great addition to your collection!<\/p>","protected":false},"excerpt":{"rendered":"<p>This 1\/7th scale figure of Ibrahim is based on his main visual illustration. The dynamic pose and detailed rendering of Ibrahim&#039;s costume provide an impressive balance, with the sculpting and gaps created by limbs and clothing playing well together. A great addition to your <\/p>","protected":false},"featured_media":84007,"comment_status":"closed","ping_status":"open","template":"","meta":{"_acf_changed":false,"_monsterinsights_skip_tracking":false,"_monsterinsights_sitenote_active":false,"_monsterinsights_sitenote_note":"","_monsterinsights_sitenote_category":0},"product_brand":[6964],"product_cat":[6836,7233],"product_tag":[26],"giftcard-category":[],"class_list":{"0":"post-84006","1":"product","2":"type-product","3":"status-publish","4":"has-post-thumbnail","6":"product_brand-dmm-factory","7":"product_cat-nijisanji","8":"product_cat-pre-order","9":"product_tag-pre-order","10":"pa_franchise-nijisanji","11":"pa_karaktar-ibrahim","12":"pa_material-pvc-abs","13":"pa_storlek-28-cm","15":"first","16":"instock","17":"taxable","18":"shipping-taxable","19":"purchasable","20":"product-type-simple"},"acf":[],"yoast_head":"<!-- This site is optimized with the Yoast SEO Premium plugin v24.6 (Yoast SEO v27.4) - https:\/\/yoast.com\/product\/yoast-seo-premium-wordpress\/ -->\n<title>Nijisanji Ibrahim 1\/7 Scale Figure | Animefigurer.se<\/title>\n<meta name=\"robots\" content=\"index, follow, max-snippet:-1, max-image-preview:large, max-video-preview:-1\" \/>\n<link rel=\"canonical\" href=\"https:\/\/animefigurer.se\/en\/figurer\/nijisanji\/nijisanji-ibrahim-1-7-scale-figure\/\" \/>\n<meta property=\"og:locale\" content=\"en_GB\" \/>\n<meta property=\"og:type\" content=\"article\" \/>\n<meta property=\"og:title\" content=\"Nijisanji Ibrahim 1\/7 Scale Figure\" \/>\n<meta property=\"og:description\" content=\"Denna 1\/7-skala figur av Ibrahim baseras p\u00e5 hans huvudsakliga visuella illustration. Den dynamiska posen och den detaljerade \u00e5tergivningen av Ibrahims kostym ger en imponerande balans, d\u00e4r skulpteringen och de mellanrum som bildas av lemmar och kl\u00e4der spelar v\u00e4l ihop. Ett utm\u00e4rkt tillskott till din\" \/>\n<meta property=\"og:url\" content=\"https:\/\/animefigurer.se\/en\/figurer\/nijisanji\/nijisanji-ibrahim-1-7-scale-figure\/\" \/>\n<meta property=\"og:site_name\" content=\"Animefigurer.se\" \/>\n<meta property=\"article:publisher\" content=\"https:\/\/www.facebook.com\/profile.php?id=61581826539670\" \/>\n<meta property=\"article:modified_time\" content=\"2025-12-21T18:38:16+00:00\" \/>\n<meta property=\"og:image\" content=\"https:\/\/animefigurer.se\/wp-content\/uploads\/2025\/12\/Animefigurer_logowhite.png\" \/>\n\t<meta property=\"og:image:width\" content=\"1890\" \/>\n\t<meta property=\"og:image:height\" content=\"1417\" \/>\n\t<meta property=\"og:image:type\" content=\"image\/png\" \/>\n<meta name=\"twitter:card\" content=\"summary_large_image\" \/>\n<script type=\"application\/ld+json\" class=\"yoast-schema-graph\">{\"@context\":\"https:\\\/\\\/schema.org\",\"@graph\":[{\"@type\":\"WebPage\",\"@id\":\"https:\\\/\\\/animefigurer.se\\\/figurer\\\/nijisanji\\\/nijisanji-ibrahim-1-7-scale-figure\\\/\",\"url\":\"https:\\\/\\\/animefigurer.se\\\/figurer\\\/nijisanji\\\/nijisanji-ibrahim-1-7-scale-figure\\\/\",\"name\":\"Nijisanji Ibrahim 1\\\/7 Scale Figure | Animefigurer.se\",\"isPartOf\":{\"@id\":\"https:\\\/\\\/animefigurer.se\\\/#website\"},\"primaryImageOfPage\":{\"@id\":\"https:\\\/\\\/animefigurer.se\\\/figurer\\\/nijisanji\\\/nijisanji-ibrahim-1-7-scale-figure\\\/#primaryimage\"},\"image\":{\"@id\":\"https:\\\/\\\/animefigurer.se\\\/figurer\\\/nijisanji\\\/nijisanji-ibrahim-1-7-scale-figure\\\/#primaryimage\"},\"thumbnailUrl\":\"https:\\\/\\\/animefigurer.se\\\/wp-content\\\/uploads\\\/2025\\\/11\\\/68f7bd373419e.jpeg\",\"datePublished\":\"2025-11-11T22:28:46+00:00\",\"dateModified\":\"2025-12-21T18:38:16+00:00\",\"breadcrumb\":{\"@id\":\"https:\\\/\\\/animefigurer.se\\\/figurer\\\/nijisanji\\\/nijisanji-ibrahim-1-7-scale-figure\\\/#breadcrumb\"},\"inLanguage\":\"en-GB\",\"potentialAction\":[{\"@type\":\"ReadAction\",\"target\":[\"https:\\\/\\\/animefigurer.se\\\/figurer\\\/nijisanji\\\/nijisanji-ibrahim-1-7-scale-figure\\\/\"]}]},{\"@type\":\"ImageObject\",\"inLanguage\":\"en-GB\",\"@id\":\"https:\\\/\\\/animefigurer.se\\\/figurer\\\/nijisanji\\\/nijisanji-ibrahim-1-7-scale-figure\\\/#primaryimage\",\"url\":\"https:\\\/\\\/animefigurer.se\\\/wp-content\\\/uploads\\\/2025\\\/11\\\/68f7bd373419e.jpeg\",\"contentUrl\":\"https:\\\/\\\/animefigurer.se\\\/wp-content\\\/uploads\\\/2025\\\/11\\\/68f7bd373419e.jpeg\",\"width\":1000,\"height\":750},{\"@type\":\"BreadcrumbList\",\"@id\":\"https:\\\/\\\/animefigurer.se\\\/figurer\\\/nijisanji\\\/nijisanji-ibrahim-1-7-scale-figure\\\/#breadcrumb\",\"itemListElement\":[{\"@type\":\"ListItem\",\"position\":1,\"name\":\"Home\",\"item\":\"https:\\\/\\\/animefigurer.se\\\/\"},{\"@type\":\"ListItem\",\"position\":2,\"name\":\"Butik\",\"item\":\"https:\\\/\\\/animefigurer.se\\\/figurer\\\/\"},{\"@type\":\"ListItem\",\"position\":3,\"name\":\"Nijisanji Ibrahim 1\\\/7 Scale Figure\"}]},{\"@type\":\"WebSite\",\"@id\":\"https:\\\/\\\/animefigurer.se\\\/#website\",\"url\":\"https:\\\/\\\/animefigurer.se\\\/\",\"name\":\"Animefigurer.se\",\"description\":\"Anime figurer fr\u00e5n \u00f6ver 300 olika anime serier med \u00f6ver 9000 produkter | Anime Shop\",\"publisher\":{\"@id\":\"https:\\\/\\\/animefigurer.se\\\/#organization\"},\"potentialAction\":[{\"@type\":\"SearchAction\",\"target\":{\"@type\":\"EntryPoint\",\"urlTemplate\":\"https:\\\/\\\/animefigurer.se\\\/?s={search_term_string}\"},\"query-input\":{\"@type\":\"PropertyValueSpecification\",\"valueRequired\":true,\"valueName\":\"search_term_string\"}}],\"inLanguage\":\"en-GB\"},{\"@type\":\"Organization\",\"@id\":\"https:\\\/\\\/animefigurer.se\\\/#organization\",\"name\":\"Animefigurer.se\",\"alternateName\":\"Anime figurer | Anime shop\",\"url\":\"https:\\\/\\\/animefigurer.se\\\/\",\"logo\":{\"@type\":\"ImageObject\",\"inLanguage\":\"en-GB\",\"@id\":\"https:\\\/\\\/animefigurer.se\\\/#\\\/schema\\\/logo\\\/image\\\/\",\"url\":\"https:\\\/\\\/animefigurer.se\\\/wp-content\\\/uploads\\\/2025\\\/12\\\/Animefigurer_logowhite.png\",\"contentUrl\":\"https:\\\/\\\/animefigurer.se\\\/wp-content\\\/uploads\\\/2025\\\/12\\\/Animefigurer_logowhite.png\",\"width\":1890,\"height\":1417,\"caption\":\"Animefigurer.se\"},\"image\":{\"@id\":\"https:\\\/\\\/animefigurer.se\\\/#\\\/schema\\\/logo\\\/image\\\/\"},\"sameAs\":[\"https:\\\/\\\/www.facebook.com\\\/profile.php?id=61581826539670\",\"https:\\\/\\\/www.instagram.com\\\/animefigurer.se\\\/\"],\"email\":\"info@animefigurer.se\"}]}<\/script>\n<!-- \/ Yoast SEO Premium plugin. -->","yoast_head_json":{"title":"Nijisanji Ibrahim 1\/7 Scale Figure | Animefigurer.se","robots":{"index":"index","follow":"follow","max-snippet":"max-snippet:-1","max-image-preview":"max-image-preview:large","max-video-preview":"max-video-preview:-1"},"canonical":"https:\/\/animefigurer.se\/en\/figurer\/nijisanji\/nijisanji-ibrahim-1-7-scale-figure\/","og_locale":"en_GB","og_type":"article","og_title":"Nijisanji Ibrahim 1\/7 Scale Figure","og_description":"Denna 1\/7-skala figur av Ibrahim baseras p\u00e5 hans huvudsakliga visuella illustration. Den dynamiska posen och den detaljerade \u00e5tergivningen av Ibrahims kostym ger en imponerande balans, d\u00e4r skulpteringen och de mellanrum som bildas av lemmar och kl\u00e4der spelar v\u00e4l ihop. Ett utm\u00e4rkt tillskott till din","og_url":"https:\/\/animefigurer.se\/en\/figurer\/nijisanji\/nijisanji-ibrahim-1-7-scale-figure\/","og_site_name":"Animefigurer.se","article_publisher":"https:\/\/www.facebook.com\/profile.php?id=61581826539670","article_modified_time":"2025-12-21T18:38:16+00:00","og_image":[{"width":1890,"height":1417,"url":"https:\/\/animefigurer.se\/wp-content\/uploads\/2025\/12\/Animefigurer_logowhite.png","type":"image\/png"}],"twitter_card":"summary_large_image","schema":{"@context":"https:\/\/schema.org","@graph":[{"@type":"WebPage","@id":"https:\/\/animefigurer.se\/figurer\/nijisanji\/nijisanji-ibrahim-1-7-scale-figure\/","url":"https:\/\/animefigurer.se\/figurer\/nijisanji\/nijisanji-ibrahim-1-7-scale-figure\/","name":"Nijisanji Ibrahim 1\/7 Scale Figure | Animefigurer.se","isPartOf":{"@id":"https:\/\/animefigurer.se\/#website"},"primaryImageOfPage":{"@id":"https:\/\/animefigurer.se\/figurer\/nijisanji\/nijisanji-ibrahim-1-7-scale-figure\/#primaryimage"},"image":{"@id":"https:\/\/animefigurer.se\/figurer\/nijisanji\/nijisanji-ibrahim-1-7-scale-figure\/#primaryimage"},"thumbnailUrl":"https:\/\/animefigurer.se\/wp-content\/uploads\/2025\/11\/68f7bd373419e.jpeg","datePublished":"2025-11-11T22:28:46+00:00","dateModified":"2025-12-21T18:38:16+00:00","breadcrumb":{"@id":"https:\/\/animefigurer.se\/figurer\/nijisanji\/nijisanji-ibrahim-1-7-scale-figure\/#breadcrumb"},"inLanguage":"en-GB","potentialAction":[{"@type":"ReadAction","target":["https:\/\/animefigurer.se\/figurer\/nijisanji\/nijisanji-ibrahim-1-7-scale-figure\/"]}]},{"@type":"ImageObject","inLanguage":"en-GB","@id":"https:\/\/animefigurer.se\/figurer\/nijisanji\/nijisanji-ibrahim-1-7-scale-figure\/#primaryimage","url":"https:\/\/animefigurer.se\/wp-content\/uploads\/2025\/11\/68f7bd373419e.jpeg","contentUrl":"https:\/\/animefigurer.se\/wp-content\/uploads\/2025\/11\/68f7bd373419e.jpeg","width":1000,"height":750},{"@type":"BreadcrumbList","@id":"https:\/\/animefigurer.se\/figurer\/nijisanji\/nijisanji-ibrahim-1-7-scale-figure\/#breadcrumb","itemListElement":[{"@type":"ListItem","position":1,"name":"Home","item":"https:\/\/animefigurer.se\/"},{"@type":"ListItem","position":2,"name":"Butik","item":"https:\/\/animefigurer.se\/figurer\/"},{"@type":"ListItem","position":3,"name":"Nijisanji Ibrahim 1\/7 Scale Figure"}]},{"@type":"WebSite","@id":"https:\/\/animefigurer.se\/#website","url":"https:\/\/animefigurer.se\/","name":"Animefigurer.se","description":"Anime figures from over 300 different anime series with over 9000 products | Anime Shop","publisher":{"@id":"https:\/\/animefigurer.se\/#organization"},"potentialAction":[{"@type":"SearchAction","target":{"@type":"EntryPoint","urlTemplate":"https:\/\/animefigurer.se\/?s={search_term_string}"},"query-input":{"@type":"PropertyValueSpecification","valueRequired":true,"valueName":"search_term_string"}}],"inLanguage":"en-GB"},{"@type":"Organization","@id":"https:\/\/animefigurer.se\/#organization","name":"Animefigurer.se","alternateName":"Anime figurer | Anime shop","url":"https:\/\/animefigurer.se\/","logo":{"@type":"ImageObject","inLanguage":"en-GB","@id":"https:\/\/animefigurer.se\/#\/schema\/logo\/image\/","url":"https:\/\/animefigurer.se\/wp-content\/uploads\/2025\/12\/Animefigurer_logowhite.png","contentUrl":"https:\/\/animefigurer.se\/wp-content\/uploads\/2025\/12\/Animefigurer_logowhite.png","width":1890,"height":1417,"caption":"Animefigurer.se"},"image":{"@id":"https:\/\/animefigurer.se\/#\/schema\/logo\/image\/"},"sameAs":["https:\/\/www.facebook.com\/profile.php?id=61581826539670","https:\/\/www.instagram.com\/animefigurer.se\/"],"email":"info@animefigurer.se"}]}},"_links":{"self":[{"href":"https:\/\/animefigurer.se\/en\/wp-json\/wp\/v2\/product\/84006","targetHints":{"allow":["GET"]}}],"collection":[{"href":"https:\/\/animefigurer.se\/en\/wp-json\/wp\/v2\/product"}],"about":[{"href":"https:\/\/animefigurer.se\/en\/wp-json\/wp\/v2\/types\/product"}],"replies":[{"embeddable":true,"href":"https:\/\/animefigurer.se\/en\/wp-json\/wp\/v2\/comments?post=84006"}],"wp:featuredmedia":[{"embeddable":true,"href":"https:\/\/animefigurer.se\/en\/wp-json\/wp\/v2\/media\/84007"}],"wp:attachment":[{"href":"https:\/\/animefigurer.se\/en\/wp-json\/wp\/v2\/media?parent=84006"}],"wp:term":[{"taxonomy":"product_brand","embeddable":true,"href":"https:\/\/animefigurer.se\/en\/wp-json\/wp\/v2\/product_brand?post=84006"},{"taxonomy":"product_cat","embeddable":true,"href":"https:\/\/animefigurer.se\/en\/wp-json\/wp\/v2\/product_cat?post=84006"},{"taxonomy":"product_tag","embeddable":true,"href":"https:\/\/animefigurer.se\/en\/wp-json\/wp\/v2\/product_tag?post=84006"},{"taxonomy":"giftcard-category","embeddable":true,"href":"https:\/\/animefigurer.se\/en\/wp-json\/wp\/v2\/giftcard-category?post=84006"}],"curies":[{"name":"wp","href":"https:\/\/api.w.org\/{rel}","templated":true}]}}