{"id":83852,"date":"2025-11-11T23:26:47","date_gmt":"2025-11-11T22:26:47","guid":{"rendered":"https:\/\/animefigurer.se\/produkt\/nijisanji-palverse-pale-vantacrow-bringer\/"},"modified":"2025-12-21T19:38:14","modified_gmt":"2025-12-21T18:38:14","slug":"nijisanji-palverse-pale-vantacrow-bringer","status":"publish","type":"product","link":"https:\/\/animefigurer.se\/en\/figurer\/nijisanji\/nijisanji-palverse-pale-vantacrow-bringer\/","title":{"rendered":"Nijisanji PalVerse Pale Vantacrow Bringer"},"content":{"rendered":"<p>PalVerse is a deformed figure line created by Bushiroad Creative based on the concept of \u201da new world in the palm of your hand.\u201d The series recreates characters from anime, games, and VTubers with next-generation designs for fans worldwide.<\/p>\n<p>PalVerse Pale is a variant of PaleVerse with American-inspired, animation-like character designs created from palettes.<\/p>","protected":false},"excerpt":{"rendered":"<p>PalVerse is a deformed figure line created by Bushiroad Creative based on the concept of \u201da new world in the palm of your hand.\u201d The series recreates characters from anime, games, and VTubers with next-generation designs for fans worldwide.<\/p>\n<p>PalVerse Pale is a variant of PaleVerse with American-inspired, animation-like<\/p>","protected":false},"featured_media":83853,"comment_status":"closed","ping_status":"open","template":"","meta":{"_acf_changed":false,"_monsterinsights_skip_tracking":false,"_monsterinsights_sitenote_active":false,"_monsterinsights_sitenote_note":"","_monsterinsights_sitenote_category":0},"product_brand":[6941],"product_cat":[6836],"product_tag":[24],"giftcard-category":[],"class_list":{"0":"post-83852","1":"product","2":"type-product","3":"status-publish","4":"has-post-thumbnail","6":"product_brand-bushiroad","7":"product_cat-nijisanji","8":"product_tag-2-3-weeks","9":"pa_franchise-nijisanji","10":"pa_karaktar-vantacrow-bringer","11":"pa_material-pvc-abs","12":"pa_storlek-10-cm","14":"first","15":"instock","16":"taxable","17":"shipping-taxable","18":"purchasable","19":"product-type-simple"},"acf":[],"yoast_head":"<!-- This site is optimized with the Yoast SEO Premium plugin v24.6 (Yoast SEO v27.4) - https:\/\/yoast.com\/product\/yoast-seo-premium-wordpress\/ -->\n<title>Nijisanji PalVerse Pale Vantacrow Bringer | Animefigurer.se<\/title>\n<meta name=\"robots\" content=\"index, follow, max-snippet:-1, max-image-preview:large, max-video-preview:-1\" \/>\n<link rel=\"canonical\" href=\"https:\/\/animefigurer.se\/en\/figurer\/nijisanji\/nijisanji-palverse-pale-vantacrow-bringer\/\" \/>\n<meta property=\"og:locale\" content=\"en_GB\" \/>\n<meta property=\"og:type\" content=\"article\" \/>\n<meta property=\"og:title\" content=\"Nijisanji PalVerse Pale Vantacrow Bringer\" \/>\n<meta property=\"og:description\" content=\"PalVerse \u00e4r en deformerad figurlinje skapad av Bushiroad Creative utifr\u00e5n konceptet &quot;en ny v\u00e4rld i handflatan.&quot; Serien \u00e5terger karakt\u00e4rer fr\u00e5n anime, spel, VTubers med n\u00e4sta generations design f\u00f6r fans v\u00e4rlden \u00f6ver. PalVerse Pale \u00e4r en variant av PaleVerse med amerikanskinspirerade, animationslikna\" \/>\n<meta property=\"og:url\" content=\"https:\/\/animefigurer.se\/en\/figurer\/nijisanji\/nijisanji-palverse-pale-vantacrow-bringer\/\" \/>\n<meta property=\"og:site_name\" content=\"Animefigurer.se\" \/>\n<meta property=\"article:publisher\" content=\"https:\/\/www.facebook.com\/profile.php?id=61581826539670\" \/>\n<meta property=\"article:modified_time\" content=\"2025-12-21T18:38:14+00:00\" \/>\n<meta property=\"og:image\" content=\"https:\/\/animefigurer.se\/wp-content\/uploads\/2025\/12\/Animefigurer_logowhite.png\" \/>\n\t<meta property=\"og:image:width\" content=\"1890\" \/>\n\t<meta property=\"og:image:height\" content=\"1417\" \/>\n\t<meta property=\"og:image:type\" content=\"image\/png\" \/>\n<meta name=\"twitter:card\" content=\"summary_large_image\" \/>\n<script type=\"application\/ld+json\" class=\"yoast-schema-graph\">{\"@context\":\"https:\\\/\\\/schema.org\",\"@graph\":[{\"@type\":\"WebPage\",\"@id\":\"https:\\\/\\\/animefigurer.se\\\/figurer\\\/nijisanji\\\/nijisanji-palverse-pale-vantacrow-bringer\\\/\",\"url\":\"https:\\\/\\\/animefigurer.se\\\/figurer\\\/nijisanji\\\/nijisanji-palverse-pale-vantacrow-bringer\\\/\",\"name\":\"Nijisanji PalVerse Pale Vantacrow Bringer | Animefigurer.se\",\"isPartOf\":{\"@id\":\"https:\\\/\\\/animefigurer.se\\\/#website\"},\"primaryImageOfPage\":{\"@id\":\"https:\\\/\\\/animefigurer.se\\\/figurer\\\/nijisanji\\\/nijisanji-palverse-pale-vantacrow-bringer\\\/#primaryimage\"},\"image\":{\"@id\":\"https:\\\/\\\/animefigurer.se\\\/figurer\\\/nijisanji\\\/nijisanji-palverse-pale-vantacrow-bringer\\\/#primaryimage\"},\"thumbnailUrl\":\"https:\\\/\\\/animefigurer.se\\\/wp-content\\\/uploads\\\/2025\\\/11\\\/66904173ad577.jpeg\",\"datePublished\":\"2025-11-11T22:26:47+00:00\",\"dateModified\":\"2025-12-21T18:38:14+00:00\",\"breadcrumb\":{\"@id\":\"https:\\\/\\\/animefigurer.se\\\/figurer\\\/nijisanji\\\/nijisanji-palverse-pale-vantacrow-bringer\\\/#breadcrumb\"},\"inLanguage\":\"en-GB\",\"potentialAction\":[{\"@type\":\"ReadAction\",\"target\":[\"https:\\\/\\\/animefigurer.se\\\/figurer\\\/nijisanji\\\/nijisanji-palverse-pale-vantacrow-bringer\\\/\"]}]},{\"@type\":\"ImageObject\",\"inLanguage\":\"en-GB\",\"@id\":\"https:\\\/\\\/animefigurer.se\\\/figurer\\\/nijisanji\\\/nijisanji-palverse-pale-vantacrow-bringer\\\/#primaryimage\",\"url\":\"https:\\\/\\\/animefigurer.se\\\/wp-content\\\/uploads\\\/2025\\\/11\\\/66904173ad577.jpeg\",\"contentUrl\":\"https:\\\/\\\/animefigurer.se\\\/wp-content\\\/uploads\\\/2025\\\/11\\\/66904173ad577.jpeg\",\"width\":720,\"height\":540},{\"@type\":\"BreadcrumbList\",\"@id\":\"https:\\\/\\\/animefigurer.se\\\/figurer\\\/nijisanji\\\/nijisanji-palverse-pale-vantacrow-bringer\\\/#breadcrumb\",\"itemListElement\":[{\"@type\":\"ListItem\",\"position\":1,\"name\":\"Home\",\"item\":\"https:\\\/\\\/animefigurer.se\\\/\"},{\"@type\":\"ListItem\",\"position\":2,\"name\":\"Butik\",\"item\":\"https:\\\/\\\/animefigurer.se\\\/figurer\\\/\"},{\"@type\":\"ListItem\",\"position\":3,\"name\":\"Nijisanji PalVerse Pale Vantacrow Bringer\"}]},{\"@type\":\"WebSite\",\"@id\":\"https:\\\/\\\/animefigurer.se\\\/#website\",\"url\":\"https:\\\/\\\/animefigurer.se\\\/\",\"name\":\"Animefigurer.se\",\"description\":\"Anime figurer fr\u00e5n \u00f6ver 300 olika anime serier med \u00f6ver 9000 produkter | Anime Shop\",\"publisher\":{\"@id\":\"https:\\\/\\\/animefigurer.se\\\/#organization\"},\"potentialAction\":[{\"@type\":\"SearchAction\",\"target\":{\"@type\":\"EntryPoint\",\"urlTemplate\":\"https:\\\/\\\/animefigurer.se\\\/?s={search_term_string}\"},\"query-input\":{\"@type\":\"PropertyValueSpecification\",\"valueRequired\":true,\"valueName\":\"search_term_string\"}}],\"inLanguage\":\"en-GB\"},{\"@type\":\"Organization\",\"@id\":\"https:\\\/\\\/animefigurer.se\\\/#organization\",\"name\":\"Animefigurer.se\",\"alternateName\":\"Anime figurer | Anime shop\",\"url\":\"https:\\\/\\\/animefigurer.se\\\/\",\"logo\":{\"@type\":\"ImageObject\",\"inLanguage\":\"en-GB\",\"@id\":\"https:\\\/\\\/animefigurer.se\\\/#\\\/schema\\\/logo\\\/image\\\/\",\"url\":\"https:\\\/\\\/animefigurer.se\\\/wp-content\\\/uploads\\\/2025\\\/12\\\/Animefigurer_logowhite.png\",\"contentUrl\":\"https:\\\/\\\/animefigurer.se\\\/wp-content\\\/uploads\\\/2025\\\/12\\\/Animefigurer_logowhite.png\",\"width\":1890,\"height\":1417,\"caption\":\"Animefigurer.se\"},\"image\":{\"@id\":\"https:\\\/\\\/animefigurer.se\\\/#\\\/schema\\\/logo\\\/image\\\/\"},\"sameAs\":[\"https:\\\/\\\/www.facebook.com\\\/profile.php?id=61581826539670\",\"https:\\\/\\\/www.instagram.com\\\/animefigurer.se\\\/\"],\"email\":\"info@animefigurer.se\"}]}<\/script>\n<!-- \/ Yoast SEO Premium plugin. -->","yoast_head_json":{"title":"Nijisanji PalVerse Pale Vantacrow Bringer | Animefigurer.se","robots":{"index":"index","follow":"follow","max-snippet":"max-snippet:-1","max-image-preview":"max-image-preview:large","max-video-preview":"max-video-preview:-1"},"canonical":"https:\/\/animefigurer.se\/en\/figurer\/nijisanji\/nijisanji-palverse-pale-vantacrow-bringer\/","og_locale":"en_GB","og_type":"article","og_title":"Nijisanji PalVerse Pale Vantacrow Bringer","og_description":"PalVerse \u00e4r en deformerad figurlinje skapad av Bushiroad Creative utifr\u00e5n konceptet \"en ny v\u00e4rld i handflatan.\" Serien \u00e5terger karakt\u00e4rer fr\u00e5n anime, spel, VTubers med n\u00e4sta generations design f\u00f6r fans v\u00e4rlden \u00f6ver. PalVerse Pale \u00e4r en variant av PaleVerse med amerikanskinspirerade, animationslikna","og_url":"https:\/\/animefigurer.se\/en\/figurer\/nijisanji\/nijisanji-palverse-pale-vantacrow-bringer\/","og_site_name":"Animefigurer.se","article_publisher":"https:\/\/www.facebook.com\/profile.php?id=61581826539670","article_modified_time":"2025-12-21T18:38:14+00:00","og_image":[{"width":1890,"height":1417,"url":"https:\/\/animefigurer.se\/wp-content\/uploads\/2025\/12\/Animefigurer_logowhite.png","type":"image\/png"}],"twitter_card":"summary_large_image","schema":{"@context":"https:\/\/schema.org","@graph":[{"@type":"WebPage","@id":"https:\/\/animefigurer.se\/figurer\/nijisanji\/nijisanji-palverse-pale-vantacrow-bringer\/","url":"https:\/\/animefigurer.se\/figurer\/nijisanji\/nijisanji-palverse-pale-vantacrow-bringer\/","name":"Nijisanji PalVerse Pale Vantacrow Bringer | Animefigurer.se","isPartOf":{"@id":"https:\/\/animefigurer.se\/#website"},"primaryImageOfPage":{"@id":"https:\/\/animefigurer.se\/figurer\/nijisanji\/nijisanji-palverse-pale-vantacrow-bringer\/#primaryimage"},"image":{"@id":"https:\/\/animefigurer.se\/figurer\/nijisanji\/nijisanji-palverse-pale-vantacrow-bringer\/#primaryimage"},"thumbnailUrl":"https:\/\/animefigurer.se\/wp-content\/uploads\/2025\/11\/66904173ad577.jpeg","datePublished":"2025-11-11T22:26:47+00:00","dateModified":"2025-12-21T18:38:14+00:00","breadcrumb":{"@id":"https:\/\/animefigurer.se\/figurer\/nijisanji\/nijisanji-palverse-pale-vantacrow-bringer\/#breadcrumb"},"inLanguage":"en-GB","potentialAction":[{"@type":"ReadAction","target":["https:\/\/animefigurer.se\/figurer\/nijisanji\/nijisanji-palverse-pale-vantacrow-bringer\/"]}]},{"@type":"ImageObject","inLanguage":"en-GB","@id":"https:\/\/animefigurer.se\/figurer\/nijisanji\/nijisanji-palverse-pale-vantacrow-bringer\/#primaryimage","url":"https:\/\/animefigurer.se\/wp-content\/uploads\/2025\/11\/66904173ad577.jpeg","contentUrl":"https:\/\/animefigurer.se\/wp-content\/uploads\/2025\/11\/66904173ad577.jpeg","width":720,"height":540},{"@type":"BreadcrumbList","@id":"https:\/\/animefigurer.se\/figurer\/nijisanji\/nijisanji-palverse-pale-vantacrow-bringer\/#breadcrumb","itemListElement":[{"@type":"ListItem","position":1,"name":"Home","item":"https:\/\/animefigurer.se\/"},{"@type":"ListItem","position":2,"name":"Butik","item":"https:\/\/animefigurer.se\/figurer\/"},{"@type":"ListItem","position":3,"name":"Nijisanji PalVerse Pale Vantacrow Bringer"}]},{"@type":"WebSite","@id":"https:\/\/animefigurer.se\/#website","url":"https:\/\/animefigurer.se\/","name":"Animefigurer.se","description":"Anime figures from over 300 different anime series with over 9000 products | Anime Shop","publisher":{"@id":"https:\/\/animefigurer.se\/#organization"},"potentialAction":[{"@type":"SearchAction","target":{"@type":"EntryPoint","urlTemplate":"https:\/\/animefigurer.se\/?s={search_term_string}"},"query-input":{"@type":"PropertyValueSpecification","valueRequired":true,"valueName":"search_term_string"}}],"inLanguage":"en-GB"},{"@type":"Organization","@id":"https:\/\/animefigurer.se\/#organization","name":"Animefigurer.se","alternateName":"Anime figurer | Anime shop","url":"https:\/\/animefigurer.se\/","logo":{"@type":"ImageObject","inLanguage":"en-GB","@id":"https:\/\/animefigurer.se\/#\/schema\/logo\/image\/","url":"https:\/\/animefigurer.se\/wp-content\/uploads\/2025\/12\/Animefigurer_logowhite.png","contentUrl":"https:\/\/animefigurer.se\/wp-content\/uploads\/2025\/12\/Animefigurer_logowhite.png","width":1890,"height":1417,"caption":"Animefigurer.se"},"image":{"@id":"https:\/\/animefigurer.se\/#\/schema\/logo\/image\/"},"sameAs":["https:\/\/www.facebook.com\/profile.php?id=61581826539670","https:\/\/www.instagram.com\/animefigurer.se\/"],"email":"info@animefigurer.se"}]}},"_links":{"self":[{"href":"https:\/\/animefigurer.se\/en\/wp-json\/wp\/v2\/product\/83852","targetHints":{"allow":["GET"]}}],"collection":[{"href":"https:\/\/animefigurer.se\/en\/wp-json\/wp\/v2\/product"}],"about":[{"href":"https:\/\/animefigurer.se\/en\/wp-json\/wp\/v2\/types\/product"}],"replies":[{"embeddable":true,"href":"https:\/\/animefigurer.se\/en\/wp-json\/wp\/v2\/comments?post=83852"}],"wp:featuredmedia":[{"embeddable":true,"href":"https:\/\/animefigurer.se\/en\/wp-json\/wp\/v2\/media\/83853"}],"wp:attachment":[{"href":"https:\/\/animefigurer.se\/en\/wp-json\/wp\/v2\/media?parent=83852"}],"wp:term":[{"taxonomy":"product_brand","embeddable":true,"href":"https:\/\/animefigurer.se\/en\/wp-json\/wp\/v2\/product_brand?post=83852"},{"taxonomy":"product_cat","embeddable":true,"href":"https:\/\/animefigurer.se\/en\/wp-json\/wp\/v2\/product_cat?post=83852"},{"taxonomy":"product_tag","embeddable":true,"href":"https:\/\/animefigurer.se\/en\/wp-json\/wp\/v2\/product_tag?post=83852"},{"taxonomy":"giftcard-category","embeddable":true,"href":"https:\/\/animefigurer.se\/en\/wp-json\/wp\/v2\/giftcard-category?post=83852"}],"curies":[{"name":"wp","href":"https:\/\/api.w.org\/{rel}","templated":true}]}}