{"id":83219,"date":"2025-11-11T23:20:59","date_gmt":"2025-11-11T22:20:59","guid":{"rendered":"https:\/\/animefigurer.se\/produkt\/naruto-shippuden-nendoroid-sasuke-uchiha-rerelease\/"},"modified":"2025-12-21T19:38:09","modified_gmt":"2025-12-21T18:38:09","slug":"naruto-shippuden-nendoroid-sasuke-uchiha-rerelease","status":"publish","type":"product","link":"https:\/\/animefigurer.se\/en\/figurer\/naruto\/naruto-shippuden-nendoroid-sasuke-uchiha-rerelease\/","title":{"rendered":"Naruto: Shippuden Nendoroid Sasuke Uchiha (Rerelease)"},"content":{"rendered":"<p>Re-release of the Nendoroid Sasuke Uchiha from Naruto: Shippuden! Sasuke&#039;s Shippuden appearance is reproduced in Nendoroid size and comes with three faceplates: standard expression, Sharingan and Mangekyou Sharingan.<\/p>\n<p>Also included are Chidori effect parts, an illustrated blade featuring Sasuke&#039;s Susanoo, and effect components to complete his impressive appearance. Also included are Union Sign hand parts for both Sasuke and Naruto so you can recreate the scene where they form the Union Sign.<\/p>","protected":false},"excerpt":{"rendered":"<p>Re-release of the Nendoroid Sasuke Uchiha from Naruto: Shippuden! Sasuke&#039;s Shippuden appearance is reproduced in Nendoroid size and comes with three faceplates: standard expression, Sharingan and Mangekyou Sharingan.<\/p>\n<p>Also included are parts for Chidori effects, an illustrated sheet with Sasuke&#039;s Susanoo&#039;s<\/p>","protected":false},"featured_media":83220,"comment_status":"closed","ping_status":"open","template":"","meta":{"_acf_changed":false,"_monsterinsights_skip_tracking":false,"_monsterinsights_sitenote_active":false,"_monsterinsights_sitenote_note":"","_monsterinsights_sitenote_category":0},"product_brand":[6890],"product_cat":[17,7233],"product_tag":[26],"giftcard-category":[],"class_list":{"0":"post-83219","1":"product","2":"type-product","3":"status-publish","4":"has-post-thumbnail","6":"product_brand-good-smile-company","7":"product_cat-naruto","8":"product_cat-pre-order","9":"product_tag-pre-order","10":"pa_franchise-naruto-shippuden","11":"pa_karaktar-sasuke-uchiha","12":"pa_material-pvc-abs","13":"pa_produktserie-nendoroid","14":"pa_storlek-10-cm","16":"first","17":"instock","18":"taxable","19":"shipping-taxable","20":"purchasable","21":"product-type-simple"},"acf":[],"yoast_head":"<!-- This site is optimized with the Yoast SEO Premium plugin v24.6 (Yoast SEO v27.3) - https:\/\/yoast.com\/product\/yoast-seo-premium-wordpress\/ -->\n<title>Naruto: Shippuden Nendoroid Sasuke Uchiha (Rerelease) | Animefigurer.se<\/title>\n<meta name=\"robots\" content=\"index, follow, max-snippet:-1, max-image-preview:large, max-video-preview:-1\" \/>\n<link rel=\"canonical\" href=\"https:\/\/animefigurer.se\/en\/figurer\/naruto\/naruto-shippuden-nendoroid-sasuke-uchiha-rerelease\/\" \/>\n<meta property=\"og:locale\" content=\"en_GB\" \/>\n<meta property=\"og:type\" content=\"article\" \/>\n<meta property=\"og:title\" content=\"Naruto: Shippuden Nendoroid Sasuke Uchiha (Rerelease)\" \/>\n<meta property=\"og:description\" content=\"\u00c5terutgivning av Nendoroid Sasuke Uchiha fr\u00e5n Naruto: Shippuden! Sasukes Shippuden-utseende \u00e5terges i Nendoroid-storlek och levereras med tre ansiktsplattor: standarduttryck, Sharingan och Mangekyou Sharingan. Medf\u00f6ljer g\u00f6r \u00e4ven delar f\u00f6r Chidori-effekter, ett illustrerat blad med Sasukes Susanoo s\" \/>\n<meta property=\"og:url\" content=\"https:\/\/animefigurer.se\/en\/figurer\/naruto\/naruto-shippuden-nendoroid-sasuke-uchiha-rerelease\/\" \/>\n<meta property=\"og:site_name\" content=\"Animefigurer.se\" \/>\n<meta property=\"article:publisher\" content=\"https:\/\/www.facebook.com\/profile.php?id=61581826539670\" \/>\n<meta property=\"article:modified_time\" content=\"2025-12-21T18:38:09+00:00\" \/>\n<meta property=\"og:image\" content=\"https:\/\/animefigurer.se\/wp-content\/uploads\/2025\/12\/Animefigurer_logowhite.png\" \/>\n\t<meta property=\"og:image:width\" content=\"1890\" \/>\n\t<meta property=\"og:image:height\" content=\"1417\" \/>\n\t<meta property=\"og:image:type\" content=\"image\/png\" \/>\n<meta name=\"twitter:card\" content=\"summary_large_image\" \/>\n<script type=\"application\/ld+json\" class=\"yoast-schema-graph\">{\"@context\":\"https:\\\/\\\/schema.org\",\"@graph\":[{\"@type\":\"WebPage\",\"@id\":\"https:\\\/\\\/animefigurer.se\\\/figurer\\\/naruto\\\/naruto-shippuden-nendoroid-sasuke-uchiha-rerelease\\\/\",\"url\":\"https:\\\/\\\/animefigurer.se\\\/figurer\\\/naruto\\\/naruto-shippuden-nendoroid-sasuke-uchiha-rerelease\\\/\",\"name\":\"Naruto: Shippuden Nendoroid Sasuke Uchiha (Rerelease) | Animefigurer.se\",\"isPartOf\":{\"@id\":\"https:\\\/\\\/animefigurer.se\\\/#website\"},\"primaryImageOfPage\":{\"@id\":\"https:\\\/\\\/animefigurer.se\\\/figurer\\\/naruto\\\/naruto-shippuden-nendoroid-sasuke-uchiha-rerelease\\\/#primaryimage\"},\"image\":{\"@id\":\"https:\\\/\\\/animefigurer.se\\\/figurer\\\/naruto\\\/naruto-shippuden-nendoroid-sasuke-uchiha-rerelease\\\/#primaryimage\"},\"thumbnailUrl\":\"https:\\\/\\\/animefigurer.se\\\/wp-content\\\/uploads\\\/2025\\\/11\\\/690c6236ac918.jpeg\",\"datePublished\":\"2025-11-11T22:20:59+00:00\",\"dateModified\":\"2025-12-21T18:38:09+00:00\",\"breadcrumb\":{\"@id\":\"https:\\\/\\\/animefigurer.se\\\/figurer\\\/naruto\\\/naruto-shippuden-nendoroid-sasuke-uchiha-rerelease\\\/#breadcrumb\"},\"inLanguage\":\"en-GB\",\"potentialAction\":[{\"@type\":\"ReadAction\",\"target\":[\"https:\\\/\\\/animefigurer.se\\\/figurer\\\/naruto\\\/naruto-shippuden-nendoroid-sasuke-uchiha-rerelease\\\/\"]}]},{\"@type\":\"ImageObject\",\"inLanguage\":\"en-GB\",\"@id\":\"https:\\\/\\\/animefigurer.se\\\/figurer\\\/naruto\\\/naruto-shippuden-nendoroid-sasuke-uchiha-rerelease\\\/#primaryimage\",\"url\":\"https:\\\/\\\/animefigurer.se\\\/wp-content\\\/uploads\\\/2025\\\/11\\\/690c6236ac918.jpeg\",\"contentUrl\":\"https:\\\/\\\/animefigurer.se\\\/wp-content\\\/uploads\\\/2025\\\/11\\\/690c6236ac918.jpeg\",\"width\":600,\"height\":800},{\"@type\":\"BreadcrumbList\",\"@id\":\"https:\\\/\\\/animefigurer.se\\\/figurer\\\/naruto\\\/naruto-shippuden-nendoroid-sasuke-uchiha-rerelease\\\/#breadcrumb\",\"itemListElement\":[{\"@type\":\"ListItem\",\"position\":1,\"name\":\"Home\",\"item\":\"https:\\\/\\\/animefigurer.se\\\/\"},{\"@type\":\"ListItem\",\"position\":2,\"name\":\"Butik\",\"item\":\"https:\\\/\\\/animefigurer.se\\\/figurer\\\/\"},{\"@type\":\"ListItem\",\"position\":3,\"name\":\"Naruto: Shippuden Nendoroid Sasuke Uchiha (Rerelease)\"}]},{\"@type\":\"WebSite\",\"@id\":\"https:\\\/\\\/animefigurer.se\\\/#website\",\"url\":\"https:\\\/\\\/animefigurer.se\\\/\",\"name\":\"Animefigurer.se\",\"description\":\"Anime figurer fr\u00e5n \u00f6ver 300 olika anime serier med \u00f6ver 9000 produkter | Anime Shop\",\"publisher\":{\"@id\":\"https:\\\/\\\/animefigurer.se\\\/#organization\"},\"potentialAction\":[{\"@type\":\"SearchAction\",\"target\":{\"@type\":\"EntryPoint\",\"urlTemplate\":\"https:\\\/\\\/animefigurer.se\\\/?s={search_term_string}\"},\"query-input\":{\"@type\":\"PropertyValueSpecification\",\"valueRequired\":true,\"valueName\":\"search_term_string\"}}],\"inLanguage\":\"en-GB\"},{\"@type\":\"Organization\",\"@id\":\"https:\\\/\\\/animefigurer.se\\\/#organization\",\"name\":\"Animefigurer.se\",\"alternateName\":\"Anime figurer | Anime shop\",\"url\":\"https:\\\/\\\/animefigurer.se\\\/\",\"logo\":{\"@type\":\"ImageObject\",\"inLanguage\":\"en-GB\",\"@id\":\"https:\\\/\\\/animefigurer.se\\\/#\\\/schema\\\/logo\\\/image\\\/\",\"url\":\"https:\\\/\\\/animefigurer.se\\\/wp-content\\\/uploads\\\/2025\\\/12\\\/Animefigurer_logowhite.png\",\"contentUrl\":\"https:\\\/\\\/animefigurer.se\\\/wp-content\\\/uploads\\\/2025\\\/12\\\/Animefigurer_logowhite.png\",\"width\":1890,\"height\":1417,\"caption\":\"Animefigurer.se\"},\"image\":{\"@id\":\"https:\\\/\\\/animefigurer.se\\\/#\\\/schema\\\/logo\\\/image\\\/\"},\"sameAs\":[\"https:\\\/\\\/www.facebook.com\\\/profile.php?id=61581826539670\",\"https:\\\/\\\/www.instagram.com\\\/animefigurer.se\\\/\"],\"email\":\"info@animefigurer.se\"}]}<\/script>\n<!-- \/ Yoast SEO Premium plugin. -->","yoast_head_json":{"title":"Naruto: Shippuden Nendoroid Sasuke Uchiha (Rerelease) | Animefigurer.se","robots":{"index":"index","follow":"follow","max-snippet":"max-snippet:-1","max-image-preview":"max-image-preview:large","max-video-preview":"max-video-preview:-1"},"canonical":"https:\/\/animefigurer.se\/en\/figurer\/naruto\/naruto-shippuden-nendoroid-sasuke-uchiha-rerelease\/","og_locale":"en_GB","og_type":"article","og_title":"Naruto: Shippuden Nendoroid Sasuke Uchiha (Rerelease)","og_description":"\u00c5terutgivning av Nendoroid Sasuke Uchiha fr\u00e5n Naruto: Shippuden! Sasukes Shippuden-utseende \u00e5terges i Nendoroid-storlek och levereras med tre ansiktsplattor: standarduttryck, Sharingan och Mangekyou Sharingan. Medf\u00f6ljer g\u00f6r \u00e4ven delar f\u00f6r Chidori-effekter, ett illustrerat blad med Sasukes Susanoo s","og_url":"https:\/\/animefigurer.se\/en\/figurer\/naruto\/naruto-shippuden-nendoroid-sasuke-uchiha-rerelease\/","og_site_name":"Animefigurer.se","article_publisher":"https:\/\/www.facebook.com\/profile.php?id=61581826539670","article_modified_time":"2025-12-21T18:38:09+00:00","og_image":[{"width":1890,"height":1417,"url":"https:\/\/animefigurer.se\/wp-content\/uploads\/2025\/12\/Animefigurer_logowhite.png","type":"image\/png"}],"twitter_card":"summary_large_image","schema":{"@context":"https:\/\/schema.org","@graph":[{"@type":"WebPage","@id":"https:\/\/animefigurer.se\/figurer\/naruto\/naruto-shippuden-nendoroid-sasuke-uchiha-rerelease\/","url":"https:\/\/animefigurer.se\/figurer\/naruto\/naruto-shippuden-nendoroid-sasuke-uchiha-rerelease\/","name":"Naruto: Shippuden Nendoroid Sasuke Uchiha (Rerelease) | Animefigurer.se","isPartOf":{"@id":"https:\/\/animefigurer.se\/#website"},"primaryImageOfPage":{"@id":"https:\/\/animefigurer.se\/figurer\/naruto\/naruto-shippuden-nendoroid-sasuke-uchiha-rerelease\/#primaryimage"},"image":{"@id":"https:\/\/animefigurer.se\/figurer\/naruto\/naruto-shippuden-nendoroid-sasuke-uchiha-rerelease\/#primaryimage"},"thumbnailUrl":"https:\/\/animefigurer.se\/wp-content\/uploads\/2025\/11\/690c6236ac918.jpeg","datePublished":"2025-11-11T22:20:59+00:00","dateModified":"2025-12-21T18:38:09+00:00","breadcrumb":{"@id":"https:\/\/animefigurer.se\/figurer\/naruto\/naruto-shippuden-nendoroid-sasuke-uchiha-rerelease\/#breadcrumb"},"inLanguage":"en-GB","potentialAction":[{"@type":"ReadAction","target":["https:\/\/animefigurer.se\/figurer\/naruto\/naruto-shippuden-nendoroid-sasuke-uchiha-rerelease\/"]}]},{"@type":"ImageObject","inLanguage":"en-GB","@id":"https:\/\/animefigurer.se\/figurer\/naruto\/naruto-shippuden-nendoroid-sasuke-uchiha-rerelease\/#primaryimage","url":"https:\/\/animefigurer.se\/wp-content\/uploads\/2025\/11\/690c6236ac918.jpeg","contentUrl":"https:\/\/animefigurer.se\/wp-content\/uploads\/2025\/11\/690c6236ac918.jpeg","width":600,"height":800},{"@type":"BreadcrumbList","@id":"https:\/\/animefigurer.se\/figurer\/naruto\/naruto-shippuden-nendoroid-sasuke-uchiha-rerelease\/#breadcrumb","itemListElement":[{"@type":"ListItem","position":1,"name":"Home","item":"https:\/\/animefigurer.se\/"},{"@type":"ListItem","position":2,"name":"Butik","item":"https:\/\/animefigurer.se\/figurer\/"},{"@type":"ListItem","position":3,"name":"Naruto: Shippuden Nendoroid Sasuke Uchiha (Rerelease)"}]},{"@type":"WebSite","@id":"https:\/\/animefigurer.se\/#website","url":"https:\/\/animefigurer.se\/","name":"Animefigurer.se","description":"Anime figures from over 300 different anime series with over 9000 products | Anime Shop","publisher":{"@id":"https:\/\/animefigurer.se\/#organization"},"potentialAction":[{"@type":"SearchAction","target":{"@type":"EntryPoint","urlTemplate":"https:\/\/animefigurer.se\/?s={search_term_string}"},"query-input":{"@type":"PropertyValueSpecification","valueRequired":true,"valueName":"search_term_string"}}],"inLanguage":"en-GB"},{"@type":"Organization","@id":"https:\/\/animefigurer.se\/#organization","name":"Animefigurer.se","alternateName":"Anime figurer | Anime shop","url":"https:\/\/animefigurer.se\/","logo":{"@type":"ImageObject","inLanguage":"en-GB","@id":"https:\/\/animefigurer.se\/#\/schema\/logo\/image\/","url":"https:\/\/animefigurer.se\/wp-content\/uploads\/2025\/12\/Animefigurer_logowhite.png","contentUrl":"https:\/\/animefigurer.se\/wp-content\/uploads\/2025\/12\/Animefigurer_logowhite.png","width":1890,"height":1417,"caption":"Animefigurer.se"},"image":{"@id":"https:\/\/animefigurer.se\/#\/schema\/logo\/image\/"},"sameAs":["https:\/\/www.facebook.com\/profile.php?id=61581826539670","https:\/\/www.instagram.com\/animefigurer.se\/"],"email":"info@animefigurer.se"}]}},"_links":{"self":[{"href":"https:\/\/animefigurer.se\/en\/wp-json\/wp\/v2\/product\/83219","targetHints":{"allow":["GET"]}}],"collection":[{"href":"https:\/\/animefigurer.se\/en\/wp-json\/wp\/v2\/product"}],"about":[{"href":"https:\/\/animefigurer.se\/en\/wp-json\/wp\/v2\/types\/product"}],"replies":[{"embeddable":true,"href":"https:\/\/animefigurer.se\/en\/wp-json\/wp\/v2\/comments?post=83219"}],"wp:featuredmedia":[{"embeddable":true,"href":"https:\/\/animefigurer.se\/en\/wp-json\/wp\/v2\/media\/83220"}],"wp:attachment":[{"href":"https:\/\/animefigurer.se\/en\/wp-json\/wp\/v2\/media?parent=83219"}],"wp:term":[{"taxonomy":"product_brand","embeddable":true,"href":"https:\/\/animefigurer.se\/en\/wp-json\/wp\/v2\/product_brand?post=83219"},{"taxonomy":"product_cat","embeddable":true,"href":"https:\/\/animefigurer.se\/en\/wp-json\/wp\/v2\/product_cat?post=83219"},{"taxonomy":"product_tag","embeddable":true,"href":"https:\/\/animefigurer.se\/en\/wp-json\/wp\/v2\/product_tag?post=83219"},{"taxonomy":"giftcard-category","embeddable":true,"href":"https:\/\/animefigurer.se\/en\/wp-json\/wp\/v2\/giftcard-category?post=83219"}],"curies":[{"name":"wp","href":"https:\/\/api.w.org\/{rel}","templated":true}]}}