{"id":83041,"date":"2025-11-11T23:18:14","date_gmt":"2025-11-11T22:18:14","guid":{"rendered":"https:\/\/animefigurer.se\/produkt\/naruto-72-series-vibration-stars-27-sasuke-uchiha-figure\/"},"modified":"2025-12-21T19:38:06","modified_gmt":"2025-12-21T18:38:06","slug":"naruto-72-series-vibration-stars-27-sasuke-uchiha-figure","status":"publish","type":"product","link":"https:\/\/animefigurer.se\/en\/figurer\/naruto\/naruto-72-series-vibration-stars-27-sasuke-uchiha-figure\/","title":{"rendered":"Naruto 72 Series Vibration Stars 27 Sasuke Uchiha Figure"},"content":{"rendered":"<p>Banpresto continues the Naruto 72 and Vibration Stars series with Sharingan user Sasuke Uchiha! Inspired by the legendary battle at the Valley of the End, the figure features Sasuke with the curse mark of Orochimaru, rendered with impressive detail and fidelity to the anime. A must-have for collectors \u2014 add this Suzuki-inspired figure to your shelf today!<\/p>","protected":false},"excerpt":{"rendered":"<p>Banpresto continues the Naruto 72 and Vibration Stars series with Sharingan user Sasuke Uchiha! Inspired by the legendary battle at the Valley of the End, the figure shows Sasuke with the curse mark of Orochimaru, rendered with impressive detail and fidelity to the anime. A must-have for collectors<\/p>","protected":false},"featured_media":83042,"comment_status":"closed","ping_status":"open","template":"","meta":{"_acf_changed":false,"_monsterinsights_skip_tracking":false,"_monsterinsights_sitenote_active":false,"_monsterinsights_sitenote_note":"","_monsterinsights_sitenote_category":0},"product_brand":[6928],"product_cat":[17,7233],"product_tag":[26],"giftcard-category":[],"class_list":{"0":"post-83041","1":"product","2":"type-product","3":"status-publish","4":"has-post-thumbnail","6":"product_brand-banpresto","7":"product_cat-naruto","8":"product_cat-pre-order","9":"product_tag-pre-order","10":"pa_franchise-naruto","11":"pa_karaktar-sasuke-uchiha","12":"pa_material-pvc-abs","13":"pa_produktserie-vibration-stars","14":"pa_storlek-15-cm","16":"first","17":"instock","18":"taxable","19":"shipping-taxable","20":"purchasable","21":"product-type-simple"},"acf":[],"yoast_head":"<!-- This site is optimized with the Yoast SEO Premium plugin v24.6 (Yoast SEO v27.3) - https:\/\/yoast.com\/product\/yoast-seo-premium-wordpress\/ -->\n<title>Naruto 72 Series Vibration Stars 27 Sasuke Uchiha Figure | Animefigurer.se<\/title>\n<meta name=\"robots\" content=\"index, follow, max-snippet:-1, max-image-preview:large, max-video-preview:-1\" \/>\n<link rel=\"canonical\" href=\"https:\/\/animefigurer.se\/en\/figurer\/naruto\/naruto-72-series-vibration-stars-27-sasuke-uchiha-figure\/\" \/>\n<meta property=\"og:locale\" content=\"en_GB\" \/>\n<meta property=\"og:type\" content=\"article\" \/>\n<meta property=\"og:title\" content=\"Naruto 72 Series Vibration Stars 27 Sasuke Uchiha Figure\" \/>\n<meta property=\"og:description\" content=\"Banpresto forts\u00e4tter Naruto 72- och Vibration Stars-serierna med Sharingan-anv\u00e4ndaren Sasuke Uchiha! Inspirerad av den legendariska striden vid Valley of the End visar figuren Sasuke med f\u00f6rbannelsem\u00e4rket fr\u00e5n Orochimaru, \u00e5tergiven med imponerande detalj och trohet till animen. Ett m\u00e5ste f\u00f6r samlare\" \/>\n<meta property=\"og:url\" content=\"https:\/\/animefigurer.se\/en\/figurer\/naruto\/naruto-72-series-vibration-stars-27-sasuke-uchiha-figure\/\" \/>\n<meta property=\"og:site_name\" content=\"Animefigurer.se\" \/>\n<meta property=\"article:publisher\" content=\"https:\/\/www.facebook.com\/profile.php?id=61581826539670\" \/>\n<meta property=\"article:modified_time\" content=\"2025-12-21T18:38:06+00:00\" \/>\n<meta property=\"og:image\" content=\"https:\/\/animefigurer.se\/wp-content\/uploads\/2025\/12\/Animefigurer_logowhite.png\" \/>\n\t<meta property=\"og:image:width\" content=\"1890\" \/>\n\t<meta property=\"og:image:height\" content=\"1417\" \/>\n\t<meta property=\"og:image:type\" content=\"image\/png\" \/>\n<meta name=\"twitter:card\" content=\"summary_large_image\" \/>\n<script type=\"application\/ld+json\" class=\"yoast-schema-graph\">{\"@context\":\"https:\\\/\\\/schema.org\",\"@graph\":[{\"@type\":\"WebPage\",\"@id\":\"https:\\\/\\\/animefigurer.se\\\/figurer\\\/naruto\\\/naruto-72-series-vibration-stars-27-sasuke-uchiha-figure\\\/\",\"url\":\"https:\\\/\\\/animefigurer.se\\\/figurer\\\/naruto\\\/naruto-72-series-vibration-stars-27-sasuke-uchiha-figure\\\/\",\"name\":\"Naruto 72 Series Vibration Stars 27 Sasuke Uchiha Figure | Animefigurer.se\",\"isPartOf\":{\"@id\":\"https:\\\/\\\/animefigurer.se\\\/#website\"},\"primaryImageOfPage\":{\"@id\":\"https:\\\/\\\/animefigurer.se\\\/figurer\\\/naruto\\\/naruto-72-series-vibration-stars-27-sasuke-uchiha-figure\\\/#primaryimage\"},\"image\":{\"@id\":\"https:\\\/\\\/animefigurer.se\\\/figurer\\\/naruto\\\/naruto-72-series-vibration-stars-27-sasuke-uchiha-figure\\\/#primaryimage\"},\"thumbnailUrl\":\"https:\\\/\\\/animefigurer.se\\\/wp-content\\\/uploads\\\/2025\\\/11\\\/68b6f23c32b02.jpeg\",\"datePublished\":\"2025-11-11T22:18:14+00:00\",\"dateModified\":\"2025-12-21T18:38:06+00:00\",\"breadcrumb\":{\"@id\":\"https:\\\/\\\/animefigurer.se\\\/figurer\\\/naruto\\\/naruto-72-series-vibration-stars-27-sasuke-uchiha-figure\\\/#breadcrumb\"},\"inLanguage\":\"en-GB\",\"potentialAction\":[{\"@type\":\"ReadAction\",\"target\":[\"https:\\\/\\\/animefigurer.se\\\/figurer\\\/naruto\\\/naruto-72-series-vibration-stars-27-sasuke-uchiha-figure\\\/\"]}]},{\"@type\":\"ImageObject\",\"inLanguage\":\"en-GB\",\"@id\":\"https:\\\/\\\/animefigurer.se\\\/figurer\\\/naruto\\\/naruto-72-series-vibration-stars-27-sasuke-uchiha-figure\\\/#primaryimage\",\"url\":\"https:\\\/\\\/animefigurer.se\\\/wp-content\\\/uploads\\\/2025\\\/11\\\/68b6f23c32b02.jpeg\",\"contentUrl\":\"https:\\\/\\\/animefigurer.se\\\/wp-content\\\/uploads\\\/2025\\\/11\\\/68b6f23c32b02.jpeg\",\"width\":1000,\"height\":750},{\"@type\":\"BreadcrumbList\",\"@id\":\"https:\\\/\\\/animefigurer.se\\\/figurer\\\/naruto\\\/naruto-72-series-vibration-stars-27-sasuke-uchiha-figure\\\/#breadcrumb\",\"itemListElement\":[{\"@type\":\"ListItem\",\"position\":1,\"name\":\"Home\",\"item\":\"https:\\\/\\\/animefigurer.se\\\/\"},{\"@type\":\"ListItem\",\"position\":2,\"name\":\"Butik\",\"item\":\"https:\\\/\\\/animefigurer.se\\\/figurer\\\/\"},{\"@type\":\"ListItem\",\"position\":3,\"name\":\"Naruto 72 Series Vibration Stars 27 Sasuke Uchiha Figure\"}]},{\"@type\":\"WebSite\",\"@id\":\"https:\\\/\\\/animefigurer.se\\\/#website\",\"url\":\"https:\\\/\\\/animefigurer.se\\\/\",\"name\":\"Animefigurer.se\",\"description\":\"Anime figurer fr\u00e5n \u00f6ver 300 olika anime serier med \u00f6ver 9000 produkter | Anime Shop\",\"publisher\":{\"@id\":\"https:\\\/\\\/animefigurer.se\\\/#organization\"},\"potentialAction\":[{\"@type\":\"SearchAction\",\"target\":{\"@type\":\"EntryPoint\",\"urlTemplate\":\"https:\\\/\\\/animefigurer.se\\\/?s={search_term_string}\"},\"query-input\":{\"@type\":\"PropertyValueSpecification\",\"valueRequired\":true,\"valueName\":\"search_term_string\"}}],\"inLanguage\":\"en-GB\"},{\"@type\":\"Organization\",\"@id\":\"https:\\\/\\\/animefigurer.se\\\/#organization\",\"name\":\"Animefigurer.se\",\"alternateName\":\"Anime figurer | Anime shop\",\"url\":\"https:\\\/\\\/animefigurer.se\\\/\",\"logo\":{\"@type\":\"ImageObject\",\"inLanguage\":\"en-GB\",\"@id\":\"https:\\\/\\\/animefigurer.se\\\/#\\\/schema\\\/logo\\\/image\\\/\",\"url\":\"https:\\\/\\\/animefigurer.se\\\/wp-content\\\/uploads\\\/2025\\\/12\\\/Animefigurer_logowhite.png\",\"contentUrl\":\"https:\\\/\\\/animefigurer.se\\\/wp-content\\\/uploads\\\/2025\\\/12\\\/Animefigurer_logowhite.png\",\"width\":1890,\"height\":1417,\"caption\":\"Animefigurer.se\"},\"image\":{\"@id\":\"https:\\\/\\\/animefigurer.se\\\/#\\\/schema\\\/logo\\\/image\\\/\"},\"sameAs\":[\"https:\\\/\\\/www.facebook.com\\\/profile.php?id=61581826539670\",\"https:\\\/\\\/www.instagram.com\\\/animefigurer.se\\\/\"],\"email\":\"info@animefigurer.se\"}]}<\/script>\n<!-- \/ Yoast SEO Premium plugin. -->","yoast_head_json":{"title":"Naruto 72 Series Vibration Stars 27 Sasuke Uchiha Figure | Animefigurer.se","robots":{"index":"index","follow":"follow","max-snippet":"max-snippet:-1","max-image-preview":"max-image-preview:large","max-video-preview":"max-video-preview:-1"},"canonical":"https:\/\/animefigurer.se\/en\/figurer\/naruto\/naruto-72-series-vibration-stars-27-sasuke-uchiha-figure\/","og_locale":"en_GB","og_type":"article","og_title":"Naruto 72 Series Vibration Stars 27 Sasuke Uchiha Figure","og_description":"Banpresto forts\u00e4tter Naruto 72- och Vibration Stars-serierna med Sharingan-anv\u00e4ndaren Sasuke Uchiha! Inspirerad av den legendariska striden vid Valley of the End visar figuren Sasuke med f\u00f6rbannelsem\u00e4rket fr\u00e5n Orochimaru, \u00e5tergiven med imponerande detalj och trohet till animen. Ett m\u00e5ste f\u00f6r samlare","og_url":"https:\/\/animefigurer.se\/en\/figurer\/naruto\/naruto-72-series-vibration-stars-27-sasuke-uchiha-figure\/","og_site_name":"Animefigurer.se","article_publisher":"https:\/\/www.facebook.com\/profile.php?id=61581826539670","article_modified_time":"2025-12-21T18:38:06+00:00","og_image":[{"width":1890,"height":1417,"url":"https:\/\/animefigurer.se\/wp-content\/uploads\/2025\/12\/Animefigurer_logowhite.png","type":"image\/png"}],"twitter_card":"summary_large_image","schema":{"@context":"https:\/\/schema.org","@graph":[{"@type":"WebPage","@id":"https:\/\/animefigurer.se\/figurer\/naruto\/naruto-72-series-vibration-stars-27-sasuke-uchiha-figure\/","url":"https:\/\/animefigurer.se\/figurer\/naruto\/naruto-72-series-vibration-stars-27-sasuke-uchiha-figure\/","name":"Naruto 72 Series Vibration Stars 27 Sasuke Uchiha Figure | Animefigurer.se","isPartOf":{"@id":"https:\/\/animefigurer.se\/#website"},"primaryImageOfPage":{"@id":"https:\/\/animefigurer.se\/figurer\/naruto\/naruto-72-series-vibration-stars-27-sasuke-uchiha-figure\/#primaryimage"},"image":{"@id":"https:\/\/animefigurer.se\/figurer\/naruto\/naruto-72-series-vibration-stars-27-sasuke-uchiha-figure\/#primaryimage"},"thumbnailUrl":"https:\/\/animefigurer.se\/wp-content\/uploads\/2025\/11\/68b6f23c32b02.jpeg","datePublished":"2025-11-11T22:18:14+00:00","dateModified":"2025-12-21T18:38:06+00:00","breadcrumb":{"@id":"https:\/\/animefigurer.se\/figurer\/naruto\/naruto-72-series-vibration-stars-27-sasuke-uchiha-figure\/#breadcrumb"},"inLanguage":"en-GB","potentialAction":[{"@type":"ReadAction","target":["https:\/\/animefigurer.se\/figurer\/naruto\/naruto-72-series-vibration-stars-27-sasuke-uchiha-figure\/"]}]},{"@type":"ImageObject","inLanguage":"en-GB","@id":"https:\/\/animefigurer.se\/figurer\/naruto\/naruto-72-series-vibration-stars-27-sasuke-uchiha-figure\/#primaryimage","url":"https:\/\/animefigurer.se\/wp-content\/uploads\/2025\/11\/68b6f23c32b02.jpeg","contentUrl":"https:\/\/animefigurer.se\/wp-content\/uploads\/2025\/11\/68b6f23c32b02.jpeg","width":1000,"height":750},{"@type":"BreadcrumbList","@id":"https:\/\/animefigurer.se\/figurer\/naruto\/naruto-72-series-vibration-stars-27-sasuke-uchiha-figure\/#breadcrumb","itemListElement":[{"@type":"ListItem","position":1,"name":"Home","item":"https:\/\/animefigurer.se\/"},{"@type":"ListItem","position":2,"name":"Butik","item":"https:\/\/animefigurer.se\/figurer\/"},{"@type":"ListItem","position":3,"name":"Naruto 72 Series Vibration Stars 27 Sasuke Uchiha Figure"}]},{"@type":"WebSite","@id":"https:\/\/animefigurer.se\/#website","url":"https:\/\/animefigurer.se\/","name":"Animefigurer.se","description":"Anime figures from over 300 different anime series with over 9000 products | Anime Shop","publisher":{"@id":"https:\/\/animefigurer.se\/#organization"},"potentialAction":[{"@type":"SearchAction","target":{"@type":"EntryPoint","urlTemplate":"https:\/\/animefigurer.se\/?s={search_term_string}"},"query-input":{"@type":"PropertyValueSpecification","valueRequired":true,"valueName":"search_term_string"}}],"inLanguage":"en-GB"},{"@type":"Organization","@id":"https:\/\/animefigurer.se\/#organization","name":"Animefigurer.se","alternateName":"Anime figurer | Anime shop","url":"https:\/\/animefigurer.se\/","logo":{"@type":"ImageObject","inLanguage":"en-GB","@id":"https:\/\/animefigurer.se\/#\/schema\/logo\/image\/","url":"https:\/\/animefigurer.se\/wp-content\/uploads\/2025\/12\/Animefigurer_logowhite.png","contentUrl":"https:\/\/animefigurer.se\/wp-content\/uploads\/2025\/12\/Animefigurer_logowhite.png","width":1890,"height":1417,"caption":"Animefigurer.se"},"image":{"@id":"https:\/\/animefigurer.se\/#\/schema\/logo\/image\/"},"sameAs":["https:\/\/www.facebook.com\/profile.php?id=61581826539670","https:\/\/www.instagram.com\/animefigurer.se\/"],"email":"info@animefigurer.se"}]}},"_links":{"self":[{"href":"https:\/\/animefigurer.se\/en\/wp-json\/wp\/v2\/product\/83041","targetHints":{"allow":["GET"]}}],"collection":[{"href":"https:\/\/animefigurer.se\/en\/wp-json\/wp\/v2\/product"}],"about":[{"href":"https:\/\/animefigurer.se\/en\/wp-json\/wp\/v2\/types\/product"}],"replies":[{"embeddable":true,"href":"https:\/\/animefigurer.se\/en\/wp-json\/wp\/v2\/comments?post=83041"}],"wp:featuredmedia":[{"embeddable":true,"href":"https:\/\/animefigurer.se\/en\/wp-json\/wp\/v2\/media\/83042"}],"wp:attachment":[{"href":"https:\/\/animefigurer.se\/en\/wp-json\/wp\/v2\/media?parent=83041"}],"wp:term":[{"taxonomy":"product_brand","embeddable":true,"href":"https:\/\/animefigurer.se\/en\/wp-json\/wp\/v2\/product_brand?post=83041"},{"taxonomy":"product_cat","embeddable":true,"href":"https:\/\/animefigurer.se\/en\/wp-json\/wp\/v2\/product_cat?post=83041"},{"taxonomy":"product_tag","embeddable":true,"href":"https:\/\/animefigurer.se\/en\/wp-json\/wp\/v2\/product_tag?post=83041"},{"taxonomy":"giftcard-category","embeddable":true,"href":"https:\/\/animefigurer.se\/en\/wp-json\/wp\/v2\/giftcard-category?post=83041"}],"curies":[{"name":"wp","href":"https:\/\/api.w.org\/{rel}","templated":true}]}}