{"id":82892,"date":"2025-11-11T23:17:10","date_gmt":"2025-11-11T22:17:10","guid":{"rendered":"https:\/\/animefigurer.se\/produkt\/naruto-shippuden-vibration-stars-orochimaru-figure\/"},"modified":"2025-12-21T19:38:04","modified_gmt":"2025-12-21T18:38:04","slug":"naruto-shippuden-vibration-stars-orochimaru-figure","status":"publish","type":"product","link":"https:\/\/animefigurer.se\/en\/figurer\/naruto\/naruto-shippuden-vibration-stars-orochimaru-figure\/","title":{"rendered":"Naruto: Shippuden Vibration Stars Orochimaru Figure"},"content":{"rendered":"<p>Banpresto adds Orochimaru to its Vibration Stars series once again! This version shows the sneaky villain with his long tongue sticking out of his mouth \u2014 a dramatic and distinctive detail. Banpresto is known for its variety and detailed models, with well-executed painting and sculpting at a reasonable price and high quality.<\/p>","protected":false},"excerpt":{"rendered":"<p>Banpresto adds Orochimaru to its Vibration Stars series once again! This version shows the sneaky villain with his long tongue sticking out of his mouth \u2014 a dramatic and distinctive detail. Banpresto is known for its variety and detailed models, with well-executed painting and sculpting to match.<\/p>","protected":false},"featured_media":82893,"comment_status":"closed","ping_status":"open","template":"","meta":{"_acf_changed":false,"_monsterinsights_skip_tracking":false,"_monsterinsights_sitenote_active":false,"_monsterinsights_sitenote_note":"","_monsterinsights_sitenote_category":0},"product_brand":[6928],"product_cat":[17,7233],"product_tag":[26],"giftcard-category":[],"class_list":{"0":"post-82892","1":"product","2":"type-product","3":"status-publish","4":"has-post-thumbnail","6":"product_brand-banpresto","7":"product_cat-naruto","8":"product_cat-pre-order","9":"product_tag-pre-order","10":"pa_franchise-naruto-shippuden","11":"pa_karaktar-orochimaru","12":"pa_material-pvc-abs","13":"pa_produktserie-vibration-stars","14":"pa_storlek-15-cm","16":"first","17":"instock","18":"taxable","19":"shipping-taxable","20":"purchasable","21":"product-type-simple"},"acf":[],"yoast_head":"<!-- This site is optimized with the Yoast SEO Premium plugin v24.6 (Yoast SEO v27.3) - https:\/\/yoast.com\/product\/yoast-seo-premium-wordpress\/ -->\n<title>Naruto: Shippuden Vibration Stars Orochimaru Figure | Animefigurer.se<\/title>\n<meta name=\"robots\" content=\"index, follow, max-snippet:-1, max-image-preview:large, max-video-preview:-1\" \/>\n<link rel=\"canonical\" href=\"https:\/\/animefigurer.se\/en\/figurer\/naruto\/naruto-shippuden-vibration-stars-orochimaru-figure\/\" \/>\n<meta property=\"og:locale\" content=\"en_GB\" \/>\n<meta property=\"og:type\" content=\"article\" \/>\n<meta property=\"og:title\" content=\"Naruto: Shippuden Vibration Stars Orochimaru Figure\" \/>\n<meta property=\"og:description\" content=\"Banpresto l\u00e4gger till Orochimaru i sin Vibration Stars-serie igen! Den h\u00e4r versionen visar den l\u00f6mske skurken med sin l\u00e5nga tunga utstr\u00e4ckt ur munnen \u2014 en dramatisk och distinkt detalj. Banpresto \u00e4r k\u00e4nt f\u00f6r sin m\u00e5ngfald och sina detaljerade modeller, med v\u00e4l utf\u00f6rd m\u00e5lning och skulptering till riml\" \/>\n<meta property=\"og:url\" content=\"https:\/\/animefigurer.se\/en\/figurer\/naruto\/naruto-shippuden-vibration-stars-orochimaru-figure\/\" \/>\n<meta property=\"og:site_name\" content=\"Animefigurer.se\" \/>\n<meta property=\"article:publisher\" content=\"https:\/\/www.facebook.com\/profile.php?id=61581826539670\" \/>\n<meta property=\"article:modified_time\" content=\"2025-12-21T18:38:04+00:00\" \/>\n<meta property=\"og:image\" content=\"https:\/\/animefigurer.se\/wp-content\/uploads\/2025\/12\/Animefigurer_logowhite.png\" \/>\n\t<meta property=\"og:image:width\" content=\"1890\" \/>\n\t<meta property=\"og:image:height\" content=\"1417\" \/>\n\t<meta property=\"og:image:type\" content=\"image\/png\" \/>\n<meta name=\"twitter:card\" content=\"summary_large_image\" \/>\n<script type=\"application\/ld+json\" class=\"yoast-schema-graph\">{\"@context\":\"https:\\\/\\\/schema.org\",\"@graph\":[{\"@type\":\"WebPage\",\"@id\":\"https:\\\/\\\/animefigurer.se\\\/figurer\\\/naruto\\\/naruto-shippuden-vibration-stars-orochimaru-figure\\\/\",\"url\":\"https:\\\/\\\/animefigurer.se\\\/figurer\\\/naruto\\\/naruto-shippuden-vibration-stars-orochimaru-figure\\\/\",\"name\":\"Naruto: Shippuden Vibration Stars Orochimaru Figure | Animefigurer.se\",\"isPartOf\":{\"@id\":\"https:\\\/\\\/animefigurer.se\\\/#website\"},\"primaryImageOfPage\":{\"@id\":\"https:\\\/\\\/animefigurer.se\\\/figurer\\\/naruto\\\/naruto-shippuden-vibration-stars-orochimaru-figure\\\/#primaryimage\"},\"image\":{\"@id\":\"https:\\\/\\\/animefigurer.se\\\/figurer\\\/naruto\\\/naruto-shippuden-vibration-stars-orochimaru-figure\\\/#primaryimage\"},\"thumbnailUrl\":\"https:\\\/\\\/animefigurer.se\\\/wp-content\\\/uploads\\\/2025\\\/11\\\/682e61bdc83df.jpeg\",\"datePublished\":\"2025-11-11T22:17:10+00:00\",\"dateModified\":\"2025-12-21T18:38:04+00:00\",\"breadcrumb\":{\"@id\":\"https:\\\/\\\/animefigurer.se\\\/figurer\\\/naruto\\\/naruto-shippuden-vibration-stars-orochimaru-figure\\\/#breadcrumb\"},\"inLanguage\":\"en-GB\",\"potentialAction\":[{\"@type\":\"ReadAction\",\"target\":[\"https:\\\/\\\/animefigurer.se\\\/figurer\\\/naruto\\\/naruto-shippuden-vibration-stars-orochimaru-figure\\\/\"]}]},{\"@type\":\"ImageObject\",\"inLanguage\":\"en-GB\",\"@id\":\"https:\\\/\\\/animefigurer.se\\\/figurer\\\/naruto\\\/naruto-shippuden-vibration-stars-orochimaru-figure\\\/#primaryimage\",\"url\":\"https:\\\/\\\/animefigurer.se\\\/wp-content\\\/uploads\\\/2025\\\/11\\\/682e61bdc83df.jpeg\",\"contentUrl\":\"https:\\\/\\\/animefigurer.se\\\/wp-content\\\/uploads\\\/2025\\\/11\\\/682e61bdc83df.jpeg\",\"width\":1000,\"height\":750},{\"@type\":\"BreadcrumbList\",\"@id\":\"https:\\\/\\\/animefigurer.se\\\/figurer\\\/naruto\\\/naruto-shippuden-vibration-stars-orochimaru-figure\\\/#breadcrumb\",\"itemListElement\":[{\"@type\":\"ListItem\",\"position\":1,\"name\":\"Home\",\"item\":\"https:\\\/\\\/animefigurer.se\\\/\"},{\"@type\":\"ListItem\",\"position\":2,\"name\":\"Butik\",\"item\":\"https:\\\/\\\/animefigurer.se\\\/figurer\\\/\"},{\"@type\":\"ListItem\",\"position\":3,\"name\":\"Naruto: Shippuden Vibration Stars Orochimaru Figure\"}]},{\"@type\":\"WebSite\",\"@id\":\"https:\\\/\\\/animefigurer.se\\\/#website\",\"url\":\"https:\\\/\\\/animefigurer.se\\\/\",\"name\":\"Animefigurer.se\",\"description\":\"Anime figurer fr\u00e5n \u00f6ver 300 olika anime serier med \u00f6ver 9000 produkter | Anime Shop\",\"publisher\":{\"@id\":\"https:\\\/\\\/animefigurer.se\\\/#organization\"},\"potentialAction\":[{\"@type\":\"SearchAction\",\"target\":{\"@type\":\"EntryPoint\",\"urlTemplate\":\"https:\\\/\\\/animefigurer.se\\\/?s={search_term_string}\"},\"query-input\":{\"@type\":\"PropertyValueSpecification\",\"valueRequired\":true,\"valueName\":\"search_term_string\"}}],\"inLanguage\":\"en-GB\"},{\"@type\":\"Organization\",\"@id\":\"https:\\\/\\\/animefigurer.se\\\/#organization\",\"name\":\"Animefigurer.se\",\"alternateName\":\"Anime figurer | Anime shop\",\"url\":\"https:\\\/\\\/animefigurer.se\\\/\",\"logo\":{\"@type\":\"ImageObject\",\"inLanguage\":\"en-GB\",\"@id\":\"https:\\\/\\\/animefigurer.se\\\/#\\\/schema\\\/logo\\\/image\\\/\",\"url\":\"https:\\\/\\\/animefigurer.se\\\/wp-content\\\/uploads\\\/2025\\\/12\\\/Animefigurer_logowhite.png\",\"contentUrl\":\"https:\\\/\\\/animefigurer.se\\\/wp-content\\\/uploads\\\/2025\\\/12\\\/Animefigurer_logowhite.png\",\"width\":1890,\"height\":1417,\"caption\":\"Animefigurer.se\"},\"image\":{\"@id\":\"https:\\\/\\\/animefigurer.se\\\/#\\\/schema\\\/logo\\\/image\\\/\"},\"sameAs\":[\"https:\\\/\\\/www.facebook.com\\\/profile.php?id=61581826539670\",\"https:\\\/\\\/www.instagram.com\\\/animefigurer.se\\\/\"],\"email\":\"info@animefigurer.se\"}]}<\/script>\n<!-- \/ Yoast SEO Premium plugin. -->","yoast_head_json":{"title":"Naruto: Shippuden Vibration Stars Orochimaru Figure | Animefigurer.se","robots":{"index":"index","follow":"follow","max-snippet":"max-snippet:-1","max-image-preview":"max-image-preview:large","max-video-preview":"max-video-preview:-1"},"canonical":"https:\/\/animefigurer.se\/en\/figurer\/naruto\/naruto-shippuden-vibration-stars-orochimaru-figure\/","og_locale":"en_GB","og_type":"article","og_title":"Naruto: Shippuden Vibration Stars Orochimaru Figure","og_description":"Banpresto l\u00e4gger till Orochimaru i sin Vibration Stars-serie igen! Den h\u00e4r versionen visar den l\u00f6mske skurken med sin l\u00e5nga tunga utstr\u00e4ckt ur munnen \u2014 en dramatisk och distinkt detalj. Banpresto \u00e4r k\u00e4nt f\u00f6r sin m\u00e5ngfald och sina detaljerade modeller, med v\u00e4l utf\u00f6rd m\u00e5lning och skulptering till riml","og_url":"https:\/\/animefigurer.se\/en\/figurer\/naruto\/naruto-shippuden-vibration-stars-orochimaru-figure\/","og_site_name":"Animefigurer.se","article_publisher":"https:\/\/www.facebook.com\/profile.php?id=61581826539670","article_modified_time":"2025-12-21T18:38:04+00:00","og_image":[{"width":1890,"height":1417,"url":"https:\/\/animefigurer.se\/wp-content\/uploads\/2025\/12\/Animefigurer_logowhite.png","type":"image\/png"}],"twitter_card":"summary_large_image","schema":{"@context":"https:\/\/schema.org","@graph":[{"@type":"WebPage","@id":"https:\/\/animefigurer.se\/figurer\/naruto\/naruto-shippuden-vibration-stars-orochimaru-figure\/","url":"https:\/\/animefigurer.se\/figurer\/naruto\/naruto-shippuden-vibration-stars-orochimaru-figure\/","name":"Naruto: Shippuden Vibration Stars Orochimaru Figure | Animefigurer.se","isPartOf":{"@id":"https:\/\/animefigurer.se\/#website"},"primaryImageOfPage":{"@id":"https:\/\/animefigurer.se\/figurer\/naruto\/naruto-shippuden-vibration-stars-orochimaru-figure\/#primaryimage"},"image":{"@id":"https:\/\/animefigurer.se\/figurer\/naruto\/naruto-shippuden-vibration-stars-orochimaru-figure\/#primaryimage"},"thumbnailUrl":"https:\/\/animefigurer.se\/wp-content\/uploads\/2025\/11\/682e61bdc83df.jpeg","datePublished":"2025-11-11T22:17:10+00:00","dateModified":"2025-12-21T18:38:04+00:00","breadcrumb":{"@id":"https:\/\/animefigurer.se\/figurer\/naruto\/naruto-shippuden-vibration-stars-orochimaru-figure\/#breadcrumb"},"inLanguage":"en-GB","potentialAction":[{"@type":"ReadAction","target":["https:\/\/animefigurer.se\/figurer\/naruto\/naruto-shippuden-vibration-stars-orochimaru-figure\/"]}]},{"@type":"ImageObject","inLanguage":"en-GB","@id":"https:\/\/animefigurer.se\/figurer\/naruto\/naruto-shippuden-vibration-stars-orochimaru-figure\/#primaryimage","url":"https:\/\/animefigurer.se\/wp-content\/uploads\/2025\/11\/682e61bdc83df.jpeg","contentUrl":"https:\/\/animefigurer.se\/wp-content\/uploads\/2025\/11\/682e61bdc83df.jpeg","width":1000,"height":750},{"@type":"BreadcrumbList","@id":"https:\/\/animefigurer.se\/figurer\/naruto\/naruto-shippuden-vibration-stars-orochimaru-figure\/#breadcrumb","itemListElement":[{"@type":"ListItem","position":1,"name":"Home","item":"https:\/\/animefigurer.se\/"},{"@type":"ListItem","position":2,"name":"Butik","item":"https:\/\/animefigurer.se\/figurer\/"},{"@type":"ListItem","position":3,"name":"Naruto: Shippuden Vibration Stars Orochimaru Figure"}]},{"@type":"WebSite","@id":"https:\/\/animefigurer.se\/#website","url":"https:\/\/animefigurer.se\/","name":"Animefigurer.se","description":"Anime figures from over 300 different anime series with over 9000 products | Anime Shop","publisher":{"@id":"https:\/\/animefigurer.se\/#organization"},"potentialAction":[{"@type":"SearchAction","target":{"@type":"EntryPoint","urlTemplate":"https:\/\/animefigurer.se\/?s={search_term_string}"},"query-input":{"@type":"PropertyValueSpecification","valueRequired":true,"valueName":"search_term_string"}}],"inLanguage":"en-GB"},{"@type":"Organization","@id":"https:\/\/animefigurer.se\/#organization","name":"Animefigurer.se","alternateName":"Anime figurer | Anime shop","url":"https:\/\/animefigurer.se\/","logo":{"@type":"ImageObject","inLanguage":"en-GB","@id":"https:\/\/animefigurer.se\/#\/schema\/logo\/image\/","url":"https:\/\/animefigurer.se\/wp-content\/uploads\/2025\/12\/Animefigurer_logowhite.png","contentUrl":"https:\/\/animefigurer.se\/wp-content\/uploads\/2025\/12\/Animefigurer_logowhite.png","width":1890,"height":1417,"caption":"Animefigurer.se"},"image":{"@id":"https:\/\/animefigurer.se\/#\/schema\/logo\/image\/"},"sameAs":["https:\/\/www.facebook.com\/profile.php?id=61581826539670","https:\/\/www.instagram.com\/animefigurer.se\/"],"email":"info@animefigurer.se"}]}},"_links":{"self":[{"href":"https:\/\/animefigurer.se\/en\/wp-json\/wp\/v2\/product\/82892","targetHints":{"allow":["GET"]}}],"collection":[{"href":"https:\/\/animefigurer.se\/en\/wp-json\/wp\/v2\/product"}],"about":[{"href":"https:\/\/animefigurer.se\/en\/wp-json\/wp\/v2\/types\/product"}],"replies":[{"embeddable":true,"href":"https:\/\/animefigurer.se\/en\/wp-json\/wp\/v2\/comments?post=82892"}],"wp:featuredmedia":[{"embeddable":true,"href":"https:\/\/animefigurer.se\/en\/wp-json\/wp\/v2\/media\/82893"}],"wp:attachment":[{"href":"https:\/\/animefigurer.se\/en\/wp-json\/wp\/v2\/media?parent=82892"}],"wp:term":[{"taxonomy":"product_brand","embeddable":true,"href":"https:\/\/animefigurer.se\/en\/wp-json\/wp\/v2\/product_brand?post=82892"},{"taxonomy":"product_cat","embeddable":true,"href":"https:\/\/animefigurer.se\/en\/wp-json\/wp\/v2\/product_cat?post=82892"},{"taxonomy":"product_tag","embeddable":true,"href":"https:\/\/animefigurer.se\/en\/wp-json\/wp\/v2\/product_tag?post=82892"},{"taxonomy":"giftcard-category","embeddable":true,"href":"https:\/\/animefigurer.se\/en\/wp-json\/wp\/v2\/giftcard-category?post=82892"}],"curies":[{"name":"wp","href":"https:\/\/api.w.org\/{rel}","templated":true}]}}