{"id":8285,"date":"2025-10-20T16:49:42","date_gmt":"2025-10-20T14:49:42","guid":{"rendered":"https:\/\/animefigurer.se\/produkt\/azur-lane-plamatea-baltimore-model-kit\/"},"modified":"2025-12-21T19:25:09","modified_gmt":"2025-12-21T18:25:09","slug":"azur-lane-plamatea-baltimore-model-kit","status":"publish","type":"product","link":"https:\/\/animefigurer.se\/en\/figurer\/azur-lane\/azur-lane-plamatea-baltimore-model-kit\/","title":{"rendered":"Azur Lane PLAMATEA Baltimore Model Kit"},"content":{"rendered":"<p>Here is the first plastic model kit of the rigged heavy cruiser Baltimore from Azur Lane.<\/p>\n<p>\u2013 The model is approximately 160 mm tall and has fully articulated joints.<br \/>\n\u2013 Removable rig included; a highly articulated arm can expand to match poses and create a distinctive radial silhouette.<br \/>\n\u2013 The chest and waist garment parts have a pull-out mechanism and the coat is articulated for greater freedom of posing.<br \/>\n\u2013 Pre-painted smiling face parts included as well as two types of decals to change the eye direction.<br \/>\n\u2013 Eye decals include water-slide decals; decals for rig and rock are also included.<br \/>\n\u2013 Interchangeable hand parts included.<br \/>\n\u2013 The parts are divided into colored runners and pre-painted parts, which makes assembly easy.<br \/>\n\u2013 Articulated stand included.<\/p>","protected":false},"excerpt":{"rendered":"<p>Here is the first plastic model kit of the rigged heavy cruiser Baltimore from Azur Lane.<\/p>\n<p>\u2013 The model is approximately 160 mm tall and has fully articulated joints.<br \/>\n\u2013 Removable rig included; a highly articulated arm can expand to match poses and create a distinctive radial silhouette.<br \/>\n\u2013 Chest and waist clothing<\/p>","protected":false},"featured_media":8286,"comment_status":"closed","ping_status":"open","template":"","meta":{"_acf_changed":false,"_monsterinsights_skip_tracking":false,"_monsterinsights_sitenote_active":false,"_monsterinsights_sitenote_note":"","_monsterinsights_sitenote_category":0},"product_brand":[6890],"product_cat":[727,7233],"product_tag":[26],"giftcard-category":[],"class_list":{"0":"post-8285","1":"product","2":"type-product","3":"status-publish","4":"has-post-thumbnail","6":"product_brand-good-smile-company","7":"product_cat-azur-lane","8":"product_cat-pre-order","9":"product_tag-pre-order","10":"pa_franchise-azur-lane","11":"pa_karaktar-baltimore","12":"pa_material-plastic","13":"pa_produktserie-plamatea","14":"pa_storlek-16-cm","15":"pa_typ-plastic-model-kit","17":"first","18":"instock","19":"taxable","20":"shipping-taxable","21":"purchasable","22":"product-type-simple"},"acf":[],"yoast_head":"<!-- This site is optimized with the Yoast SEO Premium plugin v24.6 (Yoast SEO v27.3) - https:\/\/yoast.com\/product\/yoast-seo-premium-wordpress\/ -->\n<title>Azur Lane PLAMATEA Baltimore Model Kit | Animefigurer.se<\/title>\n<meta name=\"robots\" content=\"index, follow, max-snippet:-1, max-image-preview:large, max-video-preview:-1\" \/>\n<link rel=\"canonical\" href=\"https:\/\/animefigurer.se\/en\/figurer\/azur-lane\/azur-lane-plamatea-baltimore-model-kit\/\" \/>\n<meta property=\"og:locale\" content=\"en_GB\" \/>\n<meta property=\"og:type\" content=\"article\" \/>\n<meta property=\"og:title\" content=\"Azur Lane PLAMATEA Baltimore Model Kit\" \/>\n<meta property=\"og:description\" content=\"H\u00e4r \u00e4r den f\u00f6rsta plastmodellbyggsatsen av den riggade tunga kryssaren Baltimore fr\u00e5n Azur Lane. - Modellen \u00e4r cirka 160 mm h\u00f6g och har fullt ledade leder. - Avtagbar rigg ing\u00e5r; en mycket ledad arm kan expandera f\u00f6r att matcha poser och skapa en distinkt radiell silhuett. - Br\u00f6st- och midjekl\u00e4desd\" \/>\n<meta property=\"og:url\" content=\"https:\/\/animefigurer.se\/en\/figurer\/azur-lane\/azur-lane-plamatea-baltimore-model-kit\/\" \/>\n<meta property=\"og:site_name\" content=\"Animefigurer.se\" \/>\n<meta property=\"article:publisher\" content=\"https:\/\/www.facebook.com\/profile.php?id=61581826539670\" \/>\n<meta property=\"article:modified_time\" content=\"2025-12-21T18:25:09+00:00\" \/>\n<meta property=\"og:image\" content=\"https:\/\/animefigurer.se\/wp-content\/uploads\/2025\/12\/Animefigurer_logowhite.png\" \/>\n\t<meta property=\"og:image:width\" content=\"1890\" \/>\n\t<meta property=\"og:image:height\" content=\"1417\" \/>\n\t<meta property=\"og:image:type\" content=\"image\/png\" \/>\n<meta name=\"twitter:card\" content=\"summary_large_image\" \/>\n<meta name=\"twitter:label1\" content=\"Estimated reading time\" \/>\n\t<meta name=\"twitter:data1\" content=\"1 minute\" \/>\n<script type=\"application\/ld+json\" class=\"yoast-schema-graph\">{\"@context\":\"https:\\\/\\\/schema.org\",\"@graph\":[{\"@type\":\"WebPage\",\"@id\":\"https:\\\/\\\/animefigurer.se\\\/figurer\\\/azur-lane\\\/azur-lane-plamatea-baltimore-model-kit\\\/\",\"url\":\"https:\\\/\\\/animefigurer.se\\\/figurer\\\/azur-lane\\\/azur-lane-plamatea-baltimore-model-kit\\\/\",\"name\":\"Azur Lane PLAMATEA Baltimore Model Kit | Animefigurer.se\",\"isPartOf\":{\"@id\":\"https:\\\/\\\/animefigurer.se\\\/#website\"},\"primaryImageOfPage\":{\"@id\":\"https:\\\/\\\/animefigurer.se\\\/figurer\\\/azur-lane\\\/azur-lane-plamatea-baltimore-model-kit\\\/#primaryimage\"},\"image\":{\"@id\":\"https:\\\/\\\/animefigurer.se\\\/figurer\\\/azur-lane\\\/azur-lane-plamatea-baltimore-model-kit\\\/#primaryimage\"},\"thumbnailUrl\":\"https:\\\/\\\/animefigurer.se\\\/wp-content\\\/uploads\\\/2025\\\/10\\\/680aaf44a2f66.jpeg\",\"datePublished\":\"2025-10-20T14:49:42+00:00\",\"dateModified\":\"2025-12-21T18:25:09+00:00\",\"breadcrumb\":{\"@id\":\"https:\\\/\\\/animefigurer.se\\\/figurer\\\/azur-lane\\\/azur-lane-plamatea-baltimore-model-kit\\\/#breadcrumb\"},\"inLanguage\":\"en-GB\",\"potentialAction\":[{\"@type\":\"ReadAction\",\"target\":[\"https:\\\/\\\/animefigurer.se\\\/figurer\\\/azur-lane\\\/azur-lane-plamatea-baltimore-model-kit\\\/\"]}]},{\"@type\":\"ImageObject\",\"inLanguage\":\"en-GB\",\"@id\":\"https:\\\/\\\/animefigurer.se\\\/figurer\\\/azur-lane\\\/azur-lane-plamatea-baltimore-model-kit\\\/#primaryimage\",\"url\":\"https:\\\/\\\/animefigurer.se\\\/wp-content\\\/uploads\\\/2025\\\/10\\\/680aaf44a2f66.jpeg\",\"contentUrl\":\"https:\\\/\\\/animefigurer.se\\\/wp-content\\\/uploads\\\/2025\\\/10\\\/680aaf44a2f66.jpeg\",\"width\":720,\"height\":540},{\"@type\":\"BreadcrumbList\",\"@id\":\"https:\\\/\\\/animefigurer.se\\\/figurer\\\/azur-lane\\\/azur-lane-plamatea-baltimore-model-kit\\\/#breadcrumb\",\"itemListElement\":[{\"@type\":\"ListItem\",\"position\":1,\"name\":\"Home\",\"item\":\"https:\\\/\\\/animefigurer.se\\\/\"},{\"@type\":\"ListItem\",\"position\":2,\"name\":\"Butik\",\"item\":\"https:\\\/\\\/animefigurer.se\\\/figurer\\\/\"},{\"@type\":\"ListItem\",\"position\":3,\"name\":\"Azur Lane PLAMATEA Baltimore Model Kit\"}]},{\"@type\":\"WebSite\",\"@id\":\"https:\\\/\\\/animefigurer.se\\\/#website\",\"url\":\"https:\\\/\\\/animefigurer.se\\\/\",\"name\":\"Animefigurer.se\",\"description\":\"Anime figurer fr\u00e5n \u00f6ver 300 olika anime serier med \u00f6ver 9000 produkter | Anime Shop\",\"publisher\":{\"@id\":\"https:\\\/\\\/animefigurer.se\\\/#organization\"},\"potentialAction\":[{\"@type\":\"SearchAction\",\"target\":{\"@type\":\"EntryPoint\",\"urlTemplate\":\"https:\\\/\\\/animefigurer.se\\\/?s={search_term_string}\"},\"query-input\":{\"@type\":\"PropertyValueSpecification\",\"valueRequired\":true,\"valueName\":\"search_term_string\"}}],\"inLanguage\":\"en-GB\"},{\"@type\":\"Organization\",\"@id\":\"https:\\\/\\\/animefigurer.se\\\/#organization\",\"name\":\"Animefigurer.se\",\"alternateName\":\"Anime figurer | Anime shop\",\"url\":\"https:\\\/\\\/animefigurer.se\\\/\",\"logo\":{\"@type\":\"ImageObject\",\"inLanguage\":\"en-GB\",\"@id\":\"https:\\\/\\\/animefigurer.se\\\/#\\\/schema\\\/logo\\\/image\\\/\",\"url\":\"https:\\\/\\\/animefigurer.se\\\/wp-content\\\/uploads\\\/2025\\\/12\\\/Animefigurer_logowhite.png\",\"contentUrl\":\"https:\\\/\\\/animefigurer.se\\\/wp-content\\\/uploads\\\/2025\\\/12\\\/Animefigurer_logowhite.png\",\"width\":1890,\"height\":1417,\"caption\":\"Animefigurer.se\"},\"image\":{\"@id\":\"https:\\\/\\\/animefigurer.se\\\/#\\\/schema\\\/logo\\\/image\\\/\"},\"sameAs\":[\"https:\\\/\\\/www.facebook.com\\\/profile.php?id=61581826539670\",\"https:\\\/\\\/www.instagram.com\\\/animefigurer.se\\\/\"],\"email\":\"info@animefigurer.se\"}]}<\/script>\n<!-- \/ Yoast SEO Premium plugin. -->","yoast_head_json":{"title":"Azur Lane PLAMATEA Baltimore Model Kit | Animefigurer.se","robots":{"index":"index","follow":"follow","max-snippet":"max-snippet:-1","max-image-preview":"max-image-preview:large","max-video-preview":"max-video-preview:-1"},"canonical":"https:\/\/animefigurer.se\/en\/figurer\/azur-lane\/azur-lane-plamatea-baltimore-model-kit\/","og_locale":"en_GB","og_type":"article","og_title":"Azur Lane PLAMATEA Baltimore Model Kit","og_description":"H\u00e4r \u00e4r den f\u00f6rsta plastmodellbyggsatsen av den riggade tunga kryssaren Baltimore fr\u00e5n Azur Lane. - Modellen \u00e4r cirka 160 mm h\u00f6g och har fullt ledade leder. - Avtagbar rigg ing\u00e5r; en mycket ledad arm kan expandera f\u00f6r att matcha poser och skapa en distinkt radiell silhuett. - Br\u00f6st- och midjekl\u00e4desd","og_url":"https:\/\/animefigurer.se\/en\/figurer\/azur-lane\/azur-lane-plamatea-baltimore-model-kit\/","og_site_name":"Animefigurer.se","article_publisher":"https:\/\/www.facebook.com\/profile.php?id=61581826539670","article_modified_time":"2025-12-21T18:25:09+00:00","og_image":[{"width":1890,"height":1417,"url":"https:\/\/animefigurer.se\/wp-content\/uploads\/2025\/12\/Animefigurer_logowhite.png","type":"image\/png"}],"twitter_card":"summary_large_image","twitter_misc":{"Estimated reading time":"1 minute"},"schema":{"@context":"https:\/\/schema.org","@graph":[{"@type":"WebPage","@id":"https:\/\/animefigurer.se\/figurer\/azur-lane\/azur-lane-plamatea-baltimore-model-kit\/","url":"https:\/\/animefigurer.se\/figurer\/azur-lane\/azur-lane-plamatea-baltimore-model-kit\/","name":"Azur Lane PLAMATEA Baltimore Model Kit | Animefigurer.se","isPartOf":{"@id":"https:\/\/animefigurer.se\/#website"},"primaryImageOfPage":{"@id":"https:\/\/animefigurer.se\/figurer\/azur-lane\/azur-lane-plamatea-baltimore-model-kit\/#primaryimage"},"image":{"@id":"https:\/\/animefigurer.se\/figurer\/azur-lane\/azur-lane-plamatea-baltimore-model-kit\/#primaryimage"},"thumbnailUrl":"https:\/\/animefigurer.se\/wp-content\/uploads\/2025\/10\/680aaf44a2f66.jpeg","datePublished":"2025-10-20T14:49:42+00:00","dateModified":"2025-12-21T18:25:09+00:00","breadcrumb":{"@id":"https:\/\/animefigurer.se\/figurer\/azur-lane\/azur-lane-plamatea-baltimore-model-kit\/#breadcrumb"},"inLanguage":"en-GB","potentialAction":[{"@type":"ReadAction","target":["https:\/\/animefigurer.se\/figurer\/azur-lane\/azur-lane-plamatea-baltimore-model-kit\/"]}]},{"@type":"ImageObject","inLanguage":"en-GB","@id":"https:\/\/animefigurer.se\/figurer\/azur-lane\/azur-lane-plamatea-baltimore-model-kit\/#primaryimage","url":"https:\/\/animefigurer.se\/wp-content\/uploads\/2025\/10\/680aaf44a2f66.jpeg","contentUrl":"https:\/\/animefigurer.se\/wp-content\/uploads\/2025\/10\/680aaf44a2f66.jpeg","width":720,"height":540},{"@type":"BreadcrumbList","@id":"https:\/\/animefigurer.se\/figurer\/azur-lane\/azur-lane-plamatea-baltimore-model-kit\/#breadcrumb","itemListElement":[{"@type":"ListItem","position":1,"name":"Home","item":"https:\/\/animefigurer.se\/"},{"@type":"ListItem","position":2,"name":"Butik","item":"https:\/\/animefigurer.se\/figurer\/"},{"@type":"ListItem","position":3,"name":"Azur Lane PLAMATEA Baltimore Model Kit"}]},{"@type":"WebSite","@id":"https:\/\/animefigurer.se\/#website","url":"https:\/\/animefigurer.se\/","name":"Animefigurer.se","description":"Anime figures from over 300 different anime series with over 9000 products | Anime Shop","publisher":{"@id":"https:\/\/animefigurer.se\/#organization"},"potentialAction":[{"@type":"SearchAction","target":{"@type":"EntryPoint","urlTemplate":"https:\/\/animefigurer.se\/?s={search_term_string}"},"query-input":{"@type":"PropertyValueSpecification","valueRequired":true,"valueName":"search_term_string"}}],"inLanguage":"en-GB"},{"@type":"Organization","@id":"https:\/\/animefigurer.se\/#organization","name":"Animefigurer.se","alternateName":"Anime figurer | Anime shop","url":"https:\/\/animefigurer.se\/","logo":{"@type":"ImageObject","inLanguage":"en-GB","@id":"https:\/\/animefigurer.se\/#\/schema\/logo\/image\/","url":"https:\/\/animefigurer.se\/wp-content\/uploads\/2025\/12\/Animefigurer_logowhite.png","contentUrl":"https:\/\/animefigurer.se\/wp-content\/uploads\/2025\/12\/Animefigurer_logowhite.png","width":1890,"height":1417,"caption":"Animefigurer.se"},"image":{"@id":"https:\/\/animefigurer.se\/#\/schema\/logo\/image\/"},"sameAs":["https:\/\/www.facebook.com\/profile.php?id=61581826539670","https:\/\/www.instagram.com\/animefigurer.se\/"],"email":"info@animefigurer.se"}]}},"_links":{"self":[{"href":"https:\/\/animefigurer.se\/en\/wp-json\/wp\/v2\/product\/8285","targetHints":{"allow":["GET"]}}],"collection":[{"href":"https:\/\/animefigurer.se\/en\/wp-json\/wp\/v2\/product"}],"about":[{"href":"https:\/\/animefigurer.se\/en\/wp-json\/wp\/v2\/types\/product"}],"replies":[{"embeddable":true,"href":"https:\/\/animefigurer.se\/en\/wp-json\/wp\/v2\/comments?post=8285"}],"wp:featuredmedia":[{"embeddable":true,"href":"https:\/\/animefigurer.se\/en\/wp-json\/wp\/v2\/media\/8286"}],"wp:attachment":[{"href":"https:\/\/animefigurer.se\/en\/wp-json\/wp\/v2\/media?parent=8285"}],"wp:term":[{"taxonomy":"product_brand","embeddable":true,"href":"https:\/\/animefigurer.se\/en\/wp-json\/wp\/v2\/product_brand?post=8285"},{"taxonomy":"product_cat","embeddable":true,"href":"https:\/\/animefigurer.se\/en\/wp-json\/wp\/v2\/product_cat?post=8285"},{"taxonomy":"product_tag","embeddable":true,"href":"https:\/\/animefigurer.se\/en\/wp-json\/wp\/v2\/product_tag?post=8285"},{"taxonomy":"giftcard-category","embeddable":true,"href":"https:\/\/animefigurer.se\/en\/wp-json\/wp\/v2\/giftcard-category?post=8285"}],"curies":[{"name":"wp","href":"https:\/\/api.w.org\/{rel}","templated":true}]}}