{"id":81787,"date":"2025-11-11T23:05:10","date_gmt":"2025-11-11T22:05:10","guid":{"rendered":"https:\/\/animefigurer.se\/produkt\/naruto-shippuden-s-h-figuarts-kakashi-hatake-the-famed-sharingan-hero\/"},"modified":"2025-12-21T19:37:52","modified_gmt":"2025-12-21T18:37:52","slug":"naruto-shippuden-s-h-figuarts-kakashi-hatake-the-famed-sharingan-hero","status":"publish","type":"product","link":"https:\/\/animefigurer.se\/en\/figurer\/naruto\/naruto-shippuden-s-h-figuarts-kakashi-hatake-the-famed-sharingan-hero\/","title":{"rendered":"Naruto Shippuden SHFiguarts Kakashi Hatake -The famed Sharingan Hero-"},"content":{"rendered":"<p>Kakashi Hatake, the famous Sharingan hero, returns to SHFiguarts with reworked posability.<\/p>\n<p>The set includes: main body, optional head (headband up), three optional expressions (headband up), two optional expressions (headband down), five right and six left interchangeable hands, one hand for spell weaving, and the book Icha Icha Paradise.<\/p>","protected":false},"excerpt":{"rendered":"<p>Kakashi Hatake, the famous Sharingan hero, returns to SHFiguarts with reworked posability.<\/p>\n<p>The set includes: main body, optional head (headband up), three optional expressions (headband up), two optional expressions (headband down), five right and six left interchangeable hands, one hand for the trollfo<\/p>","protected":false},"featured_media":81788,"comment_status":"closed","ping_status":"open","template":"","meta":{"_acf_changed":false,"_monsterinsights_skip_tracking":false,"_monsterinsights_sitenote_active":false,"_monsterinsights_sitenote_note":"","_monsterinsights_sitenote_category":0},"product_brand":[6927],"product_cat":[17],"product_tag":[24],"giftcard-category":[],"class_list":{"0":"post-81787","1":"product","2":"type-product","3":"status-publish","4":"has-post-thumbnail","6":"product_brand-bandai-tamashii-nations","7":"product_cat-naruto","8":"product_tag-2-3-weeks","9":"pa_franchise-naruto-shippuden","10":"pa_karaktar-kakashi-hatake","11":"pa_material-plastic","12":"pa_produktserie-s-h-figuarts","13":"pa_storlek-16-cm","15":"first","16":"instock","17":"taxable","18":"shipping-taxable","19":"purchasable","20":"product-type-simple"},"acf":[],"yoast_head":"<!-- This site is optimized with the Yoast SEO Premium plugin v24.6 (Yoast SEO v27.3) - https:\/\/yoast.com\/product\/yoast-seo-premium-wordpress\/ -->\n<title>Naruto Shippuden S.H.Figuarts Kakashi Hatake -The famed Sharingan Hero- | Animefigurer.se<\/title>\n<meta name=\"robots\" content=\"index, follow, max-snippet:-1, max-image-preview:large, max-video-preview:-1\" \/>\n<link rel=\"canonical\" href=\"https:\/\/animefigurer.se\/en\/figurer\/naruto\/naruto-shippuden-s-h-figuarts-kakashi-hatake-the-famed-sharingan-hero\/\" \/>\n<meta property=\"og:locale\" content=\"en_GB\" \/>\n<meta property=\"og:type\" content=\"article\" \/>\n<meta property=\"og:title\" content=\"Naruto Shippuden S.H.Figuarts Kakashi Hatake -The famed Sharingan Hero-\" \/>\n<meta property=\"og:description\" content=\"Kakashi Hatake, den ber\u00f6mda Sharingan\u2011hj\u00e4lten, \u00e5terv\u00e4nder till S.H.Figuarts med omarbetad posabilitet. Setet inneh\u00e5ller: huvuddel, valfritt huvud (pannband upp), tre valfria uttryck (pannband upp), tv\u00e5 valfria uttryck (pannband ned\u00e5t), fem h\u00f6gra och sex v\u00e4nstra utbytbara h\u00e4nder, en hand f\u00f6r trollfo\" \/>\n<meta property=\"og:url\" content=\"https:\/\/animefigurer.se\/en\/figurer\/naruto\/naruto-shippuden-s-h-figuarts-kakashi-hatake-the-famed-sharingan-hero\/\" \/>\n<meta property=\"og:site_name\" content=\"Animefigurer.se\" \/>\n<meta property=\"article:publisher\" content=\"https:\/\/www.facebook.com\/profile.php?id=61581826539670\" \/>\n<meta property=\"article:modified_time\" content=\"2025-12-21T18:37:52+00:00\" \/>\n<meta property=\"og:image\" content=\"https:\/\/animefigurer.se\/wp-content\/uploads\/2025\/12\/Animefigurer_logowhite.png\" \/>\n\t<meta property=\"og:image:width\" content=\"1890\" \/>\n\t<meta property=\"og:image:height\" content=\"1417\" \/>\n\t<meta property=\"og:image:type\" content=\"image\/png\" \/>\n<meta name=\"twitter:card\" content=\"summary_large_image\" \/>\n<script type=\"application\/ld+json\" class=\"yoast-schema-graph\">{\"@context\":\"https:\\\/\\\/schema.org\",\"@graph\":[{\"@type\":\"WebPage\",\"@id\":\"https:\\\/\\\/animefigurer.se\\\/figurer\\\/naruto\\\/naruto-shippuden-s-h-figuarts-kakashi-hatake-the-famed-sharingan-hero\\\/\",\"url\":\"https:\\\/\\\/animefigurer.se\\\/figurer\\\/naruto\\\/naruto-shippuden-s-h-figuarts-kakashi-hatake-the-famed-sharingan-hero\\\/\",\"name\":\"Naruto Shippuden S.H.Figuarts Kakashi Hatake -The famed Sharingan Hero- | Animefigurer.se\",\"isPartOf\":{\"@id\":\"https:\\\/\\\/animefigurer.se\\\/#website\"},\"primaryImageOfPage\":{\"@id\":\"https:\\\/\\\/animefigurer.se\\\/figurer\\\/naruto\\\/naruto-shippuden-s-h-figuarts-kakashi-hatake-the-famed-sharingan-hero\\\/#primaryimage\"},\"image\":{\"@id\":\"https:\\\/\\\/animefigurer.se\\\/figurer\\\/naruto\\\/naruto-shippuden-s-h-figuarts-kakashi-hatake-the-famed-sharingan-hero\\\/#primaryimage\"},\"thumbnailUrl\":\"https:\\\/\\\/animefigurer.se\\\/wp-content\\\/uploads\\\/2025\\\/11\\\/62c31d815380c.jpeg\",\"datePublished\":\"2025-11-11T22:05:10+00:00\",\"dateModified\":\"2025-12-21T18:37:52+00:00\",\"breadcrumb\":{\"@id\":\"https:\\\/\\\/animefigurer.se\\\/figurer\\\/naruto\\\/naruto-shippuden-s-h-figuarts-kakashi-hatake-the-famed-sharingan-hero\\\/#breadcrumb\"},\"inLanguage\":\"en-GB\",\"potentialAction\":[{\"@type\":\"ReadAction\",\"target\":[\"https:\\\/\\\/animefigurer.se\\\/figurer\\\/naruto\\\/naruto-shippuden-s-h-figuarts-kakashi-hatake-the-famed-sharingan-hero\\\/\"]}]},{\"@type\":\"ImageObject\",\"inLanguage\":\"en-GB\",\"@id\":\"https:\\\/\\\/animefigurer.se\\\/figurer\\\/naruto\\\/naruto-shippuden-s-h-figuarts-kakashi-hatake-the-famed-sharingan-hero\\\/#primaryimage\",\"url\":\"https:\\\/\\\/animefigurer.se\\\/wp-content\\\/uploads\\\/2025\\\/11\\\/62c31d815380c.jpeg\",\"contentUrl\":\"https:\\\/\\\/animefigurer.se\\\/wp-content\\\/uploads\\\/2025\\\/11\\\/62c31d815380c.jpeg\",\"width\":856,\"height\":685},{\"@type\":\"BreadcrumbList\",\"@id\":\"https:\\\/\\\/animefigurer.se\\\/figurer\\\/naruto\\\/naruto-shippuden-s-h-figuarts-kakashi-hatake-the-famed-sharingan-hero\\\/#breadcrumb\",\"itemListElement\":[{\"@type\":\"ListItem\",\"position\":1,\"name\":\"Home\",\"item\":\"https:\\\/\\\/animefigurer.se\\\/\"},{\"@type\":\"ListItem\",\"position\":2,\"name\":\"Butik\",\"item\":\"https:\\\/\\\/animefigurer.se\\\/figurer\\\/\"},{\"@type\":\"ListItem\",\"position\":3,\"name\":\"Naruto Shippuden S.H.Figuarts Kakashi Hatake -The famed Sharingan Hero-\"}]},{\"@type\":\"WebSite\",\"@id\":\"https:\\\/\\\/animefigurer.se\\\/#website\",\"url\":\"https:\\\/\\\/animefigurer.se\\\/\",\"name\":\"Animefigurer.se\",\"description\":\"Anime figurer fr\u00e5n \u00f6ver 300 olika anime serier med \u00f6ver 9000 produkter | Anime Shop\",\"publisher\":{\"@id\":\"https:\\\/\\\/animefigurer.se\\\/#organization\"},\"potentialAction\":[{\"@type\":\"SearchAction\",\"target\":{\"@type\":\"EntryPoint\",\"urlTemplate\":\"https:\\\/\\\/animefigurer.se\\\/?s={search_term_string}\"},\"query-input\":{\"@type\":\"PropertyValueSpecification\",\"valueRequired\":true,\"valueName\":\"search_term_string\"}}],\"inLanguage\":\"en-GB\"},{\"@type\":\"Organization\",\"@id\":\"https:\\\/\\\/animefigurer.se\\\/#organization\",\"name\":\"Animefigurer.se\",\"alternateName\":\"Anime figurer | Anime shop\",\"url\":\"https:\\\/\\\/animefigurer.se\\\/\",\"logo\":{\"@type\":\"ImageObject\",\"inLanguage\":\"en-GB\",\"@id\":\"https:\\\/\\\/animefigurer.se\\\/#\\\/schema\\\/logo\\\/image\\\/\",\"url\":\"https:\\\/\\\/animefigurer.se\\\/wp-content\\\/uploads\\\/2025\\\/12\\\/Animefigurer_logowhite.png\",\"contentUrl\":\"https:\\\/\\\/animefigurer.se\\\/wp-content\\\/uploads\\\/2025\\\/12\\\/Animefigurer_logowhite.png\",\"width\":1890,\"height\":1417,\"caption\":\"Animefigurer.se\"},\"image\":{\"@id\":\"https:\\\/\\\/animefigurer.se\\\/#\\\/schema\\\/logo\\\/image\\\/\"},\"sameAs\":[\"https:\\\/\\\/www.facebook.com\\\/profile.php?id=61581826539670\",\"https:\\\/\\\/www.instagram.com\\\/animefigurer.se\\\/\"],\"email\":\"info@animefigurer.se\"}]}<\/script>\n<!-- \/ Yoast SEO Premium plugin. -->","yoast_head_json":{"title":"Naruto Shippuden SHFiguarts Kakashi Hatake -The famed Sharingan Hero- | Animefigurer.se","robots":{"index":"index","follow":"follow","max-snippet":"max-snippet:-1","max-image-preview":"max-image-preview:large","max-video-preview":"max-video-preview:-1"},"canonical":"https:\/\/animefigurer.se\/en\/figurer\/naruto\/naruto-shippuden-s-h-figuarts-kakashi-hatake-the-famed-sharingan-hero\/","og_locale":"en_GB","og_type":"article","og_title":"Naruto Shippuden S.H.Figuarts Kakashi Hatake -The famed Sharingan Hero-","og_description":"Kakashi Hatake, den ber\u00f6mda Sharingan\u2011hj\u00e4lten, \u00e5terv\u00e4nder till S.H.Figuarts med omarbetad posabilitet. Setet inneh\u00e5ller: huvuddel, valfritt huvud (pannband upp), tre valfria uttryck (pannband upp), tv\u00e5 valfria uttryck (pannband ned\u00e5t), fem h\u00f6gra och sex v\u00e4nstra utbytbara h\u00e4nder, en hand f\u00f6r trollfo","og_url":"https:\/\/animefigurer.se\/en\/figurer\/naruto\/naruto-shippuden-s-h-figuarts-kakashi-hatake-the-famed-sharingan-hero\/","og_site_name":"Animefigurer.se","article_publisher":"https:\/\/www.facebook.com\/profile.php?id=61581826539670","article_modified_time":"2025-12-21T18:37:52+00:00","og_image":[{"width":1890,"height":1417,"url":"https:\/\/animefigurer.se\/wp-content\/uploads\/2025\/12\/Animefigurer_logowhite.png","type":"image\/png"}],"twitter_card":"summary_large_image","schema":{"@context":"https:\/\/schema.org","@graph":[{"@type":"WebPage","@id":"https:\/\/animefigurer.se\/figurer\/naruto\/naruto-shippuden-s-h-figuarts-kakashi-hatake-the-famed-sharingan-hero\/","url":"https:\/\/animefigurer.se\/figurer\/naruto\/naruto-shippuden-s-h-figuarts-kakashi-hatake-the-famed-sharingan-hero\/","name":"Naruto Shippuden SHFiguarts Kakashi Hatake -The famed Sharingan Hero- | Animefigurer.se","isPartOf":{"@id":"https:\/\/animefigurer.se\/#website"},"primaryImageOfPage":{"@id":"https:\/\/animefigurer.se\/figurer\/naruto\/naruto-shippuden-s-h-figuarts-kakashi-hatake-the-famed-sharingan-hero\/#primaryimage"},"image":{"@id":"https:\/\/animefigurer.se\/figurer\/naruto\/naruto-shippuden-s-h-figuarts-kakashi-hatake-the-famed-sharingan-hero\/#primaryimage"},"thumbnailUrl":"https:\/\/animefigurer.se\/wp-content\/uploads\/2025\/11\/62c31d815380c.jpeg","datePublished":"2025-11-11T22:05:10+00:00","dateModified":"2025-12-21T18:37:52+00:00","breadcrumb":{"@id":"https:\/\/animefigurer.se\/figurer\/naruto\/naruto-shippuden-s-h-figuarts-kakashi-hatake-the-famed-sharingan-hero\/#breadcrumb"},"inLanguage":"en-GB","potentialAction":[{"@type":"ReadAction","target":["https:\/\/animefigurer.se\/figurer\/naruto\/naruto-shippuden-s-h-figuarts-kakashi-hatake-the-famed-sharingan-hero\/"]}]},{"@type":"ImageObject","inLanguage":"en-GB","@id":"https:\/\/animefigurer.se\/figurer\/naruto\/naruto-shippuden-s-h-figuarts-kakashi-hatake-the-famed-sharingan-hero\/#primaryimage","url":"https:\/\/animefigurer.se\/wp-content\/uploads\/2025\/11\/62c31d815380c.jpeg","contentUrl":"https:\/\/animefigurer.se\/wp-content\/uploads\/2025\/11\/62c31d815380c.jpeg","width":856,"height":685},{"@type":"BreadcrumbList","@id":"https:\/\/animefigurer.se\/figurer\/naruto\/naruto-shippuden-s-h-figuarts-kakashi-hatake-the-famed-sharingan-hero\/#breadcrumb","itemListElement":[{"@type":"ListItem","position":1,"name":"Home","item":"https:\/\/animefigurer.se\/"},{"@type":"ListItem","position":2,"name":"Butik","item":"https:\/\/animefigurer.se\/figurer\/"},{"@type":"ListItem","position":3,"name":"Naruto Shippuden S.H.Figuarts Kakashi Hatake -The famed Sharingan Hero-"}]},{"@type":"WebSite","@id":"https:\/\/animefigurer.se\/#website","url":"https:\/\/animefigurer.se\/","name":"Animefigurer.se","description":"Anime figures from over 300 different anime series with over 9000 products | Anime Shop","publisher":{"@id":"https:\/\/animefigurer.se\/#organization"},"potentialAction":[{"@type":"SearchAction","target":{"@type":"EntryPoint","urlTemplate":"https:\/\/animefigurer.se\/?s={search_term_string}"},"query-input":{"@type":"PropertyValueSpecification","valueRequired":true,"valueName":"search_term_string"}}],"inLanguage":"en-GB"},{"@type":"Organization","@id":"https:\/\/animefigurer.se\/#organization","name":"Animefigurer.se","alternateName":"Anime figurer | Anime shop","url":"https:\/\/animefigurer.se\/","logo":{"@type":"ImageObject","inLanguage":"en-GB","@id":"https:\/\/animefigurer.se\/#\/schema\/logo\/image\/","url":"https:\/\/animefigurer.se\/wp-content\/uploads\/2025\/12\/Animefigurer_logowhite.png","contentUrl":"https:\/\/animefigurer.se\/wp-content\/uploads\/2025\/12\/Animefigurer_logowhite.png","width":1890,"height":1417,"caption":"Animefigurer.se"},"image":{"@id":"https:\/\/animefigurer.se\/#\/schema\/logo\/image\/"},"sameAs":["https:\/\/www.facebook.com\/profile.php?id=61581826539670","https:\/\/www.instagram.com\/animefigurer.se\/"],"email":"info@animefigurer.se"}]}},"_links":{"self":[{"href":"https:\/\/animefigurer.se\/en\/wp-json\/wp\/v2\/product\/81787","targetHints":{"allow":["GET"]}}],"collection":[{"href":"https:\/\/animefigurer.se\/en\/wp-json\/wp\/v2\/product"}],"about":[{"href":"https:\/\/animefigurer.se\/en\/wp-json\/wp\/v2\/types\/product"}],"replies":[{"embeddable":true,"href":"https:\/\/animefigurer.se\/en\/wp-json\/wp\/v2\/comments?post=81787"}],"wp:featuredmedia":[{"embeddable":true,"href":"https:\/\/animefigurer.se\/en\/wp-json\/wp\/v2\/media\/81788"}],"wp:attachment":[{"href":"https:\/\/animefigurer.se\/en\/wp-json\/wp\/v2\/media?parent=81787"}],"wp:term":[{"taxonomy":"product_brand","embeddable":true,"href":"https:\/\/animefigurer.se\/en\/wp-json\/wp\/v2\/product_brand?post=81787"},{"taxonomy":"product_cat","embeddable":true,"href":"https:\/\/animefigurer.se\/en\/wp-json\/wp\/v2\/product_cat?post=81787"},{"taxonomy":"product_tag","embeddable":true,"href":"https:\/\/animefigurer.se\/en\/wp-json\/wp\/v2\/product_tag?post=81787"},{"taxonomy":"giftcard-category","embeddable":true,"href":"https:\/\/animefigurer.se\/en\/wp-json\/wp\/v2\/giftcard-category?post=81787"}],"curies":[{"name":"wp","href":"https:\/\/api.w.org\/{rel}","templated":true}]}}