{"id":80408,"date":"2025-10-21T18:59:21","date_gmt":"2025-10-21T16:59:21","guid":{"rendered":"https:\/\/animefigurer.se\/produkt\/you-feng-lai-yi-1-6-scale-figure\/"},"modified":"2026-03-19T04:39:48","modified_gmt":"2026-03-19T03:39:48","slug":"you-feng-lai-yi-1-6-scale-figure","status":"publish","type":"product","link":"https:\/\/animefigurer.se\/en\/figurer\/ovriga\/you-feng-lai-yi-1-6-scale-figure\/","title":{"rendered":"You Feng Lai Yi 1\/6 Scale Figure"},"content":{"rendered":"<p>BearPanda presents the original character You Feng Lai Yi in 1\/6th scale. She wears an exotic Chinese dress and a white fluffy scarf, poses on a themed stand, and stands approximately 11 inches tall \u2013 an impressive addition to any display.<\/p>","protected":false},"excerpt":{"rendered":"<p>BearPanda presents the original character You Feng Lai Yi in 1\/6th scale. She wears an exotic Chinese dress and a white fluffy scarf, poses on a themed stand, and stands approximately 11 inches tall \u2013 an impressive addition to any display.<\/p>","protected":false},"featured_media":80409,"comment_status":"closed","ping_status":"closed","template":"","meta":{"_acf_changed":false,"_monsterinsights_skip_tracking":false,"_monsterinsights_sitenote_active":false,"_monsterinsights_sitenote_note":"","_monsterinsights_sitenote_category":0},"product_brand":[6930],"product_cat":[6224],"product_tag":[24],"giftcard-category":[],"class_list":{"0":"post-80408","1":"product","2":"type-product","3":"status-publish","4":"has-post-thumbnail","6":"product_brand-bearpanda","7":"product_cat-ovriga","8":"product_tag-2-3-weeks","9":"pa_karaktar-you-feng-lai-yi","10":"pa_material-pvc-abs","11":"pa_skala-57","12":"pa_storlek-28-cm","14":"first","15":"instock","16":"taxable","17":"shipping-taxable","18":"purchasable","19":"product-type-simple"},"acf":[],"yoast_head":"<!-- This site is optimized with the Yoast SEO Premium plugin v24.6 (Yoast SEO v27.4) - https:\/\/yoast.com\/product\/yoast-seo-premium-wordpress\/ -->\n<title>You Feng Lai Yi 1\/6 Scale Figure | Animefigurer.se<\/title>\n<meta name=\"robots\" content=\"index, follow, max-snippet:-1, max-image-preview:large, max-video-preview:-1\" \/>\n<link rel=\"canonical\" href=\"https:\/\/animefigurer.se\/en\/figurer\/ovriga\/you-feng-lai-yi-1-6-scale-figure\/\" \/>\n<meta property=\"og:locale\" content=\"en_GB\" \/>\n<meta property=\"og:type\" content=\"article\" \/>\n<meta property=\"og:title\" content=\"You Feng Lai Yi 1\/6 Scale Figure\" \/>\n<meta property=\"og:description\" content=\"BearPanda presenterar originalkarakt\u00e4ren You Feng Lai Yi i 1\/6-skala. Hon b\u00e4r en exotisk kinesisk kl\u00e4nning och en vit fluffig halsduk, poserar p\u00e5 en temabaserad fot och \u00e4r cirka 11 tum h\u00f6g \u2013 ett imponerande tillskott till vilken display som helst.\" \/>\n<meta property=\"og:url\" content=\"https:\/\/animefigurer.se\/en\/figurer\/ovriga\/you-feng-lai-yi-1-6-scale-figure\/\" \/>\n<meta property=\"og:site_name\" content=\"Animefigurer.se\" \/>\n<meta property=\"article:publisher\" content=\"https:\/\/www.facebook.com\/profile.php?id=61581826539670\" \/>\n<meta property=\"article:modified_time\" content=\"2026-03-19T03:39:48+00:00\" \/>\n<meta property=\"og:image\" content=\"https:\/\/animefigurer.se\/wp-content\/uploads\/2025\/12\/Animefigurer_logowhite.png\" \/>\n\t<meta property=\"og:image:width\" content=\"1890\" \/>\n\t<meta property=\"og:image:height\" content=\"1417\" \/>\n\t<meta property=\"og:image:type\" content=\"image\/png\" \/>\n<meta name=\"twitter:card\" content=\"summary_large_image\" \/>\n<meta name=\"twitter:label1\" content=\"Estimated reading time\" \/>\n\t<meta name=\"twitter:data1\" content=\"1 minute\" \/>\n<script type=\"application\/ld+json\" class=\"yoast-schema-graph\">{\"@context\":\"https:\\\/\\\/schema.org\",\"@graph\":[{\"@type\":\"WebPage\",\"@id\":\"https:\\\/\\\/animefigurer.se\\\/figurer\\\/ovriga\\\/you-feng-lai-yi-1-6-scale-figure\\\/\",\"url\":\"https:\\\/\\\/animefigurer.se\\\/figurer\\\/ovriga\\\/you-feng-lai-yi-1-6-scale-figure\\\/\",\"name\":\"You Feng Lai Yi 1\\\/6 Scale Figure | Animefigurer.se\",\"isPartOf\":{\"@id\":\"https:\\\/\\\/animefigurer.se\\\/#website\"},\"primaryImageOfPage\":{\"@id\":\"https:\\\/\\\/animefigurer.se\\\/figurer\\\/ovriga\\\/you-feng-lai-yi-1-6-scale-figure\\\/#primaryimage\"},\"image\":{\"@id\":\"https:\\\/\\\/animefigurer.se\\\/figurer\\\/ovriga\\\/you-feng-lai-yi-1-6-scale-figure\\\/#primaryimage\"},\"thumbnailUrl\":\"https:\\\/\\\/animefigurer.se\\\/wp-content\\\/uploads\\\/2025\\\/10\\\/66705bea2ec1a.jpeg\",\"datePublished\":\"2025-10-21T16:59:21+00:00\",\"dateModified\":\"2026-03-19T03:39:48+00:00\",\"breadcrumb\":{\"@id\":\"https:\\\/\\\/animefigurer.se\\\/figurer\\\/ovriga\\\/you-feng-lai-yi-1-6-scale-figure\\\/#breadcrumb\"},\"inLanguage\":\"en-GB\",\"potentialAction\":[{\"@type\":\"ReadAction\",\"target\":[\"https:\\\/\\\/animefigurer.se\\\/figurer\\\/ovriga\\\/you-feng-lai-yi-1-6-scale-figure\\\/\"]}]},{\"@type\":\"ImageObject\",\"inLanguage\":\"en-GB\",\"@id\":\"https:\\\/\\\/animefigurer.se\\\/figurer\\\/ovriga\\\/you-feng-lai-yi-1-6-scale-figure\\\/#primaryimage\",\"url\":\"https:\\\/\\\/animefigurer.se\\\/wp-content\\\/uploads\\\/2025\\\/10\\\/66705bea2ec1a.jpeg\",\"contentUrl\":\"https:\\\/\\\/animefigurer.se\\\/wp-content\\\/uploads\\\/2025\\\/10\\\/66705bea2ec1a.jpeg\",\"width\":720,\"height\":540},{\"@type\":\"BreadcrumbList\",\"@id\":\"https:\\\/\\\/animefigurer.se\\\/figurer\\\/ovriga\\\/you-feng-lai-yi-1-6-scale-figure\\\/#breadcrumb\",\"itemListElement\":[{\"@type\":\"ListItem\",\"position\":1,\"name\":\"Home\",\"item\":\"https:\\\/\\\/animefigurer.se\\\/\"},{\"@type\":\"ListItem\",\"position\":2,\"name\":\"Butik\",\"item\":\"https:\\\/\\\/animefigurer.se\\\/figurer\\\/\"},{\"@type\":\"ListItem\",\"position\":3,\"name\":\"You Feng Lai Yi 1\\\/6 Scale Figure\"}]},{\"@type\":\"WebSite\",\"@id\":\"https:\\\/\\\/animefigurer.se\\\/#website\",\"url\":\"https:\\\/\\\/animefigurer.se\\\/\",\"name\":\"Animefigurer.se\",\"description\":\"Anime figurer fr\u00e5n \u00f6ver 300 olika anime serier med \u00f6ver 9000 produkter | Anime Shop\",\"publisher\":{\"@id\":\"https:\\\/\\\/animefigurer.se\\\/#organization\"},\"potentialAction\":[{\"@type\":\"SearchAction\",\"target\":{\"@type\":\"EntryPoint\",\"urlTemplate\":\"https:\\\/\\\/animefigurer.se\\\/?s={search_term_string}\"},\"query-input\":{\"@type\":\"PropertyValueSpecification\",\"valueRequired\":true,\"valueName\":\"search_term_string\"}}],\"inLanguage\":\"en-GB\"},{\"@type\":\"Organization\",\"@id\":\"https:\\\/\\\/animefigurer.se\\\/#organization\",\"name\":\"Animefigurer.se\",\"alternateName\":\"Anime figurer | Anime shop\",\"url\":\"https:\\\/\\\/animefigurer.se\\\/\",\"logo\":{\"@type\":\"ImageObject\",\"inLanguage\":\"en-GB\",\"@id\":\"https:\\\/\\\/animefigurer.se\\\/#\\\/schema\\\/logo\\\/image\\\/\",\"url\":\"https:\\\/\\\/animefigurer.se\\\/wp-content\\\/uploads\\\/2025\\\/12\\\/Animefigurer_logowhite.png\",\"contentUrl\":\"https:\\\/\\\/animefigurer.se\\\/wp-content\\\/uploads\\\/2025\\\/12\\\/Animefigurer_logowhite.png\",\"width\":1890,\"height\":1417,\"caption\":\"Animefigurer.se\"},\"image\":{\"@id\":\"https:\\\/\\\/animefigurer.se\\\/#\\\/schema\\\/logo\\\/image\\\/\"},\"sameAs\":[\"https:\\\/\\\/www.facebook.com\\\/profile.php?id=61581826539670\",\"https:\\\/\\\/www.instagram.com\\\/animefigurer.se\\\/\"],\"email\":\"info@animefigurer.se\"}]}<\/script>\n<!-- \/ Yoast SEO Premium plugin. -->","yoast_head_json":{"title":"You Feng Lai Yi 1\/6 Scale Figure | Animefigurer.se","robots":{"index":"index","follow":"follow","max-snippet":"max-snippet:-1","max-image-preview":"max-image-preview:large","max-video-preview":"max-video-preview:-1"},"canonical":"https:\/\/animefigurer.se\/en\/figurer\/ovriga\/you-feng-lai-yi-1-6-scale-figure\/","og_locale":"en_GB","og_type":"article","og_title":"You Feng Lai Yi 1\/6 Scale Figure","og_description":"BearPanda presenterar originalkarakt\u00e4ren You Feng Lai Yi i 1\/6-skala. Hon b\u00e4r en exotisk kinesisk kl\u00e4nning och en vit fluffig halsduk, poserar p\u00e5 en temabaserad fot och \u00e4r cirka 11 tum h\u00f6g \u2013 ett imponerande tillskott till vilken display som helst.","og_url":"https:\/\/animefigurer.se\/en\/figurer\/ovriga\/you-feng-lai-yi-1-6-scale-figure\/","og_site_name":"Animefigurer.se","article_publisher":"https:\/\/www.facebook.com\/profile.php?id=61581826539670","article_modified_time":"2026-03-19T03:39:48+00:00","og_image":[{"width":1890,"height":1417,"url":"https:\/\/animefigurer.se\/wp-content\/uploads\/2025\/12\/Animefigurer_logowhite.png","type":"image\/png"}],"twitter_card":"summary_large_image","twitter_misc":{"Estimated reading time":"1 minute"},"schema":{"@context":"https:\/\/schema.org","@graph":[{"@type":"WebPage","@id":"https:\/\/animefigurer.se\/figurer\/ovriga\/you-feng-lai-yi-1-6-scale-figure\/","url":"https:\/\/animefigurer.se\/figurer\/ovriga\/you-feng-lai-yi-1-6-scale-figure\/","name":"You Feng Lai Yi 1\/6 Scale Figure | Animefigurer.se","isPartOf":{"@id":"https:\/\/animefigurer.se\/#website"},"primaryImageOfPage":{"@id":"https:\/\/animefigurer.se\/figurer\/ovriga\/you-feng-lai-yi-1-6-scale-figure\/#primaryimage"},"image":{"@id":"https:\/\/animefigurer.se\/figurer\/ovriga\/you-feng-lai-yi-1-6-scale-figure\/#primaryimage"},"thumbnailUrl":"https:\/\/animefigurer.se\/wp-content\/uploads\/2025\/10\/66705bea2ec1a.jpeg","datePublished":"2025-10-21T16:59:21+00:00","dateModified":"2026-03-19T03:39:48+00:00","breadcrumb":{"@id":"https:\/\/animefigurer.se\/figurer\/ovriga\/you-feng-lai-yi-1-6-scale-figure\/#breadcrumb"},"inLanguage":"en-GB","potentialAction":[{"@type":"ReadAction","target":["https:\/\/animefigurer.se\/figurer\/ovriga\/you-feng-lai-yi-1-6-scale-figure\/"]}]},{"@type":"ImageObject","inLanguage":"en-GB","@id":"https:\/\/animefigurer.se\/figurer\/ovriga\/you-feng-lai-yi-1-6-scale-figure\/#primaryimage","url":"https:\/\/animefigurer.se\/wp-content\/uploads\/2025\/10\/66705bea2ec1a.jpeg","contentUrl":"https:\/\/animefigurer.se\/wp-content\/uploads\/2025\/10\/66705bea2ec1a.jpeg","width":720,"height":540},{"@type":"BreadcrumbList","@id":"https:\/\/animefigurer.se\/figurer\/ovriga\/you-feng-lai-yi-1-6-scale-figure\/#breadcrumb","itemListElement":[{"@type":"ListItem","position":1,"name":"Home","item":"https:\/\/animefigurer.se\/"},{"@type":"ListItem","position":2,"name":"Butik","item":"https:\/\/animefigurer.se\/figurer\/"},{"@type":"ListItem","position":3,"name":"You Feng Lai Yi 1\/6 Scale Figure"}]},{"@type":"WebSite","@id":"https:\/\/animefigurer.se\/#website","url":"https:\/\/animefigurer.se\/","name":"Animefigurer.se","description":"Anime figures from over 300 different anime series with over 9000 products | Anime Shop","publisher":{"@id":"https:\/\/animefigurer.se\/#organization"},"potentialAction":[{"@type":"SearchAction","target":{"@type":"EntryPoint","urlTemplate":"https:\/\/animefigurer.se\/?s={search_term_string}"},"query-input":{"@type":"PropertyValueSpecification","valueRequired":true,"valueName":"search_term_string"}}],"inLanguage":"en-GB"},{"@type":"Organization","@id":"https:\/\/animefigurer.se\/#organization","name":"Animefigurer.se","alternateName":"Anime figurer | Anime shop","url":"https:\/\/animefigurer.se\/","logo":{"@type":"ImageObject","inLanguage":"en-GB","@id":"https:\/\/animefigurer.se\/#\/schema\/logo\/image\/","url":"https:\/\/animefigurer.se\/wp-content\/uploads\/2025\/12\/Animefigurer_logowhite.png","contentUrl":"https:\/\/animefigurer.se\/wp-content\/uploads\/2025\/12\/Animefigurer_logowhite.png","width":1890,"height":1417,"caption":"Animefigurer.se"},"image":{"@id":"https:\/\/animefigurer.se\/#\/schema\/logo\/image\/"},"sameAs":["https:\/\/www.facebook.com\/profile.php?id=61581826539670","https:\/\/www.instagram.com\/animefigurer.se\/"],"email":"info@animefigurer.se"}]}},"_links":{"self":[{"href":"https:\/\/animefigurer.se\/en\/wp-json\/wp\/v2\/product\/80408","targetHints":{"allow":["GET"]}}],"collection":[{"href":"https:\/\/animefigurer.se\/en\/wp-json\/wp\/v2\/product"}],"about":[{"href":"https:\/\/animefigurer.se\/en\/wp-json\/wp\/v2\/types\/product"}],"replies":[{"embeddable":true,"href":"https:\/\/animefigurer.se\/en\/wp-json\/wp\/v2\/comments?post=80408"}],"wp:featuredmedia":[{"embeddable":true,"href":"https:\/\/animefigurer.se\/en\/wp-json\/wp\/v2\/media\/80409"}],"wp:attachment":[{"href":"https:\/\/animefigurer.se\/en\/wp-json\/wp\/v2\/media?parent=80408"}],"wp:term":[{"taxonomy":"product_brand","embeddable":true,"href":"https:\/\/animefigurer.se\/en\/wp-json\/wp\/v2\/product_brand?post=80408"},{"taxonomy":"product_cat","embeddable":true,"href":"https:\/\/animefigurer.se\/en\/wp-json\/wp\/v2\/product_cat?post=80408"},{"taxonomy":"product_tag","embeddable":true,"href":"https:\/\/animefigurer.se\/en\/wp-json\/wp\/v2\/product_tag?post=80408"},{"taxonomy":"giftcard-category","embeddable":true,"href":"https:\/\/animefigurer.se\/en\/wp-json\/wp\/v2\/giftcard-category?post=80408"}],"curies":[{"name":"wp","href":"https:\/\/api.w.org\/{rel}","templated":true}]}}