{"id":79360,"date":"2025-10-21T18:41:54","date_gmt":"2025-10-21T16:41:54","guid":{"rendered":"https:\/\/animefigurer.se\/produkt\/devilman-elite-devilman-1-4-scale-limited-edition-bust\/"},"modified":"2025-12-21T19:37:34","modified_gmt":"2025-12-21T18:37:34","slug":"devilman-elite-devilman-1-4-scale-limited-edition-bust","status":"publish","type":"product","link":"https:\/\/animefigurer.se\/en\/figurer\/ovriga\/devilman-elite-devilman-1-4-scale-limited-edition-bust\/","title":{"rendered":"Devilman Elite Devilman 1\/4 Scale Limited Edition Bust"},"content":{"rendered":"<p>Amon: The Apocalypse of Devilman is reimagined for the 21st century and continues the dark saga of Devilman. The plot takes a dramatic turn after Akira&#039;s beloved friend Miki is brutally murdered by a paranoid mob hunting humanoids. Instead of fighting back, Akira is overcome by such despair that the demonic entity eventually takes control of their shared body.<\/p>\n<p>Akira must find the strength and courage to stand against the demon&#039;s dominance as it relentlessly slaughters enemies and friends in its path. The defining confrontation in Amon: The Apocalypse of Devilman brings new insights to the story and shocking revelations for longtime fans.<\/p>\n<p>DESCRIPTION:<\/p>\n<p>Released as a worldwide limited edition, the Devilman Elite Bust depicts the tragic hero in his Devilman form, with battle-worn demon wings spreading from his back, framing a facial expression frozen in a defiant scream.<\/p>\n<p>The 1\/4 scale Devilman Elite Bust is designed to complement Figurama&#039;s exclusive Devilman vs Amon Elite Exclusive Statue. The pedestal of skulls and jagged rocks echoes the motifs used in the base of the original statue. The gory and shocking nature of the story, as well as the high cost of the war between demons and humans, is reflected in the blood that collects at the base of the bust.<\/p>\n<p>Each limited edition Devilman Elite bust is made of polystone and comes with an official certificate of authenticity.<\/p>","protected":false},"excerpt":{"rendered":"<p>Amon: The Apocalypse of Devilman is reimagined for the 21st century and continues the dark saga of Devilman. The plot takes a dramatic turn after Akira&#039;s beloved friend Miki is brutally murdered by a paranoid mob hunting humanoids. Instead of fighting, Akira is overcome by such despair that<\/p>","protected":false},"featured_media":79361,"comment_status":"closed","ping_status":"open","template":"","meta":{"_acf_changed":false,"_monsterinsights_skip_tracking":false,"_monsterinsights_sitenote_active":false,"_monsterinsights_sitenote_note":"","_monsterinsights_sitenote_category":0},"product_brand":[6984],"product_cat":[6224],"product_tag":[24],"giftcard-category":[],"class_list":{"0":"post-79360","1":"product","2":"type-product","3":"status-publish","4":"has-post-thumbnail","6":"product_brand-figurama-collectors","7":"product_cat-ovriga","8":"product_tag-2-3-weeks","9":"pa_franchise-devilman","10":"pa_karaktar-devilman","11":"pa_material-polystone","12":"pa_skala-54","13":"pa_storlek-28-cm","15":"first","16":"instock","17":"taxable","18":"shipping-taxable","19":"purchasable","20":"product-type-simple"},"acf":[],"yoast_head":"<!-- This site is optimized with the Yoast SEO Premium plugin v24.6 (Yoast SEO v27.4) - https:\/\/yoast.com\/product\/yoast-seo-premium-wordpress\/ -->\n<title>Devilman Elite Devilman 1\/4 Scale Limited Edition Bust | Animefigurer.se<\/title>\n<meta name=\"robots\" content=\"index, follow, max-snippet:-1, max-image-preview:large, max-video-preview:-1\" \/>\n<link rel=\"canonical\" href=\"https:\/\/animefigurer.se\/en\/figurer\/ovriga\/devilman-elite-devilman-1-4-scale-limited-edition-bust\/\" \/>\n<meta property=\"og:locale\" content=\"en_GB\" \/>\n<meta property=\"og:type\" content=\"article\" \/>\n<meta property=\"og:title\" content=\"Devilman Elite Devilman 1\/4 Scale Limited Edition Bust\" \/>\n<meta property=\"og:description\" content=\"Amon: The Apocalypse of Devilman har omtolkats f\u00f6r 2000-talet och forts\u00e4tter den m\u00f6rka sagan om Devilman. Handlingen \u00e4ndras dramatiskt efter att Akiras \u00e4lskade v\u00e4n Miki blir brutalt m\u00f6rdad av en paranoid folkmassa som jagar humanoider. Ist\u00e4llet f\u00f6r att sl\u00e5ss motfattas Akira av en s\u00e5dan f\u00f6rtvivlan at\" \/>\n<meta property=\"og:url\" content=\"https:\/\/animefigurer.se\/en\/figurer\/ovriga\/devilman-elite-devilman-1-4-scale-limited-edition-bust\/\" \/>\n<meta property=\"og:site_name\" content=\"Animefigurer.se\" \/>\n<meta property=\"article:publisher\" content=\"https:\/\/www.facebook.com\/profile.php?id=61581826539670\" \/>\n<meta property=\"article:modified_time\" content=\"2025-12-21T18:37:34+00:00\" \/>\n<meta property=\"og:image\" content=\"https:\/\/animefigurer.se\/wp-content\/uploads\/2025\/12\/Animefigurer_logowhite.png\" \/>\n\t<meta property=\"og:image:width\" content=\"1890\" \/>\n\t<meta property=\"og:image:height\" content=\"1417\" \/>\n\t<meta property=\"og:image:type\" content=\"image\/png\" \/>\n<meta name=\"twitter:card\" content=\"summary_large_image\" \/>\n<meta name=\"twitter:label1\" content=\"Estimated reading time\" \/>\n\t<meta name=\"twitter:data1\" content=\"1 minute\" \/>\n<script type=\"application\/ld+json\" class=\"yoast-schema-graph\">{\"@context\":\"https:\\\/\\\/schema.org\",\"@graph\":[{\"@type\":\"WebPage\",\"@id\":\"https:\\\/\\\/animefigurer.se\\\/figurer\\\/ovriga\\\/devilman-elite-devilman-1-4-scale-limited-edition-bust\\\/\",\"url\":\"https:\\\/\\\/animefigurer.se\\\/figurer\\\/ovriga\\\/devilman-elite-devilman-1-4-scale-limited-edition-bust\\\/\",\"name\":\"Devilman Elite Devilman 1\\\/4 Scale Limited Edition Bust | Animefigurer.se\",\"isPartOf\":{\"@id\":\"https:\\\/\\\/animefigurer.se\\\/#website\"},\"primaryImageOfPage\":{\"@id\":\"https:\\\/\\\/animefigurer.se\\\/figurer\\\/ovriga\\\/devilman-elite-devilman-1-4-scale-limited-edition-bust\\\/#primaryimage\"},\"image\":{\"@id\":\"https:\\\/\\\/animefigurer.se\\\/figurer\\\/ovriga\\\/devilman-elite-devilman-1-4-scale-limited-edition-bust\\\/#primaryimage\"},\"thumbnailUrl\":\"https:\\\/\\\/animefigurer.se\\\/wp-content\\\/uploads\\\/2025\\\/10\\\/67501ad2b6c78.jpeg\",\"datePublished\":\"2025-10-21T16:41:54+00:00\",\"dateModified\":\"2025-12-21T18:37:34+00:00\",\"breadcrumb\":{\"@id\":\"https:\\\/\\\/animefigurer.se\\\/figurer\\\/ovriga\\\/devilman-elite-devilman-1-4-scale-limited-edition-bust\\\/#breadcrumb\"},\"inLanguage\":\"en-GB\",\"potentialAction\":[{\"@type\":\"ReadAction\",\"target\":[\"https:\\\/\\\/animefigurer.se\\\/figurer\\\/ovriga\\\/devilman-elite-devilman-1-4-scale-limited-edition-bust\\\/\"]}]},{\"@type\":\"ImageObject\",\"inLanguage\":\"en-GB\",\"@id\":\"https:\\\/\\\/animefigurer.se\\\/figurer\\\/ovriga\\\/devilman-elite-devilman-1-4-scale-limited-edition-bust\\\/#primaryimage\",\"url\":\"https:\\\/\\\/animefigurer.se\\\/wp-content\\\/uploads\\\/2025\\\/10\\\/67501ad2b6c78.jpeg\",\"contentUrl\":\"https:\\\/\\\/animefigurer.se\\\/wp-content\\\/uploads\\\/2025\\\/10\\\/67501ad2b6c78.jpeg\",\"width\":720,\"height\":540},{\"@type\":\"BreadcrumbList\",\"@id\":\"https:\\\/\\\/animefigurer.se\\\/figurer\\\/ovriga\\\/devilman-elite-devilman-1-4-scale-limited-edition-bust\\\/#breadcrumb\",\"itemListElement\":[{\"@type\":\"ListItem\",\"position\":1,\"name\":\"Home\",\"item\":\"https:\\\/\\\/animefigurer.se\\\/\"},{\"@type\":\"ListItem\",\"position\":2,\"name\":\"Butik\",\"item\":\"https:\\\/\\\/animefigurer.se\\\/figurer\\\/\"},{\"@type\":\"ListItem\",\"position\":3,\"name\":\"Devilman Elite Devilman 1\\\/4 Scale Limited Edition Bust\"}]},{\"@type\":\"WebSite\",\"@id\":\"https:\\\/\\\/animefigurer.se\\\/#website\",\"url\":\"https:\\\/\\\/animefigurer.se\\\/\",\"name\":\"Animefigurer.se\",\"description\":\"Anime figurer fr\u00e5n \u00f6ver 300 olika anime serier med \u00f6ver 9000 produkter | Anime Shop\",\"publisher\":{\"@id\":\"https:\\\/\\\/animefigurer.se\\\/#organization\"},\"potentialAction\":[{\"@type\":\"SearchAction\",\"target\":{\"@type\":\"EntryPoint\",\"urlTemplate\":\"https:\\\/\\\/animefigurer.se\\\/?s={search_term_string}\"},\"query-input\":{\"@type\":\"PropertyValueSpecification\",\"valueRequired\":true,\"valueName\":\"search_term_string\"}}],\"inLanguage\":\"en-GB\"},{\"@type\":\"Organization\",\"@id\":\"https:\\\/\\\/animefigurer.se\\\/#organization\",\"name\":\"Animefigurer.se\",\"alternateName\":\"Anime figurer | Anime shop\",\"url\":\"https:\\\/\\\/animefigurer.se\\\/\",\"logo\":{\"@type\":\"ImageObject\",\"inLanguage\":\"en-GB\",\"@id\":\"https:\\\/\\\/animefigurer.se\\\/#\\\/schema\\\/logo\\\/image\\\/\",\"url\":\"https:\\\/\\\/animefigurer.se\\\/wp-content\\\/uploads\\\/2025\\\/12\\\/Animefigurer_logowhite.png\",\"contentUrl\":\"https:\\\/\\\/animefigurer.se\\\/wp-content\\\/uploads\\\/2025\\\/12\\\/Animefigurer_logowhite.png\",\"width\":1890,\"height\":1417,\"caption\":\"Animefigurer.se\"},\"image\":{\"@id\":\"https:\\\/\\\/animefigurer.se\\\/#\\\/schema\\\/logo\\\/image\\\/\"},\"sameAs\":[\"https:\\\/\\\/www.facebook.com\\\/profile.php?id=61581826539670\",\"https:\\\/\\\/www.instagram.com\\\/animefigurer.se\\\/\"],\"email\":\"info@animefigurer.se\"}]}<\/script>\n<!-- \/ Yoast SEO Premium plugin. -->","yoast_head_json":{"title":"Devilman Elite Devilman 1\/4 Scale Limited Edition Bust | Animefigurer.se","robots":{"index":"index","follow":"follow","max-snippet":"max-snippet:-1","max-image-preview":"max-image-preview:large","max-video-preview":"max-video-preview:-1"},"canonical":"https:\/\/animefigurer.se\/en\/figurer\/ovriga\/devilman-elite-devilman-1-4-scale-limited-edition-bust\/","og_locale":"en_GB","og_type":"article","og_title":"Devilman Elite Devilman 1\/4 Scale Limited Edition Bust","og_description":"Amon: The Apocalypse of Devilman har omtolkats f\u00f6r 2000-talet och forts\u00e4tter den m\u00f6rka sagan om Devilman. Handlingen \u00e4ndras dramatiskt efter att Akiras \u00e4lskade v\u00e4n Miki blir brutalt m\u00f6rdad av en paranoid folkmassa som jagar humanoider. Ist\u00e4llet f\u00f6r att sl\u00e5ss motfattas Akira av en s\u00e5dan f\u00f6rtvivlan at","og_url":"https:\/\/animefigurer.se\/en\/figurer\/ovriga\/devilman-elite-devilman-1-4-scale-limited-edition-bust\/","og_site_name":"Animefigurer.se","article_publisher":"https:\/\/www.facebook.com\/profile.php?id=61581826539670","article_modified_time":"2025-12-21T18:37:34+00:00","og_image":[{"width":1890,"height":1417,"url":"https:\/\/animefigurer.se\/wp-content\/uploads\/2025\/12\/Animefigurer_logowhite.png","type":"image\/png"}],"twitter_card":"summary_large_image","twitter_misc":{"Estimated reading time":"1 minute"},"schema":{"@context":"https:\/\/schema.org","@graph":[{"@type":"WebPage","@id":"https:\/\/animefigurer.se\/figurer\/ovriga\/devilman-elite-devilman-1-4-scale-limited-edition-bust\/","url":"https:\/\/animefigurer.se\/figurer\/ovriga\/devilman-elite-devilman-1-4-scale-limited-edition-bust\/","name":"Devilman Elite Devilman 1\/4 Scale Limited Edition Bust | Animefigurer.se","isPartOf":{"@id":"https:\/\/animefigurer.se\/#website"},"primaryImageOfPage":{"@id":"https:\/\/animefigurer.se\/figurer\/ovriga\/devilman-elite-devilman-1-4-scale-limited-edition-bust\/#primaryimage"},"image":{"@id":"https:\/\/animefigurer.se\/figurer\/ovriga\/devilman-elite-devilman-1-4-scale-limited-edition-bust\/#primaryimage"},"thumbnailUrl":"https:\/\/animefigurer.se\/wp-content\/uploads\/2025\/10\/67501ad2b6c78.jpeg","datePublished":"2025-10-21T16:41:54+00:00","dateModified":"2025-12-21T18:37:34+00:00","breadcrumb":{"@id":"https:\/\/animefigurer.se\/figurer\/ovriga\/devilman-elite-devilman-1-4-scale-limited-edition-bust\/#breadcrumb"},"inLanguage":"en-GB","potentialAction":[{"@type":"ReadAction","target":["https:\/\/animefigurer.se\/figurer\/ovriga\/devilman-elite-devilman-1-4-scale-limited-edition-bust\/"]}]},{"@type":"ImageObject","inLanguage":"en-GB","@id":"https:\/\/animefigurer.se\/figurer\/ovriga\/devilman-elite-devilman-1-4-scale-limited-edition-bust\/#primaryimage","url":"https:\/\/animefigurer.se\/wp-content\/uploads\/2025\/10\/67501ad2b6c78.jpeg","contentUrl":"https:\/\/animefigurer.se\/wp-content\/uploads\/2025\/10\/67501ad2b6c78.jpeg","width":720,"height":540},{"@type":"BreadcrumbList","@id":"https:\/\/animefigurer.se\/figurer\/ovriga\/devilman-elite-devilman-1-4-scale-limited-edition-bust\/#breadcrumb","itemListElement":[{"@type":"ListItem","position":1,"name":"Home","item":"https:\/\/animefigurer.se\/"},{"@type":"ListItem","position":2,"name":"Butik","item":"https:\/\/animefigurer.se\/figurer\/"},{"@type":"ListItem","position":3,"name":"Devilman Elite Devilman 1\/4 Scale Limited Edition Bust"}]},{"@type":"WebSite","@id":"https:\/\/animefigurer.se\/#website","url":"https:\/\/animefigurer.se\/","name":"Animefigurer.se","description":"Anime figures from over 300 different anime series with over 9000 products | Anime Shop","publisher":{"@id":"https:\/\/animefigurer.se\/#organization"},"potentialAction":[{"@type":"SearchAction","target":{"@type":"EntryPoint","urlTemplate":"https:\/\/animefigurer.se\/?s={search_term_string}"},"query-input":{"@type":"PropertyValueSpecification","valueRequired":true,"valueName":"search_term_string"}}],"inLanguage":"en-GB"},{"@type":"Organization","@id":"https:\/\/animefigurer.se\/#organization","name":"Animefigurer.se","alternateName":"Anime figurer | Anime shop","url":"https:\/\/animefigurer.se\/","logo":{"@type":"ImageObject","inLanguage":"en-GB","@id":"https:\/\/animefigurer.se\/#\/schema\/logo\/image\/","url":"https:\/\/animefigurer.se\/wp-content\/uploads\/2025\/12\/Animefigurer_logowhite.png","contentUrl":"https:\/\/animefigurer.se\/wp-content\/uploads\/2025\/12\/Animefigurer_logowhite.png","width":1890,"height":1417,"caption":"Animefigurer.se"},"image":{"@id":"https:\/\/animefigurer.se\/#\/schema\/logo\/image\/"},"sameAs":["https:\/\/www.facebook.com\/profile.php?id=61581826539670","https:\/\/www.instagram.com\/animefigurer.se\/"],"email":"info@animefigurer.se"}]}},"_links":{"self":[{"href":"https:\/\/animefigurer.se\/en\/wp-json\/wp\/v2\/product\/79360","targetHints":{"allow":["GET"]}}],"collection":[{"href":"https:\/\/animefigurer.se\/en\/wp-json\/wp\/v2\/product"}],"about":[{"href":"https:\/\/animefigurer.se\/en\/wp-json\/wp\/v2\/types\/product"}],"replies":[{"embeddable":true,"href":"https:\/\/animefigurer.se\/en\/wp-json\/wp\/v2\/comments?post=79360"}],"wp:featuredmedia":[{"embeddable":true,"href":"https:\/\/animefigurer.se\/en\/wp-json\/wp\/v2\/media\/79361"}],"wp:attachment":[{"href":"https:\/\/animefigurer.se\/en\/wp-json\/wp\/v2\/media?parent=79360"}],"wp:term":[{"taxonomy":"product_brand","embeddable":true,"href":"https:\/\/animefigurer.se\/en\/wp-json\/wp\/v2\/product_brand?post=79360"},{"taxonomy":"product_cat","embeddable":true,"href":"https:\/\/animefigurer.se\/en\/wp-json\/wp\/v2\/product_cat?post=79360"},{"taxonomy":"product_tag","embeddable":true,"href":"https:\/\/animefigurer.se\/en\/wp-json\/wp\/v2\/product_tag?post=79360"},{"taxonomy":"giftcard-category","embeddable":true,"href":"https:\/\/animefigurer.se\/en\/wp-json\/wp\/v2\/giftcard-category?post=79360"}],"curies":[{"name":"wp","href":"https:\/\/api.w.org\/{rel}","templated":true}]}}