{"id":78521,"date":"2025-10-21T18:27:48","date_gmt":"2025-10-21T16:27:48","guid":{"rendered":"https:\/\/animefigurer.se\/produkt\/samurai-jack-one12-collective-samurai-jack-action-figure\/"},"modified":"2025-12-21T19:37:29","modified_gmt":"2025-12-21T18:37:29","slug":"samurai-jack-one12-collective-samurai-jack-action-figure","status":"publish","type":"product","link":"https:\/\/animefigurer.se\/en\/figurer\/ovriga\/samurai-jack-one12-collective-samurai-jack-action-figure\/","title":{"rendered":"Samurai Jack One:12 Collective Samurai Jack Action Figure"},"content":{"rendered":"<p>Step into a world of glory and destiny with Samurai Jack in One:12 Collective!<\/p>\n<p>Samurai Jack features his iconic white gi, geta sandals, removable hat and removable blindfold. Five head portraits along with three interchangeable hairstyles provide a variety of expressions and posing possibilities.<\/p>\n<p>He&#039;s ready to fight evil with his legendary katana and accompanying sheath that can be attached to his belt, a working bow and arrow, and a time portal FX to illustrate his movements through time.<\/p>\n<p>Samurai Jack follows a noble warrior who is thrust into a dystopian future by the evil sorcerer Aku. Determined to return to his own time and defeat Aku, Jack embarks on an epic journey filled with treacherous battles, unlikely allies, and the timeless struggle between good and evil.<\/p>","protected":false},"excerpt":{"rendered":"<p>Step into a world of glory and destiny with Samurai Jack in One:12 Collective!<\/p>\n<p>Samurai Jack features his iconic white gi, geta sandals, removable hat and removable blindfold. Five head portraits along with three interchangeable hairstyles provide a variety of expressions and posing possibilities.<\/p>\n<p>He is ready to fight on<\/p>","protected":false},"featured_media":78522,"comment_status":"closed","ping_status":"open","template":"","meta":{"_acf_changed":false,"_monsterinsights_skip_tracking":false,"_monsterinsights_sitenote_active":false,"_monsterinsights_sitenote_note":"","_monsterinsights_sitenote_category":0},"product_brand":[7064],"product_cat":[6224,7233],"product_tag":[26],"giftcard-category":[],"class_list":{"0":"post-78521","1":"product","2":"type-product","3":"status-publish","4":"has-post-thumbnail","6":"product_brand-mezco-toys","7":"product_cat-ovriga","8":"product_cat-pre-order","9":"product_tag-pre-order","10":"pa_franchise-samurai-jack","11":"pa_karaktar-samurai-jack","12":"pa_material-plastic","13":"pa_skala-921","14":"pa_storlek-17-cm","16":"first","17":"instock","18":"taxable","19":"shipping-taxable","20":"purchasable","21":"product-type-simple"},"acf":[],"yoast_head":"<!-- This site is optimized with the Yoast SEO Premium plugin v24.6 (Yoast SEO v27.3) - https:\/\/yoast.com\/product\/yoast-seo-premium-wordpress\/ -->\n<title>Samurai Jack One:12 Collective Samurai Jack Action Figure | Animefigurer.se<\/title>\n<meta name=\"robots\" content=\"index, follow, max-snippet:-1, max-image-preview:large, max-video-preview:-1\" \/>\n<link rel=\"canonical\" href=\"https:\/\/animefigurer.se\/en\/figurer\/ovriga\/samurai-jack-one12-collective-samurai-jack-action-figure\/\" \/>\n<meta property=\"og:locale\" content=\"en_GB\" \/>\n<meta property=\"og:type\" content=\"article\" \/>\n<meta property=\"og:title\" content=\"Samurai Jack One:12 Collective Samurai Jack Action Figure\" \/>\n<meta property=\"og:description\" content=\"Kliv in i en v\u00e4rld av \u00e4ra och \u00f6de med Samurai Jack i One:12 Collective! Samurai Jack har sin ikoniska vita gi, geta-sandaler, avtagbar hatt och avtagbar \u00f6gonbindel. Fem huvudportr\u00e4tt tillsammans med tre utbytbara frisyrer ger m\u00e5nga olika uttryck och poseringsm\u00f6jligheter. Han \u00e4r redo att bek\u00e4mpa on\" \/>\n<meta property=\"og:url\" content=\"https:\/\/animefigurer.se\/en\/figurer\/ovriga\/samurai-jack-one12-collective-samurai-jack-action-figure\/\" \/>\n<meta property=\"og:site_name\" content=\"Animefigurer.se\" \/>\n<meta property=\"article:publisher\" content=\"https:\/\/www.facebook.com\/profile.php?id=61581826539670\" \/>\n<meta property=\"article:modified_time\" content=\"2025-12-21T18:37:29+00:00\" \/>\n<meta property=\"og:image\" content=\"https:\/\/animefigurer.se\/wp-content\/uploads\/2025\/12\/Animefigurer_logowhite.png\" \/>\n\t<meta property=\"og:image:width\" content=\"1890\" \/>\n\t<meta property=\"og:image:height\" content=\"1417\" \/>\n\t<meta property=\"og:image:type\" content=\"image\/png\" \/>\n<meta name=\"twitter:card\" content=\"summary_large_image\" \/>\n<meta name=\"twitter:label1\" content=\"Estimated reading time\" \/>\n\t<meta name=\"twitter:data1\" content=\"1 minute\" \/>\n<script type=\"application\/ld+json\" class=\"yoast-schema-graph\">{\"@context\":\"https:\\\/\\\/schema.org\",\"@graph\":[{\"@type\":\"WebPage\",\"@id\":\"https:\\\/\\\/animefigurer.se\\\/en\\\/figurer\\\/ovriga\\\/samurai-jack-one12-collective-samurai-jack-action-figure\\\/\",\"url\":\"https:\\\/\\\/animefigurer.se\\\/en\\\/figurer\\\/ovriga\\\/samurai-jack-one12-collective-samurai-jack-action-figure\\\/\",\"name\":\"Samurai Jack One:12 Collective Samurai Jack Action Figure | Animefigurer.se\",\"isPartOf\":{\"@id\":\"https:\\\/\\\/animefigurer.se\\\/#website\"},\"primaryImageOfPage\":{\"@id\":\"https:\\\/\\\/animefigurer.se\\\/en\\\/figurer\\\/ovriga\\\/samurai-jack-one12-collective-samurai-jack-action-figure\\\/#primaryimage\"},\"image\":{\"@id\":\"https:\\\/\\\/animefigurer.se\\\/en\\\/figurer\\\/ovriga\\\/samurai-jack-one12-collective-samurai-jack-action-figure\\\/#primaryimage\"},\"thumbnailUrl\":\"https:\\\/\\\/animefigurer.se\\\/wp-content\\\/uploads\\\/2025\\\/10\\\/67b77183c4143.jpeg\",\"datePublished\":\"2025-10-21T16:27:48+00:00\",\"dateModified\":\"2025-12-21T18:37:29+00:00\",\"breadcrumb\":{\"@id\":\"https:\\\/\\\/animefigurer.se\\\/en\\\/figurer\\\/ovriga\\\/samurai-jack-one12-collective-samurai-jack-action-figure\\\/#breadcrumb\"},\"inLanguage\":\"en-GB\",\"potentialAction\":[{\"@type\":\"ReadAction\",\"target\":[\"https:\\\/\\\/animefigurer.se\\\/en\\\/figurer\\\/ovriga\\\/samurai-jack-one12-collective-samurai-jack-action-figure\\\/\"]}]},{\"@type\":\"ImageObject\",\"inLanguage\":\"en-GB\",\"@id\":\"https:\\\/\\\/animefigurer.se\\\/en\\\/figurer\\\/ovriga\\\/samurai-jack-one12-collective-samurai-jack-action-figure\\\/#primaryimage\",\"url\":\"https:\\\/\\\/animefigurer.se\\\/wp-content\\\/uploads\\\/2025\\\/10\\\/67b77183c4143.jpeg\",\"contentUrl\":\"https:\\\/\\\/animefigurer.se\\\/wp-content\\\/uploads\\\/2025\\\/10\\\/67b77183c4143.jpeg\",\"width\":720,\"height\":540},{\"@type\":\"BreadcrumbList\",\"@id\":\"https:\\\/\\\/animefigurer.se\\\/en\\\/figurer\\\/ovriga\\\/samurai-jack-one12-collective-samurai-jack-action-figure\\\/#breadcrumb\",\"itemListElement\":[{\"@type\":\"ListItem\",\"position\":1,\"name\":\"Home\",\"item\":\"https:\\\/\\\/animefigurer.se\\\/\"},{\"@type\":\"ListItem\",\"position\":2,\"name\":\"Butik\",\"item\":\"https:\\\/\\\/animefigurer.se\\\/figurer\\\/\"},{\"@type\":\"ListItem\",\"position\":3,\"name\":\"Samurai Jack One:12 Collective Samurai Jack Action Figure\"}]},{\"@type\":\"WebSite\",\"@id\":\"https:\\\/\\\/animefigurer.se\\\/#website\",\"url\":\"https:\\\/\\\/animefigurer.se\\\/\",\"name\":\"Animefigurer.se\",\"description\":\"Anime figurer fr\u00e5n \u00f6ver 300 olika anime serier med \u00f6ver 9000 produkter | Anime Shop\",\"publisher\":{\"@id\":\"https:\\\/\\\/animefigurer.se\\\/#organization\"},\"potentialAction\":[{\"@type\":\"SearchAction\",\"target\":{\"@type\":\"EntryPoint\",\"urlTemplate\":\"https:\\\/\\\/animefigurer.se\\\/?s={search_term_string}\"},\"query-input\":{\"@type\":\"PropertyValueSpecification\",\"valueRequired\":true,\"valueName\":\"search_term_string\"}}],\"inLanguage\":\"en-GB\"},{\"@type\":\"Organization\",\"@id\":\"https:\\\/\\\/animefigurer.se\\\/#organization\",\"name\":\"Animefigurer.se\",\"alternateName\":\"Anime figurer | Anime shop\",\"url\":\"https:\\\/\\\/animefigurer.se\\\/\",\"logo\":{\"@type\":\"ImageObject\",\"inLanguage\":\"en-GB\",\"@id\":\"https:\\\/\\\/animefigurer.se\\\/#\\\/schema\\\/logo\\\/image\\\/\",\"url\":\"https:\\\/\\\/animefigurer.se\\\/wp-content\\\/uploads\\\/2025\\\/12\\\/Animefigurer_logowhite.png\",\"contentUrl\":\"https:\\\/\\\/animefigurer.se\\\/wp-content\\\/uploads\\\/2025\\\/12\\\/Animefigurer_logowhite.png\",\"width\":1890,\"height\":1417,\"caption\":\"Animefigurer.se\"},\"image\":{\"@id\":\"https:\\\/\\\/animefigurer.se\\\/#\\\/schema\\\/logo\\\/image\\\/\"},\"sameAs\":[\"https:\\\/\\\/www.facebook.com\\\/profile.php?id=61581826539670\",\"https:\\\/\\\/www.instagram.com\\\/animefigurer.se\\\/\"],\"email\":\"info@animefigurer.se\"}]}<\/script>\n<!-- \/ Yoast SEO Premium plugin. -->","yoast_head_json":{"title":"Samurai Jack One:12 Collective Samurai Jack Action Figure | Animefigurer.se","robots":{"index":"index","follow":"follow","max-snippet":"max-snippet:-1","max-image-preview":"max-image-preview:large","max-video-preview":"max-video-preview:-1"},"canonical":"https:\/\/animefigurer.se\/en\/figurer\/ovriga\/samurai-jack-one12-collective-samurai-jack-action-figure\/","og_locale":"en_GB","og_type":"article","og_title":"Samurai Jack One:12 Collective Samurai Jack Action Figure","og_description":"Kliv in i en v\u00e4rld av \u00e4ra och \u00f6de med Samurai Jack i One:12 Collective! Samurai Jack har sin ikoniska vita gi, geta-sandaler, avtagbar hatt och avtagbar \u00f6gonbindel. Fem huvudportr\u00e4tt tillsammans med tre utbytbara frisyrer ger m\u00e5nga olika uttryck och poseringsm\u00f6jligheter. Han \u00e4r redo att bek\u00e4mpa on","og_url":"https:\/\/animefigurer.se\/en\/figurer\/ovriga\/samurai-jack-one12-collective-samurai-jack-action-figure\/","og_site_name":"Animefigurer.se","article_publisher":"https:\/\/www.facebook.com\/profile.php?id=61581826539670","article_modified_time":"2025-12-21T18:37:29+00:00","og_image":[{"width":1890,"height":1417,"url":"https:\/\/animefigurer.se\/wp-content\/uploads\/2025\/12\/Animefigurer_logowhite.png","type":"image\/png"}],"twitter_card":"summary_large_image","twitter_misc":{"Estimated reading time":"1 minute"},"schema":{"@context":"https:\/\/schema.org","@graph":[{"@type":"WebPage","@id":"https:\/\/animefigurer.se\/en\/figurer\/ovriga\/samurai-jack-one12-collective-samurai-jack-action-figure\/","url":"https:\/\/animefigurer.se\/en\/figurer\/ovriga\/samurai-jack-one12-collective-samurai-jack-action-figure\/","name":"Samurai Jack One:12 Collective Samurai Jack Action Figure | Animefigurer.se","isPartOf":{"@id":"https:\/\/animefigurer.se\/#website"},"primaryImageOfPage":{"@id":"https:\/\/animefigurer.se\/en\/figurer\/ovriga\/samurai-jack-one12-collective-samurai-jack-action-figure\/#primaryimage"},"image":{"@id":"https:\/\/animefigurer.se\/en\/figurer\/ovriga\/samurai-jack-one12-collective-samurai-jack-action-figure\/#primaryimage"},"thumbnailUrl":"https:\/\/animefigurer.se\/wp-content\/uploads\/2025\/10\/67b77183c4143.jpeg","datePublished":"2025-10-21T16:27:48+00:00","dateModified":"2025-12-21T18:37:29+00:00","breadcrumb":{"@id":"https:\/\/animefigurer.se\/en\/figurer\/ovriga\/samurai-jack-one12-collective-samurai-jack-action-figure\/#breadcrumb"},"inLanguage":"en-GB","potentialAction":[{"@type":"ReadAction","target":["https:\/\/animefigurer.se\/en\/figurer\/ovriga\/samurai-jack-one12-collective-samurai-jack-action-figure\/"]}]},{"@type":"ImageObject","inLanguage":"en-GB","@id":"https:\/\/animefigurer.se\/en\/figurer\/ovriga\/samurai-jack-one12-collective-samurai-jack-action-figure\/#primaryimage","url":"https:\/\/animefigurer.se\/wp-content\/uploads\/2025\/10\/67b77183c4143.jpeg","contentUrl":"https:\/\/animefigurer.se\/wp-content\/uploads\/2025\/10\/67b77183c4143.jpeg","width":720,"height":540},{"@type":"BreadcrumbList","@id":"https:\/\/animefigurer.se\/en\/figurer\/ovriga\/samurai-jack-one12-collective-samurai-jack-action-figure\/#breadcrumb","itemListElement":[{"@type":"ListItem","position":1,"name":"Home","item":"https:\/\/animefigurer.se\/"},{"@type":"ListItem","position":2,"name":"Butik","item":"https:\/\/animefigurer.se\/figurer\/"},{"@type":"ListItem","position":3,"name":"Samurai Jack One:12 Collective Samurai Jack Action Figure"}]},{"@type":"WebSite","@id":"https:\/\/animefigurer.se\/#website","url":"https:\/\/animefigurer.se\/","name":"Animefigurer.se","description":"Anime figures from over 300 different anime series with over 9000 products | Anime Shop","publisher":{"@id":"https:\/\/animefigurer.se\/#organization"},"potentialAction":[{"@type":"SearchAction","target":{"@type":"EntryPoint","urlTemplate":"https:\/\/animefigurer.se\/?s={search_term_string}"},"query-input":{"@type":"PropertyValueSpecification","valueRequired":true,"valueName":"search_term_string"}}],"inLanguage":"en-GB"},{"@type":"Organization","@id":"https:\/\/animefigurer.se\/#organization","name":"Animefigurer.se","alternateName":"Anime figurer | Anime shop","url":"https:\/\/animefigurer.se\/","logo":{"@type":"ImageObject","inLanguage":"en-GB","@id":"https:\/\/animefigurer.se\/#\/schema\/logo\/image\/","url":"https:\/\/animefigurer.se\/wp-content\/uploads\/2025\/12\/Animefigurer_logowhite.png","contentUrl":"https:\/\/animefigurer.se\/wp-content\/uploads\/2025\/12\/Animefigurer_logowhite.png","width":1890,"height":1417,"caption":"Animefigurer.se"},"image":{"@id":"https:\/\/animefigurer.se\/#\/schema\/logo\/image\/"},"sameAs":["https:\/\/www.facebook.com\/profile.php?id=61581826539670","https:\/\/www.instagram.com\/animefigurer.se\/"],"email":"info@animefigurer.se"}]}},"_links":{"self":[{"href":"https:\/\/animefigurer.se\/en\/wp-json\/wp\/v2\/product\/78521","targetHints":{"allow":["GET"]}}],"collection":[{"href":"https:\/\/animefigurer.se\/en\/wp-json\/wp\/v2\/product"}],"about":[{"href":"https:\/\/animefigurer.se\/en\/wp-json\/wp\/v2\/types\/product"}],"replies":[{"embeddable":true,"href":"https:\/\/animefigurer.se\/en\/wp-json\/wp\/v2\/comments?post=78521"}],"wp:featuredmedia":[{"embeddable":true,"href":"https:\/\/animefigurer.se\/en\/wp-json\/wp\/v2\/media\/78522"}],"wp:attachment":[{"href":"https:\/\/animefigurer.se\/en\/wp-json\/wp\/v2\/media?parent=78521"}],"wp:term":[{"taxonomy":"product_brand","embeddable":true,"href":"https:\/\/animefigurer.se\/en\/wp-json\/wp\/v2\/product_brand?post=78521"},{"taxonomy":"product_cat","embeddable":true,"href":"https:\/\/animefigurer.se\/en\/wp-json\/wp\/v2\/product_cat?post=78521"},{"taxonomy":"product_tag","embeddable":true,"href":"https:\/\/animefigurer.se\/en\/wp-json\/wp\/v2\/product_tag?post=78521"},{"taxonomy":"giftcard-category","embeddable":true,"href":"https:\/\/animefigurer.se\/en\/wp-json\/wp\/v2\/giftcard-category?post=78521"}],"curies":[{"name":"wp","href":"https:\/\/api.w.org\/{rel}","templated":true}]}}