{"id":76885,"date":"2025-10-21T17:57:15","date_gmt":"2025-10-21T15:57:15","guid":{"rendered":"https:\/\/animefigurer.se\/produkt\/mythic-legions-legacies-of-mythoss-urzokk-legion-of-arethyr-ver-2-action-figure\/"},"modified":"2025-12-21T19:37:17","modified_gmt":"2025-12-21T18:37:17","slug":"mythic-legions-legacies-of-mythoss-urzokk-legion-of-arethyr-ver-2-action-figure","status":"publish","type":"product","link":"https:\/\/animefigurer.se\/en\/figurer\/ovriga\/mythic-legions-legacies-of-mythoss-urzokk-legion-of-arethyr-ver-2-action-figure\/","title":{"rendered":"Mythic Legions: Legacies of Mythos Urzokk (Legion of Arethyr Ver. 2) Action Figure"},"content":{"rendered":"<p>Mythic Legions: Legacies of Mythos reintroduces classic characters in updated versions. Urzokk (Legion of Arethyr Ver. 2) comes with three newly sculpted heads in different expressions \u2014 stoic, gritted teeth, and battle cry.<\/p>\n<p>The weapon pack includes three new weapons, including a vicious sword and a brutal battle axe, as well as a large shield painted with the same symbol as the first Urzokk figure&#039;s shield.<\/p>","protected":false},"excerpt":{"rendered":"<p>Mythic Legions: Legacies of Mythos reintroduces classic characters in updated versions. Urzokk (Legion of Arethyr Ver. 2) comes with three newly sculpted heads in different expressions \u2014 stoic, gritted teeth, and battle cry.<\/p>\n<p>The weapon pack includes three new weapons, including a vicious s<\/p>","protected":false},"featured_media":76886,"comment_status":"closed","ping_status":"open","template":"","meta":{"_acf_changed":false,"_monsterinsights_skip_tracking":false,"_monsterinsights_sitenote_active":false,"_monsterinsights_sitenote_note":"","_monsterinsights_sitenote_category":0},"product_brand":[6990],"product_cat":[6224,7233],"product_tag":[26],"giftcard-category":[],"class_list":{"0":"post-76885","1":"product","2":"type-product","3":"status-publish","4":"has-post-thumbnail","6":"product_brand-four-horsemen","7":"product_cat-ovriga","8":"product_cat-pre-order","9":"product_tag-pre-order","10":"pa_karaktar-urzokk","11":"pa_material-plastic","12":"pa_storlek-15-cm","14":"first","15":"instock","16":"taxable","17":"shipping-taxable","18":"purchasable","19":"product-type-simple"},"acf":[],"yoast_head":"<!-- This site is optimized with the Yoast SEO Premium plugin v24.6 (Yoast SEO v27.3) - https:\/\/yoast.com\/product\/yoast-seo-premium-wordpress\/ -->\n<title>Mythic Legions: Legacies of Mythoss Urzokk (Legion of Arethyr Ver. 2) Action Figure | Animefigurer.se<\/title>\n<meta name=\"robots\" content=\"index, follow, max-snippet:-1, max-image-preview:large, max-video-preview:-1\" \/>\n<link rel=\"canonical\" href=\"https:\/\/animefigurer.se\/en\/figurer\/ovriga\/mythic-legions-legacies-of-mythoss-urzokk-legion-of-arethyr-ver-2-action-figure\/\" \/>\n<meta property=\"og:locale\" content=\"en_GB\" \/>\n<meta property=\"og:type\" content=\"article\" \/>\n<meta property=\"og:title\" content=\"Mythic Legions: Legacies of Mythoss Urzokk (Legion of Arethyr Ver. 2) Action Figure\" \/>\n<meta property=\"og:description\" content=\"Mythic Legions: Legacies of Mythoss \u00e5terintroducerar klassiska karakt\u00e4rer i uppdaterade versioner. Urzokk (Legion of Arethyr Ver. 2) levereras med tre nyskulpterade huvuden i olika uttryck \u2014 stoisk, sammanbitna t\u00e4nder och stridsrop. Vapenpaketet inneh\u00e5ller tre nya vapen, d\u00e4ribland ett ondskefullt s\" \/>\n<meta property=\"og:url\" content=\"https:\/\/animefigurer.se\/en\/figurer\/ovriga\/mythic-legions-legacies-of-mythoss-urzokk-legion-of-arethyr-ver-2-action-figure\/\" \/>\n<meta property=\"og:site_name\" content=\"Animefigurer.se\" \/>\n<meta property=\"article:publisher\" content=\"https:\/\/www.facebook.com\/profile.php?id=61581826539670\" \/>\n<meta property=\"article:modified_time\" content=\"2025-12-21T18:37:17+00:00\" \/>\n<meta property=\"og:image\" content=\"https:\/\/animefigurer.se\/wp-content\/uploads\/2025\/12\/Animefigurer_logowhite.png\" \/>\n\t<meta property=\"og:image:width\" content=\"1890\" \/>\n\t<meta property=\"og:image:height\" content=\"1417\" \/>\n\t<meta property=\"og:image:type\" content=\"image\/png\" \/>\n<meta name=\"twitter:card\" content=\"summary_large_image\" \/>\n<script type=\"application\/ld+json\" class=\"yoast-schema-graph\">{\"@context\":\"https:\\\/\\\/schema.org\",\"@graph\":[{\"@type\":\"WebPage\",\"@id\":\"https:\\\/\\\/animefigurer.se\\\/figurer\\\/ovriga\\\/mythic-legions-legacies-of-mythoss-urzokk-legion-of-arethyr-ver-2-action-figure\\\/\",\"url\":\"https:\\\/\\\/animefigurer.se\\\/figurer\\\/ovriga\\\/mythic-legions-legacies-of-mythoss-urzokk-legion-of-arethyr-ver-2-action-figure\\\/\",\"name\":\"Mythic Legions: Legacies of Mythoss Urzokk (Legion of Arethyr Ver. 2) Action Figure | Animefigurer.se\",\"isPartOf\":{\"@id\":\"https:\\\/\\\/animefigurer.se\\\/#website\"},\"primaryImageOfPage\":{\"@id\":\"https:\\\/\\\/animefigurer.se\\\/figurer\\\/ovriga\\\/mythic-legions-legacies-of-mythoss-urzokk-legion-of-arethyr-ver-2-action-figure\\\/#primaryimage\"},\"image\":{\"@id\":\"https:\\\/\\\/animefigurer.se\\\/figurer\\\/ovriga\\\/mythic-legions-legacies-of-mythoss-urzokk-legion-of-arethyr-ver-2-action-figure\\\/#primaryimage\"},\"thumbnailUrl\":\"https:\\\/\\\/animefigurer.se\\\/wp-content\\\/uploads\\\/2025\\\/10\\\/68e90310582a1.jpeg\",\"datePublished\":\"2025-10-21T15:57:15+00:00\",\"dateModified\":\"2025-12-21T18:37:17+00:00\",\"breadcrumb\":{\"@id\":\"https:\\\/\\\/animefigurer.se\\\/figurer\\\/ovriga\\\/mythic-legions-legacies-of-mythoss-urzokk-legion-of-arethyr-ver-2-action-figure\\\/#breadcrumb\"},\"inLanguage\":\"en-GB\",\"potentialAction\":[{\"@type\":\"ReadAction\",\"target\":[\"https:\\\/\\\/animefigurer.se\\\/figurer\\\/ovriga\\\/mythic-legions-legacies-of-mythoss-urzokk-legion-of-arethyr-ver-2-action-figure\\\/\"]}]},{\"@type\":\"ImageObject\",\"inLanguage\":\"en-GB\",\"@id\":\"https:\\\/\\\/animefigurer.se\\\/figurer\\\/ovriga\\\/mythic-legions-legacies-of-mythoss-urzokk-legion-of-arethyr-ver-2-action-figure\\\/#primaryimage\",\"url\":\"https:\\\/\\\/animefigurer.se\\\/wp-content\\\/uploads\\\/2025\\\/10\\\/68e90310582a1.jpeg\",\"contentUrl\":\"https:\\\/\\\/animefigurer.se\\\/wp-content\\\/uploads\\\/2025\\\/10\\\/68e90310582a1.jpeg\",\"width\":1000,\"height\":750},{\"@type\":\"BreadcrumbList\",\"@id\":\"https:\\\/\\\/animefigurer.se\\\/figurer\\\/ovriga\\\/mythic-legions-legacies-of-mythoss-urzokk-legion-of-arethyr-ver-2-action-figure\\\/#breadcrumb\",\"itemListElement\":[{\"@type\":\"ListItem\",\"position\":1,\"name\":\"Home\",\"item\":\"https:\\\/\\\/animefigurer.se\\\/\"},{\"@type\":\"ListItem\",\"position\":2,\"name\":\"Butik\",\"item\":\"https:\\\/\\\/animefigurer.se\\\/figurer\\\/\"},{\"@type\":\"ListItem\",\"position\":3,\"name\":\"Mythic Legions: Legacies of Mythoss Urzokk (Legion of Arethyr Ver. 2) Action Figure\"}]},{\"@type\":\"WebSite\",\"@id\":\"https:\\\/\\\/animefigurer.se\\\/#website\",\"url\":\"https:\\\/\\\/animefigurer.se\\\/\",\"name\":\"Animefigurer.se\",\"description\":\"Anime figurer fr\u00e5n \u00f6ver 300 olika anime serier med \u00f6ver 9000 produkter | Anime Shop\",\"publisher\":{\"@id\":\"https:\\\/\\\/animefigurer.se\\\/#organization\"},\"potentialAction\":[{\"@type\":\"SearchAction\",\"target\":{\"@type\":\"EntryPoint\",\"urlTemplate\":\"https:\\\/\\\/animefigurer.se\\\/?s={search_term_string}\"},\"query-input\":{\"@type\":\"PropertyValueSpecification\",\"valueRequired\":true,\"valueName\":\"search_term_string\"}}],\"inLanguage\":\"en-GB\"},{\"@type\":\"Organization\",\"@id\":\"https:\\\/\\\/animefigurer.se\\\/#organization\",\"name\":\"Animefigurer.se\",\"alternateName\":\"Anime figurer | Anime shop\",\"url\":\"https:\\\/\\\/animefigurer.se\\\/\",\"logo\":{\"@type\":\"ImageObject\",\"inLanguage\":\"en-GB\",\"@id\":\"https:\\\/\\\/animefigurer.se\\\/#\\\/schema\\\/logo\\\/image\\\/\",\"url\":\"https:\\\/\\\/animefigurer.se\\\/wp-content\\\/uploads\\\/2025\\\/12\\\/Animefigurer_logowhite.png\",\"contentUrl\":\"https:\\\/\\\/animefigurer.se\\\/wp-content\\\/uploads\\\/2025\\\/12\\\/Animefigurer_logowhite.png\",\"width\":1890,\"height\":1417,\"caption\":\"Animefigurer.se\"},\"image\":{\"@id\":\"https:\\\/\\\/animefigurer.se\\\/#\\\/schema\\\/logo\\\/image\\\/\"},\"sameAs\":[\"https:\\\/\\\/www.facebook.com\\\/profile.php?id=61581826539670\",\"https:\\\/\\\/www.instagram.com\\\/animefigurer.se\\\/\"],\"email\":\"info@animefigurer.se\"}]}<\/script>\n<!-- \/ Yoast SEO Premium plugin. -->","yoast_head_json":{"title":"Mythic Legions: Legacies of Mythoss Urzokk (Legion of Arethyr Ver. 2) Action Figure | Animefigurer.se","robots":{"index":"index","follow":"follow","max-snippet":"max-snippet:-1","max-image-preview":"max-image-preview:large","max-video-preview":"max-video-preview:-1"},"canonical":"https:\/\/animefigurer.se\/en\/figurer\/ovriga\/mythic-legions-legacies-of-mythoss-urzokk-legion-of-arethyr-ver-2-action-figure\/","og_locale":"en_GB","og_type":"article","og_title":"Mythic Legions: Legacies of Mythoss Urzokk (Legion of Arethyr Ver. 2) Action Figure","og_description":"Mythic Legions: Legacies of Mythoss \u00e5terintroducerar klassiska karakt\u00e4rer i uppdaterade versioner. Urzokk (Legion of Arethyr Ver. 2) levereras med tre nyskulpterade huvuden i olika uttryck \u2014 stoisk, sammanbitna t\u00e4nder och stridsrop. Vapenpaketet inneh\u00e5ller tre nya vapen, d\u00e4ribland ett ondskefullt s","og_url":"https:\/\/animefigurer.se\/en\/figurer\/ovriga\/mythic-legions-legacies-of-mythoss-urzokk-legion-of-arethyr-ver-2-action-figure\/","og_site_name":"Animefigurer.se","article_publisher":"https:\/\/www.facebook.com\/profile.php?id=61581826539670","article_modified_time":"2025-12-21T18:37:17+00:00","og_image":[{"width":1890,"height":1417,"url":"https:\/\/animefigurer.se\/wp-content\/uploads\/2025\/12\/Animefigurer_logowhite.png","type":"image\/png"}],"twitter_card":"summary_large_image","schema":{"@context":"https:\/\/schema.org","@graph":[{"@type":"WebPage","@id":"https:\/\/animefigurer.se\/figurer\/ovriga\/mythic-legions-legacies-of-mythoss-urzokk-legion-of-arethyr-ver-2-action-figure\/","url":"https:\/\/animefigurer.se\/figurer\/ovriga\/mythic-legions-legacies-of-mythoss-urzokk-legion-of-arethyr-ver-2-action-figure\/","name":"Mythic Legions: Legacies of Mythoss Urzokk (Legion of Arethyr Ver. 2) Action Figure | Animefigurer.se","isPartOf":{"@id":"https:\/\/animefigurer.se\/#website"},"primaryImageOfPage":{"@id":"https:\/\/animefigurer.se\/figurer\/ovriga\/mythic-legions-legacies-of-mythoss-urzokk-legion-of-arethyr-ver-2-action-figure\/#primaryimage"},"image":{"@id":"https:\/\/animefigurer.se\/figurer\/ovriga\/mythic-legions-legacies-of-mythoss-urzokk-legion-of-arethyr-ver-2-action-figure\/#primaryimage"},"thumbnailUrl":"https:\/\/animefigurer.se\/wp-content\/uploads\/2025\/10\/68e90310582a1.jpeg","datePublished":"2025-10-21T15:57:15+00:00","dateModified":"2025-12-21T18:37:17+00:00","breadcrumb":{"@id":"https:\/\/animefigurer.se\/figurer\/ovriga\/mythic-legions-legacies-of-mythoss-urzokk-legion-of-arethyr-ver-2-action-figure\/#breadcrumb"},"inLanguage":"en-GB","potentialAction":[{"@type":"ReadAction","target":["https:\/\/animefigurer.se\/figurer\/ovriga\/mythic-legions-legacies-of-mythoss-urzokk-legion-of-arethyr-ver-2-action-figure\/"]}]},{"@type":"ImageObject","inLanguage":"en-GB","@id":"https:\/\/animefigurer.se\/figurer\/ovriga\/mythic-legions-legacies-of-mythoss-urzokk-legion-of-arethyr-ver-2-action-figure\/#primaryimage","url":"https:\/\/animefigurer.se\/wp-content\/uploads\/2025\/10\/68e90310582a1.jpeg","contentUrl":"https:\/\/animefigurer.se\/wp-content\/uploads\/2025\/10\/68e90310582a1.jpeg","width":1000,"height":750},{"@type":"BreadcrumbList","@id":"https:\/\/animefigurer.se\/figurer\/ovriga\/mythic-legions-legacies-of-mythoss-urzokk-legion-of-arethyr-ver-2-action-figure\/#breadcrumb","itemListElement":[{"@type":"ListItem","position":1,"name":"Home","item":"https:\/\/animefigurer.se\/"},{"@type":"ListItem","position":2,"name":"Butik","item":"https:\/\/animefigurer.se\/figurer\/"},{"@type":"ListItem","position":3,"name":"Mythic Legions: Legacies of Mythoss Urzokk (Legion of Arethyr Ver. 2) Action Figure"}]},{"@type":"WebSite","@id":"https:\/\/animefigurer.se\/#website","url":"https:\/\/animefigurer.se\/","name":"Animefigurer.se","description":"Anime figures from over 300 different anime series with over 9000 products | Anime Shop","publisher":{"@id":"https:\/\/animefigurer.se\/#organization"},"potentialAction":[{"@type":"SearchAction","target":{"@type":"EntryPoint","urlTemplate":"https:\/\/animefigurer.se\/?s={search_term_string}"},"query-input":{"@type":"PropertyValueSpecification","valueRequired":true,"valueName":"search_term_string"}}],"inLanguage":"en-GB"},{"@type":"Organization","@id":"https:\/\/animefigurer.se\/#organization","name":"Animefigurer.se","alternateName":"Anime figurer | Anime shop","url":"https:\/\/animefigurer.se\/","logo":{"@type":"ImageObject","inLanguage":"en-GB","@id":"https:\/\/animefigurer.se\/#\/schema\/logo\/image\/","url":"https:\/\/animefigurer.se\/wp-content\/uploads\/2025\/12\/Animefigurer_logowhite.png","contentUrl":"https:\/\/animefigurer.se\/wp-content\/uploads\/2025\/12\/Animefigurer_logowhite.png","width":1890,"height":1417,"caption":"Animefigurer.se"},"image":{"@id":"https:\/\/animefigurer.se\/#\/schema\/logo\/image\/"},"sameAs":["https:\/\/www.facebook.com\/profile.php?id=61581826539670","https:\/\/www.instagram.com\/animefigurer.se\/"],"email":"info@animefigurer.se"}]}},"_links":{"self":[{"href":"https:\/\/animefigurer.se\/en\/wp-json\/wp\/v2\/product\/76885","targetHints":{"allow":["GET"]}}],"collection":[{"href":"https:\/\/animefigurer.se\/en\/wp-json\/wp\/v2\/product"}],"about":[{"href":"https:\/\/animefigurer.se\/en\/wp-json\/wp\/v2\/types\/product"}],"replies":[{"embeddable":true,"href":"https:\/\/animefigurer.se\/en\/wp-json\/wp\/v2\/comments?post=76885"}],"wp:featuredmedia":[{"embeddable":true,"href":"https:\/\/animefigurer.se\/en\/wp-json\/wp\/v2\/media\/76886"}],"wp:attachment":[{"href":"https:\/\/animefigurer.se\/en\/wp-json\/wp\/v2\/media?parent=76885"}],"wp:term":[{"taxonomy":"product_brand","embeddable":true,"href":"https:\/\/animefigurer.se\/en\/wp-json\/wp\/v2\/product_brand?post=76885"},{"taxonomy":"product_cat","embeddable":true,"href":"https:\/\/animefigurer.se\/en\/wp-json\/wp\/v2\/product_cat?post=76885"},{"taxonomy":"product_tag","embeddable":true,"href":"https:\/\/animefigurer.se\/en\/wp-json\/wp\/v2\/product_tag?post=76885"},{"taxonomy":"giftcard-category","embeddable":true,"href":"https:\/\/animefigurer.se\/en\/wp-json\/wp\/v2\/giftcard-category?post=76885"}],"curies":[{"name":"wp","href":"https:\/\/api.w.org\/{rel}","templated":true}]}}