{"id":76846,"date":"2025-10-21T17:56:17","date_gmt":"2025-10-21T15:56:17","guid":{"rendered":"https:\/\/animefigurer.se\/produkt\/toa-heavy-industries-synthetic-human-1-6-scale-figure-rerelease\/"},"modified":"2025-12-21T19:37:17","modified_gmt":"2025-12-21T18:37:17","slug":"toa-heavy-industries-synthetic-human-1-6-scale-figure-rerelease","status":"publish","type":"product","link":"https:\/\/animefigurer.se\/en\/figurer\/ovriga\/toa-heavy-industries-synthetic-human-1-6-scale-figure-rerelease\/","title":{"rendered":"TOA Heavy Industries Synthetic Human 1\/6 Scale Figure (Rerelease)"},"content":{"rendered":"<p>The TOA Heavy Industries 1\/6 Scale Synthetic Human (5th Rerelease) from 1000toys is now available for pre-order \u2014 a flagship product that faithfully reproduces Tsutomu Nihei&#039;s unique design.<\/p>\n<p>The figure offers high articulation for dynamic poses and great play value. The face mask is removable and the eyeball gimmick is movable. On the back of the neck is a printed badge indicating that this is fifth generation production.<\/p>","protected":false},"excerpt":{"rendered":"<p>The TOA Heavy Industries 1\/6 Scale Synthetic Human (5th Rerelease) from 1000toys is now available for pre-order \u2014 a flagship product that faithfully reproduces Tsutomu Nihei&#039;s unique design.<\/p>\n<p>The figure offers high articulation for dynamic poses and great play value. The face mask is removable and the eyeball gimmick<\/p>","protected":false},"featured_media":76847,"comment_status":"closed","ping_status":"open","template":"","meta":{"_acf_changed":false,"_monsterinsights_skip_tracking":false,"_monsterinsights_sitenote_active":false,"_monsterinsights_sitenote_note":"","_monsterinsights_sitenote_category":0},"product_brand":[6898],"product_cat":[6224,7233],"product_tag":[26],"giftcard-category":[],"class_list":{"0":"post-76846","1":"product","2":"type-product","3":"status-publish","4":"has-post-thumbnail","6":"product_brand-1000toys","7":"product_cat-ovriga","8":"product_cat-pre-order","9":"product_tag-pre-order","10":"pa_skala-57","11":"pa_storlek-30-cm","13":"first","14":"instock","15":"taxable","16":"shipping-taxable","17":"purchasable","18":"product-type-simple"},"acf":[],"yoast_head":"<!-- This site is optimized with the Yoast SEO Premium plugin v24.6 (Yoast SEO v27.3) - https:\/\/yoast.com\/product\/yoast-seo-premium-wordpress\/ -->\n<title>TOA Heavy Industries Synthetic Human 1\/6 Scale Figure (Rerelease) | Animefigurer.se<\/title>\n<meta name=\"robots\" content=\"index, follow, max-snippet:-1, max-image-preview:large, max-video-preview:-1\" \/>\n<link rel=\"canonical\" href=\"https:\/\/animefigurer.se\/en\/figurer\/ovriga\/toa-heavy-industries-synthetic-human-1-6-scale-figure-rerelease\/\" \/>\n<meta property=\"og:locale\" content=\"en_GB\" \/>\n<meta property=\"og:type\" content=\"article\" \/>\n<meta property=\"og:title\" content=\"TOA Heavy Industries Synthetic Human 1\/6 Scale Figure (Rerelease)\" \/>\n<meta property=\"og:description\" content=\"TOA Heavy Industries 1\/6 Scale Synthetic Human (5th Rerelease) fr\u00e5n 1000toys finns nu f\u00f6r f\u00f6rbest\u00e4llning \u2014 en flaggskeppsprodukt som troget \u00e5terger Tsutomu Niheis unika design. Figuren erbjuder h\u00f6g artikulation f\u00f6r dynamiska poser och stort lekv\u00e4rde. Ansiktsmasken \u00e4r avtagbar och \u00f6gonglobsgimmicken\" \/>\n<meta property=\"og:url\" content=\"https:\/\/animefigurer.se\/en\/figurer\/ovriga\/toa-heavy-industries-synthetic-human-1-6-scale-figure-rerelease\/\" \/>\n<meta property=\"og:site_name\" content=\"Animefigurer.se\" \/>\n<meta property=\"article:publisher\" content=\"https:\/\/www.facebook.com\/profile.php?id=61581826539670\" \/>\n<meta property=\"article:modified_time\" content=\"2025-12-21T18:37:17+00:00\" \/>\n<meta property=\"og:image\" content=\"https:\/\/animefigurer.se\/wp-content\/uploads\/2025\/12\/Animefigurer_logowhite.png\" \/>\n\t<meta property=\"og:image:width\" content=\"1890\" \/>\n\t<meta property=\"og:image:height\" content=\"1417\" \/>\n\t<meta property=\"og:image:type\" content=\"image\/png\" \/>\n<meta name=\"twitter:card\" content=\"summary_large_image\" \/>\n<script type=\"application\/ld+json\" class=\"yoast-schema-graph\">{\"@context\":\"https:\\\/\\\/schema.org\",\"@graph\":[{\"@type\":\"WebPage\",\"@id\":\"https:\\\/\\\/animefigurer.se\\\/figurer\\\/ovriga\\\/toa-heavy-industries-synthetic-human-1-6-scale-figure-rerelease\\\/\",\"url\":\"https:\\\/\\\/animefigurer.se\\\/figurer\\\/ovriga\\\/toa-heavy-industries-synthetic-human-1-6-scale-figure-rerelease\\\/\",\"name\":\"TOA Heavy Industries Synthetic Human 1\\\/6 Scale Figure (Rerelease) | Animefigurer.se\",\"isPartOf\":{\"@id\":\"https:\\\/\\\/animefigurer.se\\\/#website\"},\"primaryImageOfPage\":{\"@id\":\"https:\\\/\\\/animefigurer.se\\\/figurer\\\/ovriga\\\/toa-heavy-industries-synthetic-human-1-6-scale-figure-rerelease\\\/#primaryimage\"},\"image\":{\"@id\":\"https:\\\/\\\/animefigurer.se\\\/figurer\\\/ovriga\\\/toa-heavy-industries-synthetic-human-1-6-scale-figure-rerelease\\\/#primaryimage\"},\"thumbnailUrl\":\"https:\\\/\\\/animefigurer.se\\\/wp-content\\\/uploads\\\/2025\\\/10\\\/68ed1e905156d.jpeg\",\"datePublished\":\"2025-10-21T15:56:17+00:00\",\"dateModified\":\"2025-12-21T18:37:17+00:00\",\"breadcrumb\":{\"@id\":\"https:\\\/\\\/animefigurer.se\\\/figurer\\\/ovriga\\\/toa-heavy-industries-synthetic-human-1-6-scale-figure-rerelease\\\/#breadcrumb\"},\"inLanguage\":\"en-GB\",\"potentialAction\":[{\"@type\":\"ReadAction\",\"target\":[\"https:\\\/\\\/animefigurer.se\\\/figurer\\\/ovriga\\\/toa-heavy-industries-synthetic-human-1-6-scale-figure-rerelease\\\/\"]}]},{\"@type\":\"ImageObject\",\"inLanguage\":\"en-GB\",\"@id\":\"https:\\\/\\\/animefigurer.se\\\/figurer\\\/ovriga\\\/toa-heavy-industries-synthetic-human-1-6-scale-figure-rerelease\\\/#primaryimage\",\"url\":\"https:\\\/\\\/animefigurer.se\\\/wp-content\\\/uploads\\\/2025\\\/10\\\/68ed1e905156d.jpeg\",\"contentUrl\":\"https:\\\/\\\/animefigurer.se\\\/wp-content\\\/uploads\\\/2025\\\/10\\\/68ed1e905156d.jpeg\",\"width\":1000,\"height\":750},{\"@type\":\"BreadcrumbList\",\"@id\":\"https:\\\/\\\/animefigurer.se\\\/figurer\\\/ovriga\\\/toa-heavy-industries-synthetic-human-1-6-scale-figure-rerelease\\\/#breadcrumb\",\"itemListElement\":[{\"@type\":\"ListItem\",\"position\":1,\"name\":\"Home\",\"item\":\"https:\\\/\\\/animefigurer.se\\\/\"},{\"@type\":\"ListItem\",\"position\":2,\"name\":\"Butik\",\"item\":\"https:\\\/\\\/animefigurer.se\\\/figurer\\\/\"},{\"@type\":\"ListItem\",\"position\":3,\"name\":\"TOA Heavy Industries Synthetic Human 1\\\/6 Scale Figure (Rerelease)\"}]},{\"@type\":\"WebSite\",\"@id\":\"https:\\\/\\\/animefigurer.se\\\/#website\",\"url\":\"https:\\\/\\\/animefigurer.se\\\/\",\"name\":\"Animefigurer.se\",\"description\":\"Anime figurer fr\u00e5n \u00f6ver 300 olika anime serier med \u00f6ver 9000 produkter | Anime Shop\",\"publisher\":{\"@id\":\"https:\\\/\\\/animefigurer.se\\\/#organization\"},\"potentialAction\":[{\"@type\":\"SearchAction\",\"target\":{\"@type\":\"EntryPoint\",\"urlTemplate\":\"https:\\\/\\\/animefigurer.se\\\/?s={search_term_string}\"},\"query-input\":{\"@type\":\"PropertyValueSpecification\",\"valueRequired\":true,\"valueName\":\"search_term_string\"}}],\"inLanguage\":\"en-GB\"},{\"@type\":\"Organization\",\"@id\":\"https:\\\/\\\/animefigurer.se\\\/#organization\",\"name\":\"Animefigurer.se\",\"alternateName\":\"Anime figurer | Anime shop\",\"url\":\"https:\\\/\\\/animefigurer.se\\\/\",\"logo\":{\"@type\":\"ImageObject\",\"inLanguage\":\"en-GB\",\"@id\":\"https:\\\/\\\/animefigurer.se\\\/#\\\/schema\\\/logo\\\/image\\\/\",\"url\":\"https:\\\/\\\/animefigurer.se\\\/wp-content\\\/uploads\\\/2025\\\/12\\\/Animefigurer_logowhite.png\",\"contentUrl\":\"https:\\\/\\\/animefigurer.se\\\/wp-content\\\/uploads\\\/2025\\\/12\\\/Animefigurer_logowhite.png\",\"width\":1890,\"height\":1417,\"caption\":\"Animefigurer.se\"},\"image\":{\"@id\":\"https:\\\/\\\/animefigurer.se\\\/#\\\/schema\\\/logo\\\/image\\\/\"},\"sameAs\":[\"https:\\\/\\\/www.facebook.com\\\/profile.php?id=61581826539670\",\"https:\\\/\\\/www.instagram.com\\\/animefigurer.se\\\/\"],\"email\":\"info@animefigurer.se\"}]}<\/script>\n<!-- \/ Yoast SEO Premium plugin. -->","yoast_head_json":{"title":"TOA Heavy Industries Synthetic Human 1\/6 Scale Figure (Rerelease) | Animefigurer.se","robots":{"index":"index","follow":"follow","max-snippet":"max-snippet:-1","max-image-preview":"max-image-preview:large","max-video-preview":"max-video-preview:-1"},"canonical":"https:\/\/animefigurer.se\/en\/figurer\/ovriga\/toa-heavy-industries-synthetic-human-1-6-scale-figure-rerelease\/","og_locale":"en_GB","og_type":"article","og_title":"TOA Heavy Industries Synthetic Human 1\/6 Scale Figure (Rerelease)","og_description":"TOA Heavy Industries 1\/6 Scale Synthetic Human (5th Rerelease) fr\u00e5n 1000toys finns nu f\u00f6r f\u00f6rbest\u00e4llning \u2014 en flaggskeppsprodukt som troget \u00e5terger Tsutomu Niheis unika design. Figuren erbjuder h\u00f6g artikulation f\u00f6r dynamiska poser och stort lekv\u00e4rde. Ansiktsmasken \u00e4r avtagbar och \u00f6gonglobsgimmicken","og_url":"https:\/\/animefigurer.se\/en\/figurer\/ovriga\/toa-heavy-industries-synthetic-human-1-6-scale-figure-rerelease\/","og_site_name":"Animefigurer.se","article_publisher":"https:\/\/www.facebook.com\/profile.php?id=61581826539670","article_modified_time":"2025-12-21T18:37:17+00:00","og_image":[{"width":1890,"height":1417,"url":"https:\/\/animefigurer.se\/wp-content\/uploads\/2025\/12\/Animefigurer_logowhite.png","type":"image\/png"}],"twitter_card":"summary_large_image","schema":{"@context":"https:\/\/schema.org","@graph":[{"@type":"WebPage","@id":"https:\/\/animefigurer.se\/figurer\/ovriga\/toa-heavy-industries-synthetic-human-1-6-scale-figure-rerelease\/","url":"https:\/\/animefigurer.se\/figurer\/ovriga\/toa-heavy-industries-synthetic-human-1-6-scale-figure-rerelease\/","name":"TOA Heavy Industries Synthetic Human 1\/6 Scale Figure (Rerelease) | Animefigurer.se","isPartOf":{"@id":"https:\/\/animefigurer.se\/#website"},"primaryImageOfPage":{"@id":"https:\/\/animefigurer.se\/figurer\/ovriga\/toa-heavy-industries-synthetic-human-1-6-scale-figure-rerelease\/#primaryimage"},"image":{"@id":"https:\/\/animefigurer.se\/figurer\/ovriga\/toa-heavy-industries-synthetic-human-1-6-scale-figure-rerelease\/#primaryimage"},"thumbnailUrl":"https:\/\/animefigurer.se\/wp-content\/uploads\/2025\/10\/68ed1e905156d.jpeg","datePublished":"2025-10-21T15:56:17+00:00","dateModified":"2025-12-21T18:37:17+00:00","breadcrumb":{"@id":"https:\/\/animefigurer.se\/figurer\/ovriga\/toa-heavy-industries-synthetic-human-1-6-scale-figure-rerelease\/#breadcrumb"},"inLanguage":"en-GB","potentialAction":[{"@type":"ReadAction","target":["https:\/\/animefigurer.se\/figurer\/ovriga\/toa-heavy-industries-synthetic-human-1-6-scale-figure-rerelease\/"]}]},{"@type":"ImageObject","inLanguage":"en-GB","@id":"https:\/\/animefigurer.se\/figurer\/ovriga\/toa-heavy-industries-synthetic-human-1-6-scale-figure-rerelease\/#primaryimage","url":"https:\/\/animefigurer.se\/wp-content\/uploads\/2025\/10\/68ed1e905156d.jpeg","contentUrl":"https:\/\/animefigurer.se\/wp-content\/uploads\/2025\/10\/68ed1e905156d.jpeg","width":1000,"height":750},{"@type":"BreadcrumbList","@id":"https:\/\/animefigurer.se\/figurer\/ovriga\/toa-heavy-industries-synthetic-human-1-6-scale-figure-rerelease\/#breadcrumb","itemListElement":[{"@type":"ListItem","position":1,"name":"Home","item":"https:\/\/animefigurer.se\/"},{"@type":"ListItem","position":2,"name":"Butik","item":"https:\/\/animefigurer.se\/figurer\/"},{"@type":"ListItem","position":3,"name":"TOA Heavy Industries Synthetic Human 1\/6 Scale Figure (Rerelease)"}]},{"@type":"WebSite","@id":"https:\/\/animefigurer.se\/#website","url":"https:\/\/animefigurer.se\/","name":"Animefigurer.se","description":"Anime figures from over 300 different anime series with over 9000 products | Anime Shop","publisher":{"@id":"https:\/\/animefigurer.se\/#organization"},"potentialAction":[{"@type":"SearchAction","target":{"@type":"EntryPoint","urlTemplate":"https:\/\/animefigurer.se\/?s={search_term_string}"},"query-input":{"@type":"PropertyValueSpecification","valueRequired":true,"valueName":"search_term_string"}}],"inLanguage":"en-GB"},{"@type":"Organization","@id":"https:\/\/animefigurer.se\/#organization","name":"Animefigurer.se","alternateName":"Anime figurer | Anime shop","url":"https:\/\/animefigurer.se\/","logo":{"@type":"ImageObject","inLanguage":"en-GB","@id":"https:\/\/animefigurer.se\/#\/schema\/logo\/image\/","url":"https:\/\/animefigurer.se\/wp-content\/uploads\/2025\/12\/Animefigurer_logowhite.png","contentUrl":"https:\/\/animefigurer.se\/wp-content\/uploads\/2025\/12\/Animefigurer_logowhite.png","width":1890,"height":1417,"caption":"Animefigurer.se"},"image":{"@id":"https:\/\/animefigurer.se\/#\/schema\/logo\/image\/"},"sameAs":["https:\/\/www.facebook.com\/profile.php?id=61581826539670","https:\/\/www.instagram.com\/animefigurer.se\/"],"email":"info@animefigurer.se"}]}},"_links":{"self":[{"href":"https:\/\/animefigurer.se\/en\/wp-json\/wp\/v2\/product\/76846","targetHints":{"allow":["GET"]}}],"collection":[{"href":"https:\/\/animefigurer.se\/en\/wp-json\/wp\/v2\/product"}],"about":[{"href":"https:\/\/animefigurer.se\/en\/wp-json\/wp\/v2\/types\/product"}],"replies":[{"embeddable":true,"href":"https:\/\/animefigurer.se\/en\/wp-json\/wp\/v2\/comments?post=76846"}],"wp:featuredmedia":[{"embeddable":true,"href":"https:\/\/animefigurer.se\/en\/wp-json\/wp\/v2\/media\/76847"}],"wp:attachment":[{"href":"https:\/\/animefigurer.se\/en\/wp-json\/wp\/v2\/media?parent=76846"}],"wp:term":[{"taxonomy":"product_brand","embeddable":true,"href":"https:\/\/animefigurer.se\/en\/wp-json\/wp\/v2\/product_brand?post=76846"},{"taxonomy":"product_cat","embeddable":true,"href":"https:\/\/animefigurer.se\/en\/wp-json\/wp\/v2\/product_cat?post=76846"},{"taxonomy":"product_tag","embeddable":true,"href":"https:\/\/animefigurer.se\/en\/wp-json\/wp\/v2\/product_tag?post=76846"},{"taxonomy":"giftcard-category","embeddable":true,"href":"https:\/\/animefigurer.se\/en\/wp-json\/wp\/v2\/giftcard-category?post=76846"}],"curies":[{"name":"wp","href":"https:\/\/api.w.org\/{rel}","templated":true}]}}