{"id":76143,"date":"2025-10-21T17:44:00","date_gmt":"2025-10-21T15:44:00","guid":{"rendered":"https:\/\/animefigurer.se\/produkt\/yu-yu-hakusho-artfx-j-kazuma-kuwabara-ver-2\/"},"modified":"2026-04-10T14:26:36","modified_gmt":"2026-04-10T12:26:36","slug":"yu-yu-hakusho-artfx-j-kazuma-kuwabara-ver-2","status":"publish","type":"product","link":"https:\/\/animefigurer.se\/en\/figurer\/yu-yu-hakusho\/yu-yu-hakusho-artfx-j-kazuma-kuwabara-ver-2\/","title":{"rendered":"Yu Yu Hakusho ArtFX J Kazuma Kuwabara (Ver. 2)"},"content":{"rendered":"<p>Kuwabara returns to the lineup in an updated version 2 with his Spirit Sword!<\/p>\n<p>From the classic Yu Yu Hakusho comes Kazuma Kuwabara as a completely reworked Version 2 figure, based on his appearance in the Dark Tournament arc. The posing and detail are greatly improved from previous releases, and all four members of Team Urameshi feature dynamic effect bases that reflect their respective fighting styles.<\/p>\n<p>The Spirit Sword combined with his pure white outfit \u2014 reminiscent of a motorcycle gang style \u2014 immediately catches the eye. The figure also features a compression wrap around his muscular body and detailed embroidery, including the signature kanjin for \u201dhealth first\u201d on the back of the coat, which reinforces Kuwabara\u2019s towering presence and powerful silhouette. His facial expressions show both his sternness and traces of the kind-hearted person he is beneath the surface.<\/p>\n<p>This new version is suitable for both long-time fans and newer viewers. Add Kuwabara to your collection and display him alongside his friends to showcase the strength of the team!<\/p>","protected":false},"excerpt":{"rendered":"<p>Kuwabara returns to the lineup in an updated version 2 with his Spirit Sword!<\/p>\n<p>From the classic Yu Yu Hakusho comes Kazuma Kuwabara as a completely reworked version 2 figure, based on his appearance in the Dark Tournament arc. The pose and detail are greatly improved from previous releases, <\/p>","protected":false},"featured_media":76144,"comment_status":"closed","ping_status":"open","template":"","meta":{"_acf_changed":false,"_monsterinsights_skip_tracking":false,"_monsterinsights_sitenote_active":false,"_monsterinsights_sitenote_note":"","_monsterinsights_sitenote_category":0},"product_brand":[6892],"product_cat":[6183],"product_tag":[24],"giftcard-category":[],"class_list":{"0":"post-76143","1":"product","2":"type-product","3":"status-publish","4":"has-post-thumbnail","6":"product_brand-kotobukiya","7":"product_cat-yu-yu-hakusho","8":"product_tag-2-3-weeks","9":"pa_franchise-yu-yu-hakusho","10":"pa_karaktar-kazuma-kuwabara","11":"pa_material-pvc-abs","12":"pa_skala-554","13":"pa_storlek-25-cm","15":"first","16":"instock","17":"taxable","18":"shipping-taxable","19":"purchasable","20":"product-type-simple"},"acf":[],"yoast_head":"<!-- This site is optimized with the Yoast SEO Premium plugin v24.6 (Yoast SEO v27.3) - https:\/\/yoast.com\/product\/yoast-seo-premium-wordpress\/ -->\n<title>Yu Yu Hakusho ArtFX J Kazuma Kuwabara (Ver. 2) | Animefigurer.se<\/title>\n<meta name=\"robots\" content=\"index, follow, max-snippet:-1, max-image-preview:large, max-video-preview:-1\" \/>\n<link rel=\"canonical\" href=\"https:\/\/animefigurer.se\/en\/figurer\/yu-yu-hakusho\/yu-yu-hakusho-artfx-j-kazuma-kuwabara-ver-2\/\" \/>\n<meta property=\"og:locale\" content=\"en_GB\" \/>\n<meta property=\"og:type\" content=\"article\" \/>\n<meta property=\"og:title\" content=\"Yu Yu Hakusho ArtFX J Kazuma Kuwabara (Ver. 2)\" \/>\n<meta property=\"og:description\" content=\"Kuwabara \u00e5terv\u00e4nder i lineupen i en uppdaterad version 2 med sin Spirit Sword! Fr\u00e5n det klassiska Yu Yu Hakusho kommer Kazuma Kuwabara som en helt omarbetad version 2-figur, baserad p\u00e5 hans framtoning i Dark Tournament-b\u00e5gen. Poseringen och detaljerna \u00e4r kraftigt f\u00f6rb\u00e4ttrade fr\u00e5n tidigare utg\u00e5vor,\" \/>\n<meta property=\"og:url\" content=\"https:\/\/animefigurer.se\/en\/figurer\/yu-yu-hakusho\/yu-yu-hakusho-artfx-j-kazuma-kuwabara-ver-2\/\" \/>\n<meta property=\"og:site_name\" content=\"Animefigurer.se\" \/>\n<meta property=\"article:publisher\" content=\"https:\/\/www.facebook.com\/profile.php?id=61581826539670\" \/>\n<meta property=\"article:modified_time\" content=\"2026-04-10T12:26:36+00:00\" \/>\n<meta property=\"og:image\" content=\"https:\/\/animefigurer.se\/wp-content\/uploads\/2025\/12\/Animefigurer_logowhite.png\" \/>\n\t<meta property=\"og:image:width\" content=\"1890\" \/>\n\t<meta property=\"og:image:height\" content=\"1417\" \/>\n\t<meta property=\"og:image:type\" content=\"image\/png\" \/>\n<meta name=\"twitter:card\" content=\"summary_large_image\" \/>\n<meta name=\"twitter:label1\" content=\"Estimated reading time\" \/>\n\t<meta name=\"twitter:data1\" content=\"1 minute\" \/>\n<script type=\"application\/ld+json\" class=\"yoast-schema-graph\">{\"@context\":\"https:\\\/\\\/schema.org\",\"@graph\":[{\"@type\":\"WebPage\",\"@id\":\"https:\\\/\\\/animefigurer.se\\\/figurer\\\/yu-yu-hakusho\\\/yu-yu-hakusho-artfx-j-kazuma-kuwabara-ver-2\\\/\",\"url\":\"https:\\\/\\\/animefigurer.se\\\/figurer\\\/yu-yu-hakusho\\\/yu-yu-hakusho-artfx-j-kazuma-kuwabara-ver-2\\\/\",\"name\":\"Yu Yu Hakusho ArtFX J Kazuma Kuwabara (Ver. 2) | Animefigurer.se\",\"isPartOf\":{\"@id\":\"https:\\\/\\\/animefigurer.se\\\/#website\"},\"primaryImageOfPage\":{\"@id\":\"https:\\\/\\\/animefigurer.se\\\/figurer\\\/yu-yu-hakusho\\\/yu-yu-hakusho-artfx-j-kazuma-kuwabara-ver-2\\\/#primaryimage\"},\"image\":{\"@id\":\"https:\\\/\\\/animefigurer.se\\\/figurer\\\/yu-yu-hakusho\\\/yu-yu-hakusho-artfx-j-kazuma-kuwabara-ver-2\\\/#primaryimage\"},\"thumbnailUrl\":\"https:\\\/\\\/animefigurer.se\\\/wp-content\\\/uploads\\\/2025\\\/10\\\/667ad098aea66.jpeg\",\"datePublished\":\"2025-10-21T15:44:00+00:00\",\"dateModified\":\"2026-04-10T12:26:36+00:00\",\"breadcrumb\":{\"@id\":\"https:\\\/\\\/animefigurer.se\\\/figurer\\\/yu-yu-hakusho\\\/yu-yu-hakusho-artfx-j-kazuma-kuwabara-ver-2\\\/#breadcrumb\"},\"inLanguage\":\"en-GB\",\"potentialAction\":[{\"@type\":\"ReadAction\",\"target\":[\"https:\\\/\\\/animefigurer.se\\\/figurer\\\/yu-yu-hakusho\\\/yu-yu-hakusho-artfx-j-kazuma-kuwabara-ver-2\\\/\"]}]},{\"@type\":\"ImageObject\",\"inLanguage\":\"en-GB\",\"@id\":\"https:\\\/\\\/animefigurer.se\\\/figurer\\\/yu-yu-hakusho\\\/yu-yu-hakusho-artfx-j-kazuma-kuwabara-ver-2\\\/#primaryimage\",\"url\":\"https:\\\/\\\/animefigurer.se\\\/wp-content\\\/uploads\\\/2025\\\/10\\\/667ad098aea66.jpeg\",\"contentUrl\":\"https:\\\/\\\/animefigurer.se\\\/wp-content\\\/uploads\\\/2025\\\/10\\\/667ad098aea66.jpeg\",\"width\":720,\"height\":540},{\"@type\":\"BreadcrumbList\",\"@id\":\"https:\\\/\\\/animefigurer.se\\\/figurer\\\/yu-yu-hakusho\\\/yu-yu-hakusho-artfx-j-kazuma-kuwabara-ver-2\\\/#breadcrumb\",\"itemListElement\":[{\"@type\":\"ListItem\",\"position\":1,\"name\":\"Home\",\"item\":\"https:\\\/\\\/animefigurer.se\\\/\"},{\"@type\":\"ListItem\",\"position\":2,\"name\":\"Butik\",\"item\":\"https:\\\/\\\/animefigurer.se\\\/figurer\\\/\"},{\"@type\":\"ListItem\",\"position\":3,\"name\":\"Yu Yu Hakusho ArtFX J Kazuma Kuwabara (Ver. 2)\"}]},{\"@type\":\"WebSite\",\"@id\":\"https:\\\/\\\/animefigurer.se\\\/#website\",\"url\":\"https:\\\/\\\/animefigurer.se\\\/\",\"name\":\"Animefigurer.se\",\"description\":\"Anime figurer fr\u00e5n \u00f6ver 300 olika anime serier med \u00f6ver 9000 produkter | Anime Shop\",\"publisher\":{\"@id\":\"https:\\\/\\\/animefigurer.se\\\/#organization\"},\"potentialAction\":[{\"@type\":\"SearchAction\",\"target\":{\"@type\":\"EntryPoint\",\"urlTemplate\":\"https:\\\/\\\/animefigurer.se\\\/?s={search_term_string}\"},\"query-input\":{\"@type\":\"PropertyValueSpecification\",\"valueRequired\":true,\"valueName\":\"search_term_string\"}}],\"inLanguage\":\"en-GB\"},{\"@type\":\"Organization\",\"@id\":\"https:\\\/\\\/animefigurer.se\\\/#organization\",\"name\":\"Animefigurer.se\",\"alternateName\":\"Anime figurer | Anime shop\",\"url\":\"https:\\\/\\\/animefigurer.se\\\/\",\"logo\":{\"@type\":\"ImageObject\",\"inLanguage\":\"en-GB\",\"@id\":\"https:\\\/\\\/animefigurer.se\\\/#\\\/schema\\\/logo\\\/image\\\/\",\"url\":\"https:\\\/\\\/animefigurer.se\\\/wp-content\\\/uploads\\\/2025\\\/12\\\/Animefigurer_logowhite.png\",\"contentUrl\":\"https:\\\/\\\/animefigurer.se\\\/wp-content\\\/uploads\\\/2025\\\/12\\\/Animefigurer_logowhite.png\",\"width\":1890,\"height\":1417,\"caption\":\"Animefigurer.se\"},\"image\":{\"@id\":\"https:\\\/\\\/animefigurer.se\\\/#\\\/schema\\\/logo\\\/image\\\/\"},\"sameAs\":[\"https:\\\/\\\/www.facebook.com\\\/profile.php?id=61581826539670\",\"https:\\\/\\\/www.instagram.com\\\/animefigurer.se\\\/\"],\"email\":\"info@animefigurer.se\"}]}<\/script>\n<!-- \/ Yoast SEO Premium plugin. -->","yoast_head_json":{"title":"Yu Yu Hakusho ArtFX J Kazuma Kuwabara (Ver. 2) | Animefigurer.se","robots":{"index":"index","follow":"follow","max-snippet":"max-snippet:-1","max-image-preview":"max-image-preview:large","max-video-preview":"max-video-preview:-1"},"canonical":"https:\/\/animefigurer.se\/en\/figurer\/yu-yu-hakusho\/yu-yu-hakusho-artfx-j-kazuma-kuwabara-ver-2\/","og_locale":"en_GB","og_type":"article","og_title":"Yu Yu Hakusho ArtFX J Kazuma Kuwabara (Ver. 2)","og_description":"Kuwabara \u00e5terv\u00e4nder i lineupen i en uppdaterad version 2 med sin Spirit Sword! Fr\u00e5n det klassiska Yu Yu Hakusho kommer Kazuma Kuwabara som en helt omarbetad version 2-figur, baserad p\u00e5 hans framtoning i Dark Tournament-b\u00e5gen. Poseringen och detaljerna \u00e4r kraftigt f\u00f6rb\u00e4ttrade fr\u00e5n tidigare utg\u00e5vor,","og_url":"https:\/\/animefigurer.se\/en\/figurer\/yu-yu-hakusho\/yu-yu-hakusho-artfx-j-kazuma-kuwabara-ver-2\/","og_site_name":"Animefigurer.se","article_publisher":"https:\/\/www.facebook.com\/profile.php?id=61581826539670","article_modified_time":"2026-04-10T12:26:36+00:00","og_image":[{"width":1890,"height":1417,"url":"https:\/\/animefigurer.se\/wp-content\/uploads\/2025\/12\/Animefigurer_logowhite.png","type":"image\/png"}],"twitter_card":"summary_large_image","twitter_misc":{"Estimated reading time":"1 minute"},"schema":{"@context":"https:\/\/schema.org","@graph":[{"@type":"WebPage","@id":"https:\/\/animefigurer.se\/figurer\/yu-yu-hakusho\/yu-yu-hakusho-artfx-j-kazuma-kuwabara-ver-2\/","url":"https:\/\/animefigurer.se\/figurer\/yu-yu-hakusho\/yu-yu-hakusho-artfx-j-kazuma-kuwabara-ver-2\/","name":"Yu Yu Hakusho ArtFX J Kazuma Kuwabara (Ver. 2) | Animefigurer.se","isPartOf":{"@id":"https:\/\/animefigurer.se\/#website"},"primaryImageOfPage":{"@id":"https:\/\/animefigurer.se\/figurer\/yu-yu-hakusho\/yu-yu-hakusho-artfx-j-kazuma-kuwabara-ver-2\/#primaryimage"},"image":{"@id":"https:\/\/animefigurer.se\/figurer\/yu-yu-hakusho\/yu-yu-hakusho-artfx-j-kazuma-kuwabara-ver-2\/#primaryimage"},"thumbnailUrl":"https:\/\/animefigurer.se\/wp-content\/uploads\/2025\/10\/667ad098aea66.jpeg","datePublished":"2025-10-21T15:44:00+00:00","dateModified":"2026-04-10T12:26:36+00:00","breadcrumb":{"@id":"https:\/\/animefigurer.se\/figurer\/yu-yu-hakusho\/yu-yu-hakusho-artfx-j-kazuma-kuwabara-ver-2\/#breadcrumb"},"inLanguage":"en-GB","potentialAction":[{"@type":"ReadAction","target":["https:\/\/animefigurer.se\/figurer\/yu-yu-hakusho\/yu-yu-hakusho-artfx-j-kazuma-kuwabara-ver-2\/"]}]},{"@type":"ImageObject","inLanguage":"en-GB","@id":"https:\/\/animefigurer.se\/figurer\/yu-yu-hakusho\/yu-yu-hakusho-artfx-j-kazuma-kuwabara-ver-2\/#primaryimage","url":"https:\/\/animefigurer.se\/wp-content\/uploads\/2025\/10\/667ad098aea66.jpeg","contentUrl":"https:\/\/animefigurer.se\/wp-content\/uploads\/2025\/10\/667ad098aea66.jpeg","width":720,"height":540},{"@type":"BreadcrumbList","@id":"https:\/\/animefigurer.se\/figurer\/yu-yu-hakusho\/yu-yu-hakusho-artfx-j-kazuma-kuwabara-ver-2\/#breadcrumb","itemListElement":[{"@type":"ListItem","position":1,"name":"Home","item":"https:\/\/animefigurer.se\/"},{"@type":"ListItem","position":2,"name":"Butik","item":"https:\/\/animefigurer.se\/figurer\/"},{"@type":"ListItem","position":3,"name":"Yu Yu Hakusho ArtFX J Kazuma Kuwabara (Ver. 2)"}]},{"@type":"WebSite","@id":"https:\/\/animefigurer.se\/#website","url":"https:\/\/animefigurer.se\/","name":"Animefigurer.se","description":"Anime figures from over 300 different anime series with over 9000 products | Anime Shop","publisher":{"@id":"https:\/\/animefigurer.se\/#organization"},"potentialAction":[{"@type":"SearchAction","target":{"@type":"EntryPoint","urlTemplate":"https:\/\/animefigurer.se\/?s={search_term_string}"},"query-input":{"@type":"PropertyValueSpecification","valueRequired":true,"valueName":"search_term_string"}}],"inLanguage":"en-GB"},{"@type":"Organization","@id":"https:\/\/animefigurer.se\/#organization","name":"Animefigurer.se","alternateName":"Anime figurer | Anime shop","url":"https:\/\/animefigurer.se\/","logo":{"@type":"ImageObject","inLanguage":"en-GB","@id":"https:\/\/animefigurer.se\/#\/schema\/logo\/image\/","url":"https:\/\/animefigurer.se\/wp-content\/uploads\/2025\/12\/Animefigurer_logowhite.png","contentUrl":"https:\/\/animefigurer.se\/wp-content\/uploads\/2025\/12\/Animefigurer_logowhite.png","width":1890,"height":1417,"caption":"Animefigurer.se"},"image":{"@id":"https:\/\/animefigurer.se\/#\/schema\/logo\/image\/"},"sameAs":["https:\/\/www.facebook.com\/profile.php?id=61581826539670","https:\/\/www.instagram.com\/animefigurer.se\/"],"email":"info@animefigurer.se"}]}},"_links":{"self":[{"href":"https:\/\/animefigurer.se\/en\/wp-json\/wp\/v2\/product\/76143","targetHints":{"allow":["GET"]}}],"collection":[{"href":"https:\/\/animefigurer.se\/en\/wp-json\/wp\/v2\/product"}],"about":[{"href":"https:\/\/animefigurer.se\/en\/wp-json\/wp\/v2\/types\/product"}],"replies":[{"embeddable":true,"href":"https:\/\/animefigurer.se\/en\/wp-json\/wp\/v2\/comments?post=76143"}],"wp:featuredmedia":[{"embeddable":true,"href":"https:\/\/animefigurer.se\/en\/wp-json\/wp\/v2\/media\/76144"}],"wp:attachment":[{"href":"https:\/\/animefigurer.se\/en\/wp-json\/wp\/v2\/media?parent=76143"}],"wp:term":[{"taxonomy":"product_brand","embeddable":true,"href":"https:\/\/animefigurer.se\/en\/wp-json\/wp\/v2\/product_brand?post=76143"},{"taxonomy":"product_cat","embeddable":true,"href":"https:\/\/animefigurer.se\/en\/wp-json\/wp\/v2\/product_cat?post=76143"},{"taxonomy":"product_tag","embeddable":true,"href":"https:\/\/animefigurer.se\/en\/wp-json\/wp\/v2\/product_tag?post=76143"},{"taxonomy":"giftcard-category","embeddable":true,"href":"https:\/\/animefigurer.se\/en\/wp-json\/wp\/v2\/giftcard-category?post=76143"}],"curies":[{"name":"wp","href":"https:\/\/api.w.org\/{rel}","templated":true}]}}