{"id":75987,"date":"2025-10-21T17:42:19","date_gmt":"2025-10-21T15:42:19","guid":{"rendered":"https:\/\/animefigurer.se\/produkt\/yu-gi-oh-figgyz-magnet-collectible-dark-magician-girl\/"},"modified":"2025-12-21T19:37:10","modified_gmt":"2025-12-21T18:37:10","slug":"yu-gi-oh-figgyz-magnet-collectible-dark-magician-girl","status":"publish","type":"product","link":"https:\/\/animefigurer.se\/en\/figurer\/yu-gi-oh\/yu-gi-oh-figgyz-magnet-collectible-dark-magician-girl\/","title":{"rendered":"Yu-Gi-Oh! FiGGYZ Magnet Collectible Dark Magician Girl"},"content":{"rendered":"<p>FiGGYZ delivers retro pixel style and simple display solutions for anime and gaming fans. They are designed to provide both nostalgia and an eye-catching presentation on shelves or walls.<\/p>\n<p>Each FiGGYZ is magnetic with a reversible metal backplate for flexible display. Rendered in clear pixel art, the figure measures approximately 4.5 inches tall \u2014 perfect for desks, shelves, or wall mounting. A QR code is included and links to the FiGGIZ app where you can keep track of your collection, as well as access rewards and achievements.<\/p>\n<p>The package includes a stand for tabletop viewing and a metal plate that can be easily flipped to renew the display. A magnetic sticker is also included, making it easy to attach FiGGYZ to any vertical metal surface such as a refrigerator or filing cabinet.<\/p>","protected":false},"excerpt":{"rendered":"<p>FiGGYZ delivers retro pixel style and simple display solutions for anime and gaming fans. They are designed to provide both nostalgia and an eye-catching presentation on shelves or walls.<\/p>\n<p>Each FiGGYZ is magnetic with a reversible metal backplate that allows for flexible display. The figure is rendered<\/p>","protected":false},"featured_media":75988,"comment_status":"closed","ping_status":"open","template":"","meta":{"_acf_changed":false,"_monsterinsights_skip_tracking":false,"_monsterinsights_sitenote_active":false,"_monsterinsights_sitenote_note":"","_monsterinsights_sitenote_category":0},"product_brand":[6982],"product_cat":[7233,6137],"product_tag":[26],"giftcard-category":[],"class_list":{"0":"post-75987","1":"product","2":"type-product","3":"status-publish","4":"has-post-thumbnail","6":"product_brand-figgyz","7":"product_cat-pre-order","8":"product_cat-yu-gi-oh","9":"product_tag-pre-order","10":"pa_franchise-yu-gi-oh","11":"pa_karaktar-dark-magician-girl","12":"pa_storlek-11-cm","14":"first","15":"instock","16":"taxable","17":"shipping-taxable","18":"purchasable","19":"product-type-simple"},"acf":[],"yoast_head":"<!-- This site is optimized with the Yoast SEO Premium plugin v24.6 (Yoast SEO v27.3) - https:\/\/yoast.com\/product\/yoast-seo-premium-wordpress\/ -->\n<title>Yu-Gi-Oh! FiGGYZ Magnet Collectible Dark Magician Girl | Animefigurer.se<\/title>\n<meta name=\"robots\" content=\"index, follow, max-snippet:-1, max-image-preview:large, max-video-preview:-1\" \/>\n<link rel=\"canonical\" href=\"https:\/\/animefigurer.se\/en\/figurer\/yu-gi-oh\/yu-gi-oh-figgyz-magnet-collectible-dark-magician-girl\/\" \/>\n<meta property=\"og:locale\" content=\"en_GB\" \/>\n<meta property=\"og:type\" content=\"article\" \/>\n<meta property=\"og:title\" content=\"Yu-Gi-Oh! FiGGYZ Magnet Collectible Dark Magician Girl\" \/>\n<meta property=\"og:description\" content=\"FiGGYZ levererar retro pixelstil och enkla visningsl\u00f6sningar f\u00f6r fans av anime och spel. De \u00e4r utformade f\u00f6r att ge b\u00e5de nostalgi och en i\u00f6gonfallande presentation p\u00e5 hyllor eller v\u00e4ggar. Varje FiGGYZ \u00e4r magnetiskt med en v\u00e4ndbar bakplatta i metall som m\u00f6jligg\u00f6r flexibel visning. Figuren \u00e4r \u00e5tergiv\" \/>\n<meta property=\"og:url\" content=\"https:\/\/animefigurer.se\/en\/figurer\/yu-gi-oh\/yu-gi-oh-figgyz-magnet-collectible-dark-magician-girl\/\" \/>\n<meta property=\"og:site_name\" content=\"Animefigurer.se\" \/>\n<meta property=\"article:publisher\" content=\"https:\/\/www.facebook.com\/profile.php?id=61581826539670\" \/>\n<meta property=\"article:modified_time\" content=\"2025-12-21T18:37:10+00:00\" \/>\n<meta property=\"og:image\" content=\"https:\/\/animefigurer.se\/wp-content\/uploads\/2025\/12\/Animefigurer_logowhite.png\" \/>\n\t<meta property=\"og:image:width\" content=\"1890\" \/>\n\t<meta property=\"og:image:height\" content=\"1417\" \/>\n\t<meta property=\"og:image:type\" content=\"image\/png\" \/>\n<meta name=\"twitter:card\" content=\"summary_large_image\" \/>\n<meta name=\"twitter:label1\" content=\"Estimated reading time\" \/>\n\t<meta name=\"twitter:data1\" content=\"1 minute\" \/>\n<script type=\"application\/ld+json\" class=\"yoast-schema-graph\">{\"@context\":\"https:\\\/\\\/schema.org\",\"@graph\":[{\"@type\":\"WebPage\",\"@id\":\"https:\\\/\\\/animefigurer.se\\\/en\\\/figurer\\\/yu-gi-oh\\\/yu-gi-oh-figgyz-magnet-collectible-dark-magician-girl\\\/\",\"url\":\"https:\\\/\\\/animefigurer.se\\\/en\\\/figurer\\\/yu-gi-oh\\\/yu-gi-oh-figgyz-magnet-collectible-dark-magician-girl\\\/\",\"name\":\"Yu-Gi-Oh! FiGGYZ Magnet Collectible Dark Magician Girl | Animefigurer.se\",\"isPartOf\":{\"@id\":\"https:\\\/\\\/animefigurer.se\\\/#website\"},\"primaryImageOfPage\":{\"@id\":\"https:\\\/\\\/animefigurer.se\\\/en\\\/figurer\\\/yu-gi-oh\\\/yu-gi-oh-figgyz-magnet-collectible-dark-magician-girl\\\/#primaryimage\"},\"image\":{\"@id\":\"https:\\\/\\\/animefigurer.se\\\/en\\\/figurer\\\/yu-gi-oh\\\/yu-gi-oh-figgyz-magnet-collectible-dark-magician-girl\\\/#primaryimage\"},\"thumbnailUrl\":\"https:\\\/\\\/animefigurer.se\\\/wp-content\\\/uploads\\\/2025\\\/10\\\/68c4189d298b7.jpeg\",\"datePublished\":\"2025-10-21T15:42:19+00:00\",\"dateModified\":\"2025-12-21T18:37:10+00:00\",\"breadcrumb\":{\"@id\":\"https:\\\/\\\/animefigurer.se\\\/en\\\/figurer\\\/yu-gi-oh\\\/yu-gi-oh-figgyz-magnet-collectible-dark-magician-girl\\\/#breadcrumb\"},\"inLanguage\":\"en-GB\",\"potentialAction\":[{\"@type\":\"ReadAction\",\"target\":[\"https:\\\/\\\/animefigurer.se\\\/en\\\/figurer\\\/yu-gi-oh\\\/yu-gi-oh-figgyz-magnet-collectible-dark-magician-girl\\\/\"]}]},{\"@type\":\"ImageObject\",\"inLanguage\":\"en-GB\",\"@id\":\"https:\\\/\\\/animefigurer.se\\\/en\\\/figurer\\\/yu-gi-oh\\\/yu-gi-oh-figgyz-magnet-collectible-dark-magician-girl\\\/#primaryimage\",\"url\":\"https:\\\/\\\/animefigurer.se\\\/wp-content\\\/uploads\\\/2025\\\/10\\\/68c4189d298b7.jpeg\",\"contentUrl\":\"https:\\\/\\\/animefigurer.se\\\/wp-content\\\/uploads\\\/2025\\\/10\\\/68c4189d298b7.jpeg\",\"width\":1000,\"height\":1000},{\"@type\":\"BreadcrumbList\",\"@id\":\"https:\\\/\\\/animefigurer.se\\\/en\\\/figurer\\\/yu-gi-oh\\\/yu-gi-oh-figgyz-magnet-collectible-dark-magician-girl\\\/#breadcrumb\",\"itemListElement\":[{\"@type\":\"ListItem\",\"position\":1,\"name\":\"Home\",\"item\":\"https:\\\/\\\/animefigurer.se\\\/\"},{\"@type\":\"ListItem\",\"position\":2,\"name\":\"Butik\",\"item\":\"https:\\\/\\\/animefigurer.se\\\/figurer\\\/\"},{\"@type\":\"ListItem\",\"position\":3,\"name\":\"Yu-Gi-Oh! FiGGYZ Magnet Collectible Dark Magician Girl\"}]},{\"@type\":\"WebSite\",\"@id\":\"https:\\\/\\\/animefigurer.se\\\/#website\",\"url\":\"https:\\\/\\\/animefigurer.se\\\/\",\"name\":\"Animefigurer.se\",\"description\":\"Anime figurer fr\u00e5n \u00f6ver 300 olika anime serier med \u00f6ver 9000 produkter | Anime Shop\",\"publisher\":{\"@id\":\"https:\\\/\\\/animefigurer.se\\\/#organization\"},\"potentialAction\":[{\"@type\":\"SearchAction\",\"target\":{\"@type\":\"EntryPoint\",\"urlTemplate\":\"https:\\\/\\\/animefigurer.se\\\/?s={search_term_string}\"},\"query-input\":{\"@type\":\"PropertyValueSpecification\",\"valueRequired\":true,\"valueName\":\"search_term_string\"}}],\"inLanguage\":\"en-GB\"},{\"@type\":\"Organization\",\"@id\":\"https:\\\/\\\/animefigurer.se\\\/#organization\",\"name\":\"Animefigurer.se\",\"alternateName\":\"Anime figurer | Anime shop\",\"url\":\"https:\\\/\\\/animefigurer.se\\\/\",\"logo\":{\"@type\":\"ImageObject\",\"inLanguage\":\"en-GB\",\"@id\":\"https:\\\/\\\/animefigurer.se\\\/#\\\/schema\\\/logo\\\/image\\\/\",\"url\":\"https:\\\/\\\/animefigurer.se\\\/wp-content\\\/uploads\\\/2025\\\/12\\\/Animefigurer_logowhite.png\",\"contentUrl\":\"https:\\\/\\\/animefigurer.se\\\/wp-content\\\/uploads\\\/2025\\\/12\\\/Animefigurer_logowhite.png\",\"width\":1890,\"height\":1417,\"caption\":\"Animefigurer.se\"},\"image\":{\"@id\":\"https:\\\/\\\/animefigurer.se\\\/#\\\/schema\\\/logo\\\/image\\\/\"},\"sameAs\":[\"https:\\\/\\\/www.facebook.com\\\/profile.php?id=61581826539670\",\"https:\\\/\\\/www.instagram.com\\\/animefigurer.se\\\/\"],\"email\":\"info@animefigurer.se\"}]}<\/script>\n<!-- \/ Yoast SEO Premium plugin. -->","yoast_head_json":{"title":"Yu-Gi-Oh! FiGGYZ Magnet Collectible Dark Magician Girl | Animefigurer.se","robots":{"index":"index","follow":"follow","max-snippet":"max-snippet:-1","max-image-preview":"max-image-preview:large","max-video-preview":"max-video-preview:-1"},"canonical":"https:\/\/animefigurer.se\/en\/figurer\/yu-gi-oh\/yu-gi-oh-figgyz-magnet-collectible-dark-magician-girl\/","og_locale":"en_GB","og_type":"article","og_title":"Yu-Gi-Oh! FiGGYZ Magnet Collectible Dark Magician Girl","og_description":"FiGGYZ levererar retro pixelstil och enkla visningsl\u00f6sningar f\u00f6r fans av anime och spel. De \u00e4r utformade f\u00f6r att ge b\u00e5de nostalgi och en i\u00f6gonfallande presentation p\u00e5 hyllor eller v\u00e4ggar. Varje FiGGYZ \u00e4r magnetiskt med en v\u00e4ndbar bakplatta i metall som m\u00f6jligg\u00f6r flexibel visning. Figuren \u00e4r \u00e5tergiv","og_url":"https:\/\/animefigurer.se\/en\/figurer\/yu-gi-oh\/yu-gi-oh-figgyz-magnet-collectible-dark-magician-girl\/","og_site_name":"Animefigurer.se","article_publisher":"https:\/\/www.facebook.com\/profile.php?id=61581826539670","article_modified_time":"2025-12-21T18:37:10+00:00","og_image":[{"width":1890,"height":1417,"url":"https:\/\/animefigurer.se\/wp-content\/uploads\/2025\/12\/Animefigurer_logowhite.png","type":"image\/png"}],"twitter_card":"summary_large_image","twitter_misc":{"Estimated reading time":"1 minute"},"schema":{"@context":"https:\/\/schema.org","@graph":[{"@type":"WebPage","@id":"https:\/\/animefigurer.se\/en\/figurer\/yu-gi-oh\/yu-gi-oh-figgyz-magnet-collectible-dark-magician-girl\/","url":"https:\/\/animefigurer.se\/en\/figurer\/yu-gi-oh\/yu-gi-oh-figgyz-magnet-collectible-dark-magician-girl\/","name":"Yu-Gi-Oh! FiGGYZ Magnet Collectible Dark Magician Girl | Animefigurer.se","isPartOf":{"@id":"https:\/\/animefigurer.se\/#website"},"primaryImageOfPage":{"@id":"https:\/\/animefigurer.se\/en\/figurer\/yu-gi-oh\/yu-gi-oh-figgyz-magnet-collectible-dark-magician-girl\/#primaryimage"},"image":{"@id":"https:\/\/animefigurer.se\/en\/figurer\/yu-gi-oh\/yu-gi-oh-figgyz-magnet-collectible-dark-magician-girl\/#primaryimage"},"thumbnailUrl":"https:\/\/animefigurer.se\/wp-content\/uploads\/2025\/10\/68c4189d298b7.jpeg","datePublished":"2025-10-21T15:42:19+00:00","dateModified":"2025-12-21T18:37:10+00:00","breadcrumb":{"@id":"https:\/\/animefigurer.se\/en\/figurer\/yu-gi-oh\/yu-gi-oh-figgyz-magnet-collectible-dark-magician-girl\/#breadcrumb"},"inLanguage":"en-GB","potentialAction":[{"@type":"ReadAction","target":["https:\/\/animefigurer.se\/en\/figurer\/yu-gi-oh\/yu-gi-oh-figgyz-magnet-collectible-dark-magician-girl\/"]}]},{"@type":"ImageObject","inLanguage":"en-GB","@id":"https:\/\/animefigurer.se\/en\/figurer\/yu-gi-oh\/yu-gi-oh-figgyz-magnet-collectible-dark-magician-girl\/#primaryimage","url":"https:\/\/animefigurer.se\/wp-content\/uploads\/2025\/10\/68c4189d298b7.jpeg","contentUrl":"https:\/\/animefigurer.se\/wp-content\/uploads\/2025\/10\/68c4189d298b7.jpeg","width":1000,"height":1000},{"@type":"BreadcrumbList","@id":"https:\/\/animefigurer.se\/en\/figurer\/yu-gi-oh\/yu-gi-oh-figgyz-magnet-collectible-dark-magician-girl\/#breadcrumb","itemListElement":[{"@type":"ListItem","position":1,"name":"Home","item":"https:\/\/animefigurer.se\/"},{"@type":"ListItem","position":2,"name":"Butik","item":"https:\/\/animefigurer.se\/figurer\/"},{"@type":"ListItem","position":3,"name":"Yu-Gi-Oh! FiGGYZ Magnet Collectible Dark Magician Girl"}]},{"@type":"WebSite","@id":"https:\/\/animefigurer.se\/#website","url":"https:\/\/animefigurer.se\/","name":"Animefigurer.se","description":"Anime figures from over 300 different anime series with over 9000 products | Anime Shop","publisher":{"@id":"https:\/\/animefigurer.se\/#organization"},"potentialAction":[{"@type":"SearchAction","target":{"@type":"EntryPoint","urlTemplate":"https:\/\/animefigurer.se\/?s={search_term_string}"},"query-input":{"@type":"PropertyValueSpecification","valueRequired":true,"valueName":"search_term_string"}}],"inLanguage":"en-GB"},{"@type":"Organization","@id":"https:\/\/animefigurer.se\/#organization","name":"Animefigurer.se","alternateName":"Anime figurer | Anime shop","url":"https:\/\/animefigurer.se\/","logo":{"@type":"ImageObject","inLanguage":"en-GB","@id":"https:\/\/animefigurer.se\/#\/schema\/logo\/image\/","url":"https:\/\/animefigurer.se\/wp-content\/uploads\/2025\/12\/Animefigurer_logowhite.png","contentUrl":"https:\/\/animefigurer.se\/wp-content\/uploads\/2025\/12\/Animefigurer_logowhite.png","width":1890,"height":1417,"caption":"Animefigurer.se"},"image":{"@id":"https:\/\/animefigurer.se\/#\/schema\/logo\/image\/"},"sameAs":["https:\/\/www.facebook.com\/profile.php?id=61581826539670","https:\/\/www.instagram.com\/animefigurer.se\/"],"email":"info@animefigurer.se"}]}},"_links":{"self":[{"href":"https:\/\/animefigurer.se\/en\/wp-json\/wp\/v2\/product\/75987","targetHints":{"allow":["GET"]}}],"collection":[{"href":"https:\/\/animefigurer.se\/en\/wp-json\/wp\/v2\/product"}],"about":[{"href":"https:\/\/animefigurer.se\/en\/wp-json\/wp\/v2\/types\/product"}],"replies":[{"embeddable":true,"href":"https:\/\/animefigurer.se\/en\/wp-json\/wp\/v2\/comments?post=75987"}],"wp:featuredmedia":[{"embeddable":true,"href":"https:\/\/animefigurer.se\/en\/wp-json\/wp\/v2\/media\/75988"}],"wp:attachment":[{"href":"https:\/\/animefigurer.se\/en\/wp-json\/wp\/v2\/media?parent=75987"}],"wp:term":[{"taxonomy":"product_brand","embeddable":true,"href":"https:\/\/animefigurer.se\/en\/wp-json\/wp\/v2\/product_brand?post=75987"},{"taxonomy":"product_cat","embeddable":true,"href":"https:\/\/animefigurer.se\/en\/wp-json\/wp\/v2\/product_cat?post=75987"},{"taxonomy":"product_tag","embeddable":true,"href":"https:\/\/animefigurer.se\/en\/wp-json\/wp\/v2\/product_tag?post=75987"},{"taxonomy":"giftcard-category","embeddable":true,"href":"https:\/\/animefigurer.se\/en\/wp-json\/wp\/v2\/giftcard-category?post=75987"}],"curies":[{"name":"wp","href":"https:\/\/api.w.org\/{rel}","templated":true}]}}