{"id":75781,"date":"2025-10-21T17:39:07","date_gmt":"2025-10-21T15:39:07","guid":{"rendered":"https:\/\/animefigurer.se\/produkt\/yu-gi-oh-monster-figure-collection-haru-urara\/"},"modified":"2025-12-21T19:37:07","modified_gmt":"2025-12-21T18:37:07","slug":"yu-gi-oh-monster-figure-collection-haru-urara","status":"publish","type":"product","link":"https:\/\/animefigurer.se\/en\/figurer\/yu-gi-oh\/yu-gi-oh-monster-figure-collection-haru-urara\/","title":{"rendered":"Yu-Gi-Oh! Monster Figure Collection Haru Urara"},"content":{"rendered":"<p>Celebrate your love of Yu-Gi-Oh! with the 1\/7th scale Haru Urara from the Monster Figure Collection by Amakuni. The figure recreates her vibrant, dynamic pose with fine detail and bright colors that capture her mischievous character. A must-have collector&#039;s item for fans looking to add some extra energy to their display.<\/p>","protected":false},"excerpt":{"rendered":"<p>Celebrate your love of Yu-Gi-Oh! with the 1\/7th scale Haru Urara from the Monster Figure Collection by Amakuni. The figure recreates her vibrant, dynamic pose with fine detail and bright colors that capture her mischievous character. A must-have collector&#039;s item for fans looking to add some extra energy to their display.<\/p>","protected":false},"featured_media":75782,"comment_status":"closed","ping_status":"open","template":"","meta":{"_acf_changed":false,"_monsterinsights_skip_tracking":false,"_monsterinsights_sitenote_active":false,"_monsterinsights_sitenote_note":"","_monsterinsights_sitenote_category":0},"product_brand":[6907],"product_cat":[6137],"product_tag":[24],"giftcard-category":[],"class_list":{"0":"post-75781","1":"product","2":"type-product","3":"status-publish","4":"has-post-thumbnail","6":"product_brand-amakuni","7":"product_cat-yu-gi-oh","8":"product_tag-2-3-weeks","9":"pa_franchise-yu-gi-oh","10":"pa_karaktar-haru-urara","11":"pa_material-pvc-abs","12":"pa_skala-41","13":"pa_storlek-23-cm","15":"first","16":"instock","17":"taxable","18":"shipping-taxable","19":"purchasable","20":"product-type-simple"},"acf":[],"yoast_head":"<!-- This site is optimized with the Yoast SEO Premium plugin v24.6 (Yoast SEO v27.3) - https:\/\/yoast.com\/product\/yoast-seo-premium-wordpress\/ -->\n<title>Yu-Gi-Oh! Monster Figure Collection Haru Urara | Animefigurer.se<\/title>\n<meta name=\"robots\" content=\"index, follow, max-snippet:-1, max-image-preview:large, max-video-preview:-1\" \/>\n<link rel=\"canonical\" href=\"https:\/\/animefigurer.se\/en\/figurer\/yu-gi-oh\/yu-gi-oh-monster-figure-collection-haru-urara\/\" \/>\n<meta property=\"og:locale\" content=\"en_GB\" \/>\n<meta property=\"og:type\" content=\"article\" \/>\n<meta property=\"og:title\" content=\"Yu-Gi-Oh! Monster Figure Collection Haru Urara\" \/>\n<meta property=\"og:description\" content=\"Fira din k\u00e4rlek till Yu-Gi-Oh! med Haru Urara i 1\/7-skala fr\u00e5n Monster Figure Collection av Amakuni. Figuren \u00e5terger hennes livfulla, dynamiska pose med fina detaljer och klara f\u00e4rger som f\u00e5ngar hennes busiga karakt\u00e4r. Ett sj\u00e4lvklart samlarobjekt f\u00f6r fans som vill ge sin display extra energi.\" \/>\n<meta property=\"og:url\" content=\"https:\/\/animefigurer.se\/en\/figurer\/yu-gi-oh\/yu-gi-oh-monster-figure-collection-haru-urara\/\" \/>\n<meta property=\"og:site_name\" content=\"Animefigurer.se\" \/>\n<meta property=\"article:publisher\" content=\"https:\/\/www.facebook.com\/profile.php?id=61581826539670\" \/>\n<meta property=\"article:modified_time\" content=\"2025-12-21T18:37:07+00:00\" \/>\n<meta property=\"og:image\" content=\"https:\/\/animefigurer.se\/wp-content\/uploads\/2025\/12\/Animefigurer_logowhite.png\" \/>\n\t<meta property=\"og:image:width\" content=\"1890\" \/>\n\t<meta property=\"og:image:height\" content=\"1417\" \/>\n\t<meta property=\"og:image:type\" content=\"image\/png\" \/>\n<meta name=\"twitter:card\" content=\"summary_large_image\" \/>\n<script type=\"application\/ld+json\" class=\"yoast-schema-graph\">{\"@context\":\"https:\\\/\\\/schema.org\",\"@graph\":[{\"@type\":\"WebPage\",\"@id\":\"https:\\\/\\\/animefigurer.se\\\/en\\\/figurer\\\/yu-gi-oh\\\/yu-gi-oh-monster-figure-collection-haru-urara\\\/\",\"url\":\"https:\\\/\\\/animefigurer.se\\\/en\\\/figurer\\\/yu-gi-oh\\\/yu-gi-oh-monster-figure-collection-haru-urara\\\/\",\"name\":\"Yu-Gi-Oh! Monster Figure Collection Haru Urara | Animefigurer.se\",\"isPartOf\":{\"@id\":\"https:\\\/\\\/animefigurer.se\\\/#website\"},\"primaryImageOfPage\":{\"@id\":\"https:\\\/\\\/animefigurer.se\\\/en\\\/figurer\\\/yu-gi-oh\\\/yu-gi-oh-monster-figure-collection-haru-urara\\\/#primaryimage\"},\"image\":{\"@id\":\"https:\\\/\\\/animefigurer.se\\\/en\\\/figurer\\\/yu-gi-oh\\\/yu-gi-oh-monster-figure-collection-haru-urara\\\/#primaryimage\"},\"thumbnailUrl\":\"https:\\\/\\\/animefigurer.se\\\/wp-content\\\/uploads\\\/2025\\\/10\\\/66f6543431a5e.jpeg\",\"datePublished\":\"2025-10-21T15:39:07+00:00\",\"dateModified\":\"2025-12-21T18:37:07+00:00\",\"breadcrumb\":{\"@id\":\"https:\\\/\\\/animefigurer.se\\\/en\\\/figurer\\\/yu-gi-oh\\\/yu-gi-oh-monster-figure-collection-haru-urara\\\/#breadcrumb\"},\"inLanguage\":\"en-GB\",\"potentialAction\":[{\"@type\":\"ReadAction\",\"target\":[\"https:\\\/\\\/animefigurer.se\\\/en\\\/figurer\\\/yu-gi-oh\\\/yu-gi-oh-monster-figure-collection-haru-urara\\\/\"]}]},{\"@type\":\"ImageObject\",\"inLanguage\":\"en-GB\",\"@id\":\"https:\\\/\\\/animefigurer.se\\\/en\\\/figurer\\\/yu-gi-oh\\\/yu-gi-oh-monster-figure-collection-haru-urara\\\/#primaryimage\",\"url\":\"https:\\\/\\\/animefigurer.se\\\/wp-content\\\/uploads\\\/2025\\\/10\\\/66f6543431a5e.jpeg\",\"contentUrl\":\"https:\\\/\\\/animefigurer.se\\\/wp-content\\\/uploads\\\/2025\\\/10\\\/66f6543431a5e.jpeg\",\"width\":720,\"height\":540},{\"@type\":\"BreadcrumbList\",\"@id\":\"https:\\\/\\\/animefigurer.se\\\/en\\\/figurer\\\/yu-gi-oh\\\/yu-gi-oh-monster-figure-collection-haru-urara\\\/#breadcrumb\",\"itemListElement\":[{\"@type\":\"ListItem\",\"position\":1,\"name\":\"Home\",\"item\":\"https:\\\/\\\/animefigurer.se\\\/\"},{\"@type\":\"ListItem\",\"position\":2,\"name\":\"Butik\",\"item\":\"https:\\\/\\\/animefigurer.se\\\/figurer\\\/\"},{\"@type\":\"ListItem\",\"position\":3,\"name\":\"Yu-Gi-Oh! Monster Figure Collection Haru Urara\"}]},{\"@type\":\"WebSite\",\"@id\":\"https:\\\/\\\/animefigurer.se\\\/#website\",\"url\":\"https:\\\/\\\/animefigurer.se\\\/\",\"name\":\"Animefigurer.se\",\"description\":\"Anime figurer fr\u00e5n \u00f6ver 300 olika anime serier med \u00f6ver 9000 produkter | Anime Shop\",\"publisher\":{\"@id\":\"https:\\\/\\\/animefigurer.se\\\/#organization\"},\"potentialAction\":[{\"@type\":\"SearchAction\",\"target\":{\"@type\":\"EntryPoint\",\"urlTemplate\":\"https:\\\/\\\/animefigurer.se\\\/?s={search_term_string}\"},\"query-input\":{\"@type\":\"PropertyValueSpecification\",\"valueRequired\":true,\"valueName\":\"search_term_string\"}}],\"inLanguage\":\"en-GB\"},{\"@type\":\"Organization\",\"@id\":\"https:\\\/\\\/animefigurer.se\\\/#organization\",\"name\":\"Animefigurer.se\",\"alternateName\":\"Anime figurer | Anime shop\",\"url\":\"https:\\\/\\\/animefigurer.se\\\/\",\"logo\":{\"@type\":\"ImageObject\",\"inLanguage\":\"en-GB\",\"@id\":\"https:\\\/\\\/animefigurer.se\\\/#\\\/schema\\\/logo\\\/image\\\/\",\"url\":\"https:\\\/\\\/animefigurer.se\\\/wp-content\\\/uploads\\\/2025\\\/12\\\/Animefigurer_logowhite.png\",\"contentUrl\":\"https:\\\/\\\/animefigurer.se\\\/wp-content\\\/uploads\\\/2025\\\/12\\\/Animefigurer_logowhite.png\",\"width\":1890,\"height\":1417,\"caption\":\"Animefigurer.se\"},\"image\":{\"@id\":\"https:\\\/\\\/animefigurer.se\\\/#\\\/schema\\\/logo\\\/image\\\/\"},\"sameAs\":[\"https:\\\/\\\/www.facebook.com\\\/profile.php?id=61581826539670\",\"https:\\\/\\\/www.instagram.com\\\/animefigurer.se\\\/\"],\"email\":\"info@animefigurer.se\"}]}<\/script>\n<!-- \/ Yoast SEO Premium plugin. -->","yoast_head_json":{"title":"Yu-Gi-Oh! Monster Figure Collection Haru Urara | Animefigurer.se","robots":{"index":"index","follow":"follow","max-snippet":"max-snippet:-1","max-image-preview":"max-image-preview:large","max-video-preview":"max-video-preview:-1"},"canonical":"https:\/\/animefigurer.se\/en\/figurer\/yu-gi-oh\/yu-gi-oh-monster-figure-collection-haru-urara\/","og_locale":"en_GB","og_type":"article","og_title":"Yu-Gi-Oh! Monster Figure Collection Haru Urara","og_description":"Fira din k\u00e4rlek till Yu-Gi-Oh! med Haru Urara i 1\/7-skala fr\u00e5n Monster Figure Collection av Amakuni. Figuren \u00e5terger hennes livfulla, dynamiska pose med fina detaljer och klara f\u00e4rger som f\u00e5ngar hennes busiga karakt\u00e4r. Ett sj\u00e4lvklart samlarobjekt f\u00f6r fans som vill ge sin display extra energi.","og_url":"https:\/\/animefigurer.se\/en\/figurer\/yu-gi-oh\/yu-gi-oh-monster-figure-collection-haru-urara\/","og_site_name":"Animefigurer.se","article_publisher":"https:\/\/www.facebook.com\/profile.php?id=61581826539670","article_modified_time":"2025-12-21T18:37:07+00:00","og_image":[{"width":1890,"height":1417,"url":"https:\/\/animefigurer.se\/wp-content\/uploads\/2025\/12\/Animefigurer_logowhite.png","type":"image\/png"}],"twitter_card":"summary_large_image","schema":{"@context":"https:\/\/schema.org","@graph":[{"@type":"WebPage","@id":"https:\/\/animefigurer.se\/en\/figurer\/yu-gi-oh\/yu-gi-oh-monster-figure-collection-haru-urara\/","url":"https:\/\/animefigurer.se\/en\/figurer\/yu-gi-oh\/yu-gi-oh-monster-figure-collection-haru-urara\/","name":"Yu-Gi-Oh! Monster Figure Collection Haru Urara | Animefigurer.se","isPartOf":{"@id":"https:\/\/animefigurer.se\/#website"},"primaryImageOfPage":{"@id":"https:\/\/animefigurer.se\/en\/figurer\/yu-gi-oh\/yu-gi-oh-monster-figure-collection-haru-urara\/#primaryimage"},"image":{"@id":"https:\/\/animefigurer.se\/en\/figurer\/yu-gi-oh\/yu-gi-oh-monster-figure-collection-haru-urara\/#primaryimage"},"thumbnailUrl":"https:\/\/animefigurer.se\/wp-content\/uploads\/2025\/10\/66f6543431a5e.jpeg","datePublished":"2025-10-21T15:39:07+00:00","dateModified":"2025-12-21T18:37:07+00:00","breadcrumb":{"@id":"https:\/\/animefigurer.se\/en\/figurer\/yu-gi-oh\/yu-gi-oh-monster-figure-collection-haru-urara\/#breadcrumb"},"inLanguage":"en-GB","potentialAction":[{"@type":"ReadAction","target":["https:\/\/animefigurer.se\/en\/figurer\/yu-gi-oh\/yu-gi-oh-monster-figure-collection-haru-urara\/"]}]},{"@type":"ImageObject","inLanguage":"en-GB","@id":"https:\/\/animefigurer.se\/en\/figurer\/yu-gi-oh\/yu-gi-oh-monster-figure-collection-haru-urara\/#primaryimage","url":"https:\/\/animefigurer.se\/wp-content\/uploads\/2025\/10\/66f6543431a5e.jpeg","contentUrl":"https:\/\/animefigurer.se\/wp-content\/uploads\/2025\/10\/66f6543431a5e.jpeg","width":720,"height":540},{"@type":"BreadcrumbList","@id":"https:\/\/animefigurer.se\/en\/figurer\/yu-gi-oh\/yu-gi-oh-monster-figure-collection-haru-urara\/#breadcrumb","itemListElement":[{"@type":"ListItem","position":1,"name":"Home","item":"https:\/\/animefigurer.se\/"},{"@type":"ListItem","position":2,"name":"Butik","item":"https:\/\/animefigurer.se\/figurer\/"},{"@type":"ListItem","position":3,"name":"Yu-Gi-Oh! Monster Figure Collection Haru Urara"}]},{"@type":"WebSite","@id":"https:\/\/animefigurer.se\/#website","url":"https:\/\/animefigurer.se\/","name":"Animefigurer.se","description":"Anime figures from over 300 different anime series with over 9000 products | Anime Shop","publisher":{"@id":"https:\/\/animefigurer.se\/#organization"},"potentialAction":[{"@type":"SearchAction","target":{"@type":"EntryPoint","urlTemplate":"https:\/\/animefigurer.se\/?s={search_term_string}"},"query-input":{"@type":"PropertyValueSpecification","valueRequired":true,"valueName":"search_term_string"}}],"inLanguage":"en-GB"},{"@type":"Organization","@id":"https:\/\/animefigurer.se\/#organization","name":"Animefigurer.se","alternateName":"Anime figurer | Anime shop","url":"https:\/\/animefigurer.se\/","logo":{"@type":"ImageObject","inLanguage":"en-GB","@id":"https:\/\/animefigurer.se\/#\/schema\/logo\/image\/","url":"https:\/\/animefigurer.se\/wp-content\/uploads\/2025\/12\/Animefigurer_logowhite.png","contentUrl":"https:\/\/animefigurer.se\/wp-content\/uploads\/2025\/12\/Animefigurer_logowhite.png","width":1890,"height":1417,"caption":"Animefigurer.se"},"image":{"@id":"https:\/\/animefigurer.se\/#\/schema\/logo\/image\/"},"sameAs":["https:\/\/www.facebook.com\/profile.php?id=61581826539670","https:\/\/www.instagram.com\/animefigurer.se\/"],"email":"info@animefigurer.se"}]}},"_links":{"self":[{"href":"https:\/\/animefigurer.se\/en\/wp-json\/wp\/v2\/product\/75781","targetHints":{"allow":["GET"]}}],"collection":[{"href":"https:\/\/animefigurer.se\/en\/wp-json\/wp\/v2\/product"}],"about":[{"href":"https:\/\/animefigurer.se\/en\/wp-json\/wp\/v2\/types\/product"}],"replies":[{"embeddable":true,"href":"https:\/\/animefigurer.se\/en\/wp-json\/wp\/v2\/comments?post=75781"}],"wp:featuredmedia":[{"embeddable":true,"href":"https:\/\/animefigurer.se\/en\/wp-json\/wp\/v2\/media\/75782"}],"wp:attachment":[{"href":"https:\/\/animefigurer.se\/en\/wp-json\/wp\/v2\/media?parent=75781"}],"wp:term":[{"taxonomy":"product_brand","embeddable":true,"href":"https:\/\/animefigurer.se\/en\/wp-json\/wp\/v2\/product_brand?post=75781"},{"taxonomy":"product_cat","embeddable":true,"href":"https:\/\/animefigurer.se\/en\/wp-json\/wp\/v2\/product_cat?post=75781"},{"taxonomy":"product_tag","embeddable":true,"href":"https:\/\/animefigurer.se\/en\/wp-json\/wp\/v2\/product_tag?post=75781"},{"taxonomy":"giftcard-category","embeddable":true,"href":"https:\/\/animefigurer.se\/en\/wp-json\/wp\/v2\/giftcard-category?post=75781"}],"curies":[{"name":"wp","href":"https:\/\/api.w.org\/{rel}","templated":true}]}}