{"id":75492,"date":"2025-10-21T17:34:35","date_gmt":"2025-10-21T15:34:35","guid":{"rendered":"https:\/\/animefigurer.se\/produkt\/yotsuba-nendoroid-yotsuba-koiwai-rerelease\/"},"modified":"2025-12-21T19:37:05","modified_gmt":"2025-12-21T18:37:05","slug":"yotsuba-nendoroid-yotsuba-koiwai-rerelease","status":"publish","type":"product","link":"https:\/\/animefigurer.se\/en\/figurer\/yotsuba\/yotsuba-nendoroid-yotsuba-koiwai-rerelease\/","title":{"rendered":"Yotsuba&amp;! Nendoroid Yotsuba Koiwai (Rerelease)"},"content":{"rendered":"<p>From the beloved manga YOTSUBA&amp;! comes a Nendoroid of the energetic and spontaneous Yotsuba Koiwai! The figure includes five interchangeable face plates: standard, smiling, angry, crying, and a blank expression.<\/p>\n<p>Accessories include her Juralumin teddy bear, bag, a paint can and a paintbrush. Yotsuba can also be cuddled with Juralumin for posing, and seat parts are included for more charming display options.<\/p>\n<p>Don&#039;t miss the chance to add the girl who makes every day an adventure \u2014 Yotsuba \u2014 to your collection! Display her alongside the Nendoroid Danboard (sold separately) for even more fun.<\/p>","protected":false},"excerpt":{"rendered":"<p>From the beloved manga YOTSUBA&amp;! comes a Nendoroid of the energetic and spontaneous Yotsuba Koiwai! The figure includes five interchangeable face plates: standard, smiling, angry, crying, and a blank expression.<\/p>\n<p>Accessories include her teddy bear Juralumin, bag, a paint can and a paintbrush. Yotsub<\/p>","protected":false},"featured_media":75493,"comment_status":"closed","ping_status":"open","template":"","meta":{"_acf_changed":false,"_monsterinsights_skip_tracking":false,"_monsterinsights_sitenote_active":false,"_monsterinsights_sitenote_note":"","_monsterinsights_sitenote_category":0},"product_brand":[6890],"product_cat":[7233,6124],"product_tag":[26],"giftcard-category":[],"class_list":{"0":"post-75492","1":"product","2":"type-product","3":"status-publish","4":"has-post-thumbnail","6":"product_brand-good-smile-company","7":"product_cat-pre-order","8":"product_cat-yotsuba","9":"product_tag-pre-order","10":"pa_franchise-yotsuba","11":"pa_karaktar-yotsuba-koiwai","12":"pa_produktserie-nendoroid","13":"pa_storlek-10-cm","15":"first","16":"instock","17":"taxable","18":"shipping-taxable","19":"purchasable","20":"product-type-simple"},"acf":[],"yoast_head":"<!-- This site is optimized with the Yoast SEO Premium plugin v24.6 (Yoast SEO v27.4) - https:\/\/yoast.com\/product\/yoast-seo-premium-wordpress\/ -->\n<title>Yotsuba&amp;! Nendoroid Yotsuba Koiwai (Rerelease) | Animefigurer.se<\/title>\n<meta name=\"robots\" content=\"index, follow, max-snippet:-1, max-image-preview:large, max-video-preview:-1\" \/>\n<link rel=\"canonical\" href=\"https:\/\/animefigurer.se\/en\/figurer\/yotsuba\/yotsuba-nendoroid-yotsuba-koiwai-rerelease\/\" \/>\n<meta property=\"og:locale\" content=\"en_GB\" \/>\n<meta property=\"og:type\" content=\"article\" \/>\n<meta property=\"og:title\" content=\"Yotsuba&amp;! Nendoroid Yotsuba Koiwai (Rerelease)\" \/>\n<meta property=\"og:description\" content=\"Fr\u00e5n den \u00e4lskade mangan YOTSUBA&amp;! kommer en Nendoroid av den energiska och spontana Yotsuba Koiwai! Figuren inneh\u00e5ller fem utbytbara ansiktsplattor: standard, leende, arg, gr\u00e5tande och ett tomt uttryck. Tillbeh\u00f6ren inkluderar hennes nallebj\u00f6rn Juralumin, v\u00e4ska, en f\u00e4rgburk och en pensel. Yotsub\" \/>\n<meta property=\"og:url\" content=\"https:\/\/animefigurer.se\/en\/figurer\/yotsuba\/yotsuba-nendoroid-yotsuba-koiwai-rerelease\/\" \/>\n<meta property=\"og:site_name\" content=\"Animefigurer.se\" \/>\n<meta property=\"article:publisher\" content=\"https:\/\/www.facebook.com\/profile.php?id=61581826539670\" \/>\n<meta property=\"article:modified_time\" content=\"2025-12-21T18:37:05+00:00\" \/>\n<meta property=\"og:image\" content=\"https:\/\/animefigurer.se\/wp-content\/uploads\/2025\/12\/Animefigurer_logowhite.png\" \/>\n\t<meta property=\"og:image:width\" content=\"1890\" \/>\n\t<meta property=\"og:image:height\" content=\"1417\" \/>\n\t<meta property=\"og:image:type\" content=\"image\/png\" \/>\n<meta name=\"twitter:card\" content=\"summary_large_image\" \/>\n<meta name=\"twitter:label1\" content=\"Estimated reading time\" \/>\n\t<meta name=\"twitter:data1\" content=\"1 minute\" \/>\n<script type=\"application\/ld+json\" class=\"yoast-schema-graph\">{\"@context\":\"https:\\\/\\\/schema.org\",\"@graph\":[{\"@type\":\"WebPage\",\"@id\":\"https:\\\/\\\/animefigurer.se\\\/en\\\/figurer\\\/yotsuba\\\/yotsuba-nendoroid-yotsuba-koiwai-rerelease\\\/\",\"url\":\"https:\\\/\\\/animefigurer.se\\\/en\\\/figurer\\\/yotsuba\\\/yotsuba-nendoroid-yotsuba-koiwai-rerelease\\\/\",\"name\":\"Yotsuba&amp;! Nendoroid Yotsuba Koiwai (Rerelease) | Animefigurer.se\",\"isPartOf\":{\"@id\":\"https:\\\/\\\/animefigurer.se\\\/#website\"},\"primaryImageOfPage\":{\"@id\":\"https:\\\/\\\/animefigurer.se\\\/en\\\/figurer\\\/yotsuba\\\/yotsuba-nendoroid-yotsuba-koiwai-rerelease\\\/#primaryimage\"},\"image\":{\"@id\":\"https:\\\/\\\/animefigurer.se\\\/en\\\/figurer\\\/yotsuba\\\/yotsuba-nendoroid-yotsuba-koiwai-rerelease\\\/#primaryimage\"},\"thumbnailUrl\":\"https:\\\/\\\/animefigurer.se\\\/wp-content\\\/uploads\\\/2025\\\/10\\\/6892b99cb37c4.jpeg\",\"datePublished\":\"2025-10-21T15:34:35+00:00\",\"dateModified\":\"2025-12-21T18:37:05+00:00\",\"breadcrumb\":{\"@id\":\"https:\\\/\\\/animefigurer.se\\\/en\\\/figurer\\\/yotsuba\\\/yotsuba-nendoroid-yotsuba-koiwai-rerelease\\\/#breadcrumb\"},\"inLanguage\":\"en-GB\",\"potentialAction\":[{\"@type\":\"ReadAction\",\"target\":[\"https:\\\/\\\/animefigurer.se\\\/en\\\/figurer\\\/yotsuba\\\/yotsuba-nendoroid-yotsuba-koiwai-rerelease\\\/\"]}]},{\"@type\":\"ImageObject\",\"inLanguage\":\"en-GB\",\"@id\":\"https:\\\/\\\/animefigurer.se\\\/en\\\/figurer\\\/yotsuba\\\/yotsuba-nendoroid-yotsuba-koiwai-rerelease\\\/#primaryimage\",\"url\":\"https:\\\/\\\/animefigurer.se\\\/wp-content\\\/uploads\\\/2025\\\/10\\\/6892b99cb37c4.jpeg\",\"contentUrl\":\"https:\\\/\\\/animefigurer.se\\\/wp-content\\\/uploads\\\/2025\\\/10\\\/6892b99cb37c4.jpeg\",\"width\":650,\"height\":800},{\"@type\":\"BreadcrumbList\",\"@id\":\"https:\\\/\\\/animefigurer.se\\\/en\\\/figurer\\\/yotsuba\\\/yotsuba-nendoroid-yotsuba-koiwai-rerelease\\\/#breadcrumb\",\"itemListElement\":[{\"@type\":\"ListItem\",\"position\":1,\"name\":\"Home\",\"item\":\"https:\\\/\\\/animefigurer.se\\\/\"},{\"@type\":\"ListItem\",\"position\":2,\"name\":\"Butik\",\"item\":\"https:\\\/\\\/animefigurer.se\\\/figurer\\\/\"},{\"@type\":\"ListItem\",\"position\":3,\"name\":\"Yotsuba&amp;! Nendoroid Yotsuba Koiwai (Rerelease)\"}]},{\"@type\":\"WebSite\",\"@id\":\"https:\\\/\\\/animefigurer.se\\\/#website\",\"url\":\"https:\\\/\\\/animefigurer.se\\\/\",\"name\":\"Animefigurer.se\",\"description\":\"Anime figurer fr\u00e5n \u00f6ver 300 olika anime serier med \u00f6ver 9000 produkter | Anime Shop\",\"publisher\":{\"@id\":\"https:\\\/\\\/animefigurer.se\\\/#organization\"},\"potentialAction\":[{\"@type\":\"SearchAction\",\"target\":{\"@type\":\"EntryPoint\",\"urlTemplate\":\"https:\\\/\\\/animefigurer.se\\\/?s={search_term_string}\"},\"query-input\":{\"@type\":\"PropertyValueSpecification\",\"valueRequired\":true,\"valueName\":\"search_term_string\"}}],\"inLanguage\":\"en-GB\"},{\"@type\":\"Organization\",\"@id\":\"https:\\\/\\\/animefigurer.se\\\/#organization\",\"name\":\"Animefigurer.se\",\"alternateName\":\"Anime figurer | Anime shop\",\"url\":\"https:\\\/\\\/animefigurer.se\\\/\",\"logo\":{\"@type\":\"ImageObject\",\"inLanguage\":\"en-GB\",\"@id\":\"https:\\\/\\\/animefigurer.se\\\/#\\\/schema\\\/logo\\\/image\\\/\",\"url\":\"https:\\\/\\\/animefigurer.se\\\/wp-content\\\/uploads\\\/2025\\\/12\\\/Animefigurer_logowhite.png\",\"contentUrl\":\"https:\\\/\\\/animefigurer.se\\\/wp-content\\\/uploads\\\/2025\\\/12\\\/Animefigurer_logowhite.png\",\"width\":1890,\"height\":1417,\"caption\":\"Animefigurer.se\"},\"image\":{\"@id\":\"https:\\\/\\\/animefigurer.se\\\/#\\\/schema\\\/logo\\\/image\\\/\"},\"sameAs\":[\"https:\\\/\\\/www.facebook.com\\\/profile.php?id=61581826539670\",\"https:\\\/\\\/www.instagram.com\\\/animefigurer.se\\\/\"],\"email\":\"info@animefigurer.se\"}]}<\/script>\n<!-- \/ Yoast SEO Premium plugin. -->","yoast_head_json":{"title":"Yotsuba&amp;! Nendoroid Yotsuba Koiwai (Rerelease) | Animefigurer.se","robots":{"index":"index","follow":"follow","max-snippet":"max-snippet:-1","max-image-preview":"max-image-preview:large","max-video-preview":"max-video-preview:-1"},"canonical":"https:\/\/animefigurer.se\/en\/figurer\/yotsuba\/yotsuba-nendoroid-yotsuba-koiwai-rerelease\/","og_locale":"en_GB","og_type":"article","og_title":"Yotsuba&amp;! Nendoroid Yotsuba Koiwai (Rerelease)","og_description":"Fr\u00e5n den \u00e4lskade mangan YOTSUBA&amp;! kommer en Nendoroid av den energiska och spontana Yotsuba Koiwai! Figuren inneh\u00e5ller fem utbytbara ansiktsplattor: standard, leende, arg, gr\u00e5tande och ett tomt uttryck. Tillbeh\u00f6ren inkluderar hennes nallebj\u00f6rn Juralumin, v\u00e4ska, en f\u00e4rgburk och en pensel. Yotsub","og_url":"https:\/\/animefigurer.se\/en\/figurer\/yotsuba\/yotsuba-nendoroid-yotsuba-koiwai-rerelease\/","og_site_name":"Animefigurer.se","article_publisher":"https:\/\/www.facebook.com\/profile.php?id=61581826539670","article_modified_time":"2025-12-21T18:37:05+00:00","og_image":[{"width":1890,"height":1417,"url":"https:\/\/animefigurer.se\/wp-content\/uploads\/2025\/12\/Animefigurer_logowhite.png","type":"image\/png"}],"twitter_card":"summary_large_image","twitter_misc":{"Estimated reading time":"1 minute"},"schema":{"@context":"https:\/\/schema.org","@graph":[{"@type":"WebPage","@id":"https:\/\/animefigurer.se\/en\/figurer\/yotsuba\/yotsuba-nendoroid-yotsuba-koiwai-rerelease\/","url":"https:\/\/animefigurer.se\/en\/figurer\/yotsuba\/yotsuba-nendoroid-yotsuba-koiwai-rerelease\/","name":"Yotsuba&amp;! Nendoroid Yotsuba Koiwai (Rerelease) | Animefigurer.se","isPartOf":{"@id":"https:\/\/animefigurer.se\/#website"},"primaryImageOfPage":{"@id":"https:\/\/animefigurer.se\/en\/figurer\/yotsuba\/yotsuba-nendoroid-yotsuba-koiwai-rerelease\/#primaryimage"},"image":{"@id":"https:\/\/animefigurer.se\/en\/figurer\/yotsuba\/yotsuba-nendoroid-yotsuba-koiwai-rerelease\/#primaryimage"},"thumbnailUrl":"https:\/\/animefigurer.se\/wp-content\/uploads\/2025\/10\/6892b99cb37c4.jpeg","datePublished":"2025-10-21T15:34:35+00:00","dateModified":"2025-12-21T18:37:05+00:00","breadcrumb":{"@id":"https:\/\/animefigurer.se\/en\/figurer\/yotsuba\/yotsuba-nendoroid-yotsuba-koiwai-rerelease\/#breadcrumb"},"inLanguage":"en-GB","potentialAction":[{"@type":"ReadAction","target":["https:\/\/animefigurer.se\/en\/figurer\/yotsuba\/yotsuba-nendoroid-yotsuba-koiwai-rerelease\/"]}]},{"@type":"ImageObject","inLanguage":"en-GB","@id":"https:\/\/animefigurer.se\/en\/figurer\/yotsuba\/yotsuba-nendoroid-yotsuba-koiwai-rerelease\/#primaryimage","url":"https:\/\/animefigurer.se\/wp-content\/uploads\/2025\/10\/6892b99cb37c4.jpeg","contentUrl":"https:\/\/animefigurer.se\/wp-content\/uploads\/2025\/10\/6892b99cb37c4.jpeg","width":650,"height":800},{"@type":"BreadcrumbList","@id":"https:\/\/animefigurer.se\/en\/figurer\/yotsuba\/yotsuba-nendoroid-yotsuba-koiwai-rerelease\/#breadcrumb","itemListElement":[{"@type":"ListItem","position":1,"name":"Home","item":"https:\/\/animefigurer.se\/"},{"@type":"ListItem","position":2,"name":"Butik","item":"https:\/\/animefigurer.se\/figurer\/"},{"@type":"ListItem","position":3,"name":"Yotsuba&amp;! Nendoroid Yotsuba Koiwai (Rerelease)"}]},{"@type":"WebSite","@id":"https:\/\/animefigurer.se\/#website","url":"https:\/\/animefigurer.se\/","name":"Animefigurer.se","description":"Anime figures from over 300 different anime series with over 9000 products | Anime Shop","publisher":{"@id":"https:\/\/animefigurer.se\/#organization"},"potentialAction":[{"@type":"SearchAction","target":{"@type":"EntryPoint","urlTemplate":"https:\/\/animefigurer.se\/?s={search_term_string}"},"query-input":{"@type":"PropertyValueSpecification","valueRequired":true,"valueName":"search_term_string"}}],"inLanguage":"en-GB"},{"@type":"Organization","@id":"https:\/\/animefigurer.se\/#organization","name":"Animefigurer.se","alternateName":"Anime figurer | Anime shop","url":"https:\/\/animefigurer.se\/","logo":{"@type":"ImageObject","inLanguage":"en-GB","@id":"https:\/\/animefigurer.se\/#\/schema\/logo\/image\/","url":"https:\/\/animefigurer.se\/wp-content\/uploads\/2025\/12\/Animefigurer_logowhite.png","contentUrl":"https:\/\/animefigurer.se\/wp-content\/uploads\/2025\/12\/Animefigurer_logowhite.png","width":1890,"height":1417,"caption":"Animefigurer.se"},"image":{"@id":"https:\/\/animefigurer.se\/#\/schema\/logo\/image\/"},"sameAs":["https:\/\/www.facebook.com\/profile.php?id=61581826539670","https:\/\/www.instagram.com\/animefigurer.se\/"],"email":"info@animefigurer.se"}]}},"_links":{"self":[{"href":"https:\/\/animefigurer.se\/en\/wp-json\/wp\/v2\/product\/75492","targetHints":{"allow":["GET"]}}],"collection":[{"href":"https:\/\/animefigurer.se\/en\/wp-json\/wp\/v2\/product"}],"about":[{"href":"https:\/\/animefigurer.se\/en\/wp-json\/wp\/v2\/types\/product"}],"replies":[{"embeddable":true,"href":"https:\/\/animefigurer.se\/en\/wp-json\/wp\/v2\/comments?post=75492"}],"wp:featuredmedia":[{"embeddable":true,"href":"https:\/\/animefigurer.se\/en\/wp-json\/wp\/v2\/media\/75493"}],"wp:attachment":[{"href":"https:\/\/animefigurer.se\/en\/wp-json\/wp\/v2\/media?parent=75492"}],"wp:term":[{"taxonomy":"product_brand","embeddable":true,"href":"https:\/\/animefigurer.se\/en\/wp-json\/wp\/v2\/product_brand?post=75492"},{"taxonomy":"product_cat","embeddable":true,"href":"https:\/\/animefigurer.se\/en\/wp-json\/wp\/v2\/product_cat?post=75492"},{"taxonomy":"product_tag","embeddable":true,"href":"https:\/\/animefigurer.se\/en\/wp-json\/wp\/v2\/product_tag?post=75492"},{"taxonomy":"giftcard-category","embeddable":true,"href":"https:\/\/animefigurer.se\/en\/wp-json\/wp\/v2\/giftcard-category?post=75492"}],"curies":[{"name":"wp","href":"https:\/\/api.w.org\/{rel}","templated":true}]}}