{"id":75323,"date":"2025-10-21T17:31:37","date_gmt":"2025-10-21T15:31:37","guid":{"rendered":"https:\/\/animefigurer.se\/produkt\/wobbledogs-plush-figure-wobbledog\/"},"modified":"2025-12-21T19:37:05","modified_gmt":"2025-12-21T18:37:05","slug":"wobbledogs-plush-figure-wobbledog","status":"publish","type":"product","link":"https:\/\/animefigurer.se\/en\/figurer\/wobbledogs\/wobbledogs-plush-figure-wobbledog\/","title":{"rendered":"Wobbledogs Plush Figure Wobbledog"},"content":{"rendered":"<p>Youtooz presents our very own Wobbledog plush! These are about 12 inches tall and wear a cheeky smile across a blue face beneath large eyes. A round nose and short ears protrude from the head, and the long pink rectangular body has light blue legs at the base. A thick, floppy tail is included \u2014 all parts can be removed and reattached so you can create your own wobble mutations.<\/p>\n<p>The plush is stuffed with 100% PP cotton and made of soft minky material, perfect for cuddling or playing with.<\/p>","protected":false},"excerpt":{"rendered":"<p>Youtooz presents our very own Wobbledog plush! These are approximately 12 inches tall and wear a cheeky smile across a blue face beneath large eyes. A round nose and short ears protrude from the head and the long pink rectangular body has light blue legs at the base. A thick, flaky tail comes with<\/p>","protected":false},"featured_media":75324,"comment_status":"closed","ping_status":"open","template":"","meta":{"_acf_changed":false,"_monsterinsights_skip_tracking":false,"_monsterinsights_sitenote_active":false,"_monsterinsights_sitenote_note":"","_monsterinsights_sitenote_category":0},"product_brand":[7189],"product_cat":[7233,6091],"product_tag":[26],"giftcard-category":[],"class_list":{"0":"post-75323","1":"product","2":"type-product","3":"status-publish","4":"has-post-thumbnail","6":"product_brand-youtooz","7":"product_cat-pre-order","8":"product_cat-wobbledogs","9":"product_tag-pre-order","10":"pa_franchise-wobbledogs","11":"pa_karaktar-wobbledog","12":"pa_storlek-30-cm","14":"first","15":"instock","16":"taxable","17":"shipping-taxable","18":"purchasable","19":"product-type-simple"},"acf":[],"yoast_head":"<!-- This site is optimized with the Yoast SEO Premium plugin v24.6 (Yoast SEO v27.4) - https:\/\/yoast.com\/product\/yoast-seo-premium-wordpress\/ -->\n<title>Wobbledogs Plush Figure Wobbledog | Animefigurer.se<\/title>\n<meta name=\"robots\" content=\"index, follow, max-snippet:-1, max-image-preview:large, max-video-preview:-1\" \/>\n<link rel=\"canonical\" href=\"https:\/\/animefigurer.se\/en\/figurer\/wobbledogs\/wobbledogs-plush-figure-wobbledog\/\" \/>\n<meta property=\"og:locale\" content=\"en_GB\" \/>\n<meta property=\"og:type\" content=\"article\" \/>\n<meta property=\"og:title\" content=\"Wobbledogs Plush Figure Wobbledog\" \/>\n<meta property=\"og:description\" content=\"Youtooz presenterar v\u00e5r alldeles egna Wobbledog-plysch! Dessa \u00e4r cirka 12 tum l\u00e5nga och b\u00e4r ett knasigt leende \u00f6ver ett bl\u00e5tt ansikte under stora \u00f6gon. En rund n\u00e4sa och korta \u00f6ron sticker upp fr\u00e5n huvudet och den l\u00e5nga rosa rektangul\u00e4ra kroppen har ljusbl\u00e5 ben vid basen. En tjock, flikig svans medf\u00f6\" \/>\n<meta property=\"og:url\" content=\"https:\/\/animefigurer.se\/en\/figurer\/wobbledogs\/wobbledogs-plush-figure-wobbledog\/\" \/>\n<meta property=\"og:site_name\" content=\"Animefigurer.se\" \/>\n<meta property=\"article:publisher\" content=\"https:\/\/www.facebook.com\/profile.php?id=61581826539670\" \/>\n<meta property=\"article:modified_time\" content=\"2025-12-21T18:37:05+00:00\" \/>\n<meta property=\"og:image\" content=\"https:\/\/animefigurer.se\/wp-content\/uploads\/2025\/12\/Animefigurer_logowhite.png\" \/>\n\t<meta property=\"og:image:width\" content=\"1890\" \/>\n\t<meta property=\"og:image:height\" content=\"1417\" \/>\n\t<meta property=\"og:image:type\" content=\"image\/png\" \/>\n<meta name=\"twitter:card\" content=\"summary_large_image\" \/>\n<script type=\"application\/ld+json\" class=\"yoast-schema-graph\">{\"@context\":\"https:\\\/\\\/schema.org\",\"@graph\":[{\"@type\":\"WebPage\",\"@id\":\"https:\\\/\\\/animefigurer.se\\\/figurer\\\/wobbledogs\\\/wobbledogs-plush-figure-wobbledog\\\/\",\"url\":\"https:\\\/\\\/animefigurer.se\\\/figurer\\\/wobbledogs\\\/wobbledogs-plush-figure-wobbledog\\\/\",\"name\":\"Wobbledogs Plush Figure Wobbledog | Animefigurer.se\",\"isPartOf\":{\"@id\":\"https:\\\/\\\/animefigurer.se\\\/#website\"},\"primaryImageOfPage\":{\"@id\":\"https:\\\/\\\/animefigurer.se\\\/figurer\\\/wobbledogs\\\/wobbledogs-plush-figure-wobbledog\\\/#primaryimage\"},\"image\":{\"@id\":\"https:\\\/\\\/animefigurer.se\\\/figurer\\\/wobbledogs\\\/wobbledogs-plush-figure-wobbledog\\\/#primaryimage\"},\"thumbnailUrl\":\"https:\\\/\\\/animefigurer.se\\\/wp-content\\\/uploads\\\/2025\\\/10\\\/68ac8ecfab57f.jpeg\",\"datePublished\":\"2025-10-21T15:31:37+00:00\",\"dateModified\":\"2025-12-21T18:37:05+00:00\",\"breadcrumb\":{\"@id\":\"https:\\\/\\\/animefigurer.se\\\/figurer\\\/wobbledogs\\\/wobbledogs-plush-figure-wobbledog\\\/#breadcrumb\"},\"inLanguage\":\"en-GB\",\"potentialAction\":[{\"@type\":\"ReadAction\",\"target\":[\"https:\\\/\\\/animefigurer.se\\\/figurer\\\/wobbledogs\\\/wobbledogs-plush-figure-wobbledog\\\/\"]}]},{\"@type\":\"ImageObject\",\"inLanguage\":\"en-GB\",\"@id\":\"https:\\\/\\\/animefigurer.se\\\/figurer\\\/wobbledogs\\\/wobbledogs-plush-figure-wobbledog\\\/#primaryimage\",\"url\":\"https:\\\/\\\/animefigurer.se\\\/wp-content\\\/uploads\\\/2025\\\/10\\\/68ac8ecfab57f.jpeg\",\"contentUrl\":\"https:\\\/\\\/animefigurer.se\\\/wp-content\\\/uploads\\\/2025\\\/10\\\/68ac8ecfab57f.jpeg\",\"width\":1000,\"height\":1000},{\"@type\":\"BreadcrumbList\",\"@id\":\"https:\\\/\\\/animefigurer.se\\\/figurer\\\/wobbledogs\\\/wobbledogs-plush-figure-wobbledog\\\/#breadcrumb\",\"itemListElement\":[{\"@type\":\"ListItem\",\"position\":1,\"name\":\"Home\",\"item\":\"https:\\\/\\\/animefigurer.se\\\/\"},{\"@type\":\"ListItem\",\"position\":2,\"name\":\"Butik\",\"item\":\"https:\\\/\\\/animefigurer.se\\\/figurer\\\/\"},{\"@type\":\"ListItem\",\"position\":3,\"name\":\"Wobbledogs Plush Figure Wobbledog\"}]},{\"@type\":\"WebSite\",\"@id\":\"https:\\\/\\\/animefigurer.se\\\/#website\",\"url\":\"https:\\\/\\\/animefigurer.se\\\/\",\"name\":\"Animefigurer.se\",\"description\":\"Anime figurer fr\u00e5n \u00f6ver 300 olika anime serier med \u00f6ver 9000 produkter | Anime Shop\",\"publisher\":{\"@id\":\"https:\\\/\\\/animefigurer.se\\\/#organization\"},\"potentialAction\":[{\"@type\":\"SearchAction\",\"target\":{\"@type\":\"EntryPoint\",\"urlTemplate\":\"https:\\\/\\\/animefigurer.se\\\/?s={search_term_string}\"},\"query-input\":{\"@type\":\"PropertyValueSpecification\",\"valueRequired\":true,\"valueName\":\"search_term_string\"}}],\"inLanguage\":\"en-GB\"},{\"@type\":\"Organization\",\"@id\":\"https:\\\/\\\/animefigurer.se\\\/#organization\",\"name\":\"Animefigurer.se\",\"alternateName\":\"Anime figurer | Anime shop\",\"url\":\"https:\\\/\\\/animefigurer.se\\\/\",\"logo\":{\"@type\":\"ImageObject\",\"inLanguage\":\"en-GB\",\"@id\":\"https:\\\/\\\/animefigurer.se\\\/#\\\/schema\\\/logo\\\/image\\\/\",\"url\":\"https:\\\/\\\/animefigurer.se\\\/wp-content\\\/uploads\\\/2025\\\/12\\\/Animefigurer_logowhite.png\",\"contentUrl\":\"https:\\\/\\\/animefigurer.se\\\/wp-content\\\/uploads\\\/2025\\\/12\\\/Animefigurer_logowhite.png\",\"width\":1890,\"height\":1417,\"caption\":\"Animefigurer.se\"},\"image\":{\"@id\":\"https:\\\/\\\/animefigurer.se\\\/#\\\/schema\\\/logo\\\/image\\\/\"},\"sameAs\":[\"https:\\\/\\\/www.facebook.com\\\/profile.php?id=61581826539670\",\"https:\\\/\\\/www.instagram.com\\\/animefigurer.se\\\/\"],\"email\":\"info@animefigurer.se\"}]}<\/script>\n<!-- \/ Yoast SEO Premium plugin. -->","yoast_head_json":{"title":"Wobbledogs Plush Figure Wobbledog | Animefigurer.se","robots":{"index":"index","follow":"follow","max-snippet":"max-snippet:-1","max-image-preview":"max-image-preview:large","max-video-preview":"max-video-preview:-1"},"canonical":"https:\/\/animefigurer.se\/en\/figurer\/wobbledogs\/wobbledogs-plush-figure-wobbledog\/","og_locale":"en_GB","og_type":"article","og_title":"Wobbledogs Plush Figure Wobbledog","og_description":"Youtooz presenterar v\u00e5r alldeles egna Wobbledog-plysch! Dessa \u00e4r cirka 12 tum l\u00e5nga och b\u00e4r ett knasigt leende \u00f6ver ett bl\u00e5tt ansikte under stora \u00f6gon. En rund n\u00e4sa och korta \u00f6ron sticker upp fr\u00e5n huvudet och den l\u00e5nga rosa rektangul\u00e4ra kroppen har ljusbl\u00e5 ben vid basen. En tjock, flikig svans medf\u00f6","og_url":"https:\/\/animefigurer.se\/en\/figurer\/wobbledogs\/wobbledogs-plush-figure-wobbledog\/","og_site_name":"Animefigurer.se","article_publisher":"https:\/\/www.facebook.com\/profile.php?id=61581826539670","article_modified_time":"2025-12-21T18:37:05+00:00","og_image":[{"width":1890,"height":1417,"url":"https:\/\/animefigurer.se\/wp-content\/uploads\/2025\/12\/Animefigurer_logowhite.png","type":"image\/png"}],"twitter_card":"summary_large_image","schema":{"@context":"https:\/\/schema.org","@graph":[{"@type":"WebPage","@id":"https:\/\/animefigurer.se\/figurer\/wobbledogs\/wobbledogs-plush-figure-wobbledog\/","url":"https:\/\/animefigurer.se\/figurer\/wobbledogs\/wobbledogs-plush-figure-wobbledog\/","name":"Wobbledogs Plush Figure Wobbledog | Animefigurer.se","isPartOf":{"@id":"https:\/\/animefigurer.se\/#website"},"primaryImageOfPage":{"@id":"https:\/\/animefigurer.se\/figurer\/wobbledogs\/wobbledogs-plush-figure-wobbledog\/#primaryimage"},"image":{"@id":"https:\/\/animefigurer.se\/figurer\/wobbledogs\/wobbledogs-plush-figure-wobbledog\/#primaryimage"},"thumbnailUrl":"https:\/\/animefigurer.se\/wp-content\/uploads\/2025\/10\/68ac8ecfab57f.jpeg","datePublished":"2025-10-21T15:31:37+00:00","dateModified":"2025-12-21T18:37:05+00:00","breadcrumb":{"@id":"https:\/\/animefigurer.se\/figurer\/wobbledogs\/wobbledogs-plush-figure-wobbledog\/#breadcrumb"},"inLanguage":"en-GB","potentialAction":[{"@type":"ReadAction","target":["https:\/\/animefigurer.se\/figurer\/wobbledogs\/wobbledogs-plush-figure-wobbledog\/"]}]},{"@type":"ImageObject","inLanguage":"en-GB","@id":"https:\/\/animefigurer.se\/figurer\/wobbledogs\/wobbledogs-plush-figure-wobbledog\/#primaryimage","url":"https:\/\/animefigurer.se\/wp-content\/uploads\/2025\/10\/68ac8ecfab57f.jpeg","contentUrl":"https:\/\/animefigurer.se\/wp-content\/uploads\/2025\/10\/68ac8ecfab57f.jpeg","width":1000,"height":1000},{"@type":"BreadcrumbList","@id":"https:\/\/animefigurer.se\/figurer\/wobbledogs\/wobbledogs-plush-figure-wobbledog\/#breadcrumb","itemListElement":[{"@type":"ListItem","position":1,"name":"Home","item":"https:\/\/animefigurer.se\/"},{"@type":"ListItem","position":2,"name":"Butik","item":"https:\/\/animefigurer.se\/figurer\/"},{"@type":"ListItem","position":3,"name":"Wobbledogs Plush Figure Wobbledog"}]},{"@type":"WebSite","@id":"https:\/\/animefigurer.se\/#website","url":"https:\/\/animefigurer.se\/","name":"Animefigurer.se","description":"Anime figures from over 300 different anime series with over 9000 products | Anime Shop","publisher":{"@id":"https:\/\/animefigurer.se\/#organization"},"potentialAction":[{"@type":"SearchAction","target":{"@type":"EntryPoint","urlTemplate":"https:\/\/animefigurer.se\/?s={search_term_string}"},"query-input":{"@type":"PropertyValueSpecification","valueRequired":true,"valueName":"search_term_string"}}],"inLanguage":"en-GB"},{"@type":"Organization","@id":"https:\/\/animefigurer.se\/#organization","name":"Animefigurer.se","alternateName":"Anime figurer | Anime shop","url":"https:\/\/animefigurer.se\/","logo":{"@type":"ImageObject","inLanguage":"en-GB","@id":"https:\/\/animefigurer.se\/#\/schema\/logo\/image\/","url":"https:\/\/animefigurer.se\/wp-content\/uploads\/2025\/12\/Animefigurer_logowhite.png","contentUrl":"https:\/\/animefigurer.se\/wp-content\/uploads\/2025\/12\/Animefigurer_logowhite.png","width":1890,"height":1417,"caption":"Animefigurer.se"},"image":{"@id":"https:\/\/animefigurer.se\/#\/schema\/logo\/image\/"},"sameAs":["https:\/\/www.facebook.com\/profile.php?id=61581826539670","https:\/\/www.instagram.com\/animefigurer.se\/"],"email":"info@animefigurer.se"}]}},"_links":{"self":[{"href":"https:\/\/animefigurer.se\/en\/wp-json\/wp\/v2\/product\/75323","targetHints":{"allow":["GET"]}}],"collection":[{"href":"https:\/\/animefigurer.se\/en\/wp-json\/wp\/v2\/product"}],"about":[{"href":"https:\/\/animefigurer.se\/en\/wp-json\/wp\/v2\/types\/product"}],"replies":[{"embeddable":true,"href":"https:\/\/animefigurer.se\/en\/wp-json\/wp\/v2\/comments?post=75323"}],"wp:featuredmedia":[{"embeddable":true,"href":"https:\/\/animefigurer.se\/en\/wp-json\/wp\/v2\/media\/75324"}],"wp:attachment":[{"href":"https:\/\/animefigurer.se\/en\/wp-json\/wp\/v2\/media?parent=75323"}],"wp:term":[{"taxonomy":"product_brand","embeddable":true,"href":"https:\/\/animefigurer.se\/en\/wp-json\/wp\/v2\/product_brand?post=75323"},{"taxonomy":"product_cat","embeddable":true,"href":"https:\/\/animefigurer.se\/en\/wp-json\/wp\/v2\/product_cat?post=75323"},{"taxonomy":"product_tag","embeddable":true,"href":"https:\/\/animefigurer.se\/en\/wp-json\/wp\/v2\/product_tag?post=75323"},{"taxonomy":"giftcard-category","embeddable":true,"href":"https:\/\/animefigurer.se\/en\/wp-json\/wp\/v2\/giftcard-category?post=75323"}],"curies":[{"name":"wp","href":"https:\/\/api.w.org\/{rel}","templated":true}]}}