{"id":73577,"date":"2025-10-21T17:03:19","date_gmt":"2025-10-21T15:03:19","guid":{"rendered":"https:\/\/animefigurer.se\/produkt\/vsinger-luo-tianyi-code-luo-ver-noodle-stopper-figure\/"},"modified":"2025-12-21T19:36:50","modified_gmt":"2025-12-21T18:36:50","slug":"vsinger-luo-tianyi-code-luo-ver-noodle-stopper-figure","status":"publish","type":"product","link":"https:\/\/animefigurer.se\/en\/figurer\/vsinger\/vsinger-luo-tianyi-code-luo-ver-noodle-stopper-figure\/","title":{"rendered":"Vsinger Luo Tianyi (Code Luo Ver.) Noodle Stopper Figure"},"content":{"rendered":"<p>Vsinger presents Luo Tianyi in a new Noodle Stopper figure (Code Luo Ver.)! These noodle stoppers are usually around 5 inches tall and are designed to hold down the lid of an instant noodle cup while the noodles are cooking. A practical and detailed figure that is both shelf-sight and functional.<\/p>","protected":false},"excerpt":{"rendered":"<p>Vsinger presents Luo Tianyi in a new Noodle Stopper figure (Code Luo Ver.)! These noodle stoppers are usually around 5 inches tall and are designed to hold down the lid of an instant noodle cup while the noodles are cooking. A practical and detailed figure that both looks great on the shelf and can be used functionally.<\/p>","protected":false},"featured_media":73578,"comment_status":"closed","ping_status":"open","template":"","meta":{"_acf_changed":false,"_monsterinsights_skip_tracking":false,"_monsterinsights_sitenote_active":false,"_monsterinsights_sitenote_note":"","_monsterinsights_sitenote_category":0},"product_brand":[6994],"product_cat":[5963],"product_tag":[24],"giftcard-category":[],"class_list":{"0":"post-73577","1":"product","2":"type-product","3":"status-publish","4":"has-post-thumbnail","6":"product_brand-furyu","7":"product_cat-vsinger","8":"product_tag-2-3-weeks","9":"pa_franchise-vsinger","10":"pa_karaktar-luo-tianyi","11":"pa_material-pvc-abs","12":"pa_produktserie-noodle-stopper-figure","13":"pa_storlek-14-cm","15":"first","16":"instock","17":"taxable","18":"shipping-taxable","19":"purchasable","20":"product-type-simple"},"acf":[],"yoast_head":"<!-- This site is optimized with the Yoast SEO Premium plugin v24.6 (Yoast SEO v27.3) - https:\/\/yoast.com\/product\/yoast-seo-premium-wordpress\/ -->\n<title>Vsinger Luo Tianyi (Code Luo Ver.) Noodle Stopper Figure | Animefigurer.se<\/title>\n<meta name=\"robots\" content=\"index, follow, max-snippet:-1, max-image-preview:large, max-video-preview:-1\" \/>\n<link rel=\"canonical\" href=\"https:\/\/animefigurer.se\/en\/figurer\/vsinger\/vsinger-luo-tianyi-code-luo-ver-noodle-stopper-figure\/\" \/>\n<meta property=\"og:locale\" content=\"en_GB\" \/>\n<meta property=\"og:type\" content=\"article\" \/>\n<meta property=\"og:title\" content=\"Vsinger Luo Tianyi (Code Luo Ver.) Noodle Stopper Figure\" \/>\n<meta property=\"og:description\" content=\"Vsinger presenterar Luo Tianyi i en ny Nudelstoppar-figur (Code Luo Ver.)! Dessa nudelstoppare \u00e4r vanligtvis omkring 5 tum h\u00f6ga och \u00e4r designade f\u00f6r att h\u00e5lla ner locket p\u00e5 en omedelbar nudelkopp medan nudlarna tillagas. En praktisk och detaljrik figur som b\u00e5de syns i hyllan och kan anv\u00e4ndas funktio\" \/>\n<meta property=\"og:url\" content=\"https:\/\/animefigurer.se\/en\/figurer\/vsinger\/vsinger-luo-tianyi-code-luo-ver-noodle-stopper-figure\/\" \/>\n<meta property=\"og:site_name\" content=\"Animefigurer.se\" \/>\n<meta property=\"article:publisher\" content=\"https:\/\/www.facebook.com\/profile.php?id=61581826539670\" \/>\n<meta property=\"article:modified_time\" content=\"2025-12-21T18:36:50+00:00\" \/>\n<meta property=\"og:image\" content=\"https:\/\/animefigurer.se\/wp-content\/uploads\/2025\/12\/Animefigurer_logowhite.png\" \/>\n\t<meta property=\"og:image:width\" content=\"1890\" \/>\n\t<meta property=\"og:image:height\" content=\"1417\" \/>\n\t<meta property=\"og:image:type\" content=\"image\/png\" \/>\n<meta name=\"twitter:card\" content=\"summary_large_image\" \/>\n<script type=\"application\/ld+json\" class=\"yoast-schema-graph\">{\"@context\":\"https:\\\/\\\/schema.org\",\"@graph\":[{\"@type\":\"WebPage\",\"@id\":\"https:\\\/\\\/animefigurer.se\\\/en\\\/figurer\\\/vsinger\\\/vsinger-luo-tianyi-code-luo-ver-noodle-stopper-figure\\\/\",\"url\":\"https:\\\/\\\/animefigurer.se\\\/en\\\/figurer\\\/vsinger\\\/vsinger-luo-tianyi-code-luo-ver-noodle-stopper-figure\\\/\",\"name\":\"Vsinger Luo Tianyi (Code Luo Ver.) Noodle Stopper Figure | Animefigurer.se\",\"isPartOf\":{\"@id\":\"https:\\\/\\\/animefigurer.se\\\/#website\"},\"primaryImageOfPage\":{\"@id\":\"https:\\\/\\\/animefigurer.se\\\/en\\\/figurer\\\/vsinger\\\/vsinger-luo-tianyi-code-luo-ver-noodle-stopper-figure\\\/#primaryimage\"},\"image\":{\"@id\":\"https:\\\/\\\/animefigurer.se\\\/en\\\/figurer\\\/vsinger\\\/vsinger-luo-tianyi-code-luo-ver-noodle-stopper-figure\\\/#primaryimage\"},\"thumbnailUrl\":\"https:\\\/\\\/animefigurer.se\\\/wp-content\\\/uploads\\\/2025\\\/10\\\/6672fb85c9e57.jpeg\",\"datePublished\":\"2025-10-21T15:03:19+00:00\",\"dateModified\":\"2025-12-21T18:36:50+00:00\",\"breadcrumb\":{\"@id\":\"https:\\\/\\\/animefigurer.se\\\/en\\\/figurer\\\/vsinger\\\/vsinger-luo-tianyi-code-luo-ver-noodle-stopper-figure\\\/#breadcrumb\"},\"inLanguage\":\"en-GB\",\"potentialAction\":[{\"@type\":\"ReadAction\",\"target\":[\"https:\\\/\\\/animefigurer.se\\\/en\\\/figurer\\\/vsinger\\\/vsinger-luo-tianyi-code-luo-ver-noodle-stopper-figure\\\/\"]}]},{\"@type\":\"ImageObject\",\"inLanguage\":\"en-GB\",\"@id\":\"https:\\\/\\\/animefigurer.se\\\/en\\\/figurer\\\/vsinger\\\/vsinger-luo-tianyi-code-luo-ver-noodle-stopper-figure\\\/#primaryimage\",\"url\":\"https:\\\/\\\/animefigurer.se\\\/wp-content\\\/uploads\\\/2025\\\/10\\\/6672fb85c9e57.jpeg\",\"contentUrl\":\"https:\\\/\\\/animefigurer.se\\\/wp-content\\\/uploads\\\/2025\\\/10\\\/6672fb85c9e57.jpeg\",\"width\":720,\"height\":540},{\"@type\":\"BreadcrumbList\",\"@id\":\"https:\\\/\\\/animefigurer.se\\\/en\\\/figurer\\\/vsinger\\\/vsinger-luo-tianyi-code-luo-ver-noodle-stopper-figure\\\/#breadcrumb\",\"itemListElement\":[{\"@type\":\"ListItem\",\"position\":1,\"name\":\"Home\",\"item\":\"https:\\\/\\\/animefigurer.se\\\/\"},{\"@type\":\"ListItem\",\"position\":2,\"name\":\"Butik\",\"item\":\"https:\\\/\\\/animefigurer.se\\\/figurer\\\/\"},{\"@type\":\"ListItem\",\"position\":3,\"name\":\"Vsinger Luo Tianyi (Code Luo Ver.) Noodle Stopper Figure\"}]},{\"@type\":\"WebSite\",\"@id\":\"https:\\\/\\\/animefigurer.se\\\/#website\",\"url\":\"https:\\\/\\\/animefigurer.se\\\/\",\"name\":\"Animefigurer.se\",\"description\":\"Anime figurer fr\u00e5n \u00f6ver 300 olika anime serier med \u00f6ver 9000 produkter | Anime Shop\",\"publisher\":{\"@id\":\"https:\\\/\\\/animefigurer.se\\\/#organization\"},\"potentialAction\":[{\"@type\":\"SearchAction\",\"target\":{\"@type\":\"EntryPoint\",\"urlTemplate\":\"https:\\\/\\\/animefigurer.se\\\/?s={search_term_string}\"},\"query-input\":{\"@type\":\"PropertyValueSpecification\",\"valueRequired\":true,\"valueName\":\"search_term_string\"}}],\"inLanguage\":\"en-GB\"},{\"@type\":\"Organization\",\"@id\":\"https:\\\/\\\/animefigurer.se\\\/#organization\",\"name\":\"Animefigurer.se\",\"alternateName\":\"Anime figurer | Anime shop\",\"url\":\"https:\\\/\\\/animefigurer.se\\\/\",\"logo\":{\"@type\":\"ImageObject\",\"inLanguage\":\"en-GB\",\"@id\":\"https:\\\/\\\/animefigurer.se\\\/#\\\/schema\\\/logo\\\/image\\\/\",\"url\":\"https:\\\/\\\/animefigurer.se\\\/wp-content\\\/uploads\\\/2025\\\/12\\\/Animefigurer_logowhite.png\",\"contentUrl\":\"https:\\\/\\\/animefigurer.se\\\/wp-content\\\/uploads\\\/2025\\\/12\\\/Animefigurer_logowhite.png\",\"width\":1890,\"height\":1417,\"caption\":\"Animefigurer.se\"},\"image\":{\"@id\":\"https:\\\/\\\/animefigurer.se\\\/#\\\/schema\\\/logo\\\/image\\\/\"},\"sameAs\":[\"https:\\\/\\\/www.facebook.com\\\/profile.php?id=61581826539670\",\"https:\\\/\\\/www.instagram.com\\\/animefigurer.se\\\/\"],\"email\":\"info@animefigurer.se\"}]}<\/script>\n<!-- \/ Yoast SEO Premium plugin. -->","yoast_head_json":{"title":"Vsinger Luo Tianyi (Code Luo Ver.) Noodle Stopper Figure | Animefigurer.se","robots":{"index":"index","follow":"follow","max-snippet":"max-snippet:-1","max-image-preview":"max-image-preview:large","max-video-preview":"max-video-preview:-1"},"canonical":"https:\/\/animefigurer.se\/en\/figurer\/vsinger\/vsinger-luo-tianyi-code-luo-ver-noodle-stopper-figure\/","og_locale":"en_GB","og_type":"article","og_title":"Vsinger Luo Tianyi (Code Luo Ver.) Noodle Stopper Figure","og_description":"Vsinger presenterar Luo Tianyi i en ny Nudelstoppar-figur (Code Luo Ver.)! Dessa nudelstoppare \u00e4r vanligtvis omkring 5 tum h\u00f6ga och \u00e4r designade f\u00f6r att h\u00e5lla ner locket p\u00e5 en omedelbar nudelkopp medan nudlarna tillagas. En praktisk och detaljrik figur som b\u00e5de syns i hyllan och kan anv\u00e4ndas funktio","og_url":"https:\/\/animefigurer.se\/en\/figurer\/vsinger\/vsinger-luo-tianyi-code-luo-ver-noodle-stopper-figure\/","og_site_name":"Animefigurer.se","article_publisher":"https:\/\/www.facebook.com\/profile.php?id=61581826539670","article_modified_time":"2025-12-21T18:36:50+00:00","og_image":[{"width":1890,"height":1417,"url":"https:\/\/animefigurer.se\/wp-content\/uploads\/2025\/12\/Animefigurer_logowhite.png","type":"image\/png"}],"twitter_card":"summary_large_image","schema":{"@context":"https:\/\/schema.org","@graph":[{"@type":"WebPage","@id":"https:\/\/animefigurer.se\/en\/figurer\/vsinger\/vsinger-luo-tianyi-code-luo-ver-noodle-stopper-figure\/","url":"https:\/\/animefigurer.se\/en\/figurer\/vsinger\/vsinger-luo-tianyi-code-luo-ver-noodle-stopper-figure\/","name":"Vsinger Luo Tianyi (Code Luo Ver.) Noodle Stopper Figure | Animefigurer.se","isPartOf":{"@id":"https:\/\/animefigurer.se\/#website"},"primaryImageOfPage":{"@id":"https:\/\/animefigurer.se\/en\/figurer\/vsinger\/vsinger-luo-tianyi-code-luo-ver-noodle-stopper-figure\/#primaryimage"},"image":{"@id":"https:\/\/animefigurer.se\/en\/figurer\/vsinger\/vsinger-luo-tianyi-code-luo-ver-noodle-stopper-figure\/#primaryimage"},"thumbnailUrl":"https:\/\/animefigurer.se\/wp-content\/uploads\/2025\/10\/6672fb85c9e57.jpeg","datePublished":"2025-10-21T15:03:19+00:00","dateModified":"2025-12-21T18:36:50+00:00","breadcrumb":{"@id":"https:\/\/animefigurer.se\/en\/figurer\/vsinger\/vsinger-luo-tianyi-code-luo-ver-noodle-stopper-figure\/#breadcrumb"},"inLanguage":"en-GB","potentialAction":[{"@type":"ReadAction","target":["https:\/\/animefigurer.se\/en\/figurer\/vsinger\/vsinger-luo-tianyi-code-luo-ver-noodle-stopper-figure\/"]}]},{"@type":"ImageObject","inLanguage":"en-GB","@id":"https:\/\/animefigurer.se\/en\/figurer\/vsinger\/vsinger-luo-tianyi-code-luo-ver-noodle-stopper-figure\/#primaryimage","url":"https:\/\/animefigurer.se\/wp-content\/uploads\/2025\/10\/6672fb85c9e57.jpeg","contentUrl":"https:\/\/animefigurer.se\/wp-content\/uploads\/2025\/10\/6672fb85c9e57.jpeg","width":720,"height":540},{"@type":"BreadcrumbList","@id":"https:\/\/animefigurer.se\/en\/figurer\/vsinger\/vsinger-luo-tianyi-code-luo-ver-noodle-stopper-figure\/#breadcrumb","itemListElement":[{"@type":"ListItem","position":1,"name":"Home","item":"https:\/\/animefigurer.se\/"},{"@type":"ListItem","position":2,"name":"Butik","item":"https:\/\/animefigurer.se\/figurer\/"},{"@type":"ListItem","position":3,"name":"Vsinger Luo Tianyi (Code Luo Ver.) Noodle Stopper Figure"}]},{"@type":"WebSite","@id":"https:\/\/animefigurer.se\/#website","url":"https:\/\/animefigurer.se\/","name":"Animefigurer.se","description":"Anime figures from over 300 different anime series with over 9000 products | Anime Shop","publisher":{"@id":"https:\/\/animefigurer.se\/#organization"},"potentialAction":[{"@type":"SearchAction","target":{"@type":"EntryPoint","urlTemplate":"https:\/\/animefigurer.se\/?s={search_term_string}"},"query-input":{"@type":"PropertyValueSpecification","valueRequired":true,"valueName":"search_term_string"}}],"inLanguage":"en-GB"},{"@type":"Organization","@id":"https:\/\/animefigurer.se\/#organization","name":"Animefigurer.se","alternateName":"Anime figurer | Anime shop","url":"https:\/\/animefigurer.se\/","logo":{"@type":"ImageObject","inLanguage":"en-GB","@id":"https:\/\/animefigurer.se\/#\/schema\/logo\/image\/","url":"https:\/\/animefigurer.se\/wp-content\/uploads\/2025\/12\/Animefigurer_logowhite.png","contentUrl":"https:\/\/animefigurer.se\/wp-content\/uploads\/2025\/12\/Animefigurer_logowhite.png","width":1890,"height":1417,"caption":"Animefigurer.se"},"image":{"@id":"https:\/\/animefigurer.se\/#\/schema\/logo\/image\/"},"sameAs":["https:\/\/www.facebook.com\/profile.php?id=61581826539670","https:\/\/www.instagram.com\/animefigurer.se\/"],"email":"info@animefigurer.se"}]}},"_links":{"self":[{"href":"https:\/\/animefigurer.se\/en\/wp-json\/wp\/v2\/product\/73577","targetHints":{"allow":["GET"]}}],"collection":[{"href":"https:\/\/animefigurer.se\/en\/wp-json\/wp\/v2\/product"}],"about":[{"href":"https:\/\/animefigurer.se\/en\/wp-json\/wp\/v2\/types\/product"}],"replies":[{"embeddable":true,"href":"https:\/\/animefigurer.se\/en\/wp-json\/wp\/v2\/comments?post=73577"}],"wp:featuredmedia":[{"embeddable":true,"href":"https:\/\/animefigurer.se\/en\/wp-json\/wp\/v2\/media\/73578"}],"wp:attachment":[{"href":"https:\/\/animefigurer.se\/en\/wp-json\/wp\/v2\/media?parent=73577"}],"wp:term":[{"taxonomy":"product_brand","embeddable":true,"href":"https:\/\/animefigurer.se\/en\/wp-json\/wp\/v2\/product_brand?post=73577"},{"taxonomy":"product_cat","embeddable":true,"href":"https:\/\/animefigurer.se\/en\/wp-json\/wp\/v2\/product_cat?post=73577"},{"taxonomy":"product_tag","embeddable":true,"href":"https:\/\/animefigurer.se\/en\/wp-json\/wp\/v2\/product_tag?post=73577"},{"taxonomy":"giftcard-category","embeddable":true,"href":"https:\/\/animefigurer.se\/en\/wp-json\/wp\/v2\/giftcard-category?post=73577"}],"curies":[{"name":"wp","href":"https:\/\/api.w.org\/{rel}","templated":true}]}}