{"id":73028,"date":"2025-10-21T16:53:32","date_gmt":"2025-10-21T14:53:32","guid":{"rendered":"https:\/\/animefigurer.se\/produkt\/urusei-yatsura-glitter-glamours-lum-ii-ver-b\/"},"modified":"2025-12-21T19:36:46","modified_gmt":"2025-12-21T18:36:46","slug":"urusei-yatsura-glitter-glamours-lum-ii-ver-b","status":"publish","type":"product","link":"https:\/\/animefigurer.se\/en\/figurer\/urusei-yatsura\/urusei-yatsura-glitter-glamors-lum-ii-ver-b\/","title":{"rendered":"Urusei Yatsura Glitter &amp; Glamours Lum II (Ver. B)"},"content":{"rendered":"<p>Lum is the main character of Urusei Yatsura: an Oni alien princess from Oniboshi who meets Ataru in a life-changing game. After mistaking Ataru&#039;s announcement as a marriage proposal, she is determined to be his wife forever. She is best known for her tiger-striped bikini, but is occasionally seen in a school uniform as she tries to adjust to life on Earth.<\/p>","protected":false},"excerpt":{"rendered":"<p>Lum is the main character of Urusei Yatsura: an Oni alien princess from Oniboshi who meets Ataru in a life-changing game. After mistaking Ataru&#039;s announcement as a marriage proposal, she is determined to be his wife forever. She is best known for her tiger-striped bikini, but is sometimes seen in <\/p>","protected":false},"featured_media":73029,"comment_status":"closed","ping_status":"open","template":"","meta":{"_acf_changed":false,"_monsterinsights_skip_tracking":false,"_monsterinsights_sitenote_active":false,"_monsterinsights_sitenote_note":"","_monsterinsights_sitenote_category":0},"product_brand":[6928],"product_cat":[5917],"product_tag":[24],"giftcard-category":[],"class_list":{"0":"post-73028","1":"product","2":"type-product","3":"status-publish","4":"has-post-thumbnail","6":"product_brand-banpresto","7":"product_cat-urusei-yatsura","8":"product_tag-2-3-weeks","9":"pa_franchise-urusei-yatsura","10":"pa_karaktar-lum","11":"pa_material-pvc-abs","12":"pa_produktserie-glitter-glamours","13":"pa_storlek-22-cm","15":"first","16":"instock","17":"taxable","18":"shipping-taxable","19":"purchasable","20":"product-type-simple"},"acf":[],"yoast_head":"<!-- This site is optimized with the Yoast SEO Premium plugin v24.6 (Yoast SEO v27.3) - https:\/\/yoast.com\/product\/yoast-seo-premium-wordpress\/ -->\n<title>Urusei Yatsura Glitter &amp; Glamours Lum II (Ver. B) | Animefigurer.se<\/title>\n<meta name=\"robots\" content=\"index, follow, max-snippet:-1, max-image-preview:large, max-video-preview:-1\" \/>\n<link rel=\"canonical\" href=\"https:\/\/animefigurer.se\/en\/figurer\/urusei-yatsura\/urusei-yatsura-glitter-glamors-lum-ii-ver-b\/\" \/>\n<meta property=\"og:locale\" content=\"en_GB\" \/>\n<meta property=\"og:type\" content=\"article\" \/>\n<meta property=\"og:title\" content=\"Urusei Yatsura Glitter &amp; Glamours Lum II (Ver. B)\" \/>\n<meta property=\"og:description\" content=\"Lum \u00e4r huvudkarakt\u00e4ren i Urusei Yatsura: en Oni-alienprinsessa fr\u00e5n Oniboshi som m\u00f6ter Ataru i ett spel som f\u00f6r\u00e4ndrar livet. Efter att ha misstolkat Atarus tillk\u00e4nnagivande som ett frieri \u00e4r hon besluten att vara hans hustru f\u00f6r alltid. Hon \u00e4r mest k\u00e4nd f\u00f6r sin tigerrandiga bikini, men ses ibland i\" \/>\n<meta property=\"og:url\" content=\"https:\/\/animefigurer.se\/en\/figurer\/urusei-yatsura\/urusei-yatsura-glitter-glamors-lum-ii-ver-b\/\" \/>\n<meta property=\"og:site_name\" content=\"Animefigurer.se\" \/>\n<meta property=\"article:publisher\" content=\"https:\/\/www.facebook.com\/profile.php?id=61581826539670\" \/>\n<meta property=\"article:modified_time\" content=\"2025-12-21T18:36:46+00:00\" \/>\n<meta property=\"og:image\" content=\"https:\/\/animefigurer.se\/wp-content\/uploads\/2025\/12\/Animefigurer_logowhite.png\" \/>\n\t<meta property=\"og:image:width\" content=\"1890\" \/>\n\t<meta property=\"og:image:height\" content=\"1417\" \/>\n\t<meta property=\"og:image:type\" content=\"image\/png\" \/>\n<meta name=\"twitter:card\" content=\"summary_large_image\" \/>\n<script type=\"application\/ld+json\" class=\"yoast-schema-graph\">{\"@context\":\"https:\\\/\\\/schema.org\",\"@graph\":[{\"@type\":\"WebPage\",\"@id\":\"https:\\\/\\\/animefigurer.se\\\/figurer\\\/urusei-yatsura\\\/urusei-yatsura-glitter-glamours-lum-ii-ver-b\\\/\",\"url\":\"https:\\\/\\\/animefigurer.se\\\/figurer\\\/urusei-yatsura\\\/urusei-yatsura-glitter-glamours-lum-ii-ver-b\\\/\",\"name\":\"Urusei Yatsura Glitter &amp; Glamours Lum II (Ver. B) | Animefigurer.se\",\"isPartOf\":{\"@id\":\"https:\\\/\\\/animefigurer.se\\\/#website\"},\"primaryImageOfPage\":{\"@id\":\"https:\\\/\\\/animefigurer.se\\\/figurer\\\/urusei-yatsura\\\/urusei-yatsura-glitter-glamours-lum-ii-ver-b\\\/#primaryimage\"},\"image\":{\"@id\":\"https:\\\/\\\/animefigurer.se\\\/figurer\\\/urusei-yatsura\\\/urusei-yatsura-glitter-glamours-lum-ii-ver-b\\\/#primaryimage\"},\"thumbnailUrl\":\"https:\\\/\\\/animefigurer.se\\\/wp-content\\\/uploads\\\/2025\\\/10\\\/654232a8187f7.jpeg\",\"datePublished\":\"2025-10-21T14:53:32+00:00\",\"dateModified\":\"2025-12-21T18:36:46+00:00\",\"breadcrumb\":{\"@id\":\"https:\\\/\\\/animefigurer.se\\\/figurer\\\/urusei-yatsura\\\/urusei-yatsura-glitter-glamours-lum-ii-ver-b\\\/#breadcrumb\"},\"inLanguage\":\"en-GB\",\"potentialAction\":[{\"@type\":\"ReadAction\",\"target\":[\"https:\\\/\\\/animefigurer.se\\\/figurer\\\/urusei-yatsura\\\/urusei-yatsura-glitter-glamours-lum-ii-ver-b\\\/\"]}]},{\"@type\":\"ImageObject\",\"inLanguage\":\"en-GB\",\"@id\":\"https:\\\/\\\/animefigurer.se\\\/figurer\\\/urusei-yatsura\\\/urusei-yatsura-glitter-glamours-lum-ii-ver-b\\\/#primaryimage\",\"url\":\"https:\\\/\\\/animefigurer.se\\\/wp-content\\\/uploads\\\/2025\\\/10\\\/654232a8187f7.jpeg\",\"contentUrl\":\"https:\\\/\\\/animefigurer.se\\\/wp-content\\\/uploads\\\/2025\\\/10\\\/654232a8187f7.jpeg\",\"width\":720,\"height\":540},{\"@type\":\"BreadcrumbList\",\"@id\":\"https:\\\/\\\/animefigurer.se\\\/figurer\\\/urusei-yatsura\\\/urusei-yatsura-glitter-glamours-lum-ii-ver-b\\\/#breadcrumb\",\"itemListElement\":[{\"@type\":\"ListItem\",\"position\":1,\"name\":\"Home\",\"item\":\"https:\\\/\\\/animefigurer.se\\\/\"},{\"@type\":\"ListItem\",\"position\":2,\"name\":\"Butik\",\"item\":\"https:\\\/\\\/animefigurer.se\\\/figurer\\\/\"},{\"@type\":\"ListItem\",\"position\":3,\"name\":\"Urusei Yatsura Glitter &amp; Glamours Lum II (Ver. B)\"}]},{\"@type\":\"WebSite\",\"@id\":\"https:\\\/\\\/animefigurer.se\\\/#website\",\"url\":\"https:\\\/\\\/animefigurer.se\\\/\",\"name\":\"Animefigurer.se\",\"description\":\"Anime figurer fr\u00e5n \u00f6ver 300 olika anime serier med \u00f6ver 9000 produkter | Anime Shop\",\"publisher\":{\"@id\":\"https:\\\/\\\/animefigurer.se\\\/#organization\"},\"potentialAction\":[{\"@type\":\"SearchAction\",\"target\":{\"@type\":\"EntryPoint\",\"urlTemplate\":\"https:\\\/\\\/animefigurer.se\\\/?s={search_term_string}\"},\"query-input\":{\"@type\":\"PropertyValueSpecification\",\"valueRequired\":true,\"valueName\":\"search_term_string\"}}],\"inLanguage\":\"en-GB\"},{\"@type\":\"Organization\",\"@id\":\"https:\\\/\\\/animefigurer.se\\\/#organization\",\"name\":\"Animefigurer.se\",\"alternateName\":\"Anime figurer | Anime shop\",\"url\":\"https:\\\/\\\/animefigurer.se\\\/\",\"logo\":{\"@type\":\"ImageObject\",\"inLanguage\":\"en-GB\",\"@id\":\"https:\\\/\\\/animefigurer.se\\\/#\\\/schema\\\/logo\\\/image\\\/\",\"url\":\"https:\\\/\\\/animefigurer.se\\\/wp-content\\\/uploads\\\/2025\\\/12\\\/Animefigurer_logowhite.png\",\"contentUrl\":\"https:\\\/\\\/animefigurer.se\\\/wp-content\\\/uploads\\\/2025\\\/12\\\/Animefigurer_logowhite.png\",\"width\":1890,\"height\":1417,\"caption\":\"Animefigurer.se\"},\"image\":{\"@id\":\"https:\\\/\\\/animefigurer.se\\\/#\\\/schema\\\/logo\\\/image\\\/\"},\"sameAs\":[\"https:\\\/\\\/www.facebook.com\\\/profile.php?id=61581826539670\",\"https:\\\/\\\/www.instagram.com\\\/animefigurer.se\\\/\"],\"email\":\"info@animefigurer.se\"}]}<\/script>\n<!-- \/ Yoast SEO Premium plugin. -->","yoast_head_json":{"title":"Urusei Yatsura Glitter &amp; Glamours Lum II (Ver. B) | Animefigurer.se","robots":{"index":"index","follow":"follow","max-snippet":"max-snippet:-1","max-image-preview":"max-image-preview:large","max-video-preview":"max-video-preview:-1"},"canonical":"https:\/\/animefigurer.se\/en\/figurer\/urusei-yatsura\/urusei-yatsura-glitter-glamors-lum-ii-ver-b\/","og_locale":"en_GB","og_type":"article","og_title":"Urusei Yatsura Glitter &amp; Glamours Lum II (Ver. B)","og_description":"Lum \u00e4r huvudkarakt\u00e4ren i Urusei Yatsura: en Oni-alienprinsessa fr\u00e5n Oniboshi som m\u00f6ter Ataru i ett spel som f\u00f6r\u00e4ndrar livet. Efter att ha misstolkat Atarus tillk\u00e4nnagivande som ett frieri \u00e4r hon besluten att vara hans hustru f\u00f6r alltid. Hon \u00e4r mest k\u00e4nd f\u00f6r sin tigerrandiga bikini, men ses ibland i","og_url":"https:\/\/animefigurer.se\/en\/figurer\/urusei-yatsura\/urusei-yatsura-glitter-glamors-lum-ii-ver-b\/","og_site_name":"Animefigurer.se","article_publisher":"https:\/\/www.facebook.com\/profile.php?id=61581826539670","article_modified_time":"2025-12-21T18:36:46+00:00","og_image":[{"width":1890,"height":1417,"url":"https:\/\/animefigurer.se\/wp-content\/uploads\/2025\/12\/Animefigurer_logowhite.png","type":"image\/png"}],"twitter_card":"summary_large_image","schema":{"@context":"https:\/\/schema.org","@graph":[{"@type":"WebPage","@id":"https:\/\/animefigurer.se\/figurer\/urusei-yatsura\/urusei-yatsura-glitter-glamours-lum-ii-ver-b\/","url":"https:\/\/animefigurer.se\/figurer\/urusei-yatsura\/urusei-yatsura-glitter-glamours-lum-ii-ver-b\/","name":"Urusei Yatsura Glitter &amp; Glamours Lum II (Ver. B) | Animefigurer.se","isPartOf":{"@id":"https:\/\/animefigurer.se\/#website"},"primaryImageOfPage":{"@id":"https:\/\/animefigurer.se\/figurer\/urusei-yatsura\/urusei-yatsura-glitter-glamours-lum-ii-ver-b\/#primaryimage"},"image":{"@id":"https:\/\/animefigurer.se\/figurer\/urusei-yatsura\/urusei-yatsura-glitter-glamours-lum-ii-ver-b\/#primaryimage"},"thumbnailUrl":"https:\/\/animefigurer.se\/wp-content\/uploads\/2025\/10\/654232a8187f7.jpeg","datePublished":"2025-10-21T14:53:32+00:00","dateModified":"2025-12-21T18:36:46+00:00","breadcrumb":{"@id":"https:\/\/animefigurer.se\/figurer\/urusei-yatsura\/urusei-yatsura-glitter-glamours-lum-ii-ver-b\/#breadcrumb"},"inLanguage":"en-GB","potentialAction":[{"@type":"ReadAction","target":["https:\/\/animefigurer.se\/figurer\/urusei-yatsura\/urusei-yatsura-glitter-glamours-lum-ii-ver-b\/"]}]},{"@type":"ImageObject","inLanguage":"en-GB","@id":"https:\/\/animefigurer.se\/figurer\/urusei-yatsura\/urusei-yatsura-glitter-glamours-lum-ii-ver-b\/#primaryimage","url":"https:\/\/animefigurer.se\/wp-content\/uploads\/2025\/10\/654232a8187f7.jpeg","contentUrl":"https:\/\/animefigurer.se\/wp-content\/uploads\/2025\/10\/654232a8187f7.jpeg","width":720,"height":540},{"@type":"BreadcrumbList","@id":"https:\/\/animefigurer.se\/figurer\/urusei-yatsura\/urusei-yatsura-glitter-glamours-lum-ii-ver-b\/#breadcrumb","itemListElement":[{"@type":"ListItem","position":1,"name":"Home","item":"https:\/\/animefigurer.se\/"},{"@type":"ListItem","position":2,"name":"Butik","item":"https:\/\/animefigurer.se\/figurer\/"},{"@type":"ListItem","position":3,"name":"Urusei Yatsura Glitter &amp; Glamours Lum II (Ver. B)"}]},{"@type":"WebSite","@id":"https:\/\/animefigurer.se\/#website","url":"https:\/\/animefigurer.se\/","name":"Animefigurer.se","description":"Anime figures from over 300 different anime series with over 9000 products | Anime Shop","publisher":{"@id":"https:\/\/animefigurer.se\/#organization"},"potentialAction":[{"@type":"SearchAction","target":{"@type":"EntryPoint","urlTemplate":"https:\/\/animefigurer.se\/?s={search_term_string}"},"query-input":{"@type":"PropertyValueSpecification","valueRequired":true,"valueName":"search_term_string"}}],"inLanguage":"en-GB"},{"@type":"Organization","@id":"https:\/\/animefigurer.se\/#organization","name":"Animefigurer.se","alternateName":"Anime figurer | Anime shop","url":"https:\/\/animefigurer.se\/","logo":{"@type":"ImageObject","inLanguage":"en-GB","@id":"https:\/\/animefigurer.se\/#\/schema\/logo\/image\/","url":"https:\/\/animefigurer.se\/wp-content\/uploads\/2025\/12\/Animefigurer_logowhite.png","contentUrl":"https:\/\/animefigurer.se\/wp-content\/uploads\/2025\/12\/Animefigurer_logowhite.png","width":1890,"height":1417,"caption":"Animefigurer.se"},"image":{"@id":"https:\/\/animefigurer.se\/#\/schema\/logo\/image\/"},"sameAs":["https:\/\/www.facebook.com\/profile.php?id=61581826539670","https:\/\/www.instagram.com\/animefigurer.se\/"],"email":"info@animefigurer.se"}]}},"_links":{"self":[{"href":"https:\/\/animefigurer.se\/en\/wp-json\/wp\/v2\/product\/73028","targetHints":{"allow":["GET"]}}],"collection":[{"href":"https:\/\/animefigurer.se\/en\/wp-json\/wp\/v2\/product"}],"about":[{"href":"https:\/\/animefigurer.se\/en\/wp-json\/wp\/v2\/types\/product"}],"replies":[{"embeddable":true,"href":"https:\/\/animefigurer.se\/en\/wp-json\/wp\/v2\/comments?post=73028"}],"wp:featuredmedia":[{"embeddable":true,"href":"https:\/\/animefigurer.se\/en\/wp-json\/wp\/v2\/media\/73029"}],"wp:attachment":[{"href":"https:\/\/animefigurer.se\/en\/wp-json\/wp\/v2\/media?parent=73028"}],"wp:term":[{"taxonomy":"product_brand","embeddable":true,"href":"https:\/\/animefigurer.se\/en\/wp-json\/wp\/v2\/product_brand?post=73028"},{"taxonomy":"product_cat","embeddable":true,"href":"https:\/\/animefigurer.se\/en\/wp-json\/wp\/v2\/product_cat?post=73028"},{"taxonomy":"product_tag","embeddable":true,"href":"https:\/\/animefigurer.se\/en\/wp-json\/wp\/v2\/product_tag?post=73028"},{"taxonomy":"giftcard-category","embeddable":true,"href":"https:\/\/animefigurer.se\/en\/wp-json\/wp\/v2\/giftcard-category?post=73028"}],"curies":[{"name":"wp","href":"https:\/\/api.w.org\/{rel}","templated":true}]}}